{"id":173804,"date":"2023-11-17T16:01:49","date_gmt":"2023-11-17T15:01:49","guid":{"rendered":"https:\/\/miomiorun.com\/prodotto\/staffa-da-tubolare-per-piccolo-diametro-virb\/"},"modified":"2025-03-06T15:52:13","modified_gmt":"2025-03-06T14:52:13","slug":"virb-rohrhalterung-mit-kleinem-durchmesser","status":"publish","type":"product","link":"https:\/\/www.miomiorun.com\/de\/produkt\/virb-rohrhalterung-mit-kleinem-durchmesser\/","title":{"rendered":"VIRB\u00ae Rohrhalterung mit kleinem Durchmesser"},"content":{"rendered":"<div class=\"vc-row container\"><div class=\"vc-column\"><div class=\"vc-column-text\">Befestigen Sie die VIRB an einem Rohrrahmen mit kleinem Durchmesser, um alle Momente Ihres Abenteuers festzuhalten. Verwenden Sie den dicken oder d\u00fcnnen Einsatz, um die Halterung perfekt anzupassen und die Action-Cam sicher in der gew\u00fcnschten Position zu befestigen.<\/p>\n<p>Flexible Rohrdurchmesser reichen von 0,35&#8243; bis 0,95&#8243; und die Halterung kann an einer Vielzahl von Rohrkonstruktionen verwendet werden, einschlie\u00dflich Skist\u00f6cken, Gewehrl\u00e4ufen und mehr. Die Halterung verf\u00fcgt \u00fcber ineinander greifende Gelenke, die einen sicheren Sitz f\u00fcr eine zuverl\u00e4ssigere, dauerhafte und vibrationsfreie Verriegelung erm\u00f6glichen.<\/div><\/div><\/div>\n","protected":false},"excerpt":{"rendered":"","protected":false},"featured_media":148945,"template":"","meta":{"_acf_changed":false,"inline_featured_image":false},"product_brand":[],"product_cat":[3344,3345],"product_tag":[3346],"class_list":{"0":"post-173804","1":"product","2":"type-product","3":"status-publish","4":"has-post-thumbnail","6":"product_cat-garmin-de","7":"product_cat-zubehoer-de-2","8":"product_tag-garmin-de","9":"pa_marca-garmin-de","10":"pa_sesso-damen","11":"pa_sesso-herren","13":"first","14":"instock","15":"sale","16":"taxable","17":"shipping-taxable","18":"purchasable","19":"product-type-simple"},"acf":[],"yoast_head":"<!-- This site is optimized with the Yoast SEO plugin v26.8 - https:\/\/yoast.com\/product\/yoast-seo-wordpress\/ -->\n<title>Garmin VIRB\u00ae Rohrhalterung mit kleinem Durchmesser - garmin zubeh\u00f6r - MioMioRun<\/title>\n<meta name=\"description\" content=\"Installieren Sie die VIRB auf einem Rohrrahmen mit kleinem Durchmesser, um alle Momente Ihres Abenteuers festzuhalten. Befestigung f\u00fcr eine zuverl\u00e4ssigere Sicherung.\" \/>\n<meta name=\"robots\" content=\"index, follow, max-snippet:-1, max-image-preview:large, max-video-preview:-1\" \/>\n<link rel=\"canonical\" href=\"https:\/\/www.miomiorun.com\/de\/produkt\/virb-rohrhalterung-mit-kleinem-durchmesser\/\" \/>\n<meta property=\"og:locale\" content=\"de_DE\" \/>\n<meta property=\"og:type\" content=\"article\" \/>\n<meta property=\"og:title\" content=\"Garmin VIRB\u00ae Rohrhalterung mit kleinem Durchmesser - garmin zubeh\u00f6r - MioMioRun\" \/>\n<meta property=\"og:description\" content=\"Installieren Sie die VIRB auf einem Rohrrahmen mit kleinem Durchmesser, um alle Momente Ihres Abenteuers festzuhalten. Befestigung f\u00fcr eine zuverl\u00e4ssigere Sicherung.\" \/>\n<meta property=\"og:url\" content=\"https:\/\/www.miomiorun.com\/de\/produkt\/virb-rohrhalterung-mit-kleinem-durchmesser\/\" \/>\n<meta property=\"og:site_name\" content=\"MioMioRun\" \/>\n<meta property=\"article:publisher\" content=\"https:\/\/www.facebook.com\/miomiorun\/\" \/>\n<meta property=\"article:modified_time\" content=\"2025-03-06T14:52:13+00:00\" \/>\n<meta property=\"og:image\" content=\"https:\/\/www.miomiorun.com\/app\/uploads\/2023\/11\/garmin-STAFFA-VIRB-010-11921-15.jpg\" \/>\n\t<meta property=\"og:image:width\" content=\"600\" \/>\n\t<meta property=\"og:image:height\" content=\"600\" \/>\n\t<meta property=\"og:image:type\" content=\"image\/jpeg\" \/>\n<meta name=\"twitter:card\" content=\"summary_large_image\" \/>\n<meta name=\"twitter:label1\" content=\"Est. reading time\" \/>\n\t<meta name=\"twitter:data1\" content=\"1 minute\" \/>\n<script type=\"application\/ld+json\" class=\"yoast-schema-graph\">{\"@context\":\"https:\/\/schema.org\",\"@graph\":[{\"@type\":\"WebPage\",\"@id\":\"https:\/\/www.miomiorun.com\/de\/produkt\/virb-rohrhalterung-mit-kleinem-durchmesser\/\",\"url\":\"https:\/\/www.miomiorun.com\/de\/produkt\/virb-rohrhalterung-mit-kleinem-durchmesser\/\",\"name\":\"Garmin VIRB\u00ae Rohrhalterung mit kleinem Durchmesser - garmin zubeh\u00f6r - MioMioRun\",\"isPartOf\":{\"@id\":\"https:\/\/www.miomiorun.com\/de\/#website\"},\"primaryImageOfPage\":{\"@id\":\"https:\/\/www.miomiorun.com\/de\/produkt\/virb-rohrhalterung-mit-kleinem-durchmesser\/#primaryimage\"},\"image\":{\"@id\":\"https:\/\/www.miomiorun.com\/de\/produkt\/virb-rohrhalterung-mit-kleinem-durchmesser\/#primaryimage\"},\"thumbnailUrl\":\"https:\/\/www.miomiorun.com\/app\/uploads\/2023\/11\/garmin-STAFFA-VIRB-010-11921-15.jpg\",\"datePublished\":\"2023-11-17T15:01:49+00:00\",\"dateModified\":\"2025-03-06T14:52:13+00:00\",\"description\":\"Installieren Sie die VIRB auf einem Rohrrahmen mit kleinem Durchmesser, um alle Momente Ihres Abenteuers festzuhalten. Befestigung f\u00fcr eine zuverl\u00e4ssigere Sicherung.\",\"breadcrumb\":{\"@id\":\"https:\/\/www.miomiorun.com\/de\/produkt\/virb-rohrhalterung-mit-kleinem-durchmesser\/#breadcrumb\"},\"inLanguage\":\"de-DE\",\"potentialAction\":[{\"@type\":\"ReadAction\",\"target\":[\"https:\/\/www.miomiorun.com\/de\/produkt\/virb-rohrhalterung-mit-kleinem-durchmesser\/\"]}]},{\"@type\":\"ImageObject\",\"inLanguage\":\"de-DE\",\"@id\":\"https:\/\/www.miomiorun.com\/de\/produkt\/virb-rohrhalterung-mit-kleinem-durchmesser\/#primaryimage\",\"url\":\"https:\/\/www.miomiorun.com\/app\/uploads\/2023\/11\/garmin-STAFFA-VIRB-010-11921-15.jpg\",\"contentUrl\":\"https:\/\/www.miomiorun.com\/app\/uploads\/2023\/11\/garmin-STAFFA-VIRB-010-11921-15.jpg\",\"width\":600,\"height\":600,\"caption\":\"garmin-STAFFA-VIRB-010-11921-15\"},{\"@type\":\"BreadcrumbList\",\"@id\":\"https:\/\/www.miomiorun.com\/de\/produkt\/virb-rohrhalterung-mit-kleinem-durchmesser\/#breadcrumb\",\"itemListElement\":[{\"@type\":\"ListItem\",\"position\":1,\"name\":\"Home\",\"item\":\"https:\/\/www.miomiorun.com\/de\/\"},{\"@type\":\"ListItem\",\"position\":2,\"name\":\"Shop\",\"item\":\"https:\/\/www.miomiorun.com\/shop\/\"},{\"@type\":\"ListItem\",\"position\":3,\"name\":\"VIRB\u00ae Rohrhalterung mit kleinem Durchmesser\"}]},{\"@type\":\"WebSite\",\"@id\":\"https:\/\/www.miomiorun.com\/de\/#website\",\"url\":\"https:\/\/www.miomiorun.com\/de\/\",\"name\":\"MioMioRun\",\"description\":\"100% Lauf- und Trailshop\",\"publisher\":{\"@id\":\"https:\/\/www.miomiorun.com\/de\/#organization\"},\"potentialAction\":[{\"@type\":\"SearchAction\",\"target\":{\"@type\":\"EntryPoint\",\"urlTemplate\":\"https:\/\/www.miomiorun.com\/de\/?s={search_term_string}\"},\"query-input\":{\"@type\":\"PropertyValueSpecification\",\"valueRequired\":true,\"valueName\":\"search_term_string\"}}],\"inLanguage\":\"de-DE\"},{\"@type\":\"Organization\",\"@id\":\"https:\/\/www.miomiorun.com\/de\/#organization\",\"name\":\"MioMio Run\",\"url\":\"https:\/\/www.miomiorun.com\/de\/\",\"logo\":{\"@type\":\"ImageObject\",\"inLanguage\":\"de-DE\",\"@id\":\"https:\/\/www.miomiorun.com\/de\/#\/schema\/logo\/image\/\",\"url\":\"https:\/\/www.miomiorun.com\/app\/uploads\/2019\/12\/logomio.png\",\"contentUrl\":\"https:\/\/www.miomiorun.com\/app\/uploads\/2019\/12\/logomio.png\",\"width\":115,\"height\":82,\"caption\":\"MioMio Run\"},\"image\":{\"@id\":\"https:\/\/www.miomiorun.com\/de\/#\/schema\/logo\/image\/\"},\"sameAs\":[\"https:\/\/www.facebook.com\/miomiorun\/\",\"https:\/\/www.instagram.com\/miomiorun\/\"]}]}<\/script>\n<!-- \/ Yoast SEO plugin. -->","yoast_head_json":{"title":"Garmin VIRB\u00ae Rohrhalterung mit kleinem Durchmesser - garmin zubeh\u00f6r - MioMioRun","description":"Installieren Sie die VIRB auf einem Rohrrahmen mit kleinem Durchmesser, um alle Momente Ihres Abenteuers festzuhalten. Befestigung f\u00fcr eine zuverl\u00e4ssigere Sicherung.","robots":{"index":"index","follow":"follow","max-snippet":"max-snippet:-1","max-image-preview":"max-image-preview:large","max-video-preview":"max-video-preview:-1"},"canonical":"https:\/\/www.miomiorun.com\/de\/produkt\/virb-rohrhalterung-mit-kleinem-durchmesser\/","og_locale":"de_DE","og_type":"article","og_title":"Garmin VIRB\u00ae Rohrhalterung mit kleinem Durchmesser - garmin zubeh\u00f6r - MioMioRun","og_description":"Installieren Sie die VIRB auf einem Rohrrahmen mit kleinem Durchmesser, um alle Momente Ihres Abenteuers festzuhalten. Befestigung f\u00fcr eine zuverl\u00e4ssigere Sicherung.","og_url":"https:\/\/www.miomiorun.com\/de\/produkt\/virb-rohrhalterung-mit-kleinem-durchmesser\/","og_site_name":"MioMioRun","article_publisher":"https:\/\/www.facebook.com\/miomiorun\/","article_modified_time":"2025-03-06T14:52:13+00:00","og_image":[{"width":600,"height":600,"url":"https:\/\/www.miomiorun.com\/app\/uploads\/2023\/11\/garmin-STAFFA-VIRB-010-11921-15.jpg","type":"image\/jpeg"}],"twitter_card":"summary_large_image","twitter_misc":{"Est. reading time":"1 minute"},"schema":{"@context":"https:\/\/schema.org","@graph":[{"@type":"WebPage","@id":"https:\/\/www.miomiorun.com\/de\/produkt\/virb-rohrhalterung-mit-kleinem-durchmesser\/","url":"https:\/\/www.miomiorun.com\/de\/produkt\/virb-rohrhalterung-mit-kleinem-durchmesser\/","name":"Garmin VIRB\u00ae Rohrhalterung mit kleinem Durchmesser - garmin zubeh\u00f6r - MioMioRun","isPartOf":{"@id":"https:\/\/www.miomiorun.com\/de\/#website"},"primaryImageOfPage":{"@id":"https:\/\/www.miomiorun.com\/de\/produkt\/virb-rohrhalterung-mit-kleinem-durchmesser\/#primaryimage"},"image":{"@id":"https:\/\/www.miomiorun.com\/de\/produkt\/virb-rohrhalterung-mit-kleinem-durchmesser\/#primaryimage"},"thumbnailUrl":"https:\/\/www.miomiorun.com\/app\/uploads\/2023\/11\/garmin-STAFFA-VIRB-010-11921-15.jpg","datePublished":"2023-11-17T15:01:49+00:00","dateModified":"2025-03-06T14:52:13+00:00","description":"Installieren Sie die VIRB auf einem Rohrrahmen mit kleinem Durchmesser, um alle Momente Ihres Abenteuers festzuhalten. Befestigung f\u00fcr eine zuverl\u00e4ssigere Sicherung.","breadcrumb":{"@id":"https:\/\/www.miomiorun.com\/de\/produkt\/virb-rohrhalterung-mit-kleinem-durchmesser\/#breadcrumb"},"inLanguage":"de-DE","potentialAction":[{"@type":"ReadAction","target":["https:\/\/www.miomiorun.com\/de\/produkt\/virb-rohrhalterung-mit-kleinem-durchmesser\/"]}]},{"@type":"ImageObject","inLanguage":"de-DE","@id":"https:\/\/www.miomiorun.com\/de\/produkt\/virb-rohrhalterung-mit-kleinem-durchmesser\/#primaryimage","url":"https:\/\/www.miomiorun.com\/app\/uploads\/2023\/11\/garmin-STAFFA-VIRB-010-11921-15.jpg","contentUrl":"https:\/\/www.miomiorun.com\/app\/uploads\/2023\/11\/garmin-STAFFA-VIRB-010-11921-15.jpg","width":600,"height":600,"caption":"garmin-STAFFA-VIRB-010-11921-15"},{"@type":"BreadcrumbList","@id":"https:\/\/www.miomiorun.com\/de\/produkt\/virb-rohrhalterung-mit-kleinem-durchmesser\/#breadcrumb","itemListElement":[{"@type":"ListItem","position":1,"name":"Home","item":"https:\/\/www.miomiorun.com\/de\/"},{"@type":"ListItem","position":2,"name":"Shop","item":"https:\/\/www.miomiorun.com\/shop\/"},{"@type":"ListItem","position":3,"name":"VIRB\u00ae Rohrhalterung mit kleinem Durchmesser"}]},{"@type":"WebSite","@id":"https:\/\/www.miomiorun.com\/de\/#website","url":"https:\/\/www.miomiorun.com\/de\/","name":"MioMioRun","description":"100% Lauf- und Trailshop","publisher":{"@id":"https:\/\/www.miomiorun.com\/de\/#organization"},"potentialAction":[{"@type":"SearchAction","target":{"@type":"EntryPoint","urlTemplate":"https:\/\/www.miomiorun.com\/de\/?s={search_term_string}"},"query-input":{"@type":"PropertyValueSpecification","valueRequired":true,"valueName":"search_term_string"}}],"inLanguage":"de-DE"},{"@type":"Organization","@id":"https:\/\/www.miomiorun.com\/de\/#organization","name":"MioMio Run","url":"https:\/\/www.miomiorun.com\/de\/","logo":{"@type":"ImageObject","inLanguage":"de-DE","@id":"https:\/\/www.miomiorun.com\/de\/#\/schema\/logo\/image\/","url":"https:\/\/www.miomiorun.com\/app\/uploads\/2019\/12\/logomio.png","contentUrl":"https:\/\/www.miomiorun.com\/app\/uploads\/2019\/12\/logomio.png","width":115,"height":82,"caption":"MioMio Run"},"image":{"@id":"https:\/\/www.miomiorun.com\/de\/#\/schema\/logo\/image\/"},"sameAs":["https:\/\/www.facebook.com\/miomiorun\/","https:\/\/www.instagram.com\/miomiorun\/"]}]}},"_links":{"self":[{"href":"https:\/\/www.miomiorun.com\/de\/wp-json\/wp\/v2\/product\/173804","targetHints":{"allow":["GET"]}}],"collection":[{"href":"https:\/\/www.miomiorun.com\/de\/wp-json\/wp\/v2\/product"}],"about":[{"href":"https:\/\/www.miomiorun.com\/de\/wp-json\/wp\/v2\/types\/product"}],"wp:featuredmedia":[{"embeddable":true,"href":"https:\/\/www.miomiorun.com\/de\/wp-json\/wp\/v2\/media\/148945"}],"wp:attachment":[{"href":"https:\/\/www.miomiorun.com\/de\/wp-json\/wp\/v2\/media?parent=173804"}],"wp:term":[{"taxonomy":"product_brand","embeddable":true,"href":"https:\/\/www.miomiorun.com\/de\/wp-json\/wp\/v2\/product_brand?post=173804"},{"taxonomy":"product_cat","embeddable":true,"href":"https:\/\/www.miomiorun.com\/de\/wp-json\/wp\/v2\/product_cat?post=173804"},{"taxonomy":"product_tag","embeddable":true,"href":"https:\/\/www.miomiorun.com\/de\/wp-json\/wp\/v2\/product_tag?post=173804"}],"curies":[{"name":"wp","href":"https:\/\/api.w.org\/{rel}","templated":true}]}}