{"id":173752,"date":"2020-05-11T18:52:26","date_gmt":"2020-05-11T16:52:26","guid":{"rendered":"https:\/\/miomiorun.com\/prodotto\/tacx-flux-s-smart-trainer\/"},"modified":"2025-07-01T10:24:06","modified_gmt":"2025-07-01T08:24:06","slug":"tacx-flux-s-smart-trainer","status":"publish","type":"product","link":"https:\/\/www.miomiorun.com\/de\/produkt\/tacx-flux-s-smart-trainer\/","title":{"rendered":"FLUX S Smart Trainer"},"content":{"rendered":"<p><div class=\"vc-row container\"><div class=\"vc-column\"><div class=\"vc-column-text\"><\/p>\n<h2 class=\"app__overview__intro__title light center\" data-test=\"gc__heading\" data-v-5b9e0d04=\"\">EIN INTELLIGENTER TRAINER MIT VOLLER FUNKTIONALIT\u00c4T<\/h2>\n<div class=\"app__overview__intro__description gc__copy gc__copy--light gc__copy--center gc__copy--large\" data-test=\"gc__copy\" data-v-f2ba670e=\"\">\n<p>Sie suchen einen smarten Trainer mit Direkt\u00fcbertragung? Der FLUX S Smart ist der ideale Begleiter f\u00fcr das Indoor-Training, der mit Ihren Lieblings-Apps kompatibel ist.<\/p>\n<\/div>\n<p><\/div><\/div><\/div><div class=\"vc-row container\"><div class=\"vc-column\"><div class=\"vc-column-text\"><\/p>\n<div class=\"app__feature__card\">\n<p><img decoding=\"async\" class=\"app__feature__card__image\" src=\"https:\/\/static.garmincdn.com\/gdc\/Product_Pages\/ICONS\/Measure_Data.svg\" alt=\"\" \/><\/p>\n<h3 class=\"app__feature__card__title light left\" data-test=\"gc__heading\" data-v-5b9e0d04=\"\"><\/h3>\n<p class=\"app__feature__card__description\">Das ist wichtig f\u00fcr Sie. Deshalb messen wir Ihre Daten mit einer Genauigkeit von 3 %.<\/p>\n<\/div>\n<p><\/div><\/div><div class=\"vc-column\"><div class=\"vc-column-text\"><\/p>\n<div class=\"app__feature__card\">\n<p><img decoding=\"async\" class=\"app__feature__card__image\" src=\"https:\/\/static.garmincdn.com\/gdc\/Product_Pages\/ICONS\/Silent_Internal_Design.svg\" alt=\"\" \/><\/p>\n<h3 class=\"app__feature__card__title light left\" data-test=\"gc__heading\" data-v-5b9e0d04=\"\"><\/h3>\n<p class=\"app__feature__card__description\">Treten Sie weiter in die Pedale, ohne an Erm\u00fcdung zu denken. Dieser Trainer ist extrem leise<\/p>\n<\/div>\n<p><\/div><\/div><div class=\"vc-column\"><div class=\"vc-column-text\"><\/p>\n<div class=\"app__feature__card\">\n<p><img decoding=\"async\" class=\"app__feature__card__image\" src=\"https:\/\/static.garmincdn.com\/gdc\/Product_Pages\/ICONS\/Compatible_with_3rd_Party_Apps.svg\" alt=\"\" \/><\/p>\n<h3 class=\"app__feature__card__title light left\" data-test=\"gc__heading\" data-v-5b9e0d04=\"\"><\/h3>\n<p class=\"app__feature__card__description\">Erklimme die Bestenliste mit deinen Lieblings-Apps, einschlie\u00dflich Zwift und Tacx<\/p>\n<\/div>\n<p><\/div><\/div><div class=\"vc-column\"><div class=\"vc-column-text\"><\/p>\n<div class=\"app__feature__card\">\n<p><img decoding=\"async\" class=\"app__feature__card__image\" src=\"https:\/\/static.garmincdn.com\/gdc\/Product_Pages\/ICONS\/Simulate_Inclines.svg\" alt=\"\" \/><\/p>\n<h3 class=\"app__feature__card__title light left\" data-test=\"gc__heading\" data-v-5b9e0d04=\"\"><\/h3>\n<p class=\"app__feature__card__description\">Verschlingen Sie den Asphalt. Simulierte Steigungen k\u00f6nnen Ihre explosivsten Sprints aushalten<\/p>\n<\/div>\n<p><\/div><\/div><div class=\"vc-column\"><div class=\"vc-column-text\"><\/p>\n<div class=\"app__feature__card\">\n<p><img decoding=\"async\" class=\"app__feature__card__image\" src=\"https:\/\/static.garmincdn.com\/gdc\/Product_Pages\/ICONS\/stride-length.svg\" alt=\"\" \/><\/p>\n<h3 class=\"app__feature__card__title light left\" data-test=\"gc__heading\" data-v-5b9e0d04=\"\"><\/h3>\n<p class=\"app__feature__card__description\">Treten Sie im Sitzen oder Stehen in die Pedale. Mit diesem Trainer k\u00f6nnen Sie dies tun<\/p>\n<\/div>\n<p><\/div><\/div><\/div><div class=\"vc-row container\"><div class=\"vc-column\"><div class=\"vc-column-text\"><\/p>\n<div class=\"app__feature__card\">\n<h3 class=\"app__feature__card__title light left\" data-test=\"gc__heading\" data-v-5b9e0d04=\"\">GENAU UND ZUVERL\u00c4SSIG<\/h3>\n<p class=\"app__feature__card__description\">Verfolgen Sie Ihre Leistung und Ihren Fortschritt mit zuverl\u00e4ssigen und konsistenten Messungen. Umfasst Leistung, Geschwindigkeit und Trittfrequenz, die mit einer Genauigkeit von bis zu 3 % gemessen werden.<\/p>\n<\/div>\n<p><\/div><\/div><div class=\"vc-column\"><div class=\"vc-column-text\"><\/p>\n<div class=\"app__feature__card\">\n<h3 class=\"app__feature__card__title light left\" data-test=\"gc__heading\" data-v-5b9e0d04=\"\">BEREIT ZUM SPRINTEN<\/h3>\n<p class=\"app__feature__card__description\">Das ausgewogene Design und die gro\u00dfe Stellfl\u00e4che des FLUX S Smart Trainers garantieren maximale Stabilit\u00e4t, selbst bei den explosivsten Sprints mit bis zu 1.500 Watt.<\/p>\n<\/div>\n<p><\/div><\/div><div class=\"vc-column\"><div class=\"vc-column-text\"><\/p>\n<div class=\"app__feature__card\">\n<h3 class=\"app__feature__card__title light left\" data-test=\"gc__heading\" data-v-5b9e0d04=\"\">PEDAL HIGHER<\/h3>\n<p class=\"app__feature__card__description\">Holen Sie das Beste aus Ihren intensivsten Trainingseinheiten heraus, indem Sie auf realistisch simulierten Steigungen mit bis zu 10 % Steigung trainieren.<\/p>\n<\/div>\n<p><\/div><\/div><div class=\"vc-column\"><div class=\"vc-column-text\"><\/p>\n<div class=\"app__feature__card\">\n<h3 class=\"app__feature__card__title light left\" data-test=\"gc__heading\" data-v-5b9e0d04=\"\">REALISTISCHERES PEDALIEREN<\/h3>\n<p class=\"app__feature__card__description\">Ein schweres Schwungrad mit einem Gewicht von 7 kg sorgt f\u00fcr ein realistisches Pedaliergef\u00fchl und ein gutes Ansprechverhalten.<\/p>\n<\/div>\n<p><\/div><\/div><div class=\"vc-column\"><div class=\"vc-column-text\"><\/p>\n<div class=\"app__feature__card\">\n<h3 class=\"app__feature__card__title light left\" data-test=\"gc__heading\" data-v-5b9e0d04=\"\">SANFT UND LEISE<\/h3>\n<p class=\"app__feature__card__description\">Dieser Fahrradtrainer mit Direktantrieb wurde entwickelt, um Vibrationen zu minimieren, was ihn zu einem der leisesten Fahrradtrainer mit Schwungrad auf dem Markt macht.<\/p>\n<\/div>\n<p><\/div><\/div><\/div><div class=\"vc-row container\"><div class=\"vc-column\"><div class=\"vc-column-text\"><\/p>\n<div class=\"app__feature__card\">\n<h3 class=\"app__feature__card__title light left\" data-test=\"gc__heading\" data-v-5b9e0d04=\"\">HOHE KOMPATIBILIT\u00c4T<\/h3>\n<p class=\"app__feature__card__description\">Der FLUX S Smart kommuniziert \u00fcber <sup>Bluetooth\u00ae<\/sup> Smart-Technologie und das <sup>ANT+\u00ae<\/sup> FE-C-Protokoll und ist daher mit einer Reihe beliebter Trainings-Apps wie TrainerRoad und Zwift kompatibel.<\/p>\n<\/div>\n<p><\/div><\/div><div class=\"vc-column\"><div class=\"vc-column-text\"><\/p>\n<div class=\"app__feature__card\">\n<h3 class=\"app__feature__card__title light left\" data-test=\"gc__heading\" data-v-5b9e0d04=\"\">AUTONOMER MODUS<\/h3>\n<p class=\"app__feature__card__description\">Sie k\u00f6nnen den Trainingsroller im autonomen Modus verwenden. Wenn er nicht angeschlossen ist, simuliert er eine flache Stra\u00dfe; je schneller Sie in die Pedale treten, desto gr\u00f6\u00dfer ist der Widerstand.<\/p>\n<\/div>\n<p><\/div><\/div><div class=\"vc-column\"><div class=\"vc-column-text\"><\/p>\n<div class=\"app__feature__card\">\n<h3 class=\"app__feature__card__title light left\" data-test=\"gc__heading\" data-v-5b9e0d04=\"\">GER\u00c4TEKOMPATIBILIT\u00c4T<\/h3>\n<p class=\"app__feature__card__description\">Schlie\u00dfen Sie FLUX S Smart an mehrere Ger\u00e4te gleichzeitig an, um die Tacx-Software zu nutzen und Ihre Leistung gleichzeitig auf dem <a href=\"https:\/\/buy.garmin.com\/it-IT\/IT\/cCycling-p1.html?series=BRAND482&amp;sorter=featuredProducts-des\">Garmin-Radcomputer<\/a> zu verfolgen.<\/p>\n<\/div>\n<p><\/div><\/div><div class=\"vc-column\"><div class=\"vc-column-text\"><\/p>\n<div class=\"app__feature__card\">\n<h3 class=\"app__feature__card__title light left\" data-test=\"gc__heading\" data-v-5b9e0d04=\"\">TACX TRAINING SOFTWARE<\/h3>\n<p class=\"app__feature__card__description\">Profitieren Sie von einem umfassenden <a href=\"https:\/\/tacx.com\/product\/tacx-software-features\/\">Satz von<\/a> \u00fcber 100 hochwertigen Videos, mit denen Sie den Rausch der steilen Gipfel der Alpen oder der gepflasterten Stra\u00dfen von Mailand erleben k\u00f6nnen.<\/p>\n<\/div>\n<p><\/div><\/div><div class=\"vc-column\"><div class=\"vc-column-text\"><\/p>\n<div class=\"app__feature__card\">\n<h3 class=\"app__feature__card__title light left\" data-test=\"gc__heading\" data-v-5b9e0d04=\"\">TACX-TRAININGSPL\u00c4NE<\/h3>\n<p class=\"app__feature__card__description\">Profitieren Sie von strukturierten Trainingspl\u00e4nen, die auf Ihr Fitnessniveau abgestimmt sind und Ihnen helfen, Ihre Ziele zu erreichen. Messen Sie sich mit anderen in Echtzeit, laden Sie GPS-Daten hoch, fahren Sie mit 3D-Karten und vieles mehr.<\/p>\n<\/div>\n<p><\/div><\/div><\/div><\/p>\n","protected":false},"excerpt":{"rendered":"<p>&nbsp;<\/p>\n<h3 id=\"acquistatacxfluxsehaiinomaggio\">Kaufen Sie den Tacx FLUX S und erhalten Sie gratis:<\/h3>\n<ul>\n<li>6-monatiges Premium-Abonnement f\u00fcr die Tacx <sup>Training\u2122<\/sup> App<\/li>\n<li><sup>HRM-Dual\u2122<\/sup><\/li>\n<li>Wasserflasche<\/li>\n<\/ul>\n<p>&nbsp;<\/p>\n","protected":false},"featured_media":52020,"template":"","meta":{"_acf_changed":false,"inline_featured_image":false},"product_brand":[],"product_cat":[3344,6351],"product_tag":[3346,6285],"class_list":{"0":"post-173752","1":"product","2":"type-product","3":"status-publish","4":"has-post-thumbnail","6":"product_cat-garmin-de","7":"product_cat-indoor-trainer-de","8":"product_tag-garmin-de","9":"product_tag-tacx-de","10":"pa_marca-tacx-de","11":"pa_sesso-damen","12":"pa_sesso-herren","14":"first","15":"instock","16":"sale","17":"taxable","18":"shipping-taxable","19":"purchasable","20":"product-type-simple"},"acf":[],"yoast_head":"<!-- This site is optimized with the Yoast SEO plugin v26.8 - https:\/\/yoast.com\/product\/yoast-seo-wordpress\/ -->\n<title>FLUX S Smart Trainer - Interaktive Rollen - MioMioRun<\/title>\n<meta name=\"description\" content=\"Sie suchen einen smarten Trainer mit Direkt\u00fcbertragung? Der FLUX S Smart ist der ideale Begleiter f\u00fcr das Indoor-Training, der mit Ihren Lieblings-Apps kompatibel ist.\" \/>\n<meta name=\"robots\" content=\"index, follow, max-snippet:-1, max-image-preview:large, max-video-preview:-1\" \/>\n<link rel=\"canonical\" href=\"https:\/\/www.miomiorun.com\/de\/produkt\/tacx-flux-s-smart-trainer\/\" \/>\n<meta property=\"og:locale\" content=\"de_DE\" \/>\n<meta property=\"og:type\" content=\"article\" \/>\n<meta property=\"og:title\" content=\"FLUX S Smart Trainer - Interaktive Rollen - MioMioRun\" \/>\n<meta property=\"og:description\" content=\"Sie suchen einen smarten Trainer mit Direkt\u00fcbertragung? Der FLUX S Smart ist der ideale Begleiter f\u00fcr das Indoor-Training, der mit Ihren Lieblings-Apps kompatibel ist.\" \/>\n<meta property=\"og:url\" content=\"https:\/\/www.miomiorun.com\/de\/produkt\/tacx-flux-s-smart-trainer\/\" \/>\n<meta property=\"og:site_name\" content=\"MioMioRun\" \/>\n<meta property=\"article:publisher\" content=\"https:\/\/www.facebook.com\/miomiorun\/\" \/>\n<meta property=\"article:modified_time\" content=\"2025-07-01T08:24:06+00:00\" \/>\n<meta property=\"og:image\" content=\"https:\/\/www.miomiorun.com\/app\/uploads\/2020\/05\/Tacx-FLUX-S-Smart-Trainer-.jpg\" \/>\n\t<meta property=\"og:image:width\" content=\"600\" \/>\n\t<meta property=\"og:image:height\" content=\"600\" \/>\n\t<meta property=\"og:image:type\" content=\"image\/jpeg\" \/>\n<meta name=\"twitter:card\" content=\"summary_large_image\" \/>\n<meta name=\"twitter:label1\" content=\"Est. reading time\" \/>\n\t<meta name=\"twitter:data1\" content=\"3 minutes\" \/>\n<script type=\"application\/ld+json\" class=\"yoast-schema-graph\">{\"@context\":\"https:\/\/schema.org\",\"@graph\":[{\"@type\":\"WebPage\",\"@id\":\"https:\/\/www.miomiorun.com\/de\/produkt\/tacx-flux-s-smart-trainer\/\",\"url\":\"https:\/\/www.miomiorun.com\/de\/produkt\/tacx-flux-s-smart-trainer\/\",\"name\":\"FLUX S Smart Trainer - Interaktive Rollen - MioMioRun\",\"isPartOf\":{\"@id\":\"https:\/\/www.miomiorun.com\/de\/#website\"},\"primaryImageOfPage\":{\"@id\":\"https:\/\/www.miomiorun.com\/de\/produkt\/tacx-flux-s-smart-trainer\/#primaryimage\"},\"image\":{\"@id\":\"https:\/\/www.miomiorun.com\/de\/produkt\/tacx-flux-s-smart-trainer\/#primaryimage\"},\"thumbnailUrl\":\"https:\/\/www.miomiorun.com\/app\/uploads\/2020\/05\/Tacx-FLUX-S-Smart-Trainer-.jpg\",\"datePublished\":\"2020-05-11T16:52:26+00:00\",\"dateModified\":\"2025-07-01T08:24:06+00:00\",\"description\":\"Sie suchen einen smarten Trainer mit Direkt\u00fcbertragung? Der FLUX S Smart ist der ideale Begleiter f\u00fcr das Indoor-Training, der mit Ihren Lieblings-Apps kompatibel ist.\",\"breadcrumb\":{\"@id\":\"https:\/\/www.miomiorun.com\/de\/produkt\/tacx-flux-s-smart-trainer\/#breadcrumb\"},\"inLanguage\":\"de-DE\",\"potentialAction\":[{\"@type\":\"ReadAction\",\"target\":[\"https:\/\/www.miomiorun.com\/de\/produkt\/tacx-flux-s-smart-trainer\/\"]}]},{\"@type\":\"ImageObject\",\"inLanguage\":\"de-DE\",\"@id\":\"https:\/\/www.miomiorun.com\/de\/produkt\/tacx-flux-s-smart-trainer\/#primaryimage\",\"url\":\"https:\/\/www.miomiorun.com\/app\/uploads\/2020\/05\/Tacx-FLUX-S-Smart-Trainer-.jpg\",\"contentUrl\":\"https:\/\/www.miomiorun.com\/app\/uploads\/2020\/05\/Tacx-FLUX-S-Smart-Trainer-.jpg\",\"width\":600,\"height\":600,\"caption\":\"Tacx FLUX S Smart Trainer\"},{\"@type\":\"BreadcrumbList\",\"@id\":\"https:\/\/www.miomiorun.com\/de\/produkt\/tacx-flux-s-smart-trainer\/#breadcrumb\",\"itemListElement\":[{\"@type\":\"ListItem\",\"position\":1,\"name\":\"Home\",\"item\":\"https:\/\/www.miomiorun.com\/de\/\"},{\"@type\":\"ListItem\",\"position\":2,\"name\":\"Shop\",\"item\":\"https:\/\/www.miomiorun.com\/shop\/\"},{\"@type\":\"ListItem\",\"position\":3,\"name\":\"FLUX S Smart Trainer\"}]},{\"@type\":\"WebSite\",\"@id\":\"https:\/\/www.miomiorun.com\/de\/#website\",\"url\":\"https:\/\/www.miomiorun.com\/de\/\",\"name\":\"MioMioRun\",\"description\":\"100% Lauf- und Trailshop\",\"publisher\":{\"@id\":\"https:\/\/www.miomiorun.com\/de\/#organization\"},\"potentialAction\":[{\"@type\":\"SearchAction\",\"target\":{\"@type\":\"EntryPoint\",\"urlTemplate\":\"https:\/\/www.miomiorun.com\/de\/?s={search_term_string}\"},\"query-input\":{\"@type\":\"PropertyValueSpecification\",\"valueRequired\":true,\"valueName\":\"search_term_string\"}}],\"inLanguage\":\"de-DE\"},{\"@type\":\"Organization\",\"@id\":\"https:\/\/www.miomiorun.com\/de\/#organization\",\"name\":\"MioMio Run\",\"url\":\"https:\/\/www.miomiorun.com\/de\/\",\"logo\":{\"@type\":\"ImageObject\",\"inLanguage\":\"de-DE\",\"@id\":\"https:\/\/www.miomiorun.com\/de\/#\/schema\/logo\/image\/\",\"url\":\"https:\/\/www.miomiorun.com\/app\/uploads\/2019\/12\/logomio.png\",\"contentUrl\":\"https:\/\/www.miomiorun.com\/app\/uploads\/2019\/12\/logomio.png\",\"width\":115,\"height\":82,\"caption\":\"MioMio Run\"},\"image\":{\"@id\":\"https:\/\/www.miomiorun.com\/de\/#\/schema\/logo\/image\/\"},\"sameAs\":[\"https:\/\/www.facebook.com\/miomiorun\/\",\"https:\/\/www.instagram.com\/miomiorun\/\"]}]}<\/script>\n<!-- \/ Yoast SEO plugin. -->","yoast_head_json":{"title":"FLUX S Smart Trainer - Interaktive Rollen - MioMioRun","description":"Sie suchen einen smarten Trainer mit Direkt\u00fcbertragung? Der FLUX S Smart ist der ideale Begleiter f\u00fcr das Indoor-Training, der mit Ihren Lieblings-Apps kompatibel ist.","robots":{"index":"index","follow":"follow","max-snippet":"max-snippet:-1","max-image-preview":"max-image-preview:large","max-video-preview":"max-video-preview:-1"},"canonical":"https:\/\/www.miomiorun.com\/de\/produkt\/tacx-flux-s-smart-trainer\/","og_locale":"de_DE","og_type":"article","og_title":"FLUX S Smart Trainer - Interaktive Rollen - MioMioRun","og_description":"Sie suchen einen smarten Trainer mit Direkt\u00fcbertragung? Der FLUX S Smart ist der ideale Begleiter f\u00fcr das Indoor-Training, der mit Ihren Lieblings-Apps kompatibel ist.","og_url":"https:\/\/www.miomiorun.com\/de\/produkt\/tacx-flux-s-smart-trainer\/","og_site_name":"MioMioRun","article_publisher":"https:\/\/www.facebook.com\/miomiorun\/","article_modified_time":"2025-07-01T08:24:06+00:00","og_image":[{"width":600,"height":600,"url":"https:\/\/www.miomiorun.com\/app\/uploads\/2020\/05\/Tacx-FLUX-S-Smart-Trainer-.jpg","type":"image\/jpeg"}],"twitter_card":"summary_large_image","twitter_misc":{"Est. reading time":"3 minutes"},"schema":{"@context":"https:\/\/schema.org","@graph":[{"@type":"WebPage","@id":"https:\/\/www.miomiorun.com\/de\/produkt\/tacx-flux-s-smart-trainer\/","url":"https:\/\/www.miomiorun.com\/de\/produkt\/tacx-flux-s-smart-trainer\/","name":"FLUX S Smart Trainer - Interaktive Rollen - MioMioRun","isPartOf":{"@id":"https:\/\/www.miomiorun.com\/de\/#website"},"primaryImageOfPage":{"@id":"https:\/\/www.miomiorun.com\/de\/produkt\/tacx-flux-s-smart-trainer\/#primaryimage"},"image":{"@id":"https:\/\/www.miomiorun.com\/de\/produkt\/tacx-flux-s-smart-trainer\/#primaryimage"},"thumbnailUrl":"https:\/\/www.miomiorun.com\/app\/uploads\/2020\/05\/Tacx-FLUX-S-Smart-Trainer-.jpg","datePublished":"2020-05-11T16:52:26+00:00","dateModified":"2025-07-01T08:24:06+00:00","description":"Sie suchen einen smarten Trainer mit Direkt\u00fcbertragung? Der FLUX S Smart ist der ideale Begleiter f\u00fcr das Indoor-Training, der mit Ihren Lieblings-Apps kompatibel ist.","breadcrumb":{"@id":"https:\/\/www.miomiorun.com\/de\/produkt\/tacx-flux-s-smart-trainer\/#breadcrumb"},"inLanguage":"de-DE","potentialAction":[{"@type":"ReadAction","target":["https:\/\/www.miomiorun.com\/de\/produkt\/tacx-flux-s-smart-trainer\/"]}]},{"@type":"ImageObject","inLanguage":"de-DE","@id":"https:\/\/www.miomiorun.com\/de\/produkt\/tacx-flux-s-smart-trainer\/#primaryimage","url":"https:\/\/www.miomiorun.com\/app\/uploads\/2020\/05\/Tacx-FLUX-S-Smart-Trainer-.jpg","contentUrl":"https:\/\/www.miomiorun.com\/app\/uploads\/2020\/05\/Tacx-FLUX-S-Smart-Trainer-.jpg","width":600,"height":600,"caption":"Tacx FLUX S Smart Trainer"},{"@type":"BreadcrumbList","@id":"https:\/\/www.miomiorun.com\/de\/produkt\/tacx-flux-s-smart-trainer\/#breadcrumb","itemListElement":[{"@type":"ListItem","position":1,"name":"Home","item":"https:\/\/www.miomiorun.com\/de\/"},{"@type":"ListItem","position":2,"name":"Shop","item":"https:\/\/www.miomiorun.com\/shop\/"},{"@type":"ListItem","position":3,"name":"FLUX S Smart Trainer"}]},{"@type":"WebSite","@id":"https:\/\/www.miomiorun.com\/de\/#website","url":"https:\/\/www.miomiorun.com\/de\/","name":"MioMioRun","description":"100% Lauf- und Trailshop","publisher":{"@id":"https:\/\/www.miomiorun.com\/de\/#organization"},"potentialAction":[{"@type":"SearchAction","target":{"@type":"EntryPoint","urlTemplate":"https:\/\/www.miomiorun.com\/de\/?s={search_term_string}"},"query-input":{"@type":"PropertyValueSpecification","valueRequired":true,"valueName":"search_term_string"}}],"inLanguage":"de-DE"},{"@type":"Organization","@id":"https:\/\/www.miomiorun.com\/de\/#organization","name":"MioMio Run","url":"https:\/\/www.miomiorun.com\/de\/","logo":{"@type":"ImageObject","inLanguage":"de-DE","@id":"https:\/\/www.miomiorun.com\/de\/#\/schema\/logo\/image\/","url":"https:\/\/www.miomiorun.com\/app\/uploads\/2019\/12\/logomio.png","contentUrl":"https:\/\/www.miomiorun.com\/app\/uploads\/2019\/12\/logomio.png","width":115,"height":82,"caption":"MioMio Run"},"image":{"@id":"https:\/\/www.miomiorun.com\/de\/#\/schema\/logo\/image\/"},"sameAs":["https:\/\/www.facebook.com\/miomiorun\/","https:\/\/www.instagram.com\/miomiorun\/"]}]}},"_links":{"self":[{"href":"https:\/\/www.miomiorun.com\/de\/wp-json\/wp\/v2\/product\/173752","targetHints":{"allow":["GET"]}}],"collection":[{"href":"https:\/\/www.miomiorun.com\/de\/wp-json\/wp\/v2\/product"}],"about":[{"href":"https:\/\/www.miomiorun.com\/de\/wp-json\/wp\/v2\/types\/product"}],"wp:featuredmedia":[{"embeddable":true,"href":"https:\/\/www.miomiorun.com\/de\/wp-json\/wp\/v2\/media\/52020"}],"wp:attachment":[{"href":"https:\/\/www.miomiorun.com\/de\/wp-json\/wp\/v2\/media?parent=173752"}],"wp:term":[{"taxonomy":"product_brand","embeddable":true,"href":"https:\/\/www.miomiorun.com\/de\/wp-json\/wp\/v2\/product_brand?post=173752"},{"taxonomy":"product_cat","embeddable":true,"href":"https:\/\/www.miomiorun.com\/de\/wp-json\/wp\/v2\/product_cat?post=173752"},{"taxonomy":"product_tag","embeddable":true,"href":"https:\/\/www.miomiorun.com\/de\/wp-json\/wp\/v2\/product_tag?post=173752"}],"curies":[{"name":"wp","href":"https:\/\/api.w.org\/{rel}","templated":true}]}}