{"id":173750,"date":"2020-06-20T15:45:25","date_gmt":"2020-06-20T13:45:25","guid":{"rendered":"https:\/\/miomiorun.com\/prodotto\/tacx-neo-2t-smart-trainer\/"},"modified":"2025-02-28T11:47:08","modified_gmt":"2025-02-28T10:47:08","slug":"tacx-neo-2t-smart-trainer","status":"publish","type":"product","link":"https:\/\/www.miomiorun.com\/de\/produkt\/tacx-neo-2t-smart-trainer\/","title":{"rendered":"NEO 2T Smart Trainer"},"content":{"rendered":"<p><div class=\"vc-row container\"><div class=\"vc-column\"><div class=\"vc-column-text\"><\/p>\n<h2 class=\"app__overview__intro__title light center\" data-test=\"gc__heading\" data-v-5b9e0d04=\"\">STEIGERT IHR INDOOR-TRAINING AUF EIN NOCH NIE DAGEWESENES NIVEAU<\/h2>\n<div class=\"app__overview__intro__description gc__copy gc__copy--light gc__copy--center gc__copy--large\" data-test=\"gc__copy\" data-v-f2ba670e=\"\">\n<p>Mit einem optimierten Design und verbesserten Komponenten bietet der NEO 2T Smart ein intensiveres Erlebnis, eine gr\u00f6\u00dfere Kompatibilit\u00e4t mit der Pedalanalyse und mehr.<\/p>\n<\/div>\n<p><\/div><div style=\"height:32px\" class=\"vc-empty-space\"><\/div><\/div><\/div><div class=\"vc-row container\"><div class=\"vc-column\"><div class=\"vc-column-text\"><\/p>\n<div class=\"app__feature__card\">\n<div class=\"app__feature__card\">\n<p><img decoding=\"async\" class=\"app__feature__card__image\" src=\"https:\/\/static.garmincdn.com\/gdc\/Product_Pages\/ICONS\/Silent_Internal_Design.svg\" alt=\"\" \/><\/p>\n<h3 class=\"app__feature__card__title light left\" data-test=\"gc__heading\" data-v-5b9e0d04=\"\"><\/h3>\n<p class=\"app__feature__card__description\">Mehr Stabilit\u00e4t bedeutet leiseres Treten. Also weitermachen, nicht aufgeben<\/p>\n<\/div>\n<\/div>\n<p><\/div><\/div><div class=\"vc-column\"><div class=\"vc-column-text\"><\/p>\n<div class=\"app__feature__card\">\n<div class=\"app__feature__card\">\n<p><img decoding=\"async\" class=\"app__feature__card__image\" src=\"https:\/\/static.garmincdn.com\/gdc\/Product_Pages\/ICONS\/Measure_Data.svg\" alt=\"\" \/><\/p>\n<h3 class=\"app__feature__card__title light left\" data-test=\"gc__heading\" data-v-5b9e0d04=\"\"><\/h3>\n<p class=\"app__feature__card__description\">Das ist wichtig f\u00fcr Sie. Deshalb messen wir Parameter wie Leistung und Trittfrequenz mit einer Genauigkeit von 1 %.<\/p>\n<\/div>\n<\/div>\n<p><\/div><\/div><div class=\"vc-column\"><div class=\"vc-column-text\"><\/p>\n<div class=\"app__feature__card\">\n<div class=\"app__feature__card\">\n<p><img decoding=\"async\" class=\"app__feature__card__image\" src=\"https:\/\/static.garmincdn.com\/gdc\/Product_Pages\/ICONS\/Pedal_Stroke_Analysis.svg\" alt=\"\" \/><\/p>\n<h3 class=\"app__feature__card__title light left\" data-test=\"gc__heading\" data-v-5b9e0d04=\"\"><\/h3>\n<p class=\"app__feature__card__description\">Pedale ausgewuchtet? Zeigen Sie Ihre Pedalierstatistiken auf der <sup>Edge\u00ae-App<\/sup> oder dem Fahrradcomputer an.<\/p>\n<\/div>\n<\/div>\n<p><\/div><\/div><div class=\"vc-column\"><div class=\"vc-column-text\"><\/p>\n<div class=\"app__feature__card\">\n<div class=\"app__feature__card\">\n<p><img decoding=\"async\" class=\"app__feature__card__image\" src=\"https:\/\/static.garmincdn.com\/gdc\/Product_Pages\/ICONS\/Dynamic_Inertia_Feature.svg\" alt=\"\" \/><\/p>\n<h3 class=\"app__feature__card__title light left\" data-test=\"gc__heading\" data-v-5b9e0d04=\"\"><\/h3>\n<p class=\"app__feature__card__description\">Es ist das Werkzeug, mit dem Sie in geschlossenen R\u00e4umen radeln k\u00f6nnen, als w\u00e4ren Sie im Freien.<\/p>\n<\/div>\n<\/div>\n<p><\/div><\/div><div class=\"vc-column\"><div class=\"vc-column-text\"><\/p>\n<div class=\"app__feature__card\">\n<div class=\"app__feature__card\">\n<p><img decoding=\"async\" class=\"app__feature__card__image\" src=\"https:\/\/static.garmincdn.com\/gdc\/Product_Pages\/ICONS\/Simulate_Feel_of_Road.svg\" alt=\"\" \/><\/p>\n<h3 class=\"app__feature__card__title light left\" data-test=\"gc__heading\" data-v-5b9e0d04=\"\"><\/h3>\n<p class=\"app__feature__card__description\">Sie m\u00fcssen nicht mehr auf das Gef\u00fchl der Stra\u00dfe verzichten. Es ist angekommen<\/p>\n<\/div>\n<\/div>\n<p><\/div><\/div><\/div><div class=\"vc-row container\"><div class=\"vc-column\"><div style=\"height:32px\" class=\"vc-empty-space\"><\/div><\/div><\/div><div class=\"vc-row container\"><div class=\"vc-column\"><div class=\"vc-column-text\"><\/p>\n<h3>DER KLANG DER STILLE<\/h3>\n<p class=\"app__feature__card__description\">Neu gestaltete Magnete verbessern die Stabilit\u00e4t des NEO 2T Smart erheblich. Luftverdr\u00e4ngung und interne Vibrationen werden reduziert, was zu einem extrem leisen Trainer f\u00fchrt.<\/p>\n<p><\/div><\/div><div class=\"vc-column\"><div class=\"vc-column-text\"><\/p>\n<h3>KOMFORTABLERES PEDALIEREN<\/h3>\n<p class=\"app__feature__card__description\">NEO 2T Smart reagiert sofort auf Geschwindigkeits- oder Neigungs\u00e4nderungen und erm\u00f6glicht beim Treten Bewegungen nach links und rechts, die der nat\u00fcrlichen Flugbahn des K\u00f6rpers folgen.<\/p>\n<p><\/div><\/div><div class=\"vc-column\"><div class=\"vc-column-text\"><\/p>\n<h3>DYNAMISCHE TR\u00c4GHEIT<\/h3>\n<p class=\"app__feature__card__description\">Die dynamische Tr\u00e4gheit wurde entwickelt, um das Treten im Freien zu simulieren. Sie kontrolliert die Massentr\u00e4gheit und kompensiert sie in Abh\u00e4ngigkeit von Gewicht, Geschwindigkeit und Winkel, um das Treten so realistisch wie m\u00f6glich zu gestalten.<\/p>\n<p><\/div><\/div><div class=\"vc-column\"><div class=\"vc-column-text\"><\/p>\n<h3>GEF\u00dcHL BEIM TRETEN AUF DER STRASSE<\/h3>\n<p class=\"app__feature__card__description\">Diese Funktion ist mit der Tacx-Software oder der Zwift-App kompatibel, um Vibrationen des Trainers zu erzeugen und das Tretgef\u00fchl auf verschiedenen Stra\u00dfenbel\u00e4gen, z. B. Kopfsteinpflaster und Schotter, zu simulieren.<\/p>\n<p><\/div><\/div><div class=\"vc-column\"><div class=\"vc-column-text\"><\/p>\n<h3>MAXIMALE BETEILIGUNG<\/h3>\n<p class=\"app__feature__card__description\">Wenn die Abfahrtssimulation an eine externe Stromquelle angeschlossen wird, ahmt sie das echte Abfahrtsfahren genau nach.<\/p>\n<p><\/div><\/div><\/div><div class=\"vc-row container\"><div class=\"vc-column\"><div style=\"height:32px\" class=\"vc-empty-space\"><\/div><\/div><\/div><div class=\"vc-row container\"><div class=\"vc-column\"><div class=\"vc-column-text\"><\/p>\n<h3>OPTIMIERTE PEDALANALYSE<\/h3>\n<p class=\"app__feature__card__description\">Durch die Hinzuf\u00fcgung der Fahrraddynamik mit standardm\u00e4\u00dfiger <sup>ANT+\u00ae-Konnektivit\u00e4t<\/sup> analysiert NEO 2T Smart Ihre Tretbewegung \u00fcber Software von Drittanbietern, einschlie\u00dflich der Software auf unseren <sup>Edge\u00ae-Fahrradcomputern<\/sup>.<\/p>\n<p><\/div><\/div><div class=\"vc-column\"><div class=\"vc-column-text\"><\/p>\n<h3>ENTWICKELT F\u00dcR LEISTUNG<\/h3>\n<p class=\"app__feature__card__description\">Der NEO 2T Smart verf\u00fcgt \u00fcber ein neues Motordesign, das mehr Leistung bei niedrigen Geschwindigkeiten und ein deutlich verbessertes Tretgef\u00fchl beim Steigen oder Beschleunigen bietet.<\/p>\n<p><\/div><\/div><div class=\"vc-column\"><div class=\"vc-column-text\"><\/p>\n<h3>BEREIT ZUM SPRINTEN<\/h3>\n<p class=\"app__feature__card__description\">Die 32 Neodym-Magnete erm\u00f6glichen eine hohe Bremskraft und Leistung. NEO 2T Smart garantiert maximale Stabilit\u00e4t, auch bei den explosivsten Sprints mit bis zu 2.200 Watt.<\/p>\n<p><\/div><\/div><div class=\"vc-column\"><div class=\"vc-column-text\"><\/p>\n<h3>PEDAL HIGHER<\/h3>\n<p class=\"app__feature__card__description\">Holen Sie das Beste aus Ihren intensivsten Trainingseinheiten heraus, indem Sie auf realistisch simulierten Steigungen mit bis zu 25 % Steigung trainieren.<\/p>\n<p><\/div><\/div><div class=\"vc-column\"><div class=\"vc-column-text\"><\/p>\n<h3>GENAU UND ZUVERL\u00c4SSIG<\/h3>\n<p class=\"app__feature__card__description\">Verfolgen Sie Ihre Leistung und Ihren Fortschritt mit zuverl\u00e4ssigen und konsistenten Messungen, ohne dass eine Kalibrierung erforderlich ist. Umfasst Leistung, Geschwindigkeit und Trittfrequenz, gemessen mit einer Genauigkeit von 1 %.<\/p>\n<p><\/div><\/div><\/div><div class=\"vc-row container\"><div class=\"vc-column\"><div style=\"height:32px\" class=\"vc-empty-space\"><\/div><\/div><\/div><div class=\"vc-row container\"><div class=\"vc-column\"><div class=\"vc-column-text\"><\/p>\n<h3>HOHE KOMPATIBILIT\u00c4T<\/h3>\n<p class=\"app__feature__card__description\">Der NEO 2T Smart kommuniziert \u00fcber <sup>Bluetooth\u00ae<\/sup> Smart-Technologie und das <sup>ANT+\u00ae<\/sup> FE-C-Protokoll und ist daher mit einer Reihe beliebter Trainings-Apps wie TrainerRoad und Zwift kompatibel.<\/p>\n<p><\/div><\/div><div class=\"vc-column\"><div class=\"vc-column-text\"><\/p>\n<h3>AUTONOMER MODUS<\/h3>\n<p class=\"app__feature__card__description\">Sie k\u00f6nnen den Trainingsroller im autonomen Modus verwenden. Wenn er nicht angeschlossen ist, simuliert er eine flache Stra\u00dfe; je schneller Sie in die Pedale treten, desto gr\u00f6\u00dfer ist der Widerstand.<\/p>\n<p><\/div><\/div><div class=\"vc-column\"><div class=\"vc-column-text\"><\/p>\n<h3>GER\u00c4TEKOMPATIBILIT\u00c4T<\/h3>\n<p class=\"app__feature__card__description\">Schlie\u00dfen Sie den NEO 2T Smart gleichzeitig an mehrere Ger\u00e4te an, um die Tacx-Software zu nutzen und Ihre Leistung gleichzeitig auf dem <a href=\"https:\/\/miomiorun.com\/de\/cycling-2\/\">Garmin-Radcomputer<\/a> zu verfolgen.<\/p>\n<p><\/div><\/div><div class=\"vc-column\"><div class=\"vc-column-text\"><\/p>\n<h3>TACX TRAINING SOFTWARE<\/h3>\n<p class=\"app__feature__card__description\">Profitieren Sie von einem umfassenden <a href=\"https:\/\/tacx.com\/product\/tacx-software-features\/\">Satz von<\/a> \u00fcber 100 hochwertigen Videos, mit denen Sie den Rausch der steilen Gipfel der Alpen oder der gepflasterten Stra\u00dfen von Mailand erleben k\u00f6nnen.<\/p>\n<p><\/div><\/div><div class=\"vc-column\"><div class=\"vc-column-text\"><\/p>\n<h3>TACX-TRAININGSPL\u00c4NE<\/h3>\n<p class=\"app__feature__card__description\">Profitieren Sie von strukturierten Trainingspl\u00e4nen, die auf Ihr Fitnessniveau abgestimmt sind und Ihnen helfen, Ihre Ziele zu erreichen. Messen Sie sich mit anderen in Echtzeit, laden Sie GPS-Daten hoch, fahren Sie mit 3D-Karten und vieles mehr.<\/p>\n<p><\/div><\/div><\/div><\/p>\n","protected":false},"excerpt":{"rendered":"","protected":false},"featured_media":52294,"template":"","meta":{"_acf_changed":false,"inline_featured_image":false},"product_brand":[],"product_cat":[3344,6351],"product_tag":[3346,6285],"class_list":{"0":"post-173750","1":"product","2":"type-product","3":"status-publish","4":"has-post-thumbnail","6":"product_cat-garmin-de","7":"product_cat-indoor-trainer-de","8":"product_tag-garmin-de","9":"product_tag-tacx-de","10":"pa_marca-tacx-de","11":"pa_sesso-damen","12":"pa_sesso-herren","14":"first","15":"instock","16":"sale","17":"taxable","18":"shipping-taxable","19":"purchasable","20":"product-type-simple"},"acf":[],"yoast_head":"<!-- This site is optimized with the Yoast SEO plugin v26.8 - https:\/\/yoast.com\/product\/yoast-seo-wordpress\/ -->\n<title>Tacx NEO 2T Smart Trainer - Interaktive Rollen - MioMioRun<\/title>\n<meta name=\"description\" content=\"Mit einem optimierten Design und verbesserten Komponenten bietet NEO 2T Smart ein noch intensiveres Erlebnis und eine bessere Kompatibilit\u00e4t mit der Pedalanalyse.\" \/>\n<meta name=\"robots\" content=\"index, follow, max-snippet:-1, max-image-preview:large, max-video-preview:-1\" \/>\n<link rel=\"canonical\" href=\"https:\/\/www.miomiorun.com\/de\/produkt\/tacx-neo-2t-smart-trainer\/\" \/>\n<meta property=\"og:locale\" content=\"de_DE\" \/>\n<meta property=\"og:type\" content=\"article\" \/>\n<meta property=\"og:title\" content=\"Tacx NEO 2T Smart Trainer - Interaktive Rollen - MioMioRun\" \/>\n<meta property=\"og:description\" content=\"Mit einem optimierten Design und verbesserten Komponenten bietet NEO 2T Smart ein noch intensiveres Erlebnis und eine bessere Kompatibilit\u00e4t mit der Pedalanalyse.\" \/>\n<meta property=\"og:url\" content=\"https:\/\/www.miomiorun.com\/de\/produkt\/tacx-neo-2t-smart-trainer\/\" \/>\n<meta property=\"og:site_name\" content=\"MioMioRun\" \/>\n<meta property=\"article:publisher\" content=\"https:\/\/www.facebook.com\/miomiorun\/\" \/>\n<meta property=\"article:modified_time\" content=\"2025-02-28T10:47:08+00:00\" \/>\n<meta property=\"og:image\" content=\"https:\/\/www.miomiorun.com\/app\/uploads\/2020\/06\/Tacx-NEO-2T-Smart-Trainer.jpg\" \/>\n\t<meta property=\"og:image:width\" content=\"600\" \/>\n\t<meta property=\"og:image:height\" content=\"600\" \/>\n\t<meta property=\"og:image:type\" content=\"image\/jpeg\" \/>\n<meta name=\"twitter:card\" content=\"summary_large_image\" \/>\n<meta name=\"twitter:label1\" content=\"Est. reading time\" \/>\n\t<meta name=\"twitter:data1\" content=\"4 minutes\" \/>\n<script type=\"application\/ld+json\" class=\"yoast-schema-graph\">{\"@context\":\"https:\/\/schema.org\",\"@graph\":[{\"@type\":\"WebPage\",\"@id\":\"https:\/\/www.miomiorun.com\/de\/produkt\/tacx-neo-2t-smart-trainer\/\",\"url\":\"https:\/\/www.miomiorun.com\/de\/produkt\/tacx-neo-2t-smart-trainer\/\",\"name\":\"Tacx NEO 2T Smart Trainer - Interaktive Rollen - MioMioRun\",\"isPartOf\":{\"@id\":\"https:\/\/www.miomiorun.com\/de\/#website\"},\"primaryImageOfPage\":{\"@id\":\"https:\/\/www.miomiorun.com\/de\/produkt\/tacx-neo-2t-smart-trainer\/#primaryimage\"},\"image\":{\"@id\":\"https:\/\/www.miomiorun.com\/de\/produkt\/tacx-neo-2t-smart-trainer\/#primaryimage\"},\"thumbnailUrl\":\"https:\/\/www.miomiorun.com\/app\/uploads\/2020\/06\/Tacx-NEO-2T-Smart-Trainer.jpg\",\"datePublished\":\"2020-06-20T13:45:25+00:00\",\"dateModified\":\"2025-02-28T10:47:08+00:00\",\"description\":\"Mit einem optimierten Design und verbesserten Komponenten bietet NEO 2T Smart ein noch intensiveres Erlebnis und eine bessere Kompatibilit\u00e4t mit der Pedalanalyse.\",\"breadcrumb\":{\"@id\":\"https:\/\/www.miomiorun.com\/de\/produkt\/tacx-neo-2t-smart-trainer\/#breadcrumb\"},\"inLanguage\":\"de-DE\",\"potentialAction\":[{\"@type\":\"ReadAction\",\"target\":[\"https:\/\/www.miomiorun.com\/de\/produkt\/tacx-neo-2t-smart-trainer\/\"]}]},{\"@type\":\"ImageObject\",\"inLanguage\":\"de-DE\",\"@id\":\"https:\/\/www.miomiorun.com\/de\/produkt\/tacx-neo-2t-smart-trainer\/#primaryimage\",\"url\":\"https:\/\/www.miomiorun.com\/app\/uploads\/2020\/06\/Tacx-NEO-2T-Smart-Trainer.jpg\",\"contentUrl\":\"https:\/\/www.miomiorun.com\/app\/uploads\/2020\/06\/Tacx-NEO-2T-Smart-Trainer.jpg\",\"width\":600,\"height\":600,\"caption\":\"Tacx-NEO-2T-Smart-Trainer\"},{\"@type\":\"BreadcrumbList\",\"@id\":\"https:\/\/www.miomiorun.com\/de\/produkt\/tacx-neo-2t-smart-trainer\/#breadcrumb\",\"itemListElement\":[{\"@type\":\"ListItem\",\"position\":1,\"name\":\"Home\",\"item\":\"https:\/\/www.miomiorun.com\/de\/\"},{\"@type\":\"ListItem\",\"position\":2,\"name\":\"Shop\",\"item\":\"https:\/\/www.miomiorun.com\/shop\/\"},{\"@type\":\"ListItem\",\"position\":3,\"name\":\"NEO 2T Smart Trainer\"}]},{\"@type\":\"WebSite\",\"@id\":\"https:\/\/www.miomiorun.com\/de\/#website\",\"url\":\"https:\/\/www.miomiorun.com\/de\/\",\"name\":\"MioMioRun\",\"description\":\"100% Lauf- und Trailshop\",\"publisher\":{\"@id\":\"https:\/\/www.miomiorun.com\/de\/#organization\"},\"potentialAction\":[{\"@type\":\"SearchAction\",\"target\":{\"@type\":\"EntryPoint\",\"urlTemplate\":\"https:\/\/www.miomiorun.com\/de\/?s={search_term_string}\"},\"query-input\":{\"@type\":\"PropertyValueSpecification\",\"valueRequired\":true,\"valueName\":\"search_term_string\"}}],\"inLanguage\":\"de-DE\"},{\"@type\":\"Organization\",\"@id\":\"https:\/\/www.miomiorun.com\/de\/#organization\",\"name\":\"MioMio Run\",\"url\":\"https:\/\/www.miomiorun.com\/de\/\",\"logo\":{\"@type\":\"ImageObject\",\"inLanguage\":\"de-DE\",\"@id\":\"https:\/\/www.miomiorun.com\/de\/#\/schema\/logo\/image\/\",\"url\":\"https:\/\/www.miomiorun.com\/app\/uploads\/2019\/12\/logomio.png\",\"contentUrl\":\"https:\/\/www.miomiorun.com\/app\/uploads\/2019\/12\/logomio.png\",\"width\":115,\"height\":82,\"caption\":\"MioMio Run\"},\"image\":{\"@id\":\"https:\/\/www.miomiorun.com\/de\/#\/schema\/logo\/image\/\"},\"sameAs\":[\"https:\/\/www.facebook.com\/miomiorun\/\",\"https:\/\/www.instagram.com\/miomiorun\/\"]}]}<\/script>\n<!-- \/ Yoast SEO plugin. -->","yoast_head_json":{"title":"Tacx NEO 2T Smart Trainer - Interaktive Rollen - MioMioRun","description":"Mit einem optimierten Design und verbesserten Komponenten bietet NEO 2T Smart ein noch intensiveres Erlebnis und eine bessere Kompatibilit\u00e4t mit der Pedalanalyse.","robots":{"index":"index","follow":"follow","max-snippet":"max-snippet:-1","max-image-preview":"max-image-preview:large","max-video-preview":"max-video-preview:-1"},"canonical":"https:\/\/www.miomiorun.com\/de\/produkt\/tacx-neo-2t-smart-trainer\/","og_locale":"de_DE","og_type":"article","og_title":"Tacx NEO 2T Smart Trainer - Interaktive Rollen - MioMioRun","og_description":"Mit einem optimierten Design und verbesserten Komponenten bietet NEO 2T Smart ein noch intensiveres Erlebnis und eine bessere Kompatibilit\u00e4t mit der Pedalanalyse.","og_url":"https:\/\/www.miomiorun.com\/de\/produkt\/tacx-neo-2t-smart-trainer\/","og_site_name":"MioMioRun","article_publisher":"https:\/\/www.facebook.com\/miomiorun\/","article_modified_time":"2025-02-28T10:47:08+00:00","og_image":[{"width":600,"height":600,"url":"https:\/\/www.miomiorun.com\/app\/uploads\/2020\/06\/Tacx-NEO-2T-Smart-Trainer.jpg","type":"image\/jpeg"}],"twitter_card":"summary_large_image","twitter_misc":{"Est. reading time":"4 minutes"},"schema":{"@context":"https:\/\/schema.org","@graph":[{"@type":"WebPage","@id":"https:\/\/www.miomiorun.com\/de\/produkt\/tacx-neo-2t-smart-trainer\/","url":"https:\/\/www.miomiorun.com\/de\/produkt\/tacx-neo-2t-smart-trainer\/","name":"Tacx NEO 2T Smart Trainer - Interaktive Rollen - MioMioRun","isPartOf":{"@id":"https:\/\/www.miomiorun.com\/de\/#website"},"primaryImageOfPage":{"@id":"https:\/\/www.miomiorun.com\/de\/produkt\/tacx-neo-2t-smart-trainer\/#primaryimage"},"image":{"@id":"https:\/\/www.miomiorun.com\/de\/produkt\/tacx-neo-2t-smart-trainer\/#primaryimage"},"thumbnailUrl":"https:\/\/www.miomiorun.com\/app\/uploads\/2020\/06\/Tacx-NEO-2T-Smart-Trainer.jpg","datePublished":"2020-06-20T13:45:25+00:00","dateModified":"2025-02-28T10:47:08+00:00","description":"Mit einem optimierten Design und verbesserten Komponenten bietet NEO 2T Smart ein noch intensiveres Erlebnis und eine bessere Kompatibilit\u00e4t mit der Pedalanalyse.","breadcrumb":{"@id":"https:\/\/www.miomiorun.com\/de\/produkt\/tacx-neo-2t-smart-trainer\/#breadcrumb"},"inLanguage":"de-DE","potentialAction":[{"@type":"ReadAction","target":["https:\/\/www.miomiorun.com\/de\/produkt\/tacx-neo-2t-smart-trainer\/"]}]},{"@type":"ImageObject","inLanguage":"de-DE","@id":"https:\/\/www.miomiorun.com\/de\/produkt\/tacx-neo-2t-smart-trainer\/#primaryimage","url":"https:\/\/www.miomiorun.com\/app\/uploads\/2020\/06\/Tacx-NEO-2T-Smart-Trainer.jpg","contentUrl":"https:\/\/www.miomiorun.com\/app\/uploads\/2020\/06\/Tacx-NEO-2T-Smart-Trainer.jpg","width":600,"height":600,"caption":"Tacx-NEO-2T-Smart-Trainer"},{"@type":"BreadcrumbList","@id":"https:\/\/www.miomiorun.com\/de\/produkt\/tacx-neo-2t-smart-trainer\/#breadcrumb","itemListElement":[{"@type":"ListItem","position":1,"name":"Home","item":"https:\/\/www.miomiorun.com\/de\/"},{"@type":"ListItem","position":2,"name":"Shop","item":"https:\/\/www.miomiorun.com\/shop\/"},{"@type":"ListItem","position":3,"name":"NEO 2T Smart Trainer"}]},{"@type":"WebSite","@id":"https:\/\/www.miomiorun.com\/de\/#website","url":"https:\/\/www.miomiorun.com\/de\/","name":"MioMioRun","description":"100% Lauf- und Trailshop","publisher":{"@id":"https:\/\/www.miomiorun.com\/de\/#organization"},"potentialAction":[{"@type":"SearchAction","target":{"@type":"EntryPoint","urlTemplate":"https:\/\/www.miomiorun.com\/de\/?s={search_term_string}"},"query-input":{"@type":"PropertyValueSpecification","valueRequired":true,"valueName":"search_term_string"}}],"inLanguage":"de-DE"},{"@type":"Organization","@id":"https:\/\/www.miomiorun.com\/de\/#organization","name":"MioMio Run","url":"https:\/\/www.miomiorun.com\/de\/","logo":{"@type":"ImageObject","inLanguage":"de-DE","@id":"https:\/\/www.miomiorun.com\/de\/#\/schema\/logo\/image\/","url":"https:\/\/www.miomiorun.com\/app\/uploads\/2019\/12\/logomio.png","contentUrl":"https:\/\/www.miomiorun.com\/app\/uploads\/2019\/12\/logomio.png","width":115,"height":82,"caption":"MioMio Run"},"image":{"@id":"https:\/\/www.miomiorun.com\/de\/#\/schema\/logo\/image\/"},"sameAs":["https:\/\/www.facebook.com\/miomiorun\/","https:\/\/www.instagram.com\/miomiorun\/"]}]}},"_links":{"self":[{"href":"https:\/\/www.miomiorun.com\/de\/wp-json\/wp\/v2\/product\/173750","targetHints":{"allow":["GET"]}}],"collection":[{"href":"https:\/\/www.miomiorun.com\/de\/wp-json\/wp\/v2\/product"}],"about":[{"href":"https:\/\/www.miomiorun.com\/de\/wp-json\/wp\/v2\/types\/product"}],"wp:featuredmedia":[{"embeddable":true,"href":"https:\/\/www.miomiorun.com\/de\/wp-json\/wp\/v2\/media\/52294"}],"wp:attachment":[{"href":"https:\/\/www.miomiorun.com\/de\/wp-json\/wp\/v2\/media?parent=173750"}],"wp:term":[{"taxonomy":"product_brand","embeddable":true,"href":"https:\/\/www.miomiorun.com\/de\/wp-json\/wp\/v2\/product_brand?post=173750"},{"taxonomy":"product_cat","embeddable":true,"href":"https:\/\/www.miomiorun.com\/de\/wp-json\/wp\/v2\/product_cat?post=173750"},{"taxonomy":"product_tag","embeddable":true,"href":"https:\/\/www.miomiorun.com\/de\/wp-json\/wp\/v2\/product_tag?post=173750"}],"curies":[{"name":"wp","href":"https:\/\/api.w.org\/{rel}","templated":true}]}}