{"id":173744,"date":"2020-11-04T11:03:28","date_gmt":"2020-11-04T10:03:28","guid":{"rendered":"https:\/\/miomiorun.com\/prodotto\/tacx-assali-trainer-da-12-mm\/"},"modified":"2025-03-06T16:06:49","modified_gmt":"2025-03-06T15:06:49","slug":"12-mm-trainer-achsen","status":"publish","type":"product","link":"https:\/\/www.miomiorun.com\/de\/produkt\/12-mm-trainer-achsen\/","title":{"rendered":"12 mm Trainer Achsen"},"content":{"rendered":"<p><div class=\"vc-row container\"><div class=\"vc-column\"><div class=\"vc-column-text\">Mit den E-Thru Schr\u00e4gachsen k\u00f6nnen Sie Ihr Mountainbike in Tacx\u00ae Trainingsrollen integrieren. Die Achsen sind nur mit den klassischen Tacx-Trainingsrollern kompatibel. Andere Achsen sind f\u00fcr Rollen mit Direktantrieb erh\u00e4ltlich und ersetzen die Standard-Schr\u00e4gachsen.<\/p>\n<p><strong>T1707 E-Steckachse f\u00fcr Trainingsrollen M12x1, mit metrischem Feingewinde:<\/strong> passend f\u00fcr Naben mit 142 x 12 mm Schr\u00e4gachsen: verschiedene DT Swiss und Shimano Typen.<\/div><\/div><\/div><div class=\"vc-column\"><div class=\"vc-column\"><\/div><div class=\"vc-column\"><\/div><\/p>\n<div class=\"app__feature__card\">\n<div class=\"app__feature__card\">\n<h3 class=\"app__feature__card__title light left\" data-v-5b9e0d04=\"\" data-test=\"gc__heading\">KOMPATIBLE GER\u00c4TE<\/h3>\n<div class=\"app__tabs__content__wrap js__app__tabs__content\">\n<div class=\"app__render-content\">\n<div>\n<ul class=\"app__product__list\">\n<li class=\"app__product__list__item\"><img loading=\"lazy\" decoding=\"async\" class=\"app__product__list__item__image\" src=\"https:\/\/static.garmincdn.com\/en\/products\/T2650\/g\/cf-lg-6b370e4c-4528-426f-a2a8-86ddc405a548.jpg\" alt=\"Tacx\u00ae Blue Matic Basic Trainer\" width=\"121\" height=\"121\" \/><span class=\"app__product__list__item__content\"> Tacx\u00ae Blue Matic Basic Trainer <\/span><\/li>\n<li class=\"app__product__list__item\"><img loading=\"lazy\" decoding=\"async\" class=\"app__product__list__item__image\" src=\"https:\/\/static.garmincdn.com\/en\/products\/T2675\/g\/cf-lg-f2c51f85-4b59-41be-ae2b-d983647d21a5.jpg\" alt=\"Tacx\u00ae Blue Twist Basic Trainer\" width=\"120\" height=\"120\" \/><span class=\"app__product__list__item__content\"> Tacx\u00ae Blue Twist Basic Trainer <\/span><\/li>\n<li class=\"app__product__list__item\"><img loading=\"lazy\" decoding=\"async\" class=\"app__product__list__item__image\" src=\"https:\/\/static.garmincdn.com\/en\/products\/T2500\/g\/cf-lg-62cd4ff0-e060-44aa-9e8b-51ab48ea83d9.jpg\" alt=\"Tacx\u00ae Booster Basic Trainer\" width=\"120\" height=\"120\" \/><span class=\"app__product__list__item__content\"> Tacx\u00ae Booster Basic Trainer <\/span><\/li>\n<li class=\"app__product__list__item\"><img loading=\"lazy\" decoding=\"async\" class=\"app__product__list__item__image\" src=\"https:\/\/static.garmincdn.com\/en\/products\/T2240\/g\/cf-lg-ee604b5f-d953-43c7-9d47-53ba35ff3fb1.jpg\" alt=\"Tacx\u00ae Flow Smart Trainer\" width=\"120\" height=\"120\" \/><span class=\"app__product__list__item__content\"> Tacx\u00ae Flow Smart Trainer <\/span><\/li>\n<li class=\"app__product__list__item\"><img loading=\"lazy\" decoding=\"async\" class=\"app__product__list__item__image\" src=\"https:\/\/static.garmincdn.com\/en\/products\/T2400\/g\/cf-lg-7cc92077-e574-49bd-918d-c15e3212900a.jpg\" alt=\"Tacx\u00ae Satori Smart Trainer\" width=\"121\" height=\"121\" \/><span class=\"app__product__list__item__content\"> Tacx\u00ae Satori Smart Trainer <\/span><\/li>\n<\/ul>\n<\/div>\n<\/div>\n<\/div>\n<\/div>\n<\/div>\n<p><\/div><\/div><\/p>\n","protected":false},"excerpt":{"rendered":"","protected":false},"featured_media":53602,"template":"","meta":{"_acf_changed":false,"inline_featured_image":false},"product_brand":[],"product_cat":[3344,6351],"product_tag":[3346,6285],"class_list":{"0":"post-173744","1":"product","2":"type-product","3":"status-publish","4":"has-post-thumbnail","6":"product_cat-garmin-de","7":"product_cat-indoor-trainer-de","8":"product_tag-garmin-de","9":"product_tag-tacx-de","10":"pa_marca-tacx-de","11":"pa_sesso-damen","12":"pa_sesso-herren","14":"first","15":"outofstock","16":"taxable","17":"shipping-taxable","18":"purchasable","19":"product-type-simple"},"acf":[],"yoast_head":"<!-- This site is optimized with the Yoast SEO plugin v26.8 - https:\/\/yoast.com\/product\/yoast-seo-wordpress\/ -->\n<title>Tacx 12 mm Trainer Achsen - Interaktive Rollen - MioMioRun<\/title>\n<meta name=\"description\" content=\"Achse T1707 E-Thru f\u00fcr Trainingsrollen M12x1, mit metrischem Feingewinde: passend f\u00fcr Naben mit 142 x 12 mm Schr\u00e4gachsen: DT Swiss und Shimano\" \/>\n<meta name=\"robots\" content=\"index, follow, max-snippet:-1, max-image-preview:large, max-video-preview:-1\" \/>\n<link rel=\"canonical\" href=\"https:\/\/www.miomiorun.com\/de\/produkt\/12-mm-trainer-achsen\/\" \/>\n<meta property=\"og:locale\" content=\"de_DE\" \/>\n<meta property=\"og:type\" content=\"article\" \/>\n<meta property=\"og:title\" content=\"Tacx 12 mm Trainer Achsen - Interaktive Rollen - MioMioRun\" \/>\n<meta property=\"og:description\" content=\"Achse T1707 E-Thru f\u00fcr Trainingsrollen M12x1, mit metrischem Feingewinde: passend f\u00fcr Naben mit 142 x 12 mm Schr\u00e4gachsen: DT Swiss und Shimano\" \/>\n<meta property=\"og:url\" content=\"https:\/\/www.miomiorun.com\/de\/produkt\/12-mm-trainer-achsen\/\" \/>\n<meta property=\"og:site_name\" content=\"MioMioRun\" \/>\n<meta property=\"article:publisher\" content=\"https:\/\/www.facebook.com\/miomiorun\/\" \/>\n<meta property=\"article:modified_time\" content=\"2025-03-06T15:06:49+00:00\" \/>\n<meta property=\"og:image\" content=\"https:\/\/www.miomiorun.com\/app\/uploads\/2020\/11\/tacx-Assali-Trainer-T1707.jpg\" \/>\n\t<meta property=\"og:image:width\" content=\"600\" \/>\n\t<meta property=\"og:image:height\" content=\"600\" \/>\n\t<meta property=\"og:image:type\" content=\"image\/jpeg\" \/>\n<meta name=\"twitter:card\" content=\"summary_large_image\" \/>\n<meta name=\"twitter:label1\" content=\"Est. reading time\" \/>\n\t<meta name=\"twitter:data1\" content=\"1 minute\" \/>\n<script type=\"application\/ld+json\" class=\"yoast-schema-graph\">{\"@context\":\"https:\/\/schema.org\",\"@graph\":[{\"@type\":\"WebPage\",\"@id\":\"https:\/\/www.miomiorun.com\/de\/produkt\/12-mm-trainer-achsen\/\",\"url\":\"https:\/\/www.miomiorun.com\/de\/produkt\/12-mm-trainer-achsen\/\",\"name\":\"Tacx 12 mm Trainer Achsen - Interaktive Rollen - MioMioRun\",\"isPartOf\":{\"@id\":\"https:\/\/www.miomiorun.com\/de\/#website\"},\"primaryImageOfPage\":{\"@id\":\"https:\/\/www.miomiorun.com\/de\/produkt\/12-mm-trainer-achsen\/#primaryimage\"},\"image\":{\"@id\":\"https:\/\/www.miomiorun.com\/de\/produkt\/12-mm-trainer-achsen\/#primaryimage\"},\"thumbnailUrl\":\"https:\/\/www.miomiorun.com\/app\/uploads\/2020\/11\/tacx-Assali-Trainer-T1707.jpg\",\"datePublished\":\"2020-11-04T10:03:28+00:00\",\"dateModified\":\"2025-03-06T15:06:49+00:00\",\"description\":\"Achse T1707 E-Thru f\u00fcr Trainingsrollen M12x1, mit metrischem Feingewinde: passend f\u00fcr Naben mit 142 x 12 mm Schr\u00e4gachsen: DT Swiss und Shimano\",\"breadcrumb\":{\"@id\":\"https:\/\/www.miomiorun.com\/de\/produkt\/12-mm-trainer-achsen\/#breadcrumb\"},\"inLanguage\":\"de-DE\",\"potentialAction\":[{\"@type\":\"ReadAction\",\"target\":[\"https:\/\/www.miomiorun.com\/de\/produkt\/12-mm-trainer-achsen\/\"]}]},{\"@type\":\"ImageObject\",\"inLanguage\":\"de-DE\",\"@id\":\"https:\/\/www.miomiorun.com\/de\/produkt\/12-mm-trainer-achsen\/#primaryimage\",\"url\":\"https:\/\/www.miomiorun.com\/app\/uploads\/2020\/11\/tacx-Assali-Trainer-T1707.jpg\",\"contentUrl\":\"https:\/\/www.miomiorun.com\/app\/uploads\/2020\/11\/tacx-Assali-Trainer-T1707.jpg\",\"width\":600,\"height\":600,\"caption\":\"tacx assali trainer da 12\"},{\"@type\":\"BreadcrumbList\",\"@id\":\"https:\/\/www.miomiorun.com\/de\/produkt\/12-mm-trainer-achsen\/#breadcrumb\",\"itemListElement\":[{\"@type\":\"ListItem\",\"position\":1,\"name\":\"Home\",\"item\":\"https:\/\/www.miomiorun.com\/de\/\"},{\"@type\":\"ListItem\",\"position\":2,\"name\":\"Shop\",\"item\":\"https:\/\/www.miomiorun.com\/shop\/\"},{\"@type\":\"ListItem\",\"position\":3,\"name\":\"12 mm Trainer Achsen\"}]},{\"@type\":\"WebSite\",\"@id\":\"https:\/\/www.miomiorun.com\/de\/#website\",\"url\":\"https:\/\/www.miomiorun.com\/de\/\",\"name\":\"MioMioRun\",\"description\":\"100% Lauf- und Trailshop\",\"publisher\":{\"@id\":\"https:\/\/www.miomiorun.com\/de\/#organization\"},\"potentialAction\":[{\"@type\":\"SearchAction\",\"target\":{\"@type\":\"EntryPoint\",\"urlTemplate\":\"https:\/\/www.miomiorun.com\/de\/?s={search_term_string}\"},\"query-input\":{\"@type\":\"PropertyValueSpecification\",\"valueRequired\":true,\"valueName\":\"search_term_string\"}}],\"inLanguage\":\"de-DE\"},{\"@type\":\"Organization\",\"@id\":\"https:\/\/www.miomiorun.com\/de\/#organization\",\"name\":\"MioMio Run\",\"url\":\"https:\/\/www.miomiorun.com\/de\/\",\"logo\":{\"@type\":\"ImageObject\",\"inLanguage\":\"de-DE\",\"@id\":\"https:\/\/www.miomiorun.com\/de\/#\/schema\/logo\/image\/\",\"url\":\"https:\/\/www.miomiorun.com\/app\/uploads\/2019\/12\/logomio.png\",\"contentUrl\":\"https:\/\/www.miomiorun.com\/app\/uploads\/2019\/12\/logomio.png\",\"width\":115,\"height\":82,\"caption\":\"MioMio Run\"},\"image\":{\"@id\":\"https:\/\/www.miomiorun.com\/de\/#\/schema\/logo\/image\/\"},\"sameAs\":[\"https:\/\/www.facebook.com\/miomiorun\/\",\"https:\/\/www.instagram.com\/miomiorun\/\"]}]}<\/script>\n<!-- \/ Yoast SEO plugin. -->","yoast_head_json":{"title":"Tacx 12 mm Trainer Achsen - Interaktive Rollen - MioMioRun","description":"Achse T1707 E-Thru f\u00fcr Trainingsrollen M12x1, mit metrischem Feingewinde: passend f\u00fcr Naben mit 142 x 12 mm Schr\u00e4gachsen: DT Swiss und Shimano","robots":{"index":"index","follow":"follow","max-snippet":"max-snippet:-1","max-image-preview":"max-image-preview:large","max-video-preview":"max-video-preview:-1"},"canonical":"https:\/\/www.miomiorun.com\/de\/produkt\/12-mm-trainer-achsen\/","og_locale":"de_DE","og_type":"article","og_title":"Tacx 12 mm Trainer Achsen - Interaktive Rollen - MioMioRun","og_description":"Achse T1707 E-Thru f\u00fcr Trainingsrollen M12x1, mit metrischem Feingewinde: passend f\u00fcr Naben mit 142 x 12 mm Schr\u00e4gachsen: DT Swiss und Shimano","og_url":"https:\/\/www.miomiorun.com\/de\/produkt\/12-mm-trainer-achsen\/","og_site_name":"MioMioRun","article_publisher":"https:\/\/www.facebook.com\/miomiorun\/","article_modified_time":"2025-03-06T15:06:49+00:00","og_image":[{"width":600,"height":600,"url":"https:\/\/www.miomiorun.com\/app\/uploads\/2020\/11\/tacx-Assali-Trainer-T1707.jpg","type":"image\/jpeg"}],"twitter_card":"summary_large_image","twitter_misc":{"Est. reading time":"1 minute"},"schema":{"@context":"https:\/\/schema.org","@graph":[{"@type":"WebPage","@id":"https:\/\/www.miomiorun.com\/de\/produkt\/12-mm-trainer-achsen\/","url":"https:\/\/www.miomiorun.com\/de\/produkt\/12-mm-trainer-achsen\/","name":"Tacx 12 mm Trainer Achsen - Interaktive Rollen - MioMioRun","isPartOf":{"@id":"https:\/\/www.miomiorun.com\/de\/#website"},"primaryImageOfPage":{"@id":"https:\/\/www.miomiorun.com\/de\/produkt\/12-mm-trainer-achsen\/#primaryimage"},"image":{"@id":"https:\/\/www.miomiorun.com\/de\/produkt\/12-mm-trainer-achsen\/#primaryimage"},"thumbnailUrl":"https:\/\/www.miomiorun.com\/app\/uploads\/2020\/11\/tacx-Assali-Trainer-T1707.jpg","datePublished":"2020-11-04T10:03:28+00:00","dateModified":"2025-03-06T15:06:49+00:00","description":"Achse T1707 E-Thru f\u00fcr Trainingsrollen M12x1, mit metrischem Feingewinde: passend f\u00fcr Naben mit 142 x 12 mm Schr\u00e4gachsen: DT Swiss und Shimano","breadcrumb":{"@id":"https:\/\/www.miomiorun.com\/de\/produkt\/12-mm-trainer-achsen\/#breadcrumb"},"inLanguage":"de-DE","potentialAction":[{"@type":"ReadAction","target":["https:\/\/www.miomiorun.com\/de\/produkt\/12-mm-trainer-achsen\/"]}]},{"@type":"ImageObject","inLanguage":"de-DE","@id":"https:\/\/www.miomiorun.com\/de\/produkt\/12-mm-trainer-achsen\/#primaryimage","url":"https:\/\/www.miomiorun.com\/app\/uploads\/2020\/11\/tacx-Assali-Trainer-T1707.jpg","contentUrl":"https:\/\/www.miomiorun.com\/app\/uploads\/2020\/11\/tacx-Assali-Trainer-T1707.jpg","width":600,"height":600,"caption":"tacx assali trainer da 12"},{"@type":"BreadcrumbList","@id":"https:\/\/www.miomiorun.com\/de\/produkt\/12-mm-trainer-achsen\/#breadcrumb","itemListElement":[{"@type":"ListItem","position":1,"name":"Home","item":"https:\/\/www.miomiorun.com\/de\/"},{"@type":"ListItem","position":2,"name":"Shop","item":"https:\/\/www.miomiorun.com\/shop\/"},{"@type":"ListItem","position":3,"name":"12 mm Trainer Achsen"}]},{"@type":"WebSite","@id":"https:\/\/www.miomiorun.com\/de\/#website","url":"https:\/\/www.miomiorun.com\/de\/","name":"MioMioRun","description":"100% Lauf- und Trailshop","publisher":{"@id":"https:\/\/www.miomiorun.com\/de\/#organization"},"potentialAction":[{"@type":"SearchAction","target":{"@type":"EntryPoint","urlTemplate":"https:\/\/www.miomiorun.com\/de\/?s={search_term_string}"},"query-input":{"@type":"PropertyValueSpecification","valueRequired":true,"valueName":"search_term_string"}}],"inLanguage":"de-DE"},{"@type":"Organization","@id":"https:\/\/www.miomiorun.com\/de\/#organization","name":"MioMio Run","url":"https:\/\/www.miomiorun.com\/de\/","logo":{"@type":"ImageObject","inLanguage":"de-DE","@id":"https:\/\/www.miomiorun.com\/de\/#\/schema\/logo\/image\/","url":"https:\/\/www.miomiorun.com\/app\/uploads\/2019\/12\/logomio.png","contentUrl":"https:\/\/www.miomiorun.com\/app\/uploads\/2019\/12\/logomio.png","width":115,"height":82,"caption":"MioMio Run"},"image":{"@id":"https:\/\/www.miomiorun.com\/de\/#\/schema\/logo\/image\/"},"sameAs":["https:\/\/www.facebook.com\/miomiorun\/","https:\/\/www.instagram.com\/miomiorun\/"]}]}},"_links":{"self":[{"href":"https:\/\/www.miomiorun.com\/de\/wp-json\/wp\/v2\/product\/173744","targetHints":{"allow":["GET"]}}],"collection":[{"href":"https:\/\/www.miomiorun.com\/de\/wp-json\/wp\/v2\/product"}],"about":[{"href":"https:\/\/www.miomiorun.com\/de\/wp-json\/wp\/v2\/types\/product"}],"wp:featuredmedia":[{"embeddable":true,"href":"https:\/\/www.miomiorun.com\/de\/wp-json\/wp\/v2\/media\/53602"}],"wp:attachment":[{"href":"https:\/\/www.miomiorun.com\/de\/wp-json\/wp\/v2\/media?parent=173744"}],"wp:term":[{"taxonomy":"product_brand","embeddable":true,"href":"https:\/\/www.miomiorun.com\/de\/wp-json\/wp\/v2\/product_brand?post=173744"},{"taxonomy":"product_cat","embeddable":true,"href":"https:\/\/www.miomiorun.com\/de\/wp-json\/wp\/v2\/product_cat?post=173744"},{"taxonomy":"product_tag","embeddable":true,"href":"https:\/\/www.miomiorun.com\/de\/wp-json\/wp\/v2\/product_tag?post=173744"}],"curies":[{"name":"wp","href":"https:\/\/api.w.org\/{rel}","templated":true}]}}