{"id":173732,"date":"2021-11-09T16:07:56","date_gmt":"2021-11-09T15:07:56","guid":{"rendered":"https:\/\/miomiorun.com\/prodotto\/tacx-corpo-campagnolo\/"},"modified":"2024-05-30T11:19:55","modified_gmt":"2024-05-30T09:19:55","slug":"campagnolo-koerper","status":"publish","type":"product","link":"https:\/\/www.miomiorun.com\/de\/produkt\/campagnolo-koerper\/","title":{"rendered":"Campagnolo-K\u00f6rper"},"content":{"rendered":"<div class=\"vc-row container\"><div class=\"vc-column\"><div class=\"vc-column-text\">Der Standardk\u00f6rper eines Tacx-Direktantriebstrainers ist nicht mit allen Ritzelpaketen kompatibel. Verwenden Sie diesen K\u00f6rper, um eine Campagnolo-Kassette zu montieren. Es ist einfach zu montieren und Sie brauchen nur einen Inbusschl\u00fcssel.<\/p>\n<p>Der Campagnolo-K\u00f6rper ist mit Campagnolo-Ritzelpaketen mit 9 bis 12 G\u00e4ngen kompatibel. Diese Version wird f\u00fcr den Smart Trainer NEO 2T und f\u00fcr die Smart Trainer FLUX 2 und FLUX S mit einem Durchmesser von 12 mm verwendet, die nach M\u00e4rz 2020 gekauft werden.<\/div><\/div><\/div>\n","protected":false},"excerpt":{"rendered":"<h3>F\u00dcR DIESES PRODUKT GELTEN KEINE RABATTCODES<\/h3>\n","protected":false},"featured_media":53598,"template":"","meta":{"_acf_changed":false,"inline_featured_image":false},"product_brand":[],"product_cat":[3344,6351],"product_tag":[3346,6285],"class_list":{"0":"post-173732","1":"product","2":"type-product","3":"status-publish","4":"has-post-thumbnail","6":"product_cat-garmin-de","7":"product_cat-indoor-trainer-de","8":"product_tag-garmin-de","9":"product_tag-tacx-de","10":"pa_marca-tacx-de","11":"pa_sesso-damen","12":"pa_sesso-herren","14":"first","15":"instock","16":"sale","17":"taxable","18":"shipping-taxable","19":"purchasable","20":"product-type-simple"},"acf":[],"yoast_head":"<!-- This site is optimized with the Yoast SEO plugin v26.8 - https:\/\/yoast.com\/product\/yoast-seo-wordpress\/ -->\n<title>Tacx Campagnolo-K\u00f6rper - Interaktive Rollen - MioMioRun<\/title>\n<meta name=\"description\" content=\"Der Standardk\u00f6rper eines Tacx-Direktantriebstrainers ist nicht mit allen Kassetten kompatibel. Verwenden Sie dies, um ihn an die Campagnolo-Kassette anzupassen\" \/>\n<meta name=\"robots\" content=\"index, follow, max-snippet:-1, max-image-preview:large, max-video-preview:-1\" \/>\n<link rel=\"canonical\" href=\"https:\/\/www.miomiorun.com\/de\/produkt\/campagnolo-koerper\/\" \/>\n<meta property=\"og:locale\" content=\"de_DE\" \/>\n<meta property=\"og:type\" content=\"article\" \/>\n<meta property=\"og:title\" content=\"Tacx Campagnolo-K\u00f6rper - Interaktive Rollen - MioMioRun\" \/>\n<meta property=\"og:description\" content=\"Der Standardk\u00f6rper eines Tacx-Direktantriebstrainers ist nicht mit allen Kassetten kompatibel. Verwenden Sie dies, um ihn an die Campagnolo-Kassette anzupassen\" \/>\n<meta property=\"og:url\" content=\"https:\/\/www.miomiorun.com\/de\/produkt\/campagnolo-koerper\/\" \/>\n<meta property=\"og:site_name\" content=\"MioMioRun\" \/>\n<meta property=\"article:publisher\" content=\"https:\/\/www.facebook.com\/miomiorun\/\" \/>\n<meta property=\"article:modified_time\" content=\"2024-05-30T09:19:55+00:00\" \/>\n<meta property=\"og:image\" content=\"https:\/\/www.miomiorun.com\/app\/uploads\/2020\/11\/tacx-corpetto-sram-T2875.76.jpg\" \/>\n\t<meta property=\"og:image:width\" content=\"600\" \/>\n\t<meta property=\"og:image:height\" content=\"600\" \/>\n\t<meta property=\"og:image:type\" content=\"image\/jpeg\" \/>\n<meta name=\"twitter:card\" content=\"summary_large_image\" \/>\n<script type=\"application\/ld+json\" class=\"yoast-schema-graph\">{\"@context\":\"https:\/\/schema.org\",\"@graph\":[{\"@type\":\"WebPage\",\"@id\":\"https:\/\/www.miomiorun.com\/de\/produkt\/campagnolo-koerper\/\",\"url\":\"https:\/\/www.miomiorun.com\/de\/produkt\/campagnolo-koerper\/\",\"name\":\"Tacx Campagnolo-K\u00f6rper - Interaktive Rollen - MioMioRun\",\"isPartOf\":{\"@id\":\"https:\/\/www.miomiorun.com\/de\/#website\"},\"primaryImageOfPage\":{\"@id\":\"https:\/\/www.miomiorun.com\/de\/produkt\/campagnolo-koerper\/#primaryimage\"},\"image\":{\"@id\":\"https:\/\/www.miomiorun.com\/de\/produkt\/campagnolo-koerper\/#primaryimage\"},\"thumbnailUrl\":\"https:\/\/www.miomiorun.com\/app\/uploads\/2020\/11\/tacx-corpetto-sram-T2875.76.jpg\",\"datePublished\":\"2021-11-09T15:07:56+00:00\",\"dateModified\":\"2024-05-30T09:19:55+00:00\",\"description\":\"Der Standardk\u00f6rper eines Tacx-Direktantriebstrainers ist nicht mit allen Kassetten kompatibel. Verwenden Sie dies, um ihn an die Campagnolo-Kassette anzupassen\",\"breadcrumb\":{\"@id\":\"https:\/\/www.miomiorun.com\/de\/produkt\/campagnolo-koerper\/#breadcrumb\"},\"inLanguage\":\"de-DE\",\"potentialAction\":[{\"@type\":\"ReadAction\",\"target\":[\"https:\/\/www.miomiorun.com\/de\/produkt\/campagnolo-koerper\/\"]}]},{\"@type\":\"ImageObject\",\"inLanguage\":\"de-DE\",\"@id\":\"https:\/\/www.miomiorun.com\/de\/produkt\/campagnolo-koerper\/#primaryimage\",\"url\":\"https:\/\/www.miomiorun.com\/app\/uploads\/2020\/11\/tacx-corpetto-sram-T2875.76.jpg\",\"contentUrl\":\"https:\/\/www.miomiorun.com\/app\/uploads\/2020\/11\/tacx-corpetto-sram-T2875.76.jpg\",\"width\":600,\"height\":600,\"caption\":\"tacx corpo sram xd r\"},{\"@type\":\"BreadcrumbList\",\"@id\":\"https:\/\/www.miomiorun.com\/de\/produkt\/campagnolo-koerper\/#breadcrumb\",\"itemListElement\":[{\"@type\":\"ListItem\",\"position\":1,\"name\":\"Home\",\"item\":\"https:\/\/www.miomiorun.com\/de\/\"},{\"@type\":\"ListItem\",\"position\":2,\"name\":\"Shop\",\"item\":\"https:\/\/www.miomiorun.com\/shop\/\"},{\"@type\":\"ListItem\",\"position\":3,\"name\":\"Campagnolo-K\u00f6rper\"}]},{\"@type\":\"WebSite\",\"@id\":\"https:\/\/www.miomiorun.com\/de\/#website\",\"url\":\"https:\/\/www.miomiorun.com\/de\/\",\"name\":\"MioMioRun\",\"description\":\"100% Lauf- und Trailshop\",\"publisher\":{\"@id\":\"https:\/\/www.miomiorun.com\/de\/#organization\"},\"potentialAction\":[{\"@type\":\"SearchAction\",\"target\":{\"@type\":\"EntryPoint\",\"urlTemplate\":\"https:\/\/www.miomiorun.com\/de\/?s={search_term_string}\"},\"query-input\":{\"@type\":\"PropertyValueSpecification\",\"valueRequired\":true,\"valueName\":\"search_term_string\"}}],\"inLanguage\":\"de-DE\"},{\"@type\":\"Organization\",\"@id\":\"https:\/\/www.miomiorun.com\/de\/#organization\",\"name\":\"MioMio Run\",\"url\":\"https:\/\/www.miomiorun.com\/de\/\",\"logo\":{\"@type\":\"ImageObject\",\"inLanguage\":\"de-DE\",\"@id\":\"https:\/\/www.miomiorun.com\/de\/#\/schema\/logo\/image\/\",\"url\":\"https:\/\/www.miomiorun.com\/app\/uploads\/2019\/12\/logomio.png\",\"contentUrl\":\"https:\/\/www.miomiorun.com\/app\/uploads\/2019\/12\/logomio.png\",\"width\":115,\"height\":82,\"caption\":\"MioMio Run\"},\"image\":{\"@id\":\"https:\/\/www.miomiorun.com\/de\/#\/schema\/logo\/image\/\"},\"sameAs\":[\"https:\/\/www.facebook.com\/miomiorun\/\",\"https:\/\/www.instagram.com\/miomiorun\/\"]}]}<\/script>\n<!-- \/ Yoast SEO plugin. -->","yoast_head_json":{"title":"Tacx Campagnolo-K\u00f6rper - Interaktive Rollen - MioMioRun","description":"Der Standardk\u00f6rper eines Tacx-Direktantriebstrainers ist nicht mit allen Kassetten kompatibel. Verwenden Sie dies, um ihn an die Campagnolo-Kassette anzupassen","robots":{"index":"index","follow":"follow","max-snippet":"max-snippet:-1","max-image-preview":"max-image-preview:large","max-video-preview":"max-video-preview:-1"},"canonical":"https:\/\/www.miomiorun.com\/de\/produkt\/campagnolo-koerper\/","og_locale":"de_DE","og_type":"article","og_title":"Tacx Campagnolo-K\u00f6rper - Interaktive Rollen - MioMioRun","og_description":"Der Standardk\u00f6rper eines Tacx-Direktantriebstrainers ist nicht mit allen Kassetten kompatibel. Verwenden Sie dies, um ihn an die Campagnolo-Kassette anzupassen","og_url":"https:\/\/www.miomiorun.com\/de\/produkt\/campagnolo-koerper\/","og_site_name":"MioMioRun","article_publisher":"https:\/\/www.facebook.com\/miomiorun\/","article_modified_time":"2024-05-30T09:19:55+00:00","og_image":[{"width":600,"height":600,"url":"https:\/\/www.miomiorun.com\/app\/uploads\/2020\/11\/tacx-corpetto-sram-T2875.76.jpg","type":"image\/jpeg"}],"twitter_card":"summary_large_image","schema":{"@context":"https:\/\/schema.org","@graph":[{"@type":"WebPage","@id":"https:\/\/www.miomiorun.com\/de\/produkt\/campagnolo-koerper\/","url":"https:\/\/www.miomiorun.com\/de\/produkt\/campagnolo-koerper\/","name":"Tacx Campagnolo-K\u00f6rper - Interaktive Rollen - MioMioRun","isPartOf":{"@id":"https:\/\/www.miomiorun.com\/de\/#website"},"primaryImageOfPage":{"@id":"https:\/\/www.miomiorun.com\/de\/produkt\/campagnolo-koerper\/#primaryimage"},"image":{"@id":"https:\/\/www.miomiorun.com\/de\/produkt\/campagnolo-koerper\/#primaryimage"},"thumbnailUrl":"https:\/\/www.miomiorun.com\/app\/uploads\/2020\/11\/tacx-corpetto-sram-T2875.76.jpg","datePublished":"2021-11-09T15:07:56+00:00","dateModified":"2024-05-30T09:19:55+00:00","description":"Der Standardk\u00f6rper eines Tacx-Direktantriebstrainers ist nicht mit allen Kassetten kompatibel. Verwenden Sie dies, um ihn an die Campagnolo-Kassette anzupassen","breadcrumb":{"@id":"https:\/\/www.miomiorun.com\/de\/produkt\/campagnolo-koerper\/#breadcrumb"},"inLanguage":"de-DE","potentialAction":[{"@type":"ReadAction","target":["https:\/\/www.miomiorun.com\/de\/produkt\/campagnolo-koerper\/"]}]},{"@type":"ImageObject","inLanguage":"de-DE","@id":"https:\/\/www.miomiorun.com\/de\/produkt\/campagnolo-koerper\/#primaryimage","url":"https:\/\/www.miomiorun.com\/app\/uploads\/2020\/11\/tacx-corpetto-sram-T2875.76.jpg","contentUrl":"https:\/\/www.miomiorun.com\/app\/uploads\/2020\/11\/tacx-corpetto-sram-T2875.76.jpg","width":600,"height":600,"caption":"tacx corpo sram xd r"},{"@type":"BreadcrumbList","@id":"https:\/\/www.miomiorun.com\/de\/produkt\/campagnolo-koerper\/#breadcrumb","itemListElement":[{"@type":"ListItem","position":1,"name":"Home","item":"https:\/\/www.miomiorun.com\/de\/"},{"@type":"ListItem","position":2,"name":"Shop","item":"https:\/\/www.miomiorun.com\/shop\/"},{"@type":"ListItem","position":3,"name":"Campagnolo-K\u00f6rper"}]},{"@type":"WebSite","@id":"https:\/\/www.miomiorun.com\/de\/#website","url":"https:\/\/www.miomiorun.com\/de\/","name":"MioMioRun","description":"100% Lauf- und Trailshop","publisher":{"@id":"https:\/\/www.miomiorun.com\/de\/#organization"},"potentialAction":[{"@type":"SearchAction","target":{"@type":"EntryPoint","urlTemplate":"https:\/\/www.miomiorun.com\/de\/?s={search_term_string}"},"query-input":{"@type":"PropertyValueSpecification","valueRequired":true,"valueName":"search_term_string"}}],"inLanguage":"de-DE"},{"@type":"Organization","@id":"https:\/\/www.miomiorun.com\/de\/#organization","name":"MioMio Run","url":"https:\/\/www.miomiorun.com\/de\/","logo":{"@type":"ImageObject","inLanguage":"de-DE","@id":"https:\/\/www.miomiorun.com\/de\/#\/schema\/logo\/image\/","url":"https:\/\/www.miomiorun.com\/app\/uploads\/2019\/12\/logomio.png","contentUrl":"https:\/\/www.miomiorun.com\/app\/uploads\/2019\/12\/logomio.png","width":115,"height":82,"caption":"MioMio Run"},"image":{"@id":"https:\/\/www.miomiorun.com\/de\/#\/schema\/logo\/image\/"},"sameAs":["https:\/\/www.facebook.com\/miomiorun\/","https:\/\/www.instagram.com\/miomiorun\/"]}]}},"_links":{"self":[{"href":"https:\/\/www.miomiorun.com\/de\/wp-json\/wp\/v2\/product\/173732","targetHints":{"allow":["GET"]}}],"collection":[{"href":"https:\/\/www.miomiorun.com\/de\/wp-json\/wp\/v2\/product"}],"about":[{"href":"https:\/\/www.miomiorun.com\/de\/wp-json\/wp\/v2\/types\/product"}],"wp:featuredmedia":[{"embeddable":true,"href":"https:\/\/www.miomiorun.com\/de\/wp-json\/wp\/v2\/media\/53598"}],"wp:attachment":[{"href":"https:\/\/www.miomiorun.com\/de\/wp-json\/wp\/v2\/media?parent=173732"}],"wp:term":[{"taxonomy":"product_brand","embeddable":true,"href":"https:\/\/www.miomiorun.com\/de\/wp-json\/wp\/v2\/product_brand?post=173732"},{"taxonomy":"product_cat","embeddable":true,"href":"https:\/\/www.miomiorun.com\/de\/wp-json\/wp\/v2\/product_cat?post=173732"},{"taxonomy":"product_tag","embeddable":true,"href":"https:\/\/www.miomiorun.com\/de\/wp-json\/wp\/v2\/product_tag?post=173732"}],"curies":[{"name":"wp","href":"https:\/\/api.w.org\/{rel}","templated":true}]}}