{"id":173726,"date":"2020-11-04T11:56:12","date_gmt":"2020-11-04T10:56:12","guid":{"rendered":"https:\/\/miomiorun.com\/prodotto\/garmin-bilancia-index-smart-s2\/"},"modified":"2026-05-08T20:46:17","modified_gmt":"2026-05-08T18:46:17","slug":"garmin-index-smart-s2-waage","status":"publish","type":"product","link":"https:\/\/www.miomiorun.com\/de\/produkt\/garmin-index-smart-s2-waage\/","title":{"rendered":"Index\u2122 Smart S2 Waag"},"content":{"rendered":"<p><div class=\"vc-row container\"><div class=\"vc-column\"><div class=\"vc-column-text\"><\/p>\n<div class=\"top bottom\">\n<h2 class=\"app__overview__intro__title light center\" data-test=\"gc__heading\" data-v-5b9e0d04=\"\">VIEL MEHR ALS EINE WAAGE<\/h2>\n<div class=\"app__overview__intro__description gc__copy gc__copy--light gc__copy--center gc__copy--large\" data-test=\"gc__copy\" data-v-f2ba670e=\"\">\n<p>F\u00fcr Sportler, die trainieren, oder f\u00fcr diejenigen, die einfach versuchen, ein gesundes Gewicht zu halten, bietet diese intelligente Waage auf einem leicht ablesbaren Farbbildschirm eine ganzheitlichere Sicht auf die Gesundheit als das Wiegen.<\/p>\n<\/div>\n<\/div>\n<div><\/div>\n<p><\/div><\/div><\/div><div class=\"vc-row container\"><div class=\"vc-column\"><div class=\"vc-column-text\"><\/p>\n<div class=\"app__feature__card\">\n<p><img decoding=\"async\" class=\"app__feature__card__image\" src=\"https:\/\/static.garmincdn.com\/gdc\/Product_Pages\/ICONS\/body-precent.svg\" alt=\"\" \/><\/p>\n<h3 class=\"app__feature__card__title light left\" data-test=\"gc__heading\" data-v-5b9e0d04=\"\"><\/h3>\n<p class=\"app__feature__card__description\">\u00dcberwacht Fettmasse, Magermasse, Knochenmasse und K\u00f6rperwasserwerte.<\/p>\n<\/div>\n<p><\/div><\/div><div class=\"vc-column\"><div class=\"vc-column-text\"><div class=\"vc-column-text\"><\/div><img decoding=\"async\" class=\"app__feature__card__image\" src=\"https:\/\/static.garmincdn.com\/gdc\/Product_Pages\/ICONS\/ANT_Wireless.svg\" alt=\"\" \/><\/p>\n<h3 class=\"app__feature__card__title light left\" data-test=\"gc__heading\" data-v-5b9e0d04=\"\"><\/h3>\n<p class=\"app__feature__card__description\">Die Verbindung ist dank der integrierten <sup>Wi-Fi\u00ae<\/sup> Technologie einfach und kann mit der Garmin <sup>Connect\u2122<\/sup><sup>1<\/sup> App hergestellt werden.<\/p>\n<p><\/div><\/div><div class=\"vc-column\"><div class=\"vc-column-text\"><div class=\"vc-column-text\"><\/div><\/p>\n<div class=\"app__feature__card\">\n<p><img decoding=\"async\" class=\"app__feature__card__image\" src=\"https:\/\/static.garmincdn.com\/gdc\/Product_Pages\/ICONS\/Garmin_Connect.svg\" alt=\"\" \/><\/p>\n<h3 class=\"app__feature__card__title light left\" data-test=\"gc__heading\" data-v-5b9e0d04=\"\"><\/h3>\n<p class=\"app__feature__card__description\">Es ist wichtig, alle n\u00fctzlichen Statistiken an einem Ort zu haben.<\/p>\n<\/div>\n<p><\/div><\/div><div class=\"vc-column\"><div class=\"vc-column-text\"><\/p>\n<div class=\"app__feature__card\">\n<p><img decoding=\"async\" class=\"app__feature__card__image\" src=\"https:\/\/static.garmincdn.com\/gdc\/Product_Pages\/ICONS\/16-users.svg\" alt=\"\" \/><\/p>\n<h3 class=\"app__feature__card__title light left\" data-test=\"gc__heading\" data-v-5b9e0d04=\"\"><\/h3>\n<p class=\"app__feature__card__description\">Es werden bis zu 16 Benutzer erkannt.<\/p>\n<\/div>\n<p><\/div><\/div><div class=\"vc-column\"><div class=\"vc-column-text\"><div class=\"vc-column-text\"><\/div><\/p>\n<div class=\"app__feature__card\">\n<p><img decoding=\"async\" class=\"app__feature__card__image\" src=\"https:\/\/static.garmincdn.com\/gdc\/Product_Pages\/ICONS\/Battery_Life.svg\" alt=\"\" \/><\/p>\n<h3 class=\"app__feature__card__title light left\" data-test=\"gc__heading\" data-v-5b9e0d04=\"\"><\/h3>\n<p class=\"app__feature__card__description\">\u00dcberwachen Sie Daten bis zu 9 Monate lang, ohne die Batterien zu wechseln.<\/p>\n<\/div>\n<p><\/div><\/div><div class=\"vc-column\"><div class=\"vc-column-text\"><\/p>\n<div class=\"app__feature__card\">\n<p><img decoding=\"async\" class=\"app__feature__card__image\" src=\"https:\/\/static.garmincdn.com\/gdc\/Product_Pages\/ICONS\/Report.svg\" alt=\"\" \/><\/p>\n<h3 class=\"app__feature__card__title light left\" data-test=\"gc__heading\" data-v-5b9e0d04=\"\"><\/h3>\n<p class=\"app__feature__card__description\">Beobachten Sie die Fortschritte im Laufe der Zeit und bleiben Sie motiviert.<\/p>\n<\/div>\n<p><\/div><\/div><\/div><div class=\"vc-row container\"><div class=\"vc-column\"><div style=\"height:32px\" class=\"vc-empty-space\"><\/div><\/div><\/div><div class=\"vc-row container\"><div class=\"vc-column\"><div class=\"vc-column-text\"><\/p>\n<h3>GEWICHT<\/h3>\n<p class=\"app__feature__card__description\">Sehen Sie sich Ihr Gewicht an und beachten Sie die Unterschiede zwischen den Wiegungen.<\/p>\n<p><\/div><\/div><div class=\"vc-column\"><div class=\"vc-column-text\"><\/p>\n<h3>TREND<\/h3>\n<p class=\"app__feature__card__description\">Finden Sie heraus, ob sich Ihr Gewicht in den letzten 30 Tagen ver\u00e4ndert hat. Verfolgen Sie Ihre Messungen langfristig in der Garmin Connect App.<\/p>\n<p><\/div><\/div><div class=\"vc-column\"><div class=\"vc-column-text\"><\/p>\n<h3>BODY-MASS-INDEX<\/h3>\n<p class=\"app__feature__card__description\">Messen Sie Ihr Verh\u00e4ltnis von Masse zu K\u00f6rpergr\u00f6\u00dfe, um herauszufinden, ob Sie gesund sind.<\/p>\n<p><\/div><\/div><div class=\"vc-column\"><div class=\"vc-column-text\"><\/p>\n<h3>FETTMASSE<\/h3>\n<p class=\"app__feature__card__description\">Zeigt an, wie viel Prozent Ihrer Masse aus Fett, essentiellem und Speicherfett besteht.<\/p>\n<p><\/div><\/div><div class=\"vc-column\"><div class=\"vc-column-text\"><div class=\"vc-column-text\"><\/div><\/p>\n<h3>MUSKELMASSE<\/h3>\n<p class=\"app__feature__card__description\">\u00dcberwachen Sie die St\u00e4rkung Ihrer Muskeln anhand des Prozentsatzes der fettfreien K\u00f6rpermasse.<\/p>\n<p><\/div><\/div><div class=\"vc-column\"><div class=\"vc-column-text\"><\/p>\n<h3>KNOCHENMASS<\/h3>\n<p class=\"app__feature__card__description\">Finden Sie heraus, wie viel von Ihrem Gewicht aus Knochenmasse besteht.<\/p>\n<p><\/div><\/div><\/div><div class=\"vc-row container\"><div class=\"vc-column\"><div style=\"height:32px\" class=\"vc-empty-space\"><\/div><\/div><\/div><div class=\"vc-row container\"><div class=\"vc-column\"><div class=\"vc-column-text\"><\/p>\n<h3>K\u00d6RPERWASSERANTEIL<\/h3>\n<p class=\"app__feature__card__description\">Wenn Sie wissen, wie viel Prozent Ihrer Gesamtmasse aus Fl\u00fcssigkeit besteht, kann das hilfreich sein, um zu verstehen, wie hydriert Sie sind.<\/p>\n<p><\/div><\/div><div class=\"vc-column\"><div class=\"vc-column-text\"><\/p>\n<h3>NUR GEWICHT OPTION<\/h3>\n<p class=\"app__feature__card__description\">Wenn Sie nur das Gewicht erfassen m\u00f6chten, k\u00f6nnen Sie alle anderen Daten zur K\u00f6rperzusammensetzung, die Sie nicht erfassen m\u00f6chten, deaktivieren.<\/p>\n<p><\/div><\/div><div class=\"vc-column\"><div class=\"vc-column-text\"><\/p>\n<h3>MEHRFACHES T\u00c4GLICHES WIEGEN<\/h3>\n<p class=\"app__feature__card__description\">Verfolgen Sie die Ver\u00e4nderungen Ihres K\u00f6rpers im Laufe des Tages durch mehrere Wiegungen, sowohl auf der Waage als auch in Garmin Connect.<\/p>\n<p><\/div><\/div><div class=\"vc-column\"><div class=\"vc-column-text\"><\/p>\n<h3>WI-FI-KONNEKTIVIT\u00c4T<\/h3>\n<p class=\"app__feature__card__description\">Synchronisieren Sie Ihre Statistiken ganz einfach \u00fcber eine Wi-Fi-Verbindung mit Ihrem Garmin Connect-Konto.<\/p>\n<p><\/div><\/div><div class=\"vc-column\"><div class=\"vc-column-text\"><\/p>\n<h3>GARMIN CONNECT APP<\/h3>\n<p class=\"app__feature__card__description\">Zeigen Sie Daten an und erhalten Sie Trendgrafiken zu Ihrer Gesundheit.<\/p>\n<p><\/div><\/div><div class=\"vc-column\"><div class=\"vc-column-text\"><div class=\"vc-column-text\"><\/div><\/p>\n<h3>ANPASSBARE ANSICHT<\/h3>\n<p class=\"app__feature__card__description\">W\u00e4hlen Sie die Statistiken aus, die in Garmin Connect angezeigt werden sollen.<\/p>\n<p><\/div><\/div><\/div><div class=\"vc-row container\"><div class=\"vc-column\"><div style=\"height:32px\" class=\"vc-empty-space\"><\/div><\/div><\/div><div class=\"vc-row container\"><div class=\"vc-column\"><div class=\"vc-column-text\"><\/p>\n<h3>ELEGANTES DESIGN<\/h3>\n<p class=\"app__feature__card__description\">Betrachten Sie Ihre Daten auf einem hochaufl\u00f6senden Farbbildschirm und w\u00e4hlen Sie zwischen den Farben Schwarz und Wei\u00df.<\/p>\n<p><\/div><\/div><div class=\"vc-column\"><div class=\"vc-column-text\"><\/p>\n<h3>BIS ZU 16 BENUTZERN<\/h3>\n<p class=\"app__feature__card__description\">Erstellen Sie bis zu 16 Benutzerprofile f\u00fcr Familienmitglieder, Teamkollegen oder Freunde, um individuelle Ziele und Fortschritte zu verfolgen. Jeder Benutzer kann seine Messungen in Garmin Connect synchronisieren und anzeigen.<\/p>\n<p><\/div><\/div><div class=\"vc-column\"><div class=\"vc-column-text\"><\/p>\n<h3>BATTERIE LEBENSDAUER<\/h3>\n<p class=\"app__feature__card__description\">Behalten Sie Ihre Ziele bis zu 9 Monate lang im Auge, ohne die Batterie zu wechseln.<\/p>\n<p><\/div><\/div><div class=\"vc-column\"><div class=\"vc-column-text\"><\/p>\n<h3>WEATHER<\/h3>\n<p class=\"app__feature__card__description\">Das praktische Wetter-Widget zeigt bequem die t\u00e4gliche Vorhersage an, damit Sie Ihren Tag besser planen k\u00f6nnen.<\/p>\n<p><\/div><\/div><\/div>.<\/p>\n","protected":false},"excerpt":{"rendered":"<p>.<\/p>\n","protected":false},"featured_media":53620,"template":"","meta":{"_acf_changed":false,"inline_featured_image":false},"product_brand":[],"product_cat":[3344,6349],"product_tag":[3346],"class_list":{"0":"post-173726","1":"product","2":"type-product","3":"status-publish","4":"has-post-thumbnail","6":"product_cat-garmin-de","7":"product_cat-fitness-de","8":"product_tag-garmin-de","9":"pa_colore-bilancia-index-smart-s2-black-de","10":"pa_colore-bilancia-index-smart-s2-white-de","11":"pa_marca-garmin-de","12":"pa_sesso-damen","13":"pa_sesso-herren","15":"first","16":"instock","17":"sale","18":"taxable","19":"shipping-taxable","20":"purchasable","21":"product-type-variable","22":"wvs-archive-product-wrapper"},"acf":[],"yoast_head":"<!-- This site is optimized with the Yoast SEO plugin v26.8 - https:\/\/yoast.com\/product\/yoast-seo-wordpress\/ -->\n<title>Garmin Index\u2122 Smart S2 Waag - Garmin-Zubeh\u00f6r - MioMioRun<\/title>\n<meta name=\"description\" content=\"Verwenden Sie das Ger\u00e4t f\u00fcr Outdoor-Aktivit\u00e4ten, die mit Fitnessaktivit\u00e4ten auf der Stra\u00dfe oder auf Wanderwegen kompatibel sind.\" \/>\n<meta name=\"robots\" content=\"index, follow, max-snippet:-1, max-image-preview:large, max-video-preview:-1\" \/>\n<link rel=\"canonical\" href=\"https:\/\/www.miomiorun.com\/de\/produkt\/garmin-index-smart-s2-waage\/\" \/>\n<meta property=\"og:locale\" content=\"de_DE\" \/>\n<meta property=\"og:type\" content=\"article\" \/>\n<meta property=\"og:title\" content=\"Garmin Index\u2122 Smart S2 Waag - Garmin-Zubeh\u00f6r - MioMioRun\" \/>\n<meta property=\"og:description\" content=\"Verwenden Sie das Ger\u00e4t f\u00fcr Outdoor-Aktivit\u00e4ten, die mit Fitnessaktivit\u00e4ten auf der Stra\u00dfe oder auf Wanderwegen kompatibel sind.\" \/>\n<meta property=\"og:url\" content=\"https:\/\/www.miomiorun.com\/de\/produkt\/garmin-index-smart-s2-waage\/\" \/>\n<meta property=\"og:site_name\" content=\"MioMioRun\" \/>\n<meta property=\"article:publisher\" content=\"https:\/\/www.facebook.com\/miomiorun\/\" \/>\n<meta property=\"article:modified_time\" content=\"2026-05-08T18:46:17+00:00\" \/>\n<meta property=\"og:image\" content=\"https:\/\/www.miomiorun.com\/app\/uploads\/2020\/11\/garmin-Bilancia-Index\u2122-Smart-S2-010-02294-12.jpg\" \/>\n\t<meta property=\"og:image:width\" content=\"600\" \/>\n\t<meta property=\"og:image:height\" content=\"600\" \/>\n\t<meta property=\"og:image:type\" content=\"image\/jpeg\" \/>\n<meta name=\"twitter:card\" content=\"summary_large_image\" \/>\n<meta name=\"twitter:label1\" content=\"Est. reading time\" \/>\n\t<meta name=\"twitter:data1\" content=\"4 minutes\" \/>\n<script type=\"application\/ld+json\" class=\"yoast-schema-graph\">{\"@context\":\"https:\/\/schema.org\",\"@graph\":[{\"@type\":\"WebPage\",\"@id\":\"https:\/\/www.miomiorun.com\/de\/produkt\/garmin-index-smart-s2-waage\/\",\"url\":\"https:\/\/www.miomiorun.com\/de\/produkt\/garmin-index-smart-s2-waage\/\",\"name\":\"Garmin Index\u2122 Smart S2 Waag - Garmin-Zubeh\u00f6r - MioMioRun\",\"isPartOf\":{\"@id\":\"https:\/\/www.miomiorun.com\/de\/#website\"},\"primaryImageOfPage\":{\"@id\":\"https:\/\/www.miomiorun.com\/de\/produkt\/garmin-index-smart-s2-waage\/#primaryimage\"},\"image\":{\"@id\":\"https:\/\/www.miomiorun.com\/de\/produkt\/garmin-index-smart-s2-waage\/#primaryimage\"},\"thumbnailUrl\":\"https:\/\/www.miomiorun.com\/app\/uploads\/2020\/11\/garmin-Bilancia-Index\u2122-Smart-S2-010-02294-12.jpg\",\"datePublished\":\"2020-11-04T10:56:12+00:00\",\"dateModified\":\"2026-05-08T18:46:17+00:00\",\"description\":\"Verwenden Sie das Ger\u00e4t f\u00fcr Outdoor-Aktivit\u00e4ten, die mit Fitnessaktivit\u00e4ten auf der Stra\u00dfe oder auf Wanderwegen kompatibel sind.\",\"breadcrumb\":{\"@id\":\"https:\/\/www.miomiorun.com\/de\/produkt\/garmin-index-smart-s2-waage\/#breadcrumb\"},\"inLanguage\":\"de-DE\",\"potentialAction\":[{\"@type\":\"ReadAction\",\"target\":[\"https:\/\/www.miomiorun.com\/de\/produkt\/garmin-index-smart-s2-waage\/\"]}]},{\"@type\":\"ImageObject\",\"inLanguage\":\"de-DE\",\"@id\":\"https:\/\/www.miomiorun.com\/de\/produkt\/garmin-index-smart-s2-waage\/#primaryimage\",\"url\":\"https:\/\/www.miomiorun.com\/app\/uploads\/2020\/11\/garmin-Bilancia-Index\u2122-Smart-S2-010-02294-12.jpg\",\"contentUrl\":\"https:\/\/www.miomiorun.com\/app\/uploads\/2020\/11\/garmin-Bilancia-Index\u2122-Smart-S2-010-02294-12.jpg\",\"width\":600,\"height\":600,\"caption\":\"garmin bilancia index smart\"},{\"@type\":\"BreadcrumbList\",\"@id\":\"https:\/\/www.miomiorun.com\/de\/produkt\/garmin-index-smart-s2-waage\/#breadcrumb\",\"itemListElement\":[{\"@type\":\"ListItem\",\"position\":1,\"name\":\"Home\",\"item\":\"https:\/\/www.miomiorun.com\/de\/\"},{\"@type\":\"ListItem\",\"position\":2,\"name\":\"Shop\",\"item\":\"https:\/\/www.miomiorun.com\/shop\/\"},{\"@type\":\"ListItem\",\"position\":3,\"name\":\"Index\u2122 Smart S2 Waag\"}]},{\"@type\":\"WebSite\",\"@id\":\"https:\/\/www.miomiorun.com\/de\/#website\",\"url\":\"https:\/\/www.miomiorun.com\/de\/\",\"name\":\"MioMioRun\",\"description\":\"100% Lauf- und Trailshop\",\"publisher\":{\"@id\":\"https:\/\/www.miomiorun.com\/de\/#organization\"},\"potentialAction\":[{\"@type\":\"SearchAction\",\"target\":{\"@type\":\"EntryPoint\",\"urlTemplate\":\"https:\/\/www.miomiorun.com\/de\/?s={search_term_string}\"},\"query-input\":{\"@type\":\"PropertyValueSpecification\",\"valueRequired\":true,\"valueName\":\"search_term_string\"}}],\"inLanguage\":\"de-DE\"},{\"@type\":\"Organization\",\"@id\":\"https:\/\/www.miomiorun.com\/de\/#organization\",\"name\":\"MioMio Run\",\"url\":\"https:\/\/www.miomiorun.com\/de\/\",\"logo\":{\"@type\":\"ImageObject\",\"inLanguage\":\"de-DE\",\"@id\":\"https:\/\/www.miomiorun.com\/de\/#\/schema\/logo\/image\/\",\"url\":\"https:\/\/www.miomiorun.com\/app\/uploads\/2019\/12\/logomio.png\",\"contentUrl\":\"https:\/\/www.miomiorun.com\/app\/uploads\/2019\/12\/logomio.png\",\"width\":115,\"height\":82,\"caption\":\"MioMio Run\"},\"image\":{\"@id\":\"https:\/\/www.miomiorun.com\/de\/#\/schema\/logo\/image\/\"},\"sameAs\":[\"https:\/\/www.facebook.com\/miomiorun\/\",\"https:\/\/www.instagram.com\/miomiorun\/\"]}]}<\/script>\n<!-- \/ Yoast SEO plugin. -->","yoast_head_json":{"title":"Garmin Index\u2122 Smart S2 Waag - Garmin-Zubeh\u00f6r - MioMioRun","description":"Verwenden Sie das Ger\u00e4t f\u00fcr Outdoor-Aktivit\u00e4ten, die mit Fitnessaktivit\u00e4ten auf der Stra\u00dfe oder auf Wanderwegen kompatibel sind.","robots":{"index":"index","follow":"follow","max-snippet":"max-snippet:-1","max-image-preview":"max-image-preview:large","max-video-preview":"max-video-preview:-1"},"canonical":"https:\/\/www.miomiorun.com\/de\/produkt\/garmin-index-smart-s2-waage\/","og_locale":"de_DE","og_type":"article","og_title":"Garmin Index\u2122 Smart S2 Waag - Garmin-Zubeh\u00f6r - MioMioRun","og_description":"Verwenden Sie das Ger\u00e4t f\u00fcr Outdoor-Aktivit\u00e4ten, die mit Fitnessaktivit\u00e4ten auf der Stra\u00dfe oder auf Wanderwegen kompatibel sind.","og_url":"https:\/\/www.miomiorun.com\/de\/produkt\/garmin-index-smart-s2-waage\/","og_site_name":"MioMioRun","article_publisher":"https:\/\/www.facebook.com\/miomiorun\/","article_modified_time":"2026-05-08T18:46:17+00:00","og_image":[{"width":600,"height":600,"url":"https:\/\/www.miomiorun.com\/app\/uploads\/2020\/11\/garmin-Bilancia-Index\u2122-Smart-S2-010-02294-12.jpg","type":"image\/jpeg"}],"twitter_card":"summary_large_image","twitter_misc":{"Est. reading time":"4 minutes"},"schema":{"@context":"https:\/\/schema.org","@graph":[{"@type":"WebPage","@id":"https:\/\/www.miomiorun.com\/de\/produkt\/garmin-index-smart-s2-waage\/","url":"https:\/\/www.miomiorun.com\/de\/produkt\/garmin-index-smart-s2-waage\/","name":"Garmin Index\u2122 Smart S2 Waag - Garmin-Zubeh\u00f6r - MioMioRun","isPartOf":{"@id":"https:\/\/www.miomiorun.com\/de\/#website"},"primaryImageOfPage":{"@id":"https:\/\/www.miomiorun.com\/de\/produkt\/garmin-index-smart-s2-waage\/#primaryimage"},"image":{"@id":"https:\/\/www.miomiorun.com\/de\/produkt\/garmin-index-smart-s2-waage\/#primaryimage"},"thumbnailUrl":"https:\/\/www.miomiorun.com\/app\/uploads\/2020\/11\/garmin-Bilancia-Index\u2122-Smart-S2-010-02294-12.jpg","datePublished":"2020-11-04T10:56:12+00:00","dateModified":"2026-05-08T18:46:17+00:00","description":"Verwenden Sie das Ger\u00e4t f\u00fcr Outdoor-Aktivit\u00e4ten, die mit Fitnessaktivit\u00e4ten auf der Stra\u00dfe oder auf Wanderwegen kompatibel sind.","breadcrumb":{"@id":"https:\/\/www.miomiorun.com\/de\/produkt\/garmin-index-smart-s2-waage\/#breadcrumb"},"inLanguage":"de-DE","potentialAction":[{"@type":"ReadAction","target":["https:\/\/www.miomiorun.com\/de\/produkt\/garmin-index-smart-s2-waage\/"]}]},{"@type":"ImageObject","inLanguage":"de-DE","@id":"https:\/\/www.miomiorun.com\/de\/produkt\/garmin-index-smart-s2-waage\/#primaryimage","url":"https:\/\/www.miomiorun.com\/app\/uploads\/2020\/11\/garmin-Bilancia-Index\u2122-Smart-S2-010-02294-12.jpg","contentUrl":"https:\/\/www.miomiorun.com\/app\/uploads\/2020\/11\/garmin-Bilancia-Index\u2122-Smart-S2-010-02294-12.jpg","width":600,"height":600,"caption":"garmin bilancia index smart"},{"@type":"BreadcrumbList","@id":"https:\/\/www.miomiorun.com\/de\/produkt\/garmin-index-smart-s2-waage\/#breadcrumb","itemListElement":[{"@type":"ListItem","position":1,"name":"Home","item":"https:\/\/www.miomiorun.com\/de\/"},{"@type":"ListItem","position":2,"name":"Shop","item":"https:\/\/www.miomiorun.com\/shop\/"},{"@type":"ListItem","position":3,"name":"Index\u2122 Smart S2 Waag"}]},{"@type":"WebSite","@id":"https:\/\/www.miomiorun.com\/de\/#website","url":"https:\/\/www.miomiorun.com\/de\/","name":"MioMioRun","description":"100% Lauf- und Trailshop","publisher":{"@id":"https:\/\/www.miomiorun.com\/de\/#organization"},"potentialAction":[{"@type":"SearchAction","target":{"@type":"EntryPoint","urlTemplate":"https:\/\/www.miomiorun.com\/de\/?s={search_term_string}"},"query-input":{"@type":"PropertyValueSpecification","valueRequired":true,"valueName":"search_term_string"}}],"inLanguage":"de-DE"},{"@type":"Organization","@id":"https:\/\/www.miomiorun.com\/de\/#organization","name":"MioMio Run","url":"https:\/\/www.miomiorun.com\/de\/","logo":{"@type":"ImageObject","inLanguage":"de-DE","@id":"https:\/\/www.miomiorun.com\/de\/#\/schema\/logo\/image\/","url":"https:\/\/www.miomiorun.com\/app\/uploads\/2019\/12\/logomio.png","contentUrl":"https:\/\/www.miomiorun.com\/app\/uploads\/2019\/12\/logomio.png","width":115,"height":82,"caption":"MioMio Run"},"image":{"@id":"https:\/\/www.miomiorun.com\/de\/#\/schema\/logo\/image\/"},"sameAs":["https:\/\/www.facebook.com\/miomiorun\/","https:\/\/www.instagram.com\/miomiorun\/"]}]}},"_links":{"self":[{"href":"https:\/\/www.miomiorun.com\/de\/wp-json\/wp\/v2\/product\/173726","targetHints":{"allow":["GET"]}}],"collection":[{"href":"https:\/\/www.miomiorun.com\/de\/wp-json\/wp\/v2\/product"}],"about":[{"href":"https:\/\/www.miomiorun.com\/de\/wp-json\/wp\/v2\/types\/product"}],"wp:featuredmedia":[{"embeddable":true,"href":"https:\/\/www.miomiorun.com\/de\/wp-json\/wp\/v2\/media\/53620"}],"wp:attachment":[{"href":"https:\/\/www.miomiorun.com\/de\/wp-json\/wp\/v2\/media?parent=173726"}],"wp:term":[{"taxonomy":"product_brand","embeddable":true,"href":"https:\/\/www.miomiorun.com\/de\/wp-json\/wp\/v2\/product_brand?post=173726"},{"taxonomy":"product_cat","embeddable":true,"href":"https:\/\/www.miomiorun.com\/de\/wp-json\/wp\/v2\/product_cat?post=173726"},{"taxonomy":"product_tag","embeddable":true,"href":"https:\/\/www.miomiorun.com\/de\/wp-json\/wp\/v2\/product_tag?post=173726"}],"curies":[{"name":"wp","href":"https:\/\/api.w.org\/{rel}","templated":true}]}}