{"id":173716,"date":"2022-10-04T12:00:23","date_gmt":"2022-10-04T10:00:23","guid":{"rendered":"https:\/\/miomiorun.com\/prodotto\/garmin-venu-sq-2\/"},"modified":"2025-02-28T12:28:46","modified_gmt":"2025-02-28T11:28:46","slug":"garmin-venu-sq-2","status":"publish","type":"product","link":"https:\/\/www.miomiorun.com\/de\/produkt\/garmin-venu-sq-2\/","title":{"rendered":"Venu SQ 2"},"content":{"rendered":"<p><div class=\"vc-row container\"><div class=\"vc-column\"><div class=\"vc-column-text\"><\/p>\n<div class=\"app__overview__intro\">\n<div class=\"app__layout-container app__layout-container--small app__layout-container--light\">\n<h2 class=\"app__life-style__text\">Mehr und l\u00e4nger trainieren<\/h2>\n<div class=\"app__overview__intro__description gc__copy gc__copy--light gc__copy--center gc__copy--large\" data-test=\"gc__copy\" data-v-f2ba670e=\"\">\n<p class=\"app__life-style__text\">Batterielebensdauer von bis zu 11 Tagen. Mit dem Venu SQ 2 erhalten Sie ein vollst\u00e4ndiges Bild Ihrer Gesundheit. Entdecken Sie eine neue Art der Bewegung<br \/>\nmit \u00fcber 25 integrierten Sportprofilen, kostenlosen Trainings und Garmin Coach Lauftrainingspl\u00e4nen. Bleiben Sie durch die Kopplung mit APPLE\u00ae- und ANDROID\u2122-Smartphones in Verbindung.<\/p>\n<\/div>\n<\/div>\n<\/div>\n<p><\/div><div style=\"height:32px\" class=\"vc-empty-space\"><\/div><div style=\"height:32px\" class=\"vc-empty-space\"><\/div><\/div><\/div><div class=\"vc-row container\"><div class=\"vc-column\"><div class=\"vc-column-text\"><\/p>\n<h3 style=\"text-align: center;\">LADEPROBLEME? NEIN DANKE!<\/h3>\n<p>Mit einer Akkulaufzeit von bis zu 11 Tagen im Smartwatch-Modus und bis zu 26 Stunden bei eingeschaltetem GPS m\u00fcssen Sie die Uhr nicht jede Nacht abnehmen, um sie aufzuladen, was bedeutet, dass Sie Ihre Gesundheit rund um die Uhr \u00fcberwachen k\u00f6nnen.<\/div><\/div><div class=\"vc-column\"><div class=\"vc-column-text\"><\/p>\n<h3 style=\"text-align: center;\">EINE UHR F\u00dcR JEDEN TAG<\/h3>\n<p>Die Venu Sq 2 Smartwatch hat ein Design, das zu jedem Outfit passt, und Sie k\u00f6nnen sie sogar individuell gestalten, indem Sie die Details f\u00fcr das Geh\u00e4use und das Armband ausw\u00e4hlen, die Ihnen am besten gefallen. Das helle AMOLED-Display und der optionale &#8220;Always on&#8221;-Modus lassen Sie die wichtigsten Daten auf einen Blick sehen.<\/div><\/div><div class=\"vc-column\"><div class=\"vc-column-text\"><\/p>\n<h3 style=\"text-align: center;\">GEMACHT, UM SICH MIT IHNEN ZU BEWEGEN<\/h3>\n<p>Vom widerstandsf\u00e4higen <sup>Corning\u00ae<\/sup> <sup>Gorilla\u00ae<\/sup> Glass 3 \u00fcber die leichte Aluminiuml\u00fcnette bis hin zum bequemen Silikonarmband &#8211; diese Smartwatch ist daf\u00fcr gemacht, mit Ihrem Lebensstil Schritt zu halten.<\/div><\/div><div class=\"vc-column\"><div class=\"vc-column-text\"><\/p>\n<h3 style=\"text-align: center;\">HERZFREQUENZ AM HANDGELENK<\/h3>\n<p>Die Uhr zeichnet mehrmals pro Sekunde Ihre Herzfrequenz auf und warnt Sie, wenn sie zu hoch oder zu niedrig ist, wenn Sie sich ausruhen. Sie erm\u00f6glicht es Ihnen auch, die Intensit\u00e4t Ihrer Aktivit\u00e4ten zu messen, sogar beim Schwimmen.<\/div><\/div><div class=\"vc-column\"><div class=\"vc-column-text\"><\/p>\n<h3 style=\"text-align: center;\">BODY BATTERY\u2122 ENERGIE\u00dcBERWACHUNG<\/h3>\n<p>Sie k\u00f6nnen den Energielevel Ihres K\u00f6rpers \u00fcber den Tag hinweg beobachten, so dass Sie wissen, wann die beste Zeit f\u00fcr k\u00f6rperliche Aktivit\u00e4t ist und wann es am besten ist, sich auszuruhen, um Ihre Batterien wieder aufzuladen.<\/div><\/div><div class=\"vc-column\"><div class=\"vc-column-text\"><\/p>\n<h3 style=\"text-align: center;\">SCHLAF\u00dcBERWACHUNG UND -AUSWERTUNG<\/h3>\n<p>Finden Sie heraus, wie sich Ihr K\u00f6rper dank unserer Schlaf\u00fcberwachungsfunktion erholt. Wenn Sie aufwachen, erhalten Sie einen Score sowie Details zu Ihren Schlafphasen, Pulsoximetrie und Atmung sowie detaillierte Empfehlungen zur Verbesserung Ihrer Schlafqualit\u00e4t.<\/div><\/div><\/div><div class=\"vc-row container\"><div class=\"vc-column\"><div style=\"height:32px\" class=\"vc-empty-space\"><\/div><\/div><\/div><div class=\"vc-row container\"><div class=\"vc-column\"><div class=\"vc-column-text\"><\/p>\n<h3 style=\"text-align: center;\">STRESSERKENNUNG<\/h3>\n<p>Finden Sie dank der 24\/7-\u00dcberwachung heraus, ob Ihr Tag ruhig, ausgeglichen oder stressig ist. Entspannungserinnerungen laden Sie zu kurzen Atem\u00fcbungen ein, wenn die Uhr einen hohen Stresszustand feststellt.<\/div><\/div><div class=\"vc-column\"><div class=\"vc-column-text\"><\/p>\n<h3 style=\"text-align: center;\">HEALTH SNAPSHOT\u2122-FUNKTION<\/h3>\n<p>Mit einer 2-min\u00fctigen Sitzung k\u00f6nnen Sie wichtige Statistiken wie Herzfrequenz und deren Variabilit\u00e4t, Sauerstoffs\u00e4ttigung, Atmung und Stress aufzeichnen. Die Smartwatch erstellt dann einen Bericht \u00fcber diese Daten, den Sie \u00fcber die Garmin Connect\u2122-App auf Ihrem kompatiblen Smartphone teilen k\u00f6nnen.<\/div><\/div><div class=\"vc-column\"><div class=\"vc-column-text\"><\/p>\n<h3 style=\"text-align: center;\">MENSTRUATIONSZYKLUS UND SCHWANGERSCHAFT<\/h3>\n<p>Verwenden Sie die Garmin Connect-App, um Ihren Menstruationszyklus oder Ihre Schwangerschaft zu \u00fcberwachen. Zeichnen Sie Symptome auf, erhalten Sie Bewegungs- und Ern\u00e4hrungstipps. Mit der App zur \u00dcberwachung der Frauengesundheit k\u00f6nnen Sie sogar Details auf Ihrem Handgelenk aufzeichnen und anzeigen.<\/div><\/div><div class=\"vc-column\"><div class=\"vc-column-text\"><\/p>\n<h3 style=\"text-align: center;\">Puls-Ox-Sensor<\/h3>\n<p>Mit dem Pulsox-Sensor k\u00f6nnen Sie die Sauerstoffs\u00e4ttigung im Blut tags\u00fcber und im Schlaf messen, um zu wissen, wie viel Sauerstoff Ihr K\u00f6rper aufnimmt.<\/div><\/div><div class=\"vc-column\"><div class=\"vc-column-text\"><\/p>\n<h3 style=\"text-align: center;\">FITNESS AGE<\/h3>\n<p>Diese Funktion verwendet Ihr chronologisches Alter, Ihre w\u00f6chentliche k\u00f6rperliche Aktivit\u00e4t, Ihre Herzfrequenz in Ruhe und Ihren BMI oder K\u00f6rperfettanteil, um festzustellen, ob Ihr K\u00f6rper j\u00fcnger oder j\u00fcnger als Ihr Alter ist. Au\u00dferdem k\u00f6nnen Sie Vorschl\u00e4ge zur Senkung Ihres Fitness-Alters erhalten.<\/div><\/div><div class=\"vc-column\"><div class=\"vc-column-text\"><\/p>\n<h3 style=\"text-align: center;\">BEWUSSTES ATMEN<\/h3>\n<p>Um sich zu entspannen oder zu konzentrieren, k\u00f6nnen Sie eine Atem\u00fcbung starten: Die Uhr erkennt Stress und Atmung und leitet Sie an, damit Sie wissen, wie Sie am besten atmen k\u00f6nnen.<\/div><\/div><\/div><div class=\"vc-row container\"><div class=\"vc-column\"><div style=\"height:32px\" class=\"vc-empty-space\"><\/div><\/div><\/div><div class=\"vc-row container\"><div class=\"vc-column\"><div class=\"vc-column-text\"><\/p>\n<h3 style=\"text-align: center;\">HYDRATION<\/h3>\n<p>Protokollieren Sie Ihre t\u00e4gliche Fl\u00fcssigkeitsaufnahme, um sich daran zu erinnern, dass Sie hydriert bleiben. Sie k\u00f6nnen auch ein automatisches Ziel festlegen, das sich an die bei Aktivit\u00e4ten verlorene Schwei\u00dfmenge anpasst.<\/div><\/div><div class=\"vc-column\"><div class=\"vc-column-text\"><\/p>\n<h3 style=\"text-align: center;\">ATMUNG<\/h3>\n<p>\u00dcberpr\u00fcfen Sie, wie Sie w\u00e4hrend des Tages, im Schlaf und bei Atem\u00fcbungen und Yogaaktivit\u00e4ten atmen.<\/div><\/div><div class=\"vc-column\"><div class=\"vc-column-text\"><\/p>\n<h3 style=\"text-align: center;\">VORINSTALLIERTE SPORTPROFILE<\/h3>\n<p>Zeichnen Sie alle Arten von Aktivit\u00e4ten mit mehr als 25 vorinstallierten Apps f\u00fcr Outdoor- und Indoor-Sportarten auf, darunter Gehen, Laufen, Radfahren, Poolschwimmen, Golf, HIIT, Tennis und viele mehr.<\/div><\/div><div class=\"vc-column\"><div class=\"vc-column-text\"><\/p>\n<h3 style=\"text-align: center;\">VORINSTALLIERTE WORKOUTS<\/h3>\n<p>\u00dcberlassen Sie es der Uhr, den perfekten Zeitplan mit vorinstallierten Cardio-, funktionellen Kraft-, Yoga-, HIIT- und Pilates-Trainings zu erstellen &#8211; alles, was Sie tun m\u00fcssen, ist trainieren. Mit der Garmin Connect App kannst du weitere Trainingseinheiten kostenlos herunterladen.<\/div><\/div><div class=\"vc-column\"><div class=\"vc-column-text\"><\/p>\n<h3 style=\"text-align: center;\">ERSTELLEN VON WORKOUTS<\/h3>\n<p>W\u00e4hlen Sie aus \u00fcber 1.600 \u00dcbungen, um in der Garmin Connect App auf Ihrem kompatiblen Smartphone personalisierte Trainings zu erstellen und auf die Uhr herunterzuladen.<\/div><\/div><div class=\"vc-column\"><div class=\"vc-column-text\"><\/p>\n<h3 style=\"text-align: center;\">HIIT-WORKOUTS<\/h3>\n<p>Verwenden Sie dieses neue Aktivit\u00e4tsprofil mit verschiedenen Timern, um HIIT-Workouts wie AMRAP, EMOM, Tabata und benutzerdefinierte Workouts aufzuzeichnen. Legen Sie die Anzahl der Runden, Aktivit\u00e4ts-\/Ruheintervalle und mehr fest.<\/div><\/div><\/div><div class=\"vc-row container\"><div class=\"vc-column\"><div style=\"height:32px\" class=\"vc-empty-space\"><\/div><\/div><\/div><div class=\"vc-row container\"><div class=\"vc-column\"><div class=\"vc-column-text\"><\/p>\n<h3 style=\"text-align: center;\">GARMIN COACH<\/h3>\n<p>Nutzen Sie die Vorteile eines kostenlosen pers\u00f6nlichen Lauftrainers an Ihrem Handgelenk, der Sie beim Training f\u00fcr Ihren n\u00e4chsten 5K, 10K oder Halbmarathon unterst\u00fctzt.<\/div><\/div><div class=\"vc-column\"><div class=\"vc-column-text\"><\/p>\n<h3 style=\"text-align: center;\">FITNESS-TRACKING<\/h3>\n<p>W\u00e4hrend der Aktivit\u00e4t zeichnet der Venu Sq 2 Schritte, Intensit\u00e4tsminuten, verbrannte Kalorien und mehr auf. Mit der Garmin Connect App kannst du diese Daten sogar zwischen mehreren Garmin Smartwatches synchronisieren.<\/div><\/div><div class=\"vc-column\"><div class=\"vc-column-text\"><\/p>\n<h3 style=\"text-align: center;\">MINUTEN DER INTENSIT\u00c4T<\/h3>\n<p>Behalten Sie Ihre moderaten und intensiven Aktivit\u00e4tsminuten im Auge und finden Sie heraus, zu welcher Tageszeit und w\u00e4hrend welcher Aktivit\u00e4t Sie sie gesammelt haben. Sie k\u00f6nnen sie auch als Datenfeld auf der Uhr hinzuf\u00fcgen, um sie bei zeitlich begrenzten Aktivit\u00e4ten anzuzeigen.<\/div><\/div><div class=\"vc-column\"><div class=\"vc-column-text\"><\/p>\n<h3 style=\"text-align: center;\">INTELLIGENTE BENACHRICHTIGUNG<\/h3>\n<p>Empfangen Sie E-Mails, SMS und Benachrichtigungen direkt auf Ihrer Uhr, wenn diese mit Ihrem Apple- oder Android-Smartphone gekoppelt ist. Sie k\u00f6nnen auch auf Nachrichten antworten, wenn Sie ein Android-Telefon haben.<\/div><\/div><div class=\"vc-column\"><div class=\"vc-column-text\"><\/p>\n<h3 style=\"text-align: center;\">ORTUNGS- UND SICHERHEITSFUNKTIONEN<\/h3>\n<p>Wenn Sie Hilfe ben\u00f6tigen und die Uhr mit einem kompatiblen Smartphone gekoppelt ist, k\u00f6nnen Sie ganz einfach eine Nachricht mit Ihrem Echtzeit-Standort an vorgew\u00e4hlte Kontakte senden.<\/div><\/div><\/div><div class=\"vc-row container\"><div class=\"vc-column\"><div style=\"height:32px\" class=\"vc-empty-space\"><\/div><\/div><\/div><div class=\"vc-row container\"><div class=\"vc-column\"><div class=\"vc-column-text\"><\/p>\n<h3 style=\"text-align: center;\">KONTAKTLOSE ZAHLUNGEN<\/h3>\n<p>Bezahlen Sie sicher, einfach und schnell mit dem kontaktlosen Zahlungssystem Garmin Pay &#8211; nur bei zugelassenen Anbietern.<\/div><\/div><div class=\"vc-column\"><div class=\"vc-column-text\"><\/p>\n<h3 style=\"text-align: center;\">CONNECT IQ\u2122 STORE<\/h3>\n<p>Laden Sie ausgew\u00e4hlte Apps, Zifferbl\u00e4tter und mehr aus dem Connect IQ Store auf Ihre Uhr herunter oder finden Sie weitere Optionen in der Smartphone-App. Es ist einfach und vor allem kostenlos.<\/div><\/div><div class=\"vc-column\"><div class=\"vc-column-text\"><\/p>\n<h3 style=\"text-align: center;\">ENERGIESPARMODUS<\/h3>\n<p>Sie k\u00f6nnen noch mehr aus Ihrer Smartwatch herausholen, indem Sie diese Einstellung aktivieren oder deaktivieren, um die Akkulaufzeit zu optimieren.<\/div><\/div><div class=\"vc-column\"><div class=\"vc-column-text\"><\/p>\n<h3 style=\"text-align: center;\">WASSERDICHT<\/h3>\n<p>Machen Sie sich keine Sorgen, dass Ihre Uhr nass werden k\u00f6nnte, sie wurde genau daf\u00fcr entwickelt.<\/div><\/div><div class=\"vc-column\"><div class=\"vc-column-text\"><\/p>\n<h3 style=\"text-align: center;\">GARMIN CONNECT APP<\/h3>\n<p>Zeigen Sie Informationen \u00fcber Ihre Gesundheit und Fitness an, verbinden Sie sich mit Freunden und treten Sie gegen sie an, melden Sie sich f\u00fcr Herausforderungen an und verdienen Sie sich Abzeichen &#8211; alles in einer kostenlosen App.<\/div><\/div><\/div><\/p>\n","protected":false},"excerpt":{"rendered":"","protected":false},"featured_media":87441,"template":"","meta":{"_acf_changed":false,"inline_featured_image":false},"product_brand":[],"product_cat":[3344,6355,6353,6349],"product_tag":[3346],"class_list":{"0":"post-173716","1":"product","2":"type-product","3":"status-publish","4":"has-post-thumbnail","6":"product_cat-garmin-de","7":"product_cat-laufen-de","8":"product_cat-schwimmen-de","9":"product_cat-fitness-de","10":"product_tag-garmin-de","11":"pa_colore-venu-sq-2-cool-mint-metallic-mint-de","12":"pa_colore-venu-sq-2-french-gray-cream-gold-de","13":"pa_colore-venu-sq-2-music-black-slate-de","14":"pa_colore-venu-sq-2-music-ivory-peach-gold-de","15":"pa_colore-venu-sq-2-shadow-gray-slate-de","16":"pa_colore-venu-sq-2-white-cream-gold-de","17":"pa_marca-garmin-de","18":"pa_modello-music-de","19":"pa_modello-standard-de","20":"pa_sesso-damen","21":"pa_sesso-herren","23":"first","24":"instock","25":"sale","26":"taxable","27":"shipping-taxable","28":"purchasable","29":"product-type-variable","30":"wvs-archive-product-wrapper"},"acf":[],"yoast_head":"<!-- This site is optimized with the Yoast SEO plugin v26.8 - https:\/\/yoast.com\/product\/yoast-seo-wordpress\/ -->\n<title>Garmin Venu SQ 2 - Garmin-Ger\u00e4te - MioMioRun.com<\/title>\n<meta name=\"description\" content=\"Batterielebensdauer von bis zu 11 Tagen. Venu SQ 2 gibt Ihnen ein vollst\u00e4ndiges Bild Ihrer Gesundheit und eine neue Art der Fortbewegung\" \/>\n<meta name=\"robots\" content=\"index, follow, max-snippet:-1, max-image-preview:large, max-video-preview:-1\" \/>\n<link rel=\"canonical\" href=\"https:\/\/www.miomiorun.com\/de\/produkt\/garmin-venu-sq-2\/\" \/>\n<meta property=\"og:locale\" content=\"de_DE\" \/>\n<meta property=\"og:type\" content=\"article\" \/>\n<meta property=\"og:title\" content=\"Garmin Venu SQ 2 - Garmin-Ger\u00e4te - MioMioRun.com\" \/>\n<meta property=\"og:description\" content=\"Batterielebensdauer von bis zu 11 Tagen. Venu SQ 2 gibt Ihnen ein vollst\u00e4ndiges Bild Ihrer Gesundheit und eine neue Art der Fortbewegung\" \/>\n<meta property=\"og:url\" content=\"https:\/\/www.miomiorun.com\/de\/produkt\/garmin-venu-sq-2\/\" \/>\n<meta property=\"og:site_name\" content=\"MioMioRun\" \/>\n<meta property=\"article:publisher\" content=\"https:\/\/www.facebook.com\/miomiorun\/\" \/>\n<meta property=\"article:modified_time\" content=\"2025-02-28T11:28:46+00:00\" \/>\n<meta property=\"og:image\" content=\"https:\/\/www.miomiorun.com\/app\/uploads\/2022\/10\/garmin-venu-sq-2-shadow-gray-slate-010-02701-10.jpg\" \/>\n\t<meta property=\"og:image:width\" content=\"600\" \/>\n\t<meta property=\"og:image:height\" content=\"600\" \/>\n\t<meta property=\"og:image:type\" content=\"image\/jpeg\" \/>\n<meta name=\"twitter:card\" content=\"summary_large_image\" \/>\n<meta name=\"twitter:label1\" content=\"Est. reading time\" \/>\n\t<meta name=\"twitter:data1\" content=\"8 minutes\" \/>\n<script type=\"application\/ld+json\" class=\"yoast-schema-graph\">{\"@context\":\"https:\/\/schema.org\",\"@graph\":[{\"@type\":\"WebPage\",\"@id\":\"https:\/\/www.miomiorun.com\/de\/produkt\/garmin-venu-sq-2\/\",\"url\":\"https:\/\/www.miomiorun.com\/de\/produkt\/garmin-venu-sq-2\/\",\"name\":\"Garmin Venu SQ 2 - Garmin-Ger\u00e4te - MioMioRun.com\",\"isPartOf\":{\"@id\":\"https:\/\/www.miomiorun.com\/de\/#website\"},\"primaryImageOfPage\":{\"@id\":\"https:\/\/www.miomiorun.com\/de\/produkt\/garmin-venu-sq-2\/#primaryimage\"},\"image\":{\"@id\":\"https:\/\/www.miomiorun.com\/de\/produkt\/garmin-venu-sq-2\/#primaryimage\"},\"thumbnailUrl\":\"https:\/\/www.miomiorun.com\/app\/uploads\/2022\/10\/garmin-venu-sq-2-shadow-gray-slate-010-02701-10.jpg\",\"datePublished\":\"2022-10-04T10:00:23+00:00\",\"dateModified\":\"2025-02-28T11:28:46+00:00\",\"description\":\"Batterielebensdauer von bis zu 11 Tagen. Venu SQ 2 gibt Ihnen ein vollst\u00e4ndiges Bild Ihrer Gesundheit und eine neue Art der Fortbewegung\",\"breadcrumb\":{\"@id\":\"https:\/\/www.miomiorun.com\/de\/produkt\/garmin-venu-sq-2\/#breadcrumb\"},\"inLanguage\":\"de-DE\",\"potentialAction\":[{\"@type\":\"ReadAction\",\"target\":[\"https:\/\/www.miomiorun.com\/de\/produkt\/garmin-venu-sq-2\/\"]}]},{\"@type\":\"ImageObject\",\"inLanguage\":\"de-DE\",\"@id\":\"https:\/\/www.miomiorun.com\/de\/produkt\/garmin-venu-sq-2\/#primaryimage\",\"url\":\"https:\/\/www.miomiorun.com\/app\/uploads\/2022\/10\/garmin-venu-sq-2-shadow-gray-slate-010-02701-10.jpg\",\"contentUrl\":\"https:\/\/www.miomiorun.com\/app\/uploads\/2022\/10\/garmin-venu-sq-2-shadow-gray-slate-010-02701-10.jpg\",\"width\":600,\"height\":600,\"caption\":\"garmin-venu-sq-2-shadow-gray-slate-010-02701-10\"},{\"@type\":\"BreadcrumbList\",\"@id\":\"https:\/\/www.miomiorun.com\/de\/produkt\/garmin-venu-sq-2\/#breadcrumb\",\"itemListElement\":[{\"@type\":\"ListItem\",\"position\":1,\"name\":\"Home\",\"item\":\"https:\/\/www.miomiorun.com\/de\/\"},{\"@type\":\"ListItem\",\"position\":2,\"name\":\"Shop\",\"item\":\"https:\/\/www.miomiorun.com\/shop\/\"},{\"@type\":\"ListItem\",\"position\":3,\"name\":\"Venu SQ 2\"}]},{\"@type\":\"WebSite\",\"@id\":\"https:\/\/www.miomiorun.com\/de\/#website\",\"url\":\"https:\/\/www.miomiorun.com\/de\/\",\"name\":\"MioMioRun\",\"description\":\"100% Lauf- und Trailshop\",\"publisher\":{\"@id\":\"https:\/\/www.miomiorun.com\/de\/#organization\"},\"potentialAction\":[{\"@type\":\"SearchAction\",\"target\":{\"@type\":\"EntryPoint\",\"urlTemplate\":\"https:\/\/www.miomiorun.com\/de\/?s={search_term_string}\"},\"query-input\":{\"@type\":\"PropertyValueSpecification\",\"valueRequired\":true,\"valueName\":\"search_term_string\"}}],\"inLanguage\":\"de-DE\"},{\"@type\":\"Organization\",\"@id\":\"https:\/\/www.miomiorun.com\/de\/#organization\",\"name\":\"MioMio Run\",\"url\":\"https:\/\/www.miomiorun.com\/de\/\",\"logo\":{\"@type\":\"ImageObject\",\"inLanguage\":\"de-DE\",\"@id\":\"https:\/\/www.miomiorun.com\/de\/#\/schema\/logo\/image\/\",\"url\":\"https:\/\/www.miomiorun.com\/app\/uploads\/2019\/12\/logomio.png\",\"contentUrl\":\"https:\/\/www.miomiorun.com\/app\/uploads\/2019\/12\/logomio.png\",\"width\":115,\"height\":82,\"caption\":\"MioMio Run\"},\"image\":{\"@id\":\"https:\/\/www.miomiorun.com\/de\/#\/schema\/logo\/image\/\"},\"sameAs\":[\"https:\/\/www.facebook.com\/miomiorun\/\",\"https:\/\/www.instagram.com\/miomiorun\/\"]}]}<\/script>\n<!-- \/ Yoast SEO plugin. -->","yoast_head_json":{"title":"Garmin Venu SQ 2 - Garmin-Ger\u00e4te - MioMioRun.com","description":"Batterielebensdauer von bis zu 11 Tagen. Venu SQ 2 gibt Ihnen ein vollst\u00e4ndiges Bild Ihrer Gesundheit und eine neue Art der Fortbewegung","robots":{"index":"index","follow":"follow","max-snippet":"max-snippet:-1","max-image-preview":"max-image-preview:large","max-video-preview":"max-video-preview:-1"},"canonical":"https:\/\/www.miomiorun.com\/de\/produkt\/garmin-venu-sq-2\/","og_locale":"de_DE","og_type":"article","og_title":"Garmin Venu SQ 2 - Garmin-Ger\u00e4te - MioMioRun.com","og_description":"Batterielebensdauer von bis zu 11 Tagen. Venu SQ 2 gibt Ihnen ein vollst\u00e4ndiges Bild Ihrer Gesundheit und eine neue Art der Fortbewegung","og_url":"https:\/\/www.miomiorun.com\/de\/produkt\/garmin-venu-sq-2\/","og_site_name":"MioMioRun","article_publisher":"https:\/\/www.facebook.com\/miomiorun\/","article_modified_time":"2025-02-28T11:28:46+00:00","og_image":[{"width":600,"height":600,"url":"https:\/\/www.miomiorun.com\/app\/uploads\/2022\/10\/garmin-venu-sq-2-shadow-gray-slate-010-02701-10.jpg","type":"image\/jpeg"}],"twitter_card":"summary_large_image","twitter_misc":{"Est. reading time":"8 minutes"},"schema":{"@context":"https:\/\/schema.org","@graph":[{"@type":"WebPage","@id":"https:\/\/www.miomiorun.com\/de\/produkt\/garmin-venu-sq-2\/","url":"https:\/\/www.miomiorun.com\/de\/produkt\/garmin-venu-sq-2\/","name":"Garmin Venu SQ 2 - Garmin-Ger\u00e4te - MioMioRun.com","isPartOf":{"@id":"https:\/\/www.miomiorun.com\/de\/#website"},"primaryImageOfPage":{"@id":"https:\/\/www.miomiorun.com\/de\/produkt\/garmin-venu-sq-2\/#primaryimage"},"image":{"@id":"https:\/\/www.miomiorun.com\/de\/produkt\/garmin-venu-sq-2\/#primaryimage"},"thumbnailUrl":"https:\/\/www.miomiorun.com\/app\/uploads\/2022\/10\/garmin-venu-sq-2-shadow-gray-slate-010-02701-10.jpg","datePublished":"2022-10-04T10:00:23+00:00","dateModified":"2025-02-28T11:28:46+00:00","description":"Batterielebensdauer von bis zu 11 Tagen. Venu SQ 2 gibt Ihnen ein vollst\u00e4ndiges Bild Ihrer Gesundheit und eine neue Art der Fortbewegung","breadcrumb":{"@id":"https:\/\/www.miomiorun.com\/de\/produkt\/garmin-venu-sq-2\/#breadcrumb"},"inLanguage":"de-DE","potentialAction":[{"@type":"ReadAction","target":["https:\/\/www.miomiorun.com\/de\/produkt\/garmin-venu-sq-2\/"]}]},{"@type":"ImageObject","inLanguage":"de-DE","@id":"https:\/\/www.miomiorun.com\/de\/produkt\/garmin-venu-sq-2\/#primaryimage","url":"https:\/\/www.miomiorun.com\/app\/uploads\/2022\/10\/garmin-venu-sq-2-shadow-gray-slate-010-02701-10.jpg","contentUrl":"https:\/\/www.miomiorun.com\/app\/uploads\/2022\/10\/garmin-venu-sq-2-shadow-gray-slate-010-02701-10.jpg","width":600,"height":600,"caption":"garmin-venu-sq-2-shadow-gray-slate-010-02701-10"},{"@type":"BreadcrumbList","@id":"https:\/\/www.miomiorun.com\/de\/produkt\/garmin-venu-sq-2\/#breadcrumb","itemListElement":[{"@type":"ListItem","position":1,"name":"Home","item":"https:\/\/www.miomiorun.com\/de\/"},{"@type":"ListItem","position":2,"name":"Shop","item":"https:\/\/www.miomiorun.com\/shop\/"},{"@type":"ListItem","position":3,"name":"Venu SQ 2"}]},{"@type":"WebSite","@id":"https:\/\/www.miomiorun.com\/de\/#website","url":"https:\/\/www.miomiorun.com\/de\/","name":"MioMioRun","description":"100% Lauf- und Trailshop","publisher":{"@id":"https:\/\/www.miomiorun.com\/de\/#organization"},"potentialAction":[{"@type":"SearchAction","target":{"@type":"EntryPoint","urlTemplate":"https:\/\/www.miomiorun.com\/de\/?s={search_term_string}"},"query-input":{"@type":"PropertyValueSpecification","valueRequired":true,"valueName":"search_term_string"}}],"inLanguage":"de-DE"},{"@type":"Organization","@id":"https:\/\/www.miomiorun.com\/de\/#organization","name":"MioMio Run","url":"https:\/\/www.miomiorun.com\/de\/","logo":{"@type":"ImageObject","inLanguage":"de-DE","@id":"https:\/\/www.miomiorun.com\/de\/#\/schema\/logo\/image\/","url":"https:\/\/www.miomiorun.com\/app\/uploads\/2019\/12\/logomio.png","contentUrl":"https:\/\/www.miomiorun.com\/app\/uploads\/2019\/12\/logomio.png","width":115,"height":82,"caption":"MioMio Run"},"image":{"@id":"https:\/\/www.miomiorun.com\/de\/#\/schema\/logo\/image\/"},"sameAs":["https:\/\/www.facebook.com\/miomiorun\/","https:\/\/www.instagram.com\/miomiorun\/"]}]}},"_links":{"self":[{"href":"https:\/\/www.miomiorun.com\/de\/wp-json\/wp\/v2\/product\/173716","targetHints":{"allow":["GET"]}}],"collection":[{"href":"https:\/\/www.miomiorun.com\/de\/wp-json\/wp\/v2\/product"}],"about":[{"href":"https:\/\/www.miomiorun.com\/de\/wp-json\/wp\/v2\/types\/product"}],"wp:featuredmedia":[{"embeddable":true,"href":"https:\/\/www.miomiorun.com\/de\/wp-json\/wp\/v2\/media\/87441"}],"wp:attachment":[{"href":"https:\/\/www.miomiorun.com\/de\/wp-json\/wp\/v2\/media?parent=173716"}],"wp:term":[{"taxonomy":"product_brand","embeddable":true,"href":"https:\/\/www.miomiorun.com\/de\/wp-json\/wp\/v2\/product_brand?post=173716"},{"taxonomy":"product_cat","embeddable":true,"href":"https:\/\/www.miomiorun.com\/de\/wp-json\/wp\/v2\/product_cat?post=173716"},{"taxonomy":"product_tag","embeddable":true,"href":"https:\/\/www.miomiorun.com\/de\/wp-json\/wp\/v2\/product_tag?post=173716"}],"curies":[{"name":"wp","href":"https:\/\/api.w.org\/{rel}","templated":true}]}}