{"id":173711,"date":"2021-06-03T11:00:45","date_gmt":"2021-06-03T09:00:45","guid":{"rendered":"https:\/\/miomiorun.com\/prodotto\/garmin-forerunner-55\/"},"modified":"2026-03-11T19:50:09","modified_gmt":"2026-03-11T18:50:09","slug":"garmin-forerunner-55","status":"publish","type":"product","link":"https:\/\/www.miomiorun.com\/de\/produkt\/garmin-forerunner-55\/","title":{"rendered":"Forerunner 55"},"content":{"rendered":"<p><div class=\"vc-row container\"><div class=\"vc-column\"><div class=\"vc-column-text\"><\/p>\n<h2>BETRACHTEN SIE SICH ALS L\u00c4UFER<\/h2>\n<p>Mit dieser benutzerfreundlichen GPS-Smartwatch k\u00f6nnen Menschen aller Leistungsniveaus ihre Statistiken \u00fcberwachen und Fitnessziele verfolgen.<\/div><\/div><\/div><div class=\"vc-row container\"><div class=\"vc-column\"><\/div><\/div><div class=\"vc-row container\"><div class=\"vc-column\"><div class=\"vc-column-text\"><\/p>\n<div class=\"app__feature__card\" data-translate=\"\">\n<p><img decoding=\"async\" class=\"app__feature__card__image\" src=\"https:\/\/static.garmincdn.com\/gdc\/Product_Pages\/ICONS\/GPS_tracking.svg\" alt=\"\" \/><\/p>\n<h3 class=\"app__feature__card__title light left\" data-test=\"gc__heading\" data-v-5b9e0d04=\"\"><\/h3>\n<p class=\"app__feature__card__description\">Dank des integrierten GPS k\u00f6nnen Sie Ihre Zeit, Entfernung, Pace und Geschwindigkeit beim Laufen oder Gehen \u00fcberpr\u00fcfen.<\/p>\n<\/div>\n<p><\/div><\/div><div class=\"vc-column\"><div class=\"vc-column-text\"><\/p>\n<div class=\"app__feature__card\" data-translate=\"\">\n<p><img decoding=\"async\" class=\"app__feature__card__image\" src=\"https:\/\/static.garmincdn.com\/gdc\/Product_Pages\/ICONS\/Health_And_Fitness_Tracking.svg\" alt=\"\" \/><\/p>\n<h3 class=\"app__feature__card__title light left\" data-test=\"gc__heading\" data-v-5b9e0d04=\"\"><\/h3>\n<p class=\"app__feature__card__description\">Die Anzeige der Herzfrequenz am Handgelenk und andere Funktionen erm\u00f6glichen es Ihnen, Ihre allgemeine Gesundheit und Ihr Wohlbefinden zu \u00fcberwachen.<\/p>\n<\/div>\n<p><\/div><\/div><div class=\"vc-column\"><div class=\"vc-column-text\"><\/p>\n<div class=\"app__feature__card\" data-translate=\"\">\n<p><img decoding=\"async\" class=\"app__feature__card__image\" src=\"https:\/\/static.garmincdn.com\/gdc\/Product_Pages\/ICONS\/TRAINING-GUIDANCE.svg\" alt=\"\" \/><\/p>\n<h3 class=\"app__feature__card__title light left\" data-test=\"gc__heading\" data-v-5b9e0d04=\"\"><\/h3>\n<p class=\"app__feature__card__description\">Trainieren Sie ohne Unsicherheit. Diese Smartwatch empfiehlt ma\u00dfgeschneiderte L\u00e4ufe f\u00fcr Sie.<\/p>\n<\/div>\n<p><\/div><\/div><div class=\"vc-column\"><div class=\"vc-column-text\"><\/p>\n<div class=\"app__feature__card\" data-translate=\"\">\n<p><img decoding=\"async\" class=\"app__feature__card__image\" src=\"https:\/\/static.garmincdn.com\/gdc\/Product_Pages\/ICONS\/recovery.svg\" alt=\"\" \/><\/p>\n<h3 class=\"app__feature__card__title light left\" data-test=\"gc__heading\" data-v-5b9e0d04=\"\"><\/h3>\n<p class=\"app__feature__card__description\">Die Lauffunktionen, mit denen Sie Ihr volles Potenzial aussch\u00f6pfen k\u00f6nnen, sind hochwertig, aber der Preis ist es nicht.<\/p>\n<\/div>\n<p><\/div><\/div><div class=\"vc-column\"><div class=\"vc-column-text\"><\/p>\n<div class=\"app__feature__card\" data-translate=\"\">\n<p><img decoding=\"async\" class=\"app__feature__card__image\" src=\"https:\/\/static.garmincdn.com\/gdc\/Product_Pages\/ICONS\/Advanced-Wellness.svg\" alt=\"\" \/><\/p>\n<h3 class=\"app__feature__card__title light left\" data-test=\"gc__heading\" data-v-5b9e0d04=\"\"><\/h3>\n<p class=\"app__feature__card__description\">Dank einer Reihe von integrierten Aktivit\u00e4tsprofilen \u00fcberwacht es weit mehr als nur das Laufen.<\/p>\n<\/div>\n<p><\/div><\/div><div class=\"vc-column\"><div class=\"vc-column-text\"><\/p>\n<div class=\"app__feature__card\" data-translate=\"\">\n<p><img decoding=\"async\" class=\"app__feature__card__image\" src=\"https:\/\/static.garmincdn.com\/gdc\/Product_Pages\/ICONS\/Battery_Life.svg\" alt=\"\" \/><\/p>\n<h3 class=\"app__feature__card__title light left\" data-test=\"gc__heading\" data-v-5b9e0d04=\"\"><\/h3>\n<p class=\"app__feature__card__description\">Bis zu 2 Wochen Akkulaufzeit, denn weniger Nachladungen sind immer gut.<\/p>\n<\/div>\n<p><\/div><\/div><\/div><div class=\"vc-row container\"><div class=\"vc-column\"><div style=\"height:32px\" class=\"vc-empty-space\"><\/div><\/div><\/div><div class=\"vc-row container\"><div class=\"vc-column\"><div class=\"vc-column-text\"><\/p>\n<h3>DESIGN UND FUNKTIONALIT\u00c4T<\/h3>\n<p>Diese leichte und bequeme Smartwatch ist perfekt zum Laufen und f\u00fcr den Alltag geeignet.<\/div><\/div><div class=\"vc-column\"><div class=\"vc-column-text\"><\/p>\n<h3>MATERIALIEN F\u00dcR DEN SPORT<\/h3>\n<p>Ob Sie einen 5 km-Lauf absolvieren oder bei einer HIIT-Einheit ins Schwitzen kommen &#8211; mit diesem Silikon-Sportarmband erleben Sie den ultimativen Komfort.<\/div><\/div><div class=\"vc-column\"><div class=\"vc-column-text\"><\/p>\n<h3>Integriertes GPS<\/h3>\n<p>Aktivieren Sie den GPS-Empfang w\u00e4hrend des Laufens und erhalten Sie genaue Statistiken, einschlie\u00dflich Distanz, Tempo und AutoLap.<\/div><\/div><div class=\"vc-column\"><div class=\"vc-column-text\"><\/p>\n<h3>HERZFREQUENZ AM HANDGELENK<\/h3>\n<p>Wenn Ihre Herzfrequenz im Ruhezustand hoch bleibt, erhalten Sie Herzfrequenzdaten und Warnmeldungen. Ihre Herzfrequenz wird auch bei Aktivit\u00e4t gemessen.<\/div><\/div><div class=\"vc-column\"><div class=\"vc-column-text\"><\/p>\n<h3>GARMIN COACHES<\/h3>\n<p>Diese werden von erfahrenen Trainern geleitet und an Ihre Ergebnisse angepasst. Ihre Trainingseinheiten werden direkt mit Ihrer Uhr synchronisiert.<\/div><\/div><div class=\"vc-column\"><div class=\"vc-column-text\"><\/p>\n<h3>VORGESCHLAGENE T\u00c4GLICHE TRAININGSEINHEITEN<\/h3>\n<p>Um Ihnen ma\u00dfgeschneiderte Trainingspl\u00e4ne zu bieten, sind die t\u00e4glichen Laufvorschl\u00e4ge von unterschiedlicher Intensit\u00e4t, abh\u00e4ngig von Ihrer Trainingshistorie, Ihrem Fitnessniveau und Ihrer Erholungszeit.<\/div><\/div><\/div><div class=\"vc-row container\"><div class=\"vc-column\"><div style=\"height:32px\" class=\"vc-empty-space\"><\/div><\/div><\/div><div class=\"vc-row container\"><div class=\"vc-column\"><div class=\"vc-column-text\"><\/p>\n<h3>PACEPRO\u2122-TECHNOLOGIE<\/h3>\n<p>Diese Funktion unterst\u00fctzt Sie bei der Planung einer Strategie f\u00fcr den Wettkampftag und bietet eine GPS-basierte Pace-Anleitung f\u00fcr die in der Garmin Connect\u2122-App ausgew\u00e4hlte Strecke oder Distanz. Sie k\u00f6nnen dann Ihre Leistung entsprechend der noch zu bew\u00e4ltigenden Distanz kalibrieren.<\/div><\/div><div class=\"vc-column\"><div class=\"vc-column-text\"><\/p>\n<h3>ENDE ZEIT<\/h3>\n<p>M\u00f6chten Sie einen Hinweis, um Ihr Ziel leichter zu erreichen? W\u00e4hlen Sie eine Strecke f\u00fcr den Lauf aus, um einen Datenbildschirm mit der voraussichtlichen Endzeit anzuzeigen.<\/div><\/div><div class=\"vc-column\"><div class=\"vc-column-text\"><\/p>\n<h3>Laufen auf der Bahn<\/h3>\n<p>Wenn Sie mit dem Training auf der Bahn beginnen, um Ihre Geschwindigkeit zu erh\u00f6hen, k\u00f6nnen Sie mit der integrierten Bahnlaufaktivit\u00e4t die Rundenabst\u00e4nde genau aufzeichnen und in Metern anzeigen.<\/div><\/div><div class=\"vc-column\"><div class=\"vc-column-text\"><\/p>\n<h3>TRITTFREQUENZ-WARNUNGEN<\/h3>\n<p>M\u00f6chten Sie Ihre Laufleistung verbessern? Nutzen Sie die Trittfrequenzwarnungen, um zu wissen, wann Sie Ihren Zieltrittfrequenzbereich \u00fcberschritten haben.<\/div><\/div><div class=\"vc-column\"><div class=\"vc-column-text\"><\/p>\n<h3>DIE ERHOLUNGSWARNUNG<\/h3>\n<p>Es ist wichtig, dass Sie Ihrem K\u00f6rper zwischen den Trainingseinheiten Zeit zur Erholung geben. Nach jedem Training zeigt eine integrierte Erholungszeitfunktion an, wie viel Ruhe Sie brauchen, bevor Sie eine neue Trainingseinheit beginnen.<\/div><\/div><\/div><div class=\"vc-row container\"><div class=\"vc-column\"><div style=\"height:32px\" class=\"vc-empty-space\"><\/div><\/div><\/div><div class=\"vc-row container\"><div class=\"vc-column\"><div class=\"vc-column-text\"><\/p>\n<h3>RENNEN VORSCHAU<\/h3>\n<p>Dieses spezielle Tool ber\u00fccksichtigt Ihr Fitnessniveau und Ihre Trainingshistorie, um Sie bei der Ann\u00e4herung an Ihr Rennziel zu unterst\u00fctzen und die Auswirkungen des Trainings auf Ihre voraussichtliche Endzeit zu kontrollieren.<\/div><\/div><div class=\"vc-column\"><div class=\"vc-column-text\"><\/p>\n<h3>VORINSTALLIERTE SPORTPROFILE<\/h3>\n<p>\u00c4ndern Sie Ihre Trainingsroutine, indem Sie Aktivit\u00e4tsprofile f\u00fcr Bahn- oder virtuelles Laufen, Schwimmbadschwimmen, Pilates, HIIT und sogar Atem\u00fcbungen ausw\u00e4hlen.<\/div><\/div><div class=\"vc-column\"><div class=\"vc-column-text\"><\/p>\n<h3>BATTERIE LEBENSDAUER<\/h3>\n<p>Dank des Akkus, der im Smartwatch-Modus bis zu 2 Wochen und im GPS-Modus bis zu 20 Stunden h\u00e4lt, kannst du beim Laufen deine Lieblingsmusik h\u00f6ren.<\/div><\/div><div class=\"vc-column\"><div class=\"vc-column-text\"><\/p>\n<h3>FITNESS-DATEN<\/h3>\n<p>Der Forerunner 55 erfasst den ganzen Tag \u00fcber Schritte, Minuten der Intensit\u00e4t und vieles mehr.<\/div><\/div><div class=\"vc-column\"><div class=\"vc-column-text\"><\/p>\n<h3>Stresserkennung<\/h3>\n<p>Finden Sie heraus, ob der aktuelle Tag ruhig, ausgeglichen oder stressig ist. Die Entspannungserinnerungen laden Sie auch zu kurzen Atem\u00fcbungen ein.<\/div><\/div><\/div><div class=\"vc-row container\"><div class=\"vc-column\"><div style=\"height:32px\" class=\"vc-empty-space\"><\/div><\/div><\/div><div class=\"vc-row container\"><div class=\"vc-column\"><div class=\"vc-column-text\"><\/p>\n<h3>BODY BATTERY\u2122 ENERGIE\u00dcBERWACHUNG<\/h3>\n<p>Misst das Energieniveau Ihres K\u00f6rpers, um zu wissen, wann die beste Zeit f\u00fcr Training und Ruhe ist.<\/div><\/div><div class=\"vc-column\"><div class=\"vc-column-text\"><\/p>\n<h3>MINUTEN DER INTENSIT\u00c4T<\/h3>\n<p>Ermitteln Sie, zu welchen Tageszeiten Sie die Intensit\u00e4tsminuten nach m\u00e4\u00dfiger und starker k\u00f6rperlicher Aktivit\u00e4t aufgezeichnet haben.<\/div><\/div><div class=\"vc-column\"><div class=\"vc-column-text\"><\/p>\n<h3>FITNESS AGE<\/h3>\n<p>Diese Funktion verwendet Ihr chronologisches Alter, Ihre Ruheherzfrequenz und andere Faktoren, um zu sch\u00e4tzen, ob Ihr K\u00f6rper j\u00fcnger oder j\u00fcnger als Ihr Alter ist. Schlie\u00dflich ist das Alter nur eine Zahl.<\/div><\/div><div class=\"vc-column\"><div class=\"vc-column-text\"><\/p>\n<h3>ATEM-ERKENNUNG<\/h3>\n<p>Finden Sie heraus, wie Sie w\u00e4hrend des Tages, im Schlaf und bei Atem\u00fcbungen atmen.<\/div><\/div><div class=\"vc-column\"><div class=\"vc-column-text\"><\/p>\n<h3>\u00dcBERWACHUNG DES MENSTRUATIONSZYKLUS<\/h3>\n<p>Verwenden Sie die Garmin Connect App, um Ihren Menstruationszyklus oder Ihre Schwangerschaft zu \u00fcberwachen. Protokollieren Sie Ihre Symptome, erhalten Sie Trainings- und Ern\u00e4hrungstipps und vieles mehr.<\/div><\/div><\/div><div class=\"vc-row container\"><div class=\"vc-column\"><div style=\"height:32px\" class=\"vc-empty-space\"><\/div><\/div><\/div><div class=\"vc-row container\"><div class=\"vc-column\"><div class=\"vc-column-text\"><\/p>\n<h3>Intelligente Benachrichtigung<\/h3>\n<p>Empfangen Sie E-Mails, Nachrichten und Benachrichtigungen direkt auf Ihrer Uhr, wenn diese mit einem kompatiblen Smartphone gekoppelt ist.<\/div><\/div><div class=\"vc-column\"><div class=\"vc-column-text\"><\/p>\n<h3>Sicherheits- und Erkennungsfunktionen<\/h3>\n<p>Wenn Sie sich nicht in Sicherheit befinden oder die Uhr feststellt, dass sich ein Unfall ereignet hat, senden die Sicherheits- und Unfallerkennungsfunktionen Ihren Standort an Notfallkontakte.<\/div><\/div><div class=\"vc-column\"><div class=\"vc-column-text\"><\/p>\n<h3>CONNECT IQ\u2122 STORE<\/h3>\n<p>Laden Sie individuelle Zifferbl\u00e4tter herunter, f\u00fcgen Sie Datenfelder hinzu und laden Sie Apps aus dem Connect IQ-Store herunter.<\/div><\/div><div class=\"vc-column\"><div class=\"vc-column-text\"><\/p>\n<h3>MUSIKSTEUERUNGEN<\/h3>\n<p>Steuern Sie ganz einfach die Musikwiedergabe auf Ihrem Smartphone, damit Sie Titel \u00fcberspringen k\u00f6nnen, ohne den Takt zu verlieren.<\/div><\/div><div class=\"vc-column\"><div class=\"vc-column-text\"><\/p>\n<h3>SYNCHRONISIERUNG MIT GARMIN CONNECT<\/h3>\n<p>Laden Sie Ihre Aktivit\u00e4ten auf die Garmin Connect App hoch, um mit einer st\u00e4ndig aktiven Online-Community zu interagieren, mit der Sie sich jederzeit verbinden und an Wettk\u00e4mpfen teilnehmen k\u00f6nnen &#8211; und sogar Ihre Ergebnisse \u00fcber soziale Medien teilen k\u00f6nnen.<\/div><\/div><\/div><\/p>\n","protected":false},"excerpt":{"rendered":"<ul>\n<li>GPS sportwatch pratico, funzionale e leggero<\/li>\n<li>20h autonomia batteria in modalit\u00e0 GPS<\/li>\n<li>profili attivit\u00e0 corsa, bici, nuoto e molto altro<\/li>\n<\/ul>\n","protected":false},"featured_media":55885,"template":"","meta":{"_acf_changed":false,"inline_featured_image":false},"product_brand":[],"product_cat":[3344,6355,6353,6370],"product_tag":[3346],"class_list":{"0":"post-173711","1":"product","2":"type-product","3":"status-publish","4":"has-post-thumbnail","6":"product_cat-garmin-de","7":"product_cat-laufen-de","8":"product_cat-schwimmen-de","9":"product_cat-smartwatches-de","10":"product_tag-garmin-de","11":"pa_colore-forerunner-55-aqua-de","12":"pa_colore-forerunner-55-black-de","13":"pa_colore-forerunner-55-whitestone-de","14":"pa_marca-garmin-de","15":"pa_sesso-damen","16":"pa_sesso-herren","18":"first","19":"outofstock","20":"sale","21":"taxable","22":"shipping-taxable","23":"purchasable","24":"product-type-variable","25":"wvs-archive-product-wrapper"},"acf":[],"yoast_head":"<!-- This site is optimized with the Yoast SEO plugin v26.8 - https:\/\/yoast.com\/product\/yoast-seo-wordpress\/ -->\n<title>Garmin Forerunner 55 - Garmin-Ger\u00e4te - MioMioRun.com<\/title>\n<meta name=\"description\" content=\"Mit dieser GPS-Smartwatch k\u00f6nnen Menschen aller Leistungsstufen ihre Statistiken \u00fcberwachen und Fitnessziele verfolgen.\" \/>\n<meta name=\"robots\" content=\"index, follow, max-snippet:-1, max-image-preview:large, max-video-preview:-1\" \/>\n<link rel=\"canonical\" href=\"https:\/\/www.miomiorun.com\/de\/produkt\/garmin-forerunner-55\/\" \/>\n<meta property=\"og:locale\" content=\"de_DE\" \/>\n<meta property=\"og:type\" content=\"article\" \/>\n<meta property=\"og:title\" content=\"Garmin Forerunner 55 - Garmin-Ger\u00e4te - MioMioRun.com\" \/>\n<meta property=\"og:description\" content=\"Mit dieser GPS-Smartwatch k\u00f6nnen Menschen aller Leistungsstufen ihre Statistiken \u00fcberwachen und Fitnessziele verfolgen.\" \/>\n<meta property=\"og:url\" content=\"https:\/\/www.miomiorun.com\/de\/produkt\/garmin-forerunner-55\/\" \/>\n<meta property=\"og:site_name\" content=\"MioMioRun\" \/>\n<meta property=\"article:publisher\" content=\"https:\/\/www.facebook.com\/miomiorun\/\" \/>\n<meta property=\"article:modified_time\" content=\"2026-03-11T18:50:09+00:00\" \/>\n<meta property=\"og:image\" content=\"https:\/\/www.miomiorun.com\/app\/uploads\/2021\/06\/garmin-forerunner-45-010-02562-10.jpg\" \/>\n\t<meta property=\"og:image:width\" content=\"600\" \/>\n\t<meta property=\"og:image:height\" content=\"600\" \/>\n\t<meta property=\"og:image:type\" content=\"image\/jpeg\" \/>\n<meta name=\"twitter:card\" content=\"summary_large_image\" \/>\n<meta name=\"twitter:label1\" content=\"Est. reading time\" \/>\n\t<meta name=\"twitter:data1\" content=\"6 minutes\" \/>\n<script type=\"application\/ld+json\" class=\"yoast-schema-graph\">{\"@context\":\"https:\/\/schema.org\",\"@graph\":[{\"@type\":\"WebPage\",\"@id\":\"https:\/\/www.miomiorun.com\/de\/produkt\/garmin-forerunner-55\/\",\"url\":\"https:\/\/www.miomiorun.com\/de\/produkt\/garmin-forerunner-55\/\",\"name\":\"Garmin Forerunner 55 - Garmin-Ger\u00e4te - MioMioRun.com\",\"isPartOf\":{\"@id\":\"https:\/\/www.miomiorun.com\/de\/#website\"},\"primaryImageOfPage\":{\"@id\":\"https:\/\/www.miomiorun.com\/de\/produkt\/garmin-forerunner-55\/#primaryimage\"},\"image\":{\"@id\":\"https:\/\/www.miomiorun.com\/de\/produkt\/garmin-forerunner-55\/#primaryimage\"},\"thumbnailUrl\":\"https:\/\/www.miomiorun.com\/app\/uploads\/2021\/06\/garmin-forerunner-45-010-02562-10.jpg\",\"datePublished\":\"2021-06-03T09:00:45+00:00\",\"dateModified\":\"2026-03-11T18:50:09+00:00\",\"description\":\"Mit dieser GPS-Smartwatch k\u00f6nnen Menschen aller Leistungsstufen ihre Statistiken \u00fcberwachen und Fitnessziele verfolgen.\",\"breadcrumb\":{\"@id\":\"https:\/\/www.miomiorun.com\/de\/produkt\/garmin-forerunner-55\/#breadcrumb\"},\"inLanguage\":\"de-DE\",\"potentialAction\":[{\"@type\":\"ReadAction\",\"target\":[\"https:\/\/www.miomiorun.com\/de\/produkt\/garmin-forerunner-55\/\"]}]},{\"@type\":\"ImageObject\",\"inLanguage\":\"de-DE\",\"@id\":\"https:\/\/www.miomiorun.com\/de\/produkt\/garmin-forerunner-55\/#primaryimage\",\"url\":\"https:\/\/www.miomiorun.com\/app\/uploads\/2021\/06\/garmin-forerunner-45-010-02562-10.jpg\",\"contentUrl\":\"https:\/\/www.miomiorun.com\/app\/uploads\/2021\/06\/garmin-forerunner-45-010-02562-10.jpg\",\"width\":600,\"height\":600,\"caption\":\"garmin forerunner 55\"},{\"@type\":\"BreadcrumbList\",\"@id\":\"https:\/\/www.miomiorun.com\/de\/produkt\/garmin-forerunner-55\/#breadcrumb\",\"itemListElement\":[{\"@type\":\"ListItem\",\"position\":1,\"name\":\"Home\",\"item\":\"https:\/\/www.miomiorun.com\/de\/\"},{\"@type\":\"ListItem\",\"position\":2,\"name\":\"Shop\",\"item\":\"https:\/\/www.miomiorun.com\/shop\/\"},{\"@type\":\"ListItem\",\"position\":3,\"name\":\"Forerunner 55\"}]},{\"@type\":\"WebSite\",\"@id\":\"https:\/\/www.miomiorun.com\/de\/#website\",\"url\":\"https:\/\/www.miomiorun.com\/de\/\",\"name\":\"MioMioRun\",\"description\":\"100% Lauf- und Trailshop\",\"publisher\":{\"@id\":\"https:\/\/www.miomiorun.com\/de\/#organization\"},\"potentialAction\":[{\"@type\":\"SearchAction\",\"target\":{\"@type\":\"EntryPoint\",\"urlTemplate\":\"https:\/\/www.miomiorun.com\/de\/?s={search_term_string}\"},\"query-input\":{\"@type\":\"PropertyValueSpecification\",\"valueRequired\":true,\"valueName\":\"search_term_string\"}}],\"inLanguage\":\"de-DE\"},{\"@type\":\"Organization\",\"@id\":\"https:\/\/www.miomiorun.com\/de\/#organization\",\"name\":\"MioMio Run\",\"url\":\"https:\/\/www.miomiorun.com\/de\/\",\"logo\":{\"@type\":\"ImageObject\",\"inLanguage\":\"de-DE\",\"@id\":\"https:\/\/www.miomiorun.com\/de\/#\/schema\/logo\/image\/\",\"url\":\"https:\/\/www.miomiorun.com\/app\/uploads\/2019\/12\/logomio.png\",\"contentUrl\":\"https:\/\/www.miomiorun.com\/app\/uploads\/2019\/12\/logomio.png\",\"width\":115,\"height\":82,\"caption\":\"MioMio Run\"},\"image\":{\"@id\":\"https:\/\/www.miomiorun.com\/de\/#\/schema\/logo\/image\/\"},\"sameAs\":[\"https:\/\/www.facebook.com\/miomiorun\/\",\"https:\/\/www.instagram.com\/miomiorun\/\"]}]}<\/script>\n<!-- \/ Yoast SEO plugin. -->","yoast_head_json":{"title":"Garmin Forerunner 55 - Garmin-Ger\u00e4te - MioMioRun.com","description":"Mit dieser GPS-Smartwatch k\u00f6nnen Menschen aller Leistungsstufen ihre Statistiken \u00fcberwachen und Fitnessziele verfolgen.","robots":{"index":"index","follow":"follow","max-snippet":"max-snippet:-1","max-image-preview":"max-image-preview:large","max-video-preview":"max-video-preview:-1"},"canonical":"https:\/\/www.miomiorun.com\/de\/produkt\/garmin-forerunner-55\/","og_locale":"de_DE","og_type":"article","og_title":"Garmin Forerunner 55 - Garmin-Ger\u00e4te - MioMioRun.com","og_description":"Mit dieser GPS-Smartwatch k\u00f6nnen Menschen aller Leistungsstufen ihre Statistiken \u00fcberwachen und Fitnessziele verfolgen.","og_url":"https:\/\/www.miomiorun.com\/de\/produkt\/garmin-forerunner-55\/","og_site_name":"MioMioRun","article_publisher":"https:\/\/www.facebook.com\/miomiorun\/","article_modified_time":"2026-03-11T18:50:09+00:00","og_image":[{"width":600,"height":600,"url":"https:\/\/www.miomiorun.com\/app\/uploads\/2021\/06\/garmin-forerunner-45-010-02562-10.jpg","type":"image\/jpeg"}],"twitter_card":"summary_large_image","twitter_misc":{"Est. reading time":"6 minutes"},"schema":{"@context":"https:\/\/schema.org","@graph":[{"@type":"WebPage","@id":"https:\/\/www.miomiorun.com\/de\/produkt\/garmin-forerunner-55\/","url":"https:\/\/www.miomiorun.com\/de\/produkt\/garmin-forerunner-55\/","name":"Garmin Forerunner 55 - Garmin-Ger\u00e4te - MioMioRun.com","isPartOf":{"@id":"https:\/\/www.miomiorun.com\/de\/#website"},"primaryImageOfPage":{"@id":"https:\/\/www.miomiorun.com\/de\/produkt\/garmin-forerunner-55\/#primaryimage"},"image":{"@id":"https:\/\/www.miomiorun.com\/de\/produkt\/garmin-forerunner-55\/#primaryimage"},"thumbnailUrl":"https:\/\/www.miomiorun.com\/app\/uploads\/2021\/06\/garmin-forerunner-45-010-02562-10.jpg","datePublished":"2021-06-03T09:00:45+00:00","dateModified":"2026-03-11T18:50:09+00:00","description":"Mit dieser GPS-Smartwatch k\u00f6nnen Menschen aller Leistungsstufen ihre Statistiken \u00fcberwachen und Fitnessziele verfolgen.","breadcrumb":{"@id":"https:\/\/www.miomiorun.com\/de\/produkt\/garmin-forerunner-55\/#breadcrumb"},"inLanguage":"de-DE","potentialAction":[{"@type":"ReadAction","target":["https:\/\/www.miomiorun.com\/de\/produkt\/garmin-forerunner-55\/"]}]},{"@type":"ImageObject","inLanguage":"de-DE","@id":"https:\/\/www.miomiorun.com\/de\/produkt\/garmin-forerunner-55\/#primaryimage","url":"https:\/\/www.miomiorun.com\/app\/uploads\/2021\/06\/garmin-forerunner-45-010-02562-10.jpg","contentUrl":"https:\/\/www.miomiorun.com\/app\/uploads\/2021\/06\/garmin-forerunner-45-010-02562-10.jpg","width":600,"height":600,"caption":"garmin forerunner 55"},{"@type":"BreadcrumbList","@id":"https:\/\/www.miomiorun.com\/de\/produkt\/garmin-forerunner-55\/#breadcrumb","itemListElement":[{"@type":"ListItem","position":1,"name":"Home","item":"https:\/\/www.miomiorun.com\/de\/"},{"@type":"ListItem","position":2,"name":"Shop","item":"https:\/\/www.miomiorun.com\/shop\/"},{"@type":"ListItem","position":3,"name":"Forerunner 55"}]},{"@type":"WebSite","@id":"https:\/\/www.miomiorun.com\/de\/#website","url":"https:\/\/www.miomiorun.com\/de\/","name":"MioMioRun","description":"100% Lauf- und Trailshop","publisher":{"@id":"https:\/\/www.miomiorun.com\/de\/#organization"},"potentialAction":[{"@type":"SearchAction","target":{"@type":"EntryPoint","urlTemplate":"https:\/\/www.miomiorun.com\/de\/?s={search_term_string}"},"query-input":{"@type":"PropertyValueSpecification","valueRequired":true,"valueName":"search_term_string"}}],"inLanguage":"de-DE"},{"@type":"Organization","@id":"https:\/\/www.miomiorun.com\/de\/#organization","name":"MioMio Run","url":"https:\/\/www.miomiorun.com\/de\/","logo":{"@type":"ImageObject","inLanguage":"de-DE","@id":"https:\/\/www.miomiorun.com\/de\/#\/schema\/logo\/image\/","url":"https:\/\/www.miomiorun.com\/app\/uploads\/2019\/12\/logomio.png","contentUrl":"https:\/\/www.miomiorun.com\/app\/uploads\/2019\/12\/logomio.png","width":115,"height":82,"caption":"MioMio Run"},"image":{"@id":"https:\/\/www.miomiorun.com\/de\/#\/schema\/logo\/image\/"},"sameAs":["https:\/\/www.facebook.com\/miomiorun\/","https:\/\/www.instagram.com\/miomiorun\/"]}]}},"_links":{"self":[{"href":"https:\/\/www.miomiorun.com\/de\/wp-json\/wp\/v2\/product\/173711","targetHints":{"allow":["GET"]}}],"collection":[{"href":"https:\/\/www.miomiorun.com\/de\/wp-json\/wp\/v2\/product"}],"about":[{"href":"https:\/\/www.miomiorun.com\/de\/wp-json\/wp\/v2\/types\/product"}],"wp:featuredmedia":[{"embeddable":true,"href":"https:\/\/www.miomiorun.com\/de\/wp-json\/wp\/v2\/media\/55885"}],"wp:attachment":[{"href":"https:\/\/www.miomiorun.com\/de\/wp-json\/wp\/v2\/media?parent=173711"}],"wp:term":[{"taxonomy":"product_brand","embeddable":true,"href":"https:\/\/www.miomiorun.com\/de\/wp-json\/wp\/v2\/product_brand?post=173711"},{"taxonomy":"product_cat","embeddable":true,"href":"https:\/\/www.miomiorun.com\/de\/wp-json\/wp\/v2\/product_cat?post=173711"},{"taxonomy":"product_tag","embeddable":true,"href":"https:\/\/www.miomiorun.com\/de\/wp-json\/wp\/v2\/product_tag?post=173711"}],"curies":[{"name":"wp","href":"https:\/\/api.w.org\/{rel}","templated":true}]}}