{"id":173663,"date":"2020-11-03T17:31:51","date_gmt":"2020-11-03T16:31:51","guid":{"rendered":"https:\/\/miomiorun.com\/prodotto\/aftershokz-openmove\/"},"modified":"2026-05-08T20:46:20","modified_gmt":"2026-05-08T18:46:20","slug":"aftershokz-openmove","status":"publish","type":"product","link":"https:\/\/www.miomiorun.com\/de\/produkt\/aftershokz-openmove\/","title":{"rendered":"OpenMove"},"content":{"rendered":"<p><div class=\"vc-row container\"><div class=\"vc-column\"><div class=\"vc-column-text\"><\/p>\n<div class=\"\" data-more=\"true\">\n<p>AfterShokz pr\u00e4sentiert die brandneuen kabellosen OpenMove-Knochenschallkopfh\u00f6rer. Ideal f\u00fcr den ganzen Tag oder f\u00fcr den Sport zu Hause, im Fitnessstudio oder in der Stadt. Die Kopfh\u00f6rer verf\u00fcgen \u00fcber ein ohrumschlie\u00dfendes Design, das es Ihnen erm\u00f6glicht, sowohl Musik als auch die Welt um Sie herum zu h\u00f6ren.<\/p>\n<p>Der AfterShokz OpenMove ist IP55-zertifiziert und verf\u00fcgt \u00fcber eine Titanbeschichtung, die wasser-, schwei\u00df- und feuchtigkeitsbest\u00e4ndig ist. Die Titanbeschichtung macht diese Ohrh\u00f6rer au\u00dferdem extrem leicht und flexibel (sie wiegen nur 29 Gramm) und sorgt f\u00fcr ein konstantes Komfortgef\u00fchl.<\/p>\n<p>Die Kopplung \u00fcber Bluetooth ist einfach und unkompliziert dank der Bluetooth 5.0-Technologie, die eine einfache und stabile Verbindung bis zu 10 Metern und Multipoint-Pairing gew\u00e4hrleistet. Der interne Akku l\u00e4sst sich mit dem mitgelieferten USB-C-Kabel in wenigen Stunden aufladen und bietet bis zu 6 Stunden Musikwiedergabe und Gespr\u00e4chszeit sowie 10 Tage Standby-Zeit. OpenMove l\u00e4sst sich in nur 2 Stunden wieder aufladen. Das Headset ist au\u00dferdem mit zwei Mikrofonen ausgestattet, um Umgebungsger\u00e4usche zu d\u00e4mpfen und die Stimme bei Anrufen zu verbessern.<\/p>\n<p><strong>PREMIUM-PITCH-2.0-TECHNOLOGIE<\/strong><br \/>\nDie au\u00dfergew\u00f6hnliche Klangqualit\u00e4t der AfterShokz-Sportkopfh\u00f6rer wird durch die Premium Pitch 2.0-Technologie garantiert: Diese Technologie verbindet sich mit den Schallwandlern des Kopfh\u00f6rers, um ein kraftvolles Klangspektrum mit minimalen Vibrationen und 3 EQ-Modi zu bieten.<\/p>\n<p><strong>KNOCHENLEITUNGS-TECHNOLOGIE<\/strong><br \/>\nMit \u00fcber 500 Patenten kann AfterShokz zweifelsohne als Pionier in Sachen Sportkopfh\u00f6rer-Innovation bezeichnet werden. Die mit bedeutenden internationalen Preisen wie dem Red Dot Design Award 2018 ausgezeichneten Knochenleitungs-Kopfh\u00f6rer von AfterShokz sind das perfekte Werkzeug f\u00fcr alle, die sicher trainieren wollen, aber auch ideal f\u00fcr zu Hause oder im B\u00fcro, da sie es erm\u00f6glichen, die Umgebungsger\u00e4usche zu h\u00f6ren und sich dank des \u201eoffenen Ohrdesigns\u201c auf den Takt der Musik zu konzentrieren.<\/p>\n<p>Wir h\u00f6ren durch Knochenleitung beim Essen, Trinken und sogar beim Sprechen, weshalb unsere Stimme anders klingt, als wenn wir sie auf einer Aufnahme oder einem Video h\u00f6ren. Wir neigen dazu, unsere Stimme tiefer und intensiver wahrzunehmen, weil der Sch\u00e4del tiefe Frequenzen besser \u00fcbertr\u00e4gt als die Luft.<br \/>\nAfterShokz macht sich die nat\u00fcrliche Knochenleitung zunutze, indem es elektromechanische Wandler in seine kabellosen Ohrh\u00f6rer integriert, die T\u00f6ne in Schwingungen umwandeln, die \u00fcber die Sch\u00e4delknochen direkt an das Innenohr \u00fcbertragen werden und so das Trommelfell umgehen.<\/p>\n<table class=\"table table-bordered table-striped\" data-striping=\"1\">\n<tbody>\n<tr class=\"odd\">\n<td>Enthaltene Komponenten<\/td>\n<td>LADEKABEL, ETUI, KAPPEN<\/td>\n<\/tr>\n<tr class=\"even\">\n<td>Bluetooth<\/td>\n<td>YES<\/td>\n<\/tr>\n<tr class=\"odd\">\n<td>Multilautsprecher-Konnektivit\u00e4t<\/td>\n<td>YES<\/td>\n<\/tr>\n<tr class=\"even\">\n<td>Staubgesch\u00fctzt<\/td>\n<td>YES<\/td>\n<\/tr>\n<tr class=\"odd\">\n<td>Wasserfest<\/td>\n<td>YES<\/td>\n<\/tr>\n<tr class=\"even\">\n<td>Wasserfest<\/td>\n<td>YES<\/td>\n<\/tr>\n<tr class=\"odd\">\n<td>Lebensdauer der Batterie<\/td>\n<td>6 h<\/td>\n<\/tr>\n<tr class=\"even\">\n<td>Mikrofon<\/td>\n<td>YES<\/td>\n<\/tr>\n<tr class=\"even\">\n<td>Lautst\u00e4rketaste<\/td>\n<td>YES<\/td>\n<\/tr>\n<tr class=\"odd\">\n<td>Antworttaste aufrufen<\/td>\n<td>YES<\/td>\n<\/tr>\n<tr class=\"even\">\n<td>Schwei\u00dfresistent<\/td>\n<td>YES<\/td>\n<\/tr>\n<tr class=\"odd\">\n<td>Gewicht<\/td>\n<td>29 g<\/td>\n<\/tr>\n<\/tbody>\n<\/table>\n<\/div>\n<p><\/div><\/div><\/div><div class=\"vc-row container\"><div class=\"vc-column\"><\/div><\/div><\/p>\n","protected":false},"excerpt":{"rendered":"","protected":false},"featured_media":53594,"template":"","meta":{"_acf_changed":false,"inline_featured_image":false},"product_brand":[],"product_cat":[6342,6345],"product_tag":[3358],"class_list":{"0":"post-173663","1":"product","2":"type-product","3":"status-publish","4":"has-post-thumbnail","6":"product_cat-zubehoer","7":"product_cat-kopfhoerer-zubehoer-2-de","8":"product_tag-shokz-de","9":"pa_attivita-fitness-de","10":"pa_attivita-gehen","11":"pa_attivita-lifestyle-de","12":"pa_attivita-outdoor-de","13":"pa_attivita-running-de","14":"pa_attivita-trail-de","15":"pa_colore-openmove-blue","16":"pa_colore-openmove-alpine-white-de","17":"pa_colore-openmove-elevation-blue-de","18":"pa_colore-openmove-himalayan-pink-de","19":"pa_colore-openmove-slate-grey-de","20":"pa_marca-shokz-de","21":"pa_sesso-damen","22":"pa_sesso-herren","24":"first","25":"instock","26":"sale","27":"taxable","28":"shipping-taxable","29":"purchasable","30":"product-type-variable","31":"wvs-archive-product-wrapper"},"acf":[],"yoast_head":"<!-- This site is optimized with the Yoast SEO plugin v26.8 - https:\/\/yoast.com\/product\/yoast-seo-wordpress\/ -->\n<title>Shokz OpenMove - Laufkopfh\u00f6rer - MioMioRun<\/title>\n<meta name=\"description\" content=\"Brandneue kabellose OpenMove-Knochenschallkopfh\u00f6rer. Ideal f\u00fcr den ganzen Tag oder f\u00fcr Sport zu Hause, im Fitnessstudio oder in der Stadt\" \/>\n<meta name=\"robots\" content=\"index, follow, max-snippet:-1, max-image-preview:large, max-video-preview:-1\" \/>\n<link rel=\"canonical\" href=\"https:\/\/www.miomiorun.com\/de\/produkt\/aftershokz-openmove\/\" \/>\n<meta property=\"og:locale\" content=\"de_DE\" \/>\n<meta property=\"og:type\" content=\"article\" \/>\n<meta property=\"og:title\" content=\"Shokz OpenMove - Laufkopfh\u00f6rer - MioMioRun\" \/>\n<meta property=\"og:description\" content=\"Brandneue kabellose OpenMove-Knochenschallkopfh\u00f6rer. Ideal f\u00fcr den ganzen Tag oder f\u00fcr Sport zu Hause, im Fitnessstudio oder in der Stadt\" \/>\n<meta property=\"og:url\" content=\"https:\/\/www.miomiorun.com\/de\/produkt\/aftershokz-openmove\/\" \/>\n<meta property=\"og:site_name\" content=\"MioMioRun\" \/>\n<meta property=\"article:publisher\" content=\"https:\/\/www.facebook.com\/miomiorun\/\" \/>\n<meta property=\"article:modified_time\" content=\"2026-05-08T18:46:20+00:00\" \/>\n<meta property=\"og:image\" content=\"https:\/\/www.miomiorun.com\/app\/uploads\/2020\/11\/aftershokz-openmove-AS660-AW.jpg\" \/>\n\t<meta property=\"og:image:width\" content=\"600\" \/>\n\t<meta property=\"og:image:height\" content=\"600\" \/>\n\t<meta property=\"og:image:type\" content=\"image\/jpeg\" \/>\n<meta name=\"twitter:card\" content=\"summary_large_image\" \/>\n<meta name=\"twitter:label1\" content=\"Est. reading time\" \/>\n\t<meta name=\"twitter:data1\" content=\"2 minutes\" \/>\n<script type=\"application\/ld+json\" class=\"yoast-schema-graph\">{\"@context\":\"https:\/\/schema.org\",\"@graph\":[{\"@type\":\"WebPage\",\"@id\":\"https:\/\/www.miomiorun.com\/de\/produkt\/aftershokz-openmove\/\",\"url\":\"https:\/\/www.miomiorun.com\/de\/produkt\/aftershokz-openmove\/\",\"name\":\"Shokz OpenMove - Laufkopfh\u00f6rer - MioMioRun\",\"isPartOf\":{\"@id\":\"https:\/\/www.miomiorun.com\/de\/#website\"},\"primaryImageOfPage\":{\"@id\":\"https:\/\/www.miomiorun.com\/de\/produkt\/aftershokz-openmove\/#primaryimage\"},\"image\":{\"@id\":\"https:\/\/www.miomiorun.com\/de\/produkt\/aftershokz-openmove\/#primaryimage\"},\"thumbnailUrl\":\"https:\/\/www.miomiorun.com\/app\/uploads\/2020\/11\/aftershokz-openmove-AS660-AW.jpg\",\"datePublished\":\"2020-11-03T16:31:51+00:00\",\"dateModified\":\"2026-05-08T18:46:20+00:00\",\"description\":\"Brandneue kabellose OpenMove-Knochenschallkopfh\u00f6rer. Ideal f\u00fcr den ganzen Tag oder f\u00fcr Sport zu Hause, im Fitnessstudio oder in der Stadt\",\"breadcrumb\":{\"@id\":\"https:\/\/www.miomiorun.com\/de\/produkt\/aftershokz-openmove\/#breadcrumb\"},\"inLanguage\":\"de-DE\",\"potentialAction\":[{\"@type\":\"ReadAction\",\"target\":[\"https:\/\/www.miomiorun.com\/de\/produkt\/aftershokz-openmove\/\"]}]},{\"@type\":\"ImageObject\",\"inLanguage\":\"de-DE\",\"@id\":\"https:\/\/www.miomiorun.com\/de\/produkt\/aftershokz-openmove\/#primaryimage\",\"url\":\"https:\/\/www.miomiorun.com\/app\/uploads\/2020\/11\/aftershokz-openmove-AS660-AW.jpg\",\"contentUrl\":\"https:\/\/www.miomiorun.com\/app\/uploads\/2020\/11\/aftershokz-openmove-AS660-AW.jpg\",\"width\":600,\"height\":600,\"caption\":\"aftershokz openmove cuffie\"},{\"@type\":\"BreadcrumbList\",\"@id\":\"https:\/\/www.miomiorun.com\/de\/produkt\/aftershokz-openmove\/#breadcrumb\",\"itemListElement\":[{\"@type\":\"ListItem\",\"position\":1,\"name\":\"Home\",\"item\":\"https:\/\/www.miomiorun.com\/de\/\"},{\"@type\":\"ListItem\",\"position\":2,\"name\":\"Shop\",\"item\":\"https:\/\/www.miomiorun.com\/shop\/\"},{\"@type\":\"ListItem\",\"position\":3,\"name\":\"OpenMove\"}]},{\"@type\":\"WebSite\",\"@id\":\"https:\/\/www.miomiorun.com\/de\/#website\",\"url\":\"https:\/\/www.miomiorun.com\/de\/\",\"name\":\"MioMioRun\",\"description\":\"100% Lauf- und Trailshop\",\"publisher\":{\"@id\":\"https:\/\/www.miomiorun.com\/de\/#organization\"},\"potentialAction\":[{\"@type\":\"SearchAction\",\"target\":{\"@type\":\"EntryPoint\",\"urlTemplate\":\"https:\/\/www.miomiorun.com\/de\/?s={search_term_string}\"},\"query-input\":{\"@type\":\"PropertyValueSpecification\",\"valueRequired\":true,\"valueName\":\"search_term_string\"}}],\"inLanguage\":\"de-DE\"},{\"@type\":\"Organization\",\"@id\":\"https:\/\/www.miomiorun.com\/de\/#organization\",\"name\":\"MioMio Run\",\"url\":\"https:\/\/www.miomiorun.com\/de\/\",\"logo\":{\"@type\":\"ImageObject\",\"inLanguage\":\"de-DE\",\"@id\":\"https:\/\/www.miomiorun.com\/de\/#\/schema\/logo\/image\/\",\"url\":\"https:\/\/www.miomiorun.com\/app\/uploads\/2019\/12\/logomio.png\",\"contentUrl\":\"https:\/\/www.miomiorun.com\/app\/uploads\/2019\/12\/logomio.png\",\"width\":115,\"height\":82,\"caption\":\"MioMio Run\"},\"image\":{\"@id\":\"https:\/\/www.miomiorun.com\/de\/#\/schema\/logo\/image\/\"},\"sameAs\":[\"https:\/\/www.facebook.com\/miomiorun\/\",\"https:\/\/www.instagram.com\/miomiorun\/\"]}]}<\/script>\n<!-- \/ Yoast SEO plugin. -->","yoast_head_json":{"title":"Shokz OpenMove - Laufkopfh\u00f6rer - MioMioRun","description":"Brandneue kabellose OpenMove-Knochenschallkopfh\u00f6rer. Ideal f\u00fcr den ganzen Tag oder f\u00fcr Sport zu Hause, im Fitnessstudio oder in der Stadt","robots":{"index":"index","follow":"follow","max-snippet":"max-snippet:-1","max-image-preview":"max-image-preview:large","max-video-preview":"max-video-preview:-1"},"canonical":"https:\/\/www.miomiorun.com\/de\/produkt\/aftershokz-openmove\/","og_locale":"de_DE","og_type":"article","og_title":"Shokz OpenMove - Laufkopfh\u00f6rer - MioMioRun","og_description":"Brandneue kabellose OpenMove-Knochenschallkopfh\u00f6rer. Ideal f\u00fcr den ganzen Tag oder f\u00fcr Sport zu Hause, im Fitnessstudio oder in der Stadt","og_url":"https:\/\/www.miomiorun.com\/de\/produkt\/aftershokz-openmove\/","og_site_name":"MioMioRun","article_publisher":"https:\/\/www.facebook.com\/miomiorun\/","article_modified_time":"2026-05-08T18:46:20+00:00","og_image":[{"width":600,"height":600,"url":"https:\/\/www.miomiorun.com\/app\/uploads\/2020\/11\/aftershokz-openmove-AS660-AW.jpg","type":"image\/jpeg"}],"twitter_card":"summary_large_image","twitter_misc":{"Est. reading time":"2 minutes"},"schema":{"@context":"https:\/\/schema.org","@graph":[{"@type":"WebPage","@id":"https:\/\/www.miomiorun.com\/de\/produkt\/aftershokz-openmove\/","url":"https:\/\/www.miomiorun.com\/de\/produkt\/aftershokz-openmove\/","name":"Shokz OpenMove - Laufkopfh\u00f6rer - MioMioRun","isPartOf":{"@id":"https:\/\/www.miomiorun.com\/de\/#website"},"primaryImageOfPage":{"@id":"https:\/\/www.miomiorun.com\/de\/produkt\/aftershokz-openmove\/#primaryimage"},"image":{"@id":"https:\/\/www.miomiorun.com\/de\/produkt\/aftershokz-openmove\/#primaryimage"},"thumbnailUrl":"https:\/\/www.miomiorun.com\/app\/uploads\/2020\/11\/aftershokz-openmove-AS660-AW.jpg","datePublished":"2020-11-03T16:31:51+00:00","dateModified":"2026-05-08T18:46:20+00:00","description":"Brandneue kabellose OpenMove-Knochenschallkopfh\u00f6rer. Ideal f\u00fcr den ganzen Tag oder f\u00fcr Sport zu Hause, im Fitnessstudio oder in der Stadt","breadcrumb":{"@id":"https:\/\/www.miomiorun.com\/de\/produkt\/aftershokz-openmove\/#breadcrumb"},"inLanguage":"de-DE","potentialAction":[{"@type":"ReadAction","target":["https:\/\/www.miomiorun.com\/de\/produkt\/aftershokz-openmove\/"]}]},{"@type":"ImageObject","inLanguage":"de-DE","@id":"https:\/\/www.miomiorun.com\/de\/produkt\/aftershokz-openmove\/#primaryimage","url":"https:\/\/www.miomiorun.com\/app\/uploads\/2020\/11\/aftershokz-openmove-AS660-AW.jpg","contentUrl":"https:\/\/www.miomiorun.com\/app\/uploads\/2020\/11\/aftershokz-openmove-AS660-AW.jpg","width":600,"height":600,"caption":"aftershokz openmove cuffie"},{"@type":"BreadcrumbList","@id":"https:\/\/www.miomiorun.com\/de\/produkt\/aftershokz-openmove\/#breadcrumb","itemListElement":[{"@type":"ListItem","position":1,"name":"Home","item":"https:\/\/www.miomiorun.com\/de\/"},{"@type":"ListItem","position":2,"name":"Shop","item":"https:\/\/www.miomiorun.com\/shop\/"},{"@type":"ListItem","position":3,"name":"OpenMove"}]},{"@type":"WebSite","@id":"https:\/\/www.miomiorun.com\/de\/#website","url":"https:\/\/www.miomiorun.com\/de\/","name":"MioMioRun","description":"100% Lauf- und Trailshop","publisher":{"@id":"https:\/\/www.miomiorun.com\/de\/#organization"},"potentialAction":[{"@type":"SearchAction","target":{"@type":"EntryPoint","urlTemplate":"https:\/\/www.miomiorun.com\/de\/?s={search_term_string}"},"query-input":{"@type":"PropertyValueSpecification","valueRequired":true,"valueName":"search_term_string"}}],"inLanguage":"de-DE"},{"@type":"Organization","@id":"https:\/\/www.miomiorun.com\/de\/#organization","name":"MioMio Run","url":"https:\/\/www.miomiorun.com\/de\/","logo":{"@type":"ImageObject","inLanguage":"de-DE","@id":"https:\/\/www.miomiorun.com\/de\/#\/schema\/logo\/image\/","url":"https:\/\/www.miomiorun.com\/app\/uploads\/2019\/12\/logomio.png","contentUrl":"https:\/\/www.miomiorun.com\/app\/uploads\/2019\/12\/logomio.png","width":115,"height":82,"caption":"MioMio Run"},"image":{"@id":"https:\/\/www.miomiorun.com\/de\/#\/schema\/logo\/image\/"},"sameAs":["https:\/\/www.facebook.com\/miomiorun\/","https:\/\/www.instagram.com\/miomiorun\/"]}]}},"_links":{"self":[{"href":"https:\/\/www.miomiorun.com\/de\/wp-json\/wp\/v2\/product\/173663","targetHints":{"allow":["GET"]}}],"collection":[{"href":"https:\/\/www.miomiorun.com\/de\/wp-json\/wp\/v2\/product"}],"about":[{"href":"https:\/\/www.miomiorun.com\/de\/wp-json\/wp\/v2\/types\/product"}],"wp:featuredmedia":[{"embeddable":true,"href":"https:\/\/www.miomiorun.com\/de\/wp-json\/wp\/v2\/media\/53594"}],"wp:attachment":[{"href":"https:\/\/www.miomiorun.com\/de\/wp-json\/wp\/v2\/media?parent=173663"}],"wp:term":[{"taxonomy":"product_brand","embeddable":true,"href":"https:\/\/www.miomiorun.com\/de\/wp-json\/wp\/v2\/product_brand?post=173663"},{"taxonomy":"product_cat","embeddable":true,"href":"https:\/\/www.miomiorun.com\/de\/wp-json\/wp\/v2\/product_cat?post=173663"},{"taxonomy":"product_tag","embeddable":true,"href":"https:\/\/www.miomiorun.com\/de\/wp-json\/wp\/v2\/product_tag?post=173663"}],"curies":[{"name":"wp","href":"https:\/\/api.w.org\/{rel}","templated":true}]}}