{"id":173626,"date":"2020-09-30T18:55:32","date_gmt":"2020-09-30T16:55:32","guid":{"rendered":"https:\/\/miomiorun.com\/prodotto\/nathan-the-hipster\/"},"modified":"2024-05-30T12:09:42","modified_gmt":"2024-05-30T10:09:42","slug":"nathan-the-hipster","status":"publish","type":"product","link":"https:\/\/www.miomiorun.com\/de\/produkt\/nathan-the-hipster\/","title":{"rendered":"The Hipster"},"content":{"rendered":"<p>Bei TheHipster\u201c bewahren mehrere Taschen das Wesentliche auf, so dass dieser extrem weiche Laufg\u00fcrtel im Fitnessstudio, beim Laufen oder einfach beim Einkaufen in der Stadt getragen werden kann. TheHipster\u201c dehnt sich bequem aus und passt sich Ihren individuellen Konturen an. Und das Beste daran: Er passt auf alle g\u00e4ngigen Smartphones.<\/p>\n<p><strong>Die vier Taschen des Hipster sind mit \u00fcberlappenden Klappen ausgestattet und bieten \u00fcberraschend viel Platz f\u00fcr die Dinge im Inneren.<\/strong><\/p>\n<p>&nbsp;<\/p>\n<div class=\"elementor-element elementor-element-f6590d8 elementor-widget__width-initial elementor-widget-mobile__width-inherit elementor-view-default elementor-position-top elementor-vertical-align-top elementor-widget elementor-widget-icon-box\" data-id=\"f6590d8\" data-element_type=\"widget\" data-widget_type=\"icon-box.default\">\n<div class=\"elementor-widget-container\">\n<div class=\"elementor-icon-box-wrapper\">\n<div class=\"elementor-icon-box-icon\">In den G\u00fcrtel passen die meisten Smartphones, Energiegels, Proteinriegel, Schl\u00fcssel, Ihr Geld oder sogar Ihr Reisepass oder Ihre Kreditkarten.<\/div>\n<\/div>\n<\/div>\n<\/div>\n<p>&nbsp;<\/p>\n<p>Die gro\u00dfen Taschen auf der Vorder- und R\u00fcckseite sind leicht zug\u00e4nglich und eignen sich perfekt f\u00fcr ein Smartphone, Handschuhe oder eine M\u00fctze.<\/p>\n<p>&nbsp;<\/p>\n<p>In den kleineren Seitentaschen k\u00f6nnen Gels, Pfefferspray oder Kreditkarten verstaut werden.<\/p>\n<p>&nbsp;<\/p>\n<p>Die Nathan Hipster ist leicht zu waschen: Werfen Sie sie in die Waschmaschine, wenn sie verschwitzt ist. Zum Trocknen aufh\u00e4ngen. Tragen Sie ihn am n\u00e4chsten Tag!<\/p>\n<p>&nbsp;<\/p>\n","protected":false},"excerpt":{"rendered":"<p>Bei TheHipster\u201c bewahren mehrere Taschen das Wesentliche auf, so dass dieser extrem weiche Laufg\u00fcrtel im Fitnessstudio, beim Laufen oder einfach beim Einkaufen in der Stadt getragen werden kann. TheHipster\u201c dehnt sich bequem aus und passt sich Ihren individuellen Konturen an. Und das Beste daran: Er passt auf alle g\u00e4ngigen Smartphones. Die vier Taschen des Hipster &hellip; <a href=\"https:\/\/www.miomiorun.com\/de\/produkt\/nathan-the-hipster\/\">Continued<\/a><\/p>\n","protected":false},"featured_media":53106,"template":"","meta":{"_acf_changed":false,"inline_featured_image":false},"product_brand":[],"product_cat":[6342,6396,6397],"product_tag":[3383],"class_list":{"0":"post-173626","1":"product","2":"type-product","3":"status-publish","4":"has-post-thumbnail","6":"product_cat-zubehoer","7":"product_cat-taschen-und-guertel-de","8":"product_cat-guertel-de","9":"product_tag-nathan-de","10":"pa_attivita-gehen","11":"pa_attivita-running-de","12":"pa_colore-hipster-surf-the-web-blue-de","13":"pa_colore-hipster-very-berry-de","14":"pa_marca-nathan-de","15":"pa_sesso-damen","16":"pa_sesso-herren","17":"pa_size-small-de","18":"pa_size-medium-de","19":"pa_size-large-de","21":"first","22":"instock","23":"sale","24":"taxable","25":"shipping-taxable","26":"purchasable","27":"product-type-variable","28":"wvs-archive-product-wrapper"},"acf":[],"yoast_head":"<!-- This site is optimized with the Yoast SEO plugin v26.8 - https:\/\/yoast.com\/product\/yoast-seo-wordpress\/ -->\n<title>Nathan The Hipster - Laufendes Zubeh\u00f6r - MioMioRun<\/title>\n<meta name=\"description\" content=\"Mit H\u00fcfttaschen, mehreren Taschen, die das Wesentliche sicher aufbewahren, extrem weichem Laufg\u00fcrtel. Und das Beste: Es passen alle g\u00e4ngigen Smartphones hinein.\" \/>\n<meta name=\"robots\" content=\"index, follow, max-snippet:-1, max-image-preview:large, max-video-preview:-1\" \/>\n<link rel=\"canonical\" href=\"https:\/\/www.miomiorun.com\/de\/produkt\/nathan-the-hipster\/\" \/>\n<meta property=\"og:locale\" content=\"de_DE\" \/>\n<meta property=\"og:type\" content=\"article\" \/>\n<meta property=\"og:title\" content=\"Nathan The Hipster - Laufendes Zubeh\u00f6r - MioMioRun\" \/>\n<meta property=\"og:description\" content=\"Mit H\u00fcfttaschen, mehreren Taschen, die das Wesentliche sicher aufbewahren, extrem weichem Laufg\u00fcrtel. Und das Beste: Es passen alle g\u00e4ngigen Smartphones hinein.\" \/>\n<meta property=\"og:url\" content=\"https:\/\/www.miomiorun.com\/de\/produkt\/nathan-the-hipster\/\" \/>\n<meta property=\"og:site_name\" content=\"MioMioRun\" \/>\n<meta property=\"article:publisher\" content=\"https:\/\/www.facebook.com\/miomiorun\/\" \/>\n<meta property=\"article:modified_time\" content=\"2024-05-30T10:09:42+00:00\" \/>\n<meta property=\"og:image\" content=\"https:\/\/www.miomiorun.com\/app\/uploads\/2020\/09\/nathan-the-hipster-very-berry.jpg\" \/>\n\t<meta property=\"og:image:width\" content=\"600\" \/>\n\t<meta property=\"og:image:height\" content=\"600\" \/>\n\t<meta property=\"og:image:type\" content=\"image\/jpeg\" \/>\n<meta name=\"twitter:card\" content=\"summary_large_image\" \/>\n<meta name=\"twitter:label1\" content=\"Est. reading time\" \/>\n\t<meta name=\"twitter:data1\" content=\"1 minute\" \/>\n<script type=\"application\/ld+json\" class=\"yoast-schema-graph\">{\"@context\":\"https:\/\/schema.org\",\"@graph\":[{\"@type\":\"WebPage\",\"@id\":\"https:\/\/www.miomiorun.com\/de\/produkt\/nathan-the-hipster\/\",\"url\":\"https:\/\/www.miomiorun.com\/de\/produkt\/nathan-the-hipster\/\",\"name\":\"Nathan The Hipster - Laufendes Zubeh\u00f6r - MioMioRun\",\"isPartOf\":{\"@id\":\"https:\/\/www.miomiorun.com\/de\/#website\"},\"primaryImageOfPage\":{\"@id\":\"https:\/\/www.miomiorun.com\/de\/produkt\/nathan-the-hipster\/#primaryimage\"},\"image\":{\"@id\":\"https:\/\/www.miomiorun.com\/de\/produkt\/nathan-the-hipster\/#primaryimage\"},\"thumbnailUrl\":\"https:\/\/www.miomiorun.com\/app\/uploads\/2020\/09\/nathan-the-hipster-very-berry.jpg\",\"datePublished\":\"2020-09-30T16:55:32+00:00\",\"dateModified\":\"2024-05-30T10:09:42+00:00\",\"description\":\"Mit H\u00fcfttaschen, mehreren Taschen, die das Wesentliche sicher aufbewahren, extrem weichem Laufg\u00fcrtel. Und das Beste: Es passen alle g\u00e4ngigen Smartphones hinein.\",\"breadcrumb\":{\"@id\":\"https:\/\/www.miomiorun.com\/de\/produkt\/nathan-the-hipster\/#breadcrumb\"},\"inLanguage\":\"de-DE\",\"potentialAction\":[{\"@type\":\"ReadAction\",\"target\":[\"https:\/\/www.miomiorun.com\/de\/produkt\/nathan-the-hipster\/\"]}]},{\"@type\":\"ImageObject\",\"inLanguage\":\"de-DE\",\"@id\":\"https:\/\/www.miomiorun.com\/de\/produkt\/nathan-the-hipster\/#primaryimage\",\"url\":\"https:\/\/www.miomiorun.com\/app\/uploads\/2020\/09\/nathan-the-hipster-very-berry.jpg\",\"contentUrl\":\"https:\/\/www.miomiorun.com\/app\/uploads\/2020\/09\/nathan-the-hipster-very-berry.jpg\",\"width\":600,\"height\":600,\"caption\":\"nathan-the-hipster-very-berry\"},{\"@type\":\"BreadcrumbList\",\"@id\":\"https:\/\/www.miomiorun.com\/de\/produkt\/nathan-the-hipster\/#breadcrumb\",\"itemListElement\":[{\"@type\":\"ListItem\",\"position\":1,\"name\":\"Home\",\"item\":\"https:\/\/www.miomiorun.com\/de\/\"},{\"@type\":\"ListItem\",\"position\":2,\"name\":\"Shop\",\"item\":\"https:\/\/www.miomiorun.com\/shop\/\"},{\"@type\":\"ListItem\",\"position\":3,\"name\":\"The Hipster\"}]},{\"@type\":\"WebSite\",\"@id\":\"https:\/\/www.miomiorun.com\/de\/#website\",\"url\":\"https:\/\/www.miomiorun.com\/de\/\",\"name\":\"MioMioRun\",\"description\":\"100% Lauf- und Trailshop\",\"publisher\":{\"@id\":\"https:\/\/www.miomiorun.com\/de\/#organization\"},\"potentialAction\":[{\"@type\":\"SearchAction\",\"target\":{\"@type\":\"EntryPoint\",\"urlTemplate\":\"https:\/\/www.miomiorun.com\/de\/?s={search_term_string}\"},\"query-input\":{\"@type\":\"PropertyValueSpecification\",\"valueRequired\":true,\"valueName\":\"search_term_string\"}}],\"inLanguage\":\"de-DE\"},{\"@type\":\"Organization\",\"@id\":\"https:\/\/www.miomiorun.com\/de\/#organization\",\"name\":\"MioMio Run\",\"url\":\"https:\/\/www.miomiorun.com\/de\/\",\"logo\":{\"@type\":\"ImageObject\",\"inLanguage\":\"de-DE\",\"@id\":\"https:\/\/www.miomiorun.com\/de\/#\/schema\/logo\/image\/\",\"url\":\"https:\/\/www.miomiorun.com\/app\/uploads\/2019\/12\/logomio.png\",\"contentUrl\":\"https:\/\/www.miomiorun.com\/app\/uploads\/2019\/12\/logomio.png\",\"width\":115,\"height\":82,\"caption\":\"MioMio Run\"},\"image\":{\"@id\":\"https:\/\/www.miomiorun.com\/de\/#\/schema\/logo\/image\/\"},\"sameAs\":[\"https:\/\/www.facebook.com\/miomiorun\/\",\"https:\/\/www.instagram.com\/miomiorun\/\"]}]}<\/script>\n<!-- \/ Yoast SEO plugin. -->","yoast_head_json":{"title":"Nathan The Hipster - Laufendes Zubeh\u00f6r - MioMioRun","description":"Mit H\u00fcfttaschen, mehreren Taschen, die das Wesentliche sicher aufbewahren, extrem weichem Laufg\u00fcrtel. Und das Beste: Es passen alle g\u00e4ngigen Smartphones hinein.","robots":{"index":"index","follow":"follow","max-snippet":"max-snippet:-1","max-image-preview":"max-image-preview:large","max-video-preview":"max-video-preview:-1"},"canonical":"https:\/\/www.miomiorun.com\/de\/produkt\/nathan-the-hipster\/","og_locale":"de_DE","og_type":"article","og_title":"Nathan The Hipster - Laufendes Zubeh\u00f6r - MioMioRun","og_description":"Mit H\u00fcfttaschen, mehreren Taschen, die das Wesentliche sicher aufbewahren, extrem weichem Laufg\u00fcrtel. Und das Beste: Es passen alle g\u00e4ngigen Smartphones hinein.","og_url":"https:\/\/www.miomiorun.com\/de\/produkt\/nathan-the-hipster\/","og_site_name":"MioMioRun","article_publisher":"https:\/\/www.facebook.com\/miomiorun\/","article_modified_time":"2024-05-30T10:09:42+00:00","og_image":[{"width":600,"height":600,"url":"https:\/\/www.miomiorun.com\/app\/uploads\/2020\/09\/nathan-the-hipster-very-berry.jpg","type":"image\/jpeg"}],"twitter_card":"summary_large_image","twitter_misc":{"Est. reading time":"1 minute"},"schema":{"@context":"https:\/\/schema.org","@graph":[{"@type":"WebPage","@id":"https:\/\/www.miomiorun.com\/de\/produkt\/nathan-the-hipster\/","url":"https:\/\/www.miomiorun.com\/de\/produkt\/nathan-the-hipster\/","name":"Nathan The Hipster - Laufendes Zubeh\u00f6r - MioMioRun","isPartOf":{"@id":"https:\/\/www.miomiorun.com\/de\/#website"},"primaryImageOfPage":{"@id":"https:\/\/www.miomiorun.com\/de\/produkt\/nathan-the-hipster\/#primaryimage"},"image":{"@id":"https:\/\/www.miomiorun.com\/de\/produkt\/nathan-the-hipster\/#primaryimage"},"thumbnailUrl":"https:\/\/www.miomiorun.com\/app\/uploads\/2020\/09\/nathan-the-hipster-very-berry.jpg","datePublished":"2020-09-30T16:55:32+00:00","dateModified":"2024-05-30T10:09:42+00:00","description":"Mit H\u00fcfttaschen, mehreren Taschen, die das Wesentliche sicher aufbewahren, extrem weichem Laufg\u00fcrtel. Und das Beste: Es passen alle g\u00e4ngigen Smartphones hinein.","breadcrumb":{"@id":"https:\/\/www.miomiorun.com\/de\/produkt\/nathan-the-hipster\/#breadcrumb"},"inLanguage":"de-DE","potentialAction":[{"@type":"ReadAction","target":["https:\/\/www.miomiorun.com\/de\/produkt\/nathan-the-hipster\/"]}]},{"@type":"ImageObject","inLanguage":"de-DE","@id":"https:\/\/www.miomiorun.com\/de\/produkt\/nathan-the-hipster\/#primaryimage","url":"https:\/\/www.miomiorun.com\/app\/uploads\/2020\/09\/nathan-the-hipster-very-berry.jpg","contentUrl":"https:\/\/www.miomiorun.com\/app\/uploads\/2020\/09\/nathan-the-hipster-very-berry.jpg","width":600,"height":600,"caption":"nathan-the-hipster-very-berry"},{"@type":"BreadcrumbList","@id":"https:\/\/www.miomiorun.com\/de\/produkt\/nathan-the-hipster\/#breadcrumb","itemListElement":[{"@type":"ListItem","position":1,"name":"Home","item":"https:\/\/www.miomiorun.com\/de\/"},{"@type":"ListItem","position":2,"name":"Shop","item":"https:\/\/www.miomiorun.com\/shop\/"},{"@type":"ListItem","position":3,"name":"The Hipster"}]},{"@type":"WebSite","@id":"https:\/\/www.miomiorun.com\/de\/#website","url":"https:\/\/www.miomiorun.com\/de\/","name":"MioMioRun","description":"100% Lauf- und Trailshop","publisher":{"@id":"https:\/\/www.miomiorun.com\/de\/#organization"},"potentialAction":[{"@type":"SearchAction","target":{"@type":"EntryPoint","urlTemplate":"https:\/\/www.miomiorun.com\/de\/?s={search_term_string}"},"query-input":{"@type":"PropertyValueSpecification","valueRequired":true,"valueName":"search_term_string"}}],"inLanguage":"de-DE"},{"@type":"Organization","@id":"https:\/\/www.miomiorun.com\/de\/#organization","name":"MioMio Run","url":"https:\/\/www.miomiorun.com\/de\/","logo":{"@type":"ImageObject","inLanguage":"de-DE","@id":"https:\/\/www.miomiorun.com\/de\/#\/schema\/logo\/image\/","url":"https:\/\/www.miomiorun.com\/app\/uploads\/2019\/12\/logomio.png","contentUrl":"https:\/\/www.miomiorun.com\/app\/uploads\/2019\/12\/logomio.png","width":115,"height":82,"caption":"MioMio Run"},"image":{"@id":"https:\/\/www.miomiorun.com\/de\/#\/schema\/logo\/image\/"},"sameAs":["https:\/\/www.facebook.com\/miomiorun\/","https:\/\/www.instagram.com\/miomiorun\/"]}]}},"_links":{"self":[{"href":"https:\/\/www.miomiorun.com\/de\/wp-json\/wp\/v2\/product\/173626","targetHints":{"allow":["GET"]}}],"collection":[{"href":"https:\/\/www.miomiorun.com\/de\/wp-json\/wp\/v2\/product"}],"about":[{"href":"https:\/\/www.miomiorun.com\/de\/wp-json\/wp\/v2\/types\/product"}],"wp:featuredmedia":[{"embeddable":true,"href":"https:\/\/www.miomiorun.com\/de\/wp-json\/wp\/v2\/media\/53106"}],"wp:attachment":[{"href":"https:\/\/www.miomiorun.com\/de\/wp-json\/wp\/v2\/media?parent=173626"}],"wp:term":[{"taxonomy":"product_brand","embeddable":true,"href":"https:\/\/www.miomiorun.com\/de\/wp-json\/wp\/v2\/product_brand?post=173626"},{"taxonomy":"product_cat","embeddable":true,"href":"https:\/\/www.miomiorun.com\/de\/wp-json\/wp\/v2\/product_cat?post=173626"},{"taxonomy":"product_tag","embeddable":true,"href":"https:\/\/www.miomiorun.com\/de\/wp-json\/wp\/v2\/product_tag?post=173626"}],"curies":[{"name":"wp","href":"https:\/\/api.w.org\/{rel}","templated":true}]}}