{"id":173570,"date":"2021-06-29T18:58:06","date_gmt":"2021-06-29T16:58:06","guid":{"rendered":"https:\/\/miomiorun.com\/prodotto\/nathan-zipster\/"},"modified":"2026-02-09T17:21:22","modified_gmt":"2026-02-09T16:21:22","slug":"nathan-zipster","status":"publish","type":"product","link":"https:\/\/www.miomiorun.com\/de\/produkt\/nathan-zipster\/","title":{"rendered":"Zipster"},"content":{"rendered":"<p>Der <strong>Zipster<\/strong>-G\u00fcrtel ist elastisch und superweich und passt bequem um die Taille und hat jetzt vier Taschen f\u00fcr Smartphones, Kopfh\u00f6rer und andere wichtige Dinge.<\/p>\n<p>Der G\u00fcrtel wurde mit wetterfesten Rei\u00dfverschl\u00fcssen ausgestattet, damit du auch bei Sonne und Regen weiterlaufen kannst.<\/p>\n<p>Der G\u00fcrtel sitzt bequem um die Taille, so dass Sie sich dehnen, schwitzen und jeden Moment genie\u00dfen k\u00f6nnen, w\u00e4hrend Sie unterwegs sind.<\/p>\n<p>&nbsp;<\/p>\n<p><strong>Merkmale:<\/strong><\/p>\n<ul>\n<li>Zwei wetterfeste Rei\u00dfverschlusstaschen<\/li>\n<li>Insgesamt vier Taschen<\/li>\n<li>Superweicher, elastischer Bund passt sich bequem der Taille an<\/li>\n<li>Passt f\u00fcr die meisten gro\u00dfen Smartphones<\/li>\n<li>Multifunktionales Design macht es einfach f\u00fcr Reisen oder Fitness<\/li>\n<\/ul>\n<p>Gewicht: 62g<\/p>\n<p>Material: 86% Nylon\/14% Elasthan<\/p>\n<p>&nbsp;<\/p>\n<p>&nbsp;<\/p>\n<p dir=\"ltr\" data-placeholder=\"Traduzione\">\n","protected":false},"excerpt":{"rendered":"<p>Der Zipster-G\u00fcrtel ist elastisch und superweich und passt bequem um die Taille und hat jetzt vier Taschen f\u00fcr Smartphones, Kopfh\u00f6rer und andere wichtige Dinge. Der G\u00fcrtel wurde mit wetterfesten Rei\u00dfverschl\u00fcssen ausgestattet, damit du auch bei Sonne und Regen weiterlaufen kannst. Der G\u00fcrtel sitzt bequem um die Taille, so dass Sie sich dehnen, schwitzen und jeden &hellip; <a href=\"https:\/\/www.miomiorun.com\/de\/produkt\/nathan-zipster\/\">Continued<\/a><\/p>\n","protected":false},"featured_media":56513,"template":"","meta":{"_acf_changed":false,"inline_featured_image":false},"product_brand":[],"product_cat":[6342,6396,6397],"product_tag":[3383],"class_list":{"0":"post-173570","1":"product","2":"type-product","3":"status-publish","4":"has-post-thumbnail","6":"product_cat-zubehoer","7":"product_cat-taschen-und-guertel-de","8":"product_cat-guertel-de","9":"product_tag-nathan-de","10":"pa_attivita-gehen","11":"pa_attivita-outdoor-de","12":"pa_attivita-running-de","13":"pa_colore-zipster-blue-radiance-de","14":"pa_marca-nathan-de","15":"pa_sesso-damen","16":"pa_sesso-herren","17":"pa_size-large-de","19":"first","20":"instock","21":"sale","22":"taxable","23":"shipping-taxable","24":"purchasable","25":"product-type-variable","26":"wvs-archive-product-wrapper"},"acf":[],"yoast_head":"<!-- This site is optimized with the Yoast SEO plugin v26.8 - https:\/\/yoast.com\/product\/yoast-seo-wordpress\/ -->\n<title>Nathan Zipster - Laufband MioMioRun .com<\/title>\n<meta name=\"description\" content=\"Der Zipster-G\u00fcrtel ist elastisch und superweich und passt bequem um die Taille und hat jetzt vier Taschen, um\" \/>\n<meta name=\"robots\" content=\"index, follow, max-snippet:-1, max-image-preview:large, max-video-preview:-1\" \/>\n<link rel=\"canonical\" href=\"https:\/\/www.miomiorun.com\/de\/produkt\/nathan-zipster\/\" \/>\n<meta property=\"og:locale\" content=\"de_DE\" \/>\n<meta property=\"og:type\" content=\"article\" \/>\n<meta property=\"og:title\" content=\"Nathan Zipster - Laufband MioMioRun .com\" \/>\n<meta property=\"og:description\" content=\"Der Zipster-G\u00fcrtel ist elastisch und superweich und passt bequem um die Taille und hat jetzt vier Taschen, um\" \/>\n<meta property=\"og:url\" content=\"https:\/\/www.miomiorun.com\/de\/produkt\/nathan-zipster\/\" \/>\n<meta property=\"og:site_name\" content=\"MioMioRun\" \/>\n<meta property=\"article:publisher\" content=\"https:\/\/www.facebook.com\/miomiorun\/\" \/>\n<meta property=\"article:modified_time\" content=\"2026-02-09T16:21:22+00:00\" \/>\n<meta property=\"og:image\" content=\"https:\/\/www.miomiorun.com\/app\/uploads\/2021\/07\/nathan-zipster-7702BK.jpg\" \/>\n\t<meta property=\"og:image:width\" content=\"600\" \/>\n\t<meta property=\"og:image:height\" content=\"600\" \/>\n\t<meta property=\"og:image:type\" content=\"image\/jpeg\" \/>\n<meta name=\"twitter:card\" content=\"summary_large_image\" \/>\n<meta name=\"twitter:label1\" content=\"Est. reading time\" \/>\n\t<meta name=\"twitter:data1\" content=\"1 minute\" \/>\n<script type=\"application\/ld+json\" class=\"yoast-schema-graph\">{\"@context\":\"https:\/\/schema.org\",\"@graph\":[{\"@type\":\"WebPage\",\"@id\":\"https:\/\/www.miomiorun.com\/de\/produkt\/nathan-zipster\/\",\"url\":\"https:\/\/www.miomiorun.com\/de\/produkt\/nathan-zipster\/\",\"name\":\"Nathan Zipster - Laufband MioMioRun .com\",\"isPartOf\":{\"@id\":\"https:\/\/www.miomiorun.com\/de\/#website\"},\"primaryImageOfPage\":{\"@id\":\"https:\/\/www.miomiorun.com\/de\/produkt\/nathan-zipster\/#primaryimage\"},\"image\":{\"@id\":\"https:\/\/www.miomiorun.com\/de\/produkt\/nathan-zipster\/#primaryimage\"},\"thumbnailUrl\":\"https:\/\/www.miomiorun.com\/app\/uploads\/2021\/07\/nathan-zipster-7702BK.jpg\",\"datePublished\":\"2021-06-29T16:58:06+00:00\",\"dateModified\":\"2026-02-09T16:21:22+00:00\",\"description\":\"Der Zipster-G\u00fcrtel ist elastisch und superweich und passt bequem um die Taille und hat jetzt vier Taschen, um\",\"breadcrumb\":{\"@id\":\"https:\/\/www.miomiorun.com\/de\/produkt\/nathan-zipster\/#breadcrumb\"},\"inLanguage\":\"de-DE\",\"potentialAction\":[{\"@type\":\"ReadAction\",\"target\":[\"https:\/\/www.miomiorun.com\/de\/produkt\/nathan-zipster\/\"]}]},{\"@type\":\"ImageObject\",\"inLanguage\":\"de-DE\",\"@id\":\"https:\/\/www.miomiorun.com\/de\/produkt\/nathan-zipster\/#primaryimage\",\"url\":\"https:\/\/www.miomiorun.com\/app\/uploads\/2021\/07\/nathan-zipster-7702BK.jpg\",\"contentUrl\":\"https:\/\/www.miomiorun.com\/app\/uploads\/2021\/07\/nathan-zipster-7702BK.jpg\",\"width\":600,\"height\":600,\"caption\":\"nathan-zipster-7702BK\"},{\"@type\":\"BreadcrumbList\",\"@id\":\"https:\/\/www.miomiorun.com\/de\/produkt\/nathan-zipster\/#breadcrumb\",\"itemListElement\":[{\"@type\":\"ListItem\",\"position\":1,\"name\":\"Home\",\"item\":\"https:\/\/www.miomiorun.com\/de\/\"},{\"@type\":\"ListItem\",\"position\":2,\"name\":\"Shop\",\"item\":\"https:\/\/www.miomiorun.com\/shop\/\"},{\"@type\":\"ListItem\",\"position\":3,\"name\":\"Zipster\"}]},{\"@type\":\"WebSite\",\"@id\":\"https:\/\/www.miomiorun.com\/de\/#website\",\"url\":\"https:\/\/www.miomiorun.com\/de\/\",\"name\":\"MioMioRun\",\"description\":\"100% Lauf- und Trailshop\",\"publisher\":{\"@id\":\"https:\/\/www.miomiorun.com\/de\/#organization\"},\"potentialAction\":[{\"@type\":\"SearchAction\",\"target\":{\"@type\":\"EntryPoint\",\"urlTemplate\":\"https:\/\/www.miomiorun.com\/de\/?s={search_term_string}\"},\"query-input\":{\"@type\":\"PropertyValueSpecification\",\"valueRequired\":true,\"valueName\":\"search_term_string\"}}],\"inLanguage\":\"de-DE\"},{\"@type\":\"Organization\",\"@id\":\"https:\/\/www.miomiorun.com\/de\/#organization\",\"name\":\"MioMio Run\",\"url\":\"https:\/\/www.miomiorun.com\/de\/\",\"logo\":{\"@type\":\"ImageObject\",\"inLanguage\":\"de-DE\",\"@id\":\"https:\/\/www.miomiorun.com\/de\/#\/schema\/logo\/image\/\",\"url\":\"https:\/\/www.miomiorun.com\/app\/uploads\/2019\/12\/logomio.png\",\"contentUrl\":\"https:\/\/www.miomiorun.com\/app\/uploads\/2019\/12\/logomio.png\",\"width\":115,\"height\":82,\"caption\":\"MioMio Run\"},\"image\":{\"@id\":\"https:\/\/www.miomiorun.com\/de\/#\/schema\/logo\/image\/\"},\"sameAs\":[\"https:\/\/www.facebook.com\/miomiorun\/\",\"https:\/\/www.instagram.com\/miomiorun\/\"]}]}<\/script>\n<!-- \/ Yoast SEO plugin. -->","yoast_head_json":{"title":"Nathan Zipster - Laufband MioMioRun .com","description":"Der Zipster-G\u00fcrtel ist elastisch und superweich und passt bequem um die Taille und hat jetzt vier Taschen, um","robots":{"index":"index","follow":"follow","max-snippet":"max-snippet:-1","max-image-preview":"max-image-preview:large","max-video-preview":"max-video-preview:-1"},"canonical":"https:\/\/www.miomiorun.com\/de\/produkt\/nathan-zipster\/","og_locale":"de_DE","og_type":"article","og_title":"Nathan Zipster - Laufband MioMioRun .com","og_description":"Der Zipster-G\u00fcrtel ist elastisch und superweich und passt bequem um die Taille und hat jetzt vier Taschen, um","og_url":"https:\/\/www.miomiorun.com\/de\/produkt\/nathan-zipster\/","og_site_name":"MioMioRun","article_publisher":"https:\/\/www.facebook.com\/miomiorun\/","article_modified_time":"2026-02-09T16:21:22+00:00","og_image":[{"width":600,"height":600,"url":"https:\/\/www.miomiorun.com\/app\/uploads\/2021\/07\/nathan-zipster-7702BK.jpg","type":"image\/jpeg"}],"twitter_card":"summary_large_image","twitter_misc":{"Est. reading time":"1 minute"},"schema":{"@context":"https:\/\/schema.org","@graph":[{"@type":"WebPage","@id":"https:\/\/www.miomiorun.com\/de\/produkt\/nathan-zipster\/","url":"https:\/\/www.miomiorun.com\/de\/produkt\/nathan-zipster\/","name":"Nathan Zipster - Laufband MioMioRun .com","isPartOf":{"@id":"https:\/\/www.miomiorun.com\/de\/#website"},"primaryImageOfPage":{"@id":"https:\/\/www.miomiorun.com\/de\/produkt\/nathan-zipster\/#primaryimage"},"image":{"@id":"https:\/\/www.miomiorun.com\/de\/produkt\/nathan-zipster\/#primaryimage"},"thumbnailUrl":"https:\/\/www.miomiorun.com\/app\/uploads\/2021\/07\/nathan-zipster-7702BK.jpg","datePublished":"2021-06-29T16:58:06+00:00","dateModified":"2026-02-09T16:21:22+00:00","description":"Der Zipster-G\u00fcrtel ist elastisch und superweich und passt bequem um die Taille und hat jetzt vier Taschen, um","breadcrumb":{"@id":"https:\/\/www.miomiorun.com\/de\/produkt\/nathan-zipster\/#breadcrumb"},"inLanguage":"de-DE","potentialAction":[{"@type":"ReadAction","target":["https:\/\/www.miomiorun.com\/de\/produkt\/nathan-zipster\/"]}]},{"@type":"ImageObject","inLanguage":"de-DE","@id":"https:\/\/www.miomiorun.com\/de\/produkt\/nathan-zipster\/#primaryimage","url":"https:\/\/www.miomiorun.com\/app\/uploads\/2021\/07\/nathan-zipster-7702BK.jpg","contentUrl":"https:\/\/www.miomiorun.com\/app\/uploads\/2021\/07\/nathan-zipster-7702BK.jpg","width":600,"height":600,"caption":"nathan-zipster-7702BK"},{"@type":"BreadcrumbList","@id":"https:\/\/www.miomiorun.com\/de\/produkt\/nathan-zipster\/#breadcrumb","itemListElement":[{"@type":"ListItem","position":1,"name":"Home","item":"https:\/\/www.miomiorun.com\/de\/"},{"@type":"ListItem","position":2,"name":"Shop","item":"https:\/\/www.miomiorun.com\/shop\/"},{"@type":"ListItem","position":3,"name":"Zipster"}]},{"@type":"WebSite","@id":"https:\/\/www.miomiorun.com\/de\/#website","url":"https:\/\/www.miomiorun.com\/de\/","name":"MioMioRun","description":"100% Lauf- und Trailshop","publisher":{"@id":"https:\/\/www.miomiorun.com\/de\/#organization"},"potentialAction":[{"@type":"SearchAction","target":{"@type":"EntryPoint","urlTemplate":"https:\/\/www.miomiorun.com\/de\/?s={search_term_string}"},"query-input":{"@type":"PropertyValueSpecification","valueRequired":true,"valueName":"search_term_string"}}],"inLanguage":"de-DE"},{"@type":"Organization","@id":"https:\/\/www.miomiorun.com\/de\/#organization","name":"MioMio Run","url":"https:\/\/www.miomiorun.com\/de\/","logo":{"@type":"ImageObject","inLanguage":"de-DE","@id":"https:\/\/www.miomiorun.com\/de\/#\/schema\/logo\/image\/","url":"https:\/\/www.miomiorun.com\/app\/uploads\/2019\/12\/logomio.png","contentUrl":"https:\/\/www.miomiorun.com\/app\/uploads\/2019\/12\/logomio.png","width":115,"height":82,"caption":"MioMio Run"},"image":{"@id":"https:\/\/www.miomiorun.com\/de\/#\/schema\/logo\/image\/"},"sameAs":["https:\/\/www.facebook.com\/miomiorun\/","https:\/\/www.instagram.com\/miomiorun\/"]}]}},"_links":{"self":[{"href":"https:\/\/www.miomiorun.com\/de\/wp-json\/wp\/v2\/product\/173570","targetHints":{"allow":["GET"]}}],"collection":[{"href":"https:\/\/www.miomiorun.com\/de\/wp-json\/wp\/v2\/product"}],"about":[{"href":"https:\/\/www.miomiorun.com\/de\/wp-json\/wp\/v2\/types\/product"}],"wp:featuredmedia":[{"embeddable":true,"href":"https:\/\/www.miomiorun.com\/de\/wp-json\/wp\/v2\/media\/56513"}],"wp:attachment":[{"href":"https:\/\/www.miomiorun.com\/de\/wp-json\/wp\/v2\/media?parent=173570"}],"wp:term":[{"taxonomy":"product_brand","embeddable":true,"href":"https:\/\/www.miomiorun.com\/de\/wp-json\/wp\/v2\/product_brand?post=173570"},{"taxonomy":"product_cat","embeddable":true,"href":"https:\/\/www.miomiorun.com\/de\/wp-json\/wp\/v2\/product_cat?post=173570"},{"taxonomy":"product_tag","embeddable":true,"href":"https:\/\/www.miomiorun.com\/de\/wp-json\/wp\/v2\/product_tag?post=173570"}],"curies":[{"name":"wp","href":"https:\/\/api.w.org\/{rel}","templated":true}]}}