{"id":173553,"date":"2023-11-10T18:59:50","date_gmt":"2023-11-10T17:59:50","guid":{"rendered":"https:\/\/miomiorun.com\/prodotto\/slim-waistpack\/"},"modified":"2024-05-30T13:30:43","modified_gmt":"2024-05-30T11:30:43","slug":"slim-waistpack","status":"publish","type":"product","link":"https:\/\/www.miomiorun.com\/de\/produkt\/slim-waistpack\/","title":{"rendered":"Slim Waistpack"},"content":{"rendered":"<h2 style=\"text-align: center;\">Wenn Sie unterwegs ein wenig mehr Platz brauchen, nehmen Sie den Nike Waistpack mit.<\/h2>\n<p>Slim Waistpack, getragen auf der Schulter oder um die Taille, dieses leichte Wunder k\u00f6nnen Sie alles, was Sie brauchen, um in der Stadt oder der Nachbarschaft laufen zu tragen.<\/p>\n<p><strong>Merkmale:<\/strong><\/p>\n<ul>\n<li>Das leichte, konturierte Design ist so konzipiert, dass es Ihren Bewegungen ohne Ablenkung folgt.<\/li>\n<li>Der verstellbare Ein-Knopf-G\u00fcrtel erm\u00f6glicht ein einfaches An- und Abschnallen der H\u00fcfttasche.<\/li>\n<li>Die erweiterbare Tasche bietet genau die richtige Menge an Platz f\u00fcr kleine Dinge wie Schl\u00fcssel, Dokumente oder eine Kreditkarte f\u00fcr einen Kaffee unterwegs.<\/li>\n<\/ul>\n<p>&nbsp;<\/p>\n<p>&nbsp;<\/p>\n","protected":false},"excerpt":{"rendered":"<ul>\n<li>N\u00fctzliche Babytrage f\u00fcr Outdoor-Aktivit\u00e4ten.<\/li>\n<li>Verstellbarer Gurt<\/li>\n<\/ul>\n","protected":false},"featured_media":151560,"template":"","meta":{"_acf_changed":false,"inline_featured_image":false},"product_brand":[],"product_cat":[6342,6396,6397],"product_tag":[17028,19359,19361],"class_list":{"0":"post-173553","1":"product","2":"type-product","3":"status-publish","4":"has-post-thumbnail","6":"product_cat-zubehoer","7":"product_cat-taschen-und-guertel-de","8":"product_cat-guertel-de","9":"product_tag-nike-de","10":"product_tag-nike-damen","11":"product_tag-nike-herren","12":"pa_attivita-gehen","13":"pa_attivita-running-de","14":"pa_marca-nike-de","15":"pa_sesso-damen","16":"pa_sesso-herren","18":"first","19":"instock","20":"sale","21":"taxable","22":"shipping-taxable","23":"purchasable","24":"product-type-simple"},"acf":[],"yoast_head":"<!-- This site is optimized with the Yoast SEO plugin v26.8 - https:\/\/yoast.com\/product\/yoast-seo-wordpress\/ -->\n<title>NikeSlim Waistpack - Laufbeutel MioMioRun .comNike<\/title>\n<meta name=\"description\" content=\"Slim Waistpack, der auf der Schulter oder um die Taille getragen wird, ist ein leichtes Wunderwerk, mit dem Sie alles transportieren k\u00f6nnen, was Sie in der Stadt brauchen.\" \/>\n<meta name=\"robots\" content=\"index, follow, max-snippet:-1, max-image-preview:large, max-video-preview:-1\" \/>\n<link rel=\"canonical\" href=\"https:\/\/www.miomiorun.com\/de\/produkt\/slim-waistpack\/\" \/>\n<meta property=\"og:locale\" content=\"de_DE\" \/>\n<meta property=\"og:type\" content=\"article\" \/>\n<meta property=\"og:title\" content=\"NikeSlim Waistpack - Laufbeutel MioMioRun .comNike\" \/>\n<meta property=\"og:description\" content=\"Slim Waistpack, der auf der Schulter oder um die Taille getragen wird, ist ein leichtes Wunderwerk, mit dem Sie alles transportieren k\u00f6nnen, was Sie in der Stadt brauchen.\" \/>\n<meta property=\"og:url\" content=\"https:\/\/www.miomiorun.com\/de\/produkt\/slim-waistpack\/\" \/>\n<meta property=\"og:site_name\" content=\"MioMioRun\" \/>\n<meta property=\"article:publisher\" content=\"https:\/\/www.facebook.com\/miomiorun\/\" \/>\n<meta property=\"article:modified_time\" content=\"2024-05-30T11:30:43+00:00\" \/>\n<meta property=\"og:image\" content=\"https:\/\/www.miomiorun.com\/app\/uploads\/2023\/11\/nike-slim-waistpack-BK-BK-SL-N10036940820S.jpg\" \/>\n\t<meta property=\"og:image:width\" content=\"600\" \/>\n\t<meta property=\"og:image:height\" content=\"600\" \/>\n\t<meta property=\"og:image:type\" content=\"image\/jpeg\" \/>\n<meta name=\"twitter:card\" content=\"summary_large_image\" \/>\n<meta name=\"twitter:label1\" content=\"Est. reading time\" \/>\n\t<meta name=\"twitter:data1\" content=\"1 minute\" \/>\n<script type=\"application\/ld+json\" class=\"yoast-schema-graph\">{\"@context\":\"https:\/\/schema.org\",\"@graph\":[{\"@type\":\"WebPage\",\"@id\":\"https:\/\/www.miomiorun.com\/de\/produkt\/slim-waistpack\/\",\"url\":\"https:\/\/www.miomiorun.com\/de\/produkt\/slim-waistpack\/\",\"name\":\"NikeSlim Waistpack - Laufbeutel MioMioRun .comNike\",\"isPartOf\":{\"@id\":\"https:\/\/www.miomiorun.com\/de\/#website\"},\"primaryImageOfPage\":{\"@id\":\"https:\/\/www.miomiorun.com\/de\/produkt\/slim-waistpack\/#primaryimage\"},\"image\":{\"@id\":\"https:\/\/www.miomiorun.com\/de\/produkt\/slim-waistpack\/#primaryimage\"},\"thumbnailUrl\":\"https:\/\/www.miomiorun.com\/app\/uploads\/2023\/11\/nike-slim-waistpack-BK-BK-SL-N10036940820S.jpg\",\"datePublished\":\"2023-11-10T17:59:50+00:00\",\"dateModified\":\"2024-05-30T11:30:43+00:00\",\"description\":\"Slim Waistpack, der auf der Schulter oder um die Taille getragen wird, ist ein leichtes Wunderwerk, mit dem Sie alles transportieren k\u00f6nnen, was Sie in der Stadt brauchen.\",\"breadcrumb\":{\"@id\":\"https:\/\/www.miomiorun.com\/de\/produkt\/slim-waistpack\/#breadcrumb\"},\"inLanguage\":\"de-DE\",\"potentialAction\":[{\"@type\":\"ReadAction\",\"target\":[\"https:\/\/www.miomiorun.com\/de\/produkt\/slim-waistpack\/\"]}]},{\"@type\":\"ImageObject\",\"inLanguage\":\"de-DE\",\"@id\":\"https:\/\/www.miomiorun.com\/de\/produkt\/slim-waistpack\/#primaryimage\",\"url\":\"https:\/\/www.miomiorun.com\/app\/uploads\/2023\/11\/nike-slim-waistpack-BK-BK-SL-N10036940820S.jpg\",\"contentUrl\":\"https:\/\/www.miomiorun.com\/app\/uploads\/2023\/11\/nike-slim-waistpack-BK-BK-SL-N10036940820S.jpg\",\"width\":600,\"height\":600,\"caption\":\"nike-slim-waistpack-BK-BK-SL-N10036940820S\"},{\"@type\":\"BreadcrumbList\",\"@id\":\"https:\/\/www.miomiorun.com\/de\/produkt\/slim-waistpack\/#breadcrumb\",\"itemListElement\":[{\"@type\":\"ListItem\",\"position\":1,\"name\":\"Home\",\"item\":\"https:\/\/www.miomiorun.com\/de\/\"},{\"@type\":\"ListItem\",\"position\":2,\"name\":\"Shop\",\"item\":\"https:\/\/www.miomiorun.com\/shop\/\"},{\"@type\":\"ListItem\",\"position\":3,\"name\":\"Slim Waistpack\"}]},{\"@type\":\"WebSite\",\"@id\":\"https:\/\/www.miomiorun.com\/de\/#website\",\"url\":\"https:\/\/www.miomiorun.com\/de\/\",\"name\":\"MioMioRun\",\"description\":\"100% Lauf- und Trailshop\",\"publisher\":{\"@id\":\"https:\/\/www.miomiorun.com\/de\/#organization\"},\"potentialAction\":[{\"@type\":\"SearchAction\",\"target\":{\"@type\":\"EntryPoint\",\"urlTemplate\":\"https:\/\/www.miomiorun.com\/de\/?s={search_term_string}\"},\"query-input\":{\"@type\":\"PropertyValueSpecification\",\"valueRequired\":true,\"valueName\":\"search_term_string\"}}],\"inLanguage\":\"de-DE\"},{\"@type\":\"Organization\",\"@id\":\"https:\/\/www.miomiorun.com\/de\/#organization\",\"name\":\"MioMio Run\",\"url\":\"https:\/\/www.miomiorun.com\/de\/\",\"logo\":{\"@type\":\"ImageObject\",\"inLanguage\":\"de-DE\",\"@id\":\"https:\/\/www.miomiorun.com\/de\/#\/schema\/logo\/image\/\",\"url\":\"https:\/\/www.miomiorun.com\/app\/uploads\/2019\/12\/logomio.png\",\"contentUrl\":\"https:\/\/www.miomiorun.com\/app\/uploads\/2019\/12\/logomio.png\",\"width\":115,\"height\":82,\"caption\":\"MioMio Run\"},\"image\":{\"@id\":\"https:\/\/www.miomiorun.com\/de\/#\/schema\/logo\/image\/\"},\"sameAs\":[\"https:\/\/www.facebook.com\/miomiorun\/\",\"https:\/\/www.instagram.com\/miomiorun\/\"]}]}<\/script>\n<!-- \/ Yoast SEO plugin. -->","yoast_head_json":{"title":"NikeSlim Waistpack - Laufbeutel MioMioRun .comNike","description":"Slim Waistpack, der auf der Schulter oder um die Taille getragen wird, ist ein leichtes Wunderwerk, mit dem Sie alles transportieren k\u00f6nnen, was Sie in der Stadt brauchen.","robots":{"index":"index","follow":"follow","max-snippet":"max-snippet:-1","max-image-preview":"max-image-preview:large","max-video-preview":"max-video-preview:-1"},"canonical":"https:\/\/www.miomiorun.com\/de\/produkt\/slim-waistpack\/","og_locale":"de_DE","og_type":"article","og_title":"NikeSlim Waistpack - Laufbeutel MioMioRun .comNike","og_description":"Slim Waistpack, der auf der Schulter oder um die Taille getragen wird, ist ein leichtes Wunderwerk, mit dem Sie alles transportieren k\u00f6nnen, was Sie in der Stadt brauchen.","og_url":"https:\/\/www.miomiorun.com\/de\/produkt\/slim-waistpack\/","og_site_name":"MioMioRun","article_publisher":"https:\/\/www.facebook.com\/miomiorun\/","article_modified_time":"2024-05-30T11:30:43+00:00","og_image":[{"width":600,"height":600,"url":"https:\/\/www.miomiorun.com\/app\/uploads\/2023\/11\/nike-slim-waistpack-BK-BK-SL-N10036940820S.jpg","type":"image\/jpeg"}],"twitter_card":"summary_large_image","twitter_misc":{"Est. reading time":"1 minute"},"schema":{"@context":"https:\/\/schema.org","@graph":[{"@type":"WebPage","@id":"https:\/\/www.miomiorun.com\/de\/produkt\/slim-waistpack\/","url":"https:\/\/www.miomiorun.com\/de\/produkt\/slim-waistpack\/","name":"NikeSlim Waistpack - Laufbeutel MioMioRun .comNike","isPartOf":{"@id":"https:\/\/www.miomiorun.com\/de\/#website"},"primaryImageOfPage":{"@id":"https:\/\/www.miomiorun.com\/de\/produkt\/slim-waistpack\/#primaryimage"},"image":{"@id":"https:\/\/www.miomiorun.com\/de\/produkt\/slim-waistpack\/#primaryimage"},"thumbnailUrl":"https:\/\/www.miomiorun.com\/app\/uploads\/2023\/11\/nike-slim-waistpack-BK-BK-SL-N10036940820S.jpg","datePublished":"2023-11-10T17:59:50+00:00","dateModified":"2024-05-30T11:30:43+00:00","description":"Slim Waistpack, der auf der Schulter oder um die Taille getragen wird, ist ein leichtes Wunderwerk, mit dem Sie alles transportieren k\u00f6nnen, was Sie in der Stadt brauchen.","breadcrumb":{"@id":"https:\/\/www.miomiorun.com\/de\/produkt\/slim-waistpack\/#breadcrumb"},"inLanguage":"de-DE","potentialAction":[{"@type":"ReadAction","target":["https:\/\/www.miomiorun.com\/de\/produkt\/slim-waistpack\/"]}]},{"@type":"ImageObject","inLanguage":"de-DE","@id":"https:\/\/www.miomiorun.com\/de\/produkt\/slim-waistpack\/#primaryimage","url":"https:\/\/www.miomiorun.com\/app\/uploads\/2023\/11\/nike-slim-waistpack-BK-BK-SL-N10036940820S.jpg","contentUrl":"https:\/\/www.miomiorun.com\/app\/uploads\/2023\/11\/nike-slim-waistpack-BK-BK-SL-N10036940820S.jpg","width":600,"height":600,"caption":"nike-slim-waistpack-BK-BK-SL-N10036940820S"},{"@type":"BreadcrumbList","@id":"https:\/\/www.miomiorun.com\/de\/produkt\/slim-waistpack\/#breadcrumb","itemListElement":[{"@type":"ListItem","position":1,"name":"Home","item":"https:\/\/www.miomiorun.com\/de\/"},{"@type":"ListItem","position":2,"name":"Shop","item":"https:\/\/www.miomiorun.com\/shop\/"},{"@type":"ListItem","position":3,"name":"Slim Waistpack"}]},{"@type":"WebSite","@id":"https:\/\/www.miomiorun.com\/de\/#website","url":"https:\/\/www.miomiorun.com\/de\/","name":"MioMioRun","description":"100% Lauf- und Trailshop","publisher":{"@id":"https:\/\/www.miomiorun.com\/de\/#organization"},"potentialAction":[{"@type":"SearchAction","target":{"@type":"EntryPoint","urlTemplate":"https:\/\/www.miomiorun.com\/de\/?s={search_term_string}"},"query-input":{"@type":"PropertyValueSpecification","valueRequired":true,"valueName":"search_term_string"}}],"inLanguage":"de-DE"},{"@type":"Organization","@id":"https:\/\/www.miomiorun.com\/de\/#organization","name":"MioMio Run","url":"https:\/\/www.miomiorun.com\/de\/","logo":{"@type":"ImageObject","inLanguage":"de-DE","@id":"https:\/\/www.miomiorun.com\/de\/#\/schema\/logo\/image\/","url":"https:\/\/www.miomiorun.com\/app\/uploads\/2019\/12\/logomio.png","contentUrl":"https:\/\/www.miomiorun.com\/app\/uploads\/2019\/12\/logomio.png","width":115,"height":82,"caption":"MioMio Run"},"image":{"@id":"https:\/\/www.miomiorun.com\/de\/#\/schema\/logo\/image\/"},"sameAs":["https:\/\/www.facebook.com\/miomiorun\/","https:\/\/www.instagram.com\/miomiorun\/"]}]}},"_links":{"self":[{"href":"https:\/\/www.miomiorun.com\/de\/wp-json\/wp\/v2\/product\/173553","targetHints":{"allow":["GET"]}}],"collection":[{"href":"https:\/\/www.miomiorun.com\/de\/wp-json\/wp\/v2\/product"}],"about":[{"href":"https:\/\/www.miomiorun.com\/de\/wp-json\/wp\/v2\/types\/product"}],"wp:featuredmedia":[{"embeddable":true,"href":"https:\/\/www.miomiorun.com\/de\/wp-json\/wp\/v2\/media\/151560"}],"wp:attachment":[{"href":"https:\/\/www.miomiorun.com\/de\/wp-json\/wp\/v2\/media?parent=173553"}],"wp:term":[{"taxonomy":"product_brand","embeddable":true,"href":"https:\/\/www.miomiorun.com\/de\/wp-json\/wp\/v2\/product_brand?post=173553"},{"taxonomy":"product_cat","embeddable":true,"href":"https:\/\/www.miomiorun.com\/de\/wp-json\/wp\/v2\/product_cat?post=173553"},{"taxonomy":"product_tag","embeddable":true,"href":"https:\/\/www.miomiorun.com\/de\/wp-json\/wp\/v2\/product_tag?post=173553"}],"curies":[{"name":"wp","href":"https:\/\/api.w.org\/{rel}","templated":true}]}}