{"id":173551,"date":"2023-11-11T09:48:12","date_gmt":"2023-11-11T08:48:12","guid":{"rendered":"https:\/\/miomiorun.com\/prodotto\/challenger-waistpack-large\/"},"modified":"2024-05-30T13:40:37","modified_gmt":"2024-05-30T11:40:37","slug":"challenger-waistpack-large","status":"publish","type":"product","link":"https:\/\/www.miomiorun.com\/de\/produkt\/challenger-waistpack-large\/","title":{"rendered":"Challenger Waistpack Large"},"content":{"rendered":"<p>Sie m\u00fcssen sich nicht mehr entscheiden, was Sie auf Ihren Lauf mitnehmen wollen. Das Hauptfach mit Rei\u00dfverschluss hat eine Unterteilung, um kleine Gegenst\u00e4nde zu organisieren. Das leichte, konturierte Design bietet erh\u00f6hten Komfort und minimiert Ablenkungen. Der Netzr\u00fccken bietet erh\u00f6hte Atmungsaktivit\u00e4t f\u00fcr k\u00fchle, trockene Haut von Anfang bis Ende des Laufs.<\/p>\n<p><strong>Merkmale:<\/strong><\/p>\n<ul>\n<li>Ca. 35,5 x 12,5 cm (L\u00e4nge x Breite)<\/li>\n<li>K\u00f6rper: 54% Polyester\/46% Nylon. Innenfutter: 100% Polyester.<\/li>\n<li>Nur verschmutzte Teile reinigen<\/li>\n<li>Reflektierendes Swoosh-Logo<\/li>\n<\/ul>\n","protected":false},"excerpt":{"rendered":"<ul>\n<li>G\u00fcrteltasche zum Tragen von Gegenst\u00e4nden.<\/li>\n<li>Reflektierende Details.<\/li>\n<\/ul>\n","protected":false},"featured_media":162960,"template":"","meta":{"_acf_changed":false,"inline_featured_image":false},"product_brand":[],"product_cat":[6342,6396,6397],"product_tag":[17028],"class_list":{"0":"post-173551","1":"product","2":"type-product","3":"status-publish","4":"has-post-thumbnail","6":"product_cat-zubehoer","7":"product_cat-taschen-und-guertel-de","8":"product_cat-guertel-de","9":"product_tag-nike-de","10":"pa_attivita-gehen","11":"pa_attivita-running-de","12":"pa_marca-nike-de","13":"pa_sesso-damen","14":"pa_sesso-herren","16":"first","17":"instock","18":"sale","19":"taxable","20":"shipping-taxable","21":"purchasable","22":"product-type-simple"},"acf":[],"yoast_head":"<!-- This site is optimized with the Yoast SEO plugin v26.8 - https:\/\/yoast.com\/product\/yoast-seo-wordpress\/ -->\n<title>NikeChallenger Waistpack Large - Laufrucksack - MioMioRun<\/title>\n<meta name=\"description\" content=\"Sie m\u00fcssen sich nicht mehr entscheiden, was Sie auf Ihren Lauf mitnehmen wollen. Das Hauptfach mit Rei\u00dfverschluss hat eine Trennwand\" \/>\n<meta name=\"robots\" content=\"index, follow, max-snippet:-1, max-image-preview:large, max-video-preview:-1\" \/>\n<link rel=\"canonical\" href=\"https:\/\/www.miomiorun.com\/de\/produkt\/challenger-waistpack-large\/\" \/>\n<meta property=\"og:locale\" content=\"de_DE\" \/>\n<meta property=\"og:type\" content=\"article\" \/>\n<meta property=\"og:title\" content=\"NikeChallenger Waistpack Large - Laufrucksack - MioMioRun\" \/>\n<meta property=\"og:description\" content=\"Sie m\u00fcssen sich nicht mehr entscheiden, was Sie auf Ihren Lauf mitnehmen wollen. Das Hauptfach mit Rei\u00dfverschluss hat eine Trennwand\" \/>\n<meta property=\"og:url\" content=\"https:\/\/www.miomiorun.com\/de\/produkt\/challenger-waistpack-large\/\" \/>\n<meta property=\"og:site_name\" content=\"MioMioRun\" \/>\n<meta property=\"article:publisher\" content=\"https:\/\/www.facebook.com\/miomiorun\/\" \/>\n<meta property=\"article:modified_time\" content=\"2024-05-30T11:40:37+00:00\" \/>\n<meta property=\"og:image\" content=\"https:\/\/www.miomiorun.com\/app\/uploads\/2023\/11\/nike-challenger-waistpack-large-BK-BK-WH-N10071420910S.webp\" \/>\n\t<meta property=\"og:image:width\" content=\"600\" \/>\n\t<meta property=\"og:image:height\" content=\"600\" \/>\n\t<meta property=\"og:image:type\" content=\"image\/webp\" \/>\n<meta name=\"twitter:card\" content=\"summary_large_image\" \/>\n<script type=\"application\/ld+json\" class=\"yoast-schema-graph\">{\"@context\":\"https:\/\/schema.org\",\"@graph\":[{\"@type\":\"WebPage\",\"@id\":\"https:\/\/www.miomiorun.com\/de\/produkt\/challenger-waistpack-large\/\",\"url\":\"https:\/\/www.miomiorun.com\/de\/produkt\/challenger-waistpack-large\/\",\"name\":\"NikeChallenger Waistpack Large - Laufrucksack - MioMioRun\",\"isPartOf\":{\"@id\":\"https:\/\/www.miomiorun.com\/de\/#website\"},\"primaryImageOfPage\":{\"@id\":\"https:\/\/www.miomiorun.com\/de\/produkt\/challenger-waistpack-large\/#primaryimage\"},\"image\":{\"@id\":\"https:\/\/www.miomiorun.com\/de\/produkt\/challenger-waistpack-large\/#primaryimage\"},\"thumbnailUrl\":\"https:\/\/www.miomiorun.com\/app\/uploads\/2023\/11\/nike-challenger-waistpack-large-BK-BK-WH-N10071420910S.webp\",\"datePublished\":\"2023-11-11T08:48:12+00:00\",\"dateModified\":\"2024-05-30T11:40:37+00:00\",\"description\":\"Sie m\u00fcssen sich nicht mehr entscheiden, was Sie auf Ihren Lauf mitnehmen wollen. Das Hauptfach mit Rei\u00dfverschluss hat eine Trennwand\",\"breadcrumb\":{\"@id\":\"https:\/\/www.miomiorun.com\/de\/produkt\/challenger-waistpack-large\/#breadcrumb\"},\"inLanguage\":\"de-DE\",\"potentialAction\":[{\"@type\":\"ReadAction\",\"target\":[\"https:\/\/www.miomiorun.com\/de\/produkt\/challenger-waistpack-large\/\"]}]},{\"@type\":\"ImageObject\",\"inLanguage\":\"de-DE\",\"@id\":\"https:\/\/www.miomiorun.com\/de\/produkt\/challenger-waistpack-large\/#primaryimage\",\"url\":\"https:\/\/www.miomiorun.com\/app\/uploads\/2023\/11\/nike-challenger-waistpack-large-BK-BK-WH-N10071420910S.webp\",\"contentUrl\":\"https:\/\/www.miomiorun.com\/app\/uploads\/2023\/11\/nike-challenger-waistpack-large-BK-BK-WH-N10071420910S.webp\",\"width\":600,\"height\":600,\"caption\":\"nike challenger waistpack large BK BK WH N10071420910S\"},{\"@type\":\"BreadcrumbList\",\"@id\":\"https:\/\/www.miomiorun.com\/de\/produkt\/challenger-waistpack-large\/#breadcrumb\",\"itemListElement\":[{\"@type\":\"ListItem\",\"position\":1,\"name\":\"Home\",\"item\":\"https:\/\/www.miomiorun.com\/de\/\"},{\"@type\":\"ListItem\",\"position\":2,\"name\":\"Shop\",\"item\":\"https:\/\/www.miomiorun.com\/shop\/\"},{\"@type\":\"ListItem\",\"position\":3,\"name\":\"Challenger Waistpack Large\"}]},{\"@type\":\"WebSite\",\"@id\":\"https:\/\/www.miomiorun.com\/de\/#website\",\"url\":\"https:\/\/www.miomiorun.com\/de\/\",\"name\":\"MioMioRun\",\"description\":\"100% Lauf- und Trailshop\",\"publisher\":{\"@id\":\"https:\/\/www.miomiorun.com\/de\/#organization\"},\"potentialAction\":[{\"@type\":\"SearchAction\",\"target\":{\"@type\":\"EntryPoint\",\"urlTemplate\":\"https:\/\/www.miomiorun.com\/de\/?s={search_term_string}\"},\"query-input\":{\"@type\":\"PropertyValueSpecification\",\"valueRequired\":true,\"valueName\":\"search_term_string\"}}],\"inLanguage\":\"de-DE\"},{\"@type\":\"Organization\",\"@id\":\"https:\/\/www.miomiorun.com\/de\/#organization\",\"name\":\"MioMio Run\",\"url\":\"https:\/\/www.miomiorun.com\/de\/\",\"logo\":{\"@type\":\"ImageObject\",\"inLanguage\":\"de-DE\",\"@id\":\"https:\/\/www.miomiorun.com\/de\/#\/schema\/logo\/image\/\",\"url\":\"https:\/\/www.miomiorun.com\/app\/uploads\/2019\/12\/logomio.png\",\"contentUrl\":\"https:\/\/www.miomiorun.com\/app\/uploads\/2019\/12\/logomio.png\",\"width\":115,\"height\":82,\"caption\":\"MioMio Run\"},\"image\":{\"@id\":\"https:\/\/www.miomiorun.com\/de\/#\/schema\/logo\/image\/\"},\"sameAs\":[\"https:\/\/www.facebook.com\/miomiorun\/\",\"https:\/\/www.instagram.com\/miomiorun\/\"]}]}<\/script>\n<!-- \/ Yoast SEO plugin. -->","yoast_head_json":{"title":"NikeChallenger Waistpack Large - Laufrucksack - MioMioRun","description":"Sie m\u00fcssen sich nicht mehr entscheiden, was Sie auf Ihren Lauf mitnehmen wollen. Das Hauptfach mit Rei\u00dfverschluss hat eine Trennwand","robots":{"index":"index","follow":"follow","max-snippet":"max-snippet:-1","max-image-preview":"max-image-preview:large","max-video-preview":"max-video-preview:-1"},"canonical":"https:\/\/www.miomiorun.com\/de\/produkt\/challenger-waistpack-large\/","og_locale":"de_DE","og_type":"article","og_title":"NikeChallenger Waistpack Large - Laufrucksack - MioMioRun","og_description":"Sie m\u00fcssen sich nicht mehr entscheiden, was Sie auf Ihren Lauf mitnehmen wollen. Das Hauptfach mit Rei\u00dfverschluss hat eine Trennwand","og_url":"https:\/\/www.miomiorun.com\/de\/produkt\/challenger-waistpack-large\/","og_site_name":"MioMioRun","article_publisher":"https:\/\/www.facebook.com\/miomiorun\/","article_modified_time":"2024-05-30T11:40:37+00:00","og_image":[{"width":600,"height":600,"url":"https:\/\/www.miomiorun.com\/app\/uploads\/2023\/11\/nike-challenger-waistpack-large-BK-BK-WH-N10071420910S.webp","type":"image\/webp"}],"twitter_card":"summary_large_image","schema":{"@context":"https:\/\/schema.org","@graph":[{"@type":"WebPage","@id":"https:\/\/www.miomiorun.com\/de\/produkt\/challenger-waistpack-large\/","url":"https:\/\/www.miomiorun.com\/de\/produkt\/challenger-waistpack-large\/","name":"NikeChallenger Waistpack Large - Laufrucksack - MioMioRun","isPartOf":{"@id":"https:\/\/www.miomiorun.com\/de\/#website"},"primaryImageOfPage":{"@id":"https:\/\/www.miomiorun.com\/de\/produkt\/challenger-waistpack-large\/#primaryimage"},"image":{"@id":"https:\/\/www.miomiorun.com\/de\/produkt\/challenger-waistpack-large\/#primaryimage"},"thumbnailUrl":"https:\/\/www.miomiorun.com\/app\/uploads\/2023\/11\/nike-challenger-waistpack-large-BK-BK-WH-N10071420910S.webp","datePublished":"2023-11-11T08:48:12+00:00","dateModified":"2024-05-30T11:40:37+00:00","description":"Sie m\u00fcssen sich nicht mehr entscheiden, was Sie auf Ihren Lauf mitnehmen wollen. Das Hauptfach mit Rei\u00dfverschluss hat eine Trennwand","breadcrumb":{"@id":"https:\/\/www.miomiorun.com\/de\/produkt\/challenger-waistpack-large\/#breadcrumb"},"inLanguage":"de-DE","potentialAction":[{"@type":"ReadAction","target":["https:\/\/www.miomiorun.com\/de\/produkt\/challenger-waistpack-large\/"]}]},{"@type":"ImageObject","inLanguage":"de-DE","@id":"https:\/\/www.miomiorun.com\/de\/produkt\/challenger-waistpack-large\/#primaryimage","url":"https:\/\/www.miomiorun.com\/app\/uploads\/2023\/11\/nike-challenger-waistpack-large-BK-BK-WH-N10071420910S.webp","contentUrl":"https:\/\/www.miomiorun.com\/app\/uploads\/2023\/11\/nike-challenger-waistpack-large-BK-BK-WH-N10071420910S.webp","width":600,"height":600,"caption":"nike challenger waistpack large BK BK WH N10071420910S"},{"@type":"BreadcrumbList","@id":"https:\/\/www.miomiorun.com\/de\/produkt\/challenger-waistpack-large\/#breadcrumb","itemListElement":[{"@type":"ListItem","position":1,"name":"Home","item":"https:\/\/www.miomiorun.com\/de\/"},{"@type":"ListItem","position":2,"name":"Shop","item":"https:\/\/www.miomiorun.com\/shop\/"},{"@type":"ListItem","position":3,"name":"Challenger Waistpack Large"}]},{"@type":"WebSite","@id":"https:\/\/www.miomiorun.com\/de\/#website","url":"https:\/\/www.miomiorun.com\/de\/","name":"MioMioRun","description":"100% Lauf- und Trailshop","publisher":{"@id":"https:\/\/www.miomiorun.com\/de\/#organization"},"potentialAction":[{"@type":"SearchAction","target":{"@type":"EntryPoint","urlTemplate":"https:\/\/www.miomiorun.com\/de\/?s={search_term_string}"},"query-input":{"@type":"PropertyValueSpecification","valueRequired":true,"valueName":"search_term_string"}}],"inLanguage":"de-DE"},{"@type":"Organization","@id":"https:\/\/www.miomiorun.com\/de\/#organization","name":"MioMio Run","url":"https:\/\/www.miomiorun.com\/de\/","logo":{"@type":"ImageObject","inLanguage":"de-DE","@id":"https:\/\/www.miomiorun.com\/de\/#\/schema\/logo\/image\/","url":"https:\/\/www.miomiorun.com\/app\/uploads\/2019\/12\/logomio.png","contentUrl":"https:\/\/www.miomiorun.com\/app\/uploads\/2019\/12\/logomio.png","width":115,"height":82,"caption":"MioMio Run"},"image":{"@id":"https:\/\/www.miomiorun.com\/de\/#\/schema\/logo\/image\/"},"sameAs":["https:\/\/www.facebook.com\/miomiorun\/","https:\/\/www.instagram.com\/miomiorun\/"]}]}},"_links":{"self":[{"href":"https:\/\/www.miomiorun.com\/de\/wp-json\/wp\/v2\/product\/173551","targetHints":{"allow":["GET"]}}],"collection":[{"href":"https:\/\/www.miomiorun.com\/de\/wp-json\/wp\/v2\/product"}],"about":[{"href":"https:\/\/www.miomiorun.com\/de\/wp-json\/wp\/v2\/types\/product"}],"wp:featuredmedia":[{"embeddable":true,"href":"https:\/\/www.miomiorun.com\/de\/wp-json\/wp\/v2\/media\/162960"}],"wp:attachment":[{"href":"https:\/\/www.miomiorun.com\/de\/wp-json\/wp\/v2\/media?parent=173551"}],"wp:term":[{"taxonomy":"product_brand","embeddable":true,"href":"https:\/\/www.miomiorun.com\/de\/wp-json\/wp\/v2\/product_brand?post=173551"},{"taxonomy":"product_cat","embeddable":true,"href":"https:\/\/www.miomiorun.com\/de\/wp-json\/wp\/v2\/product_cat?post=173551"},{"taxonomy":"product_tag","embeddable":true,"href":"https:\/\/www.miomiorun.com\/de\/wp-json\/wp\/v2\/product_tag?post=173551"}],"curies":[{"name":"wp","href":"https:\/\/api.w.org\/{rel}","templated":true}]}}