{"id":173546,"date":"2024-04-23T14:32:15","date_gmt":"2024-04-23T12:32:15","guid":{"rendered":"https:\/\/miomiorun.com\/prodotto\/pinnacle-series-waistpack\/"},"modified":"2024-05-30T13:33:05","modified_gmt":"2024-05-30T11:33:05","slug":"pinnacle-series-waistpack","status":"publish","type":"product","link":"https:\/\/www.miomiorun.com\/de\/produkt\/pinnacle-series-waistpack\/","title":{"rendered":"Pinnacle Series Waistpack"},"content":{"rendered":"<p>Der <strong>Pinnacle Series Waistpack<\/strong> wurde mit Blick auf minimalistische L\u00e4ufer entwickelt und hat alles, was man braucht. Er ist stilvoll und komfortabel und verf\u00fcgt \u00fcber vier Au\u00dfentaschen und einen schnellen und effizienten Zugang zu Wasserflaschen. Dieser leichte und federnde G\u00fcrtel bietet genau das, was Sie brauchen, ohne Kompromisse bei der Leistung einzugehen.<\/p>\n<p>&nbsp;<\/p>\n<p><strong>Eigenschaften:<\/strong><\/p>\n<ul>\n<li>591 ml weiche Wasserflasche mit Verschlusskappe.<\/li>\n<li>Vordertasche mit Rei\u00dfverschluss f\u00fcr das Telefon.<\/li>\n<li>Zwei Seitentaschen f\u00fcr Schl\u00fcssel oder Lebensmittel.<\/li>\n<\/ul>\n<p>Trinktasche in der hinteren Mitte, mit Schaumstoff gef\u00fcttert f\u00fcr mehr Stabilit\u00e4t und einer breiten Schlaufe f\u00fcr mehr Fingerfertigkeit beim \u00d6ffnen der Tasche.<\/p>\n<p>Kompressionslaschen an beiden Seiten der Tasche; die Laschen ziehen sich zusammen, um die weiche Trinkflasche beim Trinken zu komprimieren.<\/p>\n<p>&nbsp;<\/p>\n<p><strong>Gewicht:<\/strong> 113,40 g<\/p>\n<p><strong>Fassungsverm\u00f6gen:<\/strong> 0,5 Liter<\/p>\n<p>&nbsp;<\/p>\n<p>&nbsp;<\/p>\n<p dir=\"ltr\" data-placeholder=\"Traduzione\">\n","protected":false},"excerpt":{"rendered":"<ul>\n<li>eng anliegender G\u00fcrtel zum Tragen bei sportlichen Aktivit\u00e4ten.<\/li>\n<li>ideal zum Tragen von Schl\u00fcsseln, Telefon und Wasserflasche.<\/li>\n<\/ul>\n","protected":false},"featured_media":169685,"template":"","meta":{"_acf_changed":false,"inline_featured_image":false},"product_brand":[],"product_cat":[6342,6396,6397],"product_tag":[3383],"class_list":{"0":"post-173546","1":"product","2":"type-product","3":"status-publish","4":"has-post-thumbnail","6":"product_cat-zubehoer","7":"product_cat-taschen-und-guertel-de","8":"product_cat-guertel-de","9":"product_tag-nathan-de","10":"pa_attivita-gehen","11":"pa_attivita-outdoor-de","12":"pa_attivita-running-de","13":"pa_attivita-trail-de","14":"pa_marca-nathan-de","15":"pa_sesso-damen","16":"pa_sesso-herren","17":"pa_size-s-m-de","18":"pa_size-l-xl-de","20":"first","21":"instock","22":"sale","23":"taxable","24":"shipping-taxable","25":"purchasable","26":"product-type-variable","27":"wvs-archive-product-wrapper"},"acf":[],"yoast_head":"<!-- This site is optimized with the Yoast SEO plugin v26.8 - https:\/\/yoast.com\/product\/yoast-seo-wordpress\/ -->\n<title>Nathan Pinnacle Series Waistpack - Laufband MioMioRun .com<\/title>\n<meta name=\"description\" content=\"der Pinnacle Series Waistpack hat alles, was man braucht. Er ist stilvoll und bequem, hat ein durchgehendes Design, Taschen und schnellen Zugriff auf die Wasserflasche.\" \/>\n<meta name=\"robots\" content=\"index, follow, max-snippet:-1, max-image-preview:large, max-video-preview:-1\" \/>\n<link rel=\"canonical\" href=\"https:\/\/www.miomiorun.com\/de\/produkt\/pinnacle-series-waistpack\/\" \/>\n<meta property=\"og:locale\" content=\"de_DE\" \/>\n<meta property=\"og:type\" content=\"article\" \/>\n<meta property=\"og:title\" content=\"Nathan Pinnacle Series Waistpack - Laufband MioMioRun .com\" \/>\n<meta property=\"og:description\" content=\"der Pinnacle Series Waistpack hat alles, was man braucht. Er ist stilvoll und bequem, hat ein durchgehendes Design, Taschen und schnellen Zugriff auf die Wasserflasche.\" \/>\n<meta property=\"og:url\" content=\"https:\/\/www.miomiorun.com\/de\/produkt\/pinnacle-series-waistpack\/\" \/>\n<meta property=\"og:site_name\" content=\"MioMioRun\" \/>\n<meta property=\"article:publisher\" content=\"https:\/\/www.facebook.com\/miomiorun\/\" \/>\n<meta property=\"article:modified_time\" content=\"2024-05-30T11:33:05+00:00\" \/>\n<meta property=\"og:image\" content=\"https:\/\/www.miomiorun.com\/app\/uploads\/2024\/04\/nathan-Pinnacle-series-waistback-40220.webp\" \/>\n\t<meta property=\"og:image:width\" content=\"600\" \/>\n\t<meta property=\"og:image:height\" content=\"600\" \/>\n\t<meta property=\"og:image:type\" content=\"image\/webp\" \/>\n<meta name=\"twitter:card\" content=\"summary_large_image\" \/>\n<meta name=\"twitter:label1\" content=\"Est. reading time\" \/>\n\t<meta name=\"twitter:data1\" content=\"1 minute\" \/>\n<script type=\"application\/ld+json\" class=\"yoast-schema-graph\">{\"@context\":\"https:\/\/schema.org\",\"@graph\":[{\"@type\":\"WebPage\",\"@id\":\"https:\/\/www.miomiorun.com\/de\/produkt\/pinnacle-series-waistpack\/\",\"url\":\"https:\/\/www.miomiorun.com\/de\/produkt\/pinnacle-series-waistpack\/\",\"name\":\"Nathan Pinnacle Series Waistpack - Laufband MioMioRun .com\",\"isPartOf\":{\"@id\":\"https:\/\/www.miomiorun.com\/de\/#website\"},\"primaryImageOfPage\":{\"@id\":\"https:\/\/www.miomiorun.com\/de\/produkt\/pinnacle-series-waistpack\/#primaryimage\"},\"image\":{\"@id\":\"https:\/\/www.miomiorun.com\/de\/produkt\/pinnacle-series-waistpack\/#primaryimage\"},\"thumbnailUrl\":\"https:\/\/www.miomiorun.com\/app\/uploads\/2024\/04\/nathan-Pinnacle-series-waistback-40220.webp\",\"datePublished\":\"2024-04-23T12:32:15+00:00\",\"dateModified\":\"2024-05-30T11:33:05+00:00\",\"description\":\"der Pinnacle Series Waistpack hat alles, was man braucht. Er ist stilvoll und bequem, hat ein durchgehendes Design, Taschen und schnellen Zugriff auf die Wasserflasche.\",\"breadcrumb\":{\"@id\":\"https:\/\/www.miomiorun.com\/de\/produkt\/pinnacle-series-waistpack\/#breadcrumb\"},\"inLanguage\":\"de-DE\",\"potentialAction\":[{\"@type\":\"ReadAction\",\"target\":[\"https:\/\/www.miomiorun.com\/de\/produkt\/pinnacle-series-waistpack\/\"]}]},{\"@type\":\"ImageObject\",\"inLanguage\":\"de-DE\",\"@id\":\"https:\/\/www.miomiorun.com\/de\/produkt\/pinnacle-series-waistpack\/#primaryimage\",\"url\":\"https:\/\/www.miomiorun.com\/app\/uploads\/2024\/04\/nathan-Pinnacle-series-waistback-40220.webp\",\"contentUrl\":\"https:\/\/www.miomiorun.com\/app\/uploads\/2024\/04\/nathan-Pinnacle-series-waistback-40220.webp\",\"width\":600,\"height\":600,\"caption\":\"nathan Pinnacle series waistback 40220\"},{\"@type\":\"BreadcrumbList\",\"@id\":\"https:\/\/www.miomiorun.com\/de\/produkt\/pinnacle-series-waistpack\/#breadcrumb\",\"itemListElement\":[{\"@type\":\"ListItem\",\"position\":1,\"name\":\"Home\",\"item\":\"https:\/\/www.miomiorun.com\/de\/\"},{\"@type\":\"ListItem\",\"position\":2,\"name\":\"Shop\",\"item\":\"https:\/\/www.miomiorun.com\/shop\/\"},{\"@type\":\"ListItem\",\"position\":3,\"name\":\"Pinnacle Series Waistpack\"}]},{\"@type\":\"WebSite\",\"@id\":\"https:\/\/www.miomiorun.com\/de\/#website\",\"url\":\"https:\/\/www.miomiorun.com\/de\/\",\"name\":\"MioMioRun\",\"description\":\"100% Lauf- und Trailshop\",\"publisher\":{\"@id\":\"https:\/\/www.miomiorun.com\/de\/#organization\"},\"potentialAction\":[{\"@type\":\"SearchAction\",\"target\":{\"@type\":\"EntryPoint\",\"urlTemplate\":\"https:\/\/www.miomiorun.com\/de\/?s={search_term_string}\"},\"query-input\":{\"@type\":\"PropertyValueSpecification\",\"valueRequired\":true,\"valueName\":\"search_term_string\"}}],\"inLanguage\":\"de-DE\"},{\"@type\":\"Organization\",\"@id\":\"https:\/\/www.miomiorun.com\/de\/#organization\",\"name\":\"MioMio Run\",\"url\":\"https:\/\/www.miomiorun.com\/de\/\",\"logo\":{\"@type\":\"ImageObject\",\"inLanguage\":\"de-DE\",\"@id\":\"https:\/\/www.miomiorun.com\/de\/#\/schema\/logo\/image\/\",\"url\":\"https:\/\/www.miomiorun.com\/app\/uploads\/2019\/12\/logomio.png\",\"contentUrl\":\"https:\/\/www.miomiorun.com\/app\/uploads\/2019\/12\/logomio.png\",\"width\":115,\"height\":82,\"caption\":\"MioMio Run\"},\"image\":{\"@id\":\"https:\/\/www.miomiorun.com\/de\/#\/schema\/logo\/image\/\"},\"sameAs\":[\"https:\/\/www.facebook.com\/miomiorun\/\",\"https:\/\/www.instagram.com\/miomiorun\/\"]}]}<\/script>\n<!-- \/ Yoast SEO plugin. -->","yoast_head_json":{"title":"Nathan Pinnacle Series Waistpack - Laufband MioMioRun .com","description":"der Pinnacle Series Waistpack hat alles, was man braucht. Er ist stilvoll und bequem, hat ein durchgehendes Design, Taschen und schnellen Zugriff auf die Wasserflasche.","robots":{"index":"index","follow":"follow","max-snippet":"max-snippet:-1","max-image-preview":"max-image-preview:large","max-video-preview":"max-video-preview:-1"},"canonical":"https:\/\/www.miomiorun.com\/de\/produkt\/pinnacle-series-waistpack\/","og_locale":"de_DE","og_type":"article","og_title":"Nathan Pinnacle Series Waistpack - Laufband MioMioRun .com","og_description":"der Pinnacle Series Waistpack hat alles, was man braucht. Er ist stilvoll und bequem, hat ein durchgehendes Design, Taschen und schnellen Zugriff auf die Wasserflasche.","og_url":"https:\/\/www.miomiorun.com\/de\/produkt\/pinnacle-series-waistpack\/","og_site_name":"MioMioRun","article_publisher":"https:\/\/www.facebook.com\/miomiorun\/","article_modified_time":"2024-05-30T11:33:05+00:00","og_image":[{"width":600,"height":600,"url":"https:\/\/www.miomiorun.com\/app\/uploads\/2024\/04\/nathan-Pinnacle-series-waistback-40220.webp","type":"image\/webp"}],"twitter_card":"summary_large_image","twitter_misc":{"Est. reading time":"1 minute"},"schema":{"@context":"https:\/\/schema.org","@graph":[{"@type":"WebPage","@id":"https:\/\/www.miomiorun.com\/de\/produkt\/pinnacle-series-waistpack\/","url":"https:\/\/www.miomiorun.com\/de\/produkt\/pinnacle-series-waistpack\/","name":"Nathan Pinnacle Series Waistpack - Laufband MioMioRun .com","isPartOf":{"@id":"https:\/\/www.miomiorun.com\/de\/#website"},"primaryImageOfPage":{"@id":"https:\/\/www.miomiorun.com\/de\/produkt\/pinnacle-series-waistpack\/#primaryimage"},"image":{"@id":"https:\/\/www.miomiorun.com\/de\/produkt\/pinnacle-series-waistpack\/#primaryimage"},"thumbnailUrl":"https:\/\/www.miomiorun.com\/app\/uploads\/2024\/04\/nathan-Pinnacle-series-waistback-40220.webp","datePublished":"2024-04-23T12:32:15+00:00","dateModified":"2024-05-30T11:33:05+00:00","description":"der Pinnacle Series Waistpack hat alles, was man braucht. Er ist stilvoll und bequem, hat ein durchgehendes Design, Taschen und schnellen Zugriff auf die Wasserflasche.","breadcrumb":{"@id":"https:\/\/www.miomiorun.com\/de\/produkt\/pinnacle-series-waistpack\/#breadcrumb"},"inLanguage":"de-DE","potentialAction":[{"@type":"ReadAction","target":["https:\/\/www.miomiorun.com\/de\/produkt\/pinnacle-series-waistpack\/"]}]},{"@type":"ImageObject","inLanguage":"de-DE","@id":"https:\/\/www.miomiorun.com\/de\/produkt\/pinnacle-series-waistpack\/#primaryimage","url":"https:\/\/www.miomiorun.com\/app\/uploads\/2024\/04\/nathan-Pinnacle-series-waistback-40220.webp","contentUrl":"https:\/\/www.miomiorun.com\/app\/uploads\/2024\/04\/nathan-Pinnacle-series-waistback-40220.webp","width":600,"height":600,"caption":"nathan Pinnacle series waistback 40220"},{"@type":"BreadcrumbList","@id":"https:\/\/www.miomiorun.com\/de\/produkt\/pinnacle-series-waistpack\/#breadcrumb","itemListElement":[{"@type":"ListItem","position":1,"name":"Home","item":"https:\/\/www.miomiorun.com\/de\/"},{"@type":"ListItem","position":2,"name":"Shop","item":"https:\/\/www.miomiorun.com\/shop\/"},{"@type":"ListItem","position":3,"name":"Pinnacle Series Waistpack"}]},{"@type":"WebSite","@id":"https:\/\/www.miomiorun.com\/de\/#website","url":"https:\/\/www.miomiorun.com\/de\/","name":"MioMioRun","description":"100% Lauf- und Trailshop","publisher":{"@id":"https:\/\/www.miomiorun.com\/de\/#organization"},"potentialAction":[{"@type":"SearchAction","target":{"@type":"EntryPoint","urlTemplate":"https:\/\/www.miomiorun.com\/de\/?s={search_term_string}"},"query-input":{"@type":"PropertyValueSpecification","valueRequired":true,"valueName":"search_term_string"}}],"inLanguage":"de-DE"},{"@type":"Organization","@id":"https:\/\/www.miomiorun.com\/de\/#organization","name":"MioMio Run","url":"https:\/\/www.miomiorun.com\/de\/","logo":{"@type":"ImageObject","inLanguage":"de-DE","@id":"https:\/\/www.miomiorun.com\/de\/#\/schema\/logo\/image\/","url":"https:\/\/www.miomiorun.com\/app\/uploads\/2019\/12\/logomio.png","contentUrl":"https:\/\/www.miomiorun.com\/app\/uploads\/2019\/12\/logomio.png","width":115,"height":82,"caption":"MioMio Run"},"image":{"@id":"https:\/\/www.miomiorun.com\/de\/#\/schema\/logo\/image\/"},"sameAs":["https:\/\/www.facebook.com\/miomiorun\/","https:\/\/www.instagram.com\/miomiorun\/"]}]}},"_links":{"self":[{"href":"https:\/\/www.miomiorun.com\/de\/wp-json\/wp\/v2\/product\/173546","targetHints":{"allow":["GET"]}}],"collection":[{"href":"https:\/\/www.miomiorun.com\/de\/wp-json\/wp\/v2\/product"}],"about":[{"href":"https:\/\/www.miomiorun.com\/de\/wp-json\/wp\/v2\/types\/product"}],"wp:featuredmedia":[{"embeddable":true,"href":"https:\/\/www.miomiorun.com\/de\/wp-json\/wp\/v2\/media\/169685"}],"wp:attachment":[{"href":"https:\/\/www.miomiorun.com\/de\/wp-json\/wp\/v2\/media?parent=173546"}],"wp:term":[{"taxonomy":"product_brand","embeddable":true,"href":"https:\/\/www.miomiorun.com\/de\/wp-json\/wp\/v2\/product_brand?post=173546"},{"taxonomy":"product_cat","embeddable":true,"href":"https:\/\/www.miomiorun.com\/de\/wp-json\/wp\/v2\/product_cat?post=173546"},{"taxonomy":"product_tag","embeddable":true,"href":"https:\/\/www.miomiorun.com\/de\/wp-json\/wp\/v2\/product_tag?post=173546"}],"curies":[{"name":"wp","href":"https:\/\/api.w.org\/{rel}","templated":true}]}}