{"id":173493,"date":"2020-01-21T19:19:00","date_gmt":"2020-01-21T18:19:00","guid":{"rendered":"https:\/\/miomiorun.com\/prodotto\/raidlight-zaino-running-donna-responsiv-6-litri\/"},"modified":"2026-05-08T20:34:51","modified_gmt":"2026-05-08T18:34:51","slug":"responsiv-vest-6-liter-damen","status":"publish","type":"product","link":"https:\/\/www.miomiorun.com\/de\/produkt\/responsiv-vest-6-liter-damen\/","title":{"rendered":"Responsiv Vest 6 liter damen"},"content":{"rendered":"<p>Die neueste Erg\u00e4nzung der Responsiv-Reihe steht gr\u00f6\u00dferen Produkten mit Sicherheit in nichts nach! Dank eines Gesamtvolumens von 6 Litern und einem Gewicht von weniger als 200 g ist dieser Rucksack in puncto Vielseitigkeit un\u00fcbertroffen!<\/p>\n<p>Das minimalistische Design dieser Linie hat es erm\u00f6glicht, das Produkt leichter zu machen, ohne die Leistung zu beeintr\u00e4chtigen. Die strategische Verteilung der verschiedenen Taschen erm\u00f6glicht es Ihnen, Ihre Ausr\u00fcstung nach Ihren W\u00fcnschen zu organisieren und auch die Riemen zu nutzen, die f\u00fcr die Aufnahme unserer EazyFlask-Wasserflaschen \u201ePress to Drink\u201c konzipiert sind. Das 5-Liter-Hauptfach bietet Platz f\u00fcr eine Trinkblase.<\/p>\n<p>Das elastische Netz der Weste sorgt unabh\u00e4ngig vom Inhalt f\u00fcr hervorragende Stabilit\u00e4t und das Stockhalterungssystem bietet einen Hauch von Praktikabilit\u00e4t, den Sie sicherlich zu sch\u00e4tzen wissen werden.<\/p>\n<p>&nbsp;<\/p>\n<table>\n<tbody>\n<tr>\n<td>Haupteigenschaften<\/td>\n<td>Lasergeschnittene Flachn\u00e4hte, Stretchstoff f\u00fcr optimale Balance zwischen Stabilit\u00e4t und Haltbarkeit, reflektierende Druckelemente auf der Vorder- und R\u00fcckseite, Lieferung inklusive 2 EazyFlask 600ml Wasserflaschen.<\/td>\n<\/tr>\n<tr>\n<td>Taschen<\/td>\n<td>Rucksack im Westenstil mit 9 Taschen, darunter eine Fronttasche mit Rei\u00dfverschluss, Schulter-GPS-Taschen, geschichtete Taschen f\u00fcr eine bessere interne Organisation (1 Rei\u00dfverschlusstasche)<\/td>\n<\/tr>\n<tr>\n<td>Trinksystem<\/td>\n<td>2 Vordertaschen, kompatibel mit unseren EazyFlask \u201ePress to drink\u201c-Flaschen, die 5-Liter-Haupttaschen bieten Platz f\u00fcr eine Wasserblase.<\/td>\n<\/tr>\n<tr>\n<td>Verschlusssystem<\/td>\n<td>Polyester-Monofilamentgurt (hydrophob) f\u00fcr eine perfekte Passform am K\u00f6rper, 2 mikrometrische Freelock\u00ae-Verstellschnallen, 2 Brustgurte.<\/td>\n<\/tr>\n<tr>\n<td>Stockhalter<\/td>\n<td>Stockhalter<\/td>\n<\/tr>\n<tr>\n<td>Sicherheit<\/td>\n<td>Pfeife und reflektierende, aufgedruckte Sicherheitsdetails.<\/td>\n<\/tr>\n<tr>\n<td>Externes Material<\/td>\n<td>61 % Polyester, 33 % Nylon, 6 % Elastan.<\/td>\n<\/tr>\n<\/tbody>\n<\/table>\n<p>&nbsp;<\/p>\n<table>\n<tbody>\n<tr>\n<td><\/td>\n<td><\/td>\n<\/tr>\n<tr>\n<td><\/td>\n<td><\/td>\n<\/tr>\n<tr>\n<td><\/td>\n<td><\/td>\n<\/tr>\n<tr>\n<td><\/td>\n<td><\/td>\n<\/tr>\n<tr>\n<td><\/td>\n<td><\/td>\n<\/tr>\n<tr>\n<td><\/td>\n<td><\/td>\n<\/tr>\n<tr>\n<td><\/td>\n<td><\/td>\n<\/tr>\n<\/tbody>\n<\/table>\n","protected":false},"excerpt":{"rendered":"<p><span style=\"font-weight: 400;\">Die neueste Erg\u00e4nzung der Responsiv-Reihe steht gr\u00f6\u00dferen Produkten mit Sicherheit in nichts nach! Dank eines Gesamtvolumens von 6 Litern und einem Gewicht von weniger als 200 g ist dieser Rucksack in puncto Vielseitigkeit un\u00fcbertroffen!<\/span><\/p>\n","protected":false},"featured_media":55993,"template":"","meta":{"_acf_changed":false,"inline_featured_image":false},"product_brand":[],"product_cat":[6342,6396,6398],"product_tag":[6262,6263],"class_list":{"0":"post-173493","1":"product","2":"type-product","3":"status-publish","4":"has-post-thumbnail","6":"product_cat-zubehoer","7":"product_cat-taschen-und-guertel-de","8":"product_cat-taschen-de","9":"product_tag-raidlight-de","10":"product_tag-raidlight-damen-de","11":"pa_attivita-trail-de","12":"pa_colore-responsiv-vest-6l-w-black-light-blue-de","13":"pa_marca-raidlight-de","14":"pa_sesso-damen","15":"pa_size-large-de","17":"first","18":"instock","19":"sale","20":"taxable","21":"shipping-taxable","22":"purchasable","23":"product-type-variable","24":"wvs-archive-product-wrapper"},"acf":[],"yoast_head":"<!-- This site is optimized with the Yoast SEO plugin v26.8 - https:\/\/yoast.com\/product\/yoast-seo-wordpress\/ -->\n<title>Raidlight Responsiv Vest 6 liter damen -Trail-Rucksack MioMioRun.com<\/title>\n<meta name=\"description\" content=\"Die neueste Erg\u00e4nzung der Responsiv-Reihe steht gr\u00f6\u00dferen Produkten in nichts nach! Was die Vielseitigkeit dieses Rucksacks angeht.\" \/>\n<meta name=\"robots\" content=\"index, follow, max-snippet:-1, max-image-preview:large, max-video-preview:-1\" \/>\n<link rel=\"canonical\" href=\"https:\/\/www.miomiorun.com\/de\/produkt\/responsiv-vest-6-liter-damen\/\" \/>\n<meta property=\"og:locale\" content=\"de_DE\" \/>\n<meta property=\"og:type\" content=\"article\" \/>\n<meta property=\"og:title\" content=\"Raidlight Responsiv Vest 6 liter damen -Trail-Rucksack MioMioRun.com\" \/>\n<meta property=\"og:description\" content=\"Die neueste Erg\u00e4nzung der Responsiv-Reihe steht gr\u00f6\u00dferen Produkten in nichts nach! Was die Vielseitigkeit dieses Rucksacks angeht.\" \/>\n<meta property=\"og:url\" content=\"https:\/\/www.miomiorun.com\/de\/produkt\/responsiv-vest-6-liter-damen\/\" \/>\n<meta property=\"og:site_name\" content=\"MioMioRun\" \/>\n<meta property=\"article:publisher\" content=\"https:\/\/www.facebook.com\/miomiorun\/\" \/>\n<meta property=\"article:modified_time\" content=\"2026-05-08T18:34:51+00:00\" \/>\n<meta property=\"og:image\" content=\"https:\/\/www.miomiorun.com\/app\/uploads\/2021\/06\/raidlight-Responsiv-Vest-6L-W-GRJWB55.jpg\" \/>\n\t<meta property=\"og:image:width\" content=\"600\" \/>\n\t<meta property=\"og:image:height\" content=\"600\" \/>\n\t<meta property=\"og:image:type\" content=\"image\/jpeg\" \/>\n<meta name=\"twitter:card\" content=\"summary_large_image\" \/>\n<meta name=\"twitter:label1\" content=\"Est. reading time\" \/>\n\t<meta name=\"twitter:data1\" content=\"1 minute\" \/>\n<script type=\"application\/ld+json\" class=\"yoast-schema-graph\">{\"@context\":\"https:\/\/schema.org\",\"@graph\":[{\"@type\":\"WebPage\",\"@id\":\"https:\/\/www.miomiorun.com\/de\/produkt\/responsiv-vest-6-liter-damen\/\",\"url\":\"https:\/\/www.miomiorun.com\/de\/produkt\/responsiv-vest-6-liter-damen\/\",\"name\":\"Raidlight Responsiv Vest 6 liter damen -Trail-Rucksack MioMioRun.com\",\"isPartOf\":{\"@id\":\"https:\/\/www.miomiorun.com\/de\/#website\"},\"primaryImageOfPage\":{\"@id\":\"https:\/\/www.miomiorun.com\/de\/produkt\/responsiv-vest-6-liter-damen\/#primaryimage\"},\"image\":{\"@id\":\"https:\/\/www.miomiorun.com\/de\/produkt\/responsiv-vest-6-liter-damen\/#primaryimage\"},\"thumbnailUrl\":\"https:\/\/www.miomiorun.com\/app\/uploads\/2021\/06\/raidlight-Responsiv-Vest-6L-W-GRJWB55.jpg\",\"datePublished\":\"2020-01-21T18:19:00+00:00\",\"dateModified\":\"2026-05-08T18:34:51+00:00\",\"description\":\"Die neueste Erg\u00e4nzung der Responsiv-Reihe steht gr\u00f6\u00dferen Produkten in nichts nach! Was die Vielseitigkeit dieses Rucksacks angeht.\",\"breadcrumb\":{\"@id\":\"https:\/\/www.miomiorun.com\/de\/produkt\/responsiv-vest-6-liter-damen\/#breadcrumb\"},\"inLanguage\":\"de-DE\",\"potentialAction\":[{\"@type\":\"ReadAction\",\"target\":[\"https:\/\/www.miomiorun.com\/de\/produkt\/responsiv-vest-6-liter-damen\/\"]}]},{\"@type\":\"ImageObject\",\"inLanguage\":\"de-DE\",\"@id\":\"https:\/\/www.miomiorun.com\/de\/produkt\/responsiv-vest-6-liter-damen\/#primaryimage\",\"url\":\"https:\/\/www.miomiorun.com\/app\/uploads\/2021\/06\/raidlight-Responsiv-Vest-6L-W-GRJWB55.jpg\",\"contentUrl\":\"https:\/\/www.miomiorun.com\/app\/uploads\/2021\/06\/raidlight-Responsiv-Vest-6L-W-GRJWB55.jpg\",\"width\":600,\"height\":600,\"caption\":\"raidlight responsiv vest 6l\"},{\"@type\":\"BreadcrumbList\",\"@id\":\"https:\/\/www.miomiorun.com\/de\/produkt\/responsiv-vest-6-liter-damen\/#breadcrumb\",\"itemListElement\":[{\"@type\":\"ListItem\",\"position\":1,\"name\":\"Home\",\"item\":\"https:\/\/www.miomiorun.com\/de\/\"},{\"@type\":\"ListItem\",\"position\":2,\"name\":\"Shop\",\"item\":\"https:\/\/www.miomiorun.com\/shop\/\"},{\"@type\":\"ListItem\",\"position\":3,\"name\":\"Responsiv Vest 6 liter damen\"}]},{\"@type\":\"WebSite\",\"@id\":\"https:\/\/www.miomiorun.com\/de\/#website\",\"url\":\"https:\/\/www.miomiorun.com\/de\/\",\"name\":\"MioMioRun\",\"description\":\"100% Lauf- und Trailshop\",\"publisher\":{\"@id\":\"https:\/\/www.miomiorun.com\/de\/#organization\"},\"potentialAction\":[{\"@type\":\"SearchAction\",\"target\":{\"@type\":\"EntryPoint\",\"urlTemplate\":\"https:\/\/www.miomiorun.com\/de\/?s={search_term_string}\"},\"query-input\":{\"@type\":\"PropertyValueSpecification\",\"valueRequired\":true,\"valueName\":\"search_term_string\"}}],\"inLanguage\":\"de-DE\"},{\"@type\":\"Organization\",\"@id\":\"https:\/\/www.miomiorun.com\/de\/#organization\",\"name\":\"MioMio Run\",\"url\":\"https:\/\/www.miomiorun.com\/de\/\",\"logo\":{\"@type\":\"ImageObject\",\"inLanguage\":\"de-DE\",\"@id\":\"https:\/\/www.miomiorun.com\/de\/#\/schema\/logo\/image\/\",\"url\":\"https:\/\/www.miomiorun.com\/app\/uploads\/2019\/12\/logomio.png\",\"contentUrl\":\"https:\/\/www.miomiorun.com\/app\/uploads\/2019\/12\/logomio.png\",\"width\":115,\"height\":82,\"caption\":\"MioMio Run\"},\"image\":{\"@id\":\"https:\/\/www.miomiorun.com\/de\/#\/schema\/logo\/image\/\"},\"sameAs\":[\"https:\/\/www.facebook.com\/miomiorun\/\",\"https:\/\/www.instagram.com\/miomiorun\/\"]}]}<\/script>\n<!-- \/ Yoast SEO plugin. -->","yoast_head_json":{"title":"Raidlight Responsiv Vest 6 liter damen -Trail-Rucksack MioMioRun.com","description":"Die neueste Erg\u00e4nzung der Responsiv-Reihe steht gr\u00f6\u00dferen Produkten in nichts nach! Was die Vielseitigkeit dieses Rucksacks angeht.","robots":{"index":"index","follow":"follow","max-snippet":"max-snippet:-1","max-image-preview":"max-image-preview:large","max-video-preview":"max-video-preview:-1"},"canonical":"https:\/\/www.miomiorun.com\/de\/produkt\/responsiv-vest-6-liter-damen\/","og_locale":"de_DE","og_type":"article","og_title":"Raidlight Responsiv Vest 6 liter damen -Trail-Rucksack MioMioRun.com","og_description":"Die neueste Erg\u00e4nzung der Responsiv-Reihe steht gr\u00f6\u00dferen Produkten in nichts nach! Was die Vielseitigkeit dieses Rucksacks angeht.","og_url":"https:\/\/www.miomiorun.com\/de\/produkt\/responsiv-vest-6-liter-damen\/","og_site_name":"MioMioRun","article_publisher":"https:\/\/www.facebook.com\/miomiorun\/","article_modified_time":"2026-05-08T18:34:51+00:00","og_image":[{"width":600,"height":600,"url":"https:\/\/www.miomiorun.com\/app\/uploads\/2021\/06\/raidlight-Responsiv-Vest-6L-W-GRJWB55.jpg","type":"image\/jpeg"}],"twitter_card":"summary_large_image","twitter_misc":{"Est. reading time":"1 minute"},"schema":{"@context":"https:\/\/schema.org","@graph":[{"@type":"WebPage","@id":"https:\/\/www.miomiorun.com\/de\/produkt\/responsiv-vest-6-liter-damen\/","url":"https:\/\/www.miomiorun.com\/de\/produkt\/responsiv-vest-6-liter-damen\/","name":"Raidlight Responsiv Vest 6 liter damen -Trail-Rucksack MioMioRun.com","isPartOf":{"@id":"https:\/\/www.miomiorun.com\/de\/#website"},"primaryImageOfPage":{"@id":"https:\/\/www.miomiorun.com\/de\/produkt\/responsiv-vest-6-liter-damen\/#primaryimage"},"image":{"@id":"https:\/\/www.miomiorun.com\/de\/produkt\/responsiv-vest-6-liter-damen\/#primaryimage"},"thumbnailUrl":"https:\/\/www.miomiorun.com\/app\/uploads\/2021\/06\/raidlight-Responsiv-Vest-6L-W-GRJWB55.jpg","datePublished":"2020-01-21T18:19:00+00:00","dateModified":"2026-05-08T18:34:51+00:00","description":"Die neueste Erg\u00e4nzung der Responsiv-Reihe steht gr\u00f6\u00dferen Produkten in nichts nach! Was die Vielseitigkeit dieses Rucksacks angeht.","breadcrumb":{"@id":"https:\/\/www.miomiorun.com\/de\/produkt\/responsiv-vest-6-liter-damen\/#breadcrumb"},"inLanguage":"de-DE","potentialAction":[{"@type":"ReadAction","target":["https:\/\/www.miomiorun.com\/de\/produkt\/responsiv-vest-6-liter-damen\/"]}]},{"@type":"ImageObject","inLanguage":"de-DE","@id":"https:\/\/www.miomiorun.com\/de\/produkt\/responsiv-vest-6-liter-damen\/#primaryimage","url":"https:\/\/www.miomiorun.com\/app\/uploads\/2021\/06\/raidlight-Responsiv-Vest-6L-W-GRJWB55.jpg","contentUrl":"https:\/\/www.miomiorun.com\/app\/uploads\/2021\/06\/raidlight-Responsiv-Vest-6L-W-GRJWB55.jpg","width":600,"height":600,"caption":"raidlight responsiv vest 6l"},{"@type":"BreadcrumbList","@id":"https:\/\/www.miomiorun.com\/de\/produkt\/responsiv-vest-6-liter-damen\/#breadcrumb","itemListElement":[{"@type":"ListItem","position":1,"name":"Home","item":"https:\/\/www.miomiorun.com\/de\/"},{"@type":"ListItem","position":2,"name":"Shop","item":"https:\/\/www.miomiorun.com\/shop\/"},{"@type":"ListItem","position":3,"name":"Responsiv Vest 6 liter damen"}]},{"@type":"WebSite","@id":"https:\/\/www.miomiorun.com\/de\/#website","url":"https:\/\/www.miomiorun.com\/de\/","name":"MioMioRun","description":"100% Lauf- und Trailshop","publisher":{"@id":"https:\/\/www.miomiorun.com\/de\/#organization"},"potentialAction":[{"@type":"SearchAction","target":{"@type":"EntryPoint","urlTemplate":"https:\/\/www.miomiorun.com\/de\/?s={search_term_string}"},"query-input":{"@type":"PropertyValueSpecification","valueRequired":true,"valueName":"search_term_string"}}],"inLanguage":"de-DE"},{"@type":"Organization","@id":"https:\/\/www.miomiorun.com\/de\/#organization","name":"MioMio Run","url":"https:\/\/www.miomiorun.com\/de\/","logo":{"@type":"ImageObject","inLanguage":"de-DE","@id":"https:\/\/www.miomiorun.com\/de\/#\/schema\/logo\/image\/","url":"https:\/\/www.miomiorun.com\/app\/uploads\/2019\/12\/logomio.png","contentUrl":"https:\/\/www.miomiorun.com\/app\/uploads\/2019\/12\/logomio.png","width":115,"height":82,"caption":"MioMio Run"},"image":{"@id":"https:\/\/www.miomiorun.com\/de\/#\/schema\/logo\/image\/"},"sameAs":["https:\/\/www.facebook.com\/miomiorun\/","https:\/\/www.instagram.com\/miomiorun\/"]}]}},"_links":{"self":[{"href":"https:\/\/www.miomiorun.com\/de\/wp-json\/wp\/v2\/product\/173493","targetHints":{"allow":["GET"]}}],"collection":[{"href":"https:\/\/www.miomiorun.com\/de\/wp-json\/wp\/v2\/product"}],"about":[{"href":"https:\/\/www.miomiorun.com\/de\/wp-json\/wp\/v2\/types\/product"}],"wp:featuredmedia":[{"embeddable":true,"href":"https:\/\/www.miomiorun.com\/de\/wp-json\/wp\/v2\/media\/55993"}],"wp:attachment":[{"href":"https:\/\/www.miomiorun.com\/de\/wp-json\/wp\/v2\/media?parent=173493"}],"wp:term":[{"taxonomy":"product_brand","embeddable":true,"href":"https:\/\/www.miomiorun.com\/de\/wp-json\/wp\/v2\/product_brand?post=173493"},{"taxonomy":"product_cat","embeddable":true,"href":"https:\/\/www.miomiorun.com\/de\/wp-json\/wp\/v2\/product_cat?post=173493"},{"taxonomy":"product_tag","embeddable":true,"href":"https:\/\/www.miomiorun.com\/de\/wp-json\/wp\/v2\/product_tag?post=173493"}],"curies":[{"name":"wp","href":"https:\/\/api.w.org\/{rel}","templated":true}]}}