{"id":173485,"date":"2020-01-21T19:22:24","date_gmt":"2020-01-21T18:22:24","guid":{"rendered":"https:\/\/miomiorun.com\/prodotto\/raidlight-zaino-gilet-running-uomo-responsiv-vest-6-litri\/"},"modified":"2024-05-30T14:21:06","modified_gmt":"2024-05-30T12:21:06","slug":"responsiv-vest-6-liter-herren","status":"publish","type":"product","link":"https:\/\/www.miomiorun.com\/de\/produkt\/responsiv-vest-6-liter-herren\/","title":{"rendered":"Responsiv Vest 6 liter herren"},"content":{"rendered":"<p>Suchen Sie Leistung und Einfachheit? Die Responsiv-Linie ist genau das Richtige f\u00fcr Sie! Wenn Sie lieber mit leichtem Gep\u00e4ck reisen, ist der Responsiv 6 Liter der kleinste Rucksack in Bezug auf Gr\u00f6\u00dfe und Fassungsverm\u00f6gen und ideal f\u00fcr den Transport wichtiger Gegenst\u00e4nde auf kurzen bis mittleren Distanzen.<\/p>\n<p>Dank des \u201ewestenartigen\u201c Stils wird dieser ultraleichte Rucksack hoch auf den Schultern getragen. Der Stretchstoff und die mikrometrischen Verstellschnallen an den Seiten erm\u00f6glichen eine perfekte Anpassung des Kleidungsst\u00fccks an die Form Ihres K\u00f6rpers und verhindern, dass es sich w\u00e4hrend des Trainings bewegt. Das gro\u00dfe 5-Liter-Hauptfach ist mit einer Trinkblase kompatibel.<\/p>\n<p>Diese Weste verf\u00fcgt au\u00dferdem \u00fcber Taschen f\u00fcr EazyFlask- und \u201ePress to drink\u201c-Wasserflaschen, die strategisch an den Schultergurten positioniert sind, sowie praktische, leicht zug\u00e4ngliche Stockhalter.<\/p>\n<p>&nbsp;<\/p>\n<table>\n<tbody>\n<tr>\n<td>Haupteigenschaften<\/td>\n<td>Lasergeschnittene Flachn\u00e4hte, Stretchstoff f\u00fcr optimale Balance zwischen Stabilit\u00e4t und Haltbarkeit, reflektierende Druckelemente auf der Vorder- und R\u00fcckseite, Lieferung inklusive 2 EazyFlask 600ml Wasserflaschen.<\/td>\n<\/tr>\n<tr>\n<td>Taschen<\/td>\n<td>Rucksack im Westenstil mit 9 Taschen, darunter eine Fronttasche mit Rei\u00dfverschluss, Schulter-GPS-Taschen, geschichtete Taschen f\u00fcr eine bessere interne Organisation (1 Rei\u00dfverschlusstasche)<\/td>\n<\/tr>\n<tr>\n<td>Trinksystem<\/td>\n<td>2 Vordertaschen, kompatibel mit unserer EazyFlask \u201ePress to drink\u201c-Flasche, die 5-Liter-Haupttaschen bieten Platz f\u00fcr eine Wasserblase.<\/td>\n<\/tr>\n<tr>\n<td>Verschlusssystem<\/td>\n<td>Polyester-Monofilamentgurt (hydrophob) f\u00fcr eine perfekte Passform am K\u00f6rper, 2 mikrometrische Freelock\u00ae-Verstellschnallen, 2 Brustgurte.<\/td>\n<\/tr>\n<tr>\n<td>Stockhalter<\/td>\n<td>Stockhalter<\/td>\n<\/tr>\n<tr>\n<td>Sicherheit<\/td>\n<td>Pfeife und reflektierende, aufgedruckte Sicherheitsdetails.<\/td>\n<\/tr>\n<tr>\n<td>Externes Material<\/td>\n<td>61 % Polyester, 33 % Nylon, 6 % Elasthan<\/td>\n<\/tr>\n<\/tbody>\n<\/table>\n","protected":false},"excerpt":{"rendered":"<p><span style=\"font-weight: 400;\">Suchen Sie Leistung und Einfachheit? Die Responsiv-Linie ist genau das Richtige f\u00fcr Sie! Wenn Sie lieber mit leichtem Gep\u00e4ck reisen, ist der Responsiv 6 Liter der kleinste Rucksack in Bezug auf Gr\u00f6\u00dfe und Fassungsverm\u00f6gen und ideal f\u00fcr den Transport wichtiger Gegenst\u00e4nde auf kurzen bis mittleren Distanzen.<\/span><\/p>\n","protected":false},"featured_media":55989,"template":"","meta":{"_acf_changed":false,"inline_featured_image":false},"product_brand":[],"product_cat":[6342,6396,6398],"product_tag":[6262],"class_list":{"0":"post-173485","1":"product","2":"type-product","3":"status-publish","4":"has-post-thumbnail","6":"product_cat-zubehoer","7":"product_cat-taschen-und-guertel-de","8":"product_cat-taschen-de","9":"product_tag-raidlight-de","10":"pa_attivita-trail-de","11":"pa_colore-responsiv-vest-6l-black-blue-de-2","12":"pa_colore-responsiv-vest-6l-blu-de","13":"pa_marca-raidlight-de","14":"pa_sesso-herren","15":"pa_size-small-de","17":"first","18":"instock","19":"sale","20":"taxable","21":"shipping-taxable","22":"purchasable","23":"product-type-variable","24":"wvs-archive-product-wrapper"},"acf":[],"yoast_head":"<!-- This site is optimized with the Yoast SEO plugin v26.8 - https:\/\/yoast.com\/product\/yoast-seo-wordpress\/ -->\n<title>Raidlight Responsiv Vest 6 liter herren -Trail-Rucksack MioMioRun.com<\/title>\n<meta name=\"description\" content=\"Die Responsiv-Linie ist genau das Richtige f\u00fcr Sie! Der Responsiv ist der kleinste Rucksack und eignet sich ideal zum Transport wichtiger Gegenst\u00e4nde f\u00fcr Ihre L\u00e4ufe\" \/>\n<meta name=\"robots\" content=\"index, follow, max-snippet:-1, max-image-preview:large, max-video-preview:-1\" \/>\n<link rel=\"canonical\" href=\"https:\/\/www.miomiorun.com\/de\/produkt\/responsiv-vest-6-liter-herren\/\" \/>\n<meta property=\"og:locale\" content=\"de_DE\" \/>\n<meta property=\"og:type\" content=\"article\" \/>\n<meta property=\"og:title\" content=\"Raidlight Responsiv Vest 6 liter herren -Trail-Rucksack MioMioRun.com\" \/>\n<meta property=\"og:description\" content=\"Die Responsiv-Linie ist genau das Richtige f\u00fcr Sie! Der Responsiv ist der kleinste Rucksack und eignet sich ideal zum Transport wichtiger Gegenst\u00e4nde f\u00fcr Ihre L\u00e4ufe\" \/>\n<meta property=\"og:url\" content=\"https:\/\/www.miomiorun.com\/de\/produkt\/responsiv-vest-6-liter-herren\/\" \/>\n<meta property=\"og:site_name\" content=\"MioMioRun\" \/>\n<meta property=\"article:publisher\" content=\"https:\/\/www.facebook.com\/miomiorun\/\" \/>\n<meta property=\"article:modified_time\" content=\"2024-05-30T12:21:06+00:00\" \/>\n<meta property=\"og:image\" content=\"https:\/\/www.miomiorun.com\/app\/uploads\/2021\/06\/raidlight-Responsiv-Vest-6L-GRJMB55.jpg\" \/>\n\t<meta property=\"og:image:width\" content=\"600\" \/>\n\t<meta property=\"og:image:height\" content=\"600\" \/>\n\t<meta property=\"og:image:type\" content=\"image\/jpeg\" \/>\n<meta name=\"twitter:card\" content=\"summary_large_image\" \/>\n<meta name=\"twitter:label1\" content=\"Est. reading time\" \/>\n\t<meta name=\"twitter:data1\" content=\"1 minute\" \/>\n<script type=\"application\/ld+json\" class=\"yoast-schema-graph\">{\"@context\":\"https:\/\/schema.org\",\"@graph\":[{\"@type\":\"WebPage\",\"@id\":\"https:\/\/www.miomiorun.com\/de\/produkt\/responsiv-vest-6-liter-herren\/\",\"url\":\"https:\/\/www.miomiorun.com\/de\/produkt\/responsiv-vest-6-liter-herren\/\",\"name\":\"Raidlight Responsiv Vest 6 liter herren -Trail-Rucksack MioMioRun.com\",\"isPartOf\":{\"@id\":\"https:\/\/www.miomiorun.com\/de\/#website\"},\"primaryImageOfPage\":{\"@id\":\"https:\/\/www.miomiorun.com\/de\/produkt\/responsiv-vest-6-liter-herren\/#primaryimage\"},\"image\":{\"@id\":\"https:\/\/www.miomiorun.com\/de\/produkt\/responsiv-vest-6-liter-herren\/#primaryimage\"},\"thumbnailUrl\":\"https:\/\/www.miomiorun.com\/app\/uploads\/2021\/06\/raidlight-Responsiv-Vest-6L-GRJMB55.jpg\",\"datePublished\":\"2020-01-21T18:22:24+00:00\",\"dateModified\":\"2024-05-30T12:21:06+00:00\",\"description\":\"Die Responsiv-Linie ist genau das Richtige f\u00fcr Sie! Der Responsiv ist der kleinste Rucksack und eignet sich ideal zum Transport wichtiger Gegenst\u00e4nde f\u00fcr Ihre L\u00e4ufe\",\"breadcrumb\":{\"@id\":\"https:\/\/www.miomiorun.com\/de\/produkt\/responsiv-vest-6-liter-herren\/#breadcrumb\"},\"inLanguage\":\"de-DE\",\"potentialAction\":[{\"@type\":\"ReadAction\",\"target\":[\"https:\/\/www.miomiorun.com\/de\/produkt\/responsiv-vest-6-liter-herren\/\"]}]},{\"@type\":\"ImageObject\",\"inLanguage\":\"de-DE\",\"@id\":\"https:\/\/www.miomiorun.com\/de\/produkt\/responsiv-vest-6-liter-herren\/#primaryimage\",\"url\":\"https:\/\/www.miomiorun.com\/app\/uploads\/2021\/06\/raidlight-Responsiv-Vest-6L-GRJMB55.jpg\",\"contentUrl\":\"https:\/\/www.miomiorun.com\/app\/uploads\/2021\/06\/raidlight-Responsiv-Vest-6L-GRJMB55.jpg\",\"width\":600,\"height\":600,\"caption\":\"raidlight responsiv vest 6l\"},{\"@type\":\"BreadcrumbList\",\"@id\":\"https:\/\/www.miomiorun.com\/de\/produkt\/responsiv-vest-6-liter-herren\/#breadcrumb\",\"itemListElement\":[{\"@type\":\"ListItem\",\"position\":1,\"name\":\"Home\",\"item\":\"https:\/\/www.miomiorun.com\/de\/\"},{\"@type\":\"ListItem\",\"position\":2,\"name\":\"Shop\",\"item\":\"https:\/\/www.miomiorun.com\/shop\/\"},{\"@type\":\"ListItem\",\"position\":3,\"name\":\"Responsiv Vest 6 liter herren\"}]},{\"@type\":\"WebSite\",\"@id\":\"https:\/\/www.miomiorun.com\/de\/#website\",\"url\":\"https:\/\/www.miomiorun.com\/de\/\",\"name\":\"MioMioRun\",\"description\":\"100% Lauf- und Trailshop\",\"publisher\":{\"@id\":\"https:\/\/www.miomiorun.com\/de\/#organization\"},\"potentialAction\":[{\"@type\":\"SearchAction\",\"target\":{\"@type\":\"EntryPoint\",\"urlTemplate\":\"https:\/\/www.miomiorun.com\/de\/?s={search_term_string}\"},\"query-input\":{\"@type\":\"PropertyValueSpecification\",\"valueRequired\":true,\"valueName\":\"search_term_string\"}}],\"inLanguage\":\"de-DE\"},{\"@type\":\"Organization\",\"@id\":\"https:\/\/www.miomiorun.com\/de\/#organization\",\"name\":\"MioMio Run\",\"url\":\"https:\/\/www.miomiorun.com\/de\/\",\"logo\":{\"@type\":\"ImageObject\",\"inLanguage\":\"de-DE\",\"@id\":\"https:\/\/www.miomiorun.com\/de\/#\/schema\/logo\/image\/\",\"url\":\"https:\/\/www.miomiorun.com\/app\/uploads\/2019\/12\/logomio.png\",\"contentUrl\":\"https:\/\/www.miomiorun.com\/app\/uploads\/2019\/12\/logomio.png\",\"width\":115,\"height\":82,\"caption\":\"MioMio Run\"},\"image\":{\"@id\":\"https:\/\/www.miomiorun.com\/de\/#\/schema\/logo\/image\/\"},\"sameAs\":[\"https:\/\/www.facebook.com\/miomiorun\/\",\"https:\/\/www.instagram.com\/miomiorun\/\"]}]}<\/script>\n<!-- \/ Yoast SEO plugin. -->","yoast_head_json":{"title":"Raidlight Responsiv Vest 6 liter herren -Trail-Rucksack MioMioRun.com","description":"Die Responsiv-Linie ist genau das Richtige f\u00fcr Sie! Der Responsiv ist der kleinste Rucksack und eignet sich ideal zum Transport wichtiger Gegenst\u00e4nde f\u00fcr Ihre L\u00e4ufe","robots":{"index":"index","follow":"follow","max-snippet":"max-snippet:-1","max-image-preview":"max-image-preview:large","max-video-preview":"max-video-preview:-1"},"canonical":"https:\/\/www.miomiorun.com\/de\/produkt\/responsiv-vest-6-liter-herren\/","og_locale":"de_DE","og_type":"article","og_title":"Raidlight Responsiv Vest 6 liter herren -Trail-Rucksack MioMioRun.com","og_description":"Die Responsiv-Linie ist genau das Richtige f\u00fcr Sie! Der Responsiv ist der kleinste Rucksack und eignet sich ideal zum Transport wichtiger Gegenst\u00e4nde f\u00fcr Ihre L\u00e4ufe","og_url":"https:\/\/www.miomiorun.com\/de\/produkt\/responsiv-vest-6-liter-herren\/","og_site_name":"MioMioRun","article_publisher":"https:\/\/www.facebook.com\/miomiorun\/","article_modified_time":"2024-05-30T12:21:06+00:00","og_image":[{"width":600,"height":600,"url":"https:\/\/www.miomiorun.com\/app\/uploads\/2021\/06\/raidlight-Responsiv-Vest-6L-GRJMB55.jpg","type":"image\/jpeg"}],"twitter_card":"summary_large_image","twitter_misc":{"Est. reading time":"1 minute"},"schema":{"@context":"https:\/\/schema.org","@graph":[{"@type":"WebPage","@id":"https:\/\/www.miomiorun.com\/de\/produkt\/responsiv-vest-6-liter-herren\/","url":"https:\/\/www.miomiorun.com\/de\/produkt\/responsiv-vest-6-liter-herren\/","name":"Raidlight Responsiv Vest 6 liter herren -Trail-Rucksack MioMioRun.com","isPartOf":{"@id":"https:\/\/www.miomiorun.com\/de\/#website"},"primaryImageOfPage":{"@id":"https:\/\/www.miomiorun.com\/de\/produkt\/responsiv-vest-6-liter-herren\/#primaryimage"},"image":{"@id":"https:\/\/www.miomiorun.com\/de\/produkt\/responsiv-vest-6-liter-herren\/#primaryimage"},"thumbnailUrl":"https:\/\/www.miomiorun.com\/app\/uploads\/2021\/06\/raidlight-Responsiv-Vest-6L-GRJMB55.jpg","datePublished":"2020-01-21T18:22:24+00:00","dateModified":"2024-05-30T12:21:06+00:00","description":"Die Responsiv-Linie ist genau das Richtige f\u00fcr Sie! Der Responsiv ist der kleinste Rucksack und eignet sich ideal zum Transport wichtiger Gegenst\u00e4nde f\u00fcr Ihre L\u00e4ufe","breadcrumb":{"@id":"https:\/\/www.miomiorun.com\/de\/produkt\/responsiv-vest-6-liter-herren\/#breadcrumb"},"inLanguage":"de-DE","potentialAction":[{"@type":"ReadAction","target":["https:\/\/www.miomiorun.com\/de\/produkt\/responsiv-vest-6-liter-herren\/"]}]},{"@type":"ImageObject","inLanguage":"de-DE","@id":"https:\/\/www.miomiorun.com\/de\/produkt\/responsiv-vest-6-liter-herren\/#primaryimage","url":"https:\/\/www.miomiorun.com\/app\/uploads\/2021\/06\/raidlight-Responsiv-Vest-6L-GRJMB55.jpg","contentUrl":"https:\/\/www.miomiorun.com\/app\/uploads\/2021\/06\/raidlight-Responsiv-Vest-6L-GRJMB55.jpg","width":600,"height":600,"caption":"raidlight responsiv vest 6l"},{"@type":"BreadcrumbList","@id":"https:\/\/www.miomiorun.com\/de\/produkt\/responsiv-vest-6-liter-herren\/#breadcrumb","itemListElement":[{"@type":"ListItem","position":1,"name":"Home","item":"https:\/\/www.miomiorun.com\/de\/"},{"@type":"ListItem","position":2,"name":"Shop","item":"https:\/\/www.miomiorun.com\/shop\/"},{"@type":"ListItem","position":3,"name":"Responsiv Vest 6 liter herren"}]},{"@type":"WebSite","@id":"https:\/\/www.miomiorun.com\/de\/#website","url":"https:\/\/www.miomiorun.com\/de\/","name":"MioMioRun","description":"100% Lauf- und Trailshop","publisher":{"@id":"https:\/\/www.miomiorun.com\/de\/#organization"},"potentialAction":[{"@type":"SearchAction","target":{"@type":"EntryPoint","urlTemplate":"https:\/\/www.miomiorun.com\/de\/?s={search_term_string}"},"query-input":{"@type":"PropertyValueSpecification","valueRequired":true,"valueName":"search_term_string"}}],"inLanguage":"de-DE"},{"@type":"Organization","@id":"https:\/\/www.miomiorun.com\/de\/#organization","name":"MioMio Run","url":"https:\/\/www.miomiorun.com\/de\/","logo":{"@type":"ImageObject","inLanguage":"de-DE","@id":"https:\/\/www.miomiorun.com\/de\/#\/schema\/logo\/image\/","url":"https:\/\/www.miomiorun.com\/app\/uploads\/2019\/12\/logomio.png","contentUrl":"https:\/\/www.miomiorun.com\/app\/uploads\/2019\/12\/logomio.png","width":115,"height":82,"caption":"MioMio Run"},"image":{"@id":"https:\/\/www.miomiorun.com\/de\/#\/schema\/logo\/image\/"},"sameAs":["https:\/\/www.facebook.com\/miomiorun\/","https:\/\/www.instagram.com\/miomiorun\/"]}]}},"_links":{"self":[{"href":"https:\/\/www.miomiorun.com\/de\/wp-json\/wp\/v2\/product\/173485","targetHints":{"allow":["GET"]}}],"collection":[{"href":"https:\/\/www.miomiorun.com\/de\/wp-json\/wp\/v2\/product"}],"about":[{"href":"https:\/\/www.miomiorun.com\/de\/wp-json\/wp\/v2\/types\/product"}],"wp:featuredmedia":[{"embeddable":true,"href":"https:\/\/www.miomiorun.com\/de\/wp-json\/wp\/v2\/media\/55989"}],"wp:attachment":[{"href":"https:\/\/www.miomiorun.com\/de\/wp-json\/wp\/v2\/media?parent=173485"}],"wp:term":[{"taxonomy":"product_brand","embeddable":true,"href":"https:\/\/www.miomiorun.com\/de\/wp-json\/wp\/v2\/product_brand?post=173485"},{"taxonomy":"product_cat","embeddable":true,"href":"https:\/\/www.miomiorun.com\/de\/wp-json\/wp\/v2\/product_cat?post=173485"},{"taxonomy":"product_tag","embeddable":true,"href":"https:\/\/www.miomiorun.com\/de\/wp-json\/wp\/v2\/product_tag?post=173485"}],"curies":[{"name":"wp","href":"https:\/\/api.w.org\/{rel}","templated":true}]}}