{"id":173476,"date":"2020-07-02T17:54:36","date_gmt":"2020-07-02T15:54:36","guid":{"rendered":"https:\/\/miomiorun.com\/prodotto\/raidlight-activ-vest-6-litri-sacca-idrica-12l-donna\/"},"modified":"2024-05-30T14:31:45","modified_gmt":"2024-05-30T12:31:45","slug":"activ-vest-6-lliter","status":"publish","type":"product","link":"https:\/\/www.miomiorun.com\/de\/produkt\/activ-vest-6-lliter\/","title":{"rendered":"Activ Vest 6 lliter + Wasserbeutel 1,2L damen"},"content":{"rendered":"<p>Der Activ 6 Liter ist dazu bestimmt, Ihr Lieblings-Trailrunning-Rucksack zu werden. Entdecken Sie alle Funktionen, die auf Ihre Bed\u00fcrfnisse zugeschnitten sind! Das exklusive \u201eWeste mit Trinksystem\u201c-Design garantiert unvergleichlichen Komfort. Das Gesamtvolumen von 6 Litern erm\u00f6glicht es Ihnen, w\u00e4hrend des Laufens die gesamte Ausr\u00fcstung und das Zubeh\u00f6r mitzunehmen, die Sie ben\u00f6tigen.<\/p>\n<p>Das effiziente St\u00fctz- und Kompressionssystem h\u00e4lt den Rucksack eng am K\u00f6rper und sorgt so f\u00fcr au\u00dfergew\u00f6hnliche Stabilit\u00e4t. Die speziellen Taschen f\u00fcr Raidlight EazyFlask- oder R-GO Bottle-Flaschen an den Schultergurten optimieren den Einsatz w\u00e4hrend des Rennens.<\/p>\n<p>Das gro\u00dfe horizontale Fach f\u00fcr einen Trinkbeutel (1,2 Liter) ist so konzipiert, dass es die Bewegung w\u00e4hrend des Trainings einschr\u00e4nkt und einen einfachen Zugang zum Bef\u00fcllen gew\u00e4hrleistet.<\/p>\n<p>&nbsp;<\/p>\n<table>\n<tbody>\n<tr>\n<td>Haupteigenschaften<\/td>\n<td>Anatomische westen\u00e4hnliche Form mit FitLadder-Anpassungssystem f\u00fcr Stabilit\u00e4t und Komfort. Erweiterbare Netztasche auf der R\u00fcckseite. Im Lieferumfang ist ein Wassertank mit 1,2 Liter Fassungsverm\u00f6gen enthalten<\/td>\n<\/tr>\n<tr>\n<td>Taschen<\/td>\n<td>Insgesamt 8 Taschen<\/td>\n<\/tr>\n<tr>\n<td>Trinksystem<\/td>\n<td>2 elastische Vordertaschen, kompatibel mit EazyFlask- und R-Go-Wasserflaschen, Rei\u00dfverschlusstasche an der Unterseite f\u00fcr einfachen Zugriff auf die Raidlight-Wasserblase (1,2 Liter). Haken in der Haupttasche f\u00fcr den vertikalen Transport von Trinkblasen.<\/td>\n<\/tr>\n<tr>\n<td>Verschlusssystem<\/td>\n<td>H\u00f6henverstellbarer Brustgurt,<\/td>\n<\/tr>\n<tr>\n<td>Stockhalter<\/td>\n<td>Stockhalter<\/td>\n<\/tr>\n<tr>\n<td>Sicherheit<\/td>\n<td>Pfeife und reflektierende, aufgedruckte Sicherheitsdetails.<\/td>\n<\/tr>\n<tr>\n<td>Externes Material<\/td>\n<td>67 % Polyester, 25 % Nylon, 8 % Elasthan.<\/td>\n<\/tr>\n<\/tbody>\n<\/table>\n","protected":false},"excerpt":{"rendered":"<p><span style=\"font-weight: 400;\">Der Activ 6 Liter ist dazu bestimmt, Ihr Lieblings-Trailrunning-Rucksack zu werden. Entdecken Sie alle Funktionen, die auf Ihre Bed\u00fcrfnisse zugeschnitten sind! Das exklusive \u201eWeste mit Trinksystem\u201c-Design garantiert unvergleichlichen Komfort. Das Gesamtvolumen von 6 Litern erm\u00f6glicht es Ihnen, w\u00e4hrend des Laufens die gesamte Ausr\u00fcstung und das Zubeh\u00f6r mitzunehmen, die Sie ben\u00f6tigen.<\/span><\/p>\n","protected":false},"featured_media":52454,"template":"","meta":{"_acf_changed":false,"inline_featured_image":false},"product_brand":[],"product_cat":[6342,6396,6398],"product_tag":[6262,6263],"class_list":{"0":"post-173476","1":"product","2":"type-product","3":"status-publish","4":"has-post-thumbnail","6":"product_cat-zubehoer","7":"product_cat-taschen-und-guertel-de","8":"product_cat-taschen-de","9":"product_tag-raidlight-de","10":"product_tag-raidlight-damen-de","11":"pa_attivita-outdoor-de","12":"pa_attivita-trail-de","13":"pa_marca-raidlight-de","14":"pa_sesso-damen","16":"first","17":"instock","18":"sale","19":"taxable","20":"shipping-taxable","21":"purchasable","22":"product-type-simple"},"acf":[],"yoast_head":"<!-- This site is optimized with the Yoast SEO plugin v26.8 - https:\/\/yoast.com\/product\/yoast-seo-wordpress\/ -->\n<title>Raidlight-Trail-RucksackMioMioRun<\/title>\n<meta name=\"description\" content=\"Der Activ 6 Liter ist dazu bestimmt, Ihr Lieblings-Trailrunning-Rucksack zu werden. Entdecken Sie alle Funktionen, die auf Ihre Bed\u00fcrfnisse\" \/>\n<meta name=\"robots\" content=\"index, follow, max-snippet:-1, max-image-preview:large, max-video-preview:-1\" \/>\n<link rel=\"canonical\" href=\"https:\/\/www.miomiorun.com\/de\/produkt\/activ-vest-6-lliter\/\" \/>\n<meta property=\"og:locale\" content=\"de_DE\" \/>\n<meta property=\"og:type\" content=\"article\" \/>\n<meta property=\"og:title\" content=\"Raidlight-Trail-RucksackMioMioRun\" \/>\n<meta property=\"og:description\" content=\"Der Activ 6 Liter ist dazu bestimmt, Ihr Lieblings-Trailrunning-Rucksack zu werden. Entdecken Sie alle Funktionen, die auf Ihre Bed\u00fcrfnisse\" \/>\n<meta property=\"og:url\" content=\"https:\/\/www.miomiorun.com\/de\/produkt\/activ-vest-6-lliter\/\" \/>\n<meta property=\"og:site_name\" content=\"MioMioRun\" \/>\n<meta property=\"article:publisher\" content=\"https:\/\/www.facebook.com\/miomiorun\/\" \/>\n<meta property=\"article:modified_time\" content=\"2024-05-30T12:31:45+00:00\" \/>\n<meta property=\"og:image\" content=\"https:\/\/www.miomiorun.com\/app\/uploads\/2020\/07\/Raidlight-Zaino-Gilet-running-donna-Activ-6L-sacca-idrica-12L.jpg\" \/>\n\t<meta property=\"og:image:width\" content=\"600\" \/>\n\t<meta property=\"og:image:height\" content=\"600\" \/>\n\t<meta property=\"og:image:type\" content=\"image\/jpeg\" \/>\n<meta name=\"twitter:card\" content=\"summary_large_image\" \/>\n<meta name=\"twitter:label1\" content=\"Est. reading time\" \/>\n\t<meta name=\"twitter:data1\" content=\"1 minute\" \/>\n<script type=\"application\/ld+json\" class=\"yoast-schema-graph\">{\"@context\":\"https:\/\/schema.org\",\"@graph\":[{\"@type\":\"WebPage\",\"@id\":\"https:\/\/www.miomiorun.com\/de\/produkt\/activ-vest-6-lliter\/\",\"url\":\"https:\/\/www.miomiorun.com\/de\/produkt\/activ-vest-6-lliter\/\",\"name\":\"Raidlight-Trail-RucksackMioMioRun\",\"isPartOf\":{\"@id\":\"https:\/\/www.miomiorun.com\/de\/#website\"},\"primaryImageOfPage\":{\"@id\":\"https:\/\/www.miomiorun.com\/de\/produkt\/activ-vest-6-lliter\/#primaryimage\"},\"image\":{\"@id\":\"https:\/\/www.miomiorun.com\/de\/produkt\/activ-vest-6-lliter\/#primaryimage\"},\"thumbnailUrl\":\"https:\/\/www.miomiorun.com\/app\/uploads\/2020\/07\/Raidlight-Zaino-Gilet-running-donna-Activ-6L-sacca-idrica-12L.jpg\",\"datePublished\":\"2020-07-02T15:54:36+00:00\",\"dateModified\":\"2024-05-30T12:31:45+00:00\",\"description\":\"Der Activ 6 Liter ist dazu bestimmt, Ihr Lieblings-Trailrunning-Rucksack zu werden. Entdecken Sie alle Funktionen, die auf Ihre Bed\u00fcrfnisse\",\"breadcrumb\":{\"@id\":\"https:\/\/www.miomiorun.com\/de\/produkt\/activ-vest-6-lliter\/#breadcrumb\"},\"inLanguage\":\"de-DE\",\"potentialAction\":[{\"@type\":\"ReadAction\",\"target\":[\"https:\/\/www.miomiorun.com\/de\/produkt\/activ-vest-6-lliter\/\"]}]},{\"@type\":\"ImageObject\",\"inLanguage\":\"de-DE\",\"@id\":\"https:\/\/www.miomiorun.com\/de\/produkt\/activ-vest-6-lliter\/#primaryimage\",\"url\":\"https:\/\/www.miomiorun.com\/app\/uploads\/2020\/07\/Raidlight-Zaino-Gilet-running-donna-Activ-6L-sacca-idrica-12L.jpg\",\"contentUrl\":\"https:\/\/www.miomiorun.com\/app\/uploads\/2020\/07\/Raidlight-Zaino-Gilet-running-donna-Activ-6L-sacca-idrica-12L.jpg\",\"width\":600,\"height\":600,\"caption\":\"Raidlight-Zaino-Gilet-running-donna-Activ-6L-+-sacca-idrica-1,2L\"},{\"@type\":\"BreadcrumbList\",\"@id\":\"https:\/\/www.miomiorun.com\/de\/produkt\/activ-vest-6-lliter\/#breadcrumb\",\"itemListElement\":[{\"@type\":\"ListItem\",\"position\":1,\"name\":\"Home\",\"item\":\"https:\/\/www.miomiorun.com\/de\/\"},{\"@type\":\"ListItem\",\"position\":2,\"name\":\"Shop\",\"item\":\"https:\/\/www.miomiorun.com\/shop\/\"},{\"@type\":\"ListItem\",\"position\":3,\"name\":\"Activ Vest 6 lliter + Wasserbeutel 1,2L damen\"}]},{\"@type\":\"WebSite\",\"@id\":\"https:\/\/www.miomiorun.com\/de\/#website\",\"url\":\"https:\/\/www.miomiorun.com\/de\/\",\"name\":\"MioMioRun\",\"description\":\"100% Lauf- und Trailshop\",\"publisher\":{\"@id\":\"https:\/\/www.miomiorun.com\/de\/#organization\"},\"potentialAction\":[{\"@type\":\"SearchAction\",\"target\":{\"@type\":\"EntryPoint\",\"urlTemplate\":\"https:\/\/www.miomiorun.com\/de\/?s={search_term_string}\"},\"query-input\":{\"@type\":\"PropertyValueSpecification\",\"valueRequired\":true,\"valueName\":\"search_term_string\"}}],\"inLanguage\":\"de-DE\"},{\"@type\":\"Organization\",\"@id\":\"https:\/\/www.miomiorun.com\/de\/#organization\",\"name\":\"MioMio Run\",\"url\":\"https:\/\/www.miomiorun.com\/de\/\",\"logo\":{\"@type\":\"ImageObject\",\"inLanguage\":\"de-DE\",\"@id\":\"https:\/\/www.miomiorun.com\/de\/#\/schema\/logo\/image\/\",\"url\":\"https:\/\/www.miomiorun.com\/app\/uploads\/2019\/12\/logomio.png\",\"contentUrl\":\"https:\/\/www.miomiorun.com\/app\/uploads\/2019\/12\/logomio.png\",\"width\":115,\"height\":82,\"caption\":\"MioMio Run\"},\"image\":{\"@id\":\"https:\/\/www.miomiorun.com\/de\/#\/schema\/logo\/image\/\"},\"sameAs\":[\"https:\/\/www.facebook.com\/miomiorun\/\",\"https:\/\/www.instagram.com\/miomiorun\/\"]}]}<\/script>\n<!-- \/ Yoast SEO plugin. -->","yoast_head_json":{"title":"Raidlight-Trail-RucksackMioMioRun","description":"Der Activ 6 Liter ist dazu bestimmt, Ihr Lieblings-Trailrunning-Rucksack zu werden. Entdecken Sie alle Funktionen, die auf Ihre Bed\u00fcrfnisse","robots":{"index":"index","follow":"follow","max-snippet":"max-snippet:-1","max-image-preview":"max-image-preview:large","max-video-preview":"max-video-preview:-1"},"canonical":"https:\/\/www.miomiorun.com\/de\/produkt\/activ-vest-6-lliter\/","og_locale":"de_DE","og_type":"article","og_title":"Raidlight-Trail-RucksackMioMioRun","og_description":"Der Activ 6 Liter ist dazu bestimmt, Ihr Lieblings-Trailrunning-Rucksack zu werden. Entdecken Sie alle Funktionen, die auf Ihre Bed\u00fcrfnisse","og_url":"https:\/\/www.miomiorun.com\/de\/produkt\/activ-vest-6-lliter\/","og_site_name":"MioMioRun","article_publisher":"https:\/\/www.facebook.com\/miomiorun\/","article_modified_time":"2024-05-30T12:31:45+00:00","og_image":[{"width":600,"height":600,"url":"https:\/\/www.miomiorun.com\/app\/uploads\/2020\/07\/Raidlight-Zaino-Gilet-running-donna-Activ-6L-sacca-idrica-12L.jpg","type":"image\/jpeg"}],"twitter_card":"summary_large_image","twitter_misc":{"Est. reading time":"1 minute"},"schema":{"@context":"https:\/\/schema.org","@graph":[{"@type":"WebPage","@id":"https:\/\/www.miomiorun.com\/de\/produkt\/activ-vest-6-lliter\/","url":"https:\/\/www.miomiorun.com\/de\/produkt\/activ-vest-6-lliter\/","name":"Raidlight-Trail-RucksackMioMioRun","isPartOf":{"@id":"https:\/\/www.miomiorun.com\/de\/#website"},"primaryImageOfPage":{"@id":"https:\/\/www.miomiorun.com\/de\/produkt\/activ-vest-6-lliter\/#primaryimage"},"image":{"@id":"https:\/\/www.miomiorun.com\/de\/produkt\/activ-vest-6-lliter\/#primaryimage"},"thumbnailUrl":"https:\/\/www.miomiorun.com\/app\/uploads\/2020\/07\/Raidlight-Zaino-Gilet-running-donna-Activ-6L-sacca-idrica-12L.jpg","datePublished":"2020-07-02T15:54:36+00:00","dateModified":"2024-05-30T12:31:45+00:00","description":"Der Activ 6 Liter ist dazu bestimmt, Ihr Lieblings-Trailrunning-Rucksack zu werden. Entdecken Sie alle Funktionen, die auf Ihre Bed\u00fcrfnisse","breadcrumb":{"@id":"https:\/\/www.miomiorun.com\/de\/produkt\/activ-vest-6-lliter\/#breadcrumb"},"inLanguage":"de-DE","potentialAction":[{"@type":"ReadAction","target":["https:\/\/www.miomiorun.com\/de\/produkt\/activ-vest-6-lliter\/"]}]},{"@type":"ImageObject","inLanguage":"de-DE","@id":"https:\/\/www.miomiorun.com\/de\/produkt\/activ-vest-6-lliter\/#primaryimage","url":"https:\/\/www.miomiorun.com\/app\/uploads\/2020\/07\/Raidlight-Zaino-Gilet-running-donna-Activ-6L-sacca-idrica-12L.jpg","contentUrl":"https:\/\/www.miomiorun.com\/app\/uploads\/2020\/07\/Raidlight-Zaino-Gilet-running-donna-Activ-6L-sacca-idrica-12L.jpg","width":600,"height":600,"caption":"Raidlight-Zaino-Gilet-running-donna-Activ-6L-+-sacca-idrica-1,2L"},{"@type":"BreadcrumbList","@id":"https:\/\/www.miomiorun.com\/de\/produkt\/activ-vest-6-lliter\/#breadcrumb","itemListElement":[{"@type":"ListItem","position":1,"name":"Home","item":"https:\/\/www.miomiorun.com\/de\/"},{"@type":"ListItem","position":2,"name":"Shop","item":"https:\/\/www.miomiorun.com\/shop\/"},{"@type":"ListItem","position":3,"name":"Activ Vest 6 lliter + Wasserbeutel 1,2L damen"}]},{"@type":"WebSite","@id":"https:\/\/www.miomiorun.com\/de\/#website","url":"https:\/\/www.miomiorun.com\/de\/","name":"MioMioRun","description":"100% Lauf- und Trailshop","publisher":{"@id":"https:\/\/www.miomiorun.com\/de\/#organization"},"potentialAction":[{"@type":"SearchAction","target":{"@type":"EntryPoint","urlTemplate":"https:\/\/www.miomiorun.com\/de\/?s={search_term_string}"},"query-input":{"@type":"PropertyValueSpecification","valueRequired":true,"valueName":"search_term_string"}}],"inLanguage":"de-DE"},{"@type":"Organization","@id":"https:\/\/www.miomiorun.com\/de\/#organization","name":"MioMio Run","url":"https:\/\/www.miomiorun.com\/de\/","logo":{"@type":"ImageObject","inLanguage":"de-DE","@id":"https:\/\/www.miomiorun.com\/de\/#\/schema\/logo\/image\/","url":"https:\/\/www.miomiorun.com\/app\/uploads\/2019\/12\/logomio.png","contentUrl":"https:\/\/www.miomiorun.com\/app\/uploads\/2019\/12\/logomio.png","width":115,"height":82,"caption":"MioMio Run"},"image":{"@id":"https:\/\/www.miomiorun.com\/de\/#\/schema\/logo\/image\/"},"sameAs":["https:\/\/www.facebook.com\/miomiorun\/","https:\/\/www.instagram.com\/miomiorun\/"]}]}},"_links":{"self":[{"href":"https:\/\/www.miomiorun.com\/de\/wp-json\/wp\/v2\/product\/173476","targetHints":{"allow":["GET"]}}],"collection":[{"href":"https:\/\/www.miomiorun.com\/de\/wp-json\/wp\/v2\/product"}],"about":[{"href":"https:\/\/www.miomiorun.com\/de\/wp-json\/wp\/v2\/types\/product"}],"wp:featuredmedia":[{"embeddable":true,"href":"https:\/\/www.miomiorun.com\/de\/wp-json\/wp\/v2\/media\/52454"}],"wp:attachment":[{"href":"https:\/\/www.miomiorun.com\/de\/wp-json\/wp\/v2\/media?parent=173476"}],"wp:term":[{"taxonomy":"product_brand","embeddable":true,"href":"https:\/\/www.miomiorun.com\/de\/wp-json\/wp\/v2\/product_brand?post=173476"},{"taxonomy":"product_cat","embeddable":true,"href":"https:\/\/www.miomiorun.com\/de\/wp-json\/wp\/v2\/product_cat?post=173476"},{"taxonomy":"product_tag","embeddable":true,"href":"https:\/\/www.miomiorun.com\/de\/wp-json\/wp\/v2\/product_tag?post=173476"}],"curies":[{"name":"wp","href":"https:\/\/api.w.org\/{rel}","templated":true}]}}