{"id":173452,"date":"2021-05-15T17:42:13","date_gmt":"2021-05-15T15:42:13","guid":{"rendered":"https:\/\/miomiorun.com\/prodotto\/craft-pro-hypervent-carry-all-vest\/"},"modified":"2024-05-30T15:05:18","modified_gmt":"2024-05-30T13:05:18","slug":"craft-pro-hypervent-carry-all-vest","status":"publish","type":"product","link":"https:\/\/www.miomiorun.com\/de\/produkt\/craft-pro-hypervent-carry-all-vest\/","title":{"rendered":"Pro Hypervent Carry All Vest"},"content":{"rendered":"<p>Die <strong>Pro Hypervent Carry All Vest<\/strong> ist eine leichte Reiseweste mit recycelten Jersey-Seiten f\u00fcr lange L\u00e4ufe bei warmen Bedingungen.<\/p>\n<p>Die Weste verf\u00fcgt \u00fcber zwei vordere Netztaschen, elastische Tr\u00e4ger zur Aufbewahrung von Getr\u00e4nken, Riegeln und Gels sowie eine Ges\u00e4\u00dftasche mit zwei Rei\u00dfverschluss\u00f6ffnungen f\u00fcr einfachen Zugriff.<\/p>\n<p>&nbsp;<\/p>\n<p><img loading=\"lazy\" decoding=\"async\" class=\"\" src=\"https:\/\/www.craftsportswear.com\/static\/media\/lightweight.6800ab4f.svg?q=70&amp;fit=clip&amp;w=72&amp;fm=jpg&amp;auto=format\" alt=\"Lightweight\" width=\"120\" height=\"120\" \/><\/p>\n<p><strong>Licht<\/strong><\/p>\n<p>&nbsp;<\/p>\n<p><img loading=\"lazy\" decoding=\"async\" class=\"\" src=\"https:\/\/www.craftsportswear.com\/static\/media\/wind_protective.86c2c73c.svg?q=70&amp;fit=clip&amp;w=72&amp;fm=jpg&amp;auto=format\" alt=\"WindProtective\" width=\"120\" height=\"120\" \/><\/p>\n<p><strong>Windschutz<\/strong><\/p>\n","protected":false},"excerpt":{"rendered":"<p>Die Pro Hypervent Carry All Vest ist eine leichte Reiseweste mit recycelten Jersey-Seiten f\u00fcr lange L\u00e4ufe bei warmen Bedingungen. Die Weste verf\u00fcgt \u00fcber zwei vordere Netztaschen, elastische Tr\u00e4ger zur Aufbewahrung von Getr\u00e4nken, Riegeln und Gels sowie eine Ges\u00e4\u00dftasche mit zwei Rei\u00dfverschluss\u00f6ffnungen f\u00fcr einfachen Zugriff. &nbsp; Licht &nbsp; Windschutz<\/p>\n","protected":false},"featured_media":55745,"template":"","meta":{"_acf_changed":false,"inline_featured_image":false},"product_brand":[],"product_cat":[6342,6396,6398],"product_tag":[6304],"class_list":{"0":"post-173452","1":"product","2":"type-product","3":"status-publish","4":"has-post-thumbnail","6":"product_cat-zubehoer","7":"product_cat-taschen-und-guertel-de","8":"product_cat-taschen-de","9":"product_tag-craft-de","10":"pa_attivita-gehen","11":"pa_attivita-running-de","12":"pa_marca-craft-de","13":"pa_sesso-damen","14":"pa_sesso-herren","15":"pa_size-small-de","17":"first","18":"instock","19":"sale","20":"taxable","21":"shipping-taxable","22":"purchasable","23":"product-type-variable","24":"wvs-archive-product-wrapper"},"acf":[],"yoast_head":"<!-- This site is optimized with the Yoast SEO plugin v26.8 - https:\/\/yoast.com\/product\/yoast-seo-wordpress\/ -->\n<title>Craft Pro Hypervent Carry All Vest - Laufrucksack - MioMioRun.com<\/title>\n<meta name=\"description\" content=\"Die Pro Hypervent Carry All Vest ist eine leichte Reiseweste mit recycelten Jersey-Seiten f\u00fcr lange L\u00e4ufe bei warmen Bedingungen.\" \/>\n<meta name=\"robots\" content=\"index, follow, max-snippet:-1, max-image-preview:large, max-video-preview:-1\" \/>\n<link rel=\"canonical\" href=\"https:\/\/www.miomiorun.com\/de\/produkt\/craft-pro-hypervent-carry-all-vest\/\" \/>\n<meta property=\"og:locale\" content=\"de_DE\" \/>\n<meta property=\"og:type\" content=\"article\" \/>\n<meta property=\"og:title\" content=\"Craft Pro Hypervent Carry All Vest - Laufrucksack - MioMioRun.com\" \/>\n<meta property=\"og:description\" content=\"Die Pro Hypervent Carry All Vest ist eine leichte Reiseweste mit recycelten Jersey-Seiten f\u00fcr lange L\u00e4ufe bei warmen Bedingungen.\" \/>\n<meta property=\"og:url\" content=\"https:\/\/www.miomiorun.com\/de\/produkt\/craft-pro-hypervent-carry-all-vest\/\" \/>\n<meta property=\"og:site_name\" content=\"MioMioRun\" \/>\n<meta property=\"article:publisher\" content=\"https:\/\/www.facebook.com\/miomiorun\/\" \/>\n<meta property=\"article:modified_time\" content=\"2024-05-30T13:05:18+00:00\" \/>\n<meta property=\"og:image\" content=\"https:\/\/www.miomiorun.com\/app\/uploads\/2021\/05\/craft-Pro-Hypervent-carry-all-vest-1910416-999000.jpg\" \/>\n\t<meta property=\"og:image:width\" content=\"600\" \/>\n\t<meta property=\"og:image:height\" content=\"600\" \/>\n\t<meta property=\"og:image:type\" content=\"image\/jpeg\" \/>\n<meta name=\"twitter:card\" content=\"summary_large_image\" \/>\n<script type=\"application\/ld+json\" class=\"yoast-schema-graph\">{\"@context\":\"https:\/\/schema.org\",\"@graph\":[{\"@type\":\"WebPage\",\"@id\":\"https:\/\/www.miomiorun.com\/de\/produkt\/craft-pro-hypervent-carry-all-vest\/\",\"url\":\"https:\/\/www.miomiorun.com\/de\/produkt\/craft-pro-hypervent-carry-all-vest\/\",\"name\":\"Craft Pro Hypervent Carry All Vest - Laufrucksack - MioMioRun.com\",\"isPartOf\":{\"@id\":\"https:\/\/www.miomiorun.com\/de\/#website\"},\"primaryImageOfPage\":{\"@id\":\"https:\/\/www.miomiorun.com\/de\/produkt\/craft-pro-hypervent-carry-all-vest\/#primaryimage\"},\"image\":{\"@id\":\"https:\/\/www.miomiorun.com\/de\/produkt\/craft-pro-hypervent-carry-all-vest\/#primaryimage\"},\"thumbnailUrl\":\"https:\/\/www.miomiorun.com\/app\/uploads\/2021\/05\/craft-Pro-Hypervent-carry-all-vest-1910416-999000.jpg\",\"datePublished\":\"2021-05-15T15:42:13+00:00\",\"dateModified\":\"2024-05-30T13:05:18+00:00\",\"description\":\"Die Pro Hypervent Carry All Vest ist eine leichte Reiseweste mit recycelten Jersey-Seiten f\u00fcr lange L\u00e4ufe bei warmen Bedingungen.\",\"breadcrumb\":{\"@id\":\"https:\/\/www.miomiorun.com\/de\/produkt\/craft-pro-hypervent-carry-all-vest\/#breadcrumb\"},\"inLanguage\":\"de-DE\",\"potentialAction\":[{\"@type\":\"ReadAction\",\"target\":[\"https:\/\/www.miomiorun.com\/de\/produkt\/craft-pro-hypervent-carry-all-vest\/\"]}]},{\"@type\":\"ImageObject\",\"inLanguage\":\"de-DE\",\"@id\":\"https:\/\/www.miomiorun.com\/de\/produkt\/craft-pro-hypervent-carry-all-vest\/#primaryimage\",\"url\":\"https:\/\/www.miomiorun.com\/app\/uploads\/2021\/05\/craft-Pro-Hypervent-carry-all-vest-1910416-999000.jpg\",\"contentUrl\":\"https:\/\/www.miomiorun.com\/app\/uploads\/2021\/05\/craft-Pro-Hypervent-carry-all-vest-1910416-999000.jpg\",\"width\":600,\"height\":600,\"caption\":\"craft-Pro-Hypervent-carry-all-vest-1910416-999000\"},{\"@type\":\"BreadcrumbList\",\"@id\":\"https:\/\/www.miomiorun.com\/de\/produkt\/craft-pro-hypervent-carry-all-vest\/#breadcrumb\",\"itemListElement\":[{\"@type\":\"ListItem\",\"position\":1,\"name\":\"Home\",\"item\":\"https:\/\/www.miomiorun.com\/de\/\"},{\"@type\":\"ListItem\",\"position\":2,\"name\":\"Shop\",\"item\":\"https:\/\/www.miomiorun.com\/shop\/\"},{\"@type\":\"ListItem\",\"position\":3,\"name\":\"Pro Hypervent Carry All Vest\"}]},{\"@type\":\"WebSite\",\"@id\":\"https:\/\/www.miomiorun.com\/de\/#website\",\"url\":\"https:\/\/www.miomiorun.com\/de\/\",\"name\":\"MioMioRun\",\"description\":\"100% Lauf- und Trailshop\",\"publisher\":{\"@id\":\"https:\/\/www.miomiorun.com\/de\/#organization\"},\"potentialAction\":[{\"@type\":\"SearchAction\",\"target\":{\"@type\":\"EntryPoint\",\"urlTemplate\":\"https:\/\/www.miomiorun.com\/de\/?s={search_term_string}\"},\"query-input\":{\"@type\":\"PropertyValueSpecification\",\"valueRequired\":true,\"valueName\":\"search_term_string\"}}],\"inLanguage\":\"de-DE\"},{\"@type\":\"Organization\",\"@id\":\"https:\/\/www.miomiorun.com\/de\/#organization\",\"name\":\"MioMio Run\",\"url\":\"https:\/\/www.miomiorun.com\/de\/\",\"logo\":{\"@type\":\"ImageObject\",\"inLanguage\":\"de-DE\",\"@id\":\"https:\/\/www.miomiorun.com\/de\/#\/schema\/logo\/image\/\",\"url\":\"https:\/\/www.miomiorun.com\/app\/uploads\/2019\/12\/logomio.png\",\"contentUrl\":\"https:\/\/www.miomiorun.com\/app\/uploads\/2019\/12\/logomio.png\",\"width\":115,\"height\":82,\"caption\":\"MioMio Run\"},\"image\":{\"@id\":\"https:\/\/www.miomiorun.com\/de\/#\/schema\/logo\/image\/\"},\"sameAs\":[\"https:\/\/www.facebook.com\/miomiorun\/\",\"https:\/\/www.instagram.com\/miomiorun\/\"]}]}<\/script>\n<!-- \/ Yoast SEO plugin. -->","yoast_head_json":{"title":"Craft Pro Hypervent Carry All Vest - Laufrucksack - MioMioRun.com","description":"Die Pro Hypervent Carry All Vest ist eine leichte Reiseweste mit recycelten Jersey-Seiten f\u00fcr lange L\u00e4ufe bei warmen Bedingungen.","robots":{"index":"index","follow":"follow","max-snippet":"max-snippet:-1","max-image-preview":"max-image-preview:large","max-video-preview":"max-video-preview:-1"},"canonical":"https:\/\/www.miomiorun.com\/de\/produkt\/craft-pro-hypervent-carry-all-vest\/","og_locale":"de_DE","og_type":"article","og_title":"Craft Pro Hypervent Carry All Vest - Laufrucksack - MioMioRun.com","og_description":"Die Pro Hypervent Carry All Vest ist eine leichte Reiseweste mit recycelten Jersey-Seiten f\u00fcr lange L\u00e4ufe bei warmen Bedingungen.","og_url":"https:\/\/www.miomiorun.com\/de\/produkt\/craft-pro-hypervent-carry-all-vest\/","og_site_name":"MioMioRun","article_publisher":"https:\/\/www.facebook.com\/miomiorun\/","article_modified_time":"2024-05-30T13:05:18+00:00","og_image":[{"width":600,"height":600,"url":"https:\/\/www.miomiorun.com\/app\/uploads\/2021\/05\/craft-Pro-Hypervent-carry-all-vest-1910416-999000.jpg","type":"image\/jpeg"}],"twitter_card":"summary_large_image","schema":{"@context":"https:\/\/schema.org","@graph":[{"@type":"WebPage","@id":"https:\/\/www.miomiorun.com\/de\/produkt\/craft-pro-hypervent-carry-all-vest\/","url":"https:\/\/www.miomiorun.com\/de\/produkt\/craft-pro-hypervent-carry-all-vest\/","name":"Craft Pro Hypervent Carry All Vest - Laufrucksack - MioMioRun.com","isPartOf":{"@id":"https:\/\/www.miomiorun.com\/de\/#website"},"primaryImageOfPage":{"@id":"https:\/\/www.miomiorun.com\/de\/produkt\/craft-pro-hypervent-carry-all-vest\/#primaryimage"},"image":{"@id":"https:\/\/www.miomiorun.com\/de\/produkt\/craft-pro-hypervent-carry-all-vest\/#primaryimage"},"thumbnailUrl":"https:\/\/www.miomiorun.com\/app\/uploads\/2021\/05\/craft-Pro-Hypervent-carry-all-vest-1910416-999000.jpg","datePublished":"2021-05-15T15:42:13+00:00","dateModified":"2024-05-30T13:05:18+00:00","description":"Die Pro Hypervent Carry All Vest ist eine leichte Reiseweste mit recycelten Jersey-Seiten f\u00fcr lange L\u00e4ufe bei warmen Bedingungen.","breadcrumb":{"@id":"https:\/\/www.miomiorun.com\/de\/produkt\/craft-pro-hypervent-carry-all-vest\/#breadcrumb"},"inLanguage":"de-DE","potentialAction":[{"@type":"ReadAction","target":["https:\/\/www.miomiorun.com\/de\/produkt\/craft-pro-hypervent-carry-all-vest\/"]}]},{"@type":"ImageObject","inLanguage":"de-DE","@id":"https:\/\/www.miomiorun.com\/de\/produkt\/craft-pro-hypervent-carry-all-vest\/#primaryimage","url":"https:\/\/www.miomiorun.com\/app\/uploads\/2021\/05\/craft-Pro-Hypervent-carry-all-vest-1910416-999000.jpg","contentUrl":"https:\/\/www.miomiorun.com\/app\/uploads\/2021\/05\/craft-Pro-Hypervent-carry-all-vest-1910416-999000.jpg","width":600,"height":600,"caption":"craft-Pro-Hypervent-carry-all-vest-1910416-999000"},{"@type":"BreadcrumbList","@id":"https:\/\/www.miomiorun.com\/de\/produkt\/craft-pro-hypervent-carry-all-vest\/#breadcrumb","itemListElement":[{"@type":"ListItem","position":1,"name":"Home","item":"https:\/\/www.miomiorun.com\/de\/"},{"@type":"ListItem","position":2,"name":"Shop","item":"https:\/\/www.miomiorun.com\/shop\/"},{"@type":"ListItem","position":3,"name":"Pro Hypervent Carry All Vest"}]},{"@type":"WebSite","@id":"https:\/\/www.miomiorun.com\/de\/#website","url":"https:\/\/www.miomiorun.com\/de\/","name":"MioMioRun","description":"100% Lauf- und Trailshop","publisher":{"@id":"https:\/\/www.miomiorun.com\/de\/#organization"},"potentialAction":[{"@type":"SearchAction","target":{"@type":"EntryPoint","urlTemplate":"https:\/\/www.miomiorun.com\/de\/?s={search_term_string}"},"query-input":{"@type":"PropertyValueSpecification","valueRequired":true,"valueName":"search_term_string"}}],"inLanguage":"de-DE"},{"@type":"Organization","@id":"https:\/\/www.miomiorun.com\/de\/#organization","name":"MioMio Run","url":"https:\/\/www.miomiorun.com\/de\/","logo":{"@type":"ImageObject","inLanguage":"de-DE","@id":"https:\/\/www.miomiorun.com\/de\/#\/schema\/logo\/image\/","url":"https:\/\/www.miomiorun.com\/app\/uploads\/2019\/12\/logomio.png","contentUrl":"https:\/\/www.miomiorun.com\/app\/uploads\/2019\/12\/logomio.png","width":115,"height":82,"caption":"MioMio Run"},"image":{"@id":"https:\/\/www.miomiorun.com\/de\/#\/schema\/logo\/image\/"},"sameAs":["https:\/\/www.facebook.com\/miomiorun\/","https:\/\/www.instagram.com\/miomiorun\/"]}]}},"_links":{"self":[{"href":"https:\/\/www.miomiorun.com\/de\/wp-json\/wp\/v2\/product\/173452","targetHints":{"allow":["GET"]}}],"collection":[{"href":"https:\/\/www.miomiorun.com\/de\/wp-json\/wp\/v2\/product"}],"about":[{"href":"https:\/\/www.miomiorun.com\/de\/wp-json\/wp\/v2\/types\/product"}],"wp:featuredmedia":[{"embeddable":true,"href":"https:\/\/www.miomiorun.com\/de\/wp-json\/wp\/v2\/media\/55745"}],"wp:attachment":[{"href":"https:\/\/www.miomiorun.com\/de\/wp-json\/wp\/v2\/media?parent=173452"}],"wp:term":[{"taxonomy":"product_brand","embeddable":true,"href":"https:\/\/www.miomiorun.com\/de\/wp-json\/wp\/v2\/product_brand?post=173452"},{"taxonomy":"product_cat","embeddable":true,"href":"https:\/\/www.miomiorun.com\/de\/wp-json\/wp\/v2\/product_cat?post=173452"},{"taxonomy":"product_tag","embeddable":true,"href":"https:\/\/www.miomiorun.com\/de\/wp-json\/wp\/v2\/product_tag?post=173452"}],"curies":[{"name":"wp","href":"https:\/\/api.w.org\/{rel}","templated":true}]}}