{"id":173448,"date":"2021-06-09T10:42:37","date_gmt":"2021-06-09T08:42:37","guid":{"rendered":"https:\/\/miomiorun.com\/prodotto\/raidlight-responsiv-vest-18-litri-uomo\/"},"modified":"2026-05-08T21:00:41","modified_gmt":"2026-05-08T19:00:41","slug":"responsiv-vest-18-liter-herren","status":"publish","type":"product","link":"https:\/\/www.miomiorun.com\/de\/produkt\/responsiv-vest-18-liter-herren\/","title":{"rendered":"Responsiv Vest 18 liter herren"},"content":{"rendered":"<p>Die <strong>18-Liter-Version der Responsiv<\/strong> Vest-Rennweste verf\u00fcgt \u00fcber ein gr\u00f6\u00dferes Fassungsverm\u00f6gen, damit Sie Langstreckenl\u00e4ufe und Ultramarathons mit gutem Fassungsverm\u00f6gen und ausreichend Platz zum Verstauen Ihrer Ausr\u00fcstung in Angriff nehmen k\u00f6nnen.<\/p>\n<p>Die ergonomische \u201eWesten\u201c-Form und das Verstellsystem mit mikrometrischen Schnallen erf\u00fcllen zudem alle Komfortanspr\u00fcche.<\/p>\n<p>Diese minimalistische und stromlinienf\u00f6rmige Weste bietet reichlich Stauraum dank der 15-Liter-Haupttasche und kleineren Zubeh\u00f6rtaschen, die geschickt an den Schultergurten und an den Seiten platziert sind. Der<strong> Responsiv 18 Liter<\/strong> besteht aus einem elastischen Stoff, der sich perfekt an den Inhalt anpasst, das Zittern begrenzt und den Komfort optimiert. Er ist viel mehr als ein einfacher Rucksack mit Trinksystem.<\/p>\n<p>Im Lieferumfang sind 2 Raidlight EazyFlask 600ml Flaschen enthalten.<\/p>\n<p>&nbsp;<\/p>\n<table style=\"height: 363px;\" width=\"1051\">\n<tbody>\n<tr>\n<td>Haupteigenschaften<\/td>\n<td>Lasergeschnittene Flachn\u00e4hte, Stretchstoff f\u00fcr optimale Balance zwischen Stabilit\u00e4t und Haltbarkeit, reflektierende Druckelemente auf der Vorder- und R\u00fcckseite, Lieferung inklusive 2 EazyFlask 600ml Wasserflaschen.<\/td>\n<\/tr>\n<tr>\n<td>Taschen<\/td>\n<td>Rucksack mit 11 Taschen, Vordertasche mit Rei\u00dfverschluss, Innentasche kompatibel mit dem Spot-System, \u00dcberlappende Taschen f\u00fcr bessere interne Organisation (eine davon mit Rei\u00dfverschluss)<\/td>\n<\/tr>\n<tr>\n<td>Sistema di idratazione<\/td>\n<td>Trinksystem<\/td>\n<\/tr>\n<tr>\n<td>Verschlusssystem<\/td>\n<td>Polyestergurt (hydrophob) f\u00fcr eine perfekte Anpassung an den K\u00f6rper, Einstellung mit 2 mikrometrischen Freelock\u00ae-Schnallen, 2 Brustgurte<\/td>\n<\/tr>\n<tr>\n<td>Stockhalter<\/td>\n<td>Stockhalter<\/td>\n<\/tr>\n<tr>\n<td>Sicherheit<\/td>\n<td>Sicherheitspfeife, reflektierende Sicherheitselemente<\/td>\n<\/tr>\n<tr>\n<td>Externes Material<\/td>\n<td>68 % Polyester, 27 % Polyamid, 5 % Elasthan.<\/td>\n<\/tr>\n<\/tbody>\n<\/table>\n","protected":false},"excerpt":{"rendered":"<p><span style=\"font-weight: 400;\">Suchen Sie Leistung und Einfachheit? Die Responsiv-Linie ist genau das Richtige f\u00fcr Sie! Wenn Sie lieber mit leichtem Gep\u00e4ck reisen, ist der Responsiv 6 Liter der kleinste Rucksack in Bezug auf Gr\u00f6\u00dfe und Fassungsverm\u00f6gen und ideal f\u00fcr den Transport wichtiger Gegenst\u00e4nde auf kurzen bis mittleren Distanzen.<\/span><\/p>\n","protected":false},"featured_media":56061,"template":"","meta":{"_acf_changed":false,"inline_featured_image":false},"product_brand":[],"product_cat":[6342,6396,6398],"product_tag":[6262],"class_list":{"0":"post-173448","1":"product","2":"type-product","3":"status-publish","4":"has-post-thumbnail","6":"product_cat-zubehoer","7":"product_cat-taschen-und-guertel-de","8":"product_cat-taschen-de","9":"product_tag-raidlight-de","10":"pa_attivita-outdoor-de","11":"pa_attivita-trail-de","12":"pa_marca-raidlight-de","13":"pa_sesso-herren","14":"pa_size-small-de","16":"first","17":"instock","18":"sale","19":"taxable","20":"shipping-taxable","21":"purchasable","22":"product-type-variable","23":"wvs-archive-product-wrapper"},"acf":[],"yoast_head":"<!-- This site is optimized with the Yoast SEO plugin v26.8 - https:\/\/yoast.com\/product\/yoast-seo-wordpress\/ -->\n<title>RaidlightResponsiv Vest 18 liter herren -Trail-Rucksack MioMioRun<\/title>\n<meta name=\"description\" content=\"Die 18-Liter-Version der Responsiv Vest bietet mehr Fassungsverm\u00f6gen, damit Sie lange L\u00e4ufe bew\u00e4ltigen k\u00f6nnen\" \/>\n<meta name=\"robots\" content=\"index, follow, max-snippet:-1, max-image-preview:large, max-video-preview:-1\" \/>\n<link rel=\"canonical\" href=\"https:\/\/www.miomiorun.com\/de\/produkt\/responsiv-vest-18-liter-herren\/\" \/>\n<meta property=\"og:locale\" content=\"de_DE\" \/>\n<meta property=\"og:type\" content=\"article\" \/>\n<meta property=\"og:title\" content=\"RaidlightResponsiv Vest 18 liter herren -Trail-Rucksack MioMioRun\" \/>\n<meta property=\"og:description\" content=\"Die 18-Liter-Version der Responsiv Vest bietet mehr Fassungsverm\u00f6gen, damit Sie lange L\u00e4ufe bew\u00e4ltigen k\u00f6nnen\" \/>\n<meta property=\"og:url\" content=\"https:\/\/www.miomiorun.com\/de\/produkt\/responsiv-vest-18-liter-herren\/\" \/>\n<meta property=\"og:site_name\" content=\"MioMioRun\" \/>\n<meta property=\"article:publisher\" content=\"https:\/\/www.facebook.com\/miomiorun\/\" \/>\n<meta property=\"article:modified_time\" content=\"2026-05-08T19:00:41+00:00\" \/>\n<meta property=\"og:image\" content=\"https:\/\/www.miomiorun.com\/app\/uploads\/2021\/06\/raidlight-Responsiv-Vest-18L-GRHMB53-70000.jpg\" \/>\n\t<meta property=\"og:image:width\" content=\"600\" \/>\n\t<meta property=\"og:image:height\" content=\"600\" \/>\n\t<meta property=\"og:image:type\" content=\"image\/jpeg\" \/>\n<meta name=\"twitter:card\" content=\"summary_large_image\" \/>\n<meta name=\"twitter:label1\" content=\"Est. reading time\" \/>\n\t<meta name=\"twitter:data1\" content=\"1 minute\" \/>\n<script type=\"application\/ld+json\" class=\"yoast-schema-graph\">{\"@context\":\"https:\/\/schema.org\",\"@graph\":[{\"@type\":\"WebPage\",\"@id\":\"https:\/\/www.miomiorun.com\/de\/produkt\/responsiv-vest-18-liter-herren\/\",\"url\":\"https:\/\/www.miomiorun.com\/de\/produkt\/responsiv-vest-18-liter-herren\/\",\"name\":\"RaidlightResponsiv Vest 18 liter herren -Trail-Rucksack MioMioRun\",\"isPartOf\":{\"@id\":\"https:\/\/www.miomiorun.com\/de\/#website\"},\"primaryImageOfPage\":{\"@id\":\"https:\/\/www.miomiorun.com\/de\/produkt\/responsiv-vest-18-liter-herren\/#primaryimage\"},\"image\":{\"@id\":\"https:\/\/www.miomiorun.com\/de\/produkt\/responsiv-vest-18-liter-herren\/#primaryimage\"},\"thumbnailUrl\":\"https:\/\/www.miomiorun.com\/app\/uploads\/2021\/06\/raidlight-Responsiv-Vest-18L-GRHMB53-70000.jpg\",\"datePublished\":\"2021-06-09T08:42:37+00:00\",\"dateModified\":\"2026-05-08T19:00:41+00:00\",\"description\":\"Die 18-Liter-Version der Responsiv Vest bietet mehr Fassungsverm\u00f6gen, damit Sie lange L\u00e4ufe bew\u00e4ltigen k\u00f6nnen\",\"breadcrumb\":{\"@id\":\"https:\/\/www.miomiorun.com\/de\/produkt\/responsiv-vest-18-liter-herren\/#breadcrumb\"},\"inLanguage\":\"de-DE\",\"potentialAction\":[{\"@type\":\"ReadAction\",\"target\":[\"https:\/\/www.miomiorun.com\/de\/produkt\/responsiv-vest-18-liter-herren\/\"]}]},{\"@type\":\"ImageObject\",\"inLanguage\":\"de-DE\",\"@id\":\"https:\/\/www.miomiorun.com\/de\/produkt\/responsiv-vest-18-liter-herren\/#primaryimage\",\"url\":\"https:\/\/www.miomiorun.com\/app\/uploads\/2021\/06\/raidlight-Responsiv-Vest-18L-GRHMB53-70000.jpg\",\"contentUrl\":\"https:\/\/www.miomiorun.com\/app\/uploads\/2021\/06\/raidlight-Responsiv-Vest-18L-GRHMB53-70000.jpg\",\"width\":600,\"height\":600,\"caption\":\"Raidlight zaino gilet running responsiv vest 18 litri\"},{\"@type\":\"BreadcrumbList\",\"@id\":\"https:\/\/www.miomiorun.com\/de\/produkt\/responsiv-vest-18-liter-herren\/#breadcrumb\",\"itemListElement\":[{\"@type\":\"ListItem\",\"position\":1,\"name\":\"Home\",\"item\":\"https:\/\/www.miomiorun.com\/de\/\"},{\"@type\":\"ListItem\",\"position\":2,\"name\":\"Shop\",\"item\":\"https:\/\/www.miomiorun.com\/shop\/\"},{\"@type\":\"ListItem\",\"position\":3,\"name\":\"Responsiv Vest 18 liter herren\"}]},{\"@type\":\"WebSite\",\"@id\":\"https:\/\/www.miomiorun.com\/de\/#website\",\"url\":\"https:\/\/www.miomiorun.com\/de\/\",\"name\":\"MioMioRun\",\"description\":\"100% Lauf- und Trailshop\",\"publisher\":{\"@id\":\"https:\/\/www.miomiorun.com\/de\/#organization\"},\"potentialAction\":[{\"@type\":\"SearchAction\",\"target\":{\"@type\":\"EntryPoint\",\"urlTemplate\":\"https:\/\/www.miomiorun.com\/de\/?s={search_term_string}\"},\"query-input\":{\"@type\":\"PropertyValueSpecification\",\"valueRequired\":true,\"valueName\":\"search_term_string\"}}],\"inLanguage\":\"de-DE\"},{\"@type\":\"Organization\",\"@id\":\"https:\/\/www.miomiorun.com\/de\/#organization\",\"name\":\"MioMio Run\",\"url\":\"https:\/\/www.miomiorun.com\/de\/\",\"logo\":{\"@type\":\"ImageObject\",\"inLanguage\":\"de-DE\",\"@id\":\"https:\/\/www.miomiorun.com\/de\/#\/schema\/logo\/image\/\",\"url\":\"https:\/\/www.miomiorun.com\/app\/uploads\/2019\/12\/logomio.png\",\"contentUrl\":\"https:\/\/www.miomiorun.com\/app\/uploads\/2019\/12\/logomio.png\",\"width\":115,\"height\":82,\"caption\":\"MioMio Run\"},\"image\":{\"@id\":\"https:\/\/www.miomiorun.com\/de\/#\/schema\/logo\/image\/\"},\"sameAs\":[\"https:\/\/www.facebook.com\/miomiorun\/\",\"https:\/\/www.instagram.com\/miomiorun\/\"]}]}<\/script>\n<!-- \/ Yoast SEO plugin. -->","yoast_head_json":{"title":"RaidlightResponsiv Vest 18 liter herren -Trail-Rucksack MioMioRun","description":"Die 18-Liter-Version der Responsiv Vest bietet mehr Fassungsverm\u00f6gen, damit Sie lange L\u00e4ufe bew\u00e4ltigen k\u00f6nnen","robots":{"index":"index","follow":"follow","max-snippet":"max-snippet:-1","max-image-preview":"max-image-preview:large","max-video-preview":"max-video-preview:-1"},"canonical":"https:\/\/www.miomiorun.com\/de\/produkt\/responsiv-vest-18-liter-herren\/","og_locale":"de_DE","og_type":"article","og_title":"RaidlightResponsiv Vest 18 liter herren -Trail-Rucksack MioMioRun","og_description":"Die 18-Liter-Version der Responsiv Vest bietet mehr Fassungsverm\u00f6gen, damit Sie lange L\u00e4ufe bew\u00e4ltigen k\u00f6nnen","og_url":"https:\/\/www.miomiorun.com\/de\/produkt\/responsiv-vest-18-liter-herren\/","og_site_name":"MioMioRun","article_publisher":"https:\/\/www.facebook.com\/miomiorun\/","article_modified_time":"2026-05-08T19:00:41+00:00","og_image":[{"width":600,"height":600,"url":"https:\/\/www.miomiorun.com\/app\/uploads\/2021\/06\/raidlight-Responsiv-Vest-18L-GRHMB53-70000.jpg","type":"image\/jpeg"}],"twitter_card":"summary_large_image","twitter_misc":{"Est. reading time":"1 minute"},"schema":{"@context":"https:\/\/schema.org","@graph":[{"@type":"WebPage","@id":"https:\/\/www.miomiorun.com\/de\/produkt\/responsiv-vest-18-liter-herren\/","url":"https:\/\/www.miomiorun.com\/de\/produkt\/responsiv-vest-18-liter-herren\/","name":"RaidlightResponsiv Vest 18 liter herren -Trail-Rucksack MioMioRun","isPartOf":{"@id":"https:\/\/www.miomiorun.com\/de\/#website"},"primaryImageOfPage":{"@id":"https:\/\/www.miomiorun.com\/de\/produkt\/responsiv-vest-18-liter-herren\/#primaryimage"},"image":{"@id":"https:\/\/www.miomiorun.com\/de\/produkt\/responsiv-vest-18-liter-herren\/#primaryimage"},"thumbnailUrl":"https:\/\/www.miomiorun.com\/app\/uploads\/2021\/06\/raidlight-Responsiv-Vest-18L-GRHMB53-70000.jpg","datePublished":"2021-06-09T08:42:37+00:00","dateModified":"2026-05-08T19:00:41+00:00","description":"Die 18-Liter-Version der Responsiv Vest bietet mehr Fassungsverm\u00f6gen, damit Sie lange L\u00e4ufe bew\u00e4ltigen k\u00f6nnen","breadcrumb":{"@id":"https:\/\/www.miomiorun.com\/de\/produkt\/responsiv-vest-18-liter-herren\/#breadcrumb"},"inLanguage":"de-DE","potentialAction":[{"@type":"ReadAction","target":["https:\/\/www.miomiorun.com\/de\/produkt\/responsiv-vest-18-liter-herren\/"]}]},{"@type":"ImageObject","inLanguage":"de-DE","@id":"https:\/\/www.miomiorun.com\/de\/produkt\/responsiv-vest-18-liter-herren\/#primaryimage","url":"https:\/\/www.miomiorun.com\/app\/uploads\/2021\/06\/raidlight-Responsiv-Vest-18L-GRHMB53-70000.jpg","contentUrl":"https:\/\/www.miomiorun.com\/app\/uploads\/2021\/06\/raidlight-Responsiv-Vest-18L-GRHMB53-70000.jpg","width":600,"height":600,"caption":"Raidlight zaino gilet running responsiv vest 18 litri"},{"@type":"BreadcrumbList","@id":"https:\/\/www.miomiorun.com\/de\/produkt\/responsiv-vest-18-liter-herren\/#breadcrumb","itemListElement":[{"@type":"ListItem","position":1,"name":"Home","item":"https:\/\/www.miomiorun.com\/de\/"},{"@type":"ListItem","position":2,"name":"Shop","item":"https:\/\/www.miomiorun.com\/shop\/"},{"@type":"ListItem","position":3,"name":"Responsiv Vest 18 liter herren"}]},{"@type":"WebSite","@id":"https:\/\/www.miomiorun.com\/de\/#website","url":"https:\/\/www.miomiorun.com\/de\/","name":"MioMioRun","description":"100% Lauf- und Trailshop","publisher":{"@id":"https:\/\/www.miomiorun.com\/de\/#organization"},"potentialAction":[{"@type":"SearchAction","target":{"@type":"EntryPoint","urlTemplate":"https:\/\/www.miomiorun.com\/de\/?s={search_term_string}"},"query-input":{"@type":"PropertyValueSpecification","valueRequired":true,"valueName":"search_term_string"}}],"inLanguage":"de-DE"},{"@type":"Organization","@id":"https:\/\/www.miomiorun.com\/de\/#organization","name":"MioMio Run","url":"https:\/\/www.miomiorun.com\/de\/","logo":{"@type":"ImageObject","inLanguage":"de-DE","@id":"https:\/\/www.miomiorun.com\/de\/#\/schema\/logo\/image\/","url":"https:\/\/www.miomiorun.com\/app\/uploads\/2019\/12\/logomio.png","contentUrl":"https:\/\/www.miomiorun.com\/app\/uploads\/2019\/12\/logomio.png","width":115,"height":82,"caption":"MioMio Run"},"image":{"@id":"https:\/\/www.miomiorun.com\/de\/#\/schema\/logo\/image\/"},"sameAs":["https:\/\/www.facebook.com\/miomiorun\/","https:\/\/www.instagram.com\/miomiorun\/"]}]}},"_links":{"self":[{"href":"https:\/\/www.miomiorun.com\/de\/wp-json\/wp\/v2\/product\/173448","targetHints":{"allow":["GET"]}}],"collection":[{"href":"https:\/\/www.miomiorun.com\/de\/wp-json\/wp\/v2\/product"}],"about":[{"href":"https:\/\/www.miomiorun.com\/de\/wp-json\/wp\/v2\/types\/product"}],"wp:featuredmedia":[{"embeddable":true,"href":"https:\/\/www.miomiorun.com\/de\/wp-json\/wp\/v2\/media\/56061"}],"wp:attachment":[{"href":"https:\/\/www.miomiorun.com\/de\/wp-json\/wp\/v2\/media?parent=173448"}],"wp:term":[{"taxonomy":"product_brand","embeddable":true,"href":"https:\/\/www.miomiorun.com\/de\/wp-json\/wp\/v2\/product_brand?post=173448"},{"taxonomy":"product_cat","embeddable":true,"href":"https:\/\/www.miomiorun.com\/de\/wp-json\/wp\/v2\/product_cat?post=173448"},{"taxonomy":"product_tag","embeddable":true,"href":"https:\/\/www.miomiorun.com\/de\/wp-json\/wp\/v2\/product_tag?post=173448"}],"curies":[{"name":"wp","href":"https:\/\/api.w.org\/{rel}","templated":true}]}}