{"id":173403,"date":"2022-04-07T11:55:59","date_gmt":"2022-04-07T09:55:59","guid":{"rendered":"https:\/\/miomiorun.com\/prodotto\/raidlight-activ-trail-3-litri-donna\/"},"modified":"2024-05-30T13:48:58","modified_gmt":"2024-05-30T11:48:58","slug":"activ-trail-3-liter-damen","status":"publish","type":"product","link":"https:\/\/www.miomiorun.com\/de\/produkt\/activ-trail-3-liter-damen\/","title":{"rendered":"Activ Trail 3 liter damen"},"content":{"rendered":"<p>Der <strong>Activ 3L<\/strong> f\u00fcr Frauen ist ein nahezu perfekter Trailrunning-Rucksack f\u00fcr das Training oder kurze Rennen, bei denen wenig Ausr\u00fcstung ben\u00f6tigt wird. Die V2-Version hat ein aktualisiertes Taschenlayout, um ihn noch vielseitiger zu machen, mit mehr zug\u00e4nglichen Rei\u00dfverschlusstaschen.<\/p>\n<p>Als erstes Trailrunning-\/Allrounder-Race-Vest-Modell ist dies ein wirklich vielseitiger Rucksack, perfekt f\u00fcr Trainingsl\u00e4ufe, bei denen man nur Fl\u00fcssigkeit und eine Jacke mit sich f\u00fchrt, bis hin zu Trail-Rennen mit wenig ben\u00f6tigter Ausr\u00fcstung.<\/p>\n<p>&nbsp;<\/p>\n<p><strong>Merkmale:<\/strong><\/p>\n<ul>\n<li>2 elastische Vordertaschen mit Rei\u00dfverschluss<\/li>\n<li>Untere Ges\u00e4\u00dftasche mit Rei\u00dfverschluss, die auch unterwegs zug\u00e4nglich ist<\/li>\n<li>2 vordere Flaschentaschen<\/li>\n<li>Hinteres Hauptfach aus Stretch-Mesh, kompatibel mit Wasserbeutel<\/li>\n<li>Wasserfeste Handytasche<\/li>\n<li>Stockhalterung vorne<\/li>\n<li>Elastische Doppelbrustgurte, mit Pfeife am oberen Gurt<\/li>\n<li>Schnelle Einstellung der Seitenstabilit\u00e4t mit Kordelzug<\/li>\n<li>Geliefert mit 2 x 600ml EazyFlask Wasserflaschen<\/li>\n<li>R\u00fcckseitige Volumenkompression f\u00fcr optimale Stabilit\u00e4t der Ladung<\/li>\n<li>Kompatibel mit Trail Quiver<\/li>\n<li>Gr\u00f6\u00dfe f\u00fcr Frauen (Brustumfang\/cm): SM (86-102), L-XL (102-110)<\/li>\n<\/ul>\n<p>Zusammensetzung: 25% Polyamid, 67% Polyester, 8% Elasthan<\/p>\n<p>&nbsp;<\/p>\n<p><strong>DESIGN EINER RENNWESTE<\/strong><\/p>\n<p>Das Activ 3L ist wie eine ma\u00dfgeschneiderte Weste und nicht wie ein Rucksack\u201c. Dieser \u201eRennwesten\u201c-Stil minimiert das H\u00fcpfen beim Laufen.<\/p>\n<p>Die vorderen Stautaschen sind aus Stretchmaterial und mit Rei\u00dfverschl\u00fcssen versehen, so dass Sie viel Nahrung und Energie einpacken k\u00f6nnen, weil sie leicht zu erreichen sind.<\/p>\n<p><strong>KOMFORT<\/strong><\/p>\n<p>Die schnelle und seitliche Verstellung mittels Kordelzug erm\u00f6glicht es, die Passform perfekt einzustellen und das H\u00fcpfen zu minimieren, ohne ein Druckgef\u00fchl auf der Brust zu erzeugen.<\/p>\n<p>Das 3D-Mesh-Material in der K\u00f6rperkontaktweste erm\u00f6glicht eine hervorragende Atmungsaktivit\u00e4t und leitet Schwei\u00df schnell ab.<\/p>\n<p><strong>PRAKTISCHE TASCHEN<\/strong><\/p>\n<p>Mit 2 Flaschentaschen und 2 elastischen Rei\u00dfverschlusstaschen auf der Vorderseite k\u00f6nnen Sie unterwegs essen und trinken.<\/p>\n<p>Au\u00dferdem haben wir eine hintere Rei\u00dfverschlusstasche hinzugef\u00fcgt, die unterwegs zug\u00e4nglich ist, perfekt f\u00fcr den schnellen Zugriff auf Ihr Trail-Selfie-Handy!<\/p>\n<p>&nbsp;<\/p>\n<p><strong>Pflegehinweise:<\/strong><\/p>\n<ul>\n<li>Waschen bei einer Temperatur von nicht mehr als 30\u00b0C<\/li>\n<li>Nicht im Trockner trocknen<\/li>\n<li>Keinen Weichsp\u00fcler verwenden<\/li>\n<li>Nicht b\u00fcgeln<\/li>\n<li>Nicht chemisch reinigen<\/li>\n<\/ul>\n<p>&nbsp;<\/p>\n","protected":false},"excerpt":{"rendered":"<p>Der Activ 3L f\u00fcr Frauen ist ein nahezu perfekter Trailrunning-Rucksack f\u00fcr das Training oder kurze Rennen, bei denen wenig Ausr\u00fcstung ben\u00f6tigt wird. Die V2-Version hat ein aktualisiertes Taschenlayout, um ihn noch vielseitiger zu machen, mit mehr zug\u00e4nglichen Rei\u00dfverschlusstaschen. Als erstes Trailrunning-\/Allrounder-Race-Vest-Modell ist dies ein wirklich vielseitiger Rucksack, perfekt f\u00fcr Trainingsl\u00e4ufe, bei denen man nur Fl\u00fcssigkeit &hellip; <a href=\"https:\/\/www.miomiorun.com\/de\/produkt\/activ-trail-3-liter-damen\/\">Continued<\/a><\/p>\n","protected":false},"featured_media":66800,"template":"","meta":{"_acf_changed":false,"inline_featured_image":false},"product_brand":[],"product_cat":[6342,6396,6398],"product_tag":[6262,6263],"class_list":{"0":"post-173403","1":"product","2":"type-product","3":"status-publish","4":"has-post-thumbnail","6":"product_cat-zubehoer","7":"product_cat-taschen-und-guertel-de","8":"product_cat-taschen-de","9":"product_tag-raidlight-de","10":"product_tag-raidlight-damen-de","11":"pa_attivita-gehen","12":"pa_attivita-outdoor-de","13":"pa_attivita-trail-de","14":"pa_marca-raidlight-de","15":"pa_sesso-damen","16":"pa_size-s-m-de","18":"first","19":"instock","20":"sale","21":"taxable","22":"shipping-taxable","23":"purchasable","24":"product-type-variable","25":"wvs-archive-product-wrapper"},"acf":[],"yoast_head":"<!-- This site is optimized with the Yoast SEO plugin v26.8 - https:\/\/yoast.com\/product\/yoast-seo-wordpress\/ -->\n<title>RaidlightActiv Trail 3 liter damen - Trail-Rucksack MioMioRun<\/title>\n<meta name=\"description\" content=\"Der Women&#039;s Activ 3L ist ein nahezu perfekter Trailrunning-Rucksack f\u00fcr das Training oder kurze Rennen mit wenig obligatorischer Ausr\u00fcstung.\" \/>\n<meta name=\"robots\" content=\"index, follow, max-snippet:-1, max-image-preview:large, max-video-preview:-1\" \/>\n<link rel=\"canonical\" href=\"https:\/\/www.miomiorun.com\/de\/produkt\/activ-trail-3-liter-damen\/\" \/>\n<meta property=\"og:locale\" content=\"de_DE\" \/>\n<meta property=\"og:type\" content=\"article\" \/>\n<meta property=\"og:title\" content=\"RaidlightActiv Trail 3 liter damen - Trail-Rucksack MioMioRun\" \/>\n<meta property=\"og:description\" content=\"Der Women&#039;s Activ 3L ist ein nahezu perfekter Trailrunning-Rucksack f\u00fcr das Training oder kurze Rennen mit wenig obligatorischer Ausr\u00fcstung.\" \/>\n<meta property=\"og:url\" content=\"https:\/\/www.miomiorun.com\/de\/produkt\/activ-trail-3-liter-damen\/\" \/>\n<meta property=\"og:site_name\" content=\"MioMioRun\" \/>\n<meta property=\"article:publisher\" content=\"https:\/\/www.facebook.com\/miomiorun\/\" \/>\n<meta property=\"article:modified_time\" content=\"2024-05-30T11:48:58+00:00\" \/>\n<meta property=\"og:image\" content=\"https:\/\/www.miomiorun.com\/app\/uploads\/2022\/04\/raidlight-activ-trail-3L-pack-W-GRKWB49.jpg\" \/>\n\t<meta property=\"og:image:width\" content=\"600\" \/>\n\t<meta property=\"og:image:height\" content=\"600\" \/>\n\t<meta property=\"og:image:type\" content=\"image\/jpeg\" \/>\n<meta name=\"twitter:card\" content=\"summary_large_image\" \/>\n<meta name=\"twitter:label1\" content=\"Est. reading time\" \/>\n\t<meta name=\"twitter:data1\" content=\"2 minutes\" \/>\n<script type=\"application\/ld+json\" class=\"yoast-schema-graph\">{\"@context\":\"https:\/\/schema.org\",\"@graph\":[{\"@type\":\"WebPage\",\"@id\":\"https:\/\/www.miomiorun.com\/de\/produkt\/activ-trail-3-liter-damen\/\",\"url\":\"https:\/\/www.miomiorun.com\/de\/produkt\/activ-trail-3-liter-damen\/\",\"name\":\"RaidlightActiv Trail 3 liter damen - Trail-Rucksack MioMioRun\",\"isPartOf\":{\"@id\":\"https:\/\/www.miomiorun.com\/de\/#website\"},\"primaryImageOfPage\":{\"@id\":\"https:\/\/www.miomiorun.com\/de\/produkt\/activ-trail-3-liter-damen\/#primaryimage\"},\"image\":{\"@id\":\"https:\/\/www.miomiorun.com\/de\/produkt\/activ-trail-3-liter-damen\/#primaryimage\"},\"thumbnailUrl\":\"https:\/\/www.miomiorun.com\/app\/uploads\/2022\/04\/raidlight-activ-trail-3L-pack-W-GRKWB49.jpg\",\"datePublished\":\"2022-04-07T09:55:59+00:00\",\"dateModified\":\"2024-05-30T11:48:58+00:00\",\"description\":\"Der Women's Activ 3L ist ein nahezu perfekter Trailrunning-Rucksack f\u00fcr das Training oder kurze Rennen mit wenig obligatorischer Ausr\u00fcstung.\",\"breadcrumb\":{\"@id\":\"https:\/\/www.miomiorun.com\/de\/produkt\/activ-trail-3-liter-damen\/#breadcrumb\"},\"inLanguage\":\"de-DE\",\"potentialAction\":[{\"@type\":\"ReadAction\",\"target\":[\"https:\/\/www.miomiorun.com\/de\/produkt\/activ-trail-3-liter-damen\/\"]}]},{\"@type\":\"ImageObject\",\"inLanguage\":\"de-DE\",\"@id\":\"https:\/\/www.miomiorun.com\/de\/produkt\/activ-trail-3-liter-damen\/#primaryimage\",\"url\":\"https:\/\/www.miomiorun.com\/app\/uploads\/2022\/04\/raidlight-activ-trail-3L-pack-W-GRKWB49.jpg\",\"contentUrl\":\"https:\/\/www.miomiorun.com\/app\/uploads\/2022\/04\/raidlight-activ-trail-3L-pack-W-GRKWB49.jpg\",\"width\":600,\"height\":600,\"caption\":\"raidlight-activ-trail-3L-pack-W-GRKWB49\"},{\"@type\":\"BreadcrumbList\",\"@id\":\"https:\/\/www.miomiorun.com\/de\/produkt\/activ-trail-3-liter-damen\/#breadcrumb\",\"itemListElement\":[{\"@type\":\"ListItem\",\"position\":1,\"name\":\"Home\",\"item\":\"https:\/\/www.miomiorun.com\/de\/\"},{\"@type\":\"ListItem\",\"position\":2,\"name\":\"Shop\",\"item\":\"https:\/\/www.miomiorun.com\/shop\/\"},{\"@type\":\"ListItem\",\"position\":3,\"name\":\"Activ Trail 3 liter damen\"}]},{\"@type\":\"WebSite\",\"@id\":\"https:\/\/www.miomiorun.com\/de\/#website\",\"url\":\"https:\/\/www.miomiorun.com\/de\/\",\"name\":\"MioMioRun\",\"description\":\"100% Lauf- und Trailshop\",\"publisher\":{\"@id\":\"https:\/\/www.miomiorun.com\/de\/#organization\"},\"potentialAction\":[{\"@type\":\"SearchAction\",\"target\":{\"@type\":\"EntryPoint\",\"urlTemplate\":\"https:\/\/www.miomiorun.com\/de\/?s={search_term_string}\"},\"query-input\":{\"@type\":\"PropertyValueSpecification\",\"valueRequired\":true,\"valueName\":\"search_term_string\"}}],\"inLanguage\":\"de-DE\"},{\"@type\":\"Organization\",\"@id\":\"https:\/\/www.miomiorun.com\/de\/#organization\",\"name\":\"MioMio Run\",\"url\":\"https:\/\/www.miomiorun.com\/de\/\",\"logo\":{\"@type\":\"ImageObject\",\"inLanguage\":\"de-DE\",\"@id\":\"https:\/\/www.miomiorun.com\/de\/#\/schema\/logo\/image\/\",\"url\":\"https:\/\/www.miomiorun.com\/app\/uploads\/2019\/12\/logomio.png\",\"contentUrl\":\"https:\/\/www.miomiorun.com\/app\/uploads\/2019\/12\/logomio.png\",\"width\":115,\"height\":82,\"caption\":\"MioMio Run\"},\"image\":{\"@id\":\"https:\/\/www.miomiorun.com\/de\/#\/schema\/logo\/image\/\"},\"sameAs\":[\"https:\/\/www.facebook.com\/miomiorun\/\",\"https:\/\/www.instagram.com\/miomiorun\/\"]}]}<\/script>\n<!-- \/ Yoast SEO plugin. -->","yoast_head_json":{"title":"RaidlightActiv Trail 3 liter damen - Trail-Rucksack MioMioRun","description":"Der Women's Activ 3L ist ein nahezu perfekter Trailrunning-Rucksack f\u00fcr das Training oder kurze Rennen mit wenig obligatorischer Ausr\u00fcstung.","robots":{"index":"index","follow":"follow","max-snippet":"max-snippet:-1","max-image-preview":"max-image-preview:large","max-video-preview":"max-video-preview:-1"},"canonical":"https:\/\/www.miomiorun.com\/de\/produkt\/activ-trail-3-liter-damen\/","og_locale":"de_DE","og_type":"article","og_title":"RaidlightActiv Trail 3 liter damen - Trail-Rucksack MioMioRun","og_description":"Der Women's Activ 3L ist ein nahezu perfekter Trailrunning-Rucksack f\u00fcr das Training oder kurze Rennen mit wenig obligatorischer Ausr\u00fcstung.","og_url":"https:\/\/www.miomiorun.com\/de\/produkt\/activ-trail-3-liter-damen\/","og_site_name":"MioMioRun","article_publisher":"https:\/\/www.facebook.com\/miomiorun\/","article_modified_time":"2024-05-30T11:48:58+00:00","og_image":[{"width":600,"height":600,"url":"https:\/\/www.miomiorun.com\/app\/uploads\/2022\/04\/raidlight-activ-trail-3L-pack-W-GRKWB49.jpg","type":"image\/jpeg"}],"twitter_card":"summary_large_image","twitter_misc":{"Est. reading time":"2 minutes"},"schema":{"@context":"https:\/\/schema.org","@graph":[{"@type":"WebPage","@id":"https:\/\/www.miomiorun.com\/de\/produkt\/activ-trail-3-liter-damen\/","url":"https:\/\/www.miomiorun.com\/de\/produkt\/activ-trail-3-liter-damen\/","name":"RaidlightActiv Trail 3 liter damen - Trail-Rucksack MioMioRun","isPartOf":{"@id":"https:\/\/www.miomiorun.com\/de\/#website"},"primaryImageOfPage":{"@id":"https:\/\/www.miomiorun.com\/de\/produkt\/activ-trail-3-liter-damen\/#primaryimage"},"image":{"@id":"https:\/\/www.miomiorun.com\/de\/produkt\/activ-trail-3-liter-damen\/#primaryimage"},"thumbnailUrl":"https:\/\/www.miomiorun.com\/app\/uploads\/2022\/04\/raidlight-activ-trail-3L-pack-W-GRKWB49.jpg","datePublished":"2022-04-07T09:55:59+00:00","dateModified":"2024-05-30T11:48:58+00:00","description":"Der Women's Activ 3L ist ein nahezu perfekter Trailrunning-Rucksack f\u00fcr das Training oder kurze Rennen mit wenig obligatorischer Ausr\u00fcstung.","breadcrumb":{"@id":"https:\/\/www.miomiorun.com\/de\/produkt\/activ-trail-3-liter-damen\/#breadcrumb"},"inLanguage":"de-DE","potentialAction":[{"@type":"ReadAction","target":["https:\/\/www.miomiorun.com\/de\/produkt\/activ-trail-3-liter-damen\/"]}]},{"@type":"ImageObject","inLanguage":"de-DE","@id":"https:\/\/www.miomiorun.com\/de\/produkt\/activ-trail-3-liter-damen\/#primaryimage","url":"https:\/\/www.miomiorun.com\/app\/uploads\/2022\/04\/raidlight-activ-trail-3L-pack-W-GRKWB49.jpg","contentUrl":"https:\/\/www.miomiorun.com\/app\/uploads\/2022\/04\/raidlight-activ-trail-3L-pack-W-GRKWB49.jpg","width":600,"height":600,"caption":"raidlight-activ-trail-3L-pack-W-GRKWB49"},{"@type":"BreadcrumbList","@id":"https:\/\/www.miomiorun.com\/de\/produkt\/activ-trail-3-liter-damen\/#breadcrumb","itemListElement":[{"@type":"ListItem","position":1,"name":"Home","item":"https:\/\/www.miomiorun.com\/de\/"},{"@type":"ListItem","position":2,"name":"Shop","item":"https:\/\/www.miomiorun.com\/shop\/"},{"@type":"ListItem","position":3,"name":"Activ Trail 3 liter damen"}]},{"@type":"WebSite","@id":"https:\/\/www.miomiorun.com\/de\/#website","url":"https:\/\/www.miomiorun.com\/de\/","name":"MioMioRun","description":"100% Lauf- und Trailshop","publisher":{"@id":"https:\/\/www.miomiorun.com\/de\/#organization"},"potentialAction":[{"@type":"SearchAction","target":{"@type":"EntryPoint","urlTemplate":"https:\/\/www.miomiorun.com\/de\/?s={search_term_string}"},"query-input":{"@type":"PropertyValueSpecification","valueRequired":true,"valueName":"search_term_string"}}],"inLanguage":"de-DE"},{"@type":"Organization","@id":"https:\/\/www.miomiorun.com\/de\/#organization","name":"MioMio Run","url":"https:\/\/www.miomiorun.com\/de\/","logo":{"@type":"ImageObject","inLanguage":"de-DE","@id":"https:\/\/www.miomiorun.com\/de\/#\/schema\/logo\/image\/","url":"https:\/\/www.miomiorun.com\/app\/uploads\/2019\/12\/logomio.png","contentUrl":"https:\/\/www.miomiorun.com\/app\/uploads\/2019\/12\/logomio.png","width":115,"height":82,"caption":"MioMio Run"},"image":{"@id":"https:\/\/www.miomiorun.com\/de\/#\/schema\/logo\/image\/"},"sameAs":["https:\/\/www.facebook.com\/miomiorun\/","https:\/\/www.instagram.com\/miomiorun\/"]}]}},"_links":{"self":[{"href":"https:\/\/www.miomiorun.com\/de\/wp-json\/wp\/v2\/product\/173403","targetHints":{"allow":["GET"]}}],"collection":[{"href":"https:\/\/www.miomiorun.com\/de\/wp-json\/wp\/v2\/product"}],"about":[{"href":"https:\/\/www.miomiorun.com\/de\/wp-json\/wp\/v2\/types\/product"}],"wp:featuredmedia":[{"embeddable":true,"href":"https:\/\/www.miomiorun.com\/de\/wp-json\/wp\/v2\/media\/66800"}],"wp:attachment":[{"href":"https:\/\/www.miomiorun.com\/de\/wp-json\/wp\/v2\/media?parent=173403"}],"wp:term":[{"taxonomy":"product_brand","embeddable":true,"href":"https:\/\/www.miomiorun.com\/de\/wp-json\/wp\/v2\/product_brand?post=173403"},{"taxonomy":"product_cat","embeddable":true,"href":"https:\/\/www.miomiorun.com\/de\/wp-json\/wp\/v2\/product_cat?post=173403"},{"taxonomy":"product_tag","embeddable":true,"href":"https:\/\/www.miomiorun.com\/de\/wp-json\/wp\/v2\/product_tag?post=173403"}],"curies":[{"name":"wp","href":"https:\/\/api.w.org\/{rel}","templated":true}]}}