{"id":173333,"date":"2022-04-08T16:46:38","date_gmt":"2022-04-08T14:46:38","guid":{"rendered":"https:\/\/miomiorun.com\/prodotto\/raidlight-revolutiv-ultralight-12l-donna\/"},"modified":"2026-05-08T21:26:14","modified_gmt":"2026-05-08T19:26:14","slug":"revolutiv-ultralight-12l-damen","status":"publish","type":"product","link":"https:\/\/www.miomiorun.com\/de\/produkt\/revolutiv-ultralight-12l-damen\/","title":{"rendered":"Revolutiv Ultralight 12L damen"},"content":{"rendered":"<p>Der <strong>Ultralight 12L Rennrucksack<\/strong>\/Weste f\u00fcr Damen (umbenannte und aktualisierte Version des Revolutiv 12L V2). Nur 170 g f\u00fcr einen 12-Liter-Trailrunning-Rucksack, konzipiert f\u00fcr Ihre Ultra-Rennen!<\/p>\n<p>Die ultraleichte 12L-Rennweste. Nur 170 g f\u00fcr einen 12-Liter-Trailrunning-Rucksack. Die Weste besteht aus einem Monofilamentgewebe, das eine enorme Gewichtseinsparung und erh\u00f6hte Atmungsaktivit\u00e4t bietet. Das Taschenaufbewahrungssystem besteht aus hochelastischem, recyceltem Stoff, der eine hohe Festigkeit, Elastizit\u00e4t und sehr schnelles Trocknen bietet und so f\u00fcr Stabilit\u00e4t und Komfort sorgt. Die Ges\u00e4\u00dftasche mit Rei\u00dfverschluss ist wasserabweisend und verf\u00fcgt au\u00dferdem \u00fcber eine zus\u00e4tzliche untere Tasche, die immer mit einem Rei\u00dfverschluss verschlossen ist.<\/p>\n<p><strong>Eigenschaften:<\/strong><\/p>\n<ul>\n<li>Fassungsverm\u00f6gen: 12 Liter<\/li>\n<li>Gewicht: 170g<\/li>\n<li>10-Liter-R\u00fcckentasche, wasserabweisend und mit Rei\u00dfverschluss verschlossen<\/li>\n<li>Rei\u00dfverschlusstasche unten am R\u00fccken<\/li>\n<li>2 Wasserflaschenhalter und 2 Rei\u00dfverschlusstaschen auf der Vorderseite<\/li>\n<li>Verstellbare mikrometrische Freelock-R\u00e4der f\u00fcr eine perfekte Passform<\/li>\n<li>Kompatibel mit dem Trail Quiver<\/li>\n<li>Lieferung mit 2 600-ml-EazyFlask-Softflaschen<\/li>\n<li>Hergestellt in den franz\u00f6sischen Alpen<\/li>\n<li>Damengr\u00f6\u00dfe (Brust): S (84-90); M (90-96); L (96-104)<\/li>\n<\/ul>\n<h3>Komposition:<\/h3>\n<p>Geschirr: 100 % Polyester; Taschenstoff: 80 % recyceltes Polyester, 20 % Elasthan<\/p>\n<p>&nbsp;<\/p>\n<div class=\"txt-box\">\n<p><strong>EIN PRAKTISCHER TRAIL-RUCKSACK<\/strong><\/p>\n<p>Mit seinen zahlreichen Rei\u00dfverschlusstaschen erm\u00f6glicht Ihnen der ULTRALIGHT 12L Trail-Rucksack, alles, was Sie f\u00fcr einen Trail ben\u00f6tigen, nach Belieben zu verstauen. Brauchen Sie Energieriegel auf der Vorderseite? Daf\u00fcr gibt es eine Rei\u00dfverschlusstasche. Willst du sie auf deinem R\u00fccken? \u00dcberraschung, dass da auch einer ist. Der Rucksack passt sich Ihren Bed\u00fcrfnissen an, die Sie zum Kauf bewogen haben, und nicht umgekehrt.<\/p>\n<p><strong>EIN SEHR LEICHTER RUCKSACK<\/strong><\/p>\n<p>Mit einem Gewicht von 170 g ist der ULTRALIGHT 12L ein echtes Federgewicht! Zum Vergleich: Dies ist das Gewicht einiger Trail-Shirts.<\/p>\n<p><strong>ANPASSBAR AN IHRE MORPHOLOGIEN<\/strong><\/p>\n<p>Die verschiedenen Befestigungssysteme des Rucksacks erm\u00f6glichen es Ihnen, ihn ganz an Ihre Morphologie anzupassen. Mikrometerr\u00e4der auf beiden Seiten erm\u00f6glichen eine millimetergenaue Einstellung. Vorne passen die Tr\u00e4ger die Weite an die Brust an.<\/p>\n<p><strong>UMWELTFREUNDLICH<\/strong><\/p>\n<p>Im Einklang mit unserem Engagement f\u00fcr Umweltverantwortung erf\u00fcllt der Stoff dieses Produkts die \u00d6ko-Tex-Zertifizierungsstandards. STANDARD 100 by OEKO-TEX\u00ae ist eines der weltweit bekanntesten Labels f\u00fcr schadstoffgepr\u00fcfte Stoffe.<\/p>\n<div class=\"txt-box\">\n<div class=\"txt-box\">\n<div class=\"txt-box\">\n<h3><strong>Pflegehinweise:<\/strong><\/h3>\n<ul>\n<li>Bei einer Temperatur von nicht mehr als 30 \u00b0C waschen<\/li>\n<li>Nicht im Trockner trocknen<\/li>\n<li>Verwenden Sie keinen Weichsp\u00fcler<\/li>\n<li>Kein B\u00fcgeln<\/li>\n<li>Reinige chemisch nicht<\/li>\n<\/ul>\n<p>&nbsp;<\/p>\n<\/div>\n<\/div>\n<\/div>\n<\/div>\n","protected":false},"excerpt":{"rendered":"<p>Der Ultralight 12L Rennrucksack\/Weste f\u00fcr Damen (umbenannte und aktualisierte Version des Revolutiv 12L V2). Nur 170 g f\u00fcr einen 12-Liter-Trailrunning-Rucksack, konzipiert f\u00fcr Ihre Ultra-Rennen! Die ultraleichte 12L-Rennweste. Nur 170 g f\u00fcr einen 12-Liter-Trailrunning-Rucksack. Die Weste besteht aus einem Monofilamentgewebe, das eine enorme Gewichtseinsparung und erh\u00f6hte Atmungsaktivit\u00e4t bietet. Das Taschenaufbewahrungssystem besteht aus hochelastischem, recyceltem Stoff, der &hellip; <a href=\"https:\/\/www.miomiorun.com\/de\/produkt\/revolutiv-ultralight-12l-damen\/\">Continued<\/a><\/p>\n","protected":false},"featured_media":66872,"template":"","meta":{"_acf_changed":false,"inline_featured_image":false},"product_brand":[],"product_cat":[6342,6396,6398],"product_tag":[6262,6263],"class_list":{"0":"post-173333","1":"product","2":"type-product","3":"status-publish","4":"has-post-thumbnail","6":"product_cat-zubehoer","7":"product_cat-taschen-und-guertel-de","8":"product_cat-taschen-de","9":"product_tag-raidlight-de","10":"product_tag-raidlight-damen-de","11":"pa_attivita-gehen","12":"pa_attivita-outdoor-de","13":"pa_attivita-trail-de","14":"pa_marca-raidlight-de","15":"pa_sesso-damen","16":"pa_size-small-de","17":"pa_size-medium-de","18":"pa_size-large-de","20":"first","21":"instock","22":"sale","23":"taxable","24":"shipping-taxable","25":"purchasable","26":"product-type-variable","27":"wvs-archive-product-wrapper"},"acf":[],"yoast_head":"<!-- This site is optimized with the Yoast SEO plugin v26.8 - https:\/\/yoast.com\/product\/yoast-seo-wordpress\/ -->\n<title>Raidlight Revolutiv Ultralight 12L damen - Laufrucks\u00e4cke MioMioRun .com<\/title>\n<meta name=\"description\" content=\"Der ultraleichte 12L-Rennrucksack\/Weste f\u00fcr Damen. Nur 170 g f\u00fcr einen 12-Liter-Trailrunning-Rucksack, konzipiert f\u00fcr Ihre Ultra-Rennen!\" \/>\n<meta name=\"robots\" content=\"index, follow, max-snippet:-1, max-image-preview:large, max-video-preview:-1\" \/>\n<link rel=\"canonical\" href=\"https:\/\/www.miomiorun.com\/de\/produkt\/revolutiv-ultralight-12l-damen\/\" \/>\n<meta property=\"og:locale\" content=\"de_DE\" \/>\n<meta property=\"og:type\" content=\"article\" \/>\n<meta property=\"og:title\" content=\"Raidlight Revolutiv Ultralight 12L damen - Laufrucks\u00e4cke MioMioRun .com\" \/>\n<meta property=\"og:description\" content=\"Der ultraleichte 12L-Rennrucksack\/Weste f\u00fcr Damen. Nur 170 g f\u00fcr einen 12-Liter-Trailrunning-Rucksack, konzipiert f\u00fcr Ihre Ultra-Rennen!\" \/>\n<meta property=\"og:url\" content=\"https:\/\/www.miomiorun.com\/de\/produkt\/revolutiv-ultralight-12l-damen\/\" \/>\n<meta property=\"og:site_name\" content=\"MioMioRun\" \/>\n<meta property=\"article:publisher\" content=\"https:\/\/www.facebook.com\/miomiorun\/\" \/>\n<meta property=\"article:modified_time\" content=\"2026-05-08T19:26:14+00:00\" \/>\n<meta property=\"og:image\" content=\"https:\/\/www.miomiorun.com\/app\/uploads\/2022\/04\/raidlight-ultralight-12L-trail-pack-W-GRKWB86.jpg\" \/>\n\t<meta property=\"og:image:width\" content=\"600\" \/>\n\t<meta property=\"og:image:height\" content=\"600\" \/>\n\t<meta property=\"og:image:type\" content=\"image\/jpeg\" \/>\n<meta name=\"twitter:card\" content=\"summary_large_image\" \/>\n<meta name=\"twitter:label1\" content=\"Est. reading time\" \/>\n\t<meta name=\"twitter:data1\" content=\"2 minutes\" \/>\n<script type=\"application\/ld+json\" class=\"yoast-schema-graph\">{\"@context\":\"https:\/\/schema.org\",\"@graph\":[{\"@type\":\"WebPage\",\"@id\":\"https:\/\/www.miomiorun.com\/de\/produkt\/revolutiv-ultralight-12l-damen\/\",\"url\":\"https:\/\/www.miomiorun.com\/de\/produkt\/revolutiv-ultralight-12l-damen\/\",\"name\":\"Raidlight Revolutiv Ultralight 12L damen - Laufrucks\u00e4cke MioMioRun .com\",\"isPartOf\":{\"@id\":\"https:\/\/www.miomiorun.com\/de\/#website\"},\"primaryImageOfPage\":{\"@id\":\"https:\/\/www.miomiorun.com\/de\/produkt\/revolutiv-ultralight-12l-damen\/#primaryimage\"},\"image\":{\"@id\":\"https:\/\/www.miomiorun.com\/de\/produkt\/revolutiv-ultralight-12l-damen\/#primaryimage\"},\"thumbnailUrl\":\"https:\/\/www.miomiorun.com\/app\/uploads\/2022\/04\/raidlight-ultralight-12L-trail-pack-W-GRKWB86.jpg\",\"datePublished\":\"2022-04-08T14:46:38+00:00\",\"dateModified\":\"2026-05-08T19:26:14+00:00\",\"description\":\"Der ultraleichte 12L-Rennrucksack\/Weste f\u00fcr Damen. Nur 170 g f\u00fcr einen 12-Liter-Trailrunning-Rucksack, konzipiert f\u00fcr Ihre Ultra-Rennen!\",\"breadcrumb\":{\"@id\":\"https:\/\/www.miomiorun.com\/de\/produkt\/revolutiv-ultralight-12l-damen\/#breadcrumb\"},\"inLanguage\":\"de-DE\",\"potentialAction\":[{\"@type\":\"ReadAction\",\"target\":[\"https:\/\/www.miomiorun.com\/de\/produkt\/revolutiv-ultralight-12l-damen\/\"]}]},{\"@type\":\"ImageObject\",\"inLanguage\":\"de-DE\",\"@id\":\"https:\/\/www.miomiorun.com\/de\/produkt\/revolutiv-ultralight-12l-damen\/#primaryimage\",\"url\":\"https:\/\/www.miomiorun.com\/app\/uploads\/2022\/04\/raidlight-ultralight-12L-trail-pack-W-GRKWB86.jpg\",\"contentUrl\":\"https:\/\/www.miomiorun.com\/app\/uploads\/2022\/04\/raidlight-ultralight-12L-trail-pack-W-GRKWB86.jpg\",\"width\":600,\"height\":600,\"caption\":\"raidlight-ultralight-12L-trail-pack-W-GRKWB86\"},{\"@type\":\"BreadcrumbList\",\"@id\":\"https:\/\/www.miomiorun.com\/de\/produkt\/revolutiv-ultralight-12l-damen\/#breadcrumb\",\"itemListElement\":[{\"@type\":\"ListItem\",\"position\":1,\"name\":\"Home\",\"item\":\"https:\/\/www.miomiorun.com\/de\/home-page\/\"},{\"@type\":\"ListItem\",\"position\":2,\"name\":\"Shop\",\"item\":\"https:\/\/www.miomiorun.com\/shop\/\"},{\"@type\":\"ListItem\",\"position\":3,\"name\":\"Revolutiv Ultralight 12L damen\"}]},{\"@type\":\"WebSite\",\"@id\":\"https:\/\/www.miomiorun.com\/de\/#website\",\"url\":\"https:\/\/www.miomiorun.com\/de\/\",\"name\":\"MioMioRun\",\"description\":\"100% Lauf- und Trailshop\",\"publisher\":{\"@id\":\"https:\/\/www.miomiorun.com\/de\/#organization\"},\"potentialAction\":[{\"@type\":\"SearchAction\",\"target\":{\"@type\":\"EntryPoint\",\"urlTemplate\":\"https:\/\/www.miomiorun.com\/de\/?s={search_term_string}\"},\"query-input\":{\"@type\":\"PropertyValueSpecification\",\"valueRequired\":true,\"valueName\":\"search_term_string\"}}],\"inLanguage\":\"de-DE\"},{\"@type\":\"Organization\",\"@id\":\"https:\/\/www.miomiorun.com\/de\/#organization\",\"name\":\"MioMio Run\",\"url\":\"https:\/\/www.miomiorun.com\/de\/\",\"logo\":{\"@type\":\"ImageObject\",\"inLanguage\":\"de-DE\",\"@id\":\"https:\/\/www.miomiorun.com\/de\/#\/schema\/logo\/image\/\",\"url\":\"https:\/\/www.miomiorun.com\/app\/uploads\/2019\/12\/logomio.png\",\"contentUrl\":\"https:\/\/www.miomiorun.com\/app\/uploads\/2019\/12\/logomio.png\",\"width\":115,\"height\":82,\"caption\":\"MioMio Run\"},\"image\":{\"@id\":\"https:\/\/www.miomiorun.com\/de\/#\/schema\/logo\/image\/\"},\"sameAs\":[\"https:\/\/www.facebook.com\/miomiorun\/\",\"https:\/\/www.instagram.com\/miomiorun\/\"]}]}<\/script>\n<!-- \/ Yoast SEO plugin. -->","yoast_head_json":{"title":"Raidlight Revolutiv Ultralight 12L damen - Laufrucks\u00e4cke MioMioRun .com","description":"Der ultraleichte 12L-Rennrucksack\/Weste f\u00fcr Damen. Nur 170 g f\u00fcr einen 12-Liter-Trailrunning-Rucksack, konzipiert f\u00fcr Ihre Ultra-Rennen!","robots":{"index":"index","follow":"follow","max-snippet":"max-snippet:-1","max-image-preview":"max-image-preview:large","max-video-preview":"max-video-preview:-1"},"canonical":"https:\/\/www.miomiorun.com\/de\/produkt\/revolutiv-ultralight-12l-damen\/","og_locale":"de_DE","og_type":"article","og_title":"Raidlight Revolutiv Ultralight 12L damen - Laufrucks\u00e4cke MioMioRun .com","og_description":"Der ultraleichte 12L-Rennrucksack\/Weste f\u00fcr Damen. Nur 170 g f\u00fcr einen 12-Liter-Trailrunning-Rucksack, konzipiert f\u00fcr Ihre Ultra-Rennen!","og_url":"https:\/\/www.miomiorun.com\/de\/produkt\/revolutiv-ultralight-12l-damen\/","og_site_name":"MioMioRun","article_publisher":"https:\/\/www.facebook.com\/miomiorun\/","article_modified_time":"2026-05-08T19:26:14+00:00","og_image":[{"width":600,"height":600,"url":"https:\/\/www.miomiorun.com\/app\/uploads\/2022\/04\/raidlight-ultralight-12L-trail-pack-W-GRKWB86.jpg","type":"image\/jpeg"}],"twitter_card":"summary_large_image","twitter_misc":{"Est. reading time":"2 minutes"},"schema":{"@context":"https:\/\/schema.org","@graph":[{"@type":"WebPage","@id":"https:\/\/www.miomiorun.com\/de\/produkt\/revolutiv-ultralight-12l-damen\/","url":"https:\/\/www.miomiorun.com\/de\/produkt\/revolutiv-ultralight-12l-damen\/","name":"Raidlight Revolutiv Ultralight 12L damen - Laufrucks\u00e4cke MioMioRun .com","isPartOf":{"@id":"https:\/\/www.miomiorun.com\/de\/#website"},"primaryImageOfPage":{"@id":"https:\/\/www.miomiorun.com\/de\/produkt\/revolutiv-ultralight-12l-damen\/#primaryimage"},"image":{"@id":"https:\/\/www.miomiorun.com\/de\/produkt\/revolutiv-ultralight-12l-damen\/#primaryimage"},"thumbnailUrl":"https:\/\/www.miomiorun.com\/app\/uploads\/2022\/04\/raidlight-ultralight-12L-trail-pack-W-GRKWB86.jpg","datePublished":"2022-04-08T14:46:38+00:00","dateModified":"2026-05-08T19:26:14+00:00","description":"Der ultraleichte 12L-Rennrucksack\/Weste f\u00fcr Damen. Nur 170 g f\u00fcr einen 12-Liter-Trailrunning-Rucksack, konzipiert f\u00fcr Ihre Ultra-Rennen!","breadcrumb":{"@id":"https:\/\/www.miomiorun.com\/de\/produkt\/revolutiv-ultralight-12l-damen\/#breadcrumb"},"inLanguage":"de-DE","potentialAction":[{"@type":"ReadAction","target":["https:\/\/www.miomiorun.com\/de\/produkt\/revolutiv-ultralight-12l-damen\/"]}]},{"@type":"ImageObject","inLanguage":"de-DE","@id":"https:\/\/www.miomiorun.com\/de\/produkt\/revolutiv-ultralight-12l-damen\/#primaryimage","url":"https:\/\/www.miomiorun.com\/app\/uploads\/2022\/04\/raidlight-ultralight-12L-trail-pack-W-GRKWB86.jpg","contentUrl":"https:\/\/www.miomiorun.com\/app\/uploads\/2022\/04\/raidlight-ultralight-12L-trail-pack-W-GRKWB86.jpg","width":600,"height":600,"caption":"raidlight-ultralight-12L-trail-pack-W-GRKWB86"},{"@type":"BreadcrumbList","@id":"https:\/\/www.miomiorun.com\/de\/produkt\/revolutiv-ultralight-12l-damen\/#breadcrumb","itemListElement":[{"@type":"ListItem","position":1,"name":"Home","item":"https:\/\/www.miomiorun.com\/de\/home-page\/"},{"@type":"ListItem","position":2,"name":"Shop","item":"https:\/\/www.miomiorun.com\/shop\/"},{"@type":"ListItem","position":3,"name":"Revolutiv Ultralight 12L damen"}]},{"@type":"WebSite","@id":"https:\/\/www.miomiorun.com\/de\/#website","url":"https:\/\/www.miomiorun.com\/de\/","name":"MioMioRun","description":"100% Lauf- und Trailshop","publisher":{"@id":"https:\/\/www.miomiorun.com\/de\/#organization"},"potentialAction":[{"@type":"SearchAction","target":{"@type":"EntryPoint","urlTemplate":"https:\/\/www.miomiorun.com\/de\/?s={search_term_string}"},"query-input":{"@type":"PropertyValueSpecification","valueRequired":true,"valueName":"search_term_string"}}],"inLanguage":"de-DE"},{"@type":"Organization","@id":"https:\/\/www.miomiorun.com\/de\/#organization","name":"MioMio Run","url":"https:\/\/www.miomiorun.com\/de\/","logo":{"@type":"ImageObject","inLanguage":"de-DE","@id":"https:\/\/www.miomiorun.com\/de\/#\/schema\/logo\/image\/","url":"https:\/\/www.miomiorun.com\/app\/uploads\/2019\/12\/logomio.png","contentUrl":"https:\/\/www.miomiorun.com\/app\/uploads\/2019\/12\/logomio.png","width":115,"height":82,"caption":"MioMio Run"},"image":{"@id":"https:\/\/www.miomiorun.com\/de\/#\/schema\/logo\/image\/"},"sameAs":["https:\/\/www.facebook.com\/miomiorun\/","https:\/\/www.instagram.com\/miomiorun\/"]}]}},"_links":{"self":[{"href":"https:\/\/www.miomiorun.com\/de\/wp-json\/wp\/v2\/product\/173333","targetHints":{"allow":["GET"]}}],"collection":[{"href":"https:\/\/www.miomiorun.com\/de\/wp-json\/wp\/v2\/product"}],"about":[{"href":"https:\/\/www.miomiorun.com\/de\/wp-json\/wp\/v2\/types\/product"}],"wp:featuredmedia":[{"embeddable":true,"href":"https:\/\/www.miomiorun.com\/de\/wp-json\/wp\/v2\/media\/66872"}],"wp:attachment":[{"href":"https:\/\/www.miomiorun.com\/de\/wp-json\/wp\/v2\/media?parent=173333"}],"wp:term":[{"taxonomy":"product_brand","embeddable":true,"href":"https:\/\/www.miomiorun.com\/de\/wp-json\/wp\/v2\/product_brand?post=173333"},{"taxonomy":"product_cat","embeddable":true,"href":"https:\/\/www.miomiorun.com\/de\/wp-json\/wp\/v2\/product_cat?post=173333"},{"taxonomy":"product_tag","embeddable":true,"href":"https:\/\/www.miomiorun.com\/de\/wp-json\/wp\/v2\/product_tag?post=173333"}],"curies":[{"name":"wp","href":"https:\/\/api.w.org\/{rel}","templated":true}]}}