{"id":173321,"date":"2024-05-17T12:10:54","date_gmt":"2024-05-17T10:10:54","guid":{"rendered":"https:\/\/miomiorun.com\/prodotto\/vaporkrar-2-0-4l\/"},"modified":"2025-06-01T19:42:10","modified_gmt":"2025-06-01T17:42:10","slug":"vaporkrar-2-0-4l","status":"publish","type":"product","link":"https:\/\/www.miomiorun.com\/de\/produkt\/vaporkrar-2-0-4l\/","title":{"rendered":"VaporKrar 2.0 4L"},"content":{"rendered":"<p>Machen Sie sich auf den Weg zu Ihrem n\u00e4chsten Trailrun mit der bequemen und unglaublich funktionellen Nathan VaporKrar 4L Trinkweste. Diese Weste wurde mit Hilfe des Ultra-L\u00e4ufer-Champions und renommierten Minimalisten Rob Krar entworfen, um sicherzustellen, dass sie den Bed\u00fcrfnissen ernsthafter Trailrunner gerecht wird.<\/p>\n<p><strong>Haupteigenschaften<\/strong><\/p>\n<ul>\n<li><strong>Kleidungs\u00e4hnliche Passform:<\/strong> Hergestellt aus leichten, atmungsaktiven Materialien und laserperforierten L\u00f6chern f\u00fcr maximalen Komfort. Bietet eine federnde, scheuerfreie Passform.<\/li>\n<li><strong>Fl\u00fcssigkeitszufuhr:<\/strong> Enth\u00e4lt 2 ExoShot-Softflaschen mit einem Fassungsverm\u00f6gen von 12 fl. oz. oz. jeweils mit verl\u00e4ngerten Trinkhalmen ausgestattet, um das Trinken zu erleichtern, ohne die Flaschen aus den Vordertaschen nehmen zu m\u00fcssen. Die Weste ist auch mit einem 1,5-Liter-Trinkreservoir (separat erh\u00e4ltlich) kompatibel.<\/li>\n<li><strong>Stauraum:<\/strong> Mehrere Taschen f\u00fcr einfachen Zugriff auf die Ausr\u00fcstung. Die Vordertaschen bieten Platz f\u00fcr Softflasks bis zu 22 ml, Ern\u00e4hrung, Smartphones bis zur Gr\u00f6\u00dfe eines iPhone\u00ae 6 und andere wichtige Dinge. Es gibt auch eine Haupttasche auf der R\u00fcckseite mit einer internen Tasche f\u00fcr ein Reservoir.<\/li>\n<li><strong>Sichtbarkeit:<\/strong> Reflektierende Details sorgen daf\u00fcr, dass Sie auch bei schlechten Lichtverh\u00e4ltnissen gesehen werden.<\/li>\n<li><strong>Zus\u00e4tzliche Funktionen:<\/strong> Wasserdichte Brusttasche mit Rei\u00dfverschluss f\u00fcr Smartphone, wasserdichte Ges\u00e4\u00dftasche mit Rei\u00dfverschluss zur sicheren Aufbewahrung wichtiger Dinge,<\/li>\n<li><strong>Pillentasche<\/strong> an der Schulter und Sicherheitspfeife.<\/li>\n<\/ul>\n<h3>Technische Spezifikationen<\/h3>\n<ul>\n<li><strong>Ladekapazit\u00e4t:<\/strong> 4 Liter (244 cu in)<\/li>\n<li><strong>Gewicht:<\/strong><br \/>\nOhne Soft Flasks: 6,4 oz (181 g)<br \/>\nMit Soft Flasks: 11 oz (306 g)<\/li>\n<li>Material: Nylon\/Polyester<\/li>\n<li>BPA-frei: Ja<\/li>\n<li>Geschlecht: Unisex<\/li>\n<li>Strukturtyp: Ohne Rahmen<\/li>\n<li>Anzahl der Au\u00dfentaschen: Mehrere Taschen + Haupttankfach<\/li>\n<\/ul>\n<p>&nbsp;<\/p>\n","protected":false},"excerpt":{"rendered":"<p>Machen Sie sich auf den Weg zu Ihrem n\u00e4chsten Trailrun mit der bequemen und unglaublich funktionellen Nathan VaporKrar 4L Trinkweste. Diese Weste wurde mit Hilfe des Ultra-L\u00e4ufer-Champions und renommierten Minimalisten Rob Krar entworfen, um sicherzustellen, dass sie den Bed\u00fcrfnissen ernsthafter Trailrunner gerecht wird. Haupteigenschaften Kleidungs\u00e4hnliche Passform: Hergestellt aus leichten, atmungsaktiven Materialien und laserperforierten L\u00f6chern f\u00fcr &hellip; <a href=\"https:\/\/www.miomiorun.com\/de\/produkt\/vaporkrar-2-0-4l\/\">Continued<\/a><\/p>\n","protected":false},"featured_media":170284,"template":"","meta":{"_acf_changed":false,"inline_featured_image":false},"product_brand":[],"product_cat":[6342,6396,6398],"product_tag":[3383,6258],"class_list":{"0":"post-173321","1":"product","2":"type-product","3":"status-publish","4":"has-post-thumbnail","6":"product_cat-zubehoer","7":"product_cat-taschen-und-guertel-de","8":"product_cat-taschen-de","9":"product_tag-nathan-de","10":"product_tag-nathan-damen-de","11":"pa_attivita-outdoor-de","12":"pa_attivita-trail-de","13":"pa_marca-nathan-de","14":"pa_sesso-damen","15":"pa_sesso-herren","16":"pa_size-medium-de","17":"pa_size-large-de","18":"pa_size-extra-large-de","20":"first","21":"instock","22":"sale","23":"taxable","24":"shipping-taxable","25":"purchasable","26":"product-type-variable","27":"wvs-archive-product-wrapper"},"acf":[],"yoast_head":"<!-- This site is optimized with the Yoast SEO plugin v26.8 - https:\/\/yoast.com\/product\/yoast-seo-wordpress\/ -->\n<title>Nathan VaporKrar 2.0 4L - Laufrucksack - MioMioRun<\/title>\n<meta name=\"description\" content=\"Nathan VaporKrar 4L Trinkweste: Leicht, bequem, mit 12-Unzen-Flasche und zahlreichen Taschen. Perfekt zum Trailrunning.\" \/>\n<meta name=\"robots\" content=\"index, follow, max-snippet:-1, max-image-preview:large, max-video-preview:-1\" \/>\n<link rel=\"canonical\" href=\"https:\/\/www.miomiorun.com\/de\/produkt\/vaporkrar-2-0-4l\/\" \/>\n<meta property=\"og:locale\" content=\"de_DE\" \/>\n<meta property=\"og:type\" content=\"article\" \/>\n<meta property=\"og:title\" content=\"Nathan VaporKrar 2.0 4L - Laufrucksack - MioMioRun\" \/>\n<meta property=\"og:description\" content=\"Nathan VaporKrar 4L Trinkweste: Leicht, bequem, mit 12-Unzen-Flasche und zahlreichen Taschen. Perfekt zum Trailrunning.\" \/>\n<meta property=\"og:url\" content=\"https:\/\/www.miomiorun.com\/de\/produkt\/vaporkrar-2-0-4l\/\" \/>\n<meta property=\"og:site_name\" content=\"MioMioRun\" \/>\n<meta property=\"article:publisher\" content=\"https:\/\/www.facebook.com\/miomiorun\/\" \/>\n<meta property=\"article:modified_time\" content=\"2025-06-01T17:42:10+00:00\" \/>\n<meta property=\"og:image\" content=\"https:\/\/www.miomiorun.com\/app\/uploads\/2024\/05\/nathan-Vapor-Krak-2-4L-dark-slate-firecracker-4735-retro.webp\" \/>\n\t<meta property=\"og:image:width\" content=\"600\" \/>\n\t<meta property=\"og:image:height\" content=\"600\" \/>\n\t<meta property=\"og:image:type\" content=\"image\/webp\" \/>\n<meta name=\"twitter:card\" content=\"summary_large_image\" \/>\n<meta name=\"twitter:label1\" content=\"Est. reading time\" \/>\n\t<meta name=\"twitter:data1\" content=\"1 minute\" \/>\n<script type=\"application\/ld+json\" class=\"yoast-schema-graph\">{\"@context\":\"https:\/\/schema.org\",\"@graph\":[{\"@type\":\"WebPage\",\"@id\":\"https:\/\/www.miomiorun.com\/de\/produkt\/vaporkrar-2-0-4l\/\",\"url\":\"https:\/\/www.miomiorun.com\/de\/produkt\/vaporkrar-2-0-4l\/\",\"name\":\"Nathan VaporKrar 2.0 4L - Laufrucksack - MioMioRun\",\"isPartOf\":{\"@id\":\"https:\/\/www.miomiorun.com\/de\/#website\"},\"primaryImageOfPage\":{\"@id\":\"https:\/\/www.miomiorun.com\/de\/produkt\/vaporkrar-2-0-4l\/#primaryimage\"},\"image\":{\"@id\":\"https:\/\/www.miomiorun.com\/de\/produkt\/vaporkrar-2-0-4l\/#primaryimage\"},\"thumbnailUrl\":\"https:\/\/www.miomiorun.com\/app\/uploads\/2024\/05\/nathan-Vapor-Krak-2-4L-dark-slate-firecracker-4735-retro.webp\",\"datePublished\":\"2024-05-17T10:10:54+00:00\",\"dateModified\":\"2025-06-01T17:42:10+00:00\",\"description\":\"Nathan VaporKrar 4L Trinkweste: Leicht, bequem, mit 12-Unzen-Flasche und zahlreichen Taschen. Perfekt zum Trailrunning.\",\"breadcrumb\":{\"@id\":\"https:\/\/www.miomiorun.com\/de\/produkt\/vaporkrar-2-0-4l\/#breadcrumb\"},\"inLanguage\":\"de-DE\",\"potentialAction\":[{\"@type\":\"ReadAction\",\"target\":[\"https:\/\/www.miomiorun.com\/de\/produkt\/vaporkrar-2-0-4l\/\"]}]},{\"@type\":\"ImageObject\",\"inLanguage\":\"de-DE\",\"@id\":\"https:\/\/www.miomiorun.com\/de\/produkt\/vaporkrar-2-0-4l\/#primaryimage\",\"url\":\"https:\/\/www.miomiorun.com\/app\/uploads\/2024\/05\/nathan-Vapor-Krak-2-4L-dark-slate-firecracker-4735-retro.webp\",\"contentUrl\":\"https:\/\/www.miomiorun.com\/app\/uploads\/2024\/05\/nathan-Vapor-Krak-2-4L-dark-slate-firecracker-4735-retro.webp\",\"width\":600,\"height\":600,\"caption\":\"nathan Vapor Krak 2 4L dark slate firecracker 4735 retro\"},{\"@type\":\"BreadcrumbList\",\"@id\":\"https:\/\/www.miomiorun.com\/de\/produkt\/vaporkrar-2-0-4l\/#breadcrumb\",\"itemListElement\":[{\"@type\":\"ListItem\",\"position\":1,\"name\":\"Home\",\"item\":\"https:\/\/www.miomiorun.com\/de\/\"},{\"@type\":\"ListItem\",\"position\":2,\"name\":\"Shop\",\"item\":\"https:\/\/www.miomiorun.com\/shop\/\"},{\"@type\":\"ListItem\",\"position\":3,\"name\":\"VaporKrar 2.0 4L\"}]},{\"@type\":\"WebSite\",\"@id\":\"https:\/\/www.miomiorun.com\/de\/#website\",\"url\":\"https:\/\/www.miomiorun.com\/de\/\",\"name\":\"MioMioRun\",\"description\":\"100% Lauf- und Trailshop\",\"publisher\":{\"@id\":\"https:\/\/www.miomiorun.com\/de\/#organization\"},\"potentialAction\":[{\"@type\":\"SearchAction\",\"target\":{\"@type\":\"EntryPoint\",\"urlTemplate\":\"https:\/\/www.miomiorun.com\/de\/?s={search_term_string}\"},\"query-input\":{\"@type\":\"PropertyValueSpecification\",\"valueRequired\":true,\"valueName\":\"search_term_string\"}}],\"inLanguage\":\"de-DE\"},{\"@type\":\"Organization\",\"@id\":\"https:\/\/www.miomiorun.com\/de\/#organization\",\"name\":\"MioMio Run\",\"url\":\"https:\/\/www.miomiorun.com\/de\/\",\"logo\":{\"@type\":\"ImageObject\",\"inLanguage\":\"de-DE\",\"@id\":\"https:\/\/www.miomiorun.com\/de\/#\/schema\/logo\/image\/\",\"url\":\"https:\/\/www.miomiorun.com\/app\/uploads\/2019\/12\/logomio.png\",\"contentUrl\":\"https:\/\/www.miomiorun.com\/app\/uploads\/2019\/12\/logomio.png\",\"width\":115,\"height\":82,\"caption\":\"MioMio Run\"},\"image\":{\"@id\":\"https:\/\/www.miomiorun.com\/de\/#\/schema\/logo\/image\/\"},\"sameAs\":[\"https:\/\/www.facebook.com\/miomiorun\/\",\"https:\/\/www.instagram.com\/miomiorun\/\"]}]}<\/script>\n<!-- \/ Yoast SEO plugin. -->","yoast_head_json":{"title":"Nathan VaporKrar 2.0 4L - Laufrucksack - MioMioRun","description":"Nathan VaporKrar 4L Trinkweste: Leicht, bequem, mit 12-Unzen-Flasche und zahlreichen Taschen. Perfekt zum Trailrunning.","robots":{"index":"index","follow":"follow","max-snippet":"max-snippet:-1","max-image-preview":"max-image-preview:large","max-video-preview":"max-video-preview:-1"},"canonical":"https:\/\/www.miomiorun.com\/de\/produkt\/vaporkrar-2-0-4l\/","og_locale":"de_DE","og_type":"article","og_title":"Nathan VaporKrar 2.0 4L - Laufrucksack - MioMioRun","og_description":"Nathan VaporKrar 4L Trinkweste: Leicht, bequem, mit 12-Unzen-Flasche und zahlreichen Taschen. Perfekt zum Trailrunning.","og_url":"https:\/\/www.miomiorun.com\/de\/produkt\/vaporkrar-2-0-4l\/","og_site_name":"MioMioRun","article_publisher":"https:\/\/www.facebook.com\/miomiorun\/","article_modified_time":"2025-06-01T17:42:10+00:00","og_image":[{"width":600,"height":600,"url":"https:\/\/www.miomiorun.com\/app\/uploads\/2024\/05\/nathan-Vapor-Krak-2-4L-dark-slate-firecracker-4735-retro.webp","type":"image\/webp"}],"twitter_card":"summary_large_image","twitter_misc":{"Est. reading time":"1 minute"},"schema":{"@context":"https:\/\/schema.org","@graph":[{"@type":"WebPage","@id":"https:\/\/www.miomiorun.com\/de\/produkt\/vaporkrar-2-0-4l\/","url":"https:\/\/www.miomiorun.com\/de\/produkt\/vaporkrar-2-0-4l\/","name":"Nathan VaporKrar 2.0 4L - Laufrucksack - MioMioRun","isPartOf":{"@id":"https:\/\/www.miomiorun.com\/de\/#website"},"primaryImageOfPage":{"@id":"https:\/\/www.miomiorun.com\/de\/produkt\/vaporkrar-2-0-4l\/#primaryimage"},"image":{"@id":"https:\/\/www.miomiorun.com\/de\/produkt\/vaporkrar-2-0-4l\/#primaryimage"},"thumbnailUrl":"https:\/\/www.miomiorun.com\/app\/uploads\/2024\/05\/nathan-Vapor-Krak-2-4L-dark-slate-firecracker-4735-retro.webp","datePublished":"2024-05-17T10:10:54+00:00","dateModified":"2025-06-01T17:42:10+00:00","description":"Nathan VaporKrar 4L Trinkweste: Leicht, bequem, mit 12-Unzen-Flasche und zahlreichen Taschen. Perfekt zum Trailrunning.","breadcrumb":{"@id":"https:\/\/www.miomiorun.com\/de\/produkt\/vaporkrar-2-0-4l\/#breadcrumb"},"inLanguage":"de-DE","potentialAction":[{"@type":"ReadAction","target":["https:\/\/www.miomiorun.com\/de\/produkt\/vaporkrar-2-0-4l\/"]}]},{"@type":"ImageObject","inLanguage":"de-DE","@id":"https:\/\/www.miomiorun.com\/de\/produkt\/vaporkrar-2-0-4l\/#primaryimage","url":"https:\/\/www.miomiorun.com\/app\/uploads\/2024\/05\/nathan-Vapor-Krak-2-4L-dark-slate-firecracker-4735-retro.webp","contentUrl":"https:\/\/www.miomiorun.com\/app\/uploads\/2024\/05\/nathan-Vapor-Krak-2-4L-dark-slate-firecracker-4735-retro.webp","width":600,"height":600,"caption":"nathan Vapor Krak 2 4L dark slate firecracker 4735 retro"},{"@type":"BreadcrumbList","@id":"https:\/\/www.miomiorun.com\/de\/produkt\/vaporkrar-2-0-4l\/#breadcrumb","itemListElement":[{"@type":"ListItem","position":1,"name":"Home","item":"https:\/\/www.miomiorun.com\/de\/"},{"@type":"ListItem","position":2,"name":"Shop","item":"https:\/\/www.miomiorun.com\/shop\/"},{"@type":"ListItem","position":3,"name":"VaporKrar 2.0 4L"}]},{"@type":"WebSite","@id":"https:\/\/www.miomiorun.com\/de\/#website","url":"https:\/\/www.miomiorun.com\/de\/","name":"MioMioRun","description":"100% Lauf- und Trailshop","publisher":{"@id":"https:\/\/www.miomiorun.com\/de\/#organization"},"potentialAction":[{"@type":"SearchAction","target":{"@type":"EntryPoint","urlTemplate":"https:\/\/www.miomiorun.com\/de\/?s={search_term_string}"},"query-input":{"@type":"PropertyValueSpecification","valueRequired":true,"valueName":"search_term_string"}}],"inLanguage":"de-DE"},{"@type":"Organization","@id":"https:\/\/www.miomiorun.com\/de\/#organization","name":"MioMio Run","url":"https:\/\/www.miomiorun.com\/de\/","logo":{"@type":"ImageObject","inLanguage":"de-DE","@id":"https:\/\/www.miomiorun.com\/de\/#\/schema\/logo\/image\/","url":"https:\/\/www.miomiorun.com\/app\/uploads\/2019\/12\/logomio.png","contentUrl":"https:\/\/www.miomiorun.com\/app\/uploads\/2019\/12\/logomio.png","width":115,"height":82,"caption":"MioMio Run"},"image":{"@id":"https:\/\/www.miomiorun.com\/de\/#\/schema\/logo\/image\/"},"sameAs":["https:\/\/www.facebook.com\/miomiorun\/","https:\/\/www.instagram.com\/miomiorun\/"]}]}},"_links":{"self":[{"href":"https:\/\/www.miomiorun.com\/de\/wp-json\/wp\/v2\/product\/173321","targetHints":{"allow":["GET"]}}],"collection":[{"href":"https:\/\/www.miomiorun.com\/de\/wp-json\/wp\/v2\/product"}],"about":[{"href":"https:\/\/www.miomiorun.com\/de\/wp-json\/wp\/v2\/types\/product"}],"wp:featuredmedia":[{"embeddable":true,"href":"https:\/\/www.miomiorun.com\/de\/wp-json\/wp\/v2\/media\/170284"}],"wp:attachment":[{"href":"https:\/\/www.miomiorun.com\/de\/wp-json\/wp\/v2\/media?parent=173321"}],"wp:term":[{"taxonomy":"product_brand","embeddable":true,"href":"https:\/\/www.miomiorun.com\/de\/wp-json\/wp\/v2\/product_brand?post=173321"},{"taxonomy":"product_cat","embeddable":true,"href":"https:\/\/www.miomiorun.com\/de\/wp-json\/wp\/v2\/product_cat?post=173321"},{"taxonomy":"product_tag","embeddable":true,"href":"https:\/\/www.miomiorun.com\/de\/wp-json\/wp\/v2\/product_tag?post=173321"}],"curies":[{"name":"wp","href":"https:\/\/api.w.org\/{rel}","templated":true}]}}