{"id":173264,"date":"2021-08-26T12:15:39","date_gmt":"2021-08-26T10:15:39","guid":{"rendered":"https:\/\/miomiorun.com\/prodotto\/craft-hybrid-weather-gloves\/"},"modified":"2024-05-29T18:41:25","modified_gmt":"2024-05-29T16:41:25","slug":"hybrid-weather-handschuhe","status":"publish","type":"product","link":"https:\/\/www.miomiorun.com\/de\/produkt\/hybrid-weather-handschuhe\/","title":{"rendered":"Hybrid Weather Handschuhe"},"content":{"rendered":"<p>Die <strong>Hybrid Weather Gloves<\/strong> sind vielseitige Rennhandschuhe.<\/p>\n<p>Sie eignen sich perfekt zum Laufen bei k\u00e4lteren Bedingungen.<\/p>\n<p>Der Silikondruck auf der Handfl\u00e4che sorgt f\u00fcr Halt und eignet sich f\u00fcr alle Sportarten, bei denen es darum geht, etwas in den H\u00e4nden zu halten. Die Handschuhe sind wasserabweisend und winddicht. Das Material ist leicht und elastisch.<\/p>\n<p><strong>Eigenschaften<\/strong><\/p>\n<ul>\n<li>Vielseitige Rennhandschuhe.<\/li>\n<li>Silikondruck auf der Handfl\u00e4che f\u00fcr besseren Halt.<\/li>\n<li>Wasserabweisende Handschuhe.<\/li>\n<li>Winddicht.<\/li>\n<li>Hergestellt aus leichtem und elastischem Material.<\/li>\n<\/ul>\n<p dir=\"ltr\" data-placeholder=\"Traduzione\">\n","protected":false},"excerpt":{"rendered":"<p>Die Hybrid Weather Gloves sind vielseitige Rennhandschuhe. Sie eignen sich perfekt zum Laufen bei k\u00e4lteren Bedingungen. Der Silikondruck auf der Handfl\u00e4che sorgt f\u00fcr Halt und eignet sich f\u00fcr alle Sportarten, bei denen es darum geht, etwas in den H\u00e4nden zu halten. Die Handschuhe sind wasserabweisend und winddicht. Das Material ist leicht und elastisch. Eigenschaften Vielseitige &hellip; <a href=\"https:\/\/www.miomiorun.com\/de\/produkt\/hybrid-weather-handschuhe\/\">Continued<\/a><\/p>\n","protected":false},"featured_media":57822,"template":"","meta":{"_acf_changed":false,"inline_featured_image":false},"product_brand":[],"product_cat":[6342,6375],"product_tag":[6304],"class_list":{"0":"post-173264","1":"product","2":"type-product","3":"status-publish","4":"has-post-thumbnail","6":"product_cat-zubehoer","7":"product_cat-laufhandschuhe-zubehoer-2-de","8":"product_tag-craft-de","9":"pa_attivita-gehen","10":"pa_attivita-running-de","11":"pa_marca-craft-de","12":"pa_sesso-damen","13":"pa_sesso-herren","14":"pa_size-extra-small-de","15":"pa_size-medium-de","16":"pa_size-extra-large-de","18":"first","19":"instock","20":"sale","21":"taxable","22":"shipping-taxable","23":"purchasable","24":"product-type-variable","25":"wvs-archive-product-wrapper"},"acf":[],"yoast_head":"<!-- This site is optimized with the Yoast SEO plugin v26.8 - https:\/\/yoast.com\/product\/yoast-seo-wordpress\/ -->\n<title>CraftHybrid Weather Handschuhe - Laufhandschuhe - MioMioRun.com<\/title>\n<meta name=\"description\" content=\"Die Hybrid Weather Gloves sind vielseitige Rennhandschuhe. Sie eignen sich perfekt zum Laufen bei k\u00e4lteren Bedingungen.\" \/>\n<meta name=\"robots\" content=\"index, follow, max-snippet:-1, max-image-preview:large, max-video-preview:-1\" \/>\n<link rel=\"canonical\" href=\"https:\/\/www.miomiorun.com\/de\/produkt\/hybrid-weather-handschuhe\/\" \/>\n<meta property=\"og:locale\" content=\"de_DE\" \/>\n<meta property=\"og:type\" content=\"article\" \/>\n<meta property=\"og:title\" content=\"CraftHybrid Weather Handschuhe - Laufhandschuhe - MioMioRun.com\" \/>\n<meta property=\"og:description\" content=\"Die Hybrid Weather Gloves sind vielseitige Rennhandschuhe. Sie eignen sich perfekt zum Laufen bei k\u00e4lteren Bedingungen.\" \/>\n<meta property=\"og:url\" content=\"https:\/\/www.miomiorun.com\/de\/produkt\/hybrid-weather-handschuhe\/\" \/>\n<meta property=\"og:site_name\" content=\"MioMioRun\" \/>\n<meta property=\"article:publisher\" content=\"https:\/\/www.facebook.com\/miomiorun\/\" \/>\n<meta property=\"article:modified_time\" content=\"2024-05-29T16:41:25+00:00\" \/>\n<meta property=\"og:image\" content=\"https:\/\/www.miomiorun.com\/app\/uploads\/2021\/08\/craft-Hybrid-weather-glove-1903014-9999.jpg\" \/>\n\t<meta property=\"og:image:width\" content=\"600\" \/>\n\t<meta property=\"og:image:height\" content=\"600\" \/>\n\t<meta property=\"og:image:type\" content=\"image\/jpeg\" \/>\n<meta name=\"twitter:card\" content=\"summary_large_image\" \/>\n<script type=\"application\/ld+json\" class=\"yoast-schema-graph\">{\"@context\":\"https:\/\/schema.org\",\"@graph\":[{\"@type\":\"WebPage\",\"@id\":\"https:\/\/www.miomiorun.com\/de\/produkt\/hybrid-weather-handschuhe\/\",\"url\":\"https:\/\/www.miomiorun.com\/de\/produkt\/hybrid-weather-handschuhe\/\",\"name\":\"CraftHybrid Weather Handschuhe - Laufhandschuhe - MioMioRun.com\",\"isPartOf\":{\"@id\":\"https:\/\/www.miomiorun.com\/de\/#website\"},\"primaryImageOfPage\":{\"@id\":\"https:\/\/www.miomiorun.com\/de\/produkt\/hybrid-weather-handschuhe\/#primaryimage\"},\"image\":{\"@id\":\"https:\/\/www.miomiorun.com\/de\/produkt\/hybrid-weather-handschuhe\/#primaryimage\"},\"thumbnailUrl\":\"https:\/\/www.miomiorun.com\/app\/uploads\/2021\/08\/craft-Hybrid-weather-glove-1903014-9999.jpg\",\"datePublished\":\"2021-08-26T10:15:39+00:00\",\"dateModified\":\"2024-05-29T16:41:25+00:00\",\"description\":\"Die Hybrid Weather Gloves sind vielseitige Rennhandschuhe. Sie eignen sich perfekt zum Laufen bei k\u00e4lteren Bedingungen.\",\"breadcrumb\":{\"@id\":\"https:\/\/www.miomiorun.com\/de\/produkt\/hybrid-weather-handschuhe\/#breadcrumb\"},\"inLanguage\":\"de-DE\",\"potentialAction\":[{\"@type\":\"ReadAction\",\"target\":[\"https:\/\/www.miomiorun.com\/de\/produkt\/hybrid-weather-handschuhe\/\"]}]},{\"@type\":\"ImageObject\",\"inLanguage\":\"de-DE\",\"@id\":\"https:\/\/www.miomiorun.com\/de\/produkt\/hybrid-weather-handschuhe\/#primaryimage\",\"url\":\"https:\/\/www.miomiorun.com\/app\/uploads\/2021\/08\/craft-Hybrid-weather-glove-1903014-9999.jpg\",\"contentUrl\":\"https:\/\/www.miomiorun.com\/app\/uploads\/2021\/08\/craft-Hybrid-weather-glove-1903014-9999.jpg\",\"width\":600,\"height\":600,\"caption\":\"craft hybrid weather glove\"},{\"@type\":\"BreadcrumbList\",\"@id\":\"https:\/\/www.miomiorun.com\/de\/produkt\/hybrid-weather-handschuhe\/#breadcrumb\",\"itemListElement\":[{\"@type\":\"ListItem\",\"position\":1,\"name\":\"Home\",\"item\":\"https:\/\/www.miomiorun.com\/de\/\"},{\"@type\":\"ListItem\",\"position\":2,\"name\":\"Shop\",\"item\":\"https:\/\/www.miomiorun.com\/shop\/\"},{\"@type\":\"ListItem\",\"position\":3,\"name\":\"Hybrid Weather Handschuhe\"}]},{\"@type\":\"WebSite\",\"@id\":\"https:\/\/www.miomiorun.com\/de\/#website\",\"url\":\"https:\/\/www.miomiorun.com\/de\/\",\"name\":\"MioMioRun\",\"description\":\"100% Lauf- und Trailshop\",\"publisher\":{\"@id\":\"https:\/\/www.miomiorun.com\/de\/#organization\"},\"potentialAction\":[{\"@type\":\"SearchAction\",\"target\":{\"@type\":\"EntryPoint\",\"urlTemplate\":\"https:\/\/www.miomiorun.com\/de\/?s={search_term_string}\"},\"query-input\":{\"@type\":\"PropertyValueSpecification\",\"valueRequired\":true,\"valueName\":\"search_term_string\"}}],\"inLanguage\":\"de-DE\"},{\"@type\":\"Organization\",\"@id\":\"https:\/\/www.miomiorun.com\/de\/#organization\",\"name\":\"MioMio Run\",\"url\":\"https:\/\/www.miomiorun.com\/de\/\",\"logo\":{\"@type\":\"ImageObject\",\"inLanguage\":\"de-DE\",\"@id\":\"https:\/\/www.miomiorun.com\/de\/#\/schema\/logo\/image\/\",\"url\":\"https:\/\/www.miomiorun.com\/app\/uploads\/2019\/12\/logomio.png\",\"contentUrl\":\"https:\/\/www.miomiorun.com\/app\/uploads\/2019\/12\/logomio.png\",\"width\":115,\"height\":82,\"caption\":\"MioMio Run\"},\"image\":{\"@id\":\"https:\/\/www.miomiorun.com\/de\/#\/schema\/logo\/image\/\"},\"sameAs\":[\"https:\/\/www.facebook.com\/miomiorun\/\",\"https:\/\/www.instagram.com\/miomiorun\/\"]}]}<\/script>\n<!-- \/ Yoast SEO plugin. -->","yoast_head_json":{"title":"CraftHybrid Weather Handschuhe - Laufhandschuhe - MioMioRun.com","description":"Die Hybrid Weather Gloves sind vielseitige Rennhandschuhe. Sie eignen sich perfekt zum Laufen bei k\u00e4lteren Bedingungen.","robots":{"index":"index","follow":"follow","max-snippet":"max-snippet:-1","max-image-preview":"max-image-preview:large","max-video-preview":"max-video-preview:-1"},"canonical":"https:\/\/www.miomiorun.com\/de\/produkt\/hybrid-weather-handschuhe\/","og_locale":"de_DE","og_type":"article","og_title":"CraftHybrid Weather Handschuhe - Laufhandschuhe - MioMioRun.com","og_description":"Die Hybrid Weather Gloves sind vielseitige Rennhandschuhe. Sie eignen sich perfekt zum Laufen bei k\u00e4lteren Bedingungen.","og_url":"https:\/\/www.miomiorun.com\/de\/produkt\/hybrid-weather-handschuhe\/","og_site_name":"MioMioRun","article_publisher":"https:\/\/www.facebook.com\/miomiorun\/","article_modified_time":"2024-05-29T16:41:25+00:00","og_image":[{"width":600,"height":600,"url":"https:\/\/www.miomiorun.com\/app\/uploads\/2021\/08\/craft-Hybrid-weather-glove-1903014-9999.jpg","type":"image\/jpeg"}],"twitter_card":"summary_large_image","schema":{"@context":"https:\/\/schema.org","@graph":[{"@type":"WebPage","@id":"https:\/\/www.miomiorun.com\/de\/produkt\/hybrid-weather-handschuhe\/","url":"https:\/\/www.miomiorun.com\/de\/produkt\/hybrid-weather-handschuhe\/","name":"CraftHybrid Weather Handschuhe - Laufhandschuhe - MioMioRun.com","isPartOf":{"@id":"https:\/\/www.miomiorun.com\/de\/#website"},"primaryImageOfPage":{"@id":"https:\/\/www.miomiorun.com\/de\/produkt\/hybrid-weather-handschuhe\/#primaryimage"},"image":{"@id":"https:\/\/www.miomiorun.com\/de\/produkt\/hybrid-weather-handschuhe\/#primaryimage"},"thumbnailUrl":"https:\/\/www.miomiorun.com\/app\/uploads\/2021\/08\/craft-Hybrid-weather-glove-1903014-9999.jpg","datePublished":"2021-08-26T10:15:39+00:00","dateModified":"2024-05-29T16:41:25+00:00","description":"Die Hybrid Weather Gloves sind vielseitige Rennhandschuhe. Sie eignen sich perfekt zum Laufen bei k\u00e4lteren Bedingungen.","breadcrumb":{"@id":"https:\/\/www.miomiorun.com\/de\/produkt\/hybrid-weather-handschuhe\/#breadcrumb"},"inLanguage":"de-DE","potentialAction":[{"@type":"ReadAction","target":["https:\/\/www.miomiorun.com\/de\/produkt\/hybrid-weather-handschuhe\/"]}]},{"@type":"ImageObject","inLanguage":"de-DE","@id":"https:\/\/www.miomiorun.com\/de\/produkt\/hybrid-weather-handschuhe\/#primaryimage","url":"https:\/\/www.miomiorun.com\/app\/uploads\/2021\/08\/craft-Hybrid-weather-glove-1903014-9999.jpg","contentUrl":"https:\/\/www.miomiorun.com\/app\/uploads\/2021\/08\/craft-Hybrid-weather-glove-1903014-9999.jpg","width":600,"height":600,"caption":"craft hybrid weather glove"},{"@type":"BreadcrumbList","@id":"https:\/\/www.miomiorun.com\/de\/produkt\/hybrid-weather-handschuhe\/#breadcrumb","itemListElement":[{"@type":"ListItem","position":1,"name":"Home","item":"https:\/\/www.miomiorun.com\/de\/"},{"@type":"ListItem","position":2,"name":"Shop","item":"https:\/\/www.miomiorun.com\/shop\/"},{"@type":"ListItem","position":3,"name":"Hybrid Weather Handschuhe"}]},{"@type":"WebSite","@id":"https:\/\/www.miomiorun.com\/de\/#website","url":"https:\/\/www.miomiorun.com\/de\/","name":"MioMioRun","description":"100% Lauf- und Trailshop","publisher":{"@id":"https:\/\/www.miomiorun.com\/de\/#organization"},"potentialAction":[{"@type":"SearchAction","target":{"@type":"EntryPoint","urlTemplate":"https:\/\/www.miomiorun.com\/de\/?s={search_term_string}"},"query-input":{"@type":"PropertyValueSpecification","valueRequired":true,"valueName":"search_term_string"}}],"inLanguage":"de-DE"},{"@type":"Organization","@id":"https:\/\/www.miomiorun.com\/de\/#organization","name":"MioMio Run","url":"https:\/\/www.miomiorun.com\/de\/","logo":{"@type":"ImageObject","inLanguage":"de-DE","@id":"https:\/\/www.miomiorun.com\/de\/#\/schema\/logo\/image\/","url":"https:\/\/www.miomiorun.com\/app\/uploads\/2019\/12\/logomio.png","contentUrl":"https:\/\/www.miomiorun.com\/app\/uploads\/2019\/12\/logomio.png","width":115,"height":82,"caption":"MioMio Run"},"image":{"@id":"https:\/\/www.miomiorun.com\/de\/#\/schema\/logo\/image\/"},"sameAs":["https:\/\/www.facebook.com\/miomiorun\/","https:\/\/www.instagram.com\/miomiorun\/"]}]}},"_links":{"self":[{"href":"https:\/\/www.miomiorun.com\/de\/wp-json\/wp\/v2\/product\/173264","targetHints":{"allow":["GET"]}}],"collection":[{"href":"https:\/\/www.miomiorun.com\/de\/wp-json\/wp\/v2\/product"}],"about":[{"href":"https:\/\/www.miomiorun.com\/de\/wp-json\/wp\/v2\/types\/product"}],"wp:featuredmedia":[{"embeddable":true,"href":"https:\/\/www.miomiorun.com\/de\/wp-json\/wp\/v2\/media\/57822"}],"wp:attachment":[{"href":"https:\/\/www.miomiorun.com\/de\/wp-json\/wp\/v2\/media?parent=173264"}],"wp:term":[{"taxonomy":"product_brand","embeddable":true,"href":"https:\/\/www.miomiorun.com\/de\/wp-json\/wp\/v2\/product_brand?post=173264"},{"taxonomy":"product_cat","embeddable":true,"href":"https:\/\/www.miomiorun.com\/de\/wp-json\/wp\/v2\/product_cat?post=173264"},{"taxonomy":"product_tag","embeddable":true,"href":"https:\/\/www.miomiorun.com\/de\/wp-json\/wp\/v2\/product_tag?post=173264"}],"curies":[{"name":"wp","href":"https:\/\/api.w.org\/{rel}","templated":true}]}}