{"id":173230,"date":"2021-11-03T10:38:35","date_gmt":"2021-11-03T09:38:35","guid":{"rendered":"https:\/\/miomiorun.com\/prodotto\/leki-hs-nordic-race-premium\/"},"modified":"2026-05-08T21:19:48","modified_gmt":"2026-05-08T19:19:48","slug":"leki-hs-nordic-race-premium","status":"publish","type":"product","link":"https:\/\/www.miomiorun.com\/de\/produkt\/leki-hs-nordic-race-premium\/","title":{"rendered":"HS Nordic Race Premium"},"content":{"rendered":"<p id=\"tw-target-text\" class=\"tw-data-text tw-text-large XcVN5d tw-ta\" dir=\"ltr\" data-placeholder=\"Traduzione\"><span class=\"Y2IQFc\" lang=\"it\">Die funktionellen Nordic Handschuhe von Leki <strong>NORDIC RACE PREMIUM <\/strong>bieten alles, was ein Nordic Handschuh perfekt bieten kann. Das Soft Span Obermaterial ist durch seinen 4-Wege-Stretch hochelastisch und macht jede Bewegung der Hand m\u00fchelos mit. Die Innenhand ist aus hochwertigem Premium-Ziegenleder gefertigt. Das Leder ist extrem elastisch und hat einen zuverl\u00e4ssigen Grip. Das <strong>Gore-Tex Infinium\u2122<\/strong> Futter garantiert durch seine Atmungsaktivit\u00e4t und Winddichtigkeit ein ideales Handklima. Das <strong>Flex Cuff System<\/strong> erm\u00f6glicht ein einfaches An- und Ausziehen sowie eine optimale Passform am Handgelenk. <\/span><\/p>\n<p class=\"tw-data-text tw-text-large XcVN5d tw-ta\" dir=\"ltr\" data-placeholder=\"Traduzione\"><span class=\"Y2IQFc\" lang=\"it\">Damit ist die Nordic Race Premium von LEKI ideal f\u00fcr ambitionierte Sportler in Training und Wettkampf.<\/span><\/p>\n<p dir=\"ltr\" data-placeholder=\"Traduzione\"><strong>Eigenschaften:<\/strong><\/p>\n<p class=\"tw-data-text tw-text-large XcVN5d tw-ta\" dir=\"ltr\" data-placeholder=\"Traduzione\"><span class=\"Y2IQFc\" lang=\"it\"><strong> Flexibles B\u00fcndchen<\/strong>:<\/span><span class=\"Y2IQFc\" lang=\"it\">Flexibles Neoprenb\u00fcndchen f\u00fcr einfaches An- und Ausziehen und zur idealen individuellen Anpassung im Handgelenksbereich.<\/span><\/p>\n<p class=\"tw-data-text tw-text-large XcVN5d tw-ta\" dir=\"ltr\" data-placeholder=\"Traduzione\"><span class=\"Y2IQFc\" lang=\"it\"><strong> Premium-Ziegenleder:<\/strong> hochwertiges, strapazierf\u00e4higes Ziegenleder f\u00fcr beste Griffigkeit und Elastizit\u00e4t.<\/span><\/p>\n<p class=\"tw-data-text tw-text-large XcVN5d tw-ta\" dir=\"ltr\" data-placeholder=\"Traduzione\"><span class=\"Y2IQFc\" lang=\"it\"><strong> Gore-Tex Infinium \u2122 Windstopper\u00ae:<\/strong> Gore-gekennzeichnetes Laminatfutter, dauerhaft winddicht und hoch atmungsaktiv, angenehm weich und warm.<\/span><\/p>\n<p class=\"tw-data-text tw-text-large XcVN5d tw-ta\" dir=\"ltr\" data-placeholder=\"Traduzione\"><span class=\"Y2IQFc\" lang=\"it\"><strong> Micro Bemberg:<\/strong> wasserabweisend, schnelltrocknend, angenehm weich und warm.<\/span><\/p>\n<p class=\"tw-data-text tw-text-large XcVN5d tw-ta\" dir=\"ltr\" data-placeholder=\"Traduzione\"><span class=\"Y2IQFc\" lang=\"it\"><strong> Nordic Race Fit:<\/strong> schmaler Schnitt mit starker Vorkr\u00fcmmung f\u00fcr maximalen Grip.<\/span><\/p>\n","protected":false},"excerpt":{"rendered":"<p><span style=\"font-weight: 400;\">\u00a0<\/span><\/p>\n<p>&nbsp;<\/p>\n","protected":false},"featured_media":59454,"template":"","meta":{"_acf_changed":false,"inline_featured_image":false},"product_brand":[],"product_cat":[6342,6375],"product_tag":[6250,6253,6303],"class_list":{"0":"post-173230","1":"product","2":"type-product","3":"status-publish","4":"has-post-thumbnail","6":"product_cat-zubehoer","7":"product_cat-laufhandschuhe-zubehoer-2-de","8":"product_tag-leki-de","9":"product_tag-leki-damen-de","10":"product_tag-leki-herren-de","11":"pa_attivita-outdoor-de","12":"pa_marca-leki-de","13":"pa_sesso-damen","14":"pa_sesso-herren","15":"pa_size-7-de","16":"pa_size-7-5-de","17":"pa_size-9-de","18":"pa_size-9-5-de","19":"pa_size-10-de","21":"first","22":"instock","23":"sale","24":"taxable","25":"shipping-taxable","26":"purchasable","27":"product-type-variable","28":"wvs-archive-product-wrapper"},"acf":[],"yoast_head":"<!-- This site is optimized with the Yoast SEO plugin v26.8 - https:\/\/yoast.com\/product\/yoast-seo-wordpress\/ -->\n<title>HS Nordic Race Premium - Laufhandschuhe - MioMioRun<\/title>\n<meta name=\"description\" content=\"Funktionelle nordische Handschuhe von Leki NORDIC RACE PREMIUM bieten Ihnen alles, was ein nordischer Handschuh perfekt bieten kann.\" \/>\n<meta name=\"robots\" content=\"index, follow, max-snippet:-1, max-image-preview:large, max-video-preview:-1\" \/>\n<link rel=\"canonical\" href=\"https:\/\/www.miomiorun.com\/de\/produkt\/leki-hs-nordic-race-premium\/\" \/>\n<meta property=\"og:locale\" content=\"de_DE\" \/>\n<meta property=\"og:type\" content=\"article\" \/>\n<meta property=\"og:title\" content=\"HS Nordic Race Premium - Laufhandschuhe - MioMioRun\" \/>\n<meta property=\"og:description\" content=\"Funktionelle nordische Handschuhe von Leki NORDIC RACE PREMIUM bieten Ihnen alles, was ein nordischer Handschuh perfekt bieten kann.\" \/>\n<meta property=\"og:url\" content=\"https:\/\/www.miomiorun.com\/de\/produkt\/leki-hs-nordic-race-premium\/\" \/>\n<meta property=\"og:site_name\" content=\"MioMioRun\" \/>\n<meta property=\"article:publisher\" content=\"https:\/\/www.facebook.com\/miomiorun\/\" \/>\n<meta property=\"article:modified_time\" content=\"2026-05-08T19:19:48+00:00\" \/>\n<meta property=\"og:image\" content=\"https:\/\/www.miomiorun.com\/app\/uploads\/2021\/11\/leki-HS-Nordic-Race-Premium-65190330.jpg\" \/>\n\t<meta property=\"og:image:width\" content=\"600\" \/>\n\t<meta property=\"og:image:height\" content=\"600\" \/>\n\t<meta property=\"og:image:type\" content=\"image\/jpeg\" \/>\n<meta name=\"twitter:card\" content=\"summary_large_image\" \/>\n<meta name=\"twitter:label1\" content=\"Est. reading time\" \/>\n\t<meta name=\"twitter:data1\" content=\"1 minute\" \/>\n<script type=\"application\/ld+json\" class=\"yoast-schema-graph\">{\"@context\":\"https:\/\/schema.org\",\"@graph\":[{\"@type\":\"WebPage\",\"@id\":\"https:\/\/www.miomiorun.com\/de\/produkt\/leki-hs-nordic-race-premium\/\",\"url\":\"https:\/\/www.miomiorun.com\/de\/produkt\/leki-hs-nordic-race-premium\/\",\"name\":\"HS Nordic Race Premium - Laufhandschuhe - MioMioRun\",\"isPartOf\":{\"@id\":\"https:\/\/www.miomiorun.com\/de\/#website\"},\"primaryImageOfPage\":{\"@id\":\"https:\/\/www.miomiorun.com\/de\/produkt\/leki-hs-nordic-race-premium\/#primaryimage\"},\"image\":{\"@id\":\"https:\/\/www.miomiorun.com\/de\/produkt\/leki-hs-nordic-race-premium\/#primaryimage\"},\"thumbnailUrl\":\"https:\/\/www.miomiorun.com\/app\/uploads\/2021\/11\/leki-HS-Nordic-Race-Premium-65190330.jpg\",\"datePublished\":\"2021-11-03T09:38:35+00:00\",\"dateModified\":\"2026-05-08T19:19:48+00:00\",\"description\":\"Funktionelle nordische Handschuhe von Leki NORDIC RACE PREMIUM bieten Ihnen alles, was ein nordischer Handschuh perfekt bieten kann.\",\"breadcrumb\":{\"@id\":\"https:\/\/www.miomiorun.com\/de\/produkt\/leki-hs-nordic-race-premium\/#breadcrumb\"},\"inLanguage\":\"de-DE\",\"potentialAction\":[{\"@type\":\"ReadAction\",\"target\":[\"https:\/\/www.miomiorun.com\/de\/produkt\/leki-hs-nordic-race-premium\/\"]}]},{\"@type\":\"ImageObject\",\"inLanguage\":\"de-DE\",\"@id\":\"https:\/\/www.miomiorun.com\/de\/produkt\/leki-hs-nordic-race-premium\/#primaryimage\",\"url\":\"https:\/\/www.miomiorun.com\/app\/uploads\/2021\/11\/leki-HS-Nordic-Race-Premium-65190330.jpg\",\"contentUrl\":\"https:\/\/www.miomiorun.com\/app\/uploads\/2021\/11\/leki-HS-Nordic-Race-Premium-65190330.jpg\",\"width\":600,\"height\":600,\"caption\":\"leki hs nordic race premium\"},{\"@type\":\"BreadcrumbList\",\"@id\":\"https:\/\/www.miomiorun.com\/de\/produkt\/leki-hs-nordic-race-premium\/#breadcrumb\",\"itemListElement\":[{\"@type\":\"ListItem\",\"position\":1,\"name\":\"Home\",\"item\":\"https:\/\/www.miomiorun.com\/de\/\"},{\"@type\":\"ListItem\",\"position\":2,\"name\":\"Shop\",\"item\":\"https:\/\/www.miomiorun.com\/shop\/\"},{\"@type\":\"ListItem\",\"position\":3,\"name\":\"HS Nordic Race Premium\"}]},{\"@type\":\"WebSite\",\"@id\":\"https:\/\/www.miomiorun.com\/de\/#website\",\"url\":\"https:\/\/www.miomiorun.com\/de\/\",\"name\":\"MioMioRun\",\"description\":\"100% Lauf- und Trailshop\",\"publisher\":{\"@id\":\"https:\/\/www.miomiorun.com\/de\/#organization\"},\"potentialAction\":[{\"@type\":\"SearchAction\",\"target\":{\"@type\":\"EntryPoint\",\"urlTemplate\":\"https:\/\/www.miomiorun.com\/de\/?s={search_term_string}\"},\"query-input\":{\"@type\":\"PropertyValueSpecification\",\"valueRequired\":true,\"valueName\":\"search_term_string\"}}],\"inLanguage\":\"de-DE\"},{\"@type\":\"Organization\",\"@id\":\"https:\/\/www.miomiorun.com\/de\/#organization\",\"name\":\"MioMio Run\",\"url\":\"https:\/\/www.miomiorun.com\/de\/\",\"logo\":{\"@type\":\"ImageObject\",\"inLanguage\":\"de-DE\",\"@id\":\"https:\/\/www.miomiorun.com\/de\/#\/schema\/logo\/image\/\",\"url\":\"https:\/\/www.miomiorun.com\/app\/uploads\/2019\/12\/logomio.png\",\"contentUrl\":\"https:\/\/www.miomiorun.com\/app\/uploads\/2019\/12\/logomio.png\",\"width\":115,\"height\":82,\"caption\":\"MioMio Run\"},\"image\":{\"@id\":\"https:\/\/www.miomiorun.com\/de\/#\/schema\/logo\/image\/\"},\"sameAs\":[\"https:\/\/www.facebook.com\/miomiorun\/\",\"https:\/\/www.instagram.com\/miomiorun\/\"]}]}<\/script>\n<!-- \/ Yoast SEO plugin. -->","yoast_head_json":{"title":"HS Nordic Race Premium - Laufhandschuhe - MioMioRun","description":"Funktionelle nordische Handschuhe von Leki NORDIC RACE PREMIUM bieten Ihnen alles, was ein nordischer Handschuh perfekt bieten kann.","robots":{"index":"index","follow":"follow","max-snippet":"max-snippet:-1","max-image-preview":"max-image-preview:large","max-video-preview":"max-video-preview:-1"},"canonical":"https:\/\/www.miomiorun.com\/de\/produkt\/leki-hs-nordic-race-premium\/","og_locale":"de_DE","og_type":"article","og_title":"HS Nordic Race Premium - Laufhandschuhe - MioMioRun","og_description":"Funktionelle nordische Handschuhe von Leki NORDIC RACE PREMIUM bieten Ihnen alles, was ein nordischer Handschuh perfekt bieten kann.","og_url":"https:\/\/www.miomiorun.com\/de\/produkt\/leki-hs-nordic-race-premium\/","og_site_name":"MioMioRun","article_publisher":"https:\/\/www.facebook.com\/miomiorun\/","article_modified_time":"2026-05-08T19:19:48+00:00","og_image":[{"width":600,"height":600,"url":"https:\/\/www.miomiorun.com\/app\/uploads\/2021\/11\/leki-HS-Nordic-Race-Premium-65190330.jpg","type":"image\/jpeg"}],"twitter_card":"summary_large_image","twitter_misc":{"Est. reading time":"1 minute"},"schema":{"@context":"https:\/\/schema.org","@graph":[{"@type":"WebPage","@id":"https:\/\/www.miomiorun.com\/de\/produkt\/leki-hs-nordic-race-premium\/","url":"https:\/\/www.miomiorun.com\/de\/produkt\/leki-hs-nordic-race-premium\/","name":"HS Nordic Race Premium - Laufhandschuhe - MioMioRun","isPartOf":{"@id":"https:\/\/www.miomiorun.com\/de\/#website"},"primaryImageOfPage":{"@id":"https:\/\/www.miomiorun.com\/de\/produkt\/leki-hs-nordic-race-premium\/#primaryimage"},"image":{"@id":"https:\/\/www.miomiorun.com\/de\/produkt\/leki-hs-nordic-race-premium\/#primaryimage"},"thumbnailUrl":"https:\/\/www.miomiorun.com\/app\/uploads\/2021\/11\/leki-HS-Nordic-Race-Premium-65190330.jpg","datePublished":"2021-11-03T09:38:35+00:00","dateModified":"2026-05-08T19:19:48+00:00","description":"Funktionelle nordische Handschuhe von Leki NORDIC RACE PREMIUM bieten Ihnen alles, was ein nordischer Handschuh perfekt bieten kann.","breadcrumb":{"@id":"https:\/\/www.miomiorun.com\/de\/produkt\/leki-hs-nordic-race-premium\/#breadcrumb"},"inLanguage":"de-DE","potentialAction":[{"@type":"ReadAction","target":["https:\/\/www.miomiorun.com\/de\/produkt\/leki-hs-nordic-race-premium\/"]}]},{"@type":"ImageObject","inLanguage":"de-DE","@id":"https:\/\/www.miomiorun.com\/de\/produkt\/leki-hs-nordic-race-premium\/#primaryimage","url":"https:\/\/www.miomiorun.com\/app\/uploads\/2021\/11\/leki-HS-Nordic-Race-Premium-65190330.jpg","contentUrl":"https:\/\/www.miomiorun.com\/app\/uploads\/2021\/11\/leki-HS-Nordic-Race-Premium-65190330.jpg","width":600,"height":600,"caption":"leki hs nordic race premium"},{"@type":"BreadcrumbList","@id":"https:\/\/www.miomiorun.com\/de\/produkt\/leki-hs-nordic-race-premium\/#breadcrumb","itemListElement":[{"@type":"ListItem","position":1,"name":"Home","item":"https:\/\/www.miomiorun.com\/de\/"},{"@type":"ListItem","position":2,"name":"Shop","item":"https:\/\/www.miomiorun.com\/shop\/"},{"@type":"ListItem","position":3,"name":"HS Nordic Race Premium"}]},{"@type":"WebSite","@id":"https:\/\/www.miomiorun.com\/de\/#website","url":"https:\/\/www.miomiorun.com\/de\/","name":"MioMioRun","description":"100% Lauf- und Trailshop","publisher":{"@id":"https:\/\/www.miomiorun.com\/de\/#organization"},"potentialAction":[{"@type":"SearchAction","target":{"@type":"EntryPoint","urlTemplate":"https:\/\/www.miomiorun.com\/de\/?s={search_term_string}"},"query-input":{"@type":"PropertyValueSpecification","valueRequired":true,"valueName":"search_term_string"}}],"inLanguage":"de-DE"},{"@type":"Organization","@id":"https:\/\/www.miomiorun.com\/de\/#organization","name":"MioMio Run","url":"https:\/\/www.miomiorun.com\/de\/","logo":{"@type":"ImageObject","inLanguage":"de-DE","@id":"https:\/\/www.miomiorun.com\/de\/#\/schema\/logo\/image\/","url":"https:\/\/www.miomiorun.com\/app\/uploads\/2019\/12\/logomio.png","contentUrl":"https:\/\/www.miomiorun.com\/app\/uploads\/2019\/12\/logomio.png","width":115,"height":82,"caption":"MioMio Run"},"image":{"@id":"https:\/\/www.miomiorun.com\/de\/#\/schema\/logo\/image\/"},"sameAs":["https:\/\/www.facebook.com\/miomiorun\/","https:\/\/www.instagram.com\/miomiorun\/"]}]}},"_links":{"self":[{"href":"https:\/\/www.miomiorun.com\/de\/wp-json\/wp\/v2\/product\/173230","targetHints":{"allow":["GET"]}}],"collection":[{"href":"https:\/\/www.miomiorun.com\/de\/wp-json\/wp\/v2\/product"}],"about":[{"href":"https:\/\/www.miomiorun.com\/de\/wp-json\/wp\/v2\/types\/product"}],"wp:featuredmedia":[{"embeddable":true,"href":"https:\/\/www.miomiorun.com\/de\/wp-json\/wp\/v2\/media\/59454"}],"wp:attachment":[{"href":"https:\/\/www.miomiorun.com\/de\/wp-json\/wp\/v2\/media?parent=173230"}],"wp:term":[{"taxonomy":"product_brand","embeddable":true,"href":"https:\/\/www.miomiorun.com\/de\/wp-json\/wp\/v2\/product_brand?post=173230"},{"taxonomy":"product_cat","embeddable":true,"href":"https:\/\/www.miomiorun.com\/de\/wp-json\/wp\/v2\/product_cat?post=173230"},{"taxonomy":"product_tag","embeddable":true,"href":"https:\/\/www.miomiorun.com\/de\/wp-json\/wp\/v2\/product_tag?post=173230"}],"curies":[{"name":"wp","href":"https:\/\/api.w.org\/{rel}","templated":true}]}}