{"id":173186,"date":"2021-12-17T16:29:54","date_gmt":"2021-12-17T15:29:54","guid":{"rendered":"https:\/\/miomiorun.com\/prodotto\/craft-adv-lumen-fleece-hybrid-glove\/"},"modified":"2026-05-08T21:17:27","modified_gmt":"2026-05-08T19:17:27","slug":"adv-lumen-fleece-hybrid-handschuhe","status":"publish","type":"product","link":"https:\/\/www.miomiorun.com\/de\/produkt\/adv-lumen-fleece-hybrid-handschuhe\/","title":{"rendered":"Adv Lumen Fleece Hybrid Handschuhe"},"content":{"rendered":"<p>Der <strong>ADV Lumen Fleece Hybrid Glove<\/strong> ist ein 2-in-1-Handschuh mit reflektierenden Details, der f\u00fcr intensives Laufen bei kalten Bedingungen entwickelt wurde. Der Laufhandschuh besteht aus weichem, funktionellem Jersey und verf\u00fcgt \u00fcber einen verdeckten F\u00e4ustling mit reflektierendem Aufdruck, der eine schnelle Anpassung an Temperaturschwankungen erm\u00f6glicht. Dar\u00fcber hinaus verf\u00fcgt der Handschuh \u00fcber reflektierende Aufdrucke an den Fingern und einen intelligenten Schl\u00fcsselhalter in der Handfl\u00e4che.<\/p>\n<p><strong>Lumen<\/strong><\/p>\n<p>Inspiriert von nordischen Bedingungen An einem Ort, an dem die Dunkelheit einen Gro\u00dfteil des Tages dominiert, ist Licht ein lebenswichtiges Gut. Lumen ist von den nordischen Bedingungen inspiriert und schafft einen einzigartigen Stil beim Training im Dunkeln.<\/p>\n<p>&nbsp;<\/p>\n<p><strong>Eigenschaften:<\/strong><\/p>\n<ul>\n<li>Weicher und funktioneller Jerseystoff.<\/li>\n<li>2-in-1-Design mit verdecktem Handschuh und F\u00e4ustling f\u00fcr kalte Tage.<\/li>\n<li>Reflektierender Druck auf dem Au\u00dfenhandschuh.<\/li>\n<li>Reflektierender Aufdruck an den Fingern der Handschuhe.<\/li>\n<li>Intelligenter Schl\u00fcsselanh\u00e4nger in der Handfl\u00e4che.<\/li>\n<\/ul>\n<p><strong>Material:<\/strong> 87 % Polyester 13 % Elastan.<\/p>\n<p>&nbsp;<\/p>\n<p>&nbsp;<\/p>\n<p dir=\"ltr\" data-placeholder=\"Traduzione\">\n","protected":false},"excerpt":{"rendered":"<p>Der ADV Lumen Fleece Hybrid Glove ist ein 2-in-1-Handschuh mit reflektierenden Details, der f\u00fcr intensives Laufen bei kalten Bedingungen entwickelt wurde. Der Laufhandschuh besteht aus weichem, funktionellem Jersey und verf\u00fcgt \u00fcber einen verdeckten F\u00e4ustling mit reflektierendem Aufdruck, der eine schnelle Anpassung an Temperaturschwankungen erm\u00f6glicht. Dar\u00fcber hinaus verf\u00fcgt der Handschuh \u00fcber reflektierende Aufdrucke an den Fingern &hellip; <a href=\"https:\/\/www.miomiorun.com\/de\/produkt\/adv-lumen-fleece-hybrid-handschuhe\/\">Continued<\/a><\/p>\n","protected":false},"featured_media":59630,"template":"","meta":{"_acf_changed":false,"inline_featured_image":false},"product_brand":[],"product_cat":[6342,6375],"product_tag":[6304,6232,6234],"class_list":{"0":"post-173186","1":"product","2":"type-product","3":"status-publish","4":"has-post-thumbnail","6":"product_cat-zubehoer","7":"product_cat-laufhandschuhe-zubehoer-2-de","8":"product_tag-craft-de","9":"product_tag-craft-damen-de","10":"product_tag-craft-herren-de","11":"pa_attivita-gehen","12":"pa_attivita-running-de","13":"pa_marca-craft-de","14":"pa_sesso-damen","15":"pa_sesso-herren","16":"pa_size-small-de","17":"pa_size-medium-de","18":"pa_size-large-de","19":"pa_size-extra-large-de","21":"first","22":"instock","23":"sale","24":"taxable","25":"shipping-taxable","26":"purchasable","27":"product-type-variable","28":"wvs-archive-product-wrapper"},"acf":[],"yoast_head":"<!-- This site is optimized with the Yoast SEO plugin v26.8 - https:\/\/yoast.com\/product\/yoast-seo-wordpress\/ -->\n<title>Craft Adv Lumen Fleece Hybrid Handschuhe - Laufhandschuhe - MioMioRun.com<\/title>\n<meta name=\"description\" content=\"Der ADV Lumen Fleece Hybrid Glove ist ein 2-in-1-Handschuh mit reflektierenden Details, der f\u00fcr intensives Laufen bei kalten Bedingungen entwickelt wurde.\" \/>\n<meta name=\"robots\" content=\"index, follow, max-snippet:-1, max-image-preview:large, max-video-preview:-1\" \/>\n<link rel=\"canonical\" href=\"https:\/\/www.miomiorun.com\/de\/produkt\/adv-lumen-fleece-hybrid-handschuhe\/\" \/>\n<meta property=\"og:locale\" content=\"de_DE\" \/>\n<meta property=\"og:type\" content=\"article\" \/>\n<meta property=\"og:title\" content=\"Craft Adv Lumen Fleece Hybrid Handschuhe - Laufhandschuhe - MioMioRun.com\" \/>\n<meta property=\"og:description\" content=\"Der ADV Lumen Fleece Hybrid Glove ist ein 2-in-1-Handschuh mit reflektierenden Details, der f\u00fcr intensives Laufen bei kalten Bedingungen entwickelt wurde.\" \/>\n<meta property=\"og:url\" content=\"https:\/\/www.miomiorun.com\/de\/produkt\/adv-lumen-fleece-hybrid-handschuhe\/\" \/>\n<meta property=\"og:site_name\" content=\"MioMioRun\" \/>\n<meta property=\"article:publisher\" content=\"https:\/\/www.facebook.com\/miomiorun\/\" \/>\n<meta property=\"article:modified_time\" content=\"2026-05-08T19:17:27+00:00\" \/>\n<meta property=\"og:image\" content=\"https:\/\/www.miomiorun.com\/app\/uploads\/2021\/12\/craft-ADV-lumen-fleece-hybrid-glove-1909836-999000.jpg\" \/>\n\t<meta property=\"og:image:width\" content=\"600\" \/>\n\t<meta property=\"og:image:height\" content=\"600\" \/>\n\t<meta property=\"og:image:type\" content=\"image\/jpeg\" \/>\n<meta name=\"twitter:card\" content=\"summary_large_image\" \/>\n<meta name=\"twitter:label1\" content=\"Est. reading time\" \/>\n\t<meta name=\"twitter:data1\" content=\"1 minute\" \/>\n<script type=\"application\/ld+json\" class=\"yoast-schema-graph\">{\"@context\":\"https:\/\/schema.org\",\"@graph\":[{\"@type\":\"WebPage\",\"@id\":\"https:\/\/www.miomiorun.com\/de\/produkt\/adv-lumen-fleece-hybrid-handschuhe\/\",\"url\":\"https:\/\/www.miomiorun.com\/de\/produkt\/adv-lumen-fleece-hybrid-handschuhe\/\",\"name\":\"Craft Adv Lumen Fleece Hybrid Handschuhe - Laufhandschuhe - MioMioRun.com\",\"isPartOf\":{\"@id\":\"https:\/\/www.miomiorun.com\/de\/#website\"},\"primaryImageOfPage\":{\"@id\":\"https:\/\/www.miomiorun.com\/de\/produkt\/adv-lumen-fleece-hybrid-handschuhe\/#primaryimage\"},\"image\":{\"@id\":\"https:\/\/www.miomiorun.com\/de\/produkt\/adv-lumen-fleece-hybrid-handschuhe\/#primaryimage\"},\"thumbnailUrl\":\"https:\/\/www.miomiorun.com\/app\/uploads\/2021\/12\/craft-ADV-lumen-fleece-hybrid-glove-1909836-999000.jpg\",\"datePublished\":\"2021-12-17T15:29:54+00:00\",\"dateModified\":\"2026-05-08T19:17:27+00:00\",\"description\":\"Der ADV Lumen Fleece Hybrid Glove ist ein 2-in-1-Handschuh mit reflektierenden Details, der f\u00fcr intensives Laufen bei kalten Bedingungen entwickelt wurde.\",\"breadcrumb\":{\"@id\":\"https:\/\/www.miomiorun.com\/de\/produkt\/adv-lumen-fleece-hybrid-handschuhe\/#breadcrumb\"},\"inLanguage\":\"de-DE\",\"potentialAction\":[{\"@type\":\"ReadAction\",\"target\":[\"https:\/\/www.miomiorun.com\/de\/produkt\/adv-lumen-fleece-hybrid-handschuhe\/\"]}]},{\"@type\":\"ImageObject\",\"inLanguage\":\"de-DE\",\"@id\":\"https:\/\/www.miomiorun.com\/de\/produkt\/adv-lumen-fleece-hybrid-handschuhe\/#primaryimage\",\"url\":\"https:\/\/www.miomiorun.com\/app\/uploads\/2021\/12\/craft-ADV-lumen-fleece-hybrid-glove-1909836-999000.jpg\",\"contentUrl\":\"https:\/\/www.miomiorun.com\/app\/uploads\/2021\/12\/craft-ADV-lumen-fleece-hybrid-glove-1909836-999000.jpg\",\"width\":600,\"height\":600,\"caption\":\"craft-ADV-lumen-fleece-hybrid-glove-1909836-999000\"},{\"@type\":\"BreadcrumbList\",\"@id\":\"https:\/\/www.miomiorun.com\/de\/produkt\/adv-lumen-fleece-hybrid-handschuhe\/#breadcrumb\",\"itemListElement\":[{\"@type\":\"ListItem\",\"position\":1,\"name\":\"Home\",\"item\":\"https:\/\/www.miomiorun.com\/de\/\"},{\"@type\":\"ListItem\",\"position\":2,\"name\":\"Shop\",\"item\":\"https:\/\/www.miomiorun.com\/shop\/\"},{\"@type\":\"ListItem\",\"position\":3,\"name\":\"Adv Lumen Fleece Hybrid Handschuhe\"}]},{\"@type\":\"WebSite\",\"@id\":\"https:\/\/www.miomiorun.com\/de\/#website\",\"url\":\"https:\/\/www.miomiorun.com\/de\/\",\"name\":\"MioMioRun\",\"description\":\"100% Lauf- und Trailshop\",\"publisher\":{\"@id\":\"https:\/\/www.miomiorun.com\/de\/#organization\"},\"potentialAction\":[{\"@type\":\"SearchAction\",\"target\":{\"@type\":\"EntryPoint\",\"urlTemplate\":\"https:\/\/www.miomiorun.com\/de\/?s={search_term_string}\"},\"query-input\":{\"@type\":\"PropertyValueSpecification\",\"valueRequired\":true,\"valueName\":\"search_term_string\"}}],\"inLanguage\":\"de-DE\"},{\"@type\":\"Organization\",\"@id\":\"https:\/\/www.miomiorun.com\/de\/#organization\",\"name\":\"MioMio Run\",\"url\":\"https:\/\/www.miomiorun.com\/de\/\",\"logo\":{\"@type\":\"ImageObject\",\"inLanguage\":\"de-DE\",\"@id\":\"https:\/\/www.miomiorun.com\/de\/#\/schema\/logo\/image\/\",\"url\":\"https:\/\/www.miomiorun.com\/app\/uploads\/2019\/12\/logomio.png\",\"contentUrl\":\"https:\/\/www.miomiorun.com\/app\/uploads\/2019\/12\/logomio.png\",\"width\":115,\"height\":82,\"caption\":\"MioMio Run\"},\"image\":{\"@id\":\"https:\/\/www.miomiorun.com\/de\/#\/schema\/logo\/image\/\"},\"sameAs\":[\"https:\/\/www.facebook.com\/miomiorun\/\",\"https:\/\/www.instagram.com\/miomiorun\/\"]}]}<\/script>\n<!-- \/ Yoast SEO plugin. -->","yoast_head_json":{"title":"Craft Adv Lumen Fleece Hybrid Handschuhe - Laufhandschuhe - MioMioRun.com","description":"Der ADV Lumen Fleece Hybrid Glove ist ein 2-in-1-Handschuh mit reflektierenden Details, der f\u00fcr intensives Laufen bei kalten Bedingungen entwickelt wurde.","robots":{"index":"index","follow":"follow","max-snippet":"max-snippet:-1","max-image-preview":"max-image-preview:large","max-video-preview":"max-video-preview:-1"},"canonical":"https:\/\/www.miomiorun.com\/de\/produkt\/adv-lumen-fleece-hybrid-handschuhe\/","og_locale":"de_DE","og_type":"article","og_title":"Craft Adv Lumen Fleece Hybrid Handschuhe - Laufhandschuhe - MioMioRun.com","og_description":"Der ADV Lumen Fleece Hybrid Glove ist ein 2-in-1-Handschuh mit reflektierenden Details, der f\u00fcr intensives Laufen bei kalten Bedingungen entwickelt wurde.","og_url":"https:\/\/www.miomiorun.com\/de\/produkt\/adv-lumen-fleece-hybrid-handschuhe\/","og_site_name":"MioMioRun","article_publisher":"https:\/\/www.facebook.com\/miomiorun\/","article_modified_time":"2026-05-08T19:17:27+00:00","og_image":[{"width":600,"height":600,"url":"https:\/\/www.miomiorun.com\/app\/uploads\/2021\/12\/craft-ADV-lumen-fleece-hybrid-glove-1909836-999000.jpg","type":"image\/jpeg"}],"twitter_card":"summary_large_image","twitter_misc":{"Est. reading time":"1 minute"},"schema":{"@context":"https:\/\/schema.org","@graph":[{"@type":"WebPage","@id":"https:\/\/www.miomiorun.com\/de\/produkt\/adv-lumen-fleece-hybrid-handschuhe\/","url":"https:\/\/www.miomiorun.com\/de\/produkt\/adv-lumen-fleece-hybrid-handschuhe\/","name":"Craft Adv Lumen Fleece Hybrid Handschuhe - Laufhandschuhe - MioMioRun.com","isPartOf":{"@id":"https:\/\/www.miomiorun.com\/de\/#website"},"primaryImageOfPage":{"@id":"https:\/\/www.miomiorun.com\/de\/produkt\/adv-lumen-fleece-hybrid-handschuhe\/#primaryimage"},"image":{"@id":"https:\/\/www.miomiorun.com\/de\/produkt\/adv-lumen-fleece-hybrid-handschuhe\/#primaryimage"},"thumbnailUrl":"https:\/\/www.miomiorun.com\/app\/uploads\/2021\/12\/craft-ADV-lumen-fleece-hybrid-glove-1909836-999000.jpg","datePublished":"2021-12-17T15:29:54+00:00","dateModified":"2026-05-08T19:17:27+00:00","description":"Der ADV Lumen Fleece Hybrid Glove ist ein 2-in-1-Handschuh mit reflektierenden Details, der f\u00fcr intensives Laufen bei kalten Bedingungen entwickelt wurde.","breadcrumb":{"@id":"https:\/\/www.miomiorun.com\/de\/produkt\/adv-lumen-fleece-hybrid-handschuhe\/#breadcrumb"},"inLanguage":"de-DE","potentialAction":[{"@type":"ReadAction","target":["https:\/\/www.miomiorun.com\/de\/produkt\/adv-lumen-fleece-hybrid-handschuhe\/"]}]},{"@type":"ImageObject","inLanguage":"de-DE","@id":"https:\/\/www.miomiorun.com\/de\/produkt\/adv-lumen-fleece-hybrid-handschuhe\/#primaryimage","url":"https:\/\/www.miomiorun.com\/app\/uploads\/2021\/12\/craft-ADV-lumen-fleece-hybrid-glove-1909836-999000.jpg","contentUrl":"https:\/\/www.miomiorun.com\/app\/uploads\/2021\/12\/craft-ADV-lumen-fleece-hybrid-glove-1909836-999000.jpg","width":600,"height":600,"caption":"craft-ADV-lumen-fleece-hybrid-glove-1909836-999000"},{"@type":"BreadcrumbList","@id":"https:\/\/www.miomiorun.com\/de\/produkt\/adv-lumen-fleece-hybrid-handschuhe\/#breadcrumb","itemListElement":[{"@type":"ListItem","position":1,"name":"Home","item":"https:\/\/www.miomiorun.com\/de\/"},{"@type":"ListItem","position":2,"name":"Shop","item":"https:\/\/www.miomiorun.com\/shop\/"},{"@type":"ListItem","position":3,"name":"Adv Lumen Fleece Hybrid Handschuhe"}]},{"@type":"WebSite","@id":"https:\/\/www.miomiorun.com\/de\/#website","url":"https:\/\/www.miomiorun.com\/de\/","name":"MioMioRun","description":"100% Lauf- und Trailshop","publisher":{"@id":"https:\/\/www.miomiorun.com\/de\/#organization"},"potentialAction":[{"@type":"SearchAction","target":{"@type":"EntryPoint","urlTemplate":"https:\/\/www.miomiorun.com\/de\/?s={search_term_string}"},"query-input":{"@type":"PropertyValueSpecification","valueRequired":true,"valueName":"search_term_string"}}],"inLanguage":"de-DE"},{"@type":"Organization","@id":"https:\/\/www.miomiorun.com\/de\/#organization","name":"MioMio Run","url":"https:\/\/www.miomiorun.com\/de\/","logo":{"@type":"ImageObject","inLanguage":"de-DE","@id":"https:\/\/www.miomiorun.com\/de\/#\/schema\/logo\/image\/","url":"https:\/\/www.miomiorun.com\/app\/uploads\/2019\/12\/logomio.png","contentUrl":"https:\/\/www.miomiorun.com\/app\/uploads\/2019\/12\/logomio.png","width":115,"height":82,"caption":"MioMio Run"},"image":{"@id":"https:\/\/www.miomiorun.com\/de\/#\/schema\/logo\/image\/"},"sameAs":["https:\/\/www.facebook.com\/miomiorun\/","https:\/\/www.instagram.com\/miomiorun\/"]}]}},"_links":{"self":[{"href":"https:\/\/www.miomiorun.com\/de\/wp-json\/wp\/v2\/product\/173186","targetHints":{"allow":["GET"]}}],"collection":[{"href":"https:\/\/www.miomiorun.com\/de\/wp-json\/wp\/v2\/product"}],"about":[{"href":"https:\/\/www.miomiorun.com\/de\/wp-json\/wp\/v2\/types\/product"}],"wp:featuredmedia":[{"embeddable":true,"href":"https:\/\/www.miomiorun.com\/de\/wp-json\/wp\/v2\/media\/59630"}],"wp:attachment":[{"href":"https:\/\/www.miomiorun.com\/de\/wp-json\/wp\/v2\/media?parent=173186"}],"wp:term":[{"taxonomy":"product_brand","embeddable":true,"href":"https:\/\/www.miomiorun.com\/de\/wp-json\/wp\/v2\/product_brand?post=173186"},{"taxonomy":"product_cat","embeddable":true,"href":"https:\/\/www.miomiorun.com\/de\/wp-json\/wp\/v2\/product_cat?post=173186"},{"taxonomy":"product_tag","embeddable":true,"href":"https:\/\/www.miomiorun.com\/de\/wp-json\/wp\/v2\/product_tag?post=173186"}],"curies":[{"name":"wp","href":"https:\/\/api.w.org\/{rel}","templated":true}]}}