{"id":173181,"date":"2021-12-17T16:37:18","date_gmt":"2021-12-17T15:37:18","guid":{"rendered":"https:\/\/miomiorun.com\/prodotto\/craft-adv-lumen-fleece-glove\/"},"modified":"2026-05-08T21:17:26","modified_gmt":"2026-05-08T19:17:26","slug":"craft-adv-lumen-fleece-glove","status":"publish","type":"product","link":"https:\/\/www.miomiorun.com\/de\/produkt\/craft-adv-lumen-fleece-glove\/","title":{"rendered":"Adv Lumen Fleece Glove"},"content":{"rendered":"<p id=\"tw-target-text\" class=\"tw-data-text tw-text-large tw-ta\" dir=\"ltr\" data-placeholder=\"Traduzione\"><span class=\"Y2IQFc\" lang=\"it\">Der <strong>ADV Lumen Fleece<\/strong> Glove ist ein Funktionshandschuh mit reflektierenden Details, der f\u00fcr intensive L\u00e4ufe bei kalten Bedingungen entwickelt wurde. Der Laufhandschuh ist aus weichem, hochfunktionellem Jersey gefertigt und verf\u00fcgt \u00fcber einen reflektierenden Aufdruck und eine intelligente Schl\u00fcsseltasche in der Handfl\u00e4che. <\/span><\/p>\n<p class=\"tw-data-text tw-text-large tw-ta\" dir=\"ltr\" data-placeholder=\"Traduzione\"><span class=\"Y2IQFc\" lang=\"it\"><strong>Lumen<\/strong> <\/span><\/p>\n<p class=\"tw-data-text tw-text-large tw-ta\" dir=\"ltr\" data-placeholder=\"Traduzione\"><span class=\"Y2IQFc\" lang=\"it\">Inspiriert von den nordischen Bedingungen An einem Ort, an dem die Dunkelheit einen Gro\u00dfteil des Tages dominiert, ist Licht ein wesentliches Gut. Die Lumen ist von den nordischen Bedingungen inspiriert und sorgt f\u00fcr einen einzigartigen Stil beim Training in der Dunkelheit.<\/span><\/p>\n<p dir=\"ltr\" data-placeholder=\"Traduzione\"><strong>Eigenschaften:<\/strong><\/p>\n<ul>\n<li dir=\"ltr\" data-placeholder=\"Traduzione\"><span class=\"Y2IQFc\" lang=\"it\">Weiches und funktionelles Trikotmaterial.<\/span><\/li>\n<li dir=\"ltr\" data-placeholder=\"Traduzione\"><span class=\"Y2IQFc\" lang=\"it\">Reflektierender Druck.<\/span><\/li>\n<li dir=\"ltr\" data-placeholder=\"Traduzione\"><span class=\"Y2IQFc\" lang=\"it\">Smarter Schl\u00fcsselring in der Handfl\u00e4che.<\/span><\/li>\n<\/ul>\n<p>Material: 87% Polyester 13% Elastan.<\/p>\n<p>&nbsp;<\/p>\n<p>&nbsp;<\/p>\n<p>&nbsp;<\/p>\n<p dir=\"ltr\" data-placeholder=\"Traduzione\">\n","protected":false},"excerpt":{"rendered":"<p>Der ADV Lumen Fleece Glove ist ein Funktionshandschuh mit reflektierenden Details, der f\u00fcr intensive L\u00e4ufe bei kalten Bedingungen entwickelt wurde. Der Laufhandschuh ist aus weichem, hochfunktionellem Jersey gefertigt und verf\u00fcgt \u00fcber einen reflektierenden Aufdruck und eine intelligente Schl\u00fcsseltasche in der Handfl\u00e4che. Lumen Inspiriert von den nordischen Bedingungen An einem Ort, an dem die Dunkelheit einen &hellip; <a href=\"https:\/\/www.miomiorun.com\/de\/produkt\/craft-adv-lumen-fleece-glove\/\">Continued<\/a><\/p>\n","protected":false},"featured_media":59634,"template":"","meta":{"_acf_changed":false,"inline_featured_image":false},"product_brand":[],"product_cat":[6342,6375],"product_tag":[6304,6232,6234],"class_list":{"0":"post-173181","1":"product","2":"type-product","3":"status-publish","4":"has-post-thumbnail","6":"product_cat-zubehoer","7":"product_cat-laufhandschuhe-zubehoer-2-de","8":"product_tag-craft-de","9":"product_tag-craft-damen-de","10":"product_tag-craft-herren-de","11":"pa_attivita-gehen","12":"pa_attivita-running-de","13":"pa_marca-craft-de","14":"pa_sesso-damen","15":"pa_sesso-herren","16":"pa_size-small-de","17":"pa_size-medium-de","18":"pa_size-extra-large-de","20":"first","21":"instock","22":"sale","23":"taxable","24":"shipping-taxable","25":"purchasable","26":"product-type-variable","27":"wvs-archive-product-wrapper"},"acf":[],"yoast_head":"<!-- This site is optimized with the Yoast SEO plugin v26.8 - https:\/\/yoast.com\/product\/yoast-seo-wordpress\/ -->\n<title>Craft Adv Lumen Fleece Glove - Laufhandschuhe - MioMioRun.com<\/title>\n<meta name=\"description\" content=\"Der ADV Lumen Fleece Glove ist ein Funktionshandschuh mit reflektierenden Details, der f\u00fcr intensive L\u00e4ufe bei kalten Bedingungen entwickelt wurde.\" \/>\n<meta name=\"robots\" content=\"index, follow, max-snippet:-1, max-image-preview:large, max-video-preview:-1\" \/>\n<link rel=\"canonical\" href=\"https:\/\/www.miomiorun.com\/de\/produkt\/craft-adv-lumen-fleece-glove\/\" \/>\n<meta property=\"og:locale\" content=\"de_DE\" \/>\n<meta property=\"og:type\" content=\"article\" \/>\n<meta property=\"og:title\" content=\"Craft Adv Lumen Fleece Glove - Laufhandschuhe - MioMioRun.com\" \/>\n<meta property=\"og:description\" content=\"Der ADV Lumen Fleece Glove ist ein Funktionshandschuh mit reflektierenden Details, der f\u00fcr intensive L\u00e4ufe bei kalten Bedingungen entwickelt wurde.\" \/>\n<meta property=\"og:url\" content=\"https:\/\/www.miomiorun.com\/de\/produkt\/craft-adv-lumen-fleece-glove\/\" \/>\n<meta property=\"og:site_name\" content=\"MioMioRun\" \/>\n<meta property=\"article:publisher\" content=\"https:\/\/www.facebook.com\/miomiorun\/\" \/>\n<meta property=\"article:modified_time\" content=\"2026-05-08T19:17:26+00:00\" \/>\n<meta property=\"og:image\" content=\"https:\/\/www.miomiorun.com\/app\/uploads\/2021\/12\/craft-ADV-lumen-fleece-glove-1909838-999000.jpg\" \/>\n\t<meta property=\"og:image:width\" content=\"600\" \/>\n\t<meta property=\"og:image:height\" content=\"600\" \/>\n\t<meta property=\"og:image:type\" content=\"image\/jpeg\" \/>\n<meta name=\"twitter:card\" content=\"summary_large_image\" \/>\n<meta name=\"twitter:label1\" content=\"Est. reading time\" \/>\n\t<meta name=\"twitter:data1\" content=\"1 minute\" \/>\n<script type=\"application\/ld+json\" class=\"yoast-schema-graph\">{\"@context\":\"https:\/\/schema.org\",\"@graph\":[{\"@type\":\"WebPage\",\"@id\":\"https:\/\/www.miomiorun.com\/de\/produkt\/craft-adv-lumen-fleece-glove\/\",\"url\":\"https:\/\/www.miomiorun.com\/de\/produkt\/craft-adv-lumen-fleece-glove\/\",\"name\":\"Craft Adv Lumen Fleece Glove - Laufhandschuhe - MioMioRun.com\",\"isPartOf\":{\"@id\":\"https:\/\/www.miomiorun.com\/de\/#website\"},\"primaryImageOfPage\":{\"@id\":\"https:\/\/www.miomiorun.com\/de\/produkt\/craft-adv-lumen-fleece-glove\/#primaryimage\"},\"image\":{\"@id\":\"https:\/\/www.miomiorun.com\/de\/produkt\/craft-adv-lumen-fleece-glove\/#primaryimage\"},\"thumbnailUrl\":\"https:\/\/www.miomiorun.com\/app\/uploads\/2021\/12\/craft-ADV-lumen-fleece-glove-1909838-999000.jpg\",\"datePublished\":\"2021-12-17T15:37:18+00:00\",\"dateModified\":\"2026-05-08T19:17:26+00:00\",\"description\":\"Der ADV Lumen Fleece Glove ist ein Funktionshandschuh mit reflektierenden Details, der f\u00fcr intensive L\u00e4ufe bei kalten Bedingungen entwickelt wurde.\",\"breadcrumb\":{\"@id\":\"https:\/\/www.miomiorun.com\/de\/produkt\/craft-adv-lumen-fleece-glove\/#breadcrumb\"},\"inLanguage\":\"de-DE\",\"potentialAction\":[{\"@type\":\"ReadAction\",\"target\":[\"https:\/\/www.miomiorun.com\/de\/produkt\/craft-adv-lumen-fleece-glove\/\"]}]},{\"@type\":\"ImageObject\",\"inLanguage\":\"de-DE\",\"@id\":\"https:\/\/www.miomiorun.com\/de\/produkt\/craft-adv-lumen-fleece-glove\/#primaryimage\",\"url\":\"https:\/\/www.miomiorun.com\/app\/uploads\/2021\/12\/craft-ADV-lumen-fleece-glove-1909838-999000.jpg\",\"contentUrl\":\"https:\/\/www.miomiorun.com\/app\/uploads\/2021\/12\/craft-ADV-lumen-fleece-glove-1909838-999000.jpg\",\"width\":600,\"height\":600,\"caption\":\"craft-ADV-lumen-fleece-glove-1909838-999000\"},{\"@type\":\"BreadcrumbList\",\"@id\":\"https:\/\/www.miomiorun.com\/de\/produkt\/craft-adv-lumen-fleece-glove\/#breadcrumb\",\"itemListElement\":[{\"@type\":\"ListItem\",\"position\":1,\"name\":\"Home\",\"item\":\"https:\/\/www.miomiorun.com\/de\/\"},{\"@type\":\"ListItem\",\"position\":2,\"name\":\"Shop\",\"item\":\"https:\/\/www.miomiorun.com\/shop\/\"},{\"@type\":\"ListItem\",\"position\":3,\"name\":\"Adv Lumen Fleece Glove\"}]},{\"@type\":\"WebSite\",\"@id\":\"https:\/\/www.miomiorun.com\/de\/#website\",\"url\":\"https:\/\/www.miomiorun.com\/de\/\",\"name\":\"MioMioRun\",\"description\":\"100% Lauf- und Trailshop\",\"publisher\":{\"@id\":\"https:\/\/www.miomiorun.com\/de\/#organization\"},\"potentialAction\":[{\"@type\":\"SearchAction\",\"target\":{\"@type\":\"EntryPoint\",\"urlTemplate\":\"https:\/\/www.miomiorun.com\/de\/?s={search_term_string}\"},\"query-input\":{\"@type\":\"PropertyValueSpecification\",\"valueRequired\":true,\"valueName\":\"search_term_string\"}}],\"inLanguage\":\"de-DE\"},{\"@type\":\"Organization\",\"@id\":\"https:\/\/www.miomiorun.com\/de\/#organization\",\"name\":\"MioMio Run\",\"url\":\"https:\/\/www.miomiorun.com\/de\/\",\"logo\":{\"@type\":\"ImageObject\",\"inLanguage\":\"de-DE\",\"@id\":\"https:\/\/www.miomiorun.com\/de\/#\/schema\/logo\/image\/\",\"url\":\"https:\/\/www.miomiorun.com\/app\/uploads\/2019\/12\/logomio.png\",\"contentUrl\":\"https:\/\/www.miomiorun.com\/app\/uploads\/2019\/12\/logomio.png\",\"width\":115,\"height\":82,\"caption\":\"MioMio Run\"},\"image\":{\"@id\":\"https:\/\/www.miomiorun.com\/de\/#\/schema\/logo\/image\/\"},\"sameAs\":[\"https:\/\/www.facebook.com\/miomiorun\/\",\"https:\/\/www.instagram.com\/miomiorun\/\"]}]}<\/script>\n<!-- \/ Yoast SEO plugin. -->","yoast_head_json":{"title":"Craft Adv Lumen Fleece Glove - Laufhandschuhe - MioMioRun.com","description":"Der ADV Lumen Fleece Glove ist ein Funktionshandschuh mit reflektierenden Details, der f\u00fcr intensive L\u00e4ufe bei kalten Bedingungen entwickelt wurde.","robots":{"index":"index","follow":"follow","max-snippet":"max-snippet:-1","max-image-preview":"max-image-preview:large","max-video-preview":"max-video-preview:-1"},"canonical":"https:\/\/www.miomiorun.com\/de\/produkt\/craft-adv-lumen-fleece-glove\/","og_locale":"de_DE","og_type":"article","og_title":"Craft Adv Lumen Fleece Glove - Laufhandschuhe - MioMioRun.com","og_description":"Der ADV Lumen Fleece Glove ist ein Funktionshandschuh mit reflektierenden Details, der f\u00fcr intensive L\u00e4ufe bei kalten Bedingungen entwickelt wurde.","og_url":"https:\/\/www.miomiorun.com\/de\/produkt\/craft-adv-lumen-fleece-glove\/","og_site_name":"MioMioRun","article_publisher":"https:\/\/www.facebook.com\/miomiorun\/","article_modified_time":"2026-05-08T19:17:26+00:00","og_image":[{"width":600,"height":600,"url":"https:\/\/www.miomiorun.com\/app\/uploads\/2021\/12\/craft-ADV-lumen-fleece-glove-1909838-999000.jpg","type":"image\/jpeg"}],"twitter_card":"summary_large_image","twitter_misc":{"Est. reading time":"1 minute"},"schema":{"@context":"https:\/\/schema.org","@graph":[{"@type":"WebPage","@id":"https:\/\/www.miomiorun.com\/de\/produkt\/craft-adv-lumen-fleece-glove\/","url":"https:\/\/www.miomiorun.com\/de\/produkt\/craft-adv-lumen-fleece-glove\/","name":"Craft Adv Lumen Fleece Glove - Laufhandschuhe - MioMioRun.com","isPartOf":{"@id":"https:\/\/www.miomiorun.com\/de\/#website"},"primaryImageOfPage":{"@id":"https:\/\/www.miomiorun.com\/de\/produkt\/craft-adv-lumen-fleece-glove\/#primaryimage"},"image":{"@id":"https:\/\/www.miomiorun.com\/de\/produkt\/craft-adv-lumen-fleece-glove\/#primaryimage"},"thumbnailUrl":"https:\/\/www.miomiorun.com\/app\/uploads\/2021\/12\/craft-ADV-lumen-fleece-glove-1909838-999000.jpg","datePublished":"2021-12-17T15:37:18+00:00","dateModified":"2026-05-08T19:17:26+00:00","description":"Der ADV Lumen Fleece Glove ist ein Funktionshandschuh mit reflektierenden Details, der f\u00fcr intensive L\u00e4ufe bei kalten Bedingungen entwickelt wurde.","breadcrumb":{"@id":"https:\/\/www.miomiorun.com\/de\/produkt\/craft-adv-lumen-fleece-glove\/#breadcrumb"},"inLanguage":"de-DE","potentialAction":[{"@type":"ReadAction","target":["https:\/\/www.miomiorun.com\/de\/produkt\/craft-adv-lumen-fleece-glove\/"]}]},{"@type":"ImageObject","inLanguage":"de-DE","@id":"https:\/\/www.miomiorun.com\/de\/produkt\/craft-adv-lumen-fleece-glove\/#primaryimage","url":"https:\/\/www.miomiorun.com\/app\/uploads\/2021\/12\/craft-ADV-lumen-fleece-glove-1909838-999000.jpg","contentUrl":"https:\/\/www.miomiorun.com\/app\/uploads\/2021\/12\/craft-ADV-lumen-fleece-glove-1909838-999000.jpg","width":600,"height":600,"caption":"craft-ADV-lumen-fleece-glove-1909838-999000"},{"@type":"BreadcrumbList","@id":"https:\/\/www.miomiorun.com\/de\/produkt\/craft-adv-lumen-fleece-glove\/#breadcrumb","itemListElement":[{"@type":"ListItem","position":1,"name":"Home","item":"https:\/\/www.miomiorun.com\/de\/"},{"@type":"ListItem","position":2,"name":"Shop","item":"https:\/\/www.miomiorun.com\/shop\/"},{"@type":"ListItem","position":3,"name":"Adv Lumen Fleece Glove"}]},{"@type":"WebSite","@id":"https:\/\/www.miomiorun.com\/de\/#website","url":"https:\/\/www.miomiorun.com\/de\/","name":"MioMioRun","description":"100% Lauf- und Trailshop","publisher":{"@id":"https:\/\/www.miomiorun.com\/de\/#organization"},"potentialAction":[{"@type":"SearchAction","target":{"@type":"EntryPoint","urlTemplate":"https:\/\/www.miomiorun.com\/de\/?s={search_term_string}"},"query-input":{"@type":"PropertyValueSpecification","valueRequired":true,"valueName":"search_term_string"}}],"inLanguage":"de-DE"},{"@type":"Organization","@id":"https:\/\/www.miomiorun.com\/de\/#organization","name":"MioMio Run","url":"https:\/\/www.miomiorun.com\/de\/","logo":{"@type":"ImageObject","inLanguage":"de-DE","@id":"https:\/\/www.miomiorun.com\/de\/#\/schema\/logo\/image\/","url":"https:\/\/www.miomiorun.com\/app\/uploads\/2019\/12\/logomio.png","contentUrl":"https:\/\/www.miomiorun.com\/app\/uploads\/2019\/12\/logomio.png","width":115,"height":82,"caption":"MioMio Run"},"image":{"@id":"https:\/\/www.miomiorun.com\/de\/#\/schema\/logo\/image\/"},"sameAs":["https:\/\/www.facebook.com\/miomiorun\/","https:\/\/www.instagram.com\/miomiorun\/"]}]}},"_links":{"self":[{"href":"https:\/\/www.miomiorun.com\/de\/wp-json\/wp\/v2\/product\/173181","targetHints":{"allow":["GET"]}}],"collection":[{"href":"https:\/\/www.miomiorun.com\/de\/wp-json\/wp\/v2\/product"}],"about":[{"href":"https:\/\/www.miomiorun.com\/de\/wp-json\/wp\/v2\/types\/product"}],"wp:featuredmedia":[{"embeddable":true,"href":"https:\/\/www.miomiorun.com\/de\/wp-json\/wp\/v2\/media\/59634"}],"wp:attachment":[{"href":"https:\/\/www.miomiorun.com\/de\/wp-json\/wp\/v2\/media?parent=173181"}],"wp:term":[{"taxonomy":"product_brand","embeddable":true,"href":"https:\/\/www.miomiorun.com\/de\/wp-json\/wp\/v2\/product_brand?post=173181"},{"taxonomy":"product_cat","embeddable":true,"href":"https:\/\/www.miomiorun.com\/de\/wp-json\/wp\/v2\/product_cat?post=173181"},{"taxonomy":"product_tag","embeddable":true,"href":"https:\/\/www.miomiorun.com\/de\/wp-json\/wp\/v2\/product_tag?post=173181"}],"curies":[{"name":"wp","href":"https:\/\/api.w.org\/{rel}","templated":true}]}}