{"id":173158,"date":"2023-10-31T13:59:47","date_gmt":"2023-10-31T12:59:47","guid":{"rendered":"https:\/\/miomiorun.com\/prodotto\/draft-hybrid-glove\/"},"modified":"2025-02-26T16:07:03","modified_gmt":"2025-02-26T15:07:03","slug":"draft-hybrid-glove","status":"publish","type":"product","link":"https:\/\/www.miomiorun.com\/de\/produkt\/draft-hybrid-glove\/","title":{"rendered":"Draft Hybrid Glove"},"content":{"rendered":"<p class=\"tw-data-text tw-text-large XcVN5d tw-ta\" dir=\"ltr\" data-placeholder=\"Traduzione\">Halten Sie das Wetter mit diesen Hybridhandschuhen in Schach. Tragen Sie die winddichten und wasserabweisenden Handschuhe \u00fcber leichten, atmungsaktiven Handschuhen zum Schutz vor den Elementen. Mesh-Eins\u00e4tze auf der Handfl\u00e4che lassen beim Aufw\u00e4rmen Luft durch.<\/p>\n<h3 dir=\"ltr\" data-placeholder=\"Traduzione\">Eigenschaften:<\/h3>\n<ul class=\"m-long-description__features\">\n<li class=\"m-long-description__feature\">Wesentliche N\u00e4hte<\/li>\n<li class=\"m-long-description__feature\">\n<div class=\"m-long-description__feature--bullets\" aria-hidden=\"true\">Digitale Kompatibilit\u00e4t<\/div>\n<\/li>\n<li class=\"m-long-description__feature\">\n<div class=\"m-long-description__feature--bullets\" aria-hidden=\"true\">Winddichte Handschuhe<\/div>\n<\/li>\n<\/ul>\n<h2 class=\"a-type-h2 a-type-h2--big\">Halb Handschuhe, halb F\u00e4ustlinge, 100% Komfort.<\/h2>\n<p><strong>WESENTLICHE N\u00c4HTE<\/strong><\/p>\n<p>Wesentliche N\u00e4hte reduzieren Irritationen und bieten angenehmen Komfort.<\/p>\n<p><strong>DIGITALE KOMPATIBILIT\u00c4T<\/strong><\/p>\n<p>Dank des Gewebes an den Fingerspitzen, das f\u00fcr die Nutzung von Smartphones entwickelt wurde, bleiben Ihre H\u00e4nde immer warm.<\/p>\n<p><strong>WINDDICHTE HANDSCHUHE<\/strong><\/p>\n<p>Diese atmungsaktiven Laufhandschuhe haben winddichte \u00dcberhandschuhe und Mesh-Eins\u00e4tze auf der Handfl\u00e4che, um eine gute Bel\u00fcftung zu gew\u00e4hrleisten.<\/p>\n<p>&nbsp;<\/p>\n<p dir=\"ltr\" data-placeholder=\"Traduzione\">\n","protected":false},"excerpt":{"rendered":"<ul>\n<li>winddichter \u00dcberhandschuh<\/li>\n<li>digitale Kompatibilit\u00e4t<\/li>\n<\/ul>\n","protected":false},"featured_media":146225,"template":"","meta":{"_acf_changed":false,"inline_featured_image":false},"product_brand":[],"product_cat":[6342,6375],"product_tag":[3362,6205,6207],"class_list":{"0":"post-173158","1":"product","2":"type-product","3":"status-publish","4":"has-post-thumbnail","6":"product_cat-zubehoer","7":"product_cat-laufhandschuhe-zubehoer-2-de","8":"product_tag-brooks-de","9":"product_tag-brooks-damen-de","10":"product_tag-brooks-herren-de","11":"pa_attivita-gehen","12":"pa_attivita-running-de","13":"pa_colore-draft-hybrid-glove-asphalt-nightlife-white-de","14":"pa_marca-brooks-de","15":"pa_sesso-damen","16":"pa_sesso-herren","17":"pa_size-small-de","18":"pa_size-medium-de","19":"pa_size-large-de","21":"first","22":"instock","23":"sale","24":"taxable","25":"shipping-taxable","26":"purchasable","27":"product-type-variable","28":"wvs-archive-product-wrapper"},"acf":[],"yoast_head":"<!-- This site is optimized with the Yoast SEO plugin v26.8 - https:\/\/yoast.com\/product\/yoast-seo-wordpress\/ -->\n<title>BrooksDraft Hybrid Glove - Laufhandschuhe - MioMioRun.com<\/title>\n<meta name=\"description\" content=\"Tragen Sie winddichte und wasserabweisende Handschuhe \u00fcber leichten, atmungsaktiven Handschuhen, um sich vor den Elementen zu sch\u00fctzen.\" \/>\n<meta name=\"robots\" content=\"index, follow, max-snippet:-1, max-image-preview:large, max-video-preview:-1\" \/>\n<link rel=\"canonical\" href=\"https:\/\/www.miomiorun.com\/de\/produkt\/draft-hybrid-glove\/\" \/>\n<meta property=\"og:locale\" content=\"de_DE\" \/>\n<meta property=\"og:type\" content=\"article\" \/>\n<meta property=\"og:title\" content=\"BrooksDraft Hybrid Glove - Laufhandschuhe - MioMioRun.com\" \/>\n<meta property=\"og:description\" content=\"Tragen Sie winddichte und wasserabweisende Handschuhe \u00fcber leichten, atmungsaktiven Handschuhen, um sich vor den Elementen zu sch\u00fctzen.\" \/>\n<meta property=\"og:url\" content=\"https:\/\/www.miomiorun.com\/de\/produkt\/draft-hybrid-glove\/\" \/>\n<meta property=\"og:site_name\" content=\"MioMioRun\" \/>\n<meta property=\"article:publisher\" content=\"https:\/\/www.facebook.com\/miomiorun\/\" \/>\n<meta property=\"article:modified_time\" content=\"2025-02-26T15:07:03+00:00\" \/>\n<meta property=\"og:image\" content=\"https:\/\/www.miomiorun.com\/app\/uploads\/2023\/11\/brooks-draft-hybrid-glove-asphalt-nightlife-white-280437025.jpg\" \/>\n\t<meta property=\"og:image:width\" content=\"600\" \/>\n\t<meta property=\"og:image:height\" content=\"600\" \/>\n\t<meta property=\"og:image:type\" content=\"image\/jpeg\" \/>\n<meta name=\"twitter:card\" content=\"summary_large_image\" \/>\n<meta name=\"twitter:label1\" content=\"Est. reading time\" \/>\n\t<meta name=\"twitter:data1\" content=\"1 minute\" \/>\n<script type=\"application\/ld+json\" class=\"yoast-schema-graph\">{\"@context\":\"https:\/\/schema.org\",\"@graph\":[{\"@type\":\"WebPage\",\"@id\":\"https:\/\/www.miomiorun.com\/de\/produkt\/draft-hybrid-glove\/\",\"url\":\"https:\/\/www.miomiorun.com\/de\/produkt\/draft-hybrid-glove\/\",\"name\":\"BrooksDraft Hybrid Glove - Laufhandschuhe - MioMioRun.com\",\"isPartOf\":{\"@id\":\"https:\/\/www.miomiorun.com\/de\/#website\"},\"primaryImageOfPage\":{\"@id\":\"https:\/\/www.miomiorun.com\/de\/produkt\/draft-hybrid-glove\/#primaryimage\"},\"image\":{\"@id\":\"https:\/\/www.miomiorun.com\/de\/produkt\/draft-hybrid-glove\/#primaryimage\"},\"thumbnailUrl\":\"https:\/\/www.miomiorun.com\/app\/uploads\/2023\/11\/brooks-draft-hybrid-glove-asphalt-nightlife-white-280437025.jpg\",\"datePublished\":\"2023-10-31T12:59:47+00:00\",\"dateModified\":\"2025-02-26T15:07:03+00:00\",\"description\":\"Tragen Sie winddichte und wasserabweisende Handschuhe \u00fcber leichten, atmungsaktiven Handschuhen, um sich vor den Elementen zu sch\u00fctzen.\",\"breadcrumb\":{\"@id\":\"https:\/\/www.miomiorun.com\/de\/produkt\/draft-hybrid-glove\/#breadcrumb\"},\"inLanguage\":\"de-DE\",\"potentialAction\":[{\"@type\":\"ReadAction\",\"target\":[\"https:\/\/www.miomiorun.com\/de\/produkt\/draft-hybrid-glove\/\"]}]},{\"@type\":\"ImageObject\",\"inLanguage\":\"de-DE\",\"@id\":\"https:\/\/www.miomiorun.com\/de\/produkt\/draft-hybrid-glove\/#primaryimage\",\"url\":\"https:\/\/www.miomiorun.com\/app\/uploads\/2023\/11\/brooks-draft-hybrid-glove-asphalt-nightlife-white-280437025.jpg\",\"contentUrl\":\"https:\/\/www.miomiorun.com\/app\/uploads\/2023\/11\/brooks-draft-hybrid-glove-asphalt-nightlife-white-280437025.jpg\",\"width\":600,\"height\":600,\"caption\":\"brooks-draft-hybrid-glove-asphalt-nightlife-white-280437025\"},{\"@type\":\"BreadcrumbList\",\"@id\":\"https:\/\/www.miomiorun.com\/de\/produkt\/draft-hybrid-glove\/#breadcrumb\",\"itemListElement\":[{\"@type\":\"ListItem\",\"position\":1,\"name\":\"Home\",\"item\":\"https:\/\/www.miomiorun.com\/de\/\"},{\"@type\":\"ListItem\",\"position\":2,\"name\":\"Shop\",\"item\":\"https:\/\/www.miomiorun.com\/shop\/\"},{\"@type\":\"ListItem\",\"position\":3,\"name\":\"Draft Hybrid Glove\"}]},{\"@type\":\"WebSite\",\"@id\":\"https:\/\/www.miomiorun.com\/de\/#website\",\"url\":\"https:\/\/www.miomiorun.com\/de\/\",\"name\":\"MioMioRun\",\"description\":\"100% Lauf- und Trailshop\",\"publisher\":{\"@id\":\"https:\/\/www.miomiorun.com\/de\/#organization\"},\"potentialAction\":[{\"@type\":\"SearchAction\",\"target\":{\"@type\":\"EntryPoint\",\"urlTemplate\":\"https:\/\/www.miomiorun.com\/de\/?s={search_term_string}\"},\"query-input\":{\"@type\":\"PropertyValueSpecification\",\"valueRequired\":true,\"valueName\":\"search_term_string\"}}],\"inLanguage\":\"de-DE\"},{\"@type\":\"Organization\",\"@id\":\"https:\/\/www.miomiorun.com\/de\/#organization\",\"name\":\"MioMio Run\",\"url\":\"https:\/\/www.miomiorun.com\/de\/\",\"logo\":{\"@type\":\"ImageObject\",\"inLanguage\":\"de-DE\",\"@id\":\"https:\/\/www.miomiorun.com\/de\/#\/schema\/logo\/image\/\",\"url\":\"https:\/\/www.miomiorun.com\/app\/uploads\/2019\/12\/logomio.png\",\"contentUrl\":\"https:\/\/www.miomiorun.com\/app\/uploads\/2019\/12\/logomio.png\",\"width\":115,\"height\":82,\"caption\":\"MioMio Run\"},\"image\":{\"@id\":\"https:\/\/www.miomiorun.com\/de\/#\/schema\/logo\/image\/\"},\"sameAs\":[\"https:\/\/www.facebook.com\/miomiorun\/\",\"https:\/\/www.instagram.com\/miomiorun\/\"]}]}<\/script>\n<!-- \/ Yoast SEO plugin. -->","yoast_head_json":{"title":"BrooksDraft Hybrid Glove - Laufhandschuhe - MioMioRun.com","description":"Tragen Sie winddichte und wasserabweisende Handschuhe \u00fcber leichten, atmungsaktiven Handschuhen, um sich vor den Elementen zu sch\u00fctzen.","robots":{"index":"index","follow":"follow","max-snippet":"max-snippet:-1","max-image-preview":"max-image-preview:large","max-video-preview":"max-video-preview:-1"},"canonical":"https:\/\/www.miomiorun.com\/de\/produkt\/draft-hybrid-glove\/","og_locale":"de_DE","og_type":"article","og_title":"BrooksDraft Hybrid Glove - Laufhandschuhe - MioMioRun.com","og_description":"Tragen Sie winddichte und wasserabweisende Handschuhe \u00fcber leichten, atmungsaktiven Handschuhen, um sich vor den Elementen zu sch\u00fctzen.","og_url":"https:\/\/www.miomiorun.com\/de\/produkt\/draft-hybrid-glove\/","og_site_name":"MioMioRun","article_publisher":"https:\/\/www.facebook.com\/miomiorun\/","article_modified_time":"2025-02-26T15:07:03+00:00","og_image":[{"width":600,"height":600,"url":"https:\/\/www.miomiorun.com\/app\/uploads\/2023\/11\/brooks-draft-hybrid-glove-asphalt-nightlife-white-280437025.jpg","type":"image\/jpeg"}],"twitter_card":"summary_large_image","twitter_misc":{"Est. reading time":"1 minute"},"schema":{"@context":"https:\/\/schema.org","@graph":[{"@type":"WebPage","@id":"https:\/\/www.miomiorun.com\/de\/produkt\/draft-hybrid-glove\/","url":"https:\/\/www.miomiorun.com\/de\/produkt\/draft-hybrid-glove\/","name":"BrooksDraft Hybrid Glove - Laufhandschuhe - MioMioRun.com","isPartOf":{"@id":"https:\/\/www.miomiorun.com\/de\/#website"},"primaryImageOfPage":{"@id":"https:\/\/www.miomiorun.com\/de\/produkt\/draft-hybrid-glove\/#primaryimage"},"image":{"@id":"https:\/\/www.miomiorun.com\/de\/produkt\/draft-hybrid-glove\/#primaryimage"},"thumbnailUrl":"https:\/\/www.miomiorun.com\/app\/uploads\/2023\/11\/brooks-draft-hybrid-glove-asphalt-nightlife-white-280437025.jpg","datePublished":"2023-10-31T12:59:47+00:00","dateModified":"2025-02-26T15:07:03+00:00","description":"Tragen Sie winddichte und wasserabweisende Handschuhe \u00fcber leichten, atmungsaktiven Handschuhen, um sich vor den Elementen zu sch\u00fctzen.","breadcrumb":{"@id":"https:\/\/www.miomiorun.com\/de\/produkt\/draft-hybrid-glove\/#breadcrumb"},"inLanguage":"de-DE","potentialAction":[{"@type":"ReadAction","target":["https:\/\/www.miomiorun.com\/de\/produkt\/draft-hybrid-glove\/"]}]},{"@type":"ImageObject","inLanguage":"de-DE","@id":"https:\/\/www.miomiorun.com\/de\/produkt\/draft-hybrid-glove\/#primaryimage","url":"https:\/\/www.miomiorun.com\/app\/uploads\/2023\/11\/brooks-draft-hybrid-glove-asphalt-nightlife-white-280437025.jpg","contentUrl":"https:\/\/www.miomiorun.com\/app\/uploads\/2023\/11\/brooks-draft-hybrid-glove-asphalt-nightlife-white-280437025.jpg","width":600,"height":600,"caption":"brooks-draft-hybrid-glove-asphalt-nightlife-white-280437025"},{"@type":"BreadcrumbList","@id":"https:\/\/www.miomiorun.com\/de\/produkt\/draft-hybrid-glove\/#breadcrumb","itemListElement":[{"@type":"ListItem","position":1,"name":"Home","item":"https:\/\/www.miomiorun.com\/de\/"},{"@type":"ListItem","position":2,"name":"Shop","item":"https:\/\/www.miomiorun.com\/shop\/"},{"@type":"ListItem","position":3,"name":"Draft Hybrid Glove"}]},{"@type":"WebSite","@id":"https:\/\/www.miomiorun.com\/de\/#website","url":"https:\/\/www.miomiorun.com\/de\/","name":"MioMioRun","description":"100% Lauf- und Trailshop","publisher":{"@id":"https:\/\/www.miomiorun.com\/de\/#organization"},"potentialAction":[{"@type":"SearchAction","target":{"@type":"EntryPoint","urlTemplate":"https:\/\/www.miomiorun.com\/de\/?s={search_term_string}"},"query-input":{"@type":"PropertyValueSpecification","valueRequired":true,"valueName":"search_term_string"}}],"inLanguage":"de-DE"},{"@type":"Organization","@id":"https:\/\/www.miomiorun.com\/de\/#organization","name":"MioMio Run","url":"https:\/\/www.miomiorun.com\/de\/","logo":{"@type":"ImageObject","inLanguage":"de-DE","@id":"https:\/\/www.miomiorun.com\/de\/#\/schema\/logo\/image\/","url":"https:\/\/www.miomiorun.com\/app\/uploads\/2019\/12\/logomio.png","contentUrl":"https:\/\/www.miomiorun.com\/app\/uploads\/2019\/12\/logomio.png","width":115,"height":82,"caption":"MioMio Run"},"image":{"@id":"https:\/\/www.miomiorun.com\/de\/#\/schema\/logo\/image\/"},"sameAs":["https:\/\/www.facebook.com\/miomiorun\/","https:\/\/www.instagram.com\/miomiorun\/"]}]}},"_links":{"self":[{"href":"https:\/\/www.miomiorun.com\/de\/wp-json\/wp\/v2\/product\/173158","targetHints":{"allow":["GET"]}}],"collection":[{"href":"https:\/\/www.miomiorun.com\/de\/wp-json\/wp\/v2\/product"}],"about":[{"href":"https:\/\/www.miomiorun.com\/de\/wp-json\/wp\/v2\/types\/product"}],"wp:featuredmedia":[{"embeddable":true,"href":"https:\/\/www.miomiorun.com\/de\/wp-json\/wp\/v2\/media\/146225"}],"wp:attachment":[{"href":"https:\/\/www.miomiorun.com\/de\/wp-json\/wp\/v2\/media?parent=173158"}],"wp:term":[{"taxonomy":"product_brand","embeddable":true,"href":"https:\/\/www.miomiorun.com\/de\/wp-json\/wp\/v2\/product_brand?post=173158"},{"taxonomy":"product_cat","embeddable":true,"href":"https:\/\/www.miomiorun.com\/de\/wp-json\/wp\/v2\/product_cat?post=173158"},{"taxonomy":"product_tag","embeddable":true,"href":"https:\/\/www.miomiorun.com\/de\/wp-json\/wp\/v2\/product_tag?post=173158"}],"curies":[{"name":"wp","href":"https:\/\/api.w.org\/{rel}","templated":true}]}}