{"id":173135,"date":"2023-11-29T19:12:35","date_gmt":"2023-11-29T18:12:35","guid":{"rendered":"https:\/\/miomiorun.com\/prodotto\/hs-inner-glove-mf-touch\/"},"modified":"2026-05-08T21:56:04","modified_gmt":"2026-05-08T19:56:04","slug":"hs-inner-glove-mf-touch","status":"publish","type":"product","link":"https:\/\/www.miomiorun.com\/de\/produkt\/hs-inner-glove-mf-touch\/","title":{"rendered":"HS Inner Glove mf touch"},"content":{"rendered":"<div id=\"tw-target-text-container\" class=\"tw-ta-container F0azHf tw-nfl\" tabindex=\"0\">\n<div id=\"tw-target-text-container\" class=\"tw-ta-container F0azHf tw-nfl\" tabindex=\"0\">\n<p id=\"tw-target-text\" class=\"tw-data-text tw-text-large XcVN5d tw-ta\" dir=\"ltr\" data-placeholder=\"Traduzione\"><span class=\"Y2IQFc\" lang=\"it\">Bequemer Innenhandschuh aus Stretch-Fleece, der zur Bewegung anregt. Der Innenhandschuh MF Touch ist mit der cleveren LEKI mf Touch Technologie an den Fingerspitzen von Daumen und Zeigefinger ausgestattet: So k\u00f6nnen Sie Ihr Smartphone bedienen, ohne den Handschuh ausziehen zu m\u00fcssen. <\/span><\/p>\n<\/div>\n<div class=\"col-7 col-lg-6 product-highlight-content-container\">\n<div class=\"product-highlight-headline\">\n<h3 class=\"product-headline\">Allrounder<\/h3>\n<\/div>\n<div class=\"product-highlight-content\">\n<p>Vielseitiger Handschuh ohne integriertes Ringsystem<\/p>\n<div class=\"col-7 col-lg-6 product-highlight-content-container\">\n<div class=\"product-highlight-headline\">\n<h3 class=\"product-headline\">Komfort-Passform<\/h3>\n<\/div>\n<div class=\"product-highlight-content\">\n<p>Eine etwas bequemere Gr\u00f6\u00dfe f\u00fcr maximalen Komfort und immer warme H\u00e4nde.<\/p>\n<div class=\"col-7 col-lg-6 product-highlight-content-container\">\n<div class=\"product-highlight-headline\">\n<h3 class=\"product-headline\">Basic<\/h3>\n<\/div>\n<div class=\"product-highlight-content\">\n<p>Der W\u00e4rmegrad h\u00e4ngt von den Materialien ab, aus denen die Schale, die Isolierung und das Innenfutter bestehen, sowie von den hydrophoben Eigenschaften des Handschuhs. Auch Komfort und Struktur beeinflussen den W\u00e4rmegrad.<\/p>\n<\/div>\n<\/div>\n<\/div>\n<\/div>\n<\/div>\n<\/div>\n<div id=\"tw-target-text-container\" class=\"tw-ta-container F0azHf tw-nfl\" tabindex=\"0\">\n<p class=\"tw-data-text tw-text-large XcVN5d tw-ta\" dir=\"ltr\" data-placeholder=\"Traduzione\"><span class=\"Y2IQFc\" lang=\"it\"><strong>SMART GLOVES:<\/strong><\/span><\/p>\n<p class=\"tw-data-text tw-text-large XcVN5d tw-ta\" dir=\"ltr\" data-placeholder=\"Traduzione\"><span class=\"Y2IQFc\" lang=\"it\">Diese Leki Skihandschuhe sind mit Ihrem Smartphone kompatibel: Dank der LEKI MF Touch Technologie an den Daumen- und Zeigefingerspitzen k\u00f6nnen Sie ganz einfach auf Ihr Smartphone schauen, ohne dar\u00fcber streichen zu m\u00fcssen. <\/span><\/p>\n<p class=\"tw-data-text tw-text-large XcVN5d tw-ta\" dir=\"ltr\" data-placeholder=\"Traduzione\"><span class=\"Y2IQFc\" lang=\"it\"><strong>W\u00c4RME GARANTIERT:<\/strong><\/span><\/p>\n<p class=\"tw-data-text tw-text-large XcVN5d tw-ta\" dir=\"ltr\" data-placeholder=\"Traduzione\"><span class=\"Y2IQFc\" lang=\"it\">Diese Leki Skihandschuhe bieten W\u00e4rme und Komfort auch bei k\u00e4lteren Temperaturen dank der isolierenden und wasserabweisenden Materialien.<\/span><\/p>\n<\/div>\n<div id=\"tw-target-rmn-container\" class=\"tw-target-rmn tw-ta-container F0azHf tw-nfl\">\n<pre id=\"tw-target-rmn\" class=\"tw-data-placeholder tw-text-small tw-ta\" dir=\"ltr\" data-placeholder=\"\"><\/pre>\n<\/div>\n<\/div>\n","protected":false},"excerpt":{"rendered":"<p><span style=\"font-weight: 400;\">\u00a0<\/span><\/p>\n<p>&nbsp;<\/p>\n","protected":false},"featured_media":150229,"template":"","meta":{"_acf_changed":false,"inline_featured_image":false},"product_brand":[],"product_cat":[6342,6375],"product_tag":[6250,6253,6303],"class_list":{"0":"post-173135","1":"product","2":"type-product","3":"status-publish","4":"has-post-thumbnail","6":"product_cat-zubehoer","7":"product_cat-laufhandschuhe-zubehoer-2-de","8":"product_tag-leki-de","9":"product_tag-leki-damen-de","10":"product_tag-leki-herren-de","11":"pa_attivita-gehen","12":"pa_attivita-outdoor-de","13":"pa_attivita-running-de","14":"pa_attivita-trail-de","15":"pa_colore-hs-inner-glove-mf-touch-black-de","16":"pa_marca-leki-de","17":"pa_sesso-damen","18":"pa_sesso-herren","19":"pa_size-7-de","20":"pa_size-7-5-de","21":"pa_size-8-de","22":"pa_size-8-5-de","23":"pa_size-9-de","24":"pa_size-9-5-de","25":"pa_size-10-de","27":"first","28":"instock","29":"sale","30":"taxable","31":"shipping-taxable","32":"purchasable","33":"product-type-variable","34":"wvs-archive-product-wrapper"},"acf":[],"yoast_head":"<!-- This site is optimized with the Yoast SEO plugin v26.8 - https:\/\/yoast.com\/product\/yoast-seo-wordpress\/ -->\n<title>Leki HS Inner Glove mf touch - Laufhandschuhe - MioMioRun<\/title>\n<meta name=\"description\" content=\"Bequemer Innenhandschuh aus Stretch-Fleece, der die Bewegung f\u00f6rdert. Mit dem Innenhandschuh MF Touch k\u00f6nnen Sie Ihr Smartphone bedienen, ohne den Handschuh ausziehen zu m\u00fcssen.\" \/>\n<meta name=\"robots\" content=\"index, follow, max-snippet:-1, max-image-preview:large, max-video-preview:-1\" \/>\n<link rel=\"canonical\" href=\"https:\/\/www.miomiorun.com\/de\/produkt\/hs-inner-glove-mf-touch\/\" \/>\n<meta property=\"og:locale\" content=\"de_DE\" \/>\n<meta property=\"og:type\" content=\"article\" \/>\n<meta property=\"og:title\" content=\"Leki HS Inner Glove mf touch - Laufhandschuhe - MioMioRun\" \/>\n<meta property=\"og:description\" content=\"Bequemer Innenhandschuh aus Stretch-Fleece, der die Bewegung f\u00f6rdert. Mit dem Innenhandschuh MF Touch k\u00f6nnen Sie Ihr Smartphone bedienen, ohne den Handschuh ausziehen zu m\u00fcssen.\" \/>\n<meta property=\"og:url\" content=\"https:\/\/www.miomiorun.com\/de\/produkt\/hs-inner-glove-mf-touch\/\" \/>\n<meta property=\"og:site_name\" content=\"MioMioRun\" \/>\n<meta property=\"article:publisher\" content=\"https:\/\/www.facebook.com\/miomiorun\/\" \/>\n<meta property=\"article:modified_time\" content=\"2026-05-08T19:56:04+00:00\" \/>\n<meta property=\"og:image\" content=\"https:\/\/www.miomiorun.com\/app\/uploads\/2023\/11\/leki-HS-inner-glove-mf-touch-black-653814301.jpg\" \/>\n\t<meta property=\"og:image:width\" content=\"600\" \/>\n\t<meta property=\"og:image:height\" content=\"600\" \/>\n\t<meta property=\"og:image:type\" content=\"image\/jpeg\" \/>\n<meta name=\"twitter:card\" content=\"summary_large_image\" \/>\n<meta name=\"twitter:label1\" content=\"Est. reading time\" \/>\n\t<meta name=\"twitter:data1\" content=\"1 minute\" \/>\n<script type=\"application\/ld+json\" class=\"yoast-schema-graph\">{\"@context\":\"https:\/\/schema.org\",\"@graph\":[{\"@type\":\"WebPage\",\"@id\":\"https:\/\/www.miomiorun.com\/de\/produkt\/hs-inner-glove-mf-touch\/\",\"url\":\"https:\/\/www.miomiorun.com\/de\/produkt\/hs-inner-glove-mf-touch\/\",\"name\":\"Leki HS Inner Glove mf touch - Laufhandschuhe - MioMioRun\",\"isPartOf\":{\"@id\":\"https:\/\/www.miomiorun.com\/de\/#website\"},\"primaryImageOfPage\":{\"@id\":\"https:\/\/www.miomiorun.com\/de\/produkt\/hs-inner-glove-mf-touch\/#primaryimage\"},\"image\":{\"@id\":\"https:\/\/www.miomiorun.com\/de\/produkt\/hs-inner-glove-mf-touch\/#primaryimage\"},\"thumbnailUrl\":\"https:\/\/www.miomiorun.com\/app\/uploads\/2023\/11\/leki-HS-inner-glove-mf-touch-black-653814301.jpg\",\"datePublished\":\"2023-11-29T18:12:35+00:00\",\"dateModified\":\"2026-05-08T19:56:04+00:00\",\"description\":\"Bequemer Innenhandschuh aus Stretch-Fleece, der die Bewegung f\u00f6rdert. Mit dem Innenhandschuh MF Touch k\u00f6nnen Sie Ihr Smartphone bedienen, ohne den Handschuh ausziehen zu m\u00fcssen.\",\"breadcrumb\":{\"@id\":\"https:\/\/www.miomiorun.com\/de\/produkt\/hs-inner-glove-mf-touch\/#breadcrumb\"},\"inLanguage\":\"de-DE\",\"potentialAction\":[{\"@type\":\"ReadAction\",\"target\":[\"https:\/\/www.miomiorun.com\/de\/produkt\/hs-inner-glove-mf-touch\/\"]}]},{\"@type\":\"ImageObject\",\"inLanguage\":\"de-DE\",\"@id\":\"https:\/\/www.miomiorun.com\/de\/produkt\/hs-inner-glove-mf-touch\/#primaryimage\",\"url\":\"https:\/\/www.miomiorun.com\/app\/uploads\/2023\/11\/leki-HS-inner-glove-mf-touch-black-653814301.jpg\",\"contentUrl\":\"https:\/\/www.miomiorun.com\/app\/uploads\/2023\/11\/leki-HS-inner-glove-mf-touch-black-653814301.jpg\",\"width\":600,\"height\":600,\"caption\":\"leki-HS-inner-glove-mf-touch-black-653814301\"},{\"@type\":\"BreadcrumbList\",\"@id\":\"https:\/\/www.miomiorun.com\/de\/produkt\/hs-inner-glove-mf-touch\/#breadcrumb\",\"itemListElement\":[{\"@type\":\"ListItem\",\"position\":1,\"name\":\"Home\",\"item\":\"https:\/\/www.miomiorun.com\/de\/\"},{\"@type\":\"ListItem\",\"position\":2,\"name\":\"Shop\",\"item\":\"https:\/\/www.miomiorun.com\/shop\/\"},{\"@type\":\"ListItem\",\"position\":3,\"name\":\"HS Inner Glove mf touch\"}]},{\"@type\":\"WebSite\",\"@id\":\"https:\/\/www.miomiorun.com\/de\/#website\",\"url\":\"https:\/\/www.miomiorun.com\/de\/\",\"name\":\"MioMioRun\",\"description\":\"100% Lauf- und Trailshop\",\"publisher\":{\"@id\":\"https:\/\/www.miomiorun.com\/de\/#organization\"},\"potentialAction\":[{\"@type\":\"SearchAction\",\"target\":{\"@type\":\"EntryPoint\",\"urlTemplate\":\"https:\/\/www.miomiorun.com\/de\/?s={search_term_string}\"},\"query-input\":{\"@type\":\"PropertyValueSpecification\",\"valueRequired\":true,\"valueName\":\"search_term_string\"}}],\"inLanguage\":\"de-DE\"},{\"@type\":\"Organization\",\"@id\":\"https:\/\/www.miomiorun.com\/de\/#organization\",\"name\":\"MioMio Run\",\"url\":\"https:\/\/www.miomiorun.com\/de\/\",\"logo\":{\"@type\":\"ImageObject\",\"inLanguage\":\"de-DE\",\"@id\":\"https:\/\/www.miomiorun.com\/de\/#\/schema\/logo\/image\/\",\"url\":\"https:\/\/www.miomiorun.com\/app\/uploads\/2019\/12\/logomio.png\",\"contentUrl\":\"https:\/\/www.miomiorun.com\/app\/uploads\/2019\/12\/logomio.png\",\"width\":115,\"height\":82,\"caption\":\"MioMio Run\"},\"image\":{\"@id\":\"https:\/\/www.miomiorun.com\/de\/#\/schema\/logo\/image\/\"},\"sameAs\":[\"https:\/\/www.facebook.com\/miomiorun\/\",\"https:\/\/www.instagram.com\/miomiorun\/\"]}]}<\/script>\n<!-- \/ Yoast SEO plugin. -->","yoast_head_json":{"title":"Leki HS Inner Glove mf touch - Laufhandschuhe - MioMioRun","description":"Bequemer Innenhandschuh aus Stretch-Fleece, der die Bewegung f\u00f6rdert. Mit dem Innenhandschuh MF Touch k\u00f6nnen Sie Ihr Smartphone bedienen, ohne den Handschuh ausziehen zu m\u00fcssen.","robots":{"index":"index","follow":"follow","max-snippet":"max-snippet:-1","max-image-preview":"max-image-preview:large","max-video-preview":"max-video-preview:-1"},"canonical":"https:\/\/www.miomiorun.com\/de\/produkt\/hs-inner-glove-mf-touch\/","og_locale":"de_DE","og_type":"article","og_title":"Leki HS Inner Glove mf touch - Laufhandschuhe - MioMioRun","og_description":"Bequemer Innenhandschuh aus Stretch-Fleece, der die Bewegung f\u00f6rdert. Mit dem Innenhandschuh MF Touch k\u00f6nnen Sie Ihr Smartphone bedienen, ohne den Handschuh ausziehen zu m\u00fcssen.","og_url":"https:\/\/www.miomiorun.com\/de\/produkt\/hs-inner-glove-mf-touch\/","og_site_name":"MioMioRun","article_publisher":"https:\/\/www.facebook.com\/miomiorun\/","article_modified_time":"2026-05-08T19:56:04+00:00","og_image":[{"width":600,"height":600,"url":"https:\/\/www.miomiorun.com\/app\/uploads\/2023\/11\/leki-HS-inner-glove-mf-touch-black-653814301.jpg","type":"image\/jpeg"}],"twitter_card":"summary_large_image","twitter_misc":{"Est. reading time":"1 minute"},"schema":{"@context":"https:\/\/schema.org","@graph":[{"@type":"WebPage","@id":"https:\/\/www.miomiorun.com\/de\/produkt\/hs-inner-glove-mf-touch\/","url":"https:\/\/www.miomiorun.com\/de\/produkt\/hs-inner-glove-mf-touch\/","name":"Leki HS Inner Glove mf touch - Laufhandschuhe - MioMioRun","isPartOf":{"@id":"https:\/\/www.miomiorun.com\/de\/#website"},"primaryImageOfPage":{"@id":"https:\/\/www.miomiorun.com\/de\/produkt\/hs-inner-glove-mf-touch\/#primaryimage"},"image":{"@id":"https:\/\/www.miomiorun.com\/de\/produkt\/hs-inner-glove-mf-touch\/#primaryimage"},"thumbnailUrl":"https:\/\/www.miomiorun.com\/app\/uploads\/2023\/11\/leki-HS-inner-glove-mf-touch-black-653814301.jpg","datePublished":"2023-11-29T18:12:35+00:00","dateModified":"2026-05-08T19:56:04+00:00","description":"Bequemer Innenhandschuh aus Stretch-Fleece, der die Bewegung f\u00f6rdert. Mit dem Innenhandschuh MF Touch k\u00f6nnen Sie Ihr Smartphone bedienen, ohne den Handschuh ausziehen zu m\u00fcssen.","breadcrumb":{"@id":"https:\/\/www.miomiorun.com\/de\/produkt\/hs-inner-glove-mf-touch\/#breadcrumb"},"inLanguage":"de-DE","potentialAction":[{"@type":"ReadAction","target":["https:\/\/www.miomiorun.com\/de\/produkt\/hs-inner-glove-mf-touch\/"]}]},{"@type":"ImageObject","inLanguage":"de-DE","@id":"https:\/\/www.miomiorun.com\/de\/produkt\/hs-inner-glove-mf-touch\/#primaryimage","url":"https:\/\/www.miomiorun.com\/app\/uploads\/2023\/11\/leki-HS-inner-glove-mf-touch-black-653814301.jpg","contentUrl":"https:\/\/www.miomiorun.com\/app\/uploads\/2023\/11\/leki-HS-inner-glove-mf-touch-black-653814301.jpg","width":600,"height":600,"caption":"leki-HS-inner-glove-mf-touch-black-653814301"},{"@type":"BreadcrumbList","@id":"https:\/\/www.miomiorun.com\/de\/produkt\/hs-inner-glove-mf-touch\/#breadcrumb","itemListElement":[{"@type":"ListItem","position":1,"name":"Home","item":"https:\/\/www.miomiorun.com\/de\/"},{"@type":"ListItem","position":2,"name":"Shop","item":"https:\/\/www.miomiorun.com\/shop\/"},{"@type":"ListItem","position":3,"name":"HS Inner Glove mf touch"}]},{"@type":"WebSite","@id":"https:\/\/www.miomiorun.com\/de\/#website","url":"https:\/\/www.miomiorun.com\/de\/","name":"MioMioRun","description":"100% Lauf- und Trailshop","publisher":{"@id":"https:\/\/www.miomiorun.com\/de\/#organization"},"potentialAction":[{"@type":"SearchAction","target":{"@type":"EntryPoint","urlTemplate":"https:\/\/www.miomiorun.com\/de\/?s={search_term_string}"},"query-input":{"@type":"PropertyValueSpecification","valueRequired":true,"valueName":"search_term_string"}}],"inLanguage":"de-DE"},{"@type":"Organization","@id":"https:\/\/www.miomiorun.com\/de\/#organization","name":"MioMio Run","url":"https:\/\/www.miomiorun.com\/de\/","logo":{"@type":"ImageObject","inLanguage":"de-DE","@id":"https:\/\/www.miomiorun.com\/de\/#\/schema\/logo\/image\/","url":"https:\/\/www.miomiorun.com\/app\/uploads\/2019\/12\/logomio.png","contentUrl":"https:\/\/www.miomiorun.com\/app\/uploads\/2019\/12\/logomio.png","width":115,"height":82,"caption":"MioMio Run"},"image":{"@id":"https:\/\/www.miomiorun.com\/de\/#\/schema\/logo\/image\/"},"sameAs":["https:\/\/www.facebook.com\/miomiorun\/","https:\/\/www.instagram.com\/miomiorun\/"]}]}},"_links":{"self":[{"href":"https:\/\/www.miomiorun.com\/de\/wp-json\/wp\/v2\/product\/173135","targetHints":{"allow":["GET"]}}],"collection":[{"href":"https:\/\/www.miomiorun.com\/de\/wp-json\/wp\/v2\/product"}],"about":[{"href":"https:\/\/www.miomiorun.com\/de\/wp-json\/wp\/v2\/types\/product"}],"wp:featuredmedia":[{"embeddable":true,"href":"https:\/\/www.miomiorun.com\/de\/wp-json\/wp\/v2\/media\/150229"}],"wp:attachment":[{"href":"https:\/\/www.miomiorun.com\/de\/wp-json\/wp\/v2\/media?parent=173135"}],"wp:term":[{"taxonomy":"product_brand","embeddable":true,"href":"https:\/\/www.miomiorun.com\/de\/wp-json\/wp\/v2\/product_brand?post=173135"},{"taxonomy":"product_cat","embeddable":true,"href":"https:\/\/www.miomiorun.com\/de\/wp-json\/wp\/v2\/product_cat?post=173135"},{"taxonomy":"product_tag","embeddable":true,"href":"https:\/\/www.miomiorun.com\/de\/wp-json\/wp\/v2\/product_tag?post=173135"}],"curies":[{"name":"wp","href":"https:\/\/api.w.org\/{rel}","templated":true}]}}