{"id":173088,"date":"2021-09-15T10:53:21","date_gmt":"2021-09-15T08:53:21","guid":{"rendered":"https:\/\/miomiorun.com\/prodotto\/craft-active-extreme-x-neck-tube\/"},"modified":"2025-02-26T16:16:53","modified_gmt":"2025-02-26T15:16:53","slug":"craft-active-extreme-x-neck-tube","status":"publish","type":"product","link":"https:\/\/www.miomiorun.com\/de\/produkt\/craft-active-extreme-x-neck-tube\/","title":{"rendered":"Active Extreme X Neck Tube"},"content":{"rendered":"<p id=\"tw-target-text\" class=\"tw-data-text tw-text-large XcVN5d tw-ta\" dir=\"ltr\" data-placeholder=\"Traduzione\"><span class=\"Y2IQFc\" lang=\"it\">Der <strong>Active Extreme X Neck Tube<\/strong> ist ein multifunktionales Kleidungsst\u00fcck, das sowohl als M\u00fctze als auch als Nackenw\u00e4rmer verwendet werden kann und f\u00fcr Wettk\u00e4mpfe und hochintensives Training bei kalten Winterbedingungen entwickelt wurde. <\/span><\/p>\n<p class=\"tw-data-text tw-text-large XcVN5d tw-ta\" dir=\"ltr\" data-placeholder=\"Traduzione\"><span class=\"Y2IQFc\" lang=\"it\">Dieses leistungsstarke Kleidungsst\u00fcck kombiniert SEAQUAL-Polyester, Coolmax Air Technology-Material und recyceltes Polyester, um eine maximale Temperaturkontrolle bei hochintensiven k\u00f6rperlichen Aktivit\u00e4ten zu gew\u00e4hrleisten. <\/span><\/p>\n<p class=\"tw-data-text tw-text-large XcVN5d tw-ta\" dir=\"ltr\" data-placeholder=\"Traduzione\"><span class=\"Y2IQFc\" lang=\"it\">Das Kleidungsst\u00fcck hat au\u00dferdem ein Rippenstrick-Design f\u00fcr erh\u00f6hten Feuchtigkeitstransport und Komfort. <\/span><\/p>\n<p class=\"tw-data-text tw-text-large XcVN5d tw-ta\" dir=\"ltr\" data-placeholder=\"Traduzione\"><span class=\"Y2IQFc\" lang=\"it\">Recyceltes Material SEAQUAL ist eine Initiative, die dazu beitr\u00e4gt, unsere Meere von Abfall zu befreien und die Kreislaufwirtschaft in der Gesellschaft zu f\u00f6rdern. Das Active Extreme X Neck Tube besteht aus recyceltem SEAQUAL-Polyester, das aus Plastikm\u00fcll aus dem Meer gewonnen wird. Das recycelte Material ist nicht nur eine gute Wahl f\u00fcr die Umwelt, sondern sorgt auch f\u00fcr einen effizienten Feuchtigkeitstransport und Bel\u00fcftung f\u00fcr eine optimale Temperaturkontrolle.<\/span><\/p>\n<p dir=\"ltr\" data-placeholder=\"Traduzione\">\n","protected":false},"excerpt":{"rendered":"<p>Der Active Extreme X Neck Tube ist ein multifunktionales Kleidungsst\u00fcck, das sowohl als M\u00fctze als auch als Nackenw\u00e4rmer verwendet werden kann und f\u00fcr Wettk\u00e4mpfe und hochintensives Training bei kalten Winterbedingungen entwickelt wurde. Dieses leistungsstarke Kleidungsst\u00fcck kombiniert SEAQUAL-Polyester, Coolmax Air Technology-Material und recyceltes Polyester, um eine maximale Temperaturkontrolle bei hochintensiven k\u00f6rperlichen Aktivit\u00e4ten zu gew\u00e4hrleisten. Das Kleidungsst\u00fcck &hellip; <a href=\"https:\/\/www.miomiorun.com\/de\/produkt\/craft-active-extreme-x-neck-tube\/\">Continued<\/a><\/p>\n","protected":false},"featured_media":57900,"template":"","meta":{"_acf_changed":false,"inline_featured_image":false},"product_brand":[],"product_cat":[6342,6392],"product_tag":[6304],"class_list":{"0":"post-173088","1":"product","2":"type-product","3":"status-publish","4":"has-post-thumbnail","6":"product_cat-zubehoer","7":"product_cat-nackenwaermer-de","8":"product_tag-craft-de","9":"pa_attivita-gehen","10":"pa_attivita-running-de","11":"pa_marca-craft-de","12":"pa_sesso-damen","13":"pa_sesso-herren","15":"first","16":"instock","17":"sale","18":"taxable","19":"shipping-taxable","20":"purchasable","21":"product-type-simple"},"acf":[],"yoast_head":"<!-- This site is optimized with the Yoast SEO plugin v26.8 - https:\/\/yoast.com\/product\/yoast-seo-wordpress\/ -->\n<title>Craft Active Extreme X Neck Tube - Laufender Halsw\u00e4rmer - MioMioRun.com<\/title>\n<meta name=\"description\" content=\"Der Active Extreme X Neck Tube ist ein multifunktionales Kleidungsst\u00fcck, das sowohl als M\u00fctze als auch als Halsw\u00e4rmer verwendet werden kann.\" \/>\n<meta name=\"robots\" content=\"index, follow, max-snippet:-1, max-image-preview:large, max-video-preview:-1\" \/>\n<link rel=\"canonical\" href=\"https:\/\/www.miomiorun.com\/de\/produkt\/craft-active-extreme-x-neck-tube\/\" \/>\n<meta property=\"og:locale\" content=\"de_DE\" \/>\n<meta property=\"og:type\" content=\"article\" \/>\n<meta property=\"og:title\" content=\"Craft Active Extreme X Neck Tube - Laufender Halsw\u00e4rmer - MioMioRun.com\" \/>\n<meta property=\"og:description\" content=\"Der Active Extreme X Neck Tube ist ein multifunktionales Kleidungsst\u00fcck, das sowohl als M\u00fctze als auch als Halsw\u00e4rmer verwendet werden kann.\" \/>\n<meta property=\"og:url\" content=\"https:\/\/www.miomiorun.com\/de\/produkt\/craft-active-extreme-x-neck-tube\/\" \/>\n<meta property=\"og:site_name\" content=\"MioMioRun\" \/>\n<meta property=\"article:publisher\" content=\"https:\/\/www.facebook.com\/miomiorun\/\" \/>\n<meta property=\"article:modified_time\" content=\"2025-02-26T15:16:53+00:00\" \/>\n<meta property=\"og:image\" content=\"https:\/\/www.miomiorun.com\/app\/uploads\/2021\/09\/craft-Active-extreme-x-neck-tube-1909684-999985.jpg\" \/>\n\t<meta property=\"og:image:width\" content=\"600\" \/>\n\t<meta property=\"og:image:height\" content=\"600\" \/>\n\t<meta property=\"og:image:type\" content=\"image\/jpeg\" \/>\n<meta name=\"twitter:card\" content=\"summary_large_image\" \/>\n<meta name=\"twitter:label1\" content=\"Est. reading time\" \/>\n\t<meta name=\"twitter:data1\" content=\"1 minute\" \/>\n<script type=\"application\/ld+json\" class=\"yoast-schema-graph\">{\"@context\":\"https:\/\/schema.org\",\"@graph\":[{\"@type\":\"WebPage\",\"@id\":\"https:\/\/www.miomiorun.com\/de\/produkt\/craft-active-extreme-x-neck-tube\/\",\"url\":\"https:\/\/www.miomiorun.com\/de\/produkt\/craft-active-extreme-x-neck-tube\/\",\"name\":\"Craft Active Extreme X Neck Tube - Laufender Halsw\u00e4rmer - MioMioRun.com\",\"isPartOf\":{\"@id\":\"https:\/\/www.miomiorun.com\/de\/#website\"},\"primaryImageOfPage\":{\"@id\":\"https:\/\/www.miomiorun.com\/de\/produkt\/craft-active-extreme-x-neck-tube\/#primaryimage\"},\"image\":{\"@id\":\"https:\/\/www.miomiorun.com\/de\/produkt\/craft-active-extreme-x-neck-tube\/#primaryimage\"},\"thumbnailUrl\":\"https:\/\/www.miomiorun.com\/app\/uploads\/2021\/09\/craft-Active-extreme-x-neck-tube-1909684-999985.jpg\",\"datePublished\":\"2021-09-15T08:53:21+00:00\",\"dateModified\":\"2025-02-26T15:16:53+00:00\",\"description\":\"Der Active Extreme X Neck Tube ist ein multifunktionales Kleidungsst\u00fcck, das sowohl als M\u00fctze als auch als Halsw\u00e4rmer verwendet werden kann.\",\"breadcrumb\":{\"@id\":\"https:\/\/www.miomiorun.com\/de\/produkt\/craft-active-extreme-x-neck-tube\/#breadcrumb\"},\"inLanguage\":\"de-DE\",\"potentialAction\":[{\"@type\":\"ReadAction\",\"target\":[\"https:\/\/www.miomiorun.com\/de\/produkt\/craft-active-extreme-x-neck-tube\/\"]}]},{\"@type\":\"ImageObject\",\"inLanguage\":\"de-DE\",\"@id\":\"https:\/\/www.miomiorun.com\/de\/produkt\/craft-active-extreme-x-neck-tube\/#primaryimage\",\"url\":\"https:\/\/www.miomiorun.com\/app\/uploads\/2021\/09\/craft-Active-extreme-x-neck-tube-1909684-999985.jpg\",\"contentUrl\":\"https:\/\/www.miomiorun.com\/app\/uploads\/2021\/09\/craft-Active-extreme-x-neck-tube-1909684-999985.jpg\",\"width\":600,\"height\":600,\"caption\":\"craft active extreme x neck tube\"},{\"@type\":\"BreadcrumbList\",\"@id\":\"https:\/\/www.miomiorun.com\/de\/produkt\/craft-active-extreme-x-neck-tube\/#breadcrumb\",\"itemListElement\":[{\"@type\":\"ListItem\",\"position\":1,\"name\":\"Home\",\"item\":\"https:\/\/www.miomiorun.com\/de\/\"},{\"@type\":\"ListItem\",\"position\":2,\"name\":\"Shop\",\"item\":\"https:\/\/www.miomiorun.com\/shop\/\"},{\"@type\":\"ListItem\",\"position\":3,\"name\":\"Active Extreme X Neck Tube\"}]},{\"@type\":\"WebSite\",\"@id\":\"https:\/\/www.miomiorun.com\/de\/#website\",\"url\":\"https:\/\/www.miomiorun.com\/de\/\",\"name\":\"MioMioRun\",\"description\":\"100% Lauf- und Trailshop\",\"publisher\":{\"@id\":\"https:\/\/www.miomiorun.com\/de\/#organization\"},\"potentialAction\":[{\"@type\":\"SearchAction\",\"target\":{\"@type\":\"EntryPoint\",\"urlTemplate\":\"https:\/\/www.miomiorun.com\/de\/?s={search_term_string}\"},\"query-input\":{\"@type\":\"PropertyValueSpecification\",\"valueRequired\":true,\"valueName\":\"search_term_string\"}}],\"inLanguage\":\"de-DE\"},{\"@type\":\"Organization\",\"@id\":\"https:\/\/www.miomiorun.com\/de\/#organization\",\"name\":\"MioMio Run\",\"url\":\"https:\/\/www.miomiorun.com\/de\/\",\"logo\":{\"@type\":\"ImageObject\",\"inLanguage\":\"de-DE\",\"@id\":\"https:\/\/www.miomiorun.com\/de\/#\/schema\/logo\/image\/\",\"url\":\"https:\/\/www.miomiorun.com\/app\/uploads\/2019\/12\/logomio.png\",\"contentUrl\":\"https:\/\/www.miomiorun.com\/app\/uploads\/2019\/12\/logomio.png\",\"width\":115,\"height\":82,\"caption\":\"MioMio Run\"},\"image\":{\"@id\":\"https:\/\/www.miomiorun.com\/de\/#\/schema\/logo\/image\/\"},\"sameAs\":[\"https:\/\/www.facebook.com\/miomiorun\/\",\"https:\/\/www.instagram.com\/miomiorun\/\"]}]}<\/script>\n<!-- \/ Yoast SEO plugin. -->","yoast_head_json":{"title":"Craft Active Extreme X Neck Tube - Laufender Halsw\u00e4rmer - MioMioRun.com","description":"Der Active Extreme X Neck Tube ist ein multifunktionales Kleidungsst\u00fcck, das sowohl als M\u00fctze als auch als Halsw\u00e4rmer verwendet werden kann.","robots":{"index":"index","follow":"follow","max-snippet":"max-snippet:-1","max-image-preview":"max-image-preview:large","max-video-preview":"max-video-preview:-1"},"canonical":"https:\/\/www.miomiorun.com\/de\/produkt\/craft-active-extreme-x-neck-tube\/","og_locale":"de_DE","og_type":"article","og_title":"Craft Active Extreme X Neck Tube - Laufender Halsw\u00e4rmer - MioMioRun.com","og_description":"Der Active Extreme X Neck Tube ist ein multifunktionales Kleidungsst\u00fcck, das sowohl als M\u00fctze als auch als Halsw\u00e4rmer verwendet werden kann.","og_url":"https:\/\/www.miomiorun.com\/de\/produkt\/craft-active-extreme-x-neck-tube\/","og_site_name":"MioMioRun","article_publisher":"https:\/\/www.facebook.com\/miomiorun\/","article_modified_time":"2025-02-26T15:16:53+00:00","og_image":[{"width":600,"height":600,"url":"https:\/\/www.miomiorun.com\/app\/uploads\/2021\/09\/craft-Active-extreme-x-neck-tube-1909684-999985.jpg","type":"image\/jpeg"}],"twitter_card":"summary_large_image","twitter_misc":{"Est. reading time":"1 minute"},"schema":{"@context":"https:\/\/schema.org","@graph":[{"@type":"WebPage","@id":"https:\/\/www.miomiorun.com\/de\/produkt\/craft-active-extreme-x-neck-tube\/","url":"https:\/\/www.miomiorun.com\/de\/produkt\/craft-active-extreme-x-neck-tube\/","name":"Craft Active Extreme X Neck Tube - Laufender Halsw\u00e4rmer - MioMioRun.com","isPartOf":{"@id":"https:\/\/www.miomiorun.com\/de\/#website"},"primaryImageOfPage":{"@id":"https:\/\/www.miomiorun.com\/de\/produkt\/craft-active-extreme-x-neck-tube\/#primaryimage"},"image":{"@id":"https:\/\/www.miomiorun.com\/de\/produkt\/craft-active-extreme-x-neck-tube\/#primaryimage"},"thumbnailUrl":"https:\/\/www.miomiorun.com\/app\/uploads\/2021\/09\/craft-Active-extreme-x-neck-tube-1909684-999985.jpg","datePublished":"2021-09-15T08:53:21+00:00","dateModified":"2025-02-26T15:16:53+00:00","description":"Der Active Extreme X Neck Tube ist ein multifunktionales Kleidungsst\u00fcck, das sowohl als M\u00fctze als auch als Halsw\u00e4rmer verwendet werden kann.","breadcrumb":{"@id":"https:\/\/www.miomiorun.com\/de\/produkt\/craft-active-extreme-x-neck-tube\/#breadcrumb"},"inLanguage":"de-DE","potentialAction":[{"@type":"ReadAction","target":["https:\/\/www.miomiorun.com\/de\/produkt\/craft-active-extreme-x-neck-tube\/"]}]},{"@type":"ImageObject","inLanguage":"de-DE","@id":"https:\/\/www.miomiorun.com\/de\/produkt\/craft-active-extreme-x-neck-tube\/#primaryimage","url":"https:\/\/www.miomiorun.com\/app\/uploads\/2021\/09\/craft-Active-extreme-x-neck-tube-1909684-999985.jpg","contentUrl":"https:\/\/www.miomiorun.com\/app\/uploads\/2021\/09\/craft-Active-extreme-x-neck-tube-1909684-999985.jpg","width":600,"height":600,"caption":"craft active extreme x neck tube"},{"@type":"BreadcrumbList","@id":"https:\/\/www.miomiorun.com\/de\/produkt\/craft-active-extreme-x-neck-tube\/#breadcrumb","itemListElement":[{"@type":"ListItem","position":1,"name":"Home","item":"https:\/\/www.miomiorun.com\/de\/"},{"@type":"ListItem","position":2,"name":"Shop","item":"https:\/\/www.miomiorun.com\/shop\/"},{"@type":"ListItem","position":3,"name":"Active Extreme X Neck Tube"}]},{"@type":"WebSite","@id":"https:\/\/www.miomiorun.com\/de\/#website","url":"https:\/\/www.miomiorun.com\/de\/","name":"MioMioRun","description":"100% Lauf- und Trailshop","publisher":{"@id":"https:\/\/www.miomiorun.com\/de\/#organization"},"potentialAction":[{"@type":"SearchAction","target":{"@type":"EntryPoint","urlTemplate":"https:\/\/www.miomiorun.com\/de\/?s={search_term_string}"},"query-input":{"@type":"PropertyValueSpecification","valueRequired":true,"valueName":"search_term_string"}}],"inLanguage":"de-DE"},{"@type":"Organization","@id":"https:\/\/www.miomiorun.com\/de\/#organization","name":"MioMio Run","url":"https:\/\/www.miomiorun.com\/de\/","logo":{"@type":"ImageObject","inLanguage":"de-DE","@id":"https:\/\/www.miomiorun.com\/de\/#\/schema\/logo\/image\/","url":"https:\/\/www.miomiorun.com\/app\/uploads\/2019\/12\/logomio.png","contentUrl":"https:\/\/www.miomiorun.com\/app\/uploads\/2019\/12\/logomio.png","width":115,"height":82,"caption":"MioMio Run"},"image":{"@id":"https:\/\/www.miomiorun.com\/de\/#\/schema\/logo\/image\/"},"sameAs":["https:\/\/www.facebook.com\/miomiorun\/","https:\/\/www.instagram.com\/miomiorun\/"]}]}},"_links":{"self":[{"href":"https:\/\/www.miomiorun.com\/de\/wp-json\/wp\/v2\/product\/173088","targetHints":{"allow":["GET"]}}],"collection":[{"href":"https:\/\/www.miomiorun.com\/de\/wp-json\/wp\/v2\/product"}],"about":[{"href":"https:\/\/www.miomiorun.com\/de\/wp-json\/wp\/v2\/types\/product"}],"wp:featuredmedia":[{"embeddable":true,"href":"https:\/\/www.miomiorun.com\/de\/wp-json\/wp\/v2\/media\/57900"}],"wp:attachment":[{"href":"https:\/\/www.miomiorun.com\/de\/wp-json\/wp\/v2\/media?parent=173088"}],"wp:term":[{"taxonomy":"product_brand","embeddable":true,"href":"https:\/\/www.miomiorun.com\/de\/wp-json\/wp\/v2\/product_brand?post=173088"},{"taxonomy":"product_cat","embeddable":true,"href":"https:\/\/www.miomiorun.com\/de\/wp-json\/wp\/v2\/product_cat?post=173088"},{"taxonomy":"product_tag","embeddable":true,"href":"https:\/\/www.miomiorun.com\/de\/wp-json\/wp\/v2\/product_tag?post=173088"}],"curies":[{"name":"wp","href":"https:\/\/api.w.org\/{rel}","templated":true}]}}