{"id":172972,"date":"2019-12-21T16:56:51","date_gmt":"2019-12-21T15:56:51","guid":{"rendered":"https:\/\/miomiorun.com\/prodotto\/craft-repeat-hat\/"},"modified":"2024-05-29T11:40:11","modified_gmt":"2024-05-29T09:40:11","slug":"craft-repeat-hat","status":"publish","type":"product","link":"https:\/\/www.miomiorun.com\/de\/produkt\/craft-repeat-hat\/","title":{"rendered":"Repeat Hat"},"content":{"rendered":"<p>Repeat Hat ist eine hochfunktionelle und elastische M\u00fctze, die sich perfekt f\u00fcr alle Arten von Wintertraining eignet. Das weiche, gestrickte Innenfutter bietet gro\u00dfen Komfort und effizienten Feuchtigkeitstransport. Sie verf\u00fcgt \u00fcber eine kleine Schlaufe.<\/p>\n<p>Stoff: Stoff 1: 85% Polyester, 15% Elasthan<\/p>\n","protected":false},"excerpt":{"rendered":"<p><span style=\"font-weight: 400;\">Repeat Hat ist eine hochfunktionelle und elastische M\u00fctze, die sich perfekt f\u00fcr alle Arten von Wintertraining eignet.<\/span><\/p>\n","protected":false},"featured_media":50630,"template":"","meta":{"_acf_changed":false,"inline_featured_image":false},"product_brand":[],"product_cat":[6342,6372,6374],"product_tag":[6304],"class_list":{"0":"post-172972","1":"product","2":"type-product","3":"status-publish","4":"has-post-thumbnail","6":"product_cat-zubehoer","7":"product_cat-aufwaermausruestung-de","8":"product_cat-haar-de","9":"product_tag-craft-de","10":"pa_attivita-gehen","11":"pa_attivita-running-de","12":"pa_colore-cappello-repeat-rosa-de","13":"pa_marca-craft-de","14":"pa_sesso-damen","15":"pa_sesso-herren","17":"first","18":"instock","19":"sale","20":"taxable","21":"shipping-taxable","22":"purchasable","23":"product-type-variable","24":"wvs-archive-product-wrapper"},"acf":[],"yoast_head":"<!-- This site is optimized with the Yoast SEO plugin v26.8 - https:\/\/yoast.com\/product\/yoast-seo-wordpress\/ -->\n<title>Repeat Hat - Winterm\u00fctze - MioMioRun.com<\/title>\n<meta name=\"description\" content=\"Repeat Hat ist eine hochfunktionelle und elastische M\u00fctze, die sich perfekt f\u00fcr alle Arten von Wintertraining eignet.\" \/>\n<meta name=\"robots\" content=\"index, follow, max-snippet:-1, max-image-preview:large, max-video-preview:-1\" \/>\n<link rel=\"canonical\" href=\"https:\/\/www.miomiorun.com\/de\/produkt\/craft-repeat-hat\/\" \/>\n<meta property=\"og:locale\" content=\"de_DE\" \/>\n<meta property=\"og:type\" content=\"article\" \/>\n<meta property=\"og:title\" content=\"Repeat Hat - Winterm\u00fctze - MioMioRun.com\" \/>\n<meta property=\"og:description\" content=\"Repeat Hat ist eine hochfunktionelle und elastische M\u00fctze, die sich perfekt f\u00fcr alle Arten von Wintertraining eignet.\" \/>\n<meta property=\"og:url\" content=\"https:\/\/www.miomiorun.com\/de\/produkt\/craft-repeat-hat\/\" \/>\n<meta property=\"og:site_name\" content=\"MioMioRun\" \/>\n<meta property=\"article:publisher\" content=\"https:\/\/www.facebook.com\/miomiorun\/\" \/>\n<meta property=\"article:modified_time\" content=\"2024-05-29T09:40:11+00:00\" \/>\n<meta property=\"og:image\" content=\"https:\/\/www.miomiorun.com\/app\/uploads\/2019\/12\/Repeat-Hat-cappellino-Craft-nero.jpg\" \/>\n\t<meta property=\"og:image:width\" content=\"600\" \/>\n\t<meta property=\"og:image:height\" content=\"600\" \/>\n\t<meta property=\"og:image:type\" content=\"image\/jpeg\" \/>\n<meta name=\"twitter:card\" content=\"summary_large_image\" \/>\n<script type=\"application\/ld+json\" class=\"yoast-schema-graph\">{\"@context\":\"https:\/\/schema.org\",\"@graph\":[{\"@type\":\"WebPage\",\"@id\":\"https:\/\/www.miomiorun.com\/de\/produkt\/craft-repeat-hat\/\",\"url\":\"https:\/\/www.miomiorun.com\/de\/produkt\/craft-repeat-hat\/\",\"name\":\"Repeat Hat - Winterm\u00fctze - MioMioRun.com\",\"isPartOf\":{\"@id\":\"https:\/\/www.miomiorun.com\/de\/#website\"},\"primaryImageOfPage\":{\"@id\":\"https:\/\/www.miomiorun.com\/de\/produkt\/craft-repeat-hat\/#primaryimage\"},\"image\":{\"@id\":\"https:\/\/www.miomiorun.com\/de\/produkt\/craft-repeat-hat\/#primaryimage\"},\"thumbnailUrl\":\"https:\/\/www.miomiorun.com\/app\/uploads\/2019\/12\/Repeat-Hat-cappellino-Craft-nero.jpg\",\"datePublished\":\"2019-12-21T15:56:51+00:00\",\"dateModified\":\"2024-05-29T09:40:11+00:00\",\"description\":\"Repeat Hat ist eine hochfunktionelle und elastische M\u00fctze, die sich perfekt f\u00fcr alle Arten von Wintertraining eignet.\",\"breadcrumb\":{\"@id\":\"https:\/\/www.miomiorun.com\/de\/produkt\/craft-repeat-hat\/#breadcrumb\"},\"inLanguage\":\"de-DE\",\"potentialAction\":[{\"@type\":\"ReadAction\",\"target\":[\"https:\/\/www.miomiorun.com\/de\/produkt\/craft-repeat-hat\/\"]}]},{\"@type\":\"ImageObject\",\"inLanguage\":\"de-DE\",\"@id\":\"https:\/\/www.miomiorun.com\/de\/produkt\/craft-repeat-hat\/#primaryimage\",\"url\":\"https:\/\/www.miomiorun.com\/app\/uploads\/2019\/12\/Repeat-Hat-cappellino-Craft-nero.jpg\",\"contentUrl\":\"https:\/\/www.miomiorun.com\/app\/uploads\/2019\/12\/Repeat-Hat-cappellino-Craft-nero.jpg\",\"width\":600,\"height\":600,\"caption\":\"Repeat-Hat-cappellino-Craft-nero\"},{\"@type\":\"BreadcrumbList\",\"@id\":\"https:\/\/www.miomiorun.com\/de\/produkt\/craft-repeat-hat\/#breadcrumb\",\"itemListElement\":[{\"@type\":\"ListItem\",\"position\":1,\"name\":\"Home\",\"item\":\"https:\/\/www.miomiorun.com\/de\/\"},{\"@type\":\"ListItem\",\"position\":2,\"name\":\"Shop\",\"item\":\"https:\/\/www.miomiorun.com\/shop\/\"},{\"@type\":\"ListItem\",\"position\":3,\"name\":\"Repeat Hat\"}]},{\"@type\":\"WebSite\",\"@id\":\"https:\/\/www.miomiorun.com\/de\/#website\",\"url\":\"https:\/\/www.miomiorun.com\/de\/\",\"name\":\"MioMioRun\",\"description\":\"100% Lauf- und Trailshop\",\"publisher\":{\"@id\":\"https:\/\/www.miomiorun.com\/de\/#organization\"},\"potentialAction\":[{\"@type\":\"SearchAction\",\"target\":{\"@type\":\"EntryPoint\",\"urlTemplate\":\"https:\/\/www.miomiorun.com\/de\/?s={search_term_string}\"},\"query-input\":{\"@type\":\"PropertyValueSpecification\",\"valueRequired\":true,\"valueName\":\"search_term_string\"}}],\"inLanguage\":\"de-DE\"},{\"@type\":\"Organization\",\"@id\":\"https:\/\/www.miomiorun.com\/de\/#organization\",\"name\":\"MioMio Run\",\"url\":\"https:\/\/www.miomiorun.com\/de\/\",\"logo\":{\"@type\":\"ImageObject\",\"inLanguage\":\"de-DE\",\"@id\":\"https:\/\/www.miomiorun.com\/de\/#\/schema\/logo\/image\/\",\"url\":\"https:\/\/www.miomiorun.com\/app\/uploads\/2019\/12\/logomio.png\",\"contentUrl\":\"https:\/\/www.miomiorun.com\/app\/uploads\/2019\/12\/logomio.png\",\"width\":115,\"height\":82,\"caption\":\"MioMio Run\"},\"image\":{\"@id\":\"https:\/\/www.miomiorun.com\/de\/#\/schema\/logo\/image\/\"},\"sameAs\":[\"https:\/\/www.facebook.com\/miomiorun\/\",\"https:\/\/www.instagram.com\/miomiorun\/\"]}]}<\/script>\n<!-- \/ Yoast SEO plugin. -->","yoast_head_json":{"title":"Repeat Hat - Winterm\u00fctze - MioMioRun.com","description":"Repeat Hat ist eine hochfunktionelle und elastische M\u00fctze, die sich perfekt f\u00fcr alle Arten von Wintertraining eignet.","robots":{"index":"index","follow":"follow","max-snippet":"max-snippet:-1","max-image-preview":"max-image-preview:large","max-video-preview":"max-video-preview:-1"},"canonical":"https:\/\/www.miomiorun.com\/de\/produkt\/craft-repeat-hat\/","og_locale":"de_DE","og_type":"article","og_title":"Repeat Hat - Winterm\u00fctze - MioMioRun.com","og_description":"Repeat Hat ist eine hochfunktionelle und elastische M\u00fctze, die sich perfekt f\u00fcr alle Arten von Wintertraining eignet.","og_url":"https:\/\/www.miomiorun.com\/de\/produkt\/craft-repeat-hat\/","og_site_name":"MioMioRun","article_publisher":"https:\/\/www.facebook.com\/miomiorun\/","article_modified_time":"2024-05-29T09:40:11+00:00","og_image":[{"width":600,"height":600,"url":"https:\/\/www.miomiorun.com\/app\/uploads\/2019\/12\/Repeat-Hat-cappellino-Craft-nero.jpg","type":"image\/jpeg"}],"twitter_card":"summary_large_image","schema":{"@context":"https:\/\/schema.org","@graph":[{"@type":"WebPage","@id":"https:\/\/www.miomiorun.com\/de\/produkt\/craft-repeat-hat\/","url":"https:\/\/www.miomiorun.com\/de\/produkt\/craft-repeat-hat\/","name":"Repeat Hat - Winterm\u00fctze - MioMioRun.com","isPartOf":{"@id":"https:\/\/www.miomiorun.com\/de\/#website"},"primaryImageOfPage":{"@id":"https:\/\/www.miomiorun.com\/de\/produkt\/craft-repeat-hat\/#primaryimage"},"image":{"@id":"https:\/\/www.miomiorun.com\/de\/produkt\/craft-repeat-hat\/#primaryimage"},"thumbnailUrl":"https:\/\/www.miomiorun.com\/app\/uploads\/2019\/12\/Repeat-Hat-cappellino-Craft-nero.jpg","datePublished":"2019-12-21T15:56:51+00:00","dateModified":"2024-05-29T09:40:11+00:00","description":"Repeat Hat ist eine hochfunktionelle und elastische M\u00fctze, die sich perfekt f\u00fcr alle Arten von Wintertraining eignet.","breadcrumb":{"@id":"https:\/\/www.miomiorun.com\/de\/produkt\/craft-repeat-hat\/#breadcrumb"},"inLanguage":"de-DE","potentialAction":[{"@type":"ReadAction","target":["https:\/\/www.miomiorun.com\/de\/produkt\/craft-repeat-hat\/"]}]},{"@type":"ImageObject","inLanguage":"de-DE","@id":"https:\/\/www.miomiorun.com\/de\/produkt\/craft-repeat-hat\/#primaryimage","url":"https:\/\/www.miomiorun.com\/app\/uploads\/2019\/12\/Repeat-Hat-cappellino-Craft-nero.jpg","contentUrl":"https:\/\/www.miomiorun.com\/app\/uploads\/2019\/12\/Repeat-Hat-cappellino-Craft-nero.jpg","width":600,"height":600,"caption":"Repeat-Hat-cappellino-Craft-nero"},{"@type":"BreadcrumbList","@id":"https:\/\/www.miomiorun.com\/de\/produkt\/craft-repeat-hat\/#breadcrumb","itemListElement":[{"@type":"ListItem","position":1,"name":"Home","item":"https:\/\/www.miomiorun.com\/de\/"},{"@type":"ListItem","position":2,"name":"Shop","item":"https:\/\/www.miomiorun.com\/shop\/"},{"@type":"ListItem","position":3,"name":"Repeat Hat"}]},{"@type":"WebSite","@id":"https:\/\/www.miomiorun.com\/de\/#website","url":"https:\/\/www.miomiorun.com\/de\/","name":"MioMioRun","description":"100% Lauf- und Trailshop","publisher":{"@id":"https:\/\/www.miomiorun.com\/de\/#organization"},"potentialAction":[{"@type":"SearchAction","target":{"@type":"EntryPoint","urlTemplate":"https:\/\/www.miomiorun.com\/de\/?s={search_term_string}"},"query-input":{"@type":"PropertyValueSpecification","valueRequired":true,"valueName":"search_term_string"}}],"inLanguage":"de-DE"},{"@type":"Organization","@id":"https:\/\/www.miomiorun.com\/de\/#organization","name":"MioMio Run","url":"https:\/\/www.miomiorun.com\/de\/","logo":{"@type":"ImageObject","inLanguage":"de-DE","@id":"https:\/\/www.miomiorun.com\/de\/#\/schema\/logo\/image\/","url":"https:\/\/www.miomiorun.com\/app\/uploads\/2019\/12\/logomio.png","contentUrl":"https:\/\/www.miomiorun.com\/app\/uploads\/2019\/12\/logomio.png","width":115,"height":82,"caption":"MioMio Run"},"image":{"@id":"https:\/\/www.miomiorun.com\/de\/#\/schema\/logo\/image\/"},"sameAs":["https:\/\/www.facebook.com\/miomiorun\/","https:\/\/www.instagram.com\/miomiorun\/"]}]}},"_links":{"self":[{"href":"https:\/\/www.miomiorun.com\/de\/wp-json\/wp\/v2\/product\/172972","targetHints":{"allow":["GET"]}}],"collection":[{"href":"https:\/\/www.miomiorun.com\/de\/wp-json\/wp\/v2\/product"}],"about":[{"href":"https:\/\/www.miomiorun.com\/de\/wp-json\/wp\/v2\/types\/product"}],"wp:featuredmedia":[{"embeddable":true,"href":"https:\/\/www.miomiorun.com\/de\/wp-json\/wp\/v2\/media\/50630"}],"wp:attachment":[{"href":"https:\/\/www.miomiorun.com\/de\/wp-json\/wp\/v2\/media?parent=172972"}],"wp:term":[{"taxonomy":"product_brand","embeddable":true,"href":"https:\/\/www.miomiorun.com\/de\/wp-json\/wp\/v2\/product_brand?post=172972"},{"taxonomy":"product_cat","embeddable":true,"href":"https:\/\/www.miomiorun.com\/de\/wp-json\/wp\/v2\/product_cat?post=172972"},{"taxonomy":"product_tag","embeddable":true,"href":"https:\/\/www.miomiorun.com\/de\/wp-json\/wp\/v2\/product_tag?post=172972"}],"curies":[{"name":"wp","href":"https:\/\/api.w.org\/{rel}","templated":true}]}}