{"id":172940,"date":"2020-04-28T18:47:25","date_gmt":"2020-04-28T16:47:25","guid":{"rendered":"https:\/\/miomiorun.com\/prodotto\/wild-tee-bambu\/"},"modified":"2025-02-26T16:54:03","modified_gmt":"2025-02-26T15:54:03","slug":"wild-tee-bambu","status":"publish","type":"product","link":"https:\/\/www.miomiorun.com\/de\/produkt\/wild-tee-bambu\/","title":{"rendered":"Bamb\u00f9"},"content":{"rendered":"<p>Die perfekte M\u00fctze f\u00fcr Ihr Training in den Bergen oder bei kaltem Wetter mit Bambusgrafik. Je nach Lust und Laune kannst du w\u00e4hlen, welche Seite du tragen m\u00f6chtest.<\/p>\n<p>Beidseitig bedruckte M\u00fctze aus technischem Material, gesticktes Wild Tee-Logoetikett. Einheitsgr\u00f6\u00dfe f\u00fcr alle. Maschinenwaschbar.<\/p>\n<p><strong>GEWICHT<\/strong> 40 gr.<\/p>\n<p><strong>ZUSAMMENSETZUNG<\/strong> 100% PES Sublimationsdruck.<\/p>\n<p><strong>WASCHANLEITUNG<br \/>\n<\/strong>Wild Tee Produkte sind langlebig, die Pflege ist sehr einfach: Maschinenw\u00e4sche, mit einem Programm f\u00fcr Sportbekleidung, ohne Weichsp\u00fcler, maximal 30\u00b0C, lufttrocknen.<\/p>\n","protected":false},"excerpt":{"rendered":"<p>Die perfekte M\u00fctze f\u00fcr Ihr Training in den Bergen oder bei kaltem Wetter mit Bambusgrafik. Je nach Lust und Laune kannst du w\u00e4hlen, welche Seite du tragen m\u00f6chtest. Beidseitig bedruckte M\u00fctze aus technischem Material, gesticktes Wild Tee-Logoetikett. Einheitsgr\u00f6\u00dfe f\u00fcr alle. Maschinenwaschbar. GEWICHT 40 gr. ZUSAMMENSETZUNG 100% PES Sublimationsdruck. WASCHANLEITUNG Wild Tee Produkte sind langlebig, die &hellip; <a href=\"https:\/\/www.miomiorun.com\/de\/produkt\/wild-tee-bambu\/\">Continued<\/a><\/p>\n","protected":false},"featured_media":51940,"template":"","meta":{"_acf_changed":false,"inline_featured_image":false},"product_brand":[],"product_cat":[6342,6372,6374],"product_tag":[3399],"class_list":{"0":"post-172940","1":"product","2":"type-product","3":"status-publish","4":"has-post-thumbnail","6":"product_cat-zubehoer","7":"product_cat-aufwaermausruestung-de","8":"product_cat-haar-de","9":"product_tag-wild-tee-de","10":"pa_attivita-outdoor-de","11":"pa_attivita-trail-de","12":"pa_marca-wild-tee-de","13":"pa_sesso-damen","14":"pa_sesso-herren","16":"first","17":"instock","18":"sale","19":"taxable","20":"shipping-taxable","21":"purchasable","22":"product-type-simple"},"acf":[],"yoast_head":"<!-- This site is optimized with the Yoast SEO plugin v26.8 - https:\/\/yoast.com\/product\/yoast-seo-wordpress\/ -->\n<title>Bamb\u00f9 - Winterm\u00fctze - MioMioRun.com<\/title>\n<meta name=\"description\" content=\"Die perfekte M\u00fctze f\u00fcr dein Training in den Bergen oder bei kaltem Wetter mit Bambusgrafik. Je nach Lust und Laune kannst du w\u00e4hlen, welche Seite du tragen m\u00f6chtest.\" \/>\n<meta name=\"robots\" content=\"index, follow, max-snippet:-1, max-image-preview:large, max-video-preview:-1\" \/>\n<link rel=\"canonical\" href=\"https:\/\/www.miomiorun.com\/de\/produkt\/wild-tee-bambu\/\" \/>\n<meta property=\"og:locale\" content=\"de_DE\" \/>\n<meta property=\"og:type\" content=\"article\" \/>\n<meta property=\"og:title\" content=\"Bamb\u00f9 - Winterm\u00fctze - MioMioRun.com\" \/>\n<meta property=\"og:description\" content=\"Die perfekte M\u00fctze f\u00fcr dein Training in den Bergen oder bei kaltem Wetter mit Bambusgrafik. Je nach Lust und Laune kannst du w\u00e4hlen, welche Seite du tragen m\u00f6chtest.\" \/>\n<meta property=\"og:url\" content=\"https:\/\/www.miomiorun.com\/de\/produkt\/wild-tee-bambu\/\" \/>\n<meta property=\"og:site_name\" content=\"MioMioRun\" \/>\n<meta property=\"article:publisher\" content=\"https:\/\/www.facebook.com\/miomiorun\/\" \/>\n<meta property=\"article:modified_time\" content=\"2025-02-26T15:54:03+00:00\" \/>\n<meta property=\"og:image\" content=\"https:\/\/www.miomiorun.com\/app\/uploads\/2020\/04\/wild-tee-bambu-cappello-outside.jpg\" \/>\n\t<meta property=\"og:image:width\" content=\"600\" \/>\n\t<meta property=\"og:image:height\" content=\"600\" \/>\n\t<meta property=\"og:image:type\" content=\"image\/jpeg\" \/>\n<meta name=\"twitter:card\" content=\"summary_large_image\" \/>\n<script type=\"application\/ld+json\" class=\"yoast-schema-graph\">{\"@context\":\"https:\/\/schema.org\",\"@graph\":[{\"@type\":\"WebPage\",\"@id\":\"https:\/\/www.miomiorun.com\/de\/produkt\/wild-tee-bambu\/\",\"url\":\"https:\/\/www.miomiorun.com\/de\/produkt\/wild-tee-bambu\/\",\"name\":\"Bamb\u00f9 - Winterm\u00fctze - MioMioRun.com\",\"isPartOf\":{\"@id\":\"https:\/\/www.miomiorun.com\/de\/#website\"},\"primaryImageOfPage\":{\"@id\":\"https:\/\/www.miomiorun.com\/de\/produkt\/wild-tee-bambu\/#primaryimage\"},\"image\":{\"@id\":\"https:\/\/www.miomiorun.com\/de\/produkt\/wild-tee-bambu\/#primaryimage\"},\"thumbnailUrl\":\"https:\/\/www.miomiorun.com\/app\/uploads\/2020\/04\/wild-tee-bambu-cappello-outside.jpg\",\"datePublished\":\"2020-04-28T16:47:25+00:00\",\"dateModified\":\"2025-02-26T15:54:03+00:00\",\"description\":\"Die perfekte M\u00fctze f\u00fcr dein Training in den Bergen oder bei kaltem Wetter mit Bambusgrafik. Je nach Lust und Laune kannst du w\u00e4hlen, welche Seite du tragen m\u00f6chtest.\",\"breadcrumb\":{\"@id\":\"https:\/\/www.miomiorun.com\/de\/produkt\/wild-tee-bambu\/#breadcrumb\"},\"inLanguage\":\"de-DE\",\"potentialAction\":[{\"@type\":\"ReadAction\",\"target\":[\"https:\/\/www.miomiorun.com\/de\/produkt\/wild-tee-bambu\/\"]}]},{\"@type\":\"ImageObject\",\"inLanguage\":\"de-DE\",\"@id\":\"https:\/\/www.miomiorun.com\/de\/produkt\/wild-tee-bambu\/#primaryimage\",\"url\":\"https:\/\/www.miomiorun.com\/app\/uploads\/2020\/04\/wild-tee-bambu-cappello-outside.jpg\",\"contentUrl\":\"https:\/\/www.miomiorun.com\/app\/uploads\/2020\/04\/wild-tee-bambu-cappello-outside.jpg\",\"width\":600,\"height\":600,\"caption\":\"CREATOR: gd-jpeg v1.0 (using IJG JPEG v62), quality = 90\"},{\"@type\":\"BreadcrumbList\",\"@id\":\"https:\/\/www.miomiorun.com\/de\/produkt\/wild-tee-bambu\/#breadcrumb\",\"itemListElement\":[{\"@type\":\"ListItem\",\"position\":1,\"name\":\"Home\",\"item\":\"https:\/\/www.miomiorun.com\/de\/\"},{\"@type\":\"ListItem\",\"position\":2,\"name\":\"Shop\",\"item\":\"https:\/\/www.miomiorun.com\/shop\/\"},{\"@type\":\"ListItem\",\"position\":3,\"name\":\"Bamb\u00f9\"}]},{\"@type\":\"WebSite\",\"@id\":\"https:\/\/www.miomiorun.com\/de\/#website\",\"url\":\"https:\/\/www.miomiorun.com\/de\/\",\"name\":\"MioMioRun\",\"description\":\"100% Lauf- und Trailshop\",\"publisher\":{\"@id\":\"https:\/\/www.miomiorun.com\/de\/#organization\"},\"potentialAction\":[{\"@type\":\"SearchAction\",\"target\":{\"@type\":\"EntryPoint\",\"urlTemplate\":\"https:\/\/www.miomiorun.com\/de\/?s={search_term_string}\"},\"query-input\":{\"@type\":\"PropertyValueSpecification\",\"valueRequired\":true,\"valueName\":\"search_term_string\"}}],\"inLanguage\":\"de-DE\"},{\"@type\":\"Organization\",\"@id\":\"https:\/\/www.miomiorun.com\/de\/#organization\",\"name\":\"MioMio Run\",\"url\":\"https:\/\/www.miomiorun.com\/de\/\",\"logo\":{\"@type\":\"ImageObject\",\"inLanguage\":\"de-DE\",\"@id\":\"https:\/\/www.miomiorun.com\/de\/#\/schema\/logo\/image\/\",\"url\":\"https:\/\/www.miomiorun.com\/app\/uploads\/2019\/12\/logomio.png\",\"contentUrl\":\"https:\/\/www.miomiorun.com\/app\/uploads\/2019\/12\/logomio.png\",\"width\":115,\"height\":82,\"caption\":\"MioMio Run\"},\"image\":{\"@id\":\"https:\/\/www.miomiorun.com\/de\/#\/schema\/logo\/image\/\"},\"sameAs\":[\"https:\/\/www.facebook.com\/miomiorun\/\",\"https:\/\/www.instagram.com\/miomiorun\/\"]}]}<\/script>\n<!-- \/ Yoast SEO plugin. -->","yoast_head_json":{"title":"Bamb\u00f9 - Winterm\u00fctze - MioMioRun.com","description":"Die perfekte M\u00fctze f\u00fcr dein Training in den Bergen oder bei kaltem Wetter mit Bambusgrafik. Je nach Lust und Laune kannst du w\u00e4hlen, welche Seite du tragen m\u00f6chtest.","robots":{"index":"index","follow":"follow","max-snippet":"max-snippet:-1","max-image-preview":"max-image-preview:large","max-video-preview":"max-video-preview:-1"},"canonical":"https:\/\/www.miomiorun.com\/de\/produkt\/wild-tee-bambu\/","og_locale":"de_DE","og_type":"article","og_title":"Bamb\u00f9 - Winterm\u00fctze - MioMioRun.com","og_description":"Die perfekte M\u00fctze f\u00fcr dein Training in den Bergen oder bei kaltem Wetter mit Bambusgrafik. Je nach Lust und Laune kannst du w\u00e4hlen, welche Seite du tragen m\u00f6chtest.","og_url":"https:\/\/www.miomiorun.com\/de\/produkt\/wild-tee-bambu\/","og_site_name":"MioMioRun","article_publisher":"https:\/\/www.facebook.com\/miomiorun\/","article_modified_time":"2025-02-26T15:54:03+00:00","og_image":[{"width":600,"height":600,"url":"https:\/\/www.miomiorun.com\/app\/uploads\/2020\/04\/wild-tee-bambu-cappello-outside.jpg","type":"image\/jpeg"}],"twitter_card":"summary_large_image","schema":{"@context":"https:\/\/schema.org","@graph":[{"@type":"WebPage","@id":"https:\/\/www.miomiorun.com\/de\/produkt\/wild-tee-bambu\/","url":"https:\/\/www.miomiorun.com\/de\/produkt\/wild-tee-bambu\/","name":"Bamb\u00f9 - Winterm\u00fctze - MioMioRun.com","isPartOf":{"@id":"https:\/\/www.miomiorun.com\/de\/#website"},"primaryImageOfPage":{"@id":"https:\/\/www.miomiorun.com\/de\/produkt\/wild-tee-bambu\/#primaryimage"},"image":{"@id":"https:\/\/www.miomiorun.com\/de\/produkt\/wild-tee-bambu\/#primaryimage"},"thumbnailUrl":"https:\/\/www.miomiorun.com\/app\/uploads\/2020\/04\/wild-tee-bambu-cappello-outside.jpg","datePublished":"2020-04-28T16:47:25+00:00","dateModified":"2025-02-26T15:54:03+00:00","description":"Die perfekte M\u00fctze f\u00fcr dein Training in den Bergen oder bei kaltem Wetter mit Bambusgrafik. Je nach Lust und Laune kannst du w\u00e4hlen, welche Seite du tragen m\u00f6chtest.","breadcrumb":{"@id":"https:\/\/www.miomiorun.com\/de\/produkt\/wild-tee-bambu\/#breadcrumb"},"inLanguage":"de-DE","potentialAction":[{"@type":"ReadAction","target":["https:\/\/www.miomiorun.com\/de\/produkt\/wild-tee-bambu\/"]}]},{"@type":"ImageObject","inLanguage":"de-DE","@id":"https:\/\/www.miomiorun.com\/de\/produkt\/wild-tee-bambu\/#primaryimage","url":"https:\/\/www.miomiorun.com\/app\/uploads\/2020\/04\/wild-tee-bambu-cappello-outside.jpg","contentUrl":"https:\/\/www.miomiorun.com\/app\/uploads\/2020\/04\/wild-tee-bambu-cappello-outside.jpg","width":600,"height":600,"caption":"CREATOR: gd-jpeg v1.0 (using IJG JPEG v62), quality = 90"},{"@type":"BreadcrumbList","@id":"https:\/\/www.miomiorun.com\/de\/produkt\/wild-tee-bambu\/#breadcrumb","itemListElement":[{"@type":"ListItem","position":1,"name":"Home","item":"https:\/\/www.miomiorun.com\/de\/"},{"@type":"ListItem","position":2,"name":"Shop","item":"https:\/\/www.miomiorun.com\/shop\/"},{"@type":"ListItem","position":3,"name":"Bamb\u00f9"}]},{"@type":"WebSite","@id":"https:\/\/www.miomiorun.com\/de\/#website","url":"https:\/\/www.miomiorun.com\/de\/","name":"MioMioRun","description":"100% Lauf- und Trailshop","publisher":{"@id":"https:\/\/www.miomiorun.com\/de\/#organization"},"potentialAction":[{"@type":"SearchAction","target":{"@type":"EntryPoint","urlTemplate":"https:\/\/www.miomiorun.com\/de\/?s={search_term_string}"},"query-input":{"@type":"PropertyValueSpecification","valueRequired":true,"valueName":"search_term_string"}}],"inLanguage":"de-DE"},{"@type":"Organization","@id":"https:\/\/www.miomiorun.com\/de\/#organization","name":"MioMio Run","url":"https:\/\/www.miomiorun.com\/de\/","logo":{"@type":"ImageObject","inLanguage":"de-DE","@id":"https:\/\/www.miomiorun.com\/de\/#\/schema\/logo\/image\/","url":"https:\/\/www.miomiorun.com\/app\/uploads\/2019\/12\/logomio.png","contentUrl":"https:\/\/www.miomiorun.com\/app\/uploads\/2019\/12\/logomio.png","width":115,"height":82,"caption":"MioMio Run"},"image":{"@id":"https:\/\/www.miomiorun.com\/de\/#\/schema\/logo\/image\/"},"sameAs":["https:\/\/www.facebook.com\/miomiorun\/","https:\/\/www.instagram.com\/miomiorun\/"]}]}},"_links":{"self":[{"href":"https:\/\/www.miomiorun.com\/de\/wp-json\/wp\/v2\/product\/172940","targetHints":{"allow":["GET"]}}],"collection":[{"href":"https:\/\/www.miomiorun.com\/de\/wp-json\/wp\/v2\/product"}],"about":[{"href":"https:\/\/www.miomiorun.com\/de\/wp-json\/wp\/v2\/types\/product"}],"wp:featuredmedia":[{"embeddable":true,"href":"https:\/\/www.miomiorun.com\/de\/wp-json\/wp\/v2\/media\/51940"}],"wp:attachment":[{"href":"https:\/\/www.miomiorun.com\/de\/wp-json\/wp\/v2\/media?parent=172940"}],"wp:term":[{"taxonomy":"product_brand","embeddable":true,"href":"https:\/\/www.miomiorun.com\/de\/wp-json\/wp\/v2\/product_brand?post=172940"},{"taxonomy":"product_cat","embeddable":true,"href":"https:\/\/www.miomiorun.com\/de\/wp-json\/wp\/v2\/product_cat?post=172940"},{"taxonomy":"product_tag","embeddable":true,"href":"https:\/\/www.miomiorun.com\/de\/wp-json\/wp\/v2\/product_tag?post=172940"}],"curies":[{"name":"wp","href":"https:\/\/api.w.org\/{rel}","templated":true}]}}