{"id":172865,"date":"2020-11-26T10:37:24","date_gmt":"2020-11-26T09:37:24","guid":{"rendered":"https:\/\/miomiorun.com\/prodotto\/la-sportiva-strike-headband-uomo\/"},"modified":"2025-02-26T16:58:00","modified_gmt":"2025-02-26T15:58:00","slug":"la-sportiva-strike-headband-herren","status":"publish","type":"product","link":"https:\/\/www.miomiorun.com\/de\/produkt\/la-sportiva-strike-headband-herren\/","title":{"rendered":"Strike Headband herren"},"content":{"rendered":"<p>Das Strike Headband bietet Komfort und Atmungsaktivit\u00e4t und sch\u00fctzt Sie gleichzeitig vor Wind. Der elastische Stoff sorgt f\u00fcr eine hervorragende Passform, so dass das Stirnband bei k\u00f6rperlicher Aktivit\u00e4t nicht abf\u00e4llt. Die neue Grafik passt perfekt zum Tank-Top und zum Race-Shirt und sorgt f\u00fcr einen raffinierten Gesamtlook.<\/p>\n<p><strong>Eigenschaften:<\/strong><\/p>\n<div class=\"data item content\" role=\"tabpanel\" aria-hidden=\"false\" data-role=\"content\" aria-labelledby=\"tab-label-techinfo\">\n<div class=\"techinfo-container\">\n<div class=\"techinfo-icons\">\n<div class=\"techinfo-icon\"><a> <img decoding=\"async\" src=\"https:\/\/www.lasportiva.com\/media\/techinfo_icons\/elasticita.png\" alt=\"La Sportiva\" \/><\/a><\/div>\n<div><strong>Elastizit\u00e4t:<\/strong><br \/>\nBequeme und reaktionsfreudige Kleidungsst\u00fccke, die maximale Bewegungsfreiheit garantieren.<\/div>\n<div class=\"techinfo-icon\"><a> <img decoding=\"async\" src=\"https:\/\/www.lasportiva.com\/media\/techinfo_icons\/slim-fit.png\" alt=\"La Sportiva\" \/><\/a><\/div>\n<div>Schmale Passform<strong>:<\/strong><br \/>\nSehr enge Passform f\u00fcr maximale Leistung im Wettkampf<\/div>\n<div class=\"techinfo-icon\"><a> <img decoding=\"async\" src=\"https:\/\/www.lasportiva.com\/media\/techinfo_icons\/leggerezza.png\" alt=\"La Sportiva\" \/><\/a><\/div>\n<div><strong>Leichtigkeit:<\/strong><br \/>\nProdukte, die das Gewicht auf ein Minimum reduzieren<\/div>\n<div class=\"techinfo-icon\"><a> <img decoding=\"async\" src=\"https:\/\/www.lasportiva.com\/media\/techinfo_icons\/traspirabilita.png\" alt=\"La Sportiva\" \/><\/a><\/div>\n<div><strong>Atmungsaktivit\u00e4t:<\/strong><br \/>\nHochgradig atmungsaktive Produkte f\u00fcr optimalen Klimakomfort.<\/div>\n<div class=\"techinfo-icon\"><a> <img decoding=\"async\" src=\"https:\/\/www.lasportiva.com\/media\/techinfo_icons\/L1.png\" alt=\"La Sportiva\" \/><\/a><\/div>\n<div><strong>L1 &#8211; BASE LAYER<\/strong><br \/>\nSchicht in direktem Kontakt mit der Haut. F\u00f6rdert die Ableitung von Schwei\u00df f\u00fcr ein besseres Klima bei k\u00f6rperlicher Aktivit\u00e4t.<\/div>\n<\/div>\n<div class=\"techinfo-description\"><b>Material:<\/b><br \/>\nHauptmaterial: (PN15) 88% Polyester, 12% Elasthan<br \/>\n<b>Gewicht:<\/b><br \/>\n15 g (S)<\/div>\n<\/div>\n<\/div>\n","protected":false},"excerpt":{"rendered":"<p>Das Strike Headband bietet Komfort und Atmungsaktivit\u00e4t und sch\u00fctzt Sie gleichzeitig vor Wind. Der elastische Stoff sorgt f\u00fcr eine hervorragende Passform, so dass das Stirnband bei k\u00f6rperlicher Aktivit\u00e4t nicht abf\u00e4llt. Die neue Grafik passt perfekt zum Tank-Top und zum Race-Shirt und sorgt f\u00fcr einen raffinierten Gesamtlook. Eigenschaften: Elastizit\u00e4t: Bequeme und reaktionsfreudige Kleidungsst\u00fccke, die maximale Bewegungsfreiheit &hellip; <a href=\"https:\/\/www.miomiorun.com\/de\/produkt\/la-sportiva-strike-headband-herren\/\">Continued<\/a><\/p>\n","protected":false},"featured_media":53776,"template":"","meta":{"_acf_changed":false,"inline_featured_image":false},"product_brand":[],"product_cat":[6342,6372,6374],"product_tag":[6248,6218],"class_list":{"0":"post-172865","1":"product","2":"type-product","3":"status-publish","4":"has-post-thumbnail","6":"product_cat-zubehoer","7":"product_cat-aufwaermausruestung-de","8":"product_cat-haar-de","9":"product_tag-la-sportiva-de","10":"product_tag-la-sportiva-herren-de","11":"pa_attivita-gehen","12":"pa_attivita-outdoor-de","13":"pa_attivita-trail-de","14":"pa_colore-strike-headband-m-de","15":"pa_colore-strike-headband-yellow-black-de","16":"pa_marca-la-sportiva-de","17":"pa_sesso-herren","18":"pa_size-small-de","19":"pa_size-large-de","21":"first","22":"instock","23":"sale","24":"taxable","25":"shipping-taxable","26":"purchasable","27":"product-type-variable","28":"wvs-archive-product-wrapper"},"acf":[],"yoast_head":"<!-- This site is optimized with the Yoast SEO plugin v26.8 - https:\/\/yoast.com\/product\/yoast-seo-wordpress\/ -->\n<title>La Sportiva Strike Headband herren -Stirnband - MioMioRun.com<\/title>\n<meta name=\"description\" content=\"Das Sportiva Strike Headband ist ein leichtes Stirnband f\u00fcr den Einsatz im Wettkampf oder im Training, das Komfort, Atmungsaktivit\u00e4t und Windschutz bietet.\" \/>\n<meta name=\"robots\" content=\"index, follow, max-snippet:-1, max-image-preview:large, max-video-preview:-1\" \/>\n<link rel=\"canonical\" href=\"https:\/\/www.miomiorun.com\/de\/produkt\/la-sportiva-strike-headband-herren\/\" \/>\n<meta property=\"og:locale\" content=\"de_DE\" \/>\n<meta property=\"og:type\" content=\"article\" \/>\n<meta property=\"og:title\" content=\"La Sportiva Strike Headband herren -Stirnband - MioMioRun.com\" \/>\n<meta property=\"og:description\" content=\"Das Sportiva Strike Headband ist ein leichtes Stirnband f\u00fcr den Einsatz im Wettkampf oder im Training, das Komfort, Atmungsaktivit\u00e4t und Windschutz bietet.\" \/>\n<meta property=\"og:url\" content=\"https:\/\/www.miomiorun.com\/de\/produkt\/la-sportiva-strike-headband-herren\/\" \/>\n<meta property=\"og:site_name\" content=\"MioMioRun\" \/>\n<meta property=\"article:publisher\" content=\"https:\/\/www.facebook.com\/miomiorun\/\" \/>\n<meta property=\"article:modified_time\" content=\"2025-02-26T15:58:00+00:00\" \/>\n<meta property=\"og:image\" content=\"https:\/\/www.miomiorun.com\/app\/uploads\/2020\/11\/la-sportiva-strike-headband-Y29100999.jpg\" \/>\n\t<meta property=\"og:image:width\" content=\"600\" \/>\n\t<meta property=\"og:image:height\" content=\"600\" \/>\n\t<meta property=\"og:image:type\" content=\"image\/jpeg\" \/>\n<meta name=\"twitter:card\" content=\"summary_large_image\" \/>\n<meta name=\"twitter:label1\" content=\"Est. reading time\" \/>\n\t<meta name=\"twitter:data1\" content=\"1 minute\" \/>\n<script type=\"application\/ld+json\" class=\"yoast-schema-graph\">{\"@context\":\"https:\/\/schema.org\",\"@graph\":[{\"@type\":\"WebPage\",\"@id\":\"https:\/\/www.miomiorun.com\/de\/produkt\/la-sportiva-strike-headband-herren\/\",\"url\":\"https:\/\/www.miomiorun.com\/de\/produkt\/la-sportiva-strike-headband-herren\/\",\"name\":\"La Sportiva Strike Headband herren -Stirnband - MioMioRun.com\",\"isPartOf\":{\"@id\":\"https:\/\/www.miomiorun.com\/de\/#website\"},\"primaryImageOfPage\":{\"@id\":\"https:\/\/www.miomiorun.com\/de\/produkt\/la-sportiva-strike-headband-herren\/#primaryimage\"},\"image\":{\"@id\":\"https:\/\/www.miomiorun.com\/de\/produkt\/la-sportiva-strike-headband-herren\/#primaryimage\"},\"thumbnailUrl\":\"https:\/\/www.miomiorun.com\/app\/uploads\/2020\/11\/la-sportiva-strike-headband-Y29100999.jpg\",\"datePublished\":\"2020-11-26T09:37:24+00:00\",\"dateModified\":\"2025-02-26T15:58:00+00:00\",\"description\":\"Das Sportiva Strike Headband ist ein leichtes Stirnband f\u00fcr den Einsatz im Wettkampf oder im Training, das Komfort, Atmungsaktivit\u00e4t und Windschutz bietet.\",\"breadcrumb\":{\"@id\":\"https:\/\/www.miomiorun.com\/de\/produkt\/la-sportiva-strike-headband-herren\/#breadcrumb\"},\"inLanguage\":\"de-DE\",\"potentialAction\":[{\"@type\":\"ReadAction\",\"target\":[\"https:\/\/www.miomiorun.com\/de\/produkt\/la-sportiva-strike-headband-herren\/\"]}]},{\"@type\":\"ImageObject\",\"inLanguage\":\"de-DE\",\"@id\":\"https:\/\/www.miomiorun.com\/de\/produkt\/la-sportiva-strike-headband-herren\/#primaryimage\",\"url\":\"https:\/\/www.miomiorun.com\/app\/uploads\/2020\/11\/la-sportiva-strike-headband-Y29100999.jpg\",\"contentUrl\":\"https:\/\/www.miomiorun.com\/app\/uploads\/2020\/11\/la-sportiva-strike-headband-Y29100999.jpg\",\"width\":600,\"height\":600,\"caption\":\"la sportiva strike headband\"},{\"@type\":\"BreadcrumbList\",\"@id\":\"https:\/\/www.miomiorun.com\/de\/produkt\/la-sportiva-strike-headband-herren\/#breadcrumb\",\"itemListElement\":[{\"@type\":\"ListItem\",\"position\":1,\"name\":\"Home\",\"item\":\"https:\/\/www.miomiorun.com\/de\/\"},{\"@type\":\"ListItem\",\"position\":2,\"name\":\"Shop\",\"item\":\"https:\/\/www.miomiorun.com\/shop\/\"},{\"@type\":\"ListItem\",\"position\":3,\"name\":\"Strike Headband herren\"}]},{\"@type\":\"WebSite\",\"@id\":\"https:\/\/www.miomiorun.com\/de\/#website\",\"url\":\"https:\/\/www.miomiorun.com\/de\/\",\"name\":\"MioMioRun\",\"description\":\"100% Lauf- und Trailshop\",\"publisher\":{\"@id\":\"https:\/\/www.miomiorun.com\/de\/#organization\"},\"potentialAction\":[{\"@type\":\"SearchAction\",\"target\":{\"@type\":\"EntryPoint\",\"urlTemplate\":\"https:\/\/www.miomiorun.com\/de\/?s={search_term_string}\"},\"query-input\":{\"@type\":\"PropertyValueSpecification\",\"valueRequired\":true,\"valueName\":\"search_term_string\"}}],\"inLanguage\":\"de-DE\"},{\"@type\":\"Organization\",\"@id\":\"https:\/\/www.miomiorun.com\/de\/#organization\",\"name\":\"MioMio Run\",\"url\":\"https:\/\/www.miomiorun.com\/de\/\",\"logo\":{\"@type\":\"ImageObject\",\"inLanguage\":\"de-DE\",\"@id\":\"https:\/\/www.miomiorun.com\/de\/#\/schema\/logo\/image\/\",\"url\":\"https:\/\/www.miomiorun.com\/app\/uploads\/2019\/12\/logomio.png\",\"contentUrl\":\"https:\/\/www.miomiorun.com\/app\/uploads\/2019\/12\/logomio.png\",\"width\":115,\"height\":82,\"caption\":\"MioMio Run\"},\"image\":{\"@id\":\"https:\/\/www.miomiorun.com\/de\/#\/schema\/logo\/image\/\"},\"sameAs\":[\"https:\/\/www.facebook.com\/miomiorun\/\",\"https:\/\/www.instagram.com\/miomiorun\/\"]}]}<\/script>\n<!-- \/ Yoast SEO plugin. -->","yoast_head_json":{"title":"La Sportiva Strike Headband herren -Stirnband - MioMioRun.com","description":"Das Sportiva Strike Headband ist ein leichtes Stirnband f\u00fcr den Einsatz im Wettkampf oder im Training, das Komfort, Atmungsaktivit\u00e4t und Windschutz bietet.","robots":{"index":"index","follow":"follow","max-snippet":"max-snippet:-1","max-image-preview":"max-image-preview:large","max-video-preview":"max-video-preview:-1"},"canonical":"https:\/\/www.miomiorun.com\/de\/produkt\/la-sportiva-strike-headband-herren\/","og_locale":"de_DE","og_type":"article","og_title":"La Sportiva Strike Headband herren -Stirnband - MioMioRun.com","og_description":"Das Sportiva Strike Headband ist ein leichtes Stirnband f\u00fcr den Einsatz im Wettkampf oder im Training, das Komfort, Atmungsaktivit\u00e4t und Windschutz bietet.","og_url":"https:\/\/www.miomiorun.com\/de\/produkt\/la-sportiva-strike-headband-herren\/","og_site_name":"MioMioRun","article_publisher":"https:\/\/www.facebook.com\/miomiorun\/","article_modified_time":"2025-02-26T15:58:00+00:00","og_image":[{"width":600,"height":600,"url":"https:\/\/www.miomiorun.com\/app\/uploads\/2020\/11\/la-sportiva-strike-headband-Y29100999.jpg","type":"image\/jpeg"}],"twitter_card":"summary_large_image","twitter_misc":{"Est. reading time":"1 minute"},"schema":{"@context":"https:\/\/schema.org","@graph":[{"@type":"WebPage","@id":"https:\/\/www.miomiorun.com\/de\/produkt\/la-sportiva-strike-headband-herren\/","url":"https:\/\/www.miomiorun.com\/de\/produkt\/la-sportiva-strike-headband-herren\/","name":"La Sportiva Strike Headband herren -Stirnband - MioMioRun.com","isPartOf":{"@id":"https:\/\/www.miomiorun.com\/de\/#website"},"primaryImageOfPage":{"@id":"https:\/\/www.miomiorun.com\/de\/produkt\/la-sportiva-strike-headband-herren\/#primaryimage"},"image":{"@id":"https:\/\/www.miomiorun.com\/de\/produkt\/la-sportiva-strike-headband-herren\/#primaryimage"},"thumbnailUrl":"https:\/\/www.miomiorun.com\/app\/uploads\/2020\/11\/la-sportiva-strike-headband-Y29100999.jpg","datePublished":"2020-11-26T09:37:24+00:00","dateModified":"2025-02-26T15:58:00+00:00","description":"Das Sportiva Strike Headband ist ein leichtes Stirnband f\u00fcr den Einsatz im Wettkampf oder im Training, das Komfort, Atmungsaktivit\u00e4t und Windschutz bietet.","breadcrumb":{"@id":"https:\/\/www.miomiorun.com\/de\/produkt\/la-sportiva-strike-headband-herren\/#breadcrumb"},"inLanguage":"de-DE","potentialAction":[{"@type":"ReadAction","target":["https:\/\/www.miomiorun.com\/de\/produkt\/la-sportiva-strike-headband-herren\/"]}]},{"@type":"ImageObject","inLanguage":"de-DE","@id":"https:\/\/www.miomiorun.com\/de\/produkt\/la-sportiva-strike-headband-herren\/#primaryimage","url":"https:\/\/www.miomiorun.com\/app\/uploads\/2020\/11\/la-sportiva-strike-headband-Y29100999.jpg","contentUrl":"https:\/\/www.miomiorun.com\/app\/uploads\/2020\/11\/la-sportiva-strike-headband-Y29100999.jpg","width":600,"height":600,"caption":"la sportiva strike headband"},{"@type":"BreadcrumbList","@id":"https:\/\/www.miomiorun.com\/de\/produkt\/la-sportiva-strike-headband-herren\/#breadcrumb","itemListElement":[{"@type":"ListItem","position":1,"name":"Home","item":"https:\/\/www.miomiorun.com\/de\/"},{"@type":"ListItem","position":2,"name":"Shop","item":"https:\/\/www.miomiorun.com\/shop\/"},{"@type":"ListItem","position":3,"name":"Strike Headband herren"}]},{"@type":"WebSite","@id":"https:\/\/www.miomiorun.com\/de\/#website","url":"https:\/\/www.miomiorun.com\/de\/","name":"MioMioRun","description":"100% Lauf- und Trailshop","publisher":{"@id":"https:\/\/www.miomiorun.com\/de\/#organization"},"potentialAction":[{"@type":"SearchAction","target":{"@type":"EntryPoint","urlTemplate":"https:\/\/www.miomiorun.com\/de\/?s={search_term_string}"},"query-input":{"@type":"PropertyValueSpecification","valueRequired":true,"valueName":"search_term_string"}}],"inLanguage":"de-DE"},{"@type":"Organization","@id":"https:\/\/www.miomiorun.com\/de\/#organization","name":"MioMio Run","url":"https:\/\/www.miomiorun.com\/de\/","logo":{"@type":"ImageObject","inLanguage":"de-DE","@id":"https:\/\/www.miomiorun.com\/de\/#\/schema\/logo\/image\/","url":"https:\/\/www.miomiorun.com\/app\/uploads\/2019\/12\/logomio.png","contentUrl":"https:\/\/www.miomiorun.com\/app\/uploads\/2019\/12\/logomio.png","width":115,"height":82,"caption":"MioMio Run"},"image":{"@id":"https:\/\/www.miomiorun.com\/de\/#\/schema\/logo\/image\/"},"sameAs":["https:\/\/www.facebook.com\/miomiorun\/","https:\/\/www.instagram.com\/miomiorun\/"]}]}},"_links":{"self":[{"href":"https:\/\/www.miomiorun.com\/de\/wp-json\/wp\/v2\/product\/172865","targetHints":{"allow":["GET"]}}],"collection":[{"href":"https:\/\/www.miomiorun.com\/de\/wp-json\/wp\/v2\/product"}],"about":[{"href":"https:\/\/www.miomiorun.com\/de\/wp-json\/wp\/v2\/types\/product"}],"wp:featuredmedia":[{"embeddable":true,"href":"https:\/\/www.miomiorun.com\/de\/wp-json\/wp\/v2\/media\/53776"}],"wp:attachment":[{"href":"https:\/\/www.miomiorun.com\/de\/wp-json\/wp\/v2\/media?parent=172865"}],"wp:term":[{"taxonomy":"product_brand","embeddable":true,"href":"https:\/\/www.miomiorun.com\/de\/wp-json\/wp\/v2\/product_brand?post=172865"},{"taxonomy":"product_cat","embeddable":true,"href":"https:\/\/www.miomiorun.com\/de\/wp-json\/wp\/v2\/product_cat?post=172865"},{"taxonomy":"product_tag","embeddable":true,"href":"https:\/\/www.miomiorun.com\/de\/wp-json\/wp\/v2\/product_tag?post=172865"}],"curies":[{"name":"wp","href":"https:\/\/api.w.org\/{rel}","templated":true}]}}