{"id":172843,"date":"2020-12-21T19:33:14","date_gmt":"2020-12-21T18:33:14","guid":{"rendered":"https:\/\/miomiorun.com\/prodotto\/compressport-visor-ultralight\/"},"modified":"2025-07-15T16:14:47","modified_gmt":"2025-07-15T14:14:47","slug":"compressport-visor-ultralight","status":"publish","type":"product","link":"https:\/\/www.miomiorun.com\/de\/produkt\/compressport-visor-ultralight\/","title":{"rendered":"Visor ultralight"},"content":{"rendered":"<div id=\"description\" class=\"tab-pane fade in active\" role=\"tabpanel\">\n<div class=\"product-description\">\n<div id=\"description\" class=\"tab-pane fade in active\" role=\"tabpanel\">\n<div class=\"product-description\">Rennspezifisches Visier mit Netzband f\u00fcr optimale Bel\u00fcftung bei sehr intensiven Anstrengungen.<\/div>\n<div>Das ultraleichte Visier hat sich zu einem unserer erfolgreichsten Produkte weltweit entwickelt, ganz in der N\u00e4he unserer Kompressionsh\u00fcllen f\u00fcr absolute Pr\u00e4senz auf internationalen Podien. Ganz gleich, an welchem Rennen oder Triathlon Sie gerade teilnehmen, es ist mit Sicherheit eines dabei! Dies ist eines unserer Lieblingskleidungsst\u00fccke f\u00fcr die Profis, das oft in der von ihnen bevorzugten Farbe zu sehen ist. Eine leichte, gew\u00f6lbte Schale bietet hervorragenden Sonnenschutz und speichert kein Wasser, wenn Sie Ihren Kopf in der Hitze des Rennens absp\u00fclen m\u00fcssen. Das schnell trocknende antibakterielle Schwammgewebe im Inneren des Visiers ist sehr weich und absorbiert Schwei\u00df f\u00fcr optimalen Komfort ohne Druck. Schlie\u00dflich ist das breite Netzband elastisch f\u00fcr eine bequeme und verstellbare Passform, die sicherstellt, dass das Visier nicht wegfliegt, wenn der Wind zunimmt. Dieser rosafarbene Racing Visor ist eine unverzichtbare Erg\u00e4nzung Ihrer Kopfbedeckung, um schnell zu laufen und gleichzeitig k\u00fchl zu bleiben, wenn Sie Ihr Ziel erreichen.<\/div>\n<\/div>\n<div>\n<section class=\"product-additional-info pt-4 pb-4\">\n<div class=\"d-flex mt-5 pt-4 pb-md-4 pb-3 text-center box-additional-info align-items-center flex-wrap\">\n<div class=\"col-lg-3 col-md-6 col-12 data-sheet\">\n<h2>Nettogewicht des Produkts<\/h2>\n<p>38.00 g<\/p>\n<\/div>\n<div class=\"data-sheet col-lg-3 col-md-6 col-12 feature_1\">\n<h2>Zusammensetzungen<\/h2>\n<dl class=\"d-flex flex-wrap justify-content-center\">\n<dd>60% WW 30% CO 10% EA<\/dd>\n<\/dl>\n<\/div>\n<div class=\"col-lg-3 col-md-6 col-12 data-sheet\">\n<h2>Wasch- und Pflegeanleitung<\/h2>\n<p><img decoding=\"async\" class=\"img-fluid\" src=\"https:\/\/www.compressport.com\/img\/cms\/icons\/picto_wash.png\" \/><\/p>\n<\/div>\n<div class=\"col-lg-3 col-md-6 col-12 data-sheet data-sheet-developed\"><img decoding=\"async\" class=\"img-fluid\" src=\"https:\/\/www.compressport.com\/img\/cms\/icons\/developed_swiss.png\" \/><\/div>\n<\/div>\n<\/section>\n<\/div>\n<\/div>\n<\/div>\n","protected":false},"excerpt":{"rendered":"<p>Rennspezifisches Visier mit Netzband f\u00fcr optimale Bel\u00fcftung bei sehr intensiven Anstrengungen. Das ultraleichte Visier hat sich zu einem unserer erfolgreichsten Produkte weltweit entwickelt, ganz in der N\u00e4he unserer Kompressionsh\u00fcllen f\u00fcr absolute Pr\u00e4senz auf internationalen Podien. Ganz gleich, an welchem Rennen oder Triathlon Sie gerade teilnehmen, es ist mit Sicherheit eines dabei! Dies ist eines unserer &hellip; <a href=\"https:\/\/www.miomiorun.com\/de\/produkt\/compressport-visor-ultralight\/\">Continued<\/a><\/p>\n","protected":false},"featured_media":53962,"template":"","meta":{"_acf_changed":false,"inline_featured_image":false},"product_brand":[],"product_cat":[6342,6372,6374],"product_tag":[3367],"class_list":{"0":"post-172843","1":"product","2":"type-product","3":"status-publish","4":"has-post-thumbnail","6":"product_cat-zubehoer","7":"product_cat-aufwaermausruestung-de","8":"product_cat-haar-de","9":"product_tag-compressport-de","10":"pa_attivita-gehen","11":"pa_attivita-outdoor-de","12":"pa_attivita-running-de","13":"pa_attivita-trail-de","14":"pa_colore-visor-ultralight-pink-de","15":"pa_marca-compressport-de","16":"pa_sesso-damen","17":"pa_sesso-herren","19":"first","20":"instock","21":"sale","22":"taxable","23":"shipping-taxable","24":"purchasable","25":"product-type-variable","26":"wvs-archive-product-wrapper"},"acf":[],"yoast_head":"<!-- This site is optimized with the Yoast SEO plugin v26.8 - https:\/\/yoast.com\/product\/yoast-seo-wordpress\/ -->\n<title>Compressport Visor ultralight - Laufkappe - MioMioRun.com<\/title>\n<meta name=\"description\" content=\"Visier mit Mesh-Band, rennspezifisch, f\u00fcr optimale Bel\u00fcftung bei sehr intensiver Beanspruchung. Mehr Informationen auf unserer Website\" \/>\n<meta name=\"robots\" content=\"index, follow, max-snippet:-1, max-image-preview:large, max-video-preview:-1\" \/>\n<link rel=\"canonical\" href=\"https:\/\/www.miomiorun.com\/de\/produkt\/compressport-visor-ultralight\/\" \/>\n<meta property=\"og:locale\" content=\"de_DE\" \/>\n<meta property=\"og:type\" content=\"article\" \/>\n<meta property=\"og:title\" content=\"Compressport Visor ultralight - Laufkappe - MioMioRun.com\" \/>\n<meta property=\"og:description\" content=\"Visier mit Mesh-Band, rennspezifisch, f\u00fcr optimale Bel\u00fcftung bei sehr intensiver Beanspruchung. Mehr Informationen auf unserer Website\" \/>\n<meta property=\"og:url\" content=\"https:\/\/www.miomiorun.com\/de\/produkt\/compressport-visor-ultralight\/\" \/>\n<meta property=\"og:site_name\" content=\"MioMioRun\" \/>\n<meta property=\"article:publisher\" content=\"https:\/\/www.facebook.com\/miomiorun\/\" \/>\n<meta property=\"article:modified_time\" content=\"2025-07-15T14:14:47+00:00\" \/>\n<meta property=\"og:image\" content=\"https:\/\/www.miomiorun.com\/app\/uploads\/2020\/12\/compressport-Visor-ultralight-CU00005B-Pink.jpg\" \/>\n\t<meta property=\"og:image:width\" content=\"600\" \/>\n\t<meta property=\"og:image:height\" content=\"600\" \/>\n\t<meta property=\"og:image:type\" content=\"image\/jpeg\" \/>\n<meta name=\"twitter:card\" content=\"summary_large_image\" \/>\n<meta name=\"twitter:label1\" content=\"Est. reading time\" \/>\n\t<meta name=\"twitter:data1\" content=\"1 minute\" \/>\n<script type=\"application\/ld+json\" class=\"yoast-schema-graph\">{\"@context\":\"https:\/\/schema.org\",\"@graph\":[{\"@type\":\"WebPage\",\"@id\":\"https:\/\/www.miomiorun.com\/de\/produkt\/compressport-visor-ultralight\/\",\"url\":\"https:\/\/www.miomiorun.com\/de\/produkt\/compressport-visor-ultralight\/\",\"name\":\"Compressport Visor ultralight - Laufkappe - MioMioRun.com\",\"isPartOf\":{\"@id\":\"https:\/\/www.miomiorun.com\/de\/#website\"},\"primaryImageOfPage\":{\"@id\":\"https:\/\/www.miomiorun.com\/de\/produkt\/compressport-visor-ultralight\/#primaryimage\"},\"image\":{\"@id\":\"https:\/\/www.miomiorun.com\/de\/produkt\/compressport-visor-ultralight\/#primaryimage\"},\"thumbnailUrl\":\"https:\/\/www.miomiorun.com\/app\/uploads\/2020\/12\/compressport-Visor-ultralight-CU00005B-Pink.jpg\",\"datePublished\":\"2020-12-21T18:33:14+00:00\",\"dateModified\":\"2025-07-15T14:14:47+00:00\",\"description\":\"Visier mit Mesh-Band, rennspezifisch, f\u00fcr optimale Bel\u00fcftung bei sehr intensiver Beanspruchung. Mehr Informationen auf unserer Website\",\"breadcrumb\":{\"@id\":\"https:\/\/www.miomiorun.com\/de\/produkt\/compressport-visor-ultralight\/#breadcrumb\"},\"inLanguage\":\"de-DE\",\"potentialAction\":[{\"@type\":\"ReadAction\",\"target\":[\"https:\/\/www.miomiorun.com\/de\/produkt\/compressport-visor-ultralight\/\"]}]},{\"@type\":\"ImageObject\",\"inLanguage\":\"de-DE\",\"@id\":\"https:\/\/www.miomiorun.com\/de\/produkt\/compressport-visor-ultralight\/#primaryimage\",\"url\":\"https:\/\/www.miomiorun.com\/app\/uploads\/2020\/12\/compressport-Visor-ultralight-CU00005B-Pink.jpg\",\"contentUrl\":\"https:\/\/www.miomiorun.com\/app\/uploads\/2020\/12\/compressport-Visor-ultralight-CU00005B-Pink.jpg\",\"width\":600,\"height\":600,\"caption\":\"compressport visor ultralight\"},{\"@type\":\"BreadcrumbList\",\"@id\":\"https:\/\/www.miomiorun.com\/de\/produkt\/compressport-visor-ultralight\/#breadcrumb\",\"itemListElement\":[{\"@type\":\"ListItem\",\"position\":1,\"name\":\"Home\",\"item\":\"https:\/\/www.miomiorun.com\/de\/\"},{\"@type\":\"ListItem\",\"position\":2,\"name\":\"Shop\",\"item\":\"https:\/\/www.miomiorun.com\/shop\/\"},{\"@type\":\"ListItem\",\"position\":3,\"name\":\"Visor ultralight\"}]},{\"@type\":\"WebSite\",\"@id\":\"https:\/\/www.miomiorun.com\/de\/#website\",\"url\":\"https:\/\/www.miomiorun.com\/de\/\",\"name\":\"MioMioRun\",\"description\":\"100% Lauf- und Trailshop\",\"publisher\":{\"@id\":\"https:\/\/www.miomiorun.com\/de\/#organization\"},\"potentialAction\":[{\"@type\":\"SearchAction\",\"target\":{\"@type\":\"EntryPoint\",\"urlTemplate\":\"https:\/\/www.miomiorun.com\/de\/?s={search_term_string}\"},\"query-input\":{\"@type\":\"PropertyValueSpecification\",\"valueRequired\":true,\"valueName\":\"search_term_string\"}}],\"inLanguage\":\"de-DE\"},{\"@type\":\"Organization\",\"@id\":\"https:\/\/www.miomiorun.com\/de\/#organization\",\"name\":\"MioMio Run\",\"url\":\"https:\/\/www.miomiorun.com\/de\/\",\"logo\":{\"@type\":\"ImageObject\",\"inLanguage\":\"de-DE\",\"@id\":\"https:\/\/www.miomiorun.com\/de\/#\/schema\/logo\/image\/\",\"url\":\"https:\/\/www.miomiorun.com\/app\/uploads\/2019\/12\/logomio.png\",\"contentUrl\":\"https:\/\/www.miomiorun.com\/app\/uploads\/2019\/12\/logomio.png\",\"width\":115,\"height\":82,\"caption\":\"MioMio Run\"},\"image\":{\"@id\":\"https:\/\/www.miomiorun.com\/de\/#\/schema\/logo\/image\/\"},\"sameAs\":[\"https:\/\/www.facebook.com\/miomiorun\/\",\"https:\/\/www.instagram.com\/miomiorun\/\"]}]}<\/script>\n<!-- \/ Yoast SEO plugin. -->","yoast_head_json":{"title":"Compressport Visor ultralight - Laufkappe - MioMioRun.com","description":"Visier mit Mesh-Band, rennspezifisch, f\u00fcr optimale Bel\u00fcftung bei sehr intensiver Beanspruchung. Mehr Informationen auf unserer Website","robots":{"index":"index","follow":"follow","max-snippet":"max-snippet:-1","max-image-preview":"max-image-preview:large","max-video-preview":"max-video-preview:-1"},"canonical":"https:\/\/www.miomiorun.com\/de\/produkt\/compressport-visor-ultralight\/","og_locale":"de_DE","og_type":"article","og_title":"Compressport Visor ultralight - Laufkappe - MioMioRun.com","og_description":"Visier mit Mesh-Band, rennspezifisch, f\u00fcr optimale Bel\u00fcftung bei sehr intensiver Beanspruchung. Mehr Informationen auf unserer Website","og_url":"https:\/\/www.miomiorun.com\/de\/produkt\/compressport-visor-ultralight\/","og_site_name":"MioMioRun","article_publisher":"https:\/\/www.facebook.com\/miomiorun\/","article_modified_time":"2025-07-15T14:14:47+00:00","og_image":[{"width":600,"height":600,"url":"https:\/\/www.miomiorun.com\/app\/uploads\/2020\/12\/compressport-Visor-ultralight-CU00005B-Pink.jpg","type":"image\/jpeg"}],"twitter_card":"summary_large_image","twitter_misc":{"Est. reading time":"1 minute"},"schema":{"@context":"https:\/\/schema.org","@graph":[{"@type":"WebPage","@id":"https:\/\/www.miomiorun.com\/de\/produkt\/compressport-visor-ultralight\/","url":"https:\/\/www.miomiorun.com\/de\/produkt\/compressport-visor-ultralight\/","name":"Compressport Visor ultralight - Laufkappe - MioMioRun.com","isPartOf":{"@id":"https:\/\/www.miomiorun.com\/de\/#website"},"primaryImageOfPage":{"@id":"https:\/\/www.miomiorun.com\/de\/produkt\/compressport-visor-ultralight\/#primaryimage"},"image":{"@id":"https:\/\/www.miomiorun.com\/de\/produkt\/compressport-visor-ultralight\/#primaryimage"},"thumbnailUrl":"https:\/\/www.miomiorun.com\/app\/uploads\/2020\/12\/compressport-Visor-ultralight-CU00005B-Pink.jpg","datePublished":"2020-12-21T18:33:14+00:00","dateModified":"2025-07-15T14:14:47+00:00","description":"Visier mit Mesh-Band, rennspezifisch, f\u00fcr optimale Bel\u00fcftung bei sehr intensiver Beanspruchung. Mehr Informationen auf unserer Website","breadcrumb":{"@id":"https:\/\/www.miomiorun.com\/de\/produkt\/compressport-visor-ultralight\/#breadcrumb"},"inLanguage":"de-DE","potentialAction":[{"@type":"ReadAction","target":["https:\/\/www.miomiorun.com\/de\/produkt\/compressport-visor-ultralight\/"]}]},{"@type":"ImageObject","inLanguage":"de-DE","@id":"https:\/\/www.miomiorun.com\/de\/produkt\/compressport-visor-ultralight\/#primaryimage","url":"https:\/\/www.miomiorun.com\/app\/uploads\/2020\/12\/compressport-Visor-ultralight-CU00005B-Pink.jpg","contentUrl":"https:\/\/www.miomiorun.com\/app\/uploads\/2020\/12\/compressport-Visor-ultralight-CU00005B-Pink.jpg","width":600,"height":600,"caption":"compressport visor ultralight"},{"@type":"BreadcrumbList","@id":"https:\/\/www.miomiorun.com\/de\/produkt\/compressport-visor-ultralight\/#breadcrumb","itemListElement":[{"@type":"ListItem","position":1,"name":"Home","item":"https:\/\/www.miomiorun.com\/de\/"},{"@type":"ListItem","position":2,"name":"Shop","item":"https:\/\/www.miomiorun.com\/shop\/"},{"@type":"ListItem","position":3,"name":"Visor ultralight"}]},{"@type":"WebSite","@id":"https:\/\/www.miomiorun.com\/de\/#website","url":"https:\/\/www.miomiorun.com\/de\/","name":"MioMioRun","description":"100% Lauf- und Trailshop","publisher":{"@id":"https:\/\/www.miomiorun.com\/de\/#organization"},"potentialAction":[{"@type":"SearchAction","target":{"@type":"EntryPoint","urlTemplate":"https:\/\/www.miomiorun.com\/de\/?s={search_term_string}"},"query-input":{"@type":"PropertyValueSpecification","valueRequired":true,"valueName":"search_term_string"}}],"inLanguage":"de-DE"},{"@type":"Organization","@id":"https:\/\/www.miomiorun.com\/de\/#organization","name":"MioMio Run","url":"https:\/\/www.miomiorun.com\/de\/","logo":{"@type":"ImageObject","inLanguage":"de-DE","@id":"https:\/\/www.miomiorun.com\/de\/#\/schema\/logo\/image\/","url":"https:\/\/www.miomiorun.com\/app\/uploads\/2019\/12\/logomio.png","contentUrl":"https:\/\/www.miomiorun.com\/app\/uploads\/2019\/12\/logomio.png","width":115,"height":82,"caption":"MioMio Run"},"image":{"@id":"https:\/\/www.miomiorun.com\/de\/#\/schema\/logo\/image\/"},"sameAs":["https:\/\/www.facebook.com\/miomiorun\/","https:\/\/www.instagram.com\/miomiorun\/"]}]}},"_links":{"self":[{"href":"https:\/\/www.miomiorun.com\/de\/wp-json\/wp\/v2\/product\/172843","targetHints":{"allow":["GET"]}}],"collection":[{"href":"https:\/\/www.miomiorun.com\/de\/wp-json\/wp\/v2\/product"}],"about":[{"href":"https:\/\/www.miomiorun.com\/de\/wp-json\/wp\/v2\/types\/product"}],"wp:featuredmedia":[{"embeddable":true,"href":"https:\/\/www.miomiorun.com\/de\/wp-json\/wp\/v2\/media\/53962"}],"wp:attachment":[{"href":"https:\/\/www.miomiorun.com\/de\/wp-json\/wp\/v2\/media?parent=172843"}],"wp:term":[{"taxonomy":"product_brand","embeddable":true,"href":"https:\/\/www.miomiorun.com\/de\/wp-json\/wp\/v2\/product_brand?post=172843"},{"taxonomy":"product_cat","embeddable":true,"href":"https:\/\/www.miomiorun.com\/de\/wp-json\/wp\/v2\/product_cat?post=172843"},{"taxonomy":"product_tag","embeddable":true,"href":"https:\/\/www.miomiorun.com\/de\/wp-json\/wp\/v2\/product_tag?post=172843"}],"curies":[{"name":"wp","href":"https:\/\/api.w.org\/{rel}","templated":true}]}}