{"id":172818,"date":"2020-12-01T19:27:42","date_gmt":"2020-12-01T18:27:42","guid":{"rendered":"https:\/\/miomiorun.com\/prodotto\/zoot-thermo-beanie\/"},"modified":"2025-02-26T17:03:46","modified_gmt":"2025-02-26T16:03:46","slug":"zoot-thermo-beanie","status":"publish","type":"product","link":"https:\/\/www.miomiorun.com\/de\/produkt\/zoot-thermo-beanie\/","title":{"rendered":"Thermo Beanie"},"content":{"rendered":"<div id=\"description\" class=\"tab-pane fade in active\" role=\"tabpanel\">\n<div class=\"product-description\">\n<p>Ein warmer Kopf bei kaltem Wetter ist der Schl\u00fcssel zu einem gro\u00dfartigen Workout. Die Zoot Sports Thermo Beanie hat eine geb\u00fcrstete R\u00fcckseite f\u00fcr optimale W\u00e4rme und hervorragenden Feuchtigkeitstransport. Genie\u00dfe deine L\u00e4ufe im Freien in diesem Winter mit der Thermo Beanie.<\/p>\n<p>Material:<\/p>\n<p>Geb\u00fcrstetes Rundstrickmaterial auf der R\u00fcckseite sorgt f\u00fcr optimale W\u00e4rme und hervorragenden Feuchtigkeitstransport<br \/>\nFleece-Futter f\u00fcr W\u00e4rme<\/p>\n<\/div>\n<\/div>\n","protected":false},"excerpt":{"rendered":"<p>Ein warmer Kopf bei kaltem Wetter ist der Schl\u00fcssel zu einem gro\u00dfartigen Workout. Die Zoot Sports Thermo Beanie hat eine geb\u00fcrstete R\u00fcckseite f\u00fcr optimale W\u00e4rme und hervorragenden Feuchtigkeitstransport. Genie\u00dfe deine L\u00e4ufe im Freien in diesem Winter mit der Thermo Beanie. Material: Geb\u00fcrstetes Rundstrickmaterial auf der R\u00fcckseite sorgt f\u00fcr optimale W\u00e4rme und hervorragenden Feuchtigkeitstransport Fleece-Futter f\u00fcr &hellip; <a href=\"https:\/\/www.miomiorun.com\/de\/produkt\/zoot-thermo-beanie\/\">Continued<\/a><\/p>\n","protected":false},"featured_media":53834,"template":"","meta":{"_acf_changed":false,"inline_featured_image":false},"product_brand":[],"product_cat":[6342,6372,6374],"product_tag":[3401],"class_list":{"0":"post-172818","1":"product","2":"type-product","3":"status-publish","4":"has-post-thumbnail","6":"product_cat-zubehoer","7":"product_cat-aufwaermausruestung-de","8":"product_cat-haar-de","9":"product_tag-zoot-de","10":"pa_attivita-gehen","11":"pa_attivita-running-de","12":"pa_colore-thermo-beanie-pink-de","13":"pa_marca-zoot-de","14":"pa_sesso-damen","15":"pa_sesso-herren","17":"first","18":"instock","19":"sale","20":"taxable","21":"shipping-taxable","22":"purchasable","23":"product-type-variable","24":"wvs-archive-product-wrapper"},"acf":[],"yoast_head":"<!-- This site is optimized with the Yoast SEO plugin v26.8 - https:\/\/yoast.com\/product\/yoast-seo-wordpress\/ -->\n<title>Zoot Thermo Beanie -Laufkappe- MioMioRun.com<\/title>\n<meta name=\"description\" content=\"Ein warmer Kopf bei kaltem Wetter ist der Schl\u00fcssel zu einem gro\u00dfartigen Workout. Die Zoot Sports Thermo Beanie hat eine geb\u00fcrstete R\u00fcckseite f\u00fcr optimale W\u00e4rme\" \/>\n<meta name=\"robots\" content=\"index, follow, max-snippet:-1, max-image-preview:large, max-video-preview:-1\" \/>\n<link rel=\"canonical\" href=\"https:\/\/www.miomiorun.com\/de\/produkt\/zoot-thermo-beanie\/\" \/>\n<meta property=\"og:locale\" content=\"de_DE\" \/>\n<meta property=\"og:type\" content=\"article\" \/>\n<meta property=\"og:title\" content=\"Zoot Thermo Beanie -Laufkappe- MioMioRun.com\" \/>\n<meta property=\"og:description\" content=\"Ein warmer Kopf bei kaltem Wetter ist der Schl\u00fcssel zu einem gro\u00dfartigen Workout. Die Zoot Sports Thermo Beanie hat eine geb\u00fcrstete R\u00fcckseite f\u00fcr optimale W\u00e4rme\" \/>\n<meta property=\"og:url\" content=\"https:\/\/www.miomiorun.com\/de\/produkt\/zoot-thermo-beanie\/\" \/>\n<meta property=\"og:site_name\" content=\"MioMioRun\" \/>\n<meta property=\"article:publisher\" content=\"https:\/\/www.facebook.com\/miomiorun\/\" \/>\n<meta property=\"article:modified_time\" content=\"2025-02-26T16:03:46+00:00\" \/>\n<meta property=\"og:image\" content=\"https:\/\/www.miomiorun.com\/app\/uploads\/2020\/12\/Thermo-beanie-2644718.1.1.jpg\" \/>\n\t<meta property=\"og:image:width\" content=\"600\" \/>\n\t<meta property=\"og:image:height\" content=\"600\" \/>\n\t<meta property=\"og:image:type\" content=\"image\/jpeg\" \/>\n<meta name=\"twitter:card\" content=\"summary_large_image\" \/>\n<script type=\"application\/ld+json\" class=\"yoast-schema-graph\">{\"@context\":\"https:\/\/schema.org\",\"@graph\":[{\"@type\":\"WebPage\",\"@id\":\"https:\/\/www.miomiorun.com\/de\/produkt\/zoot-thermo-beanie\/\",\"url\":\"https:\/\/www.miomiorun.com\/de\/produkt\/zoot-thermo-beanie\/\",\"name\":\"Zoot Thermo Beanie -Laufkappe- MioMioRun.com\",\"isPartOf\":{\"@id\":\"https:\/\/www.miomiorun.com\/de\/#website\"},\"primaryImageOfPage\":{\"@id\":\"https:\/\/www.miomiorun.com\/de\/produkt\/zoot-thermo-beanie\/#primaryimage\"},\"image\":{\"@id\":\"https:\/\/www.miomiorun.com\/de\/produkt\/zoot-thermo-beanie\/#primaryimage\"},\"thumbnailUrl\":\"https:\/\/www.miomiorun.com\/app\/uploads\/2020\/12\/Thermo-beanie-2644718.1.1.jpg\",\"datePublished\":\"2020-12-01T18:27:42+00:00\",\"dateModified\":\"2025-02-26T16:03:46+00:00\",\"description\":\"Ein warmer Kopf bei kaltem Wetter ist der Schl\u00fcssel zu einem gro\u00dfartigen Workout. Die Zoot Sports Thermo Beanie hat eine geb\u00fcrstete R\u00fcckseite f\u00fcr optimale W\u00e4rme\",\"breadcrumb\":{\"@id\":\"https:\/\/www.miomiorun.com\/de\/produkt\/zoot-thermo-beanie\/#breadcrumb\"},\"inLanguage\":\"de-DE\",\"potentialAction\":[{\"@type\":\"ReadAction\",\"target\":[\"https:\/\/www.miomiorun.com\/de\/produkt\/zoot-thermo-beanie\/\"]}]},{\"@type\":\"ImageObject\",\"inLanguage\":\"de-DE\",\"@id\":\"https:\/\/www.miomiorun.com\/de\/produkt\/zoot-thermo-beanie\/#primaryimage\",\"url\":\"https:\/\/www.miomiorun.com\/app\/uploads\/2020\/12\/Thermo-beanie-2644718.1.1.jpg\",\"contentUrl\":\"https:\/\/www.miomiorun.com\/app\/uploads\/2020\/12\/Thermo-beanie-2644718.1.1.jpg\",\"width\":600,\"height\":600,\"caption\":\"thermo beanie cappello\"},{\"@type\":\"BreadcrumbList\",\"@id\":\"https:\/\/www.miomiorun.com\/de\/produkt\/zoot-thermo-beanie\/#breadcrumb\",\"itemListElement\":[{\"@type\":\"ListItem\",\"position\":1,\"name\":\"Home\",\"item\":\"https:\/\/www.miomiorun.com\/de\/\"},{\"@type\":\"ListItem\",\"position\":2,\"name\":\"Shop\",\"item\":\"https:\/\/www.miomiorun.com\/shop\/\"},{\"@type\":\"ListItem\",\"position\":3,\"name\":\"Thermo Beanie\"}]},{\"@type\":\"WebSite\",\"@id\":\"https:\/\/www.miomiorun.com\/de\/#website\",\"url\":\"https:\/\/www.miomiorun.com\/de\/\",\"name\":\"MioMioRun\",\"description\":\"100% Lauf- und Trailshop\",\"publisher\":{\"@id\":\"https:\/\/www.miomiorun.com\/de\/#organization\"},\"potentialAction\":[{\"@type\":\"SearchAction\",\"target\":{\"@type\":\"EntryPoint\",\"urlTemplate\":\"https:\/\/www.miomiorun.com\/de\/?s={search_term_string}\"},\"query-input\":{\"@type\":\"PropertyValueSpecification\",\"valueRequired\":true,\"valueName\":\"search_term_string\"}}],\"inLanguage\":\"de-DE\"},{\"@type\":\"Organization\",\"@id\":\"https:\/\/www.miomiorun.com\/de\/#organization\",\"name\":\"MioMio Run\",\"url\":\"https:\/\/www.miomiorun.com\/de\/\",\"logo\":{\"@type\":\"ImageObject\",\"inLanguage\":\"de-DE\",\"@id\":\"https:\/\/www.miomiorun.com\/de\/#\/schema\/logo\/image\/\",\"url\":\"https:\/\/www.miomiorun.com\/app\/uploads\/2019\/12\/logomio.png\",\"contentUrl\":\"https:\/\/www.miomiorun.com\/app\/uploads\/2019\/12\/logomio.png\",\"width\":115,\"height\":82,\"caption\":\"MioMio Run\"},\"image\":{\"@id\":\"https:\/\/www.miomiorun.com\/de\/#\/schema\/logo\/image\/\"},\"sameAs\":[\"https:\/\/www.facebook.com\/miomiorun\/\",\"https:\/\/www.instagram.com\/miomiorun\/\"]}]}<\/script>\n<!-- \/ Yoast SEO plugin. -->","yoast_head_json":{"title":"Zoot Thermo Beanie -Laufkappe- MioMioRun.com","description":"Ein warmer Kopf bei kaltem Wetter ist der Schl\u00fcssel zu einem gro\u00dfartigen Workout. Die Zoot Sports Thermo Beanie hat eine geb\u00fcrstete R\u00fcckseite f\u00fcr optimale W\u00e4rme","robots":{"index":"index","follow":"follow","max-snippet":"max-snippet:-1","max-image-preview":"max-image-preview:large","max-video-preview":"max-video-preview:-1"},"canonical":"https:\/\/www.miomiorun.com\/de\/produkt\/zoot-thermo-beanie\/","og_locale":"de_DE","og_type":"article","og_title":"Zoot Thermo Beanie -Laufkappe- MioMioRun.com","og_description":"Ein warmer Kopf bei kaltem Wetter ist der Schl\u00fcssel zu einem gro\u00dfartigen Workout. Die Zoot Sports Thermo Beanie hat eine geb\u00fcrstete R\u00fcckseite f\u00fcr optimale W\u00e4rme","og_url":"https:\/\/www.miomiorun.com\/de\/produkt\/zoot-thermo-beanie\/","og_site_name":"MioMioRun","article_publisher":"https:\/\/www.facebook.com\/miomiorun\/","article_modified_time":"2025-02-26T16:03:46+00:00","og_image":[{"width":600,"height":600,"url":"https:\/\/www.miomiorun.com\/app\/uploads\/2020\/12\/Thermo-beanie-2644718.1.1.jpg","type":"image\/jpeg"}],"twitter_card":"summary_large_image","schema":{"@context":"https:\/\/schema.org","@graph":[{"@type":"WebPage","@id":"https:\/\/www.miomiorun.com\/de\/produkt\/zoot-thermo-beanie\/","url":"https:\/\/www.miomiorun.com\/de\/produkt\/zoot-thermo-beanie\/","name":"Zoot Thermo Beanie -Laufkappe- MioMioRun.com","isPartOf":{"@id":"https:\/\/www.miomiorun.com\/de\/#website"},"primaryImageOfPage":{"@id":"https:\/\/www.miomiorun.com\/de\/produkt\/zoot-thermo-beanie\/#primaryimage"},"image":{"@id":"https:\/\/www.miomiorun.com\/de\/produkt\/zoot-thermo-beanie\/#primaryimage"},"thumbnailUrl":"https:\/\/www.miomiorun.com\/app\/uploads\/2020\/12\/Thermo-beanie-2644718.1.1.jpg","datePublished":"2020-12-01T18:27:42+00:00","dateModified":"2025-02-26T16:03:46+00:00","description":"Ein warmer Kopf bei kaltem Wetter ist der Schl\u00fcssel zu einem gro\u00dfartigen Workout. Die Zoot Sports Thermo Beanie hat eine geb\u00fcrstete R\u00fcckseite f\u00fcr optimale W\u00e4rme","breadcrumb":{"@id":"https:\/\/www.miomiorun.com\/de\/produkt\/zoot-thermo-beanie\/#breadcrumb"},"inLanguage":"de-DE","potentialAction":[{"@type":"ReadAction","target":["https:\/\/www.miomiorun.com\/de\/produkt\/zoot-thermo-beanie\/"]}]},{"@type":"ImageObject","inLanguage":"de-DE","@id":"https:\/\/www.miomiorun.com\/de\/produkt\/zoot-thermo-beanie\/#primaryimage","url":"https:\/\/www.miomiorun.com\/app\/uploads\/2020\/12\/Thermo-beanie-2644718.1.1.jpg","contentUrl":"https:\/\/www.miomiorun.com\/app\/uploads\/2020\/12\/Thermo-beanie-2644718.1.1.jpg","width":600,"height":600,"caption":"thermo beanie cappello"},{"@type":"BreadcrumbList","@id":"https:\/\/www.miomiorun.com\/de\/produkt\/zoot-thermo-beanie\/#breadcrumb","itemListElement":[{"@type":"ListItem","position":1,"name":"Home","item":"https:\/\/www.miomiorun.com\/de\/"},{"@type":"ListItem","position":2,"name":"Shop","item":"https:\/\/www.miomiorun.com\/shop\/"},{"@type":"ListItem","position":3,"name":"Thermo Beanie"}]},{"@type":"WebSite","@id":"https:\/\/www.miomiorun.com\/de\/#website","url":"https:\/\/www.miomiorun.com\/de\/","name":"MioMioRun","description":"100% Lauf- und Trailshop","publisher":{"@id":"https:\/\/www.miomiorun.com\/de\/#organization"},"potentialAction":[{"@type":"SearchAction","target":{"@type":"EntryPoint","urlTemplate":"https:\/\/www.miomiorun.com\/de\/?s={search_term_string}"},"query-input":{"@type":"PropertyValueSpecification","valueRequired":true,"valueName":"search_term_string"}}],"inLanguage":"de-DE"},{"@type":"Organization","@id":"https:\/\/www.miomiorun.com\/de\/#organization","name":"MioMio Run","url":"https:\/\/www.miomiorun.com\/de\/","logo":{"@type":"ImageObject","inLanguage":"de-DE","@id":"https:\/\/www.miomiorun.com\/de\/#\/schema\/logo\/image\/","url":"https:\/\/www.miomiorun.com\/app\/uploads\/2019\/12\/logomio.png","contentUrl":"https:\/\/www.miomiorun.com\/app\/uploads\/2019\/12\/logomio.png","width":115,"height":82,"caption":"MioMio Run"},"image":{"@id":"https:\/\/www.miomiorun.com\/de\/#\/schema\/logo\/image\/"},"sameAs":["https:\/\/www.facebook.com\/miomiorun\/","https:\/\/www.instagram.com\/miomiorun\/"]}]}},"_links":{"self":[{"href":"https:\/\/www.miomiorun.com\/de\/wp-json\/wp\/v2\/product\/172818","targetHints":{"allow":["GET"]}}],"collection":[{"href":"https:\/\/www.miomiorun.com\/de\/wp-json\/wp\/v2\/product"}],"about":[{"href":"https:\/\/www.miomiorun.com\/de\/wp-json\/wp\/v2\/types\/product"}],"wp:featuredmedia":[{"embeddable":true,"href":"https:\/\/www.miomiorun.com\/de\/wp-json\/wp\/v2\/media\/53834"}],"wp:attachment":[{"href":"https:\/\/www.miomiorun.com\/de\/wp-json\/wp\/v2\/media?parent=172818"}],"wp:term":[{"taxonomy":"product_brand","embeddable":true,"href":"https:\/\/www.miomiorun.com\/de\/wp-json\/wp\/v2\/product_brand?post=172818"},{"taxonomy":"product_cat","embeddable":true,"href":"https:\/\/www.miomiorun.com\/de\/wp-json\/wp\/v2\/product_cat?post=172818"},{"taxonomy":"product_tag","embeddable":true,"href":"https:\/\/www.miomiorun.com\/de\/wp-json\/wp\/v2\/product_tag?post=172818"}],"curies":[{"name":"wp","href":"https:\/\/api.w.org\/{rel}","templated":true}]}}