{"id":172809,"date":"2020-12-22T10:53:39","date_gmt":"2020-12-22T09:53:39","guid":{"rendered":"https:\/\/miomiorun.com\/prodotto\/compressport-headband-on-off\/"},"modified":"2025-07-15T16:14:47","modified_gmt":"2025-07-15T14:14:47","slug":"compressport-headband-on-off","status":"publish","type":"product","link":"https:\/\/www.miomiorun.com\/de\/produkt\/compressport-headband-on-off\/","title":{"rendered":"Headband on\/off"},"content":{"rendered":"<div id=\"description\" class=\"tab-pane fade in active\" role=\"tabpanel\">\n<div id=\"description\" class=\"tab-pane fade in active\" role=\"tabpanel\">Breites und leichtes Stirnband, das bei hei\u00dfem Wetter f\u00fcr optimale Bel\u00fcftung und Schwei\u00dfableitung sorgt<\/div>\n<div role=\"tabpanel\">\n<p>Beim Sport ist es mit der Kopfbedeckung wie mit Schuhen und T-Shirts: Man kann nie zu viele Optionen haben. Dieses Unisex-Laufstirnband On\/Off vereint sorgf\u00e4ltig kalibrierte Eigenschaften in einem kleinen, leichten Paket, das daf\u00fcr sorgt, dass Sie in allen Situationen k\u00fchl und aufmerksam bleiben. Das elastische, nahtlose Stirnband ist f\u00fcr eine extrem effektive Temperaturregulierung und Komfort w\u00e4hrend des Trainings und des Rennens konzipiert. Die On\/Off-Technologie sorgt an jeder Stelle f\u00fcr eine Bel\u00fcftung und damit f\u00fcr einen schnellen Abtransport des Schwei\u00dfes. Es trocknet bis zu 7 Mal schneller als herk\u00f6mmliche Stirnb\u00e4nder und sorgt daf\u00fcr, dass der Kopf auch bei Hitze k\u00fchl bleibt. Die ultraweichen Fasern passen sich der Form von Kopf und Ohren an, ohne unangenehme Druckstellen zu erzeugen, und halten Augen und Stirn frei von Schwei\u00df und widerspenstigen Haaren. Das leuchtend rosafarbene Modell, das pur oder unter einem Helm, einer Stirnlampe oder einer M\u00fctze getragen wird, verleiht Ihren Fahrten einen Hauch von Fr\u00f6hlichkeit. Wenn Sie genau hinsehen, werden Sie feststellen, dass der Markenname auch auf den Bel\u00fcftungsl\u00f6chern zu sehen ist, was einen besonderen Touch verleiht.<\/p>\n<section class=\"product-additional-info pt-4 pb-4\">\n<div class=\"d-flex mt-5 pt-4 pb-md-4 pb-3 text-center box-additional-info align-items-center flex-wrap\">\n<div class=\"col-lg-3 col-md-6 col-12 data-sheet\">\n<h2>Nettogewicht des Produkts<\/h2>\n<p>22.00 g<\/p>\n<\/div>\n<div class=\"data-sheet col-lg-3 col-md-6 col-12 feature_1\">\n<h2>Zusammensetzungen<\/h2>\n<dl class=\"d-flex flex-wrap justify-content-center\">\n<dd>92% PA, 8% EA<\/dd>\n<\/dl>\n<\/div>\n<div class=\"col-lg-3 col-md-6 col-12 data-sheet\">\n<h2>Wasch- und Pflegeanleitung<\/h2>\n<p><img decoding=\"async\" class=\"img-fluid\" src=\"https:\/\/www.compressport.com\/img\/cms\/icons\/picto_wash.png\" \/><\/p>\n<\/div>\n<\/div>\n<div><\/div>\n<div class=\"d-flex mt-5 pt-4 pb-md-4 pb-3 text-center box-additional-info align-items-center flex-wrap\">\n<div class=\"col-lg-3 col-md-6 col-12 data-sheet data-sheet-developed\"><img decoding=\"async\" class=\"img-fluid\" src=\"https:\/\/www.compressport.com\/img\/cms\/icons\/developed_swiss.png\" \/><\/div>\n<\/div>\n<\/section>\n<\/div>\n<\/div>\n","protected":false},"excerpt":{"rendered":"<p>Breites und leichtes Stirnband, das bei hei\u00dfem Wetter f\u00fcr optimale Bel\u00fcftung und Schwei\u00dfableitung sorgt Beim Sport ist es mit der Kopfbedeckung wie mit Schuhen und T-Shirts: Man kann nie zu viele Optionen haben. Dieses Unisex-Laufstirnband On\/Off vereint sorgf\u00e4ltig kalibrierte Eigenschaften in einem kleinen, leichten Paket, das daf\u00fcr sorgt, dass Sie in allen Situationen k\u00fchl und &hellip; <a href=\"https:\/\/www.miomiorun.com\/de\/produkt\/compressport-headband-on-off\/\">Continued<\/a><\/p>\n","protected":false},"featured_media":55947,"template":"","meta":{"_acf_changed":false,"inline_featured_image":false},"product_brand":[],"product_cat":[6342,6372,6374],"product_tag":[3367],"class_list":{"0":"post-172809","1":"product","2":"type-product","3":"status-publish","4":"has-post-thumbnail","6":"product_cat-zubehoer","7":"product_cat-aufwaermausruestung-de","8":"product_cat-haar-de","9":"product_tag-compressport-de","10":"pa_attivita-gehen","11":"pa_attivita-outdoor-de","12":"pa_attivita-running-de","13":"pa_attivita-trail-de","14":"pa_colore-headband-on-off-coral-de","15":"pa_colore-headband-on-off-white-de","16":"pa_marca-compressport-de","17":"pa_sesso-damen","18":"pa_sesso-herren","20":"first","21":"instock","22":"sale","23":"taxable","24":"shipping-taxable","25":"purchasable","26":"product-type-variable","27":"wvs-archive-product-wrapper"},"acf":[],"yoast_head":"<!-- This site is optimized with the Yoast SEO plugin v26.8 - https:\/\/yoast.com\/product\/yoast-seo-wordpress\/ -->\n<title>Headband on\/off - Stirnbandlauf - MioMioRun.com<\/title>\n<meta name=\"description\" content=\"Breites, leichtes Kopfband sorgt f\u00fcr optimale Bel\u00fcftung und Schwei\u00dfableitung bei hei\u00dfem Wetter. Mehr Informationen auf unserer Website\" \/>\n<meta name=\"robots\" content=\"index, follow, max-snippet:-1, max-image-preview:large, max-video-preview:-1\" \/>\n<link rel=\"canonical\" href=\"https:\/\/www.miomiorun.com\/de\/produkt\/compressport-headband-on-off\/\" \/>\n<meta property=\"og:locale\" content=\"de_DE\" \/>\n<meta property=\"og:type\" content=\"article\" \/>\n<meta property=\"og:title\" content=\"Headband on\/off - Stirnbandlauf - MioMioRun.com\" \/>\n<meta property=\"og:description\" content=\"Breites, leichtes Kopfband sorgt f\u00fcr optimale Bel\u00fcftung und Schwei\u00dfableitung bei hei\u00dfem Wetter. Mehr Informationen auf unserer Website\" \/>\n<meta property=\"og:url\" content=\"https:\/\/www.miomiorun.com\/de\/produkt\/compressport-headband-on-off\/\" \/>\n<meta property=\"og:site_name\" content=\"MioMioRun\" \/>\n<meta property=\"article:publisher\" content=\"https:\/\/www.facebook.com\/miomiorun\/\" \/>\n<meta property=\"article:modified_time\" content=\"2025-07-15T14:14:47+00:00\" \/>\n<meta property=\"og:image\" content=\"https:\/\/www.miomiorun.com\/app\/uploads\/2021\/06\/compressport-headband-on-off-CU00009B-white.jpg\" \/>\n\t<meta property=\"og:image:width\" content=\"600\" \/>\n\t<meta property=\"og:image:height\" content=\"600\" \/>\n\t<meta property=\"og:image:type\" content=\"image\/jpeg\" \/>\n<meta name=\"twitter:card\" content=\"summary_large_image\" \/>\n<meta name=\"twitter:label1\" content=\"Est. reading time\" \/>\n\t<meta name=\"twitter:data1\" content=\"1 minute\" \/>\n<script type=\"application\/ld+json\" class=\"yoast-schema-graph\">{\"@context\":\"https:\/\/schema.org\",\"@graph\":[{\"@type\":\"WebPage\",\"@id\":\"https:\/\/www.miomiorun.com\/de\/produkt\/compressport-headband-on-off\/\",\"url\":\"https:\/\/www.miomiorun.com\/de\/produkt\/compressport-headband-on-off\/\",\"name\":\"Headband on\/off - Stirnbandlauf - MioMioRun.com\",\"isPartOf\":{\"@id\":\"https:\/\/www.miomiorun.com\/de\/#website\"},\"primaryImageOfPage\":{\"@id\":\"https:\/\/www.miomiorun.com\/de\/produkt\/compressport-headband-on-off\/#primaryimage\"},\"image\":{\"@id\":\"https:\/\/www.miomiorun.com\/de\/produkt\/compressport-headband-on-off\/#primaryimage\"},\"thumbnailUrl\":\"https:\/\/www.miomiorun.com\/app\/uploads\/2021\/06\/compressport-headband-on-off-CU00009B-white.jpg\",\"datePublished\":\"2020-12-22T09:53:39+00:00\",\"dateModified\":\"2025-07-15T14:14:47+00:00\",\"description\":\"Breites, leichtes Kopfband sorgt f\u00fcr optimale Bel\u00fcftung und Schwei\u00dfableitung bei hei\u00dfem Wetter. Mehr Informationen auf unserer Website\",\"breadcrumb\":{\"@id\":\"https:\/\/www.miomiorun.com\/de\/produkt\/compressport-headband-on-off\/#breadcrumb\"},\"inLanguage\":\"de-DE\",\"potentialAction\":[{\"@type\":\"ReadAction\",\"target\":[\"https:\/\/www.miomiorun.com\/de\/produkt\/compressport-headband-on-off\/\"]}]},{\"@type\":\"ImageObject\",\"inLanguage\":\"de-DE\",\"@id\":\"https:\/\/www.miomiorun.com\/de\/produkt\/compressport-headband-on-off\/#primaryimage\",\"url\":\"https:\/\/www.miomiorun.com\/app\/uploads\/2021\/06\/compressport-headband-on-off-CU00009B-white.jpg\",\"contentUrl\":\"https:\/\/www.miomiorun.com\/app\/uploads\/2021\/06\/compressport-headband-on-off-CU00009B-white.jpg\",\"width\":600,\"height\":600,\"caption\":\"compressport headband on off bianco\"},{\"@type\":\"BreadcrumbList\",\"@id\":\"https:\/\/www.miomiorun.com\/de\/produkt\/compressport-headband-on-off\/#breadcrumb\",\"itemListElement\":[{\"@type\":\"ListItem\",\"position\":1,\"name\":\"Home\",\"item\":\"https:\/\/www.miomiorun.com\/de\/\"},{\"@type\":\"ListItem\",\"position\":2,\"name\":\"Shop\",\"item\":\"https:\/\/www.miomiorun.com\/shop\/\"},{\"@type\":\"ListItem\",\"position\":3,\"name\":\"Headband on\/off\"}]},{\"@type\":\"WebSite\",\"@id\":\"https:\/\/www.miomiorun.com\/de\/#website\",\"url\":\"https:\/\/www.miomiorun.com\/de\/\",\"name\":\"MioMioRun\",\"description\":\"100% Lauf- und Trailshop\",\"publisher\":{\"@id\":\"https:\/\/www.miomiorun.com\/de\/#organization\"},\"potentialAction\":[{\"@type\":\"SearchAction\",\"target\":{\"@type\":\"EntryPoint\",\"urlTemplate\":\"https:\/\/www.miomiorun.com\/de\/?s={search_term_string}\"},\"query-input\":{\"@type\":\"PropertyValueSpecification\",\"valueRequired\":true,\"valueName\":\"search_term_string\"}}],\"inLanguage\":\"de-DE\"},{\"@type\":\"Organization\",\"@id\":\"https:\/\/www.miomiorun.com\/de\/#organization\",\"name\":\"MioMio Run\",\"url\":\"https:\/\/www.miomiorun.com\/de\/\",\"logo\":{\"@type\":\"ImageObject\",\"inLanguage\":\"de-DE\",\"@id\":\"https:\/\/www.miomiorun.com\/de\/#\/schema\/logo\/image\/\",\"url\":\"https:\/\/www.miomiorun.com\/app\/uploads\/2019\/12\/logomio.png\",\"contentUrl\":\"https:\/\/www.miomiorun.com\/app\/uploads\/2019\/12\/logomio.png\",\"width\":115,\"height\":82,\"caption\":\"MioMio Run\"},\"image\":{\"@id\":\"https:\/\/www.miomiorun.com\/de\/#\/schema\/logo\/image\/\"},\"sameAs\":[\"https:\/\/www.facebook.com\/miomiorun\/\",\"https:\/\/www.instagram.com\/miomiorun\/\"]}]}<\/script>\n<!-- \/ Yoast SEO plugin. -->","yoast_head_json":{"title":"Headband on\/off - Stirnbandlauf - MioMioRun.com","description":"Breites, leichtes Kopfband sorgt f\u00fcr optimale Bel\u00fcftung und Schwei\u00dfableitung bei hei\u00dfem Wetter. Mehr Informationen auf unserer Website","robots":{"index":"index","follow":"follow","max-snippet":"max-snippet:-1","max-image-preview":"max-image-preview:large","max-video-preview":"max-video-preview:-1"},"canonical":"https:\/\/www.miomiorun.com\/de\/produkt\/compressport-headband-on-off\/","og_locale":"de_DE","og_type":"article","og_title":"Headband on\/off - Stirnbandlauf - MioMioRun.com","og_description":"Breites, leichtes Kopfband sorgt f\u00fcr optimale Bel\u00fcftung und Schwei\u00dfableitung bei hei\u00dfem Wetter. Mehr Informationen auf unserer Website","og_url":"https:\/\/www.miomiorun.com\/de\/produkt\/compressport-headband-on-off\/","og_site_name":"MioMioRun","article_publisher":"https:\/\/www.facebook.com\/miomiorun\/","article_modified_time":"2025-07-15T14:14:47+00:00","og_image":[{"width":600,"height":600,"url":"https:\/\/www.miomiorun.com\/app\/uploads\/2021\/06\/compressport-headband-on-off-CU00009B-white.jpg","type":"image\/jpeg"}],"twitter_card":"summary_large_image","twitter_misc":{"Est. reading time":"1 minute"},"schema":{"@context":"https:\/\/schema.org","@graph":[{"@type":"WebPage","@id":"https:\/\/www.miomiorun.com\/de\/produkt\/compressport-headband-on-off\/","url":"https:\/\/www.miomiorun.com\/de\/produkt\/compressport-headband-on-off\/","name":"Headband on\/off - Stirnbandlauf - MioMioRun.com","isPartOf":{"@id":"https:\/\/www.miomiorun.com\/de\/#website"},"primaryImageOfPage":{"@id":"https:\/\/www.miomiorun.com\/de\/produkt\/compressport-headband-on-off\/#primaryimage"},"image":{"@id":"https:\/\/www.miomiorun.com\/de\/produkt\/compressport-headband-on-off\/#primaryimage"},"thumbnailUrl":"https:\/\/www.miomiorun.com\/app\/uploads\/2021\/06\/compressport-headband-on-off-CU00009B-white.jpg","datePublished":"2020-12-22T09:53:39+00:00","dateModified":"2025-07-15T14:14:47+00:00","description":"Breites, leichtes Kopfband sorgt f\u00fcr optimale Bel\u00fcftung und Schwei\u00dfableitung bei hei\u00dfem Wetter. Mehr Informationen auf unserer Website","breadcrumb":{"@id":"https:\/\/www.miomiorun.com\/de\/produkt\/compressport-headband-on-off\/#breadcrumb"},"inLanguage":"de-DE","potentialAction":[{"@type":"ReadAction","target":["https:\/\/www.miomiorun.com\/de\/produkt\/compressport-headband-on-off\/"]}]},{"@type":"ImageObject","inLanguage":"de-DE","@id":"https:\/\/www.miomiorun.com\/de\/produkt\/compressport-headband-on-off\/#primaryimage","url":"https:\/\/www.miomiorun.com\/app\/uploads\/2021\/06\/compressport-headband-on-off-CU00009B-white.jpg","contentUrl":"https:\/\/www.miomiorun.com\/app\/uploads\/2021\/06\/compressport-headband-on-off-CU00009B-white.jpg","width":600,"height":600,"caption":"compressport headband on off bianco"},{"@type":"BreadcrumbList","@id":"https:\/\/www.miomiorun.com\/de\/produkt\/compressport-headband-on-off\/#breadcrumb","itemListElement":[{"@type":"ListItem","position":1,"name":"Home","item":"https:\/\/www.miomiorun.com\/de\/"},{"@type":"ListItem","position":2,"name":"Shop","item":"https:\/\/www.miomiorun.com\/shop\/"},{"@type":"ListItem","position":3,"name":"Headband on\/off"}]},{"@type":"WebSite","@id":"https:\/\/www.miomiorun.com\/de\/#website","url":"https:\/\/www.miomiorun.com\/de\/","name":"MioMioRun","description":"100% Lauf- und Trailshop","publisher":{"@id":"https:\/\/www.miomiorun.com\/de\/#organization"},"potentialAction":[{"@type":"SearchAction","target":{"@type":"EntryPoint","urlTemplate":"https:\/\/www.miomiorun.com\/de\/?s={search_term_string}"},"query-input":{"@type":"PropertyValueSpecification","valueRequired":true,"valueName":"search_term_string"}}],"inLanguage":"de-DE"},{"@type":"Organization","@id":"https:\/\/www.miomiorun.com\/de\/#organization","name":"MioMio Run","url":"https:\/\/www.miomiorun.com\/de\/","logo":{"@type":"ImageObject","inLanguage":"de-DE","@id":"https:\/\/www.miomiorun.com\/de\/#\/schema\/logo\/image\/","url":"https:\/\/www.miomiorun.com\/app\/uploads\/2019\/12\/logomio.png","contentUrl":"https:\/\/www.miomiorun.com\/app\/uploads\/2019\/12\/logomio.png","width":115,"height":82,"caption":"MioMio Run"},"image":{"@id":"https:\/\/www.miomiorun.com\/de\/#\/schema\/logo\/image\/"},"sameAs":["https:\/\/www.facebook.com\/miomiorun\/","https:\/\/www.instagram.com\/miomiorun\/"]}]}},"_links":{"self":[{"href":"https:\/\/www.miomiorun.com\/de\/wp-json\/wp\/v2\/product\/172809","targetHints":{"allow":["GET"]}}],"collection":[{"href":"https:\/\/www.miomiorun.com\/de\/wp-json\/wp\/v2\/product"}],"about":[{"href":"https:\/\/www.miomiorun.com\/de\/wp-json\/wp\/v2\/types\/product"}],"wp:featuredmedia":[{"embeddable":true,"href":"https:\/\/www.miomiorun.com\/de\/wp-json\/wp\/v2\/media\/55947"}],"wp:attachment":[{"href":"https:\/\/www.miomiorun.com\/de\/wp-json\/wp\/v2\/media?parent=172809"}],"wp:term":[{"taxonomy":"product_brand","embeddable":true,"href":"https:\/\/www.miomiorun.com\/de\/wp-json\/wp\/v2\/product_brand?post=172809"},{"taxonomy":"product_cat","embeddable":true,"href":"https:\/\/www.miomiorun.com\/de\/wp-json\/wp\/v2\/product_cat?post=172809"},{"taxonomy":"product_tag","embeddable":true,"href":"https:\/\/www.miomiorun.com\/de\/wp-json\/wp\/v2\/product_tag?post=172809"}],"curies":[{"name":"wp","href":"https:\/\/api.w.org\/{rel}","templated":true}]}}