{"id":172747,"date":"2021-04-29T10:42:18","date_gmt":"2021-04-29T08:42:18","guid":{"rendered":"https:\/\/miomiorun.com\/prodotto\/craft-core-essence-thermal-hat\/"},"modified":"2025-02-26T18:52:04","modified_gmt":"2025-02-26T17:52:04","slug":"craft-core-essence-thermal-hat","status":"publish","type":"product","link":"https:\/\/www.miomiorun.com\/de\/produkt\/craft-core-essence-thermal-hat\/","title":{"rendered":"Core Essence Thermal Hat"},"content":{"rendered":"<p>Core Essence Thermal Hat ist eine leichte Trainingsm\u00fctze aus recyceltem, geb\u00fcrstetem Thermo-Jersey f\u00fcr optimale W\u00e4rme und Komfort.<\/p>\n<p>Umweltfreundliches Material<br \/>\nCore Essence Thermal Hat wird aus recyceltem Polyester hergestellt und ist Teil unseres Bestrebens, den Anteil nachhaltiger Materialien in unseren Produkten zu erh\u00f6hen und unser Ziel zu erreichen, die volle Verantwortung f\u00fcr die gesamte Wertsch\u00f6pfungskette zu \u00fcbernehmen. Recyceltes Polyester ist nicht nur umweltfreundlich, sondern bietet auch einen hervorragenden Feuchtigkeitstransport und eine hervorragende Bel\u00fcftung.<\/p>\n<p>&#8211; Hergestellt aus recyceltem Polyester<br \/>\n&#8211; Weiches, hauchd\u00fcnnes Thermostrick f\u00fcr optimale W\u00e4rme und Komfort<br \/>\n&#8211; Leichtes und bel\u00fcftetes Material<\/p>\n<h2>Materialien und Waschung<\/h2>\n<p>88% recyceltes Polyester 12% Elastan<\/p>\n<p>Maschinenw\u00e4sche bei 40 Grad.<\/p>\n<p>&nbsp;<\/p>\n","protected":false},"excerpt":{"rendered":"<p><span style=\"font-weight: 400;\">Repeat Hat ist eine hochfunktionelle und elastische M\u00fctze, die sich perfekt f\u00fcr alle Arten von Wintertraining eignet.<\/span><\/p>\n","protected":false},"featured_media":55477,"template":"","meta":{"_acf_changed":false,"inline_featured_image":false},"product_brand":[],"product_cat":[6342,6372,6374],"product_tag":[6304],"class_list":{"0":"post-172747","1":"product","2":"type-product","3":"status-publish","4":"has-post-thumbnail","6":"product_cat-zubehoer","7":"product_cat-aufwaermausruestung-de","8":"product_cat-haar-de","9":"product_tag-craft-de","10":"pa_attivita-gehen","11":"pa_attivita-running-de","12":"pa_colore-core-essence-thermal-hat-beat-de","13":"pa_colore-core-essence-thermal-hat-grey-de","14":"pa_colore-core-essence-thermal-hat-grum-de","15":"pa_colore-core-essence-thermal-hat-navy-blue-de","16":"pa_colore-core-essence-thermal-hat-pink-de","17":"pa_colore-core-essence-thermal-hat-yellow-de","18":"pa_marca-craft-de","19":"pa_sesso-damen","20":"pa_sesso-herren","21":"pa_size-small-de","22":"pa_size-large-de","24":"first","25":"instock","26":"sale","27":"taxable","28":"shipping-taxable","29":"purchasable","30":"product-type-variable","31":"wvs-archive-product-wrapper"},"acf":[],"yoast_head":"<!-- This site is optimized with the Yoast SEO plugin v26.8 - https:\/\/yoast.com\/product\/yoast-seo-wordpress\/ -->\n<title>Craft Core Essence Thermal Hat - Winterm\u00fctze - MioMioRun.com<\/title>\n<meta name=\"description\" content=\"Core Essence Thermal Hat ist eine leichte Trainingsm\u00fctze aus geb\u00fcrstetem Thermo-Jersey f\u00fcr optimale W\u00e4rme und Komfort. Mehr Informationen auf unserer Website\" \/>\n<meta name=\"robots\" content=\"index, follow, max-snippet:-1, max-image-preview:large, max-video-preview:-1\" \/>\n<link rel=\"canonical\" href=\"https:\/\/www.miomiorun.com\/de\/produkt\/craft-core-essence-thermal-hat\/\" \/>\n<meta property=\"og:locale\" content=\"de_DE\" \/>\n<meta property=\"og:type\" content=\"article\" \/>\n<meta property=\"og:title\" content=\"Craft Core Essence Thermal Hat - Winterm\u00fctze - MioMioRun.com\" \/>\n<meta property=\"og:description\" content=\"Core Essence Thermal Hat ist eine leichte Trainingsm\u00fctze aus geb\u00fcrstetem Thermo-Jersey f\u00fcr optimale W\u00e4rme und Komfort. Mehr Informationen auf unserer Website\" \/>\n<meta property=\"og:url\" content=\"https:\/\/www.miomiorun.com\/de\/produkt\/craft-core-essence-thermal-hat\/\" \/>\n<meta property=\"og:site_name\" content=\"MioMioRun\" \/>\n<meta property=\"article:publisher\" content=\"https:\/\/www.facebook.com\/miomiorun\/\" \/>\n<meta property=\"article:modified_time\" content=\"2025-02-26T17:52:04+00:00\" \/>\n<meta property=\"og:image\" content=\"https:\/\/www.miomiorun.com\/app\/uploads\/2021\/04\/craft-Core-Essence-Thermal-Hat-1909932-349000.jpg\" \/>\n\t<meta property=\"og:image:width\" content=\"600\" \/>\n\t<meta property=\"og:image:height\" content=\"600\" \/>\n\t<meta property=\"og:image:type\" content=\"image\/jpeg\" \/>\n<meta name=\"twitter:card\" content=\"summary_large_image\" \/>\n<meta name=\"twitter:label1\" content=\"Est. reading time\" \/>\n\t<meta name=\"twitter:data1\" content=\"1 minute\" \/>\n<script type=\"application\/ld+json\" class=\"yoast-schema-graph\">{\"@context\":\"https:\/\/schema.org\",\"@graph\":[{\"@type\":\"WebPage\",\"@id\":\"https:\/\/www.miomiorun.com\/de\/produkt\/craft-core-essence-thermal-hat\/\",\"url\":\"https:\/\/www.miomiorun.com\/de\/produkt\/craft-core-essence-thermal-hat\/\",\"name\":\"Craft Core Essence Thermal Hat - Winterm\u00fctze - MioMioRun.com\",\"isPartOf\":{\"@id\":\"https:\/\/www.miomiorun.com\/de\/#website\"},\"primaryImageOfPage\":{\"@id\":\"https:\/\/www.miomiorun.com\/de\/produkt\/craft-core-essence-thermal-hat\/#primaryimage\"},\"image\":{\"@id\":\"https:\/\/www.miomiorun.com\/de\/produkt\/craft-core-essence-thermal-hat\/#primaryimage\"},\"thumbnailUrl\":\"https:\/\/www.miomiorun.com\/app\/uploads\/2021\/04\/craft-Core-Essence-Thermal-Hat-1909932-349000.jpg\",\"datePublished\":\"2021-04-29T08:42:18+00:00\",\"dateModified\":\"2025-02-26T17:52:04+00:00\",\"description\":\"Core Essence Thermal Hat ist eine leichte Trainingsm\u00fctze aus geb\u00fcrstetem Thermo-Jersey f\u00fcr optimale W\u00e4rme und Komfort. Mehr Informationen auf unserer Website\",\"breadcrumb\":{\"@id\":\"https:\/\/www.miomiorun.com\/de\/produkt\/craft-core-essence-thermal-hat\/#breadcrumb\"},\"inLanguage\":\"de-DE\",\"potentialAction\":[{\"@type\":\"ReadAction\",\"target\":[\"https:\/\/www.miomiorun.com\/de\/produkt\/craft-core-essence-thermal-hat\/\"]}]},{\"@type\":\"ImageObject\",\"inLanguage\":\"de-DE\",\"@id\":\"https:\/\/www.miomiorun.com\/de\/produkt\/craft-core-essence-thermal-hat\/#primaryimage\",\"url\":\"https:\/\/www.miomiorun.com\/app\/uploads\/2021\/04\/craft-Core-Essence-Thermal-Hat-1909932-349000.jpg\",\"contentUrl\":\"https:\/\/www.miomiorun.com\/app\/uploads\/2021\/04\/craft-Core-Essence-Thermal-Hat-1909932-349000.jpg\",\"width\":600,\"height\":600,\"caption\":\"craft core essence thermal hat\"},{\"@type\":\"BreadcrumbList\",\"@id\":\"https:\/\/www.miomiorun.com\/de\/produkt\/craft-core-essence-thermal-hat\/#breadcrumb\",\"itemListElement\":[{\"@type\":\"ListItem\",\"position\":1,\"name\":\"Home\",\"item\":\"https:\/\/www.miomiorun.com\/de\/\"},{\"@type\":\"ListItem\",\"position\":2,\"name\":\"Shop\",\"item\":\"https:\/\/www.miomiorun.com\/shop\/\"},{\"@type\":\"ListItem\",\"position\":3,\"name\":\"Core Essence Thermal Hat\"}]},{\"@type\":\"WebSite\",\"@id\":\"https:\/\/www.miomiorun.com\/de\/#website\",\"url\":\"https:\/\/www.miomiorun.com\/de\/\",\"name\":\"MioMioRun\",\"description\":\"100% Lauf- und Trailshop\",\"publisher\":{\"@id\":\"https:\/\/www.miomiorun.com\/de\/#organization\"},\"potentialAction\":[{\"@type\":\"SearchAction\",\"target\":{\"@type\":\"EntryPoint\",\"urlTemplate\":\"https:\/\/www.miomiorun.com\/de\/?s={search_term_string}\"},\"query-input\":{\"@type\":\"PropertyValueSpecification\",\"valueRequired\":true,\"valueName\":\"search_term_string\"}}],\"inLanguage\":\"de-DE\"},{\"@type\":\"Organization\",\"@id\":\"https:\/\/www.miomiorun.com\/de\/#organization\",\"name\":\"MioMio Run\",\"url\":\"https:\/\/www.miomiorun.com\/de\/\",\"logo\":{\"@type\":\"ImageObject\",\"inLanguage\":\"de-DE\",\"@id\":\"https:\/\/www.miomiorun.com\/de\/#\/schema\/logo\/image\/\",\"url\":\"https:\/\/www.miomiorun.com\/app\/uploads\/2019\/12\/logomio.png\",\"contentUrl\":\"https:\/\/www.miomiorun.com\/app\/uploads\/2019\/12\/logomio.png\",\"width\":115,\"height\":82,\"caption\":\"MioMio Run\"},\"image\":{\"@id\":\"https:\/\/www.miomiorun.com\/de\/#\/schema\/logo\/image\/\"},\"sameAs\":[\"https:\/\/www.facebook.com\/miomiorun\/\",\"https:\/\/www.instagram.com\/miomiorun\/\"]}]}<\/script>\n<!-- \/ Yoast SEO plugin. -->","yoast_head_json":{"title":"Craft Core Essence Thermal Hat - Winterm\u00fctze - MioMioRun.com","description":"Core Essence Thermal Hat ist eine leichte Trainingsm\u00fctze aus geb\u00fcrstetem Thermo-Jersey f\u00fcr optimale W\u00e4rme und Komfort. Mehr Informationen auf unserer Website","robots":{"index":"index","follow":"follow","max-snippet":"max-snippet:-1","max-image-preview":"max-image-preview:large","max-video-preview":"max-video-preview:-1"},"canonical":"https:\/\/www.miomiorun.com\/de\/produkt\/craft-core-essence-thermal-hat\/","og_locale":"de_DE","og_type":"article","og_title":"Craft Core Essence Thermal Hat - Winterm\u00fctze - MioMioRun.com","og_description":"Core Essence Thermal Hat ist eine leichte Trainingsm\u00fctze aus geb\u00fcrstetem Thermo-Jersey f\u00fcr optimale W\u00e4rme und Komfort. Mehr Informationen auf unserer Website","og_url":"https:\/\/www.miomiorun.com\/de\/produkt\/craft-core-essence-thermal-hat\/","og_site_name":"MioMioRun","article_publisher":"https:\/\/www.facebook.com\/miomiorun\/","article_modified_time":"2025-02-26T17:52:04+00:00","og_image":[{"width":600,"height":600,"url":"https:\/\/www.miomiorun.com\/app\/uploads\/2021\/04\/craft-Core-Essence-Thermal-Hat-1909932-349000.jpg","type":"image\/jpeg"}],"twitter_card":"summary_large_image","twitter_misc":{"Est. reading time":"1 minute"},"schema":{"@context":"https:\/\/schema.org","@graph":[{"@type":"WebPage","@id":"https:\/\/www.miomiorun.com\/de\/produkt\/craft-core-essence-thermal-hat\/","url":"https:\/\/www.miomiorun.com\/de\/produkt\/craft-core-essence-thermal-hat\/","name":"Craft Core Essence Thermal Hat - Winterm\u00fctze - MioMioRun.com","isPartOf":{"@id":"https:\/\/www.miomiorun.com\/de\/#website"},"primaryImageOfPage":{"@id":"https:\/\/www.miomiorun.com\/de\/produkt\/craft-core-essence-thermal-hat\/#primaryimage"},"image":{"@id":"https:\/\/www.miomiorun.com\/de\/produkt\/craft-core-essence-thermal-hat\/#primaryimage"},"thumbnailUrl":"https:\/\/www.miomiorun.com\/app\/uploads\/2021\/04\/craft-Core-Essence-Thermal-Hat-1909932-349000.jpg","datePublished":"2021-04-29T08:42:18+00:00","dateModified":"2025-02-26T17:52:04+00:00","description":"Core Essence Thermal Hat ist eine leichte Trainingsm\u00fctze aus geb\u00fcrstetem Thermo-Jersey f\u00fcr optimale W\u00e4rme und Komfort. Mehr Informationen auf unserer Website","breadcrumb":{"@id":"https:\/\/www.miomiorun.com\/de\/produkt\/craft-core-essence-thermal-hat\/#breadcrumb"},"inLanguage":"de-DE","potentialAction":[{"@type":"ReadAction","target":["https:\/\/www.miomiorun.com\/de\/produkt\/craft-core-essence-thermal-hat\/"]}]},{"@type":"ImageObject","inLanguage":"de-DE","@id":"https:\/\/www.miomiorun.com\/de\/produkt\/craft-core-essence-thermal-hat\/#primaryimage","url":"https:\/\/www.miomiorun.com\/app\/uploads\/2021\/04\/craft-Core-Essence-Thermal-Hat-1909932-349000.jpg","contentUrl":"https:\/\/www.miomiorun.com\/app\/uploads\/2021\/04\/craft-Core-Essence-Thermal-Hat-1909932-349000.jpg","width":600,"height":600,"caption":"craft core essence thermal hat"},{"@type":"BreadcrumbList","@id":"https:\/\/www.miomiorun.com\/de\/produkt\/craft-core-essence-thermal-hat\/#breadcrumb","itemListElement":[{"@type":"ListItem","position":1,"name":"Home","item":"https:\/\/www.miomiorun.com\/de\/"},{"@type":"ListItem","position":2,"name":"Shop","item":"https:\/\/www.miomiorun.com\/shop\/"},{"@type":"ListItem","position":3,"name":"Core Essence Thermal Hat"}]},{"@type":"WebSite","@id":"https:\/\/www.miomiorun.com\/de\/#website","url":"https:\/\/www.miomiorun.com\/de\/","name":"MioMioRun","description":"100% Lauf- und Trailshop","publisher":{"@id":"https:\/\/www.miomiorun.com\/de\/#organization"},"potentialAction":[{"@type":"SearchAction","target":{"@type":"EntryPoint","urlTemplate":"https:\/\/www.miomiorun.com\/de\/?s={search_term_string}"},"query-input":{"@type":"PropertyValueSpecification","valueRequired":true,"valueName":"search_term_string"}}],"inLanguage":"de-DE"},{"@type":"Organization","@id":"https:\/\/www.miomiorun.com\/de\/#organization","name":"MioMio Run","url":"https:\/\/www.miomiorun.com\/de\/","logo":{"@type":"ImageObject","inLanguage":"de-DE","@id":"https:\/\/www.miomiorun.com\/de\/#\/schema\/logo\/image\/","url":"https:\/\/www.miomiorun.com\/app\/uploads\/2019\/12\/logomio.png","contentUrl":"https:\/\/www.miomiorun.com\/app\/uploads\/2019\/12\/logomio.png","width":115,"height":82,"caption":"MioMio Run"},"image":{"@id":"https:\/\/www.miomiorun.com\/de\/#\/schema\/logo\/image\/"},"sameAs":["https:\/\/www.facebook.com\/miomiorun\/","https:\/\/www.instagram.com\/miomiorun\/"]}]}},"_links":{"self":[{"href":"https:\/\/www.miomiorun.com\/de\/wp-json\/wp\/v2\/product\/172747","targetHints":{"allow":["GET"]}}],"collection":[{"href":"https:\/\/www.miomiorun.com\/de\/wp-json\/wp\/v2\/product"}],"about":[{"href":"https:\/\/www.miomiorun.com\/de\/wp-json\/wp\/v2\/types\/product"}],"wp:featuredmedia":[{"embeddable":true,"href":"https:\/\/www.miomiorun.com\/de\/wp-json\/wp\/v2\/media\/55477"}],"wp:attachment":[{"href":"https:\/\/www.miomiorun.com\/de\/wp-json\/wp\/v2\/media?parent=172747"}],"wp:term":[{"taxonomy":"product_brand","embeddable":true,"href":"https:\/\/www.miomiorun.com\/de\/wp-json\/wp\/v2\/product_brand?post=172747"},{"taxonomy":"product_cat","embeddable":true,"href":"https:\/\/www.miomiorun.com\/de\/wp-json\/wp\/v2\/product_cat?post=172747"},{"taxonomy":"product_tag","embeddable":true,"href":"https:\/\/www.miomiorun.com\/de\/wp-json\/wp\/v2\/product_tag?post=172747"}],"curies":[{"name":"wp","href":"https:\/\/api.w.org\/{rel}","templated":true}]}}