{"id":172638,"date":"2021-12-17T16:44:09","date_gmt":"2021-12-17T15:44:09","guid":{"rendered":"https:\/\/miomiorun.com\/prodotto\/craft-core-essence-thermal-headband\/"},"modified":"2025-10-03T20:45:43","modified_gmt":"2025-10-03T18:45:43","slug":"craft-core-essence-thermal-headband","status":"publish","type":"product","link":"https:\/\/www.miomiorun.com\/de\/produkt\/craft-core-essence-thermal-headband\/","title":{"rendered":"Core Essence Thermal Headband"},"content":{"rendered":"<p id=\"tw-target-text\" class=\"tw-data-text tw-text-large tw-ta\" dir=\"ltr\" data-placeholder=\"Traduzione\"><span class=\"Y2IQFc\" lang=\"it\"><strong>Core Essence Thermal Headband<\/strong> ist ein leichtes, elastisches Stirnband aus geb\u00fcrstetem, recyceltem Thermo-Jersey f\u00fcr optimale W\u00e4rme und Komfort. <\/span><\/p>\n<h3 class=\"tw-data-text tw-text-large tw-ta\" dir=\"ltr\" data-placeholder=\"Traduzione\"><strong><span class=\"Y2IQFc\" lang=\"it\">Umweltfreundliches Material<\/span><\/strong><\/h3>\n<p class=\"tw-data-text tw-text-large tw-ta\" dir=\"ltr\" data-placeholder=\"Traduzione\"><span class=\"Y2IQFc\" lang=\"it\">Das <strong>Core Essence<\/strong> Thermoband besteht aus recyceltem Polyester und ist Teil unseres Bestrebens, den Anteil nachhaltiger Materialien in unseren Produkten zu erh\u00f6hen und unser Ziel zu erreichen, die volle Verantwortung f\u00fcr die gesamte Wertsch\u00f6pfungskette zu \u00fcbernehmen. Recyceltes Polyester ist nicht nur umweltfreundlich, sondern bietet auch einen hervorragenden Feuchtigkeitstransport und eine hervorragende Bel\u00fcftung. <\/span><\/p>\n<h3 dir=\"ltr\" data-placeholder=\"Traduzione\">Eigenschaften:<\/h3>\n<ul>\n<li class=\"tw-data-text tw-text-large tw-ta\" dir=\"ltr\" data-placeholder=\"Traduzione\"><span class=\"Y2IQFc\" lang=\"it\">Hergestellt aus recyceltem Polyester.<\/span><\/li>\n<li class=\"tw-data-text tw-text-large tw-ta\" dir=\"ltr\" data-placeholder=\"Traduzione\"><span class=\"Y2IQFc\" lang=\"it\">Weiches, hauchd\u00fcnnes Thermotrikot f\u00fcr optimale W\u00e4rme und Komfort.<\/span><\/li>\n<li class=\"tw-data-text tw-text-large tw-ta\" dir=\"ltr\" data-placeholder=\"Traduzione\"><span class=\"Y2IQFc\" lang=\"it\">Leichtes, dehnbares und bel\u00fcftetes Gewebe.<\/span><\/li>\n<\/ul>\n<p>Material: 88% Polyester-recycelt 12% Elastan.<\/p>\n","protected":false},"excerpt":{"rendered":"<p>Core Essence Thermal Headband ist ein leichtes, elastisches Stirnband aus geb\u00fcrstetem, recyceltem Thermo-Jersey f\u00fcr optimale W\u00e4rme und Komfort. Umweltfreundliches Material Das Core Essence Thermoband besteht aus recyceltem Polyester und ist Teil unseres Bestrebens, den Anteil nachhaltiger Materialien in unseren Produkten zu erh\u00f6hen und unser Ziel zu erreichen, die volle Verantwortung f\u00fcr die gesamte Wertsch\u00f6pfungskette zu &hellip; <a href=\"https:\/\/www.miomiorun.com\/de\/produkt\/craft-core-essence-thermal-headband\/\">Continued<\/a><\/p>\n","protected":false},"featured_media":59656,"template":"","meta":{"_acf_changed":false,"inline_featured_image":false},"product_brand":[],"product_cat":[6342,6372,6374],"product_tag":[6304,6232,6234],"class_list":{"0":"post-172638","1":"product","2":"type-product","3":"status-publish","4":"has-post-thumbnail","6":"product_cat-zubehoer","7":"product_cat-aufwaermausruestung-de","8":"product_cat-haar-de","9":"product_tag-craft-de","10":"product_tag-craft-damen-de","11":"product_tag-craft-herren-de","12":"pa_attivita-gehen","13":"pa_attivita-running-de","14":"pa_colore-core-essence-thermal-headband-astro-de","15":"pa_colore-core-essence-thermal-headband-cosmo-de","16":"pa_colore-core-essence-thermal-headband-dark-clay-de","17":"pa_colore-core-essence-thermal-headband-flumino-de","18":"pa_marca-craft-de","19":"pa_sesso-damen","20":"pa_sesso-herren","21":"pa_size-small-de","22":"pa_size-large-de","24":"first","25":"instock","26":"sale","27":"taxable","28":"shipping-taxable","29":"purchasable","30":"product-type-variable","31":"wvs-archive-product-wrapper"},"acf":[],"yoast_head":"<!-- This site is optimized with the Yoast SEO plugin v26.8 - https:\/\/yoast.com\/product\/yoast-seo-wordpress\/ -->\n<title>Craft Core Essence Thermal Headband - Stirnband - MioMioRun.com<\/title>\n<meta name=\"description\" content=\"Core Essence Thermal Headband ist ein leichtes, elastisches Stirnband aus recyceltem, geb\u00fcrstetem Thermo-Jersey. Mehr Informationen auf unserer Website\" \/>\n<meta name=\"robots\" content=\"index, follow, max-snippet:-1, max-image-preview:large, max-video-preview:-1\" \/>\n<link rel=\"canonical\" href=\"https:\/\/www.miomiorun.com\/de\/produkt\/craft-core-essence-thermal-headband\/\" \/>\n<meta property=\"og:locale\" content=\"de_DE\" \/>\n<meta property=\"og:type\" content=\"article\" \/>\n<meta property=\"og:title\" content=\"Craft Core Essence Thermal Headband - Stirnband - MioMioRun.com\" \/>\n<meta property=\"og:description\" content=\"Core Essence Thermal Headband ist ein leichtes, elastisches Stirnband aus recyceltem, geb\u00fcrstetem Thermo-Jersey. Mehr Informationen auf unserer Website\" \/>\n<meta property=\"og:url\" content=\"https:\/\/www.miomiorun.com\/de\/produkt\/craft-core-essence-thermal-headband\/\" \/>\n<meta property=\"og:site_name\" content=\"MioMioRun\" \/>\n<meta property=\"article:publisher\" content=\"https:\/\/www.facebook.com\/miomiorun\/\" \/>\n<meta property=\"article:modified_time\" content=\"2025-10-03T18:45:43+00:00\" \/>\n<meta property=\"og:image\" content=\"https:\/\/www.miomiorun.com\/app\/uploads\/2021\/12\/craft-core-essence-thermal-headband-1909933-975000.jpg\" \/>\n\t<meta property=\"og:image:width\" content=\"600\" \/>\n\t<meta property=\"og:image:height\" content=\"600\" \/>\n\t<meta property=\"og:image:type\" content=\"image\/jpeg\" \/>\n<meta name=\"twitter:card\" content=\"summary_large_image\" \/>\n<meta name=\"twitter:label1\" content=\"Est. reading time\" \/>\n\t<meta name=\"twitter:data1\" content=\"1 minute\" \/>\n<script type=\"application\/ld+json\" class=\"yoast-schema-graph\">{\"@context\":\"https:\/\/schema.org\",\"@graph\":[{\"@type\":\"WebPage\",\"@id\":\"https:\/\/www.miomiorun.com\/de\/produkt\/craft-core-essence-thermal-headband\/\",\"url\":\"https:\/\/www.miomiorun.com\/de\/produkt\/craft-core-essence-thermal-headband\/\",\"name\":\"Craft Core Essence Thermal Headband - Stirnband - MioMioRun.com\",\"isPartOf\":{\"@id\":\"https:\/\/www.miomiorun.com\/de\/#website\"},\"primaryImageOfPage\":{\"@id\":\"https:\/\/www.miomiorun.com\/de\/produkt\/craft-core-essence-thermal-headband\/#primaryimage\"},\"image\":{\"@id\":\"https:\/\/www.miomiorun.com\/de\/produkt\/craft-core-essence-thermal-headband\/#primaryimage\"},\"thumbnailUrl\":\"https:\/\/www.miomiorun.com\/app\/uploads\/2021\/12\/craft-core-essence-thermal-headband-1909933-975000.jpg\",\"datePublished\":\"2021-12-17T15:44:09+00:00\",\"dateModified\":\"2025-10-03T18:45:43+00:00\",\"description\":\"Core Essence Thermal Headband ist ein leichtes, elastisches Stirnband aus recyceltem, geb\u00fcrstetem Thermo-Jersey. Mehr Informationen auf unserer Website\",\"breadcrumb\":{\"@id\":\"https:\/\/www.miomiorun.com\/de\/produkt\/craft-core-essence-thermal-headband\/#breadcrumb\"},\"inLanguage\":\"de-DE\",\"potentialAction\":[{\"@type\":\"ReadAction\",\"target\":[\"https:\/\/www.miomiorun.com\/de\/produkt\/craft-core-essence-thermal-headband\/\"]}]},{\"@type\":\"ImageObject\",\"inLanguage\":\"de-DE\",\"@id\":\"https:\/\/www.miomiorun.com\/de\/produkt\/craft-core-essence-thermal-headband\/#primaryimage\",\"url\":\"https:\/\/www.miomiorun.com\/app\/uploads\/2021\/12\/craft-core-essence-thermal-headband-1909933-975000.jpg\",\"contentUrl\":\"https:\/\/www.miomiorun.com\/app\/uploads\/2021\/12\/craft-core-essence-thermal-headband-1909933-975000.jpg\",\"width\":600,\"height\":600,\"caption\":\"craft-core-essence-thermal-headband-1909933-975000\"},{\"@type\":\"BreadcrumbList\",\"@id\":\"https:\/\/www.miomiorun.com\/de\/produkt\/craft-core-essence-thermal-headband\/#breadcrumb\",\"itemListElement\":[{\"@type\":\"ListItem\",\"position\":1,\"name\":\"Home\",\"item\":\"https:\/\/www.miomiorun.com\/de\/\"},{\"@type\":\"ListItem\",\"position\":2,\"name\":\"Shop\",\"item\":\"https:\/\/www.miomiorun.com\/shop\/\"},{\"@type\":\"ListItem\",\"position\":3,\"name\":\"Core Essence Thermal Headband\"}]},{\"@type\":\"WebSite\",\"@id\":\"https:\/\/www.miomiorun.com\/de\/#website\",\"url\":\"https:\/\/www.miomiorun.com\/de\/\",\"name\":\"MioMioRun\",\"description\":\"100% Lauf- und Trailshop\",\"publisher\":{\"@id\":\"https:\/\/www.miomiorun.com\/de\/#organization\"},\"potentialAction\":[{\"@type\":\"SearchAction\",\"target\":{\"@type\":\"EntryPoint\",\"urlTemplate\":\"https:\/\/www.miomiorun.com\/de\/?s={search_term_string}\"},\"query-input\":{\"@type\":\"PropertyValueSpecification\",\"valueRequired\":true,\"valueName\":\"search_term_string\"}}],\"inLanguage\":\"de-DE\"},{\"@type\":\"Organization\",\"@id\":\"https:\/\/www.miomiorun.com\/de\/#organization\",\"name\":\"MioMio Run\",\"url\":\"https:\/\/www.miomiorun.com\/de\/\",\"logo\":{\"@type\":\"ImageObject\",\"inLanguage\":\"de-DE\",\"@id\":\"https:\/\/www.miomiorun.com\/de\/#\/schema\/logo\/image\/\",\"url\":\"https:\/\/www.miomiorun.com\/app\/uploads\/2019\/12\/logomio.png\",\"contentUrl\":\"https:\/\/www.miomiorun.com\/app\/uploads\/2019\/12\/logomio.png\",\"width\":115,\"height\":82,\"caption\":\"MioMio Run\"},\"image\":{\"@id\":\"https:\/\/www.miomiorun.com\/de\/#\/schema\/logo\/image\/\"},\"sameAs\":[\"https:\/\/www.facebook.com\/miomiorun\/\",\"https:\/\/www.instagram.com\/miomiorun\/\"]}]}<\/script>\n<!-- \/ Yoast SEO plugin. -->","yoast_head_json":{"title":"Craft Core Essence Thermal Headband - Stirnband - MioMioRun.com","description":"Core Essence Thermal Headband ist ein leichtes, elastisches Stirnband aus recyceltem, geb\u00fcrstetem Thermo-Jersey. Mehr Informationen auf unserer Website","robots":{"index":"index","follow":"follow","max-snippet":"max-snippet:-1","max-image-preview":"max-image-preview:large","max-video-preview":"max-video-preview:-1"},"canonical":"https:\/\/www.miomiorun.com\/de\/produkt\/craft-core-essence-thermal-headband\/","og_locale":"de_DE","og_type":"article","og_title":"Craft Core Essence Thermal Headband - Stirnband - MioMioRun.com","og_description":"Core Essence Thermal Headband ist ein leichtes, elastisches Stirnband aus recyceltem, geb\u00fcrstetem Thermo-Jersey. Mehr Informationen auf unserer Website","og_url":"https:\/\/www.miomiorun.com\/de\/produkt\/craft-core-essence-thermal-headband\/","og_site_name":"MioMioRun","article_publisher":"https:\/\/www.facebook.com\/miomiorun\/","article_modified_time":"2025-10-03T18:45:43+00:00","og_image":[{"width":600,"height":600,"url":"https:\/\/www.miomiorun.com\/app\/uploads\/2021\/12\/craft-core-essence-thermal-headband-1909933-975000.jpg","type":"image\/jpeg"}],"twitter_card":"summary_large_image","twitter_misc":{"Est. reading time":"1 minute"},"schema":{"@context":"https:\/\/schema.org","@graph":[{"@type":"WebPage","@id":"https:\/\/www.miomiorun.com\/de\/produkt\/craft-core-essence-thermal-headband\/","url":"https:\/\/www.miomiorun.com\/de\/produkt\/craft-core-essence-thermal-headband\/","name":"Craft Core Essence Thermal Headband - Stirnband - MioMioRun.com","isPartOf":{"@id":"https:\/\/www.miomiorun.com\/de\/#website"},"primaryImageOfPage":{"@id":"https:\/\/www.miomiorun.com\/de\/produkt\/craft-core-essence-thermal-headband\/#primaryimage"},"image":{"@id":"https:\/\/www.miomiorun.com\/de\/produkt\/craft-core-essence-thermal-headband\/#primaryimage"},"thumbnailUrl":"https:\/\/www.miomiorun.com\/app\/uploads\/2021\/12\/craft-core-essence-thermal-headband-1909933-975000.jpg","datePublished":"2021-12-17T15:44:09+00:00","dateModified":"2025-10-03T18:45:43+00:00","description":"Core Essence Thermal Headband ist ein leichtes, elastisches Stirnband aus recyceltem, geb\u00fcrstetem Thermo-Jersey. Mehr Informationen auf unserer Website","breadcrumb":{"@id":"https:\/\/www.miomiorun.com\/de\/produkt\/craft-core-essence-thermal-headband\/#breadcrumb"},"inLanguage":"de-DE","potentialAction":[{"@type":"ReadAction","target":["https:\/\/www.miomiorun.com\/de\/produkt\/craft-core-essence-thermal-headband\/"]}]},{"@type":"ImageObject","inLanguage":"de-DE","@id":"https:\/\/www.miomiorun.com\/de\/produkt\/craft-core-essence-thermal-headband\/#primaryimage","url":"https:\/\/www.miomiorun.com\/app\/uploads\/2021\/12\/craft-core-essence-thermal-headband-1909933-975000.jpg","contentUrl":"https:\/\/www.miomiorun.com\/app\/uploads\/2021\/12\/craft-core-essence-thermal-headband-1909933-975000.jpg","width":600,"height":600,"caption":"craft-core-essence-thermal-headband-1909933-975000"},{"@type":"BreadcrumbList","@id":"https:\/\/www.miomiorun.com\/de\/produkt\/craft-core-essence-thermal-headband\/#breadcrumb","itemListElement":[{"@type":"ListItem","position":1,"name":"Home","item":"https:\/\/www.miomiorun.com\/de\/"},{"@type":"ListItem","position":2,"name":"Shop","item":"https:\/\/www.miomiorun.com\/shop\/"},{"@type":"ListItem","position":3,"name":"Core Essence Thermal Headband"}]},{"@type":"WebSite","@id":"https:\/\/www.miomiorun.com\/de\/#website","url":"https:\/\/www.miomiorun.com\/de\/","name":"MioMioRun","description":"100% Lauf- und Trailshop","publisher":{"@id":"https:\/\/www.miomiorun.com\/de\/#organization"},"potentialAction":[{"@type":"SearchAction","target":{"@type":"EntryPoint","urlTemplate":"https:\/\/www.miomiorun.com\/de\/?s={search_term_string}"},"query-input":{"@type":"PropertyValueSpecification","valueRequired":true,"valueName":"search_term_string"}}],"inLanguage":"de-DE"},{"@type":"Organization","@id":"https:\/\/www.miomiorun.com\/de\/#organization","name":"MioMio Run","url":"https:\/\/www.miomiorun.com\/de\/","logo":{"@type":"ImageObject","inLanguage":"de-DE","@id":"https:\/\/www.miomiorun.com\/de\/#\/schema\/logo\/image\/","url":"https:\/\/www.miomiorun.com\/app\/uploads\/2019\/12\/logomio.png","contentUrl":"https:\/\/www.miomiorun.com\/app\/uploads\/2019\/12\/logomio.png","width":115,"height":82,"caption":"MioMio Run"},"image":{"@id":"https:\/\/www.miomiorun.com\/de\/#\/schema\/logo\/image\/"},"sameAs":["https:\/\/www.facebook.com\/miomiorun\/","https:\/\/www.instagram.com\/miomiorun\/"]}]}},"_links":{"self":[{"href":"https:\/\/www.miomiorun.com\/de\/wp-json\/wp\/v2\/product\/172638","targetHints":{"allow":["GET"]}}],"collection":[{"href":"https:\/\/www.miomiorun.com\/de\/wp-json\/wp\/v2\/product"}],"about":[{"href":"https:\/\/www.miomiorun.com\/de\/wp-json\/wp\/v2\/types\/product"}],"wp:featuredmedia":[{"embeddable":true,"href":"https:\/\/www.miomiorun.com\/de\/wp-json\/wp\/v2\/media\/59656"}],"wp:attachment":[{"href":"https:\/\/www.miomiorun.com\/de\/wp-json\/wp\/v2\/media?parent=172638"}],"wp:term":[{"taxonomy":"product_brand","embeddable":true,"href":"https:\/\/www.miomiorun.com\/de\/wp-json\/wp\/v2\/product_brand?post=172638"},{"taxonomy":"product_cat","embeddable":true,"href":"https:\/\/www.miomiorun.com\/de\/wp-json\/wp\/v2\/product_cat?post=172638"},{"taxonomy":"product_tag","embeddable":true,"href":"https:\/\/www.miomiorun.com\/de\/wp-json\/wp\/v2\/product_tag?post=172638"}],"curies":[{"name":"wp","href":"https:\/\/api.w.org\/{rel}","templated":true}]}}