{"id":172570,"date":"2022-09-17T19:14:30","date_gmt":"2022-09-17T17:14:30","guid":{"rendered":"https:\/\/miomiorun.com\/prodotto\/terry-beanie\/"},"modified":"2025-02-26T19:02:19","modified_gmt":"2025-02-26T18:02:19","slug":"terry-beanie","status":"publish","type":"product","link":"https:\/\/www.miomiorun.com\/de\/produkt\/terry-beanie\/","title":{"rendered":"Terry Beanie"},"content":{"rendered":"<p>Die <strong>Terry Beanie<\/strong> ist eine M\u00fctze aus synthetischem Gewebe mit woll\u00e4hnlichem Aussehen. Sie wurde f\u00fcr Skitouren entwickelt und bietet Schutz, W\u00e4rme und Atmungsaktivit\u00e4t. Sie wurde f\u00fcr aktive, dynamische M\u00e4dchen entwickelt, die auch im Schnee gerne auffallen, und ist eine bequeme und warme M\u00fctze.<\/p>\n<p><strong>Material:<\/strong>100% Polyester<\/p>\n<p><strong>Gewicht:<\/strong> 95 g .<\/p>\n","protected":false},"excerpt":{"rendered":"<ul>\n<li>bietet Schutz<\/li>\n<li>W\u00e4rme<\/li>\n<li>Atmungsaktivit\u00e4t<\/li>\n<\/ul>\n","protected":false},"featured_media":211271,"template":"","meta":{"_acf_changed":false,"inline_featured_image":false},"product_brand":[],"product_cat":[6342,6372,6374],"product_tag":[6248,6220],"class_list":{"0":"post-172570","1":"product","2":"type-product","3":"status-publish","4":"has-post-thumbnail","6":"product_cat-zubehoer","7":"product_cat-aufwaermausruestung-de","8":"product_cat-haar-de","9":"product_tag-la-sportiva-de","10":"product_tag-la-sportiva-damen-de","11":"pa_attivita-gehen","12":"pa_attivita-lifestyle-de","13":"pa_attivita-outdoor-de","14":"pa_colore-terry-beanie-moonlight-zest-w-de","15":"pa_colore-terry-beanie-rose-springtime-w-de","16":"pa_marca-la-sportiva-de","17":"pa_sesso-damen","18":"pa_sesso-herren","19":"pa_size-large-de","21":"first","22":"instock","23":"sale","24":"taxable","25":"shipping-taxable","26":"purchasable","27":"product-type-variable","28":"wvs-archive-product-wrapper"},"acf":[],"yoast_head":"<!-- This site is optimized with the Yoast SEO plugin v26.8 - https:\/\/yoast.com\/product\/yoast-seo-wordpress\/ -->\n<title>La Sportiva Terry Beanie - Laufkappe - MioMioRun.com<\/title>\n<meta name=\"description\" content=\"Die Terry Beanie ist eine M\u00fctze aus synthetischem Gewebe mit woll\u00e4hnlichem Aussehen. Sie wurde f\u00fcr Skitouren entwickelt und bietet Schutz, W\u00e4rme und Atmungsaktivit\u00e4t.\" \/>\n<meta name=\"robots\" content=\"index, follow, max-snippet:-1, max-image-preview:large, max-video-preview:-1\" \/>\n<link rel=\"canonical\" href=\"https:\/\/www.miomiorun.com\/de\/produkt\/terry-beanie\/\" \/>\n<meta property=\"og:locale\" content=\"de_DE\" \/>\n<meta property=\"og:type\" content=\"article\" \/>\n<meta property=\"og:title\" content=\"La Sportiva Terry Beanie - Laufkappe - MioMioRun.com\" \/>\n<meta property=\"og:description\" content=\"Die Terry Beanie ist eine M\u00fctze aus synthetischem Gewebe mit woll\u00e4hnlichem Aussehen. Sie wurde f\u00fcr Skitouren entwickelt und bietet Schutz, W\u00e4rme und Atmungsaktivit\u00e4t.\" \/>\n<meta property=\"og:url\" content=\"https:\/\/www.miomiorun.com\/de\/produkt\/terry-beanie\/\" \/>\n<meta property=\"og:site_name\" content=\"MioMioRun\" \/>\n<meta property=\"article:publisher\" content=\"https:\/\/www.facebook.com\/miomiorun\/\" \/>\n<meta property=\"article:modified_time\" content=\"2025-02-26T18:02:19+00:00\" \/>\n<meta property=\"og:image\" content=\"https:\/\/www.miomiorun.com\/app\/uploads\/2024\/10\/la-sportiva-Terry-beanie-moonlight-zest-W-Y87644736.webp\" \/>\n\t<meta property=\"og:image:width\" content=\"600\" \/>\n\t<meta property=\"og:image:height\" content=\"600\" \/>\n\t<meta property=\"og:image:type\" content=\"image\/webp\" \/>\n<meta name=\"twitter:card\" content=\"summary_large_image\" \/>\n<meta name=\"twitter:label1\" content=\"Est. reading time\" \/>\n\t<meta name=\"twitter:data1\" content=\"1 minute\" \/>\n<script type=\"application\/ld+json\" class=\"yoast-schema-graph\">{\"@context\":\"https:\/\/schema.org\",\"@graph\":[{\"@type\":\"WebPage\",\"@id\":\"https:\/\/www.miomiorun.com\/de\/produkt\/terry-beanie\/\",\"url\":\"https:\/\/www.miomiorun.com\/de\/produkt\/terry-beanie\/\",\"name\":\"La Sportiva Terry Beanie - Laufkappe - MioMioRun.com\",\"isPartOf\":{\"@id\":\"https:\/\/www.miomiorun.com\/de\/#website\"},\"primaryImageOfPage\":{\"@id\":\"https:\/\/www.miomiorun.com\/de\/produkt\/terry-beanie\/#primaryimage\"},\"image\":{\"@id\":\"https:\/\/www.miomiorun.com\/de\/produkt\/terry-beanie\/#primaryimage\"},\"thumbnailUrl\":\"https:\/\/www.miomiorun.com\/app\/uploads\/2024\/10\/la-sportiva-Terry-beanie-moonlight-zest-W-Y87644736.webp\",\"datePublished\":\"2022-09-17T17:14:30+00:00\",\"dateModified\":\"2025-02-26T18:02:19+00:00\",\"description\":\"Die Terry Beanie ist eine M\u00fctze aus synthetischem Gewebe mit woll\u00e4hnlichem Aussehen. Sie wurde f\u00fcr Skitouren entwickelt und bietet Schutz, W\u00e4rme und Atmungsaktivit\u00e4t.\",\"breadcrumb\":{\"@id\":\"https:\/\/www.miomiorun.com\/de\/produkt\/terry-beanie\/#breadcrumb\"},\"inLanguage\":\"de-DE\",\"potentialAction\":[{\"@type\":\"ReadAction\",\"target\":[\"https:\/\/www.miomiorun.com\/de\/produkt\/terry-beanie\/\"]}]},{\"@type\":\"ImageObject\",\"inLanguage\":\"de-DE\",\"@id\":\"https:\/\/www.miomiorun.com\/de\/produkt\/terry-beanie\/#primaryimage\",\"url\":\"https:\/\/www.miomiorun.com\/app\/uploads\/2024\/10\/la-sportiva-Terry-beanie-moonlight-zest-W-Y87644736.webp\",\"contentUrl\":\"https:\/\/www.miomiorun.com\/app\/uploads\/2024\/10\/la-sportiva-Terry-beanie-moonlight-zest-W-Y87644736.webp\",\"width\":600,\"height\":600,\"caption\":\"la sportiva Terry beanie moonlight zest W Y87644736\"},{\"@type\":\"BreadcrumbList\",\"@id\":\"https:\/\/www.miomiorun.com\/de\/produkt\/terry-beanie\/#breadcrumb\",\"itemListElement\":[{\"@type\":\"ListItem\",\"position\":1,\"name\":\"Home\",\"item\":\"https:\/\/www.miomiorun.com\/de\/\"},{\"@type\":\"ListItem\",\"position\":2,\"name\":\"Shop\",\"item\":\"https:\/\/www.miomiorun.com\/shop\/\"},{\"@type\":\"ListItem\",\"position\":3,\"name\":\"Terry Beanie\"}]},{\"@type\":\"WebSite\",\"@id\":\"https:\/\/www.miomiorun.com\/de\/#website\",\"url\":\"https:\/\/www.miomiorun.com\/de\/\",\"name\":\"MioMioRun\",\"description\":\"100% Lauf- und Trailshop\",\"publisher\":{\"@id\":\"https:\/\/www.miomiorun.com\/de\/#organization\"},\"potentialAction\":[{\"@type\":\"SearchAction\",\"target\":{\"@type\":\"EntryPoint\",\"urlTemplate\":\"https:\/\/www.miomiorun.com\/de\/?s={search_term_string}\"},\"query-input\":{\"@type\":\"PropertyValueSpecification\",\"valueRequired\":true,\"valueName\":\"search_term_string\"}}],\"inLanguage\":\"de-DE\"},{\"@type\":\"Organization\",\"@id\":\"https:\/\/www.miomiorun.com\/de\/#organization\",\"name\":\"MioMio Run\",\"url\":\"https:\/\/www.miomiorun.com\/de\/\",\"logo\":{\"@type\":\"ImageObject\",\"inLanguage\":\"de-DE\",\"@id\":\"https:\/\/www.miomiorun.com\/de\/#\/schema\/logo\/image\/\",\"url\":\"https:\/\/www.miomiorun.com\/app\/uploads\/2019\/12\/logomio.png\",\"contentUrl\":\"https:\/\/www.miomiorun.com\/app\/uploads\/2019\/12\/logomio.png\",\"width\":115,\"height\":82,\"caption\":\"MioMio Run\"},\"image\":{\"@id\":\"https:\/\/www.miomiorun.com\/de\/#\/schema\/logo\/image\/\"},\"sameAs\":[\"https:\/\/www.facebook.com\/miomiorun\/\",\"https:\/\/www.instagram.com\/miomiorun\/\"]}]}<\/script>\n<!-- \/ Yoast SEO plugin. -->","yoast_head_json":{"title":"La Sportiva Terry Beanie - Laufkappe - MioMioRun.com","description":"Die Terry Beanie ist eine M\u00fctze aus synthetischem Gewebe mit woll\u00e4hnlichem Aussehen. Sie wurde f\u00fcr Skitouren entwickelt und bietet Schutz, W\u00e4rme und Atmungsaktivit\u00e4t.","robots":{"index":"index","follow":"follow","max-snippet":"max-snippet:-1","max-image-preview":"max-image-preview:large","max-video-preview":"max-video-preview:-1"},"canonical":"https:\/\/www.miomiorun.com\/de\/produkt\/terry-beanie\/","og_locale":"de_DE","og_type":"article","og_title":"La Sportiva Terry Beanie - Laufkappe - MioMioRun.com","og_description":"Die Terry Beanie ist eine M\u00fctze aus synthetischem Gewebe mit woll\u00e4hnlichem Aussehen. Sie wurde f\u00fcr Skitouren entwickelt und bietet Schutz, W\u00e4rme und Atmungsaktivit\u00e4t.","og_url":"https:\/\/www.miomiorun.com\/de\/produkt\/terry-beanie\/","og_site_name":"MioMioRun","article_publisher":"https:\/\/www.facebook.com\/miomiorun\/","article_modified_time":"2025-02-26T18:02:19+00:00","og_image":[{"width":600,"height":600,"url":"https:\/\/www.miomiorun.com\/app\/uploads\/2024\/10\/la-sportiva-Terry-beanie-moonlight-zest-W-Y87644736.webp","type":"image\/webp"}],"twitter_card":"summary_large_image","twitter_misc":{"Est. reading time":"1 minute"},"schema":{"@context":"https:\/\/schema.org","@graph":[{"@type":"WebPage","@id":"https:\/\/www.miomiorun.com\/de\/produkt\/terry-beanie\/","url":"https:\/\/www.miomiorun.com\/de\/produkt\/terry-beanie\/","name":"La Sportiva Terry Beanie - Laufkappe - MioMioRun.com","isPartOf":{"@id":"https:\/\/www.miomiorun.com\/de\/#website"},"primaryImageOfPage":{"@id":"https:\/\/www.miomiorun.com\/de\/produkt\/terry-beanie\/#primaryimage"},"image":{"@id":"https:\/\/www.miomiorun.com\/de\/produkt\/terry-beanie\/#primaryimage"},"thumbnailUrl":"https:\/\/www.miomiorun.com\/app\/uploads\/2024\/10\/la-sportiva-Terry-beanie-moonlight-zest-W-Y87644736.webp","datePublished":"2022-09-17T17:14:30+00:00","dateModified":"2025-02-26T18:02:19+00:00","description":"Die Terry Beanie ist eine M\u00fctze aus synthetischem Gewebe mit woll\u00e4hnlichem Aussehen. Sie wurde f\u00fcr Skitouren entwickelt und bietet Schutz, W\u00e4rme und Atmungsaktivit\u00e4t.","breadcrumb":{"@id":"https:\/\/www.miomiorun.com\/de\/produkt\/terry-beanie\/#breadcrumb"},"inLanguage":"de-DE","potentialAction":[{"@type":"ReadAction","target":["https:\/\/www.miomiorun.com\/de\/produkt\/terry-beanie\/"]}]},{"@type":"ImageObject","inLanguage":"de-DE","@id":"https:\/\/www.miomiorun.com\/de\/produkt\/terry-beanie\/#primaryimage","url":"https:\/\/www.miomiorun.com\/app\/uploads\/2024\/10\/la-sportiva-Terry-beanie-moonlight-zest-W-Y87644736.webp","contentUrl":"https:\/\/www.miomiorun.com\/app\/uploads\/2024\/10\/la-sportiva-Terry-beanie-moonlight-zest-W-Y87644736.webp","width":600,"height":600,"caption":"la sportiva Terry beanie moonlight zest W Y87644736"},{"@type":"BreadcrumbList","@id":"https:\/\/www.miomiorun.com\/de\/produkt\/terry-beanie\/#breadcrumb","itemListElement":[{"@type":"ListItem","position":1,"name":"Home","item":"https:\/\/www.miomiorun.com\/de\/"},{"@type":"ListItem","position":2,"name":"Shop","item":"https:\/\/www.miomiorun.com\/shop\/"},{"@type":"ListItem","position":3,"name":"Terry Beanie"}]},{"@type":"WebSite","@id":"https:\/\/www.miomiorun.com\/de\/#website","url":"https:\/\/www.miomiorun.com\/de\/","name":"MioMioRun","description":"100% Lauf- und Trailshop","publisher":{"@id":"https:\/\/www.miomiorun.com\/de\/#organization"},"potentialAction":[{"@type":"SearchAction","target":{"@type":"EntryPoint","urlTemplate":"https:\/\/www.miomiorun.com\/de\/?s={search_term_string}"},"query-input":{"@type":"PropertyValueSpecification","valueRequired":true,"valueName":"search_term_string"}}],"inLanguage":"de-DE"},{"@type":"Organization","@id":"https:\/\/www.miomiorun.com\/de\/#organization","name":"MioMio Run","url":"https:\/\/www.miomiorun.com\/de\/","logo":{"@type":"ImageObject","inLanguage":"de-DE","@id":"https:\/\/www.miomiorun.com\/de\/#\/schema\/logo\/image\/","url":"https:\/\/www.miomiorun.com\/app\/uploads\/2019\/12\/logomio.png","contentUrl":"https:\/\/www.miomiorun.com\/app\/uploads\/2019\/12\/logomio.png","width":115,"height":82,"caption":"MioMio Run"},"image":{"@id":"https:\/\/www.miomiorun.com\/de\/#\/schema\/logo\/image\/"},"sameAs":["https:\/\/www.facebook.com\/miomiorun\/","https:\/\/www.instagram.com\/miomiorun\/"]}]}},"_links":{"self":[{"href":"https:\/\/www.miomiorun.com\/de\/wp-json\/wp\/v2\/product\/172570","targetHints":{"allow":["GET"]}}],"collection":[{"href":"https:\/\/www.miomiorun.com\/de\/wp-json\/wp\/v2\/product"}],"about":[{"href":"https:\/\/www.miomiorun.com\/de\/wp-json\/wp\/v2\/types\/product"}],"wp:featuredmedia":[{"embeddable":true,"href":"https:\/\/www.miomiorun.com\/de\/wp-json\/wp\/v2\/media\/211271"}],"wp:attachment":[{"href":"https:\/\/www.miomiorun.com\/de\/wp-json\/wp\/v2\/media?parent=172570"}],"wp:term":[{"taxonomy":"product_brand","embeddable":true,"href":"https:\/\/www.miomiorun.com\/de\/wp-json\/wp\/v2\/product_brand?post=172570"},{"taxonomy":"product_cat","embeddable":true,"href":"https:\/\/www.miomiorun.com\/de\/wp-json\/wp\/v2\/product_cat?post=172570"},{"taxonomy":"product_tag","embeddable":true,"href":"https:\/\/www.miomiorun.com\/de\/wp-json\/wp\/v2\/product_tag?post=172570"}],"curies":[{"name":"wp","href":"https:\/\/api.w.org\/{rel}","templated":true}]}}