{"id":172560,"date":"2022-10-27T10:24:00","date_gmt":"2022-10-27T08:24:00","guid":{"rendered":"https:\/\/miomiorun.com\/prodotto\/running-visor\/"},"modified":"2025-04-08T21:43:49","modified_gmt":"2025-04-08T19:43:49","slug":"running-visor","status":"publish","type":"product","link":"https:\/\/www.miomiorun.com\/de\/produkt\/running-visor\/","title":{"rendered":"Running Visor"},"content":{"rendered":"<p>Ob bei einem leichten Lauf um den See oder beim Marathon: <strong>Der<\/strong> Running <strong>Visor von CEP<\/strong> erweist sich in den Sommermonaten als vielseitig und unverzichtbar. Die <strong>dynamische Form sorgt f\u00fcr einen angenehmen Sitz,<\/strong> w\u00e4hrend das <strong>atmungsaktive Material die Feuchtigkeit nach au\u00dfen transportiert.<\/strong><\/p>\n<p>Dieses Visier f\u00fcr M\u00e4nner und Frauen \u00fcberzeugt durch seine Leichtigkeit und seine cleveren Vorteile. Sie k\u00f6nnen ihn einfach zusammenfalten, um ihn jederzeit zur Hand zu haben.<\/p>\n<p><strong>Eigenschaften:<\/strong><\/p>\n<ul class=\"selling-points\">\n<li>Der hochfunktionelle und leichte Running Visor verf\u00fcgt \u00fcber ein gebogenes Visier, das Sie vor UV-Strahlen sch\u00fctzt.<\/li>\n<li>Die optimale, dynamische Passform sorgt f\u00fcr perfekten Tragekomfort.<\/li>\n<li>Das atmungsaktive, feuchtigkeitstransportierende Material bietet perfektes Klimamanagement.<\/li>\n<\/ul>\n<h3>Ein Muss f\u00fcr die warme Jahreszeit &#8211; Running Visor f\u00fcr den Sport<\/h3>\n<p>Der gebogene Visor bietet Vorteile wie <strong>UPF 50+ Sonnenschutz.<\/strong> Das reflektierende CEP-Branding erh\u00f6ht Ihre Sicherheit durch bessere Sichtbarkeit. Der Running Visor wird sofort unentbehrlich: beim Training, bei bevorstehenden Rennen oder beim Laufen in der D\u00e4mmerung.<\/p>\n<h3>Atmungsaktiv dank ausgekl\u00fcgeltem Klimamanagement<\/h3>\n<p>Atmungsaktivit\u00e4t spielt eine wichtige Rolle beim Klimamanagement w\u00e4hrend sportlicher Bet\u00e4tigung. Das Material des Running Visor wandelt die Feuchtigkeit in Wasserdampf um und transportiert sie nach au\u00dfen. <strong>Genie\u00dfen Sie <\/strong>auch an hei\u00dfen Sommertagen <strong>einen angenehmen Trage <\/strong>komfort. Das Visier bleibt auch bei intensiven Trainingseinheiten griffig und verrutscht nicht, dank der speziell f\u00fcr sportliche Aktivit\u00e4ten entwickelten Passform.<\/p>\n<h3>Leicht und praktisch &#8211; der Visor f\u00fcr Ihre sportliche Aktivit\u00e4t<\/h3>\n<p>Der Running Visor l\u00e4sst sich im Handumdrehen zusammenfalten und verstauen. Dank seines <strong>geringen Gewichts und seiner kleinen Gr\u00f6\u00dfe<\/strong> kann er auch in kleinen Taschen mitgef\u00fchrt werden. Ihr Running Visor ist immer zur Hand, wenn die Sonne pl\u00f6tzlich herauskommt.<\/p>\n","protected":false},"excerpt":{"rendered":"<p>Das hochfunktionelle und leichte Running Visor verf\u00fcgt \u00fcber ein gebogenes Visier, das vor UV-Strahlen sch\u00fctzt.<br \/>\nDie optimale, dynamische Passform sorgt f\u00fcr perfekten Tragekomfort.<br \/>\nDas atmungsaktive, feuchtigkeitsabweisende Material bietet ein perfektes Klimamanagement.<\/p>\n","protected":false},"featured_media":95446,"template":"","meta":{"_acf_changed":false,"inline_featured_image":false},"product_brand":[],"product_cat":[6342,6372,6374],"product_tag":[3408,6210,6212],"class_list":{"0":"post-172560","1":"product","2":"type-product","3":"status-publish","4":"has-post-thumbnail","6":"product_cat-zubehoer","7":"product_cat-aufwaermausruestung-de","8":"product_cat-haar-de","9":"product_tag-cep-de","10":"product_tag-cep-damen-de","11":"product_tag-cep-herren-de","12":"pa_attivita-gehen","13":"pa_attivita-running-de","14":"pa_colore-running-visor-black-de","15":"pa_colore-running-visor-lava-de","16":"pa_colore-running-visor-petrol-de","17":"pa_colore-running-visor-red-de","18":"pa_colore-running-visor-rose-de","19":"pa_colore-running-visor-white-de","20":"pa_marca-cep-de","21":"pa_sesso-damen","22":"pa_sesso-herren","24":"first","25":"instock","26":"sale","27":"taxable","28":"shipping-taxable","29":"purchasable","30":"product-type-variable","31":"wvs-archive-product-wrapper"},"acf":[],"yoast_head":"<!-- This site is optimized with the Yoast SEO plugin v26.8 - https:\/\/yoast.com\/product\/yoast-seo-wordpress\/ -->\n<title>Cep Running Visor -Laufkappe - MioMioRun.com<\/title>\n<meta name=\"description\" content=\"Der Visor von CEP erweist sich in den Sommermonaten als vielseitig und unverzichtbar. Die dynamische Form sorgt f\u00fcr einen bequemen Sitz, das atmungsaktive Material\" \/>\n<meta name=\"robots\" content=\"index, follow, max-snippet:-1, max-image-preview:large, max-video-preview:-1\" \/>\n<link rel=\"canonical\" href=\"https:\/\/www.miomiorun.com\/de\/produkt\/running-visor\/\" \/>\n<meta property=\"og:locale\" content=\"de_DE\" \/>\n<meta property=\"og:type\" content=\"article\" \/>\n<meta property=\"og:title\" content=\"Cep Running Visor -Laufkappe - MioMioRun.com\" \/>\n<meta property=\"og:description\" content=\"Der Visor von CEP erweist sich in den Sommermonaten als vielseitig und unverzichtbar. Die dynamische Form sorgt f\u00fcr einen bequemen Sitz, das atmungsaktive Material\" \/>\n<meta property=\"og:url\" content=\"https:\/\/www.miomiorun.com\/de\/produkt\/running-visor\/\" \/>\n<meta property=\"og:site_name\" content=\"MioMioRun\" \/>\n<meta property=\"article:publisher\" content=\"https:\/\/www.facebook.com\/miomiorun\/\" \/>\n<meta property=\"article:modified_time\" content=\"2025-04-08T19:43:49+00:00\" \/>\n<meta property=\"og:image\" content=\"https:\/\/www.miomiorun.com\/app\/uploads\/2022\/11\/cep-running-visor-petrol-W2MV9V.jpg\" \/>\n\t<meta property=\"og:image:width\" content=\"600\" \/>\n\t<meta property=\"og:image:height\" content=\"600\" \/>\n\t<meta property=\"og:image:type\" content=\"image\/jpeg\" \/>\n<meta name=\"twitter:card\" content=\"summary_large_image\" \/>\n<meta name=\"twitter:label1\" content=\"Est. reading time\" \/>\n\t<meta name=\"twitter:data1\" content=\"1 minute\" \/>\n<script type=\"application\/ld+json\" class=\"yoast-schema-graph\">{\"@context\":\"https:\/\/schema.org\",\"@graph\":[{\"@type\":\"WebPage\",\"@id\":\"https:\/\/www.miomiorun.com\/de\/produkt\/running-visor\/\",\"url\":\"https:\/\/www.miomiorun.com\/de\/produkt\/running-visor\/\",\"name\":\"Cep Running Visor -Laufkappe - MioMioRun.com\",\"isPartOf\":{\"@id\":\"https:\/\/www.miomiorun.com\/de\/#website\"},\"primaryImageOfPage\":{\"@id\":\"https:\/\/www.miomiorun.com\/de\/produkt\/running-visor\/#primaryimage\"},\"image\":{\"@id\":\"https:\/\/www.miomiorun.com\/de\/produkt\/running-visor\/#primaryimage\"},\"thumbnailUrl\":\"https:\/\/www.miomiorun.com\/app\/uploads\/2022\/11\/cep-running-visor-petrol-W2MV9V.jpg\",\"datePublished\":\"2022-10-27T08:24:00+00:00\",\"dateModified\":\"2025-04-08T19:43:49+00:00\",\"description\":\"Der Visor von CEP erweist sich in den Sommermonaten als vielseitig und unverzichtbar. Die dynamische Form sorgt f\u00fcr einen bequemen Sitz, das atmungsaktive Material\",\"breadcrumb\":{\"@id\":\"https:\/\/www.miomiorun.com\/de\/produkt\/running-visor\/#breadcrumb\"},\"inLanguage\":\"de-DE\",\"potentialAction\":[{\"@type\":\"ReadAction\",\"target\":[\"https:\/\/www.miomiorun.com\/de\/produkt\/running-visor\/\"]}]},{\"@type\":\"ImageObject\",\"inLanguage\":\"de-DE\",\"@id\":\"https:\/\/www.miomiorun.com\/de\/produkt\/running-visor\/#primaryimage\",\"url\":\"https:\/\/www.miomiorun.com\/app\/uploads\/2022\/11\/cep-running-visor-petrol-W2MV9V.jpg\",\"contentUrl\":\"https:\/\/www.miomiorun.com\/app\/uploads\/2022\/11\/cep-running-visor-petrol-W2MV9V.jpg\",\"width\":600,\"height\":600,\"caption\":\"cep-running-visor-petrol-W2MV9V\"},{\"@type\":\"BreadcrumbList\",\"@id\":\"https:\/\/www.miomiorun.com\/de\/produkt\/running-visor\/#breadcrumb\",\"itemListElement\":[{\"@type\":\"ListItem\",\"position\":1,\"name\":\"Home\",\"item\":\"https:\/\/www.miomiorun.com\/de\/\"},{\"@type\":\"ListItem\",\"position\":2,\"name\":\"Shop\",\"item\":\"https:\/\/www.miomiorun.com\/shop\/\"},{\"@type\":\"ListItem\",\"position\":3,\"name\":\"Running Visor\"}]},{\"@type\":\"WebSite\",\"@id\":\"https:\/\/www.miomiorun.com\/de\/#website\",\"url\":\"https:\/\/www.miomiorun.com\/de\/\",\"name\":\"MioMioRun\",\"description\":\"100% Lauf- und Trailshop\",\"publisher\":{\"@id\":\"https:\/\/www.miomiorun.com\/de\/#organization\"},\"potentialAction\":[{\"@type\":\"SearchAction\",\"target\":{\"@type\":\"EntryPoint\",\"urlTemplate\":\"https:\/\/www.miomiorun.com\/de\/?s={search_term_string}\"},\"query-input\":{\"@type\":\"PropertyValueSpecification\",\"valueRequired\":true,\"valueName\":\"search_term_string\"}}],\"inLanguage\":\"de-DE\"},{\"@type\":\"Organization\",\"@id\":\"https:\/\/www.miomiorun.com\/de\/#organization\",\"name\":\"MioMio Run\",\"url\":\"https:\/\/www.miomiorun.com\/de\/\",\"logo\":{\"@type\":\"ImageObject\",\"inLanguage\":\"de-DE\",\"@id\":\"https:\/\/www.miomiorun.com\/de\/#\/schema\/logo\/image\/\",\"url\":\"https:\/\/www.miomiorun.com\/app\/uploads\/2019\/12\/logomio.png\",\"contentUrl\":\"https:\/\/www.miomiorun.com\/app\/uploads\/2019\/12\/logomio.png\",\"width\":115,\"height\":82,\"caption\":\"MioMio Run\"},\"image\":{\"@id\":\"https:\/\/www.miomiorun.com\/de\/#\/schema\/logo\/image\/\"},\"sameAs\":[\"https:\/\/www.facebook.com\/miomiorun\/\",\"https:\/\/www.instagram.com\/miomiorun\/\"]}]}<\/script>\n<!-- \/ Yoast SEO plugin. -->","yoast_head_json":{"title":"Cep Running Visor -Laufkappe - MioMioRun.com","description":"Der Visor von CEP erweist sich in den Sommermonaten als vielseitig und unverzichtbar. Die dynamische Form sorgt f\u00fcr einen bequemen Sitz, das atmungsaktive Material","robots":{"index":"index","follow":"follow","max-snippet":"max-snippet:-1","max-image-preview":"max-image-preview:large","max-video-preview":"max-video-preview:-1"},"canonical":"https:\/\/www.miomiorun.com\/de\/produkt\/running-visor\/","og_locale":"de_DE","og_type":"article","og_title":"Cep Running Visor -Laufkappe - MioMioRun.com","og_description":"Der Visor von CEP erweist sich in den Sommermonaten als vielseitig und unverzichtbar. Die dynamische Form sorgt f\u00fcr einen bequemen Sitz, das atmungsaktive Material","og_url":"https:\/\/www.miomiorun.com\/de\/produkt\/running-visor\/","og_site_name":"MioMioRun","article_publisher":"https:\/\/www.facebook.com\/miomiorun\/","article_modified_time":"2025-04-08T19:43:49+00:00","og_image":[{"width":600,"height":600,"url":"https:\/\/www.miomiorun.com\/app\/uploads\/2022\/11\/cep-running-visor-petrol-W2MV9V.jpg","type":"image\/jpeg"}],"twitter_card":"summary_large_image","twitter_misc":{"Est. reading time":"1 minute"},"schema":{"@context":"https:\/\/schema.org","@graph":[{"@type":"WebPage","@id":"https:\/\/www.miomiorun.com\/de\/produkt\/running-visor\/","url":"https:\/\/www.miomiorun.com\/de\/produkt\/running-visor\/","name":"Cep Running Visor -Laufkappe - MioMioRun.com","isPartOf":{"@id":"https:\/\/www.miomiorun.com\/de\/#website"},"primaryImageOfPage":{"@id":"https:\/\/www.miomiorun.com\/de\/produkt\/running-visor\/#primaryimage"},"image":{"@id":"https:\/\/www.miomiorun.com\/de\/produkt\/running-visor\/#primaryimage"},"thumbnailUrl":"https:\/\/www.miomiorun.com\/app\/uploads\/2022\/11\/cep-running-visor-petrol-W2MV9V.jpg","datePublished":"2022-10-27T08:24:00+00:00","dateModified":"2025-04-08T19:43:49+00:00","description":"Der Visor von CEP erweist sich in den Sommermonaten als vielseitig und unverzichtbar. Die dynamische Form sorgt f\u00fcr einen bequemen Sitz, das atmungsaktive Material","breadcrumb":{"@id":"https:\/\/www.miomiorun.com\/de\/produkt\/running-visor\/#breadcrumb"},"inLanguage":"de-DE","potentialAction":[{"@type":"ReadAction","target":["https:\/\/www.miomiorun.com\/de\/produkt\/running-visor\/"]}]},{"@type":"ImageObject","inLanguage":"de-DE","@id":"https:\/\/www.miomiorun.com\/de\/produkt\/running-visor\/#primaryimage","url":"https:\/\/www.miomiorun.com\/app\/uploads\/2022\/11\/cep-running-visor-petrol-W2MV9V.jpg","contentUrl":"https:\/\/www.miomiorun.com\/app\/uploads\/2022\/11\/cep-running-visor-petrol-W2MV9V.jpg","width":600,"height":600,"caption":"cep-running-visor-petrol-W2MV9V"},{"@type":"BreadcrumbList","@id":"https:\/\/www.miomiorun.com\/de\/produkt\/running-visor\/#breadcrumb","itemListElement":[{"@type":"ListItem","position":1,"name":"Home","item":"https:\/\/www.miomiorun.com\/de\/"},{"@type":"ListItem","position":2,"name":"Shop","item":"https:\/\/www.miomiorun.com\/shop\/"},{"@type":"ListItem","position":3,"name":"Running Visor"}]},{"@type":"WebSite","@id":"https:\/\/www.miomiorun.com\/de\/#website","url":"https:\/\/www.miomiorun.com\/de\/","name":"MioMioRun","description":"100% Lauf- und Trailshop","publisher":{"@id":"https:\/\/www.miomiorun.com\/de\/#organization"},"potentialAction":[{"@type":"SearchAction","target":{"@type":"EntryPoint","urlTemplate":"https:\/\/www.miomiorun.com\/de\/?s={search_term_string}"},"query-input":{"@type":"PropertyValueSpecification","valueRequired":true,"valueName":"search_term_string"}}],"inLanguage":"de-DE"},{"@type":"Organization","@id":"https:\/\/www.miomiorun.com\/de\/#organization","name":"MioMio Run","url":"https:\/\/www.miomiorun.com\/de\/","logo":{"@type":"ImageObject","inLanguage":"de-DE","@id":"https:\/\/www.miomiorun.com\/de\/#\/schema\/logo\/image\/","url":"https:\/\/www.miomiorun.com\/app\/uploads\/2019\/12\/logomio.png","contentUrl":"https:\/\/www.miomiorun.com\/app\/uploads\/2019\/12\/logomio.png","width":115,"height":82,"caption":"MioMio Run"},"image":{"@id":"https:\/\/www.miomiorun.com\/de\/#\/schema\/logo\/image\/"},"sameAs":["https:\/\/www.facebook.com\/miomiorun\/","https:\/\/www.instagram.com\/miomiorun\/"]}]}},"_links":{"self":[{"href":"https:\/\/www.miomiorun.com\/de\/wp-json\/wp\/v2\/product\/172560","targetHints":{"allow":["GET"]}}],"collection":[{"href":"https:\/\/www.miomiorun.com\/de\/wp-json\/wp\/v2\/product"}],"about":[{"href":"https:\/\/www.miomiorun.com\/de\/wp-json\/wp\/v2\/types\/product"}],"wp:featuredmedia":[{"embeddable":true,"href":"https:\/\/www.miomiorun.com\/de\/wp-json\/wp\/v2\/media\/95446"}],"wp:attachment":[{"href":"https:\/\/www.miomiorun.com\/de\/wp-json\/wp\/v2\/media?parent=172560"}],"wp:term":[{"taxonomy":"product_brand","embeddable":true,"href":"https:\/\/www.miomiorun.com\/de\/wp-json\/wp\/v2\/product_brand?post=172560"},{"taxonomy":"product_cat","embeddable":true,"href":"https:\/\/www.miomiorun.com\/de\/wp-json\/wp\/v2\/product_cat?post=172560"},{"taxonomy":"product_tag","embeddable":true,"href":"https:\/\/www.miomiorun.com\/de\/wp-json\/wp\/v2\/product_tag?post=172560"}],"curies":[{"name":"wp","href":"https:\/\/api.w.org\/{rel}","templated":true}]}}