{"id":172522,"date":"2021-11-03T11:53:47","date_gmt":"2021-11-03T10:53:47","guid":{"rendered":"https:\/\/miomiorun.com\/prodotto\/leki-tourenteller-rotelle-per-bastoncini\/"},"modified":"2026-01-01T19:41:09","modified_gmt":"2026-01-01T18:41:09","slug":"leki-tourenteller-teller-fuer-stoecke","status":"publish","type":"product","link":"https:\/\/www.miomiorun.com\/de\/produkt\/leki-tourenteller-teller-fuer-stoecke\/","title":{"rendered":"Leki Tourenteller &#8211; Teller f\u00fcr St\u00f6cke"},"content":{"rendered":"<p>Der Tourenteller von Leki ist ein standardm\u00e4\u00dfiges, einfach zu montierendes und zu demontierendes Modell. Er ist ideal f\u00fcr Skitouren unter allen Schneebedingungen und passt sich problemlos an Leki Skitourenst\u00f6cke und Leki Trekkingst\u00f6cke an.<\/p>\n<ul>\n<li>Durchmesser: 9,5 cm<\/li>\n<li>Lieferumfang: zwei Teller<\/li>\n<\/ul>\n","protected":false},"excerpt":{"rendered":"<p><span style=\"font-weight: 400;\">\u00a0<\/span><\/p>\n<p>&nbsp;<\/p>\n","protected":false},"featured_media":59450,"template":"","meta":{"_acf_changed":false,"inline_featured_image":false},"product_brand":[],"product_cat":[6342,6344],"product_tag":[6250],"class_list":{"0":"post-172522","1":"product","2":"type-product","3":"status-publish","4":"has-post-thumbnail","6":"product_cat-zubehoer","7":"product_cat-stocke-de","8":"product_tag-leki-de","9":"pa_attivita-outdoor-de","10":"pa_marca-leki-de","11":"pa_sesso-damen","12":"pa_sesso-herren","14":"first","15":"instock","16":"taxable","17":"shipping-taxable","18":"purchasable","19":"product-type-simple"},"acf":[],"yoast_head":"<!-- This site is optimized with the Yoast SEO plugin v26.8 - https:\/\/yoast.com\/product\/yoast-seo-wordpress\/ -->\n<title>Leki Tourenteller - Teller f\u00fcr St\u00f6cke - Laufst\u00f6cke- MioMioRun<\/title>\n<meta name=\"description\" content=\"Der Tourenteller von Leki ist ein standardm\u00e4\u00dfiges Modell, das sich sehr einfach auf- und abschrauben l\u00e4sst.\" \/>\n<meta name=\"robots\" content=\"index, follow, max-snippet:-1, max-image-preview:large, max-video-preview:-1\" \/>\n<link rel=\"canonical\" href=\"https:\/\/www.miomiorun.com\/de\/produkt\/leki-tourenteller-teller-fuer-stoecke\/\" \/>\n<meta property=\"og:locale\" content=\"de_DE\" \/>\n<meta property=\"og:type\" content=\"article\" \/>\n<meta property=\"og:title\" content=\"Leki Tourenteller - Teller f\u00fcr St\u00f6cke - Laufst\u00f6cke- MioMioRun\" \/>\n<meta property=\"og:description\" content=\"Der Tourenteller von Leki ist ein standardm\u00e4\u00dfiges Modell, das sich sehr einfach auf- und abschrauben l\u00e4sst.\" \/>\n<meta property=\"og:url\" content=\"https:\/\/www.miomiorun.com\/de\/produkt\/leki-tourenteller-teller-fuer-stoecke\/\" \/>\n<meta property=\"og:site_name\" content=\"MioMioRun\" \/>\n<meta property=\"article:publisher\" content=\"https:\/\/www.facebook.com\/miomiorun\/\" \/>\n<meta property=\"article:modified_time\" content=\"2026-01-01T18:41:09+00:00\" \/>\n<meta property=\"og:image\" content=\"https:\/\/www.miomiorun.com\/app\/uploads\/2021\/11\/leki-Tourenteller-857500103.jpg\" \/>\n\t<meta property=\"og:image:width\" content=\"600\" \/>\n\t<meta property=\"og:image:height\" content=\"600\" \/>\n\t<meta property=\"og:image:type\" content=\"image\/jpeg\" \/>\n<meta name=\"twitter:card\" content=\"summary_large_image\" \/>\n<script type=\"application\/ld+json\" class=\"yoast-schema-graph\">{\"@context\":\"https:\/\/schema.org\",\"@graph\":[{\"@type\":\"WebPage\",\"@id\":\"https:\/\/www.miomiorun.com\/de\/produkt\/leki-tourenteller-teller-fuer-stoecke\/\",\"url\":\"https:\/\/www.miomiorun.com\/de\/produkt\/leki-tourenteller-teller-fuer-stoecke\/\",\"name\":\"Leki Tourenteller - Teller f\u00fcr St\u00f6cke - Laufst\u00f6cke- MioMioRun\",\"isPartOf\":{\"@id\":\"https:\/\/www.miomiorun.com\/de\/#website\"},\"primaryImageOfPage\":{\"@id\":\"https:\/\/www.miomiorun.com\/de\/produkt\/leki-tourenteller-teller-fuer-stoecke\/#primaryimage\"},\"image\":{\"@id\":\"https:\/\/www.miomiorun.com\/de\/produkt\/leki-tourenteller-teller-fuer-stoecke\/#primaryimage\"},\"thumbnailUrl\":\"https:\/\/www.miomiorun.com\/app\/uploads\/2021\/11\/leki-Tourenteller-857500103.jpg\",\"datePublished\":\"2021-11-03T10:53:47+00:00\",\"dateModified\":\"2026-01-01T18:41:09+00:00\",\"description\":\"Der Tourenteller von Leki ist ein standardm\u00e4\u00dfiges Modell, das sich sehr einfach auf- und abschrauben l\u00e4sst.\",\"breadcrumb\":{\"@id\":\"https:\/\/www.miomiorun.com\/de\/produkt\/leki-tourenteller-teller-fuer-stoecke\/#breadcrumb\"},\"inLanguage\":\"de-DE\",\"potentialAction\":[{\"@type\":\"ReadAction\",\"target\":[\"https:\/\/www.miomiorun.com\/de\/produkt\/leki-tourenteller-teller-fuer-stoecke\/\"]}]},{\"@type\":\"ImageObject\",\"inLanguage\":\"de-DE\",\"@id\":\"https:\/\/www.miomiorun.com\/de\/produkt\/leki-tourenteller-teller-fuer-stoecke\/#primaryimage\",\"url\":\"https:\/\/www.miomiorun.com\/app\/uploads\/2021\/11\/leki-Tourenteller-857500103.jpg\",\"contentUrl\":\"https:\/\/www.miomiorun.com\/app\/uploads\/2021\/11\/leki-Tourenteller-857500103.jpg\",\"width\":600,\"height\":600,\"caption\":\"leki tourenteller rotelle per bastoncini\"},{\"@type\":\"BreadcrumbList\",\"@id\":\"https:\/\/www.miomiorun.com\/de\/produkt\/leki-tourenteller-teller-fuer-stoecke\/#breadcrumb\",\"itemListElement\":[{\"@type\":\"ListItem\",\"position\":1,\"name\":\"Home\",\"item\":\"https:\/\/www.miomiorun.com\/de\/\"},{\"@type\":\"ListItem\",\"position\":2,\"name\":\"Shop\",\"item\":\"https:\/\/www.miomiorun.com\/shop\/\"},{\"@type\":\"ListItem\",\"position\":3,\"name\":\"Leki Tourenteller &#8211; Teller f\u00fcr St\u00f6cke\"}]},{\"@type\":\"WebSite\",\"@id\":\"https:\/\/www.miomiorun.com\/de\/#website\",\"url\":\"https:\/\/www.miomiorun.com\/de\/\",\"name\":\"MioMioRun\",\"description\":\"100% Lauf- und Trailshop\",\"publisher\":{\"@id\":\"https:\/\/www.miomiorun.com\/de\/#organization\"},\"potentialAction\":[{\"@type\":\"SearchAction\",\"target\":{\"@type\":\"EntryPoint\",\"urlTemplate\":\"https:\/\/www.miomiorun.com\/de\/?s={search_term_string}\"},\"query-input\":{\"@type\":\"PropertyValueSpecification\",\"valueRequired\":true,\"valueName\":\"search_term_string\"}}],\"inLanguage\":\"de-DE\"},{\"@type\":\"Organization\",\"@id\":\"https:\/\/www.miomiorun.com\/de\/#organization\",\"name\":\"MioMio Run\",\"url\":\"https:\/\/www.miomiorun.com\/de\/\",\"logo\":{\"@type\":\"ImageObject\",\"inLanguage\":\"de-DE\",\"@id\":\"https:\/\/www.miomiorun.com\/de\/#\/schema\/logo\/image\/\",\"url\":\"https:\/\/www.miomiorun.com\/app\/uploads\/2019\/12\/logomio.png\",\"contentUrl\":\"https:\/\/www.miomiorun.com\/app\/uploads\/2019\/12\/logomio.png\",\"width\":115,\"height\":82,\"caption\":\"MioMio Run\"},\"image\":{\"@id\":\"https:\/\/www.miomiorun.com\/de\/#\/schema\/logo\/image\/\"},\"sameAs\":[\"https:\/\/www.facebook.com\/miomiorun\/\",\"https:\/\/www.instagram.com\/miomiorun\/\"]}]}<\/script>\n<!-- \/ Yoast SEO plugin. -->","yoast_head_json":{"title":"Leki Tourenteller - Teller f\u00fcr St\u00f6cke - Laufst\u00f6cke- MioMioRun","description":"Der Tourenteller von Leki ist ein standardm\u00e4\u00dfiges Modell, das sich sehr einfach auf- und abschrauben l\u00e4sst.","robots":{"index":"index","follow":"follow","max-snippet":"max-snippet:-1","max-image-preview":"max-image-preview:large","max-video-preview":"max-video-preview:-1"},"canonical":"https:\/\/www.miomiorun.com\/de\/produkt\/leki-tourenteller-teller-fuer-stoecke\/","og_locale":"de_DE","og_type":"article","og_title":"Leki Tourenteller - Teller f\u00fcr St\u00f6cke - Laufst\u00f6cke- MioMioRun","og_description":"Der Tourenteller von Leki ist ein standardm\u00e4\u00dfiges Modell, das sich sehr einfach auf- und abschrauben l\u00e4sst.","og_url":"https:\/\/www.miomiorun.com\/de\/produkt\/leki-tourenteller-teller-fuer-stoecke\/","og_site_name":"MioMioRun","article_publisher":"https:\/\/www.facebook.com\/miomiorun\/","article_modified_time":"2026-01-01T18:41:09+00:00","og_image":[{"width":600,"height":600,"url":"https:\/\/www.miomiorun.com\/app\/uploads\/2021\/11\/leki-Tourenteller-857500103.jpg","type":"image\/jpeg"}],"twitter_card":"summary_large_image","schema":{"@context":"https:\/\/schema.org","@graph":[{"@type":"WebPage","@id":"https:\/\/www.miomiorun.com\/de\/produkt\/leki-tourenteller-teller-fuer-stoecke\/","url":"https:\/\/www.miomiorun.com\/de\/produkt\/leki-tourenteller-teller-fuer-stoecke\/","name":"Leki Tourenteller - Teller f\u00fcr St\u00f6cke - Laufst\u00f6cke- MioMioRun","isPartOf":{"@id":"https:\/\/www.miomiorun.com\/de\/#website"},"primaryImageOfPage":{"@id":"https:\/\/www.miomiorun.com\/de\/produkt\/leki-tourenteller-teller-fuer-stoecke\/#primaryimage"},"image":{"@id":"https:\/\/www.miomiorun.com\/de\/produkt\/leki-tourenteller-teller-fuer-stoecke\/#primaryimage"},"thumbnailUrl":"https:\/\/www.miomiorun.com\/app\/uploads\/2021\/11\/leki-Tourenteller-857500103.jpg","datePublished":"2021-11-03T10:53:47+00:00","dateModified":"2026-01-01T18:41:09+00:00","description":"Der Tourenteller von Leki ist ein standardm\u00e4\u00dfiges Modell, das sich sehr einfach auf- und abschrauben l\u00e4sst.","breadcrumb":{"@id":"https:\/\/www.miomiorun.com\/de\/produkt\/leki-tourenteller-teller-fuer-stoecke\/#breadcrumb"},"inLanguage":"de-DE","potentialAction":[{"@type":"ReadAction","target":["https:\/\/www.miomiorun.com\/de\/produkt\/leki-tourenteller-teller-fuer-stoecke\/"]}]},{"@type":"ImageObject","inLanguage":"de-DE","@id":"https:\/\/www.miomiorun.com\/de\/produkt\/leki-tourenteller-teller-fuer-stoecke\/#primaryimage","url":"https:\/\/www.miomiorun.com\/app\/uploads\/2021\/11\/leki-Tourenteller-857500103.jpg","contentUrl":"https:\/\/www.miomiorun.com\/app\/uploads\/2021\/11\/leki-Tourenteller-857500103.jpg","width":600,"height":600,"caption":"leki tourenteller rotelle per bastoncini"},{"@type":"BreadcrumbList","@id":"https:\/\/www.miomiorun.com\/de\/produkt\/leki-tourenteller-teller-fuer-stoecke\/#breadcrumb","itemListElement":[{"@type":"ListItem","position":1,"name":"Home","item":"https:\/\/www.miomiorun.com\/de\/"},{"@type":"ListItem","position":2,"name":"Shop","item":"https:\/\/www.miomiorun.com\/shop\/"},{"@type":"ListItem","position":3,"name":"Leki Tourenteller &#8211; Teller f\u00fcr St\u00f6cke"}]},{"@type":"WebSite","@id":"https:\/\/www.miomiorun.com\/de\/#website","url":"https:\/\/www.miomiorun.com\/de\/","name":"MioMioRun","description":"100% Lauf- und Trailshop","publisher":{"@id":"https:\/\/www.miomiorun.com\/de\/#organization"},"potentialAction":[{"@type":"SearchAction","target":{"@type":"EntryPoint","urlTemplate":"https:\/\/www.miomiorun.com\/de\/?s={search_term_string}"},"query-input":{"@type":"PropertyValueSpecification","valueRequired":true,"valueName":"search_term_string"}}],"inLanguage":"de-DE"},{"@type":"Organization","@id":"https:\/\/www.miomiorun.com\/de\/#organization","name":"MioMio Run","url":"https:\/\/www.miomiorun.com\/de\/","logo":{"@type":"ImageObject","inLanguage":"de-DE","@id":"https:\/\/www.miomiorun.com\/de\/#\/schema\/logo\/image\/","url":"https:\/\/www.miomiorun.com\/app\/uploads\/2019\/12\/logomio.png","contentUrl":"https:\/\/www.miomiorun.com\/app\/uploads\/2019\/12\/logomio.png","width":115,"height":82,"caption":"MioMio Run"},"image":{"@id":"https:\/\/www.miomiorun.com\/de\/#\/schema\/logo\/image\/"},"sameAs":["https:\/\/www.facebook.com\/miomiorun\/","https:\/\/www.instagram.com\/miomiorun\/"]}]}},"_links":{"self":[{"href":"https:\/\/www.miomiorun.com\/de\/wp-json\/wp\/v2\/product\/172522","targetHints":{"allow":["GET"]}}],"collection":[{"href":"https:\/\/www.miomiorun.com\/de\/wp-json\/wp\/v2\/product"}],"about":[{"href":"https:\/\/www.miomiorun.com\/de\/wp-json\/wp\/v2\/types\/product"}],"wp:featuredmedia":[{"embeddable":true,"href":"https:\/\/www.miomiorun.com\/de\/wp-json\/wp\/v2\/media\/59450"}],"wp:attachment":[{"href":"https:\/\/www.miomiorun.com\/de\/wp-json\/wp\/v2\/media?parent=172522"}],"wp:term":[{"taxonomy":"product_brand","embeddable":true,"href":"https:\/\/www.miomiorun.com\/de\/wp-json\/wp\/v2\/product_brand?post=172522"},{"taxonomy":"product_cat","embeddable":true,"href":"https:\/\/www.miomiorun.com\/de\/wp-json\/wp\/v2\/product_cat?post=172522"},{"taxonomy":"product_tag","embeddable":true,"href":"https:\/\/www.miomiorun.com\/de\/wp-json\/wp\/v2\/product_tag?post=172522"}],"curies":[{"name":"wp","href":"https:\/\/api.w.org\/{rel}","templated":true}]}}