{"id":172495,"date":"2023-05-09T14:18:32","date_gmt":"2023-05-09T12:18:32","guid":{"rendered":"https:\/\/miomiorun.com\/prodotto\/spin\/"},"modified":"2025-02-26T10:33:56","modified_gmt":"2025-02-26T09:33:56","slug":"spin","status":"publish","type":"product","link":"https:\/\/www.miomiorun.com\/de\/produkt\/spin\/","title":{"rendered":"Spin"},"content":{"rendered":"<p>Der Spin ist der ideale Begleiter f\u00fcr Nordic Walking-Einsteiger. Das bew\u00e4hrte Trigger 1 System bietet eine hervorragende Kraft\u00fcbertragung auf den Stock, w\u00e4hrend das Super Lock Verstellsystem ein schnelles Einstellen des Stockes auf die richtige L\u00e4nge erm\u00f6glicht. Die geh\u00e4rtete Metallspitze ist auf jedem Terrain griffig, das Powergrip Pad bietet besten Halt auf Asphalt.<\/p>\n<h3>Nordischer FRT<\/h3>\n<p>Der Nordic FRT ist ein speziell f\u00fcr den Skilanglauf entwickelter Griff. Er erm\u00f6glicht eine millimetergenaue Einstellung der Schlaufe. Das sorgt f\u00fcr eine optimale Handstockverbindung und damit f\u00fcr maximale Kraftentfaltung auf der Piste.<\/p>\n<h3>Trigger 1 Nordische Schlaufe<\/h3>\n<p>Klassische, individuell einstellbare Schlaufe. Erm\u00f6glicht das einfache Anbringen und Abnehmen des Stocks.<\/p>\n<h3>Aluminium<\/h3>\n<p>Aluminium HTS (W\u00e4rmebehandelter Schaft) 5.5<\/p>\n<h3>Super-Verschluss<\/h3>\n<p>Das flexible interne Einstellsystem sorgt f\u00fcr maximale Haltekraft. Dar\u00fcber hinaus sorgt das 360\u00b0-Umkehrsicherheitssystem f\u00fcr optimale Stabilit\u00e4t.<\/p>\n<h3>Nordic Washer<\/h3>\n<p>Kompakte Platte f\u00fcr Nordic Walking. Sch\u00fctzt vor dem Einsinken in nassem Gel\u00e4nde und kann leicht von Hand ausgewechselt werden.<\/p>\n<h3>Flex-Spitze<\/h3>\n<p>Robuste Spitze f\u00fcr pr\u00e4zises Stockhandling und perfekten Grip auf fast allen Untergr\u00fcnden.<\/p>\n<h3>Powergrip-Pad<\/h3>\n<p>Das Powergrip Pad aus vulkanisiertem Material bietet optimalen Halt auf befestigten Wegen und Stra\u00dfen.<\/p>\n<h2>Eigenschaften<\/h2>\n<table class=\"table product-detail-properties-table\">\n<tbody>\n<tr class=\"properties-row\">\n<th class=\"properties-label\">Aktivit\u00e4ten:<\/th>\n<td class=\"properties-value\">Nordic Walking<\/td>\n<\/tr>\n<tr class=\"properties-row\">\n<th class=\"properties-label\">Altersgruppe<\/th>\n<td class=\"properties-value\">Erwachsene<\/td>\n<\/tr>\n<tr class=\"properties-row\">\n<th class=\"properties-label\">Geschlecht:<\/th>\n<td class=\"properties-value\">Unisex<\/td>\n<\/tr>\n<tr class=\"properties-row\">\n<th class=\"properties-label\">Gr\u00f6\u00dfenbereich:<\/th>\n<td class=\"properties-value\">Kein Gr\u00f6\u00dfenbereich<\/td>\n<\/tr>\n<tr class=\"properties-row\">\n<th class=\"properties-label\">Konstruktion:<\/th>\n<td class=\"properties-value\">Vario (stufenlos einstellbar)<\/td>\n<\/tr>\n<tr class=\"properties-row\">\n<th class=\"properties-label\">Packma\u00df<\/th>\n<td class=\"properties-value\">97 cm<\/td>\n<\/tr>\n<tr class=\"properties-row\">\n<th class=\"properties-label\">Gewicht:<\/th>\n<td class=\"properties-value\">210 g<\/td>\n<\/tr>\n<tr class=\"properties-row\">\n<th class=\"properties-label\">Durchmesser:<\/th>\n<td class=\"properties-value\">16|14 mm<\/td>\n<\/tr>\n<tr class=\"properties-row\">\n<th class=\"properties-label\">Rohrgeometrie:<\/th>\n<td class=\"properties-value\">Ohne Profil<\/td>\n<\/tr>\n<tr class=\"properties-row\">\n<th class=\"properties-label\">Rohrform:<\/th>\n<td class=\"properties-value\">Zylindrisch<\/td>\n<\/tr>\n<tr class=\"properties-row\">\n<th class=\"properties-label\">Handgriff:<\/th>\n<td class=\"properties-value\">FRT<\/td>\n<\/tr>\n<tr class=\"properties-row\">\n<th class=\"properties-label\">Riemen:<\/th>\n<td class=\"properties-value\">Trigger 1 Nordischer Gurt<\/td>\n<\/tr>\n<tr class=\"properties-row\">\n<th class=\"properties-label\">Material Rohr:<\/th>\n<td class=\"properties-value\">Aluminium (HTS 5.5)<\/td>\n<\/tr>\n<tr class=\"properties-row\">\n<th class=\"properties-label\">Oberer Teil des Rohrs:<\/th>\n<td class=\"properties-value\">Aluminium<\/td>\n<\/tr>\n<tr class=\"properties-row\">\n<th class=\"properties-label\">Unterer Teil des Rohrs:<\/th>\n<td class=\"properties-value\">Aluminium<\/td>\n<\/tr>\n<tr class=\"properties-row\">\n<th class=\"properties-label\">Verstellsystem<\/th>\n<td class=\"properties-value\">Super Lock (SLS)<\/td>\n<\/tr>\n<tr class=\"properties-row\">\n<th class=\"properties-label\">Waschmaschine:<\/th>\n<td class=\"properties-value\">Nordic<\/td>\n<\/tr>\n<tr class=\"properties-row\">\n<th class=\"properties-label\">Spitze:<\/th>\n<td class=\"properties-value\">Flex-Spitze<\/td>\n<\/tr>\n<tr class=\"properties-row\">\n<th class=\"properties-label\">Gr\u00f6\u00dfe der Spitze:<\/th>\n<td class=\"properties-value\">Kurz<\/td>\n<\/tr>\n<tr class=\"properties-row\">\n<th class=\"properties-label\">Gummi-Pad:<\/th>\n<td class=\"properties-value\">Powergrip-Pad<\/td>\n<\/tr>\n<\/tbody>\n<\/table>\n","protected":false},"excerpt":{"rendered":"<div class=\"row\">\n<div class=\"col-sm-12 clickbox\">\n<div class=\"row\">\n<div class=\"col-sm-7 clickbox\">\n<div class=\"row\">\n<div class=\"col-sm-12 clickbox\">\n<div class=\"height-1\">\n<div class=\"neom-emotion-element only-text title\">\n<ul>\n<li>Trigger Shark Strap.<\/li>\n<li>Super Lock.<\/li>\n<li>Aluminium .<\/li>\n<\/ul>\n<\/div>\n<\/div>\n<\/div>\n<\/div>\n<\/div>\n<\/div>\n<\/div>\n<\/div>\n","protected":false},"featured_media":129862,"template":"","meta":{"_acf_changed":false,"inline_featured_image":false},"product_brand":[],"product_cat":[6342,6344],"product_tag":[6250],"class_list":{"0":"post-172495","1":"product","2":"type-product","3":"status-publish","4":"has-post-thumbnail","6":"product_cat-zubehoer","7":"product_cat-stocke-de","8":"product_tag-leki-de","9":"pa_attivita-gehen","10":"pa_attivita-outdoor-de","11":"pa_marca-leki-de","12":"pa_sesso-damen","13":"pa_sesso-herren","15":"first","16":"instock","17":"sale","18":"taxable","19":"shipping-taxable","20":"purchasable","21":"product-type-simple"},"acf":[],"yoast_head":"<!-- This site is optimized with the Yoast SEO plugin v26.8 - https:\/\/yoast.com\/product\/yoast-seo-wordpress\/ -->\n<title>Leki Spin - Running Stick - MioMioRun.com<\/title>\n<meta name=\"description\" content=\"Das bew\u00e4hrte Trigger 1 System und das Super Lock Verstellsystem \u00fcberzeugen durch ihre solide Technik. Die Spitze ist aus Hartmetall gefertigt.\" \/>\n<meta name=\"robots\" content=\"index, follow, max-snippet:-1, max-image-preview:large, max-video-preview:-1\" \/>\n<link rel=\"canonical\" href=\"https:\/\/www.miomiorun.com\/de\/produkt\/spin\/\" \/>\n<meta property=\"og:locale\" content=\"de_DE\" \/>\n<meta property=\"og:type\" content=\"article\" \/>\n<meta property=\"og:title\" content=\"Leki Spin - Running Stick - MioMioRun.com\" \/>\n<meta property=\"og:description\" content=\"Das bew\u00e4hrte Trigger 1 System und das Super Lock Verstellsystem \u00fcberzeugen durch ihre solide Technik. Die Spitze ist aus Hartmetall gefertigt.\" \/>\n<meta property=\"og:url\" content=\"https:\/\/www.miomiorun.com\/de\/produkt\/spin\/\" \/>\n<meta property=\"og:site_name\" content=\"MioMioRun\" \/>\n<meta property=\"article:publisher\" content=\"https:\/\/www.facebook.com\/miomiorun\/\" \/>\n<meta property=\"article:modified_time\" content=\"2025-02-26T09:33:56+00:00\" \/>\n<meta property=\"og:image\" content=\"https:\/\/www.miomiorun.com\/app\/uploads\/2023\/05\/leki-spin-black-silvergrey-white-65326161.jpg\" \/>\n\t<meta property=\"og:image:width\" content=\"600\" \/>\n\t<meta property=\"og:image:height\" content=\"600\" \/>\n\t<meta property=\"og:image:type\" content=\"image\/jpeg\" \/>\n<meta name=\"twitter:card\" content=\"summary_large_image\" \/>\n<meta name=\"twitter:label1\" content=\"Est. reading time\" \/>\n\t<meta name=\"twitter:data1\" content=\"1 minute\" \/>\n<script type=\"application\/ld+json\" class=\"yoast-schema-graph\">{\"@context\":\"https:\/\/schema.org\",\"@graph\":[{\"@type\":\"WebPage\",\"@id\":\"https:\/\/www.miomiorun.com\/de\/produkt\/spin\/\",\"url\":\"https:\/\/www.miomiorun.com\/de\/produkt\/spin\/\",\"name\":\"Leki Spin - Running Stick - MioMioRun.com\",\"isPartOf\":{\"@id\":\"https:\/\/www.miomiorun.com\/de\/#website\"},\"primaryImageOfPage\":{\"@id\":\"https:\/\/www.miomiorun.com\/de\/produkt\/spin\/#primaryimage\"},\"image\":{\"@id\":\"https:\/\/www.miomiorun.com\/de\/produkt\/spin\/#primaryimage\"},\"thumbnailUrl\":\"https:\/\/www.miomiorun.com\/app\/uploads\/2023\/05\/leki-spin-black-silvergrey-white-65326161.jpg\",\"datePublished\":\"2023-05-09T12:18:32+00:00\",\"dateModified\":\"2025-02-26T09:33:56+00:00\",\"description\":\"Das bew\u00e4hrte Trigger 1 System und das Super Lock Verstellsystem \u00fcberzeugen durch ihre solide Technik. Die Spitze ist aus Hartmetall gefertigt.\",\"breadcrumb\":{\"@id\":\"https:\/\/www.miomiorun.com\/de\/produkt\/spin\/#breadcrumb\"},\"inLanguage\":\"de-DE\",\"potentialAction\":[{\"@type\":\"ReadAction\",\"target\":[\"https:\/\/www.miomiorun.com\/de\/produkt\/spin\/\"]}]},{\"@type\":\"ImageObject\",\"inLanguage\":\"de-DE\",\"@id\":\"https:\/\/www.miomiorun.com\/de\/produkt\/spin\/#primaryimage\",\"url\":\"https:\/\/www.miomiorun.com\/app\/uploads\/2023\/05\/leki-spin-black-silvergrey-white-65326161.jpg\",\"contentUrl\":\"https:\/\/www.miomiorun.com\/app\/uploads\/2023\/05\/leki-spin-black-silvergrey-white-65326161.jpg\",\"width\":600,\"height\":600,\"caption\":\"leki-spin-black-silvergrey-white-65326161\"},{\"@type\":\"BreadcrumbList\",\"@id\":\"https:\/\/www.miomiorun.com\/de\/produkt\/spin\/#breadcrumb\",\"itemListElement\":[{\"@type\":\"ListItem\",\"position\":1,\"name\":\"Home\",\"item\":\"https:\/\/www.miomiorun.com\/de\/\"},{\"@type\":\"ListItem\",\"position\":2,\"name\":\"Shop\",\"item\":\"https:\/\/www.miomiorun.com\/shop\/\"},{\"@type\":\"ListItem\",\"position\":3,\"name\":\"Spin\"}]},{\"@type\":\"WebSite\",\"@id\":\"https:\/\/www.miomiorun.com\/de\/#website\",\"url\":\"https:\/\/www.miomiorun.com\/de\/\",\"name\":\"MioMioRun\",\"description\":\"100% Lauf- und Trailshop\",\"publisher\":{\"@id\":\"https:\/\/www.miomiorun.com\/de\/#organization\"},\"potentialAction\":[{\"@type\":\"SearchAction\",\"target\":{\"@type\":\"EntryPoint\",\"urlTemplate\":\"https:\/\/www.miomiorun.com\/de\/?s={search_term_string}\"},\"query-input\":{\"@type\":\"PropertyValueSpecification\",\"valueRequired\":true,\"valueName\":\"search_term_string\"}}],\"inLanguage\":\"de-DE\"},{\"@type\":\"Organization\",\"@id\":\"https:\/\/www.miomiorun.com\/de\/#organization\",\"name\":\"MioMio Run\",\"url\":\"https:\/\/www.miomiorun.com\/de\/\",\"logo\":{\"@type\":\"ImageObject\",\"inLanguage\":\"de-DE\",\"@id\":\"https:\/\/www.miomiorun.com\/de\/#\/schema\/logo\/image\/\",\"url\":\"https:\/\/www.miomiorun.com\/app\/uploads\/2019\/12\/logomio.png\",\"contentUrl\":\"https:\/\/www.miomiorun.com\/app\/uploads\/2019\/12\/logomio.png\",\"width\":115,\"height\":82,\"caption\":\"MioMio Run\"},\"image\":{\"@id\":\"https:\/\/www.miomiorun.com\/de\/#\/schema\/logo\/image\/\"},\"sameAs\":[\"https:\/\/www.facebook.com\/miomiorun\/\",\"https:\/\/www.instagram.com\/miomiorun\/\"]}]}<\/script>\n<!-- \/ Yoast SEO plugin. -->","yoast_head_json":{"title":"Leki Spin - Running Stick - MioMioRun.com","description":"Das bew\u00e4hrte Trigger 1 System und das Super Lock Verstellsystem \u00fcberzeugen durch ihre solide Technik. Die Spitze ist aus Hartmetall gefertigt.","robots":{"index":"index","follow":"follow","max-snippet":"max-snippet:-1","max-image-preview":"max-image-preview:large","max-video-preview":"max-video-preview:-1"},"canonical":"https:\/\/www.miomiorun.com\/de\/produkt\/spin\/","og_locale":"de_DE","og_type":"article","og_title":"Leki Spin - Running Stick - MioMioRun.com","og_description":"Das bew\u00e4hrte Trigger 1 System und das Super Lock Verstellsystem \u00fcberzeugen durch ihre solide Technik. Die Spitze ist aus Hartmetall gefertigt.","og_url":"https:\/\/www.miomiorun.com\/de\/produkt\/spin\/","og_site_name":"MioMioRun","article_publisher":"https:\/\/www.facebook.com\/miomiorun\/","article_modified_time":"2025-02-26T09:33:56+00:00","og_image":[{"width":600,"height":600,"url":"https:\/\/www.miomiorun.com\/app\/uploads\/2023\/05\/leki-spin-black-silvergrey-white-65326161.jpg","type":"image\/jpeg"}],"twitter_card":"summary_large_image","twitter_misc":{"Est. reading time":"1 minute"},"schema":{"@context":"https:\/\/schema.org","@graph":[{"@type":"WebPage","@id":"https:\/\/www.miomiorun.com\/de\/produkt\/spin\/","url":"https:\/\/www.miomiorun.com\/de\/produkt\/spin\/","name":"Leki Spin - Running Stick - MioMioRun.com","isPartOf":{"@id":"https:\/\/www.miomiorun.com\/de\/#website"},"primaryImageOfPage":{"@id":"https:\/\/www.miomiorun.com\/de\/produkt\/spin\/#primaryimage"},"image":{"@id":"https:\/\/www.miomiorun.com\/de\/produkt\/spin\/#primaryimage"},"thumbnailUrl":"https:\/\/www.miomiorun.com\/app\/uploads\/2023\/05\/leki-spin-black-silvergrey-white-65326161.jpg","datePublished":"2023-05-09T12:18:32+00:00","dateModified":"2025-02-26T09:33:56+00:00","description":"Das bew\u00e4hrte Trigger 1 System und das Super Lock Verstellsystem \u00fcberzeugen durch ihre solide Technik. Die Spitze ist aus Hartmetall gefertigt.","breadcrumb":{"@id":"https:\/\/www.miomiorun.com\/de\/produkt\/spin\/#breadcrumb"},"inLanguage":"de-DE","potentialAction":[{"@type":"ReadAction","target":["https:\/\/www.miomiorun.com\/de\/produkt\/spin\/"]}]},{"@type":"ImageObject","inLanguage":"de-DE","@id":"https:\/\/www.miomiorun.com\/de\/produkt\/spin\/#primaryimage","url":"https:\/\/www.miomiorun.com\/app\/uploads\/2023\/05\/leki-spin-black-silvergrey-white-65326161.jpg","contentUrl":"https:\/\/www.miomiorun.com\/app\/uploads\/2023\/05\/leki-spin-black-silvergrey-white-65326161.jpg","width":600,"height":600,"caption":"leki-spin-black-silvergrey-white-65326161"},{"@type":"BreadcrumbList","@id":"https:\/\/www.miomiorun.com\/de\/produkt\/spin\/#breadcrumb","itemListElement":[{"@type":"ListItem","position":1,"name":"Home","item":"https:\/\/www.miomiorun.com\/de\/"},{"@type":"ListItem","position":2,"name":"Shop","item":"https:\/\/www.miomiorun.com\/shop\/"},{"@type":"ListItem","position":3,"name":"Spin"}]},{"@type":"WebSite","@id":"https:\/\/www.miomiorun.com\/de\/#website","url":"https:\/\/www.miomiorun.com\/de\/","name":"MioMioRun","description":"100% Lauf- und Trailshop","publisher":{"@id":"https:\/\/www.miomiorun.com\/de\/#organization"},"potentialAction":[{"@type":"SearchAction","target":{"@type":"EntryPoint","urlTemplate":"https:\/\/www.miomiorun.com\/de\/?s={search_term_string}"},"query-input":{"@type":"PropertyValueSpecification","valueRequired":true,"valueName":"search_term_string"}}],"inLanguage":"de-DE"},{"@type":"Organization","@id":"https:\/\/www.miomiorun.com\/de\/#organization","name":"MioMio Run","url":"https:\/\/www.miomiorun.com\/de\/","logo":{"@type":"ImageObject","inLanguage":"de-DE","@id":"https:\/\/www.miomiorun.com\/de\/#\/schema\/logo\/image\/","url":"https:\/\/www.miomiorun.com\/app\/uploads\/2019\/12\/logomio.png","contentUrl":"https:\/\/www.miomiorun.com\/app\/uploads\/2019\/12\/logomio.png","width":115,"height":82,"caption":"MioMio Run"},"image":{"@id":"https:\/\/www.miomiorun.com\/de\/#\/schema\/logo\/image\/"},"sameAs":["https:\/\/www.facebook.com\/miomiorun\/","https:\/\/www.instagram.com\/miomiorun\/"]}]}},"_links":{"self":[{"href":"https:\/\/www.miomiorun.com\/de\/wp-json\/wp\/v2\/product\/172495","targetHints":{"allow":["GET"]}}],"collection":[{"href":"https:\/\/www.miomiorun.com\/de\/wp-json\/wp\/v2\/product"}],"about":[{"href":"https:\/\/www.miomiorun.com\/de\/wp-json\/wp\/v2\/types\/product"}],"wp:featuredmedia":[{"embeddable":true,"href":"https:\/\/www.miomiorun.com\/de\/wp-json\/wp\/v2\/media\/129862"}],"wp:attachment":[{"href":"https:\/\/www.miomiorun.com\/de\/wp-json\/wp\/v2\/media?parent=172495"}],"wp:term":[{"taxonomy":"product_brand","embeddable":true,"href":"https:\/\/www.miomiorun.com\/de\/wp-json\/wp\/v2\/product_brand?post=172495"},{"taxonomy":"product_cat","embeddable":true,"href":"https:\/\/www.miomiorun.com\/de\/wp-json\/wp\/v2\/product_cat?post=172495"},{"taxonomy":"product_tag","embeddable":true,"href":"https:\/\/www.miomiorun.com\/de\/wp-json\/wp\/v2\/product_tag?post=172495"}],"curies":[{"name":"wp","href":"https:\/\/api.w.org\/{rel}","templated":true}]}}