{"id":172492,"date":"2023-06-24T17:01:40","date_gmt":"2023-06-24T15:01:40","guid":{"rendered":"https:\/\/miomiorun.com\/prodotto\/leki-spin-shark-sl-2\/"},"modified":"2025-02-26T10:34:42","modified_gmt":"2025-02-26T09:34:42","slug":"leki-spin-shark-sl-2","status":"publish","type":"product","link":"https:\/\/www.miomiorun.com\/de\/produkt\/leki-spin-shark-sl-2\/","title":{"rendered":"Leki Spin Shark SL"},"content":{"rendered":"<p>Dieser zweiteilige Nordic-Walking-Stock aus geh\u00e4rtetem HTS 5.5 Aluminium unterst\u00fctzt Sie auf jedem Terrain. Der zweiteilige Korkgriff, kombiniert mit dem Trigger Shark 2.0 und der atmungsaktiven Mesh-Schlaufe, garantiert eine perfekte Verbindung zum Stock. Die Schlaufe kann im Handumdrehen vom Griff abgenommen werden. Dank des Speed Lock+ Verstellsystems ist er leicht zwischen 100 und 130 cm verstellbar.<\/p>\n<p><img loading=\"lazy\" decoding=\"async\" class=\"\" src=\"https:\/\/res.cloudinary.com\/leki-lenhart-gmbh\/iu\/c_fit,h_840,w_600\/f_auto\/q_auto\/media\/d7\/57\/d9\/1643288579\/Shark%20System%20Schwarz_Logo?_a=AAAH2AI\" width=\"411\" height=\"24\" data-src=\"https:\/\/res.cloudinary.com\/leki-lenhart-gmbh\/iu\/c_fit,h_840,w_600\/f_auto\/q_auto\/media\/d7\/57\/d9\/1643288579\/Shark%20System%20Schwarz_Logo?_a=AAAH2AI\" \/><\/p>\n<p>Das Shark-System bietet eine optimale Kraft\u00fcbertragung, da es die Hand in direkte Verbindung mit dem Stock bringt. Es erm\u00f6glicht das schnelle Anbringen und L\u00f6sen des Griffs. Alle Shark Schlaufen und Handschuhe sind mit Shark St\u00f6cken kompatibel.<\/p>\n<h3>Hai 2.0<\/h3>\n<p>Vielseitiger Griff f\u00fcr eine Vielzahl von sportlichen Aktivit\u00e4ten. Bietet perfekte Kraft\u00fcbertragung und einfache Handhabung. Ideal f\u00fcr Skilanglauf und Nordic Walking. Aber auch beim Skirollen und Trailrunning hat sich dieser Allrounder bew\u00e4hrt.<\/p>\n<h3>Shark Power Strap<\/h3>\n<p>Perfekt geschnittener und individuell einstellbarer Nordic Walking Gurt.<\/p>\n<h3>Aluminium<\/h3>\n<p>Aluminium HTS (W\u00e4rmebehandelter Schaft) 5.5<\/p>\n<h3>Speed Lock Plus<\/h3>\n<p>Das Verstellsystem funktioniert wie eine externe Klemme, die eine einfache Einstellung erm\u00f6glicht und eine maximale Haltekraft gew\u00e4hrleistet.<\/p>\n<h3>Nordic Washer<\/h3>\n<p>Kompakte Platte f\u00fcr Nordic Walking. Sch\u00fctzt vor dem Einsinken in nassem Gel\u00e4nde und kann leicht von Hand ausgewechselt werden.<\/p>\n<h3>Flex-Spitze<\/h3>\n<p>Robuste Spitze f\u00fcr pr\u00e4zises Stockhandling und perfekten Grip auf fast allen Untergr\u00fcnden.<\/p>\n<h3>Powergrip-Pad<\/h3>\n<p>Das Powergrip Pad aus vulkanisiertem Material sorgt f\u00fcr optimalen Halt auf befestigten Wegen und Stra\u00dfen.<\/p>\n<h3>Eigenschaften<\/h3>\n<table class=\"table product-detail-properties-table\">\n<tbody>\n<tr class=\"properties-row\">\n<th class=\"properties-label\">Aktivit\u00e4ten:<\/th>\n<td class=\"properties-value\">Nordic Walking<\/td>\n<\/tr>\n<tr class=\"properties-row\">\n<th class=\"properties-label\">Altersgruppe<\/th>\n<td class=\"properties-value\">Erwachsene<\/td>\n<\/tr>\n<tr class=\"properties-row\">\n<th class=\"properties-label\">Geschlecht:<\/th>\n<td class=\"properties-value\">Unisex<\/td>\n<\/tr>\n<tr class=\"properties-row\">\n<th class=\"properties-label\">Gr\u00f6\u00dfenbereich:<\/th>\n<td class=\"properties-value\">Kein Gr\u00f6\u00dfenbereich<\/td>\n<\/tr>\n<tr class=\"properties-row\">\n<th class=\"properties-label\">Konstruktion:<\/th>\n<td class=\"properties-value\">Vario (stufenlos einstellbar)<\/td>\n<\/tr>\n<tr class=\"properties-row\">\n<th class=\"properties-label\">Packma\u00df:<\/th>\n<td class=\"properties-value\">96 cm<\/td>\n<\/tr>\n<tr class=\"properties-row\">\n<th class=\"properties-label\">Gewicht:<\/th>\n<td class=\"properties-value\">208 g<\/td>\n<\/tr>\n<tr class=\"properties-row\">\n<th class=\"properties-label\">Durchmesser:<\/th>\n<td class=\"properties-value\">16|14 mm<\/td>\n<\/tr>\n<tr class=\"properties-row\">\n<th class=\"properties-label\">Handgriff-System:<\/th>\n<td class=\"properties-value\">Shark-System<\/td>\n<\/tr>\n<tr class=\"properties-row\">\n<th class=\"properties-label\">Geometrie des Rohres:<\/th>\n<td class=\"properties-value\">Ohne Profil<\/td>\n<\/tr>\n<tr class=\"properties-row\">\n<th class=\"properties-label\">Rohrform:<\/th>\n<td class=\"properties-value\">Zylindrisch<\/td>\n<\/tr>\n<tr class=\"properties-row\">\n<th class=\"properties-label\">Griffe:<\/th>\n<td class=\"properties-value\">Hai 2.0<\/td>\n<\/tr>\n<tr class=\"properties-row\">\n<th class=\"properties-label\">Riemen:<\/th>\n<td class=\"properties-value\">Shark Power Trigger Strap<\/td>\n<\/tr>\n<tr class=\"properties-row\">\n<th class=\"properties-label\">Material Rohr:<\/th>\n<td class=\"properties-value\">Aluminium (HTS 5.5)<\/td>\n<\/tr>\n<tr class=\"properties-row\">\n<th class=\"properties-label\">Oberer Teil des Rohrs:<\/th>\n<td class=\"properties-value\">Aluminium<\/td>\n<\/tr>\n<tr class=\"properties-row\">\n<th class=\"properties-label\">Unterer Teil des Rohrs:<\/th>\n<td class=\"properties-value\">Aluminium<\/td>\n<\/tr>\n<tr class=\"properties-row\">\n<th class=\"properties-label\">Verstellsystem<\/th>\n<td class=\"properties-value\">Speed Lock plus<\/td>\n<\/tr>\n<tr class=\"properties-row\">\n<th class=\"properties-label\">Waschmaschine:<\/th>\n<td class=\"properties-value\">Nordic<\/td>\n<\/tr>\n<tr class=\"properties-row\">\n<th class=\"properties-label\">Spitze:<\/th>\n<td class=\"properties-value\">Flex-Spitze<\/td>\n<\/tr>\n<tr class=\"properties-row\">\n<th class=\"properties-label\">Gr\u00f6\u00dfe der Spitze:<\/th>\n<td class=\"properties-value\">Kurz<\/td>\n<\/tr>\n<tr class=\"properties-row\">\n<th class=\"properties-label\">Gummi-Pad:<\/th>\n<td class=\"properties-value\">Powergrip-Pad<\/td>\n<\/tr>\n<\/tbody>\n<\/table>\n","protected":false},"excerpt":{"rendered":"<p>Dieser zweiteilige Nordic-Walking-Stock aus geh\u00e4rtetem HTS 5.5 Aluminium unterst\u00fctzt Sie auf jedem Terrain. Der zweiteilige Korkgriff, kombiniert mit dem Trigger Shark 2.0 und der atmungsaktiven Mesh-Schlaufe, garantiert eine perfekte Verbindung zum Stock. Die Schlaufe kann im Handumdrehen vom Griff abgenommen werden. Dank des Speed Lock+ Verstellsystems ist er leicht zwischen 100 und 130 cm verstellbar. &hellip; <a href=\"https:\/\/www.miomiorun.com\/de\/produkt\/leki-spin-shark-sl-2\/\">Continued<\/a><\/p>\n","protected":false},"featured_media":129880,"template":"","meta":{"_acf_changed":false,"inline_featured_image":false},"product_brand":[],"product_cat":[6344],"product_tag":[6250],"class_list":{"0":"post-172492","1":"product","2":"type-product","3":"status-publish","4":"has-post-thumbnail","6":"product_cat-stocke-de","7":"product_tag-leki-de","8":"pa_attivita-gehen","9":"pa_attivita-outdoor-de","10":"pa_marca-leki-de","11":"pa_sesso-damen","12":"pa_sesso-herren","14":"first","15":"instock","16":"sale","17":"taxable","18":"shipping-taxable","19":"purchasable","20":"product-type-simple"},"acf":[],"yoast_head":"<!-- This site is optimized with the Yoast SEO plugin v26.8 - https:\/\/yoast.com\/product\/yoast-seo-wordpress\/ -->\n<title>Leki Spin Shark SL - Running Stick - MioMioRun.com<\/title>\n<meta name=\"description\" content=\"Dieser zweiteilige Nordic Walking Stock aus geh\u00e4rtetem Aluminium HTS 5.5 unterst\u00fctzt Sie auf jedem Terrain. Er ist leicht verstellbar von 100 bis 130 cm.\" \/>\n<meta name=\"robots\" content=\"index, follow, max-snippet:-1, max-image-preview:large, max-video-preview:-1\" \/>\n<link rel=\"canonical\" href=\"https:\/\/www.miomiorun.com\/de\/produkt\/leki-spin-shark-sl-2\/\" \/>\n<meta property=\"og:locale\" content=\"de_DE\" \/>\n<meta property=\"og:type\" content=\"article\" \/>\n<meta property=\"og:title\" content=\"Leki Spin Shark SL - Running Stick - MioMioRun.com\" \/>\n<meta property=\"og:description\" content=\"Dieser zweiteilige Nordic Walking Stock aus geh\u00e4rtetem Aluminium HTS 5.5 unterst\u00fctzt Sie auf jedem Terrain. Er ist leicht verstellbar von 100 bis 130 cm.\" \/>\n<meta property=\"og:url\" content=\"https:\/\/www.miomiorun.com\/de\/produkt\/leki-spin-shark-sl-2\/\" \/>\n<meta property=\"og:site_name\" content=\"MioMioRun\" \/>\n<meta property=\"article:publisher\" content=\"https:\/\/www.facebook.com\/miomiorun\/\" \/>\n<meta property=\"article:modified_time\" content=\"2025-02-26T09:34:42+00:00\" \/>\n<meta property=\"og:image\" content=\"https:\/\/www.miomiorun.com\/app\/uploads\/2023\/06\/leki-spin-shark-SL-65326142.jpg\" \/>\n\t<meta property=\"og:image:width\" content=\"600\" \/>\n\t<meta property=\"og:image:height\" content=\"600\" \/>\n\t<meta property=\"og:image:type\" content=\"image\/jpeg\" \/>\n<meta name=\"twitter:card\" content=\"summary_large_image\" \/>\n<meta name=\"twitter:label1\" content=\"Est. reading time\" \/>\n\t<meta name=\"twitter:data1\" content=\"1 minute\" \/>\n<script type=\"application\/ld+json\" class=\"yoast-schema-graph\">{\"@context\":\"https:\/\/schema.org\",\"@graph\":[{\"@type\":\"WebPage\",\"@id\":\"https:\/\/www.miomiorun.com\/de\/produkt\/leki-spin-shark-sl-2\/\",\"url\":\"https:\/\/www.miomiorun.com\/de\/produkt\/leki-spin-shark-sl-2\/\",\"name\":\"Leki Spin Shark SL - Running Stick - MioMioRun.com\",\"isPartOf\":{\"@id\":\"https:\/\/www.miomiorun.com\/de\/#website\"},\"primaryImageOfPage\":{\"@id\":\"https:\/\/www.miomiorun.com\/de\/produkt\/leki-spin-shark-sl-2\/#primaryimage\"},\"image\":{\"@id\":\"https:\/\/www.miomiorun.com\/de\/produkt\/leki-spin-shark-sl-2\/#primaryimage\"},\"thumbnailUrl\":\"https:\/\/www.miomiorun.com\/app\/uploads\/2023\/06\/leki-spin-shark-SL-65326142.jpg\",\"datePublished\":\"2023-06-24T15:01:40+00:00\",\"dateModified\":\"2025-02-26T09:34:42+00:00\",\"description\":\"Dieser zweiteilige Nordic Walking Stock aus geh\u00e4rtetem Aluminium HTS 5.5 unterst\u00fctzt Sie auf jedem Terrain. Er ist leicht verstellbar von 100 bis 130 cm.\",\"breadcrumb\":{\"@id\":\"https:\/\/www.miomiorun.com\/de\/produkt\/leki-spin-shark-sl-2\/#breadcrumb\"},\"inLanguage\":\"de-DE\",\"potentialAction\":[{\"@type\":\"ReadAction\",\"target\":[\"https:\/\/www.miomiorun.com\/de\/produkt\/leki-spin-shark-sl-2\/\"]}]},{\"@type\":\"ImageObject\",\"inLanguage\":\"de-DE\",\"@id\":\"https:\/\/www.miomiorun.com\/de\/produkt\/leki-spin-shark-sl-2\/#primaryimage\",\"url\":\"https:\/\/www.miomiorun.com\/app\/uploads\/2023\/06\/leki-spin-shark-SL-65326142.jpg\",\"contentUrl\":\"https:\/\/www.miomiorun.com\/app\/uploads\/2023\/06\/leki-spin-shark-SL-65326142.jpg\",\"width\":600,\"height\":600,\"caption\":\"leki-spin-shark-SL-65326142\"},{\"@type\":\"BreadcrumbList\",\"@id\":\"https:\/\/www.miomiorun.com\/de\/produkt\/leki-spin-shark-sl-2\/#breadcrumb\",\"itemListElement\":[{\"@type\":\"ListItem\",\"position\":1,\"name\":\"Home\",\"item\":\"https:\/\/www.miomiorun.com\/de\/\"},{\"@type\":\"ListItem\",\"position\":2,\"name\":\"Shop\",\"item\":\"https:\/\/www.miomiorun.com\/shop\/\"},{\"@type\":\"ListItem\",\"position\":3,\"name\":\"Leki Spin Shark SL\"}]},{\"@type\":\"WebSite\",\"@id\":\"https:\/\/www.miomiorun.com\/de\/#website\",\"url\":\"https:\/\/www.miomiorun.com\/de\/\",\"name\":\"MioMioRun\",\"description\":\"100% Lauf- und Trailshop\",\"publisher\":{\"@id\":\"https:\/\/www.miomiorun.com\/de\/#organization\"},\"potentialAction\":[{\"@type\":\"SearchAction\",\"target\":{\"@type\":\"EntryPoint\",\"urlTemplate\":\"https:\/\/www.miomiorun.com\/de\/?s={search_term_string}\"},\"query-input\":{\"@type\":\"PropertyValueSpecification\",\"valueRequired\":true,\"valueName\":\"search_term_string\"}}],\"inLanguage\":\"de-DE\"},{\"@type\":\"Organization\",\"@id\":\"https:\/\/www.miomiorun.com\/de\/#organization\",\"name\":\"MioMio Run\",\"url\":\"https:\/\/www.miomiorun.com\/de\/\",\"logo\":{\"@type\":\"ImageObject\",\"inLanguage\":\"de-DE\",\"@id\":\"https:\/\/www.miomiorun.com\/de\/#\/schema\/logo\/image\/\",\"url\":\"https:\/\/www.miomiorun.com\/app\/uploads\/2019\/12\/logomio.png\",\"contentUrl\":\"https:\/\/www.miomiorun.com\/app\/uploads\/2019\/12\/logomio.png\",\"width\":115,\"height\":82,\"caption\":\"MioMio Run\"},\"image\":{\"@id\":\"https:\/\/www.miomiorun.com\/de\/#\/schema\/logo\/image\/\"},\"sameAs\":[\"https:\/\/www.facebook.com\/miomiorun\/\",\"https:\/\/www.instagram.com\/miomiorun\/\"]}]}<\/script>\n<!-- \/ Yoast SEO plugin. -->","yoast_head_json":{"title":"Leki Spin Shark SL - Running Stick - MioMioRun.com","description":"Dieser zweiteilige Nordic Walking Stock aus geh\u00e4rtetem Aluminium HTS 5.5 unterst\u00fctzt Sie auf jedem Terrain. Er ist leicht verstellbar von 100 bis 130 cm.","robots":{"index":"index","follow":"follow","max-snippet":"max-snippet:-1","max-image-preview":"max-image-preview:large","max-video-preview":"max-video-preview:-1"},"canonical":"https:\/\/www.miomiorun.com\/de\/produkt\/leki-spin-shark-sl-2\/","og_locale":"de_DE","og_type":"article","og_title":"Leki Spin Shark SL - Running Stick - MioMioRun.com","og_description":"Dieser zweiteilige Nordic Walking Stock aus geh\u00e4rtetem Aluminium HTS 5.5 unterst\u00fctzt Sie auf jedem Terrain. Er ist leicht verstellbar von 100 bis 130 cm.","og_url":"https:\/\/www.miomiorun.com\/de\/produkt\/leki-spin-shark-sl-2\/","og_site_name":"MioMioRun","article_publisher":"https:\/\/www.facebook.com\/miomiorun\/","article_modified_time":"2025-02-26T09:34:42+00:00","og_image":[{"width":600,"height":600,"url":"https:\/\/www.miomiorun.com\/app\/uploads\/2023\/06\/leki-spin-shark-SL-65326142.jpg","type":"image\/jpeg"}],"twitter_card":"summary_large_image","twitter_misc":{"Est. reading time":"1 minute"},"schema":{"@context":"https:\/\/schema.org","@graph":[{"@type":"WebPage","@id":"https:\/\/www.miomiorun.com\/de\/produkt\/leki-spin-shark-sl-2\/","url":"https:\/\/www.miomiorun.com\/de\/produkt\/leki-spin-shark-sl-2\/","name":"Leki Spin Shark SL - Running Stick - MioMioRun.com","isPartOf":{"@id":"https:\/\/www.miomiorun.com\/de\/#website"},"primaryImageOfPage":{"@id":"https:\/\/www.miomiorun.com\/de\/produkt\/leki-spin-shark-sl-2\/#primaryimage"},"image":{"@id":"https:\/\/www.miomiorun.com\/de\/produkt\/leki-spin-shark-sl-2\/#primaryimage"},"thumbnailUrl":"https:\/\/www.miomiorun.com\/app\/uploads\/2023\/06\/leki-spin-shark-SL-65326142.jpg","datePublished":"2023-06-24T15:01:40+00:00","dateModified":"2025-02-26T09:34:42+00:00","description":"Dieser zweiteilige Nordic Walking Stock aus geh\u00e4rtetem Aluminium HTS 5.5 unterst\u00fctzt Sie auf jedem Terrain. Er ist leicht verstellbar von 100 bis 130 cm.","breadcrumb":{"@id":"https:\/\/www.miomiorun.com\/de\/produkt\/leki-spin-shark-sl-2\/#breadcrumb"},"inLanguage":"de-DE","potentialAction":[{"@type":"ReadAction","target":["https:\/\/www.miomiorun.com\/de\/produkt\/leki-spin-shark-sl-2\/"]}]},{"@type":"ImageObject","inLanguage":"de-DE","@id":"https:\/\/www.miomiorun.com\/de\/produkt\/leki-spin-shark-sl-2\/#primaryimage","url":"https:\/\/www.miomiorun.com\/app\/uploads\/2023\/06\/leki-spin-shark-SL-65326142.jpg","contentUrl":"https:\/\/www.miomiorun.com\/app\/uploads\/2023\/06\/leki-spin-shark-SL-65326142.jpg","width":600,"height":600,"caption":"leki-spin-shark-SL-65326142"},{"@type":"BreadcrumbList","@id":"https:\/\/www.miomiorun.com\/de\/produkt\/leki-spin-shark-sl-2\/#breadcrumb","itemListElement":[{"@type":"ListItem","position":1,"name":"Home","item":"https:\/\/www.miomiorun.com\/de\/"},{"@type":"ListItem","position":2,"name":"Shop","item":"https:\/\/www.miomiorun.com\/shop\/"},{"@type":"ListItem","position":3,"name":"Leki Spin Shark SL"}]},{"@type":"WebSite","@id":"https:\/\/www.miomiorun.com\/de\/#website","url":"https:\/\/www.miomiorun.com\/de\/","name":"MioMioRun","description":"100% Lauf- und Trailshop","publisher":{"@id":"https:\/\/www.miomiorun.com\/de\/#organization"},"potentialAction":[{"@type":"SearchAction","target":{"@type":"EntryPoint","urlTemplate":"https:\/\/www.miomiorun.com\/de\/?s={search_term_string}"},"query-input":{"@type":"PropertyValueSpecification","valueRequired":true,"valueName":"search_term_string"}}],"inLanguage":"de-DE"},{"@type":"Organization","@id":"https:\/\/www.miomiorun.com\/de\/#organization","name":"MioMio Run","url":"https:\/\/www.miomiorun.com\/de\/","logo":{"@type":"ImageObject","inLanguage":"de-DE","@id":"https:\/\/www.miomiorun.com\/de\/#\/schema\/logo\/image\/","url":"https:\/\/www.miomiorun.com\/app\/uploads\/2019\/12\/logomio.png","contentUrl":"https:\/\/www.miomiorun.com\/app\/uploads\/2019\/12\/logomio.png","width":115,"height":82,"caption":"MioMio Run"},"image":{"@id":"https:\/\/www.miomiorun.com\/de\/#\/schema\/logo\/image\/"},"sameAs":["https:\/\/www.facebook.com\/miomiorun\/","https:\/\/www.instagram.com\/miomiorun\/"]}]}},"_links":{"self":[{"href":"https:\/\/www.miomiorun.com\/de\/wp-json\/wp\/v2\/product\/172492","targetHints":{"allow":["GET"]}}],"collection":[{"href":"https:\/\/www.miomiorun.com\/de\/wp-json\/wp\/v2\/product"}],"about":[{"href":"https:\/\/www.miomiorun.com\/de\/wp-json\/wp\/v2\/types\/product"}],"wp:featuredmedia":[{"embeddable":true,"href":"https:\/\/www.miomiorun.com\/de\/wp-json\/wp\/v2\/media\/129880"}],"wp:attachment":[{"href":"https:\/\/www.miomiorun.com\/de\/wp-json\/wp\/v2\/media?parent=172492"}],"wp:term":[{"taxonomy":"product_brand","embeddable":true,"href":"https:\/\/www.miomiorun.com\/de\/wp-json\/wp\/v2\/product_brand?post=172492"},{"taxonomy":"product_cat","embeddable":true,"href":"https:\/\/www.miomiorun.com\/de\/wp-json\/wp\/v2\/product_cat?post=172492"},{"taxonomy":"product_tag","embeddable":true,"href":"https:\/\/www.miomiorun.com\/de\/wp-json\/wp\/v2\/product_tag?post=172492"}],"curies":[{"name":"wp","href":"https:\/\/api.w.org\/{rel}","templated":true}]}}