{"id":172461,"date":"2019-12-22T22:50:53","date_gmt":"2019-12-22T21:50:53","guid":{"rendered":"https:\/\/miomiorun.com\/prodotto\/run-laces-reflective\/"},"modified":"2024-05-29T09:49:41","modified_gmt":"2024-05-29T07:49:41","slug":"run-laces-reflective","status":"publish","type":"product","link":"https:\/\/www.miomiorun.com\/de\/produkt\/run-laces-reflective\/","title":{"rendered":"Run Laces Reflective"},"content":{"rendered":"<p>F\u00fcgen Sie Ihren Schuhen mit den Nathan Run Laces Reflective, den reflektierenden Schn\u00fcrsenkeln von Nathan, Farbe hinzu! Ideal f\u00fcr L\u00e4ufer, Wanderer, Triathleten, Kinder und Senioren. Das exklusive Befestigungssystem h\u00e4lt die Schn\u00fcrsenkel sicher und fest. Die reflektierenden Details sorgen f\u00fcr eine bessere Sichtbarkeit bei Nacht. Die Anpassung ist schnell und einfach.<\/p>\n","protected":false},"excerpt":{"rendered":"<p><span style=\"font-weight: 400;\">F\u00fcgen Sie Ihren Schuhen mit diesen reflektierenden Schn\u00fcrsenkeln Farbe hinzu!<\/span><\/p>\n","protected":false},"featured_media":50664,"template":"","meta":{"_acf_changed":false,"inline_featured_image":false},"product_brand":[],"product_cat":[6342,6366],"product_tag":[3383],"class_list":{"0":"post-172461","1":"product","2":"type-product","3":"status-publish","4":"has-post-thumbnail","6":"product_cat-zubehoer","7":"product_cat-schnuersenkel-de","8":"product_tag-nathan-de","9":"pa_attivita-fitness-de","10":"pa_attivita-gehen","11":"pa_attivita-lifestyle-de","12":"pa_attivita-outdoor-de","13":"pa_attivita-running-de","14":"pa_attivita-trail-de","15":"pa_colore-run-laces-reflective-bianco-de","16":"pa_colore-run-laces-reflective-blu-de","17":"pa_colore-run-laces-reflective-giallo-de","18":"pa_colore-run-laces-reflective-nero-de","19":"pa_colore-run-laces-reflective-rosa-de","20":"pa_marca-nathan-de","21":"pa_sesso-damen","22":"pa_sesso-herren","24":"first","25":"instock","26":"sale","27":"taxable","28":"shipping-taxable","29":"purchasable","30":"product-type-variable","31":"wvs-archive-product-wrapper"},"acf":[],"yoast_head":"<!-- This site is optimized with the Yoast SEO plugin v26.8 - https:\/\/yoast.com\/product\/yoast-seo-wordpress\/ -->\n<title>Nathan Run Laces Reflective - Laufschuh-Schn\u00fcrsenkel - MioMioRun<\/title>\n<meta name=\"description\" content=\"F\u00fcgen Sie Ihren Schuhen mit den Nathan Run Laces Reflective Farbe hinzu! Ideal f\u00fcr L\u00e4ufer, Wanderer, Triathleten, Kinder und Senioren.\" \/>\n<meta name=\"robots\" content=\"index, follow, max-snippet:-1, max-image-preview:large, max-video-preview:-1\" \/>\n<link rel=\"canonical\" href=\"https:\/\/www.miomiorun.com\/de\/produkt\/run-laces-reflective\/\" \/>\n<meta property=\"og:locale\" content=\"de_DE\" \/>\n<meta property=\"og:type\" content=\"article\" \/>\n<meta property=\"og:title\" content=\"Nathan Run Laces Reflective - Laufschuh-Schn\u00fcrsenkel - MioMioRun\" \/>\n<meta property=\"og:description\" content=\"F\u00fcgen Sie Ihren Schuhen mit den Nathan Run Laces Reflective Farbe hinzu! Ideal f\u00fcr L\u00e4ufer, Wanderer, Triathleten, Kinder und Senioren.\" \/>\n<meta property=\"og:url\" content=\"https:\/\/www.miomiorun.com\/de\/produkt\/run-laces-reflective\/\" \/>\n<meta property=\"og:site_name\" content=\"MioMioRun\" \/>\n<meta property=\"article:publisher\" content=\"https:\/\/www.facebook.com\/miomiorun\/\" \/>\n<meta property=\"article:modified_time\" content=\"2024-05-29T07:49:41+00:00\" \/>\n<meta property=\"og:image\" content=\"https:\/\/www.miomiorun.com\/app\/uploads\/2019\/12\/Run-laces-reflective-nero.jpg\" \/>\n\t<meta property=\"og:image:width\" content=\"600\" \/>\n\t<meta property=\"og:image:height\" content=\"600\" \/>\n\t<meta property=\"og:image:type\" content=\"image\/jpeg\" \/>\n<meta name=\"twitter:card\" content=\"summary_large_image\" \/>\n<script type=\"application\/ld+json\" class=\"yoast-schema-graph\">{\"@context\":\"https:\/\/schema.org\",\"@graph\":[{\"@type\":\"WebPage\",\"@id\":\"https:\/\/www.miomiorun.com\/de\/produkt\/run-laces-reflective\/\",\"url\":\"https:\/\/www.miomiorun.com\/de\/produkt\/run-laces-reflective\/\",\"name\":\"Nathan Run Laces Reflective - Laufschuh-Schn\u00fcrsenkel - MioMioRun\",\"isPartOf\":{\"@id\":\"https:\/\/www.miomiorun.com\/de\/#website\"},\"primaryImageOfPage\":{\"@id\":\"https:\/\/www.miomiorun.com\/de\/produkt\/run-laces-reflective\/#primaryimage\"},\"image\":{\"@id\":\"https:\/\/www.miomiorun.com\/de\/produkt\/run-laces-reflective\/#primaryimage\"},\"thumbnailUrl\":\"https:\/\/www.miomiorun.com\/app\/uploads\/2019\/12\/Run-laces-reflective-nero.jpg\",\"datePublished\":\"2019-12-22T21:50:53+00:00\",\"dateModified\":\"2024-05-29T07:49:41+00:00\",\"description\":\"F\u00fcgen Sie Ihren Schuhen mit den Nathan Run Laces Reflective Farbe hinzu! Ideal f\u00fcr L\u00e4ufer, Wanderer, Triathleten, Kinder und Senioren.\",\"breadcrumb\":{\"@id\":\"https:\/\/www.miomiorun.com\/de\/produkt\/run-laces-reflective\/#breadcrumb\"},\"inLanguage\":\"de-DE\",\"potentialAction\":[{\"@type\":\"ReadAction\",\"target\":[\"https:\/\/www.miomiorun.com\/de\/produkt\/run-laces-reflective\/\"]}]},{\"@type\":\"ImageObject\",\"inLanguage\":\"de-DE\",\"@id\":\"https:\/\/www.miomiorun.com\/de\/produkt\/run-laces-reflective\/#primaryimage\",\"url\":\"https:\/\/www.miomiorun.com\/app\/uploads\/2019\/12\/Run-laces-reflective-nero.jpg\",\"contentUrl\":\"https:\/\/www.miomiorun.com\/app\/uploads\/2019\/12\/Run-laces-reflective-nero.jpg\",\"width\":600,\"height\":600,\"caption\":\"Run-laces-reflective-nero\"},{\"@type\":\"BreadcrumbList\",\"@id\":\"https:\/\/www.miomiorun.com\/de\/produkt\/run-laces-reflective\/#breadcrumb\",\"itemListElement\":[{\"@type\":\"ListItem\",\"position\":1,\"name\":\"Home\",\"item\":\"https:\/\/www.miomiorun.com\/de\/\"},{\"@type\":\"ListItem\",\"position\":2,\"name\":\"Shop\",\"item\":\"https:\/\/www.miomiorun.com\/shop\/\"},{\"@type\":\"ListItem\",\"position\":3,\"name\":\"Run Laces Reflective\"}]},{\"@type\":\"WebSite\",\"@id\":\"https:\/\/www.miomiorun.com\/de\/#website\",\"url\":\"https:\/\/www.miomiorun.com\/de\/\",\"name\":\"MioMioRun\",\"description\":\"100% Lauf- und Trailshop\",\"publisher\":{\"@id\":\"https:\/\/www.miomiorun.com\/de\/#organization\"},\"potentialAction\":[{\"@type\":\"SearchAction\",\"target\":{\"@type\":\"EntryPoint\",\"urlTemplate\":\"https:\/\/www.miomiorun.com\/de\/?s={search_term_string}\"},\"query-input\":{\"@type\":\"PropertyValueSpecification\",\"valueRequired\":true,\"valueName\":\"search_term_string\"}}],\"inLanguage\":\"de-DE\"},{\"@type\":\"Organization\",\"@id\":\"https:\/\/www.miomiorun.com\/de\/#organization\",\"name\":\"MioMio Run\",\"url\":\"https:\/\/www.miomiorun.com\/de\/\",\"logo\":{\"@type\":\"ImageObject\",\"inLanguage\":\"de-DE\",\"@id\":\"https:\/\/www.miomiorun.com\/de\/#\/schema\/logo\/image\/\",\"url\":\"https:\/\/www.miomiorun.com\/app\/uploads\/2019\/12\/logomio.png\",\"contentUrl\":\"https:\/\/www.miomiorun.com\/app\/uploads\/2019\/12\/logomio.png\",\"width\":115,\"height\":82,\"caption\":\"MioMio Run\"},\"image\":{\"@id\":\"https:\/\/www.miomiorun.com\/de\/#\/schema\/logo\/image\/\"},\"sameAs\":[\"https:\/\/www.facebook.com\/miomiorun\/\",\"https:\/\/www.instagram.com\/miomiorun\/\"]}]}<\/script>\n<!-- \/ Yoast SEO plugin. -->","yoast_head_json":{"title":"Nathan Run Laces Reflective - Laufschuh-Schn\u00fcrsenkel - MioMioRun","description":"F\u00fcgen Sie Ihren Schuhen mit den Nathan Run Laces Reflective Farbe hinzu! Ideal f\u00fcr L\u00e4ufer, Wanderer, Triathleten, Kinder und Senioren.","robots":{"index":"index","follow":"follow","max-snippet":"max-snippet:-1","max-image-preview":"max-image-preview:large","max-video-preview":"max-video-preview:-1"},"canonical":"https:\/\/www.miomiorun.com\/de\/produkt\/run-laces-reflective\/","og_locale":"de_DE","og_type":"article","og_title":"Nathan Run Laces Reflective - Laufschuh-Schn\u00fcrsenkel - MioMioRun","og_description":"F\u00fcgen Sie Ihren Schuhen mit den Nathan Run Laces Reflective Farbe hinzu! Ideal f\u00fcr L\u00e4ufer, Wanderer, Triathleten, Kinder und Senioren.","og_url":"https:\/\/www.miomiorun.com\/de\/produkt\/run-laces-reflective\/","og_site_name":"MioMioRun","article_publisher":"https:\/\/www.facebook.com\/miomiorun\/","article_modified_time":"2024-05-29T07:49:41+00:00","og_image":[{"width":600,"height":600,"url":"https:\/\/www.miomiorun.com\/app\/uploads\/2019\/12\/Run-laces-reflective-nero.jpg","type":"image\/jpeg"}],"twitter_card":"summary_large_image","schema":{"@context":"https:\/\/schema.org","@graph":[{"@type":"WebPage","@id":"https:\/\/www.miomiorun.com\/de\/produkt\/run-laces-reflective\/","url":"https:\/\/www.miomiorun.com\/de\/produkt\/run-laces-reflective\/","name":"Nathan Run Laces Reflective - Laufschuh-Schn\u00fcrsenkel - MioMioRun","isPartOf":{"@id":"https:\/\/www.miomiorun.com\/de\/#website"},"primaryImageOfPage":{"@id":"https:\/\/www.miomiorun.com\/de\/produkt\/run-laces-reflective\/#primaryimage"},"image":{"@id":"https:\/\/www.miomiorun.com\/de\/produkt\/run-laces-reflective\/#primaryimage"},"thumbnailUrl":"https:\/\/www.miomiorun.com\/app\/uploads\/2019\/12\/Run-laces-reflective-nero.jpg","datePublished":"2019-12-22T21:50:53+00:00","dateModified":"2024-05-29T07:49:41+00:00","description":"F\u00fcgen Sie Ihren Schuhen mit den Nathan Run Laces Reflective Farbe hinzu! Ideal f\u00fcr L\u00e4ufer, Wanderer, Triathleten, Kinder und Senioren.","breadcrumb":{"@id":"https:\/\/www.miomiorun.com\/de\/produkt\/run-laces-reflective\/#breadcrumb"},"inLanguage":"de-DE","potentialAction":[{"@type":"ReadAction","target":["https:\/\/www.miomiorun.com\/de\/produkt\/run-laces-reflective\/"]}]},{"@type":"ImageObject","inLanguage":"de-DE","@id":"https:\/\/www.miomiorun.com\/de\/produkt\/run-laces-reflective\/#primaryimage","url":"https:\/\/www.miomiorun.com\/app\/uploads\/2019\/12\/Run-laces-reflective-nero.jpg","contentUrl":"https:\/\/www.miomiorun.com\/app\/uploads\/2019\/12\/Run-laces-reflective-nero.jpg","width":600,"height":600,"caption":"Run-laces-reflective-nero"},{"@type":"BreadcrumbList","@id":"https:\/\/www.miomiorun.com\/de\/produkt\/run-laces-reflective\/#breadcrumb","itemListElement":[{"@type":"ListItem","position":1,"name":"Home","item":"https:\/\/www.miomiorun.com\/de\/"},{"@type":"ListItem","position":2,"name":"Shop","item":"https:\/\/www.miomiorun.com\/shop\/"},{"@type":"ListItem","position":3,"name":"Run Laces Reflective"}]},{"@type":"WebSite","@id":"https:\/\/www.miomiorun.com\/de\/#website","url":"https:\/\/www.miomiorun.com\/de\/","name":"MioMioRun","description":"100% Lauf- und Trailshop","publisher":{"@id":"https:\/\/www.miomiorun.com\/de\/#organization"},"potentialAction":[{"@type":"SearchAction","target":{"@type":"EntryPoint","urlTemplate":"https:\/\/www.miomiorun.com\/de\/?s={search_term_string}"},"query-input":{"@type":"PropertyValueSpecification","valueRequired":true,"valueName":"search_term_string"}}],"inLanguage":"de-DE"},{"@type":"Organization","@id":"https:\/\/www.miomiorun.com\/de\/#organization","name":"MioMio Run","url":"https:\/\/www.miomiorun.com\/de\/","logo":{"@type":"ImageObject","inLanguage":"de-DE","@id":"https:\/\/www.miomiorun.com\/de\/#\/schema\/logo\/image\/","url":"https:\/\/www.miomiorun.com\/app\/uploads\/2019\/12\/logomio.png","contentUrl":"https:\/\/www.miomiorun.com\/app\/uploads\/2019\/12\/logomio.png","width":115,"height":82,"caption":"MioMio Run"},"image":{"@id":"https:\/\/www.miomiorun.com\/de\/#\/schema\/logo\/image\/"},"sameAs":["https:\/\/www.facebook.com\/miomiorun\/","https:\/\/www.instagram.com\/miomiorun\/"]}]}},"_links":{"self":[{"href":"https:\/\/www.miomiorun.com\/de\/wp-json\/wp\/v2\/product\/172461","targetHints":{"allow":["GET"]}}],"collection":[{"href":"https:\/\/www.miomiorun.com\/de\/wp-json\/wp\/v2\/product"}],"about":[{"href":"https:\/\/www.miomiorun.com\/de\/wp-json\/wp\/v2\/types\/product"}],"wp:featuredmedia":[{"embeddable":true,"href":"https:\/\/www.miomiorun.com\/de\/wp-json\/wp\/v2\/media\/50664"}],"wp:attachment":[{"href":"https:\/\/www.miomiorun.com\/de\/wp-json\/wp\/v2\/media?parent=172461"}],"wp:term":[{"taxonomy":"product_brand","embeddable":true,"href":"https:\/\/www.miomiorun.com\/de\/wp-json\/wp\/v2\/product_brand?post=172461"},{"taxonomy":"product_cat","embeddable":true,"href":"https:\/\/www.miomiorun.com\/de\/wp-json\/wp\/v2\/product_cat?post=172461"},{"taxonomy":"product_tag","embeddable":true,"href":"https:\/\/www.miomiorun.com\/de\/wp-json\/wp\/v2\/product_tag?post=172461"}],"curies":[{"name":"wp","href":"https:\/\/api.w.org\/{rel}","templated":true}]}}