{"id":172365,"date":"2021-04-28T12:20:29","date_gmt":"2021-04-28T10:20:29","guid":{"rendered":"https:\/\/miomiorun.com\/prodotto\/bliz-matrix-small-nano-optics-nordic-light\/"},"modified":"2025-02-26T10:50:00","modified_gmt":"2025-02-26T09:50:00","slug":"bliz-matrix-small-nano-optics-nordic-light","status":"publish","type":"product","link":"https:\/\/www.miomiorun.com\/de\/produkt\/bliz-matrix-small-nano-optics-nordic-light\/","title":{"rendered":"Matrix small nano optics Nordic Light"},"content":{"rendered":"<p><div class=\"vc-row container\"><div class=\"vc-column\"><div class=\"vc-column-text\">Entfesseln Sie Ihre inneren Kr\u00e4fte mit der Matrix Small. Dieses Modell ist f\u00fcr kleinere Gesichter gemacht und eignet sich perfekt f\u00fcr Radfahren, Skilanglauf und andere Vielseitigkeitssportarten. Ein breites zylindrisches Sichtfeld und eine intelligente Bel\u00fcftung sorgen f\u00fcr bestm\u00f6gliche Sicht.<\/p>\n<p>Matrix Small Nano Optics Nordic Light ist ein Hightech-Glas, das den Kontrast bei schlechten Lichtverh\u00e4ltnissen (Flachlicht) deutlich verbessert. Die Linse hat eine minimale Verzerrung und integrierte Anti-Fog-Eigenschaften. Zahlreiche Verstellm\u00f6glichkeiten bieten Ihnen erstklassigen Komfort. Matrix Small Nano Optics Nordic Light ist eine bequeme Brille, mit der Sie auch bei ung\u00fcnstigen Lichtverh\u00e4ltnissen H\u00f6chstleistungen erbringen k\u00f6nnen!<\/p>\n<h2>Allgemeine Eigenschaften<\/h2>\n<p>Matrix Small ist das Modell, bei dem Leistung und Haltung um den Hauptpreis konkurrieren. Es ist ein Unisex-Modell f\u00fcr kleinere Gesichter gemacht. Mit der Matrix Small k\u00f6nnen Sie sich jeder Herausforderung in v\u00f6lliger Sicherheit stellen. Passen Sie die Brille an, um die perfekte Passform zu finden und verlassen Sie sich auf die fantastischen Eigenschaften und die Bel\u00fcftung der Scheibe. Matrix Small Nano Optics Nordic Light bietet Ihnen mehrere Dinge: au\u00dfergew\u00f6hnlichen Komfort, fantastische Sicht auch bei schlechten Lichtverh\u00e4ltnissen, minimale Verzerrung und erstklassige Anti-Beschlag-Eigenschaften.<\/p>\n<h2>Eigenschaften der Linse.<\/h2>\n<p>Die Matrix Small Nano Optics Nordic Light ist mit einer Nordic Light\u2122 Linse ausgestattet. Diese Hightech-Linse besteht aus X-PC, das den Kontrast und die Farben deutlich verbessert und eine klare und scharfe Sicht bei schlechten Lichtverh\u00e4ltnissen, wie z. B. bei flachem Licht, erm\u00f6glicht. Die Linse filtert unscharfe Farben zwischen blauen und gr\u00fcnen sowie gr\u00fcnen und roten Wellenl\u00e4ngen heraus. Diese Teile des Farbspektrums werden von der Nordic Light Linse blockiert, so dass Sie selbst bei widrigsten Wetterverh\u00e4ltnissen deutlich sch\u00e4rfer und kontrastreicher sehen k\u00f6nnen. Die X.PC-Scheibe verf\u00fcgt \u00fcber einen vollst\u00e4ndigen UV-Schutz, minimale Verzerrung und integrierte Anti-Beschlag-, kratzfeste und hydrophobe Eigenschaften.<\/p>\n<h2>Werkstoffe<\/h2>\n<p>Matrix Small wird aus Grilamid TR90 hergestellt. Dies ist ein leichtes, leistungsstarkes Material &#8211; Matrix Small wiegt nur 34 Gramm &#8211; mit unschlagbarer Flexibilit\u00e4t. Das Tragen der Brille ist dank des Hightech-Materials bei sengender Hitze und eisiger K\u00e4lte gleicherma\u00dfen angenehm.<\/p>\n<h2>Anpassungsm\u00f6glichkeiten<\/h2>\n<p>Mit der Matrix Small sind Sie immer bereit f\u00fcr die n\u00e4chste Herausforderung. Stellen Sie die B\u00fcgelenden f\u00fcr optimalen Komfort ein und halten Sie die Brille mit einem verstellbaren Nasenpad in Position. Die Gl\u00e4ser k\u00f6nnen auf Wunsch leicht gewechselt werden, andere Filterkategorien und leistungsstarke Gl\u00e4serfarben k\u00f6nnen separat erworben werden.<\/div><\/div><\/div><div class=\"vc-row container\"><div class=\"vc-column\"><div class=\"vc-column-text\"><\/p>\n<div class=\"col-20 col-m-33 col-s-100\">\n<div class=\"tech-item\">\n<p>&nbsp;<\/p>\n<h3>Verstellbares Nasenpad<\/h3>\n<p>Die Nasenauflage ist verstellbar, um einen bequemen und optimalen Sitz auf der Nase zu gew\u00e4hrleisten.<\/p>\n<\/div>\n<\/div>\n<p><\/div><\/div><div class=\"vc-column\"><div class=\"vc-column-text\"><\/p>\n<div class=\"col-20 col-m-33 col-s-100\">\n<div class=\"tech-item\">\n<p>&nbsp;<\/p>\n<h3>CE-Norm<\/h3>\n<p>Alle Bliz Active-Produkte sind CE-gekennzeichnet, was bedeutet, dass wir die grundlegenden Gesundheits- und Sicherheitsanforderungen erf\u00fcllen, die in den EU-Richtlinien f\u00fcr diese Produktgruppe zu finden sind.<\/p>\n<\/div>\n<\/div>\n<p><\/div><\/div><div class=\"vc-column\"><div class=\"vc-column-text\"><\/p>\n<h3><\/h3>\n<h3>Nano Ortics \u2122 Nordisches Licht<\/h3>\n<p>EXTREME KONTRASTE \/ MINIMALE VERZERRUNG \/ NANO ANTI-FOG \/ NORDIC LIGHT \u2122 ist ein einzigartiges High-Tech-Glas, das Kontraste und Farben deutlich verbessert und eine klare und scharfe Sicht bei schlechten und flachen Lichtverh\u00e4ltnissen bietet.<\/div><\/div><div class=\"vc-column\"><div class=\"vc-column-text\"><\/p>\n<div class=\"col-20 col-m-33 col-s-100\">\n<div class=\"tech-item\">\n<p>&nbsp;<\/p>\n<h3>100% UV-Schutz<\/h3>\n<p>Die Bliz Active-Brille sch\u00fctzt Ihre Augen wirksam vor sch\u00e4dlichen UVA- und UVB-Strahlen.<\/p>\n<\/div>\n<\/div>\n<p><\/div><\/div><div class=\"vc-column\"><div class=\"vc-column-text\"><\/p>\n<div class=\"col-20 col-m-33 col-s-100\">\n<div class=\"tech-item\">\n<p>&nbsp;<\/p>\n<h3>Unzerbrechliches Polycarbonat-Glas<\/h3>\n<p>Die Gl\u00e4ser bestehen aus unzerbrechlichem Polycarbonat, das 10-mal sto\u00dffester ist als Kunststoff- oder Glasgl\u00e4ser und den h\u00f6chsten Schutzgrad bietet.<\/p>\n<\/div>\n<\/div>\n<p><\/div><\/div><div class=\"vc-column\"><div class=\"vc-column-text\"><\/p>\n<div class=\"col-20 col-m-33 col-s-100\">\n<div class=\"tech-item\">\n<p>&nbsp;<\/p>\n<h3>Gummifadenkern<\/h3>\n<p>Die B\u00fcgel mit Gummifaden erm\u00f6glichen die Anpassung der Brille f\u00fcr einen besseren Sitz am Kopf.<\/p>\n<\/div>\n<\/div>\n<p><\/div><\/div><\/div><\/p>\n","protected":false},"excerpt":{"rendered":"","protected":false},"featured_media":55425,"template":"","meta":{"_acf_changed":false,"inline_featured_image":false},"product_brand":[],"product_cat":[6342,6368],"product_tag":[3361],"class_list":{"0":"post-172365","1":"product","2":"type-product","3":"status-publish","4":"has-post-thumbnail","6":"product_cat-zubehoer","7":"product_cat-laufbrille-zubehoer-laufen-de","8":"product_tag-bliz-de","9":"pa_attivita-gehen","10":"pa_attivita-outdoor-de","11":"pa_attivita-running-de","12":"pa_attivita-trail-de","13":"pa_colore-matrix-small-nano-optics-nordic-light-52107-13n-de","14":"pa_marca-bliz-de","15":"pa_sesso-damen","16":"pa_sesso-herren","18":"first","19":"instock","20":"sale","21":"taxable","22":"shipping-taxable","23":"purchasable","24":"product-type-variable","25":"wvs-archive-product-wrapper"},"acf":[],"yoast_head":"<!-- This site is optimized with the Yoast SEO plugin v26.8 - https:\/\/yoast.com\/product\/yoast-seo-wordpress\/ -->\n<title>Bliz Matrix small nano optics Nordic Light - Sportbrille- MioMioRun<\/title>\n<meta name=\"description\" content=\"Modell f\u00fcr kleinere Gesichter. Ein breites zylindrisches Sichtfeld und eine intelligente Bel\u00fcftung sorgen f\u00fcr die bestm\u00f6gliche Sicht.\" \/>\n<meta name=\"robots\" content=\"index, follow, max-snippet:-1, max-image-preview:large, max-video-preview:-1\" \/>\n<link rel=\"canonical\" href=\"https:\/\/www.miomiorun.com\/de\/produkt\/bliz-matrix-small-nano-optics-nordic-light\/\" \/>\n<meta property=\"og:locale\" content=\"de_DE\" \/>\n<meta property=\"og:type\" content=\"article\" \/>\n<meta property=\"og:title\" content=\"Bliz Matrix small nano optics Nordic Light - Sportbrille- MioMioRun\" \/>\n<meta property=\"og:description\" content=\"Modell f\u00fcr kleinere Gesichter. Ein breites zylindrisches Sichtfeld und eine intelligente Bel\u00fcftung sorgen f\u00fcr die bestm\u00f6gliche Sicht.\" \/>\n<meta property=\"og:url\" content=\"https:\/\/www.miomiorun.com\/de\/produkt\/bliz-matrix-small-nano-optics-nordic-light\/\" \/>\n<meta property=\"og:site_name\" content=\"MioMioRun\" \/>\n<meta property=\"article:publisher\" content=\"https:\/\/www.facebook.com\/miomiorun\/\" \/>\n<meta property=\"article:modified_time\" content=\"2025-02-26T09:50:00+00:00\" \/>\n<meta property=\"og:image\" content=\"https:\/\/www.miomiorun.com\/app\/uploads\/2021\/04\/bliz-Matrix-small-nano-optics-Nordic-Light-52107-13N.jpg\" \/>\n\t<meta property=\"og:image:width\" content=\"600\" \/>\n\t<meta property=\"og:image:height\" content=\"600\" \/>\n\t<meta property=\"og:image:type\" content=\"image\/jpeg\" \/>\n<meta name=\"twitter:card\" content=\"summary_large_image\" \/>\n<meta name=\"twitter:label1\" content=\"Est. reading time\" \/>\n\t<meta name=\"twitter:data1\" content=\"3 minutes\" \/>\n<script type=\"application\/ld+json\" class=\"yoast-schema-graph\">{\"@context\":\"https:\/\/schema.org\",\"@graph\":[{\"@type\":\"WebPage\",\"@id\":\"https:\/\/www.miomiorun.com\/de\/produkt\/bliz-matrix-small-nano-optics-nordic-light\/\",\"url\":\"https:\/\/www.miomiorun.com\/de\/produkt\/bliz-matrix-small-nano-optics-nordic-light\/\",\"name\":\"Bliz Matrix small nano optics Nordic Light - Sportbrille- MioMioRun\",\"isPartOf\":{\"@id\":\"https:\/\/www.miomiorun.com\/de\/#website\"},\"primaryImageOfPage\":{\"@id\":\"https:\/\/www.miomiorun.com\/de\/produkt\/bliz-matrix-small-nano-optics-nordic-light\/#primaryimage\"},\"image\":{\"@id\":\"https:\/\/www.miomiorun.com\/de\/produkt\/bliz-matrix-small-nano-optics-nordic-light\/#primaryimage\"},\"thumbnailUrl\":\"https:\/\/www.miomiorun.com\/app\/uploads\/2021\/04\/bliz-Matrix-small-nano-optics-Nordic-Light-52107-13N.jpg\",\"datePublished\":\"2021-04-28T10:20:29+00:00\",\"dateModified\":\"2025-02-26T09:50:00+00:00\",\"description\":\"Modell f\u00fcr kleinere Gesichter. Ein breites zylindrisches Sichtfeld und eine intelligente Bel\u00fcftung sorgen f\u00fcr die bestm\u00f6gliche Sicht.\",\"breadcrumb\":{\"@id\":\"https:\/\/www.miomiorun.com\/de\/produkt\/bliz-matrix-small-nano-optics-nordic-light\/#breadcrumb\"},\"inLanguage\":\"de-DE\",\"potentialAction\":[{\"@type\":\"ReadAction\",\"target\":[\"https:\/\/www.miomiorun.com\/de\/produkt\/bliz-matrix-small-nano-optics-nordic-light\/\"]}]},{\"@type\":\"ImageObject\",\"inLanguage\":\"de-DE\",\"@id\":\"https:\/\/www.miomiorun.com\/de\/produkt\/bliz-matrix-small-nano-optics-nordic-light\/#primaryimage\",\"url\":\"https:\/\/www.miomiorun.com\/app\/uploads\/2021\/04\/bliz-Matrix-small-nano-optics-Nordic-Light-52107-13N.jpg\",\"contentUrl\":\"https:\/\/www.miomiorun.com\/app\/uploads\/2021\/04\/bliz-Matrix-small-nano-optics-Nordic-Light-52107-13N.jpg\",\"width\":600,\"height\":600,\"caption\":\"bliz matrix nano optics nordic light\"},{\"@type\":\"BreadcrumbList\",\"@id\":\"https:\/\/www.miomiorun.com\/de\/produkt\/bliz-matrix-small-nano-optics-nordic-light\/#breadcrumb\",\"itemListElement\":[{\"@type\":\"ListItem\",\"position\":1,\"name\":\"Home\",\"item\":\"https:\/\/www.miomiorun.com\/de\/\"},{\"@type\":\"ListItem\",\"position\":2,\"name\":\"Shop\",\"item\":\"https:\/\/www.miomiorun.com\/shop\/\"},{\"@type\":\"ListItem\",\"position\":3,\"name\":\"Matrix small nano optics Nordic Light\"}]},{\"@type\":\"WebSite\",\"@id\":\"https:\/\/www.miomiorun.com\/de\/#website\",\"url\":\"https:\/\/www.miomiorun.com\/de\/\",\"name\":\"MioMioRun\",\"description\":\"100% Lauf- und Trailshop\",\"publisher\":{\"@id\":\"https:\/\/www.miomiorun.com\/de\/#organization\"},\"potentialAction\":[{\"@type\":\"SearchAction\",\"target\":{\"@type\":\"EntryPoint\",\"urlTemplate\":\"https:\/\/www.miomiorun.com\/de\/?s={search_term_string}\"},\"query-input\":{\"@type\":\"PropertyValueSpecification\",\"valueRequired\":true,\"valueName\":\"search_term_string\"}}],\"inLanguage\":\"de-DE\"},{\"@type\":\"Organization\",\"@id\":\"https:\/\/www.miomiorun.com\/de\/#organization\",\"name\":\"MioMio Run\",\"url\":\"https:\/\/www.miomiorun.com\/de\/\",\"logo\":{\"@type\":\"ImageObject\",\"inLanguage\":\"de-DE\",\"@id\":\"https:\/\/www.miomiorun.com\/de\/#\/schema\/logo\/image\/\",\"url\":\"https:\/\/www.miomiorun.com\/app\/uploads\/2019\/12\/logomio.png\",\"contentUrl\":\"https:\/\/www.miomiorun.com\/app\/uploads\/2019\/12\/logomio.png\",\"width\":115,\"height\":82,\"caption\":\"MioMio Run\"},\"image\":{\"@id\":\"https:\/\/www.miomiorun.com\/de\/#\/schema\/logo\/image\/\"},\"sameAs\":[\"https:\/\/www.facebook.com\/miomiorun\/\",\"https:\/\/www.instagram.com\/miomiorun\/\"]}]}<\/script>\n<!-- \/ Yoast SEO plugin. -->","yoast_head_json":{"title":"Bliz Matrix small nano optics Nordic Light - Sportbrille- MioMioRun","description":"Modell f\u00fcr kleinere Gesichter. Ein breites zylindrisches Sichtfeld und eine intelligente Bel\u00fcftung sorgen f\u00fcr die bestm\u00f6gliche Sicht.","robots":{"index":"index","follow":"follow","max-snippet":"max-snippet:-1","max-image-preview":"max-image-preview:large","max-video-preview":"max-video-preview:-1"},"canonical":"https:\/\/www.miomiorun.com\/de\/produkt\/bliz-matrix-small-nano-optics-nordic-light\/","og_locale":"de_DE","og_type":"article","og_title":"Bliz Matrix small nano optics Nordic Light - Sportbrille- MioMioRun","og_description":"Modell f\u00fcr kleinere Gesichter. Ein breites zylindrisches Sichtfeld und eine intelligente Bel\u00fcftung sorgen f\u00fcr die bestm\u00f6gliche Sicht.","og_url":"https:\/\/www.miomiorun.com\/de\/produkt\/bliz-matrix-small-nano-optics-nordic-light\/","og_site_name":"MioMioRun","article_publisher":"https:\/\/www.facebook.com\/miomiorun\/","article_modified_time":"2025-02-26T09:50:00+00:00","og_image":[{"width":600,"height":600,"url":"https:\/\/www.miomiorun.com\/app\/uploads\/2021\/04\/bliz-Matrix-small-nano-optics-Nordic-Light-52107-13N.jpg","type":"image\/jpeg"}],"twitter_card":"summary_large_image","twitter_misc":{"Est. reading time":"3 minutes"},"schema":{"@context":"https:\/\/schema.org","@graph":[{"@type":"WebPage","@id":"https:\/\/www.miomiorun.com\/de\/produkt\/bliz-matrix-small-nano-optics-nordic-light\/","url":"https:\/\/www.miomiorun.com\/de\/produkt\/bliz-matrix-small-nano-optics-nordic-light\/","name":"Bliz Matrix small nano optics Nordic Light - Sportbrille- MioMioRun","isPartOf":{"@id":"https:\/\/www.miomiorun.com\/de\/#website"},"primaryImageOfPage":{"@id":"https:\/\/www.miomiorun.com\/de\/produkt\/bliz-matrix-small-nano-optics-nordic-light\/#primaryimage"},"image":{"@id":"https:\/\/www.miomiorun.com\/de\/produkt\/bliz-matrix-small-nano-optics-nordic-light\/#primaryimage"},"thumbnailUrl":"https:\/\/www.miomiorun.com\/app\/uploads\/2021\/04\/bliz-Matrix-small-nano-optics-Nordic-Light-52107-13N.jpg","datePublished":"2021-04-28T10:20:29+00:00","dateModified":"2025-02-26T09:50:00+00:00","description":"Modell f\u00fcr kleinere Gesichter. Ein breites zylindrisches Sichtfeld und eine intelligente Bel\u00fcftung sorgen f\u00fcr die bestm\u00f6gliche Sicht.","breadcrumb":{"@id":"https:\/\/www.miomiorun.com\/de\/produkt\/bliz-matrix-small-nano-optics-nordic-light\/#breadcrumb"},"inLanguage":"de-DE","potentialAction":[{"@type":"ReadAction","target":["https:\/\/www.miomiorun.com\/de\/produkt\/bliz-matrix-small-nano-optics-nordic-light\/"]}]},{"@type":"ImageObject","inLanguage":"de-DE","@id":"https:\/\/www.miomiorun.com\/de\/produkt\/bliz-matrix-small-nano-optics-nordic-light\/#primaryimage","url":"https:\/\/www.miomiorun.com\/app\/uploads\/2021\/04\/bliz-Matrix-small-nano-optics-Nordic-Light-52107-13N.jpg","contentUrl":"https:\/\/www.miomiorun.com\/app\/uploads\/2021\/04\/bliz-Matrix-small-nano-optics-Nordic-Light-52107-13N.jpg","width":600,"height":600,"caption":"bliz matrix nano optics nordic light"},{"@type":"BreadcrumbList","@id":"https:\/\/www.miomiorun.com\/de\/produkt\/bliz-matrix-small-nano-optics-nordic-light\/#breadcrumb","itemListElement":[{"@type":"ListItem","position":1,"name":"Home","item":"https:\/\/www.miomiorun.com\/de\/"},{"@type":"ListItem","position":2,"name":"Shop","item":"https:\/\/www.miomiorun.com\/shop\/"},{"@type":"ListItem","position":3,"name":"Matrix small nano optics Nordic Light"}]},{"@type":"WebSite","@id":"https:\/\/www.miomiorun.com\/de\/#website","url":"https:\/\/www.miomiorun.com\/de\/","name":"MioMioRun","description":"100% Lauf- und Trailshop","publisher":{"@id":"https:\/\/www.miomiorun.com\/de\/#organization"},"potentialAction":[{"@type":"SearchAction","target":{"@type":"EntryPoint","urlTemplate":"https:\/\/www.miomiorun.com\/de\/?s={search_term_string}"},"query-input":{"@type":"PropertyValueSpecification","valueRequired":true,"valueName":"search_term_string"}}],"inLanguage":"de-DE"},{"@type":"Organization","@id":"https:\/\/www.miomiorun.com\/de\/#organization","name":"MioMio Run","url":"https:\/\/www.miomiorun.com\/de\/","logo":{"@type":"ImageObject","inLanguage":"de-DE","@id":"https:\/\/www.miomiorun.com\/de\/#\/schema\/logo\/image\/","url":"https:\/\/www.miomiorun.com\/app\/uploads\/2019\/12\/logomio.png","contentUrl":"https:\/\/www.miomiorun.com\/app\/uploads\/2019\/12\/logomio.png","width":115,"height":82,"caption":"MioMio Run"},"image":{"@id":"https:\/\/www.miomiorun.com\/de\/#\/schema\/logo\/image\/"},"sameAs":["https:\/\/www.facebook.com\/miomiorun\/","https:\/\/www.instagram.com\/miomiorun\/"]}]}},"_links":{"self":[{"href":"https:\/\/www.miomiorun.com\/de\/wp-json\/wp\/v2\/product\/172365","targetHints":{"allow":["GET"]}}],"collection":[{"href":"https:\/\/www.miomiorun.com\/de\/wp-json\/wp\/v2\/product"}],"about":[{"href":"https:\/\/www.miomiorun.com\/de\/wp-json\/wp\/v2\/types\/product"}],"wp:featuredmedia":[{"embeddable":true,"href":"https:\/\/www.miomiorun.com\/de\/wp-json\/wp\/v2\/media\/55425"}],"wp:attachment":[{"href":"https:\/\/www.miomiorun.com\/de\/wp-json\/wp\/v2\/media?parent=172365"}],"wp:term":[{"taxonomy":"product_brand","embeddable":true,"href":"https:\/\/www.miomiorun.com\/de\/wp-json\/wp\/v2\/product_brand?post=172365"},{"taxonomy":"product_cat","embeddable":true,"href":"https:\/\/www.miomiorun.com\/de\/wp-json\/wp\/v2\/product_cat?post=172365"},{"taxonomy":"product_tag","embeddable":true,"href":"https:\/\/www.miomiorun.com\/de\/wp-json\/wp\/v2\/product_tag?post=172365"}],"curies":[{"name":"wp","href":"https:\/\/api.w.org\/{rel}","templated":true}]}}