{"id":172277,"date":"2024-05-09T13:59:07","date_gmt":"2024-05-09T11:59:07","guid":{"rendered":"https:\/\/miomiorun.com\/prodotto\/treriksroset-001\/"},"modified":"2025-02-26T12:02:49","modified_gmt":"2025-02-26T11:02:49","slug":"treriksroset-001","status":"publish","type":"product","link":"https:\/\/www.miomiorun.com\/de\/produkt\/treriksroset-001\/","title":{"rendered":"TreriksRoset 001"},"content":{"rendered":"<div class=\"vc-row container\"><div class=\"vc-column\"><div class=\"vc-column-text\"><\/p>\n<div>\n<h3 style=\"text-align: center;\">TreriksRoset 001 ist ein Brillenmodell, das nach 30 Jahren Erfahrung in der Sport- und Stilbrillenbranche entstanden ist.<\/h3>\n<div>\n<p><br data-moz-translations-id=\"1\" \/><strong>Treriksrir-set 001<\/strong> ist das ideale Modell f\u00fcr Geschwindigkeitssportarten wie Mountainbiking, Rennradfahren oder Skifahren. Aber immer noch genauso stilvoll, um auf einen Laufsteg zu passen. Ein n\u00fcchternes und reines Design, das Stil und Technik vereint: Die umlaufende Scheibe bietet optimalen Schutz vor dem Wind, der durch die Geschwindigkeit erzeugt wird, aber auch vor \u00c4sten, denen Sie auf der Stra\u00dfe begegnen k\u00f6nnen.<\/p>\n<p>Genie\u00dfen Sie eine verbesserte periphere Sicht und Klarheit mit der biobasierten Nylonscheibe, ein wesentlicher Faktor f\u00fcr die Verbesserung Ihrer visuellen Pr\u00e4zision und damit Ihre sportliche Leistung!<\/p>\n<p style=\"text-align: center;\"><strong>Die 100%ige UV-Schutzscheibe sch\u00fctzt Ihre Augen vor Licht und wirkt so der Erm\u00fcdung entgegen.<\/strong><\/p>\n<p>&nbsp;<\/p>\n<\/div>\n<h3 style=\"text-align: center;\"><strong data-moz-translations-id=\"0\">Ein langlebiges Modell, das auf Langlebigkeit ausgelegt ist<\/strong><\/h3>\n<div>\n<p style=\"text-align: center;\"><br data-moz-translations-id=\"1\" \/>Der<strong>TreriksRoset 001<\/strong> besteht zu 45 % aus organischem Polyamid aus Rizinus\u00f6l, das aufgrund seiner Leichtigkeit, Flexibilit\u00e4t und Sto\u00dffestigkeit sorgf\u00e4ltig ausgew\u00e4hlt wurde.<\/p>\n<\/div>\n<h3 style=\"text-align: center;\"><strong data-moz-translations-id=\"0\">Halten Sie Ihr TreriksRoset 001 in bestem Zustand<\/strong><\/h3>\n<div>\n<p style=\"text-align: center;\"><br data-moz-translations-id=\"1\" \/>Die Tasche\/das Etui wurde speziell f\u00fcr die sichere Aufbewahrung Ihrer Brille entwickelt. Ausgestattet mit Gaze, um Schmutz zu entfernen, ohne die Linse zu ruinieren und den dauerhaften Sehkomfort zu erhalten.<\/p>\n<\/div>\n<h3 style=\"text-align: center;\"><strong data-moz-translations-id=\"0\">Normen<\/strong><\/h3>\n<div>\n<p>Dieses Modell entspricht den Normen EN ISO 12312-1, AS\/NZS 1067 und ANSI Z80.3 f\u00fcr Sonnenbrillen.<\/p>\n<\/div>\n<p>&nbsp;<\/p>\n<h3>Gl\u00e4sertechnologien:<\/h3>\n<h2 style=\"text-align: center;\">Tri-X UltraVue<\/h2>\n<p><strong>Tri-x UltraVue-Gl\u00e4ser<\/strong> wurden entwickelt, um Farben zu verst\u00e4rken und schlechten Lichtverh\u00e4ltnissen entgegenzuwirken. Die Linse blockiert alle unscharfen Farben des Farbspektrums.<\/p>\n<p><strong>Das Ergebnis ist eine scharfe und klare Sicht auch bei schlechten Lichtverh\u00e4ltnissen.<\/strong><\/p>\n<div>\n<p>&nbsp;<\/p>\n<\/div>\n<\/div>\n<p><\/div><\/div><\/div>\n","protected":false},"excerpt":{"rendered":"<ul>\n<li>Die perfekte Brille f\u00fcr Ihre sportliche Leistung im Freien.<\/li>\n<li>Leichtes Gewicht, damit Sie sie bei Ihrer Aktivit\u00e4t nicht sp\u00fcren.<\/li>\n<\/ul>\n","protected":false},"featured_media":169967,"template":"","meta":{"_acf_changed":false,"inline_featured_image":false},"product_brand":[],"product_cat":[6342,6368],"product_tag":[19079],"class_list":{"0":"post-172277","1":"product","2":"type-product","3":"status-publish","4":"has-post-thumbnail","6":"product_cat-zubehoer","7":"product_cat-laufbrille-zubehoer-laufen-de","8":"product_tag-tripoint-de","9":"pa_attivita-gehen","10":"pa_attivita-outdoor-de","11":"pa_attivita-running-de","12":"pa_attivita-trail-de","13":"pa_colore-treriksroset-black-smoke-de","14":"pa_colore-treriksroset-pink-brown-silver-mirror-de","15":"pa_marca-tripoint-de","16":"pa_sesso-damen","17":"pa_sesso-herren","19":"first","20":"instock","21":"sale","22":"taxable","23":"shipping-taxable","24":"purchasable","25":"product-type-variable","26":"wvs-archive-product-wrapper"},"acf":[],"yoast_head":"<!-- This site is optimized with the Yoast SEO plugin v26.8 - https:\/\/yoast.com\/product\/yoast-seo-wordpress\/ -->\n<title>Tripoint TreriksRoset 001 - Sportbrille - MioMioRun.com<\/title>\n<meta name=\"description\" content=\"TreriksRoset 001 ist ein Brillenmodell, das nach 30 Jahren Erfahrung in der Sport- und Stilbrillenbranche entstanden ist.\" \/>\n<meta name=\"robots\" content=\"index, follow, max-snippet:-1, max-image-preview:large, max-video-preview:-1\" \/>\n<link rel=\"canonical\" href=\"https:\/\/www.miomiorun.com\/de\/produkt\/treriksroset-001\/\" \/>\n<meta property=\"og:locale\" content=\"de_DE\" \/>\n<meta property=\"og:type\" content=\"article\" \/>\n<meta property=\"og:title\" content=\"Tripoint TreriksRoset 001 - Sportbrille - MioMioRun.com\" \/>\n<meta property=\"og:description\" content=\"TreriksRoset 001 ist ein Brillenmodell, das nach 30 Jahren Erfahrung in der Sport- und Stilbrillenbranche entstanden ist.\" \/>\n<meta property=\"og:url\" content=\"https:\/\/www.miomiorun.com\/de\/produkt\/treriksroset-001\/\" \/>\n<meta property=\"og:site_name\" content=\"MioMioRun\" \/>\n<meta property=\"article:publisher\" content=\"https:\/\/www.facebook.com\/miomiorun\/\" \/>\n<meta property=\"article:modified_time\" content=\"2025-02-26T11:02:49+00:00\" \/>\n<meta property=\"og:image\" content=\"https:\/\/www.miomiorun.com\/app\/uploads\/2024\/05\/tripoint-Treriksroset-Matt-Black-Smoke-Blue-Multi-TRIS001-063BL.webp\" \/>\n\t<meta property=\"og:image:width\" content=\"600\" \/>\n\t<meta property=\"og:image:height\" content=\"600\" \/>\n\t<meta property=\"og:image:type\" content=\"image\/webp\" \/>\n<meta name=\"twitter:card\" content=\"summary_large_image\" \/>\n<meta name=\"twitter:label1\" content=\"Est. reading time\" \/>\n\t<meta name=\"twitter:data1\" content=\"1 minute\" \/>\n<script type=\"application\/ld+json\" class=\"yoast-schema-graph\">{\"@context\":\"https:\/\/schema.org\",\"@graph\":[{\"@type\":\"WebPage\",\"@id\":\"https:\/\/www.miomiorun.com\/de\/produkt\/treriksroset-001\/\",\"url\":\"https:\/\/www.miomiorun.com\/de\/produkt\/treriksroset-001\/\",\"name\":\"Tripoint TreriksRoset 001 - Sportbrille - MioMioRun.com\",\"isPartOf\":{\"@id\":\"https:\/\/www.miomiorun.com\/de\/#website\"},\"primaryImageOfPage\":{\"@id\":\"https:\/\/www.miomiorun.com\/de\/produkt\/treriksroset-001\/#primaryimage\"},\"image\":{\"@id\":\"https:\/\/www.miomiorun.com\/de\/produkt\/treriksroset-001\/#primaryimage\"},\"thumbnailUrl\":\"https:\/\/www.miomiorun.com\/app\/uploads\/2024\/05\/tripoint-Treriksroset-Matt-Black-Smoke-Blue-Multi-TRIS001-063BL.webp\",\"datePublished\":\"2024-05-09T11:59:07+00:00\",\"dateModified\":\"2025-02-26T11:02:49+00:00\",\"description\":\"TreriksRoset 001 ist ein Brillenmodell, das nach 30 Jahren Erfahrung in der Sport- und Stilbrillenbranche entstanden ist.\",\"breadcrumb\":{\"@id\":\"https:\/\/www.miomiorun.com\/de\/produkt\/treriksroset-001\/#breadcrumb\"},\"inLanguage\":\"de-DE\",\"potentialAction\":[{\"@type\":\"ReadAction\",\"target\":[\"https:\/\/www.miomiorun.com\/de\/produkt\/treriksroset-001\/\"]}]},{\"@type\":\"ImageObject\",\"inLanguage\":\"de-DE\",\"@id\":\"https:\/\/www.miomiorun.com\/de\/produkt\/treriksroset-001\/#primaryimage\",\"url\":\"https:\/\/www.miomiorun.com\/app\/uploads\/2024\/05\/tripoint-Treriksroset-Matt-Black-Smoke-Blue-Multi-TRIS001-063BL.webp\",\"contentUrl\":\"https:\/\/www.miomiorun.com\/app\/uploads\/2024\/05\/tripoint-Treriksroset-Matt-Black-Smoke-Blue-Multi-TRIS001-063BL.webp\",\"width\":600,\"height\":600,\"caption\":\"tripoint Treriksroset Matt Black Smoke Blue Multi TRIS001-063BL\"},{\"@type\":\"BreadcrumbList\",\"@id\":\"https:\/\/www.miomiorun.com\/de\/produkt\/treriksroset-001\/#breadcrumb\",\"itemListElement\":[{\"@type\":\"ListItem\",\"position\":1,\"name\":\"Home\",\"item\":\"https:\/\/www.miomiorun.com\/de\/\"},{\"@type\":\"ListItem\",\"position\":2,\"name\":\"Shop\",\"item\":\"https:\/\/www.miomiorun.com\/shop\/\"},{\"@type\":\"ListItem\",\"position\":3,\"name\":\"TreriksRoset 001\"}]},{\"@type\":\"WebSite\",\"@id\":\"https:\/\/www.miomiorun.com\/de\/#website\",\"url\":\"https:\/\/www.miomiorun.com\/de\/\",\"name\":\"MioMioRun\",\"description\":\"100% Lauf- und Trailshop\",\"publisher\":{\"@id\":\"https:\/\/www.miomiorun.com\/de\/#organization\"},\"potentialAction\":[{\"@type\":\"SearchAction\",\"target\":{\"@type\":\"EntryPoint\",\"urlTemplate\":\"https:\/\/www.miomiorun.com\/de\/?s={search_term_string}\"},\"query-input\":{\"@type\":\"PropertyValueSpecification\",\"valueRequired\":true,\"valueName\":\"search_term_string\"}}],\"inLanguage\":\"de-DE\"},{\"@type\":\"Organization\",\"@id\":\"https:\/\/www.miomiorun.com\/de\/#organization\",\"name\":\"MioMio Run\",\"url\":\"https:\/\/www.miomiorun.com\/de\/\",\"logo\":{\"@type\":\"ImageObject\",\"inLanguage\":\"de-DE\",\"@id\":\"https:\/\/www.miomiorun.com\/de\/#\/schema\/logo\/image\/\",\"url\":\"https:\/\/www.miomiorun.com\/app\/uploads\/2019\/12\/logomio.png\",\"contentUrl\":\"https:\/\/www.miomiorun.com\/app\/uploads\/2019\/12\/logomio.png\",\"width\":115,\"height\":82,\"caption\":\"MioMio Run\"},\"image\":{\"@id\":\"https:\/\/www.miomiorun.com\/de\/#\/schema\/logo\/image\/\"},\"sameAs\":[\"https:\/\/www.facebook.com\/miomiorun\/\",\"https:\/\/www.instagram.com\/miomiorun\/\"]}]}<\/script>\n<!-- \/ Yoast SEO plugin. -->","yoast_head_json":{"title":"Tripoint TreriksRoset 001 - Sportbrille - MioMioRun.com","description":"TreriksRoset 001 ist ein Brillenmodell, das nach 30 Jahren Erfahrung in der Sport- und Stilbrillenbranche entstanden ist.","robots":{"index":"index","follow":"follow","max-snippet":"max-snippet:-1","max-image-preview":"max-image-preview:large","max-video-preview":"max-video-preview:-1"},"canonical":"https:\/\/www.miomiorun.com\/de\/produkt\/treriksroset-001\/","og_locale":"de_DE","og_type":"article","og_title":"Tripoint TreriksRoset 001 - Sportbrille - MioMioRun.com","og_description":"TreriksRoset 001 ist ein Brillenmodell, das nach 30 Jahren Erfahrung in der Sport- und Stilbrillenbranche entstanden ist.","og_url":"https:\/\/www.miomiorun.com\/de\/produkt\/treriksroset-001\/","og_site_name":"MioMioRun","article_publisher":"https:\/\/www.facebook.com\/miomiorun\/","article_modified_time":"2025-02-26T11:02:49+00:00","og_image":[{"width":600,"height":600,"url":"https:\/\/www.miomiorun.com\/app\/uploads\/2024\/05\/tripoint-Treriksroset-Matt-Black-Smoke-Blue-Multi-TRIS001-063BL.webp","type":"image\/webp"}],"twitter_card":"summary_large_image","twitter_misc":{"Est. reading time":"1 minute"},"schema":{"@context":"https:\/\/schema.org","@graph":[{"@type":"WebPage","@id":"https:\/\/www.miomiorun.com\/de\/produkt\/treriksroset-001\/","url":"https:\/\/www.miomiorun.com\/de\/produkt\/treriksroset-001\/","name":"Tripoint TreriksRoset 001 - Sportbrille - MioMioRun.com","isPartOf":{"@id":"https:\/\/www.miomiorun.com\/de\/#website"},"primaryImageOfPage":{"@id":"https:\/\/www.miomiorun.com\/de\/produkt\/treriksroset-001\/#primaryimage"},"image":{"@id":"https:\/\/www.miomiorun.com\/de\/produkt\/treriksroset-001\/#primaryimage"},"thumbnailUrl":"https:\/\/www.miomiorun.com\/app\/uploads\/2024\/05\/tripoint-Treriksroset-Matt-Black-Smoke-Blue-Multi-TRIS001-063BL.webp","datePublished":"2024-05-09T11:59:07+00:00","dateModified":"2025-02-26T11:02:49+00:00","description":"TreriksRoset 001 ist ein Brillenmodell, das nach 30 Jahren Erfahrung in der Sport- und Stilbrillenbranche entstanden ist.","breadcrumb":{"@id":"https:\/\/www.miomiorun.com\/de\/produkt\/treriksroset-001\/#breadcrumb"},"inLanguage":"de-DE","potentialAction":[{"@type":"ReadAction","target":["https:\/\/www.miomiorun.com\/de\/produkt\/treriksroset-001\/"]}]},{"@type":"ImageObject","inLanguage":"de-DE","@id":"https:\/\/www.miomiorun.com\/de\/produkt\/treriksroset-001\/#primaryimage","url":"https:\/\/www.miomiorun.com\/app\/uploads\/2024\/05\/tripoint-Treriksroset-Matt-Black-Smoke-Blue-Multi-TRIS001-063BL.webp","contentUrl":"https:\/\/www.miomiorun.com\/app\/uploads\/2024\/05\/tripoint-Treriksroset-Matt-Black-Smoke-Blue-Multi-TRIS001-063BL.webp","width":600,"height":600,"caption":"tripoint Treriksroset Matt Black Smoke Blue Multi TRIS001-063BL"},{"@type":"BreadcrumbList","@id":"https:\/\/www.miomiorun.com\/de\/produkt\/treriksroset-001\/#breadcrumb","itemListElement":[{"@type":"ListItem","position":1,"name":"Home","item":"https:\/\/www.miomiorun.com\/de\/"},{"@type":"ListItem","position":2,"name":"Shop","item":"https:\/\/www.miomiorun.com\/shop\/"},{"@type":"ListItem","position":3,"name":"TreriksRoset 001"}]},{"@type":"WebSite","@id":"https:\/\/www.miomiorun.com\/de\/#website","url":"https:\/\/www.miomiorun.com\/de\/","name":"MioMioRun","description":"100% Lauf- und Trailshop","publisher":{"@id":"https:\/\/www.miomiorun.com\/de\/#organization"},"potentialAction":[{"@type":"SearchAction","target":{"@type":"EntryPoint","urlTemplate":"https:\/\/www.miomiorun.com\/de\/?s={search_term_string}"},"query-input":{"@type":"PropertyValueSpecification","valueRequired":true,"valueName":"search_term_string"}}],"inLanguage":"de-DE"},{"@type":"Organization","@id":"https:\/\/www.miomiorun.com\/de\/#organization","name":"MioMio Run","url":"https:\/\/www.miomiorun.com\/de\/","logo":{"@type":"ImageObject","inLanguage":"de-DE","@id":"https:\/\/www.miomiorun.com\/de\/#\/schema\/logo\/image\/","url":"https:\/\/www.miomiorun.com\/app\/uploads\/2019\/12\/logomio.png","contentUrl":"https:\/\/www.miomiorun.com\/app\/uploads\/2019\/12\/logomio.png","width":115,"height":82,"caption":"MioMio Run"},"image":{"@id":"https:\/\/www.miomiorun.com\/de\/#\/schema\/logo\/image\/"},"sameAs":["https:\/\/www.facebook.com\/miomiorun\/","https:\/\/www.instagram.com\/miomiorun\/"]}]}},"_links":{"self":[{"href":"https:\/\/www.miomiorun.com\/de\/wp-json\/wp\/v2\/product\/172277","targetHints":{"allow":["GET"]}}],"collection":[{"href":"https:\/\/www.miomiorun.com\/de\/wp-json\/wp\/v2\/product"}],"about":[{"href":"https:\/\/www.miomiorun.com\/de\/wp-json\/wp\/v2\/types\/product"}],"wp:featuredmedia":[{"embeddable":true,"href":"https:\/\/www.miomiorun.com\/de\/wp-json\/wp\/v2\/media\/169967"}],"wp:attachment":[{"href":"https:\/\/www.miomiorun.com\/de\/wp-json\/wp\/v2\/media?parent=172277"}],"wp:term":[{"taxonomy":"product_brand","embeddable":true,"href":"https:\/\/www.miomiorun.com\/de\/wp-json\/wp\/v2\/product_brand?post=172277"},{"taxonomy":"product_cat","embeddable":true,"href":"https:\/\/www.miomiorun.com\/de\/wp-json\/wp\/v2\/product_cat?post=172277"},{"taxonomy":"product_tag","embeddable":true,"href":"https:\/\/www.miomiorun.com\/de\/wp-json\/wp\/v2\/product_tag?post=172277"}],"curies":[{"name":"wp","href":"https:\/\/api.w.org\/{rel}","templated":true}]}}