{"id":172154,"date":"2021-10-21T10:18:54","date_gmt":"2021-10-21T08:18:54","guid":{"rendered":"https:\/\/miomiorun.com\/prodotto\/ironman-heel-cushions-gel\/"},"modified":"2025-02-26T12:26:02","modified_gmt":"2025-02-26T11:26:02","slug":"ironman-heel-cushions-gel","status":"publish","type":"product","link":"https:\/\/www.miomiorun.com\/de\/produkt\/ironman-heel-cushions-gel\/","title":{"rendered":"Heel Cushions Gel"},"content":{"rendered":"<div class=\"vc-row container\"><div class=\"vc-column\"><div class=\"vc-column-text\">IronMan Heel Cushions Gel sind Fersenkissen, die den ganzen Tag \u00fcber hervorragenden Komfort und ausgezeichnete Unterst\u00fctzung bieten. Diese Kissen sind ideal f\u00fcr diejenigen, die unter Fersenschmerzen leiden, Plantarfasziitis, oder einfach nur zus\u00e4tzliche D\u00e4mpfung w\u00e4hrend der t\u00e4glichen Aktivit\u00e4ten wollen. Sie sind aus hochwertigem Gel gefertigt und bieten eine weiche, aber dauerhafte D\u00e4mpfung, die den Aufprall auf die Ferse reduziert und den Druck mindert. Sie eignen sich perfekt f\u00fcr den t\u00e4glichen Gebrauch und lassen sich leicht in alle Arten von Schuhen einlegen, von Sportschuhen bis hin zu eleganten Schuhen.<\/p>\n<p><strong>Technische Merkmale:<\/strong><\/p>\n<ul>\n<li><strong>Material:<\/strong> Hochwertiges Gel f\u00fcr lang anhaltende und komfortable D\u00e4mpfung.<\/li>\n<li><strong>Gr\u00f6\u00dfe:<\/strong> Universal, passt zu den meisten Schuhen.<\/li>\n<li><strong>Dicke:<\/strong> Entwickelt, um maximalen Komfort zu bieten, ohne die Passform des Schuhs zu ver\u00e4ndern.<\/li>\n<li><strong>Design:<\/strong> Ergonomisch, passt sich perfekt an die Form der Ferse f\u00fcr optimale Unterst\u00fctzung.<\/li>\n<li><strong>Verwendung:<\/strong> Geeignet f\u00fcr Turnschuhe, Arbeitsschuhe, Freizeit- und Kleidungsschuhe.<\/li>\n<li><strong>Vorteile:<\/strong> Reduziert den Aufprall und Druck auf die Ferse, lindert Schmerzen im Zusammenhang mit Plantarfasziitis und anderen Fu\u00dferkrankungen.<\/li>\n<li><strong>Pflege:<\/strong> Leicht zu reinigen mit einem feuchten Tuch.<\/li>\n<\/ul>\n<p>IronMan Fersenkissen Gel sind die perfekte L\u00f6sung f\u00fcr diejenigen, die zus\u00e4tzlichen Komfort und Unterst\u00fctzung f\u00fcr ihre Fersen suchen, um einen bequemen und schmerzfreien Gang zu gew\u00e4hrleisten.<\/div><\/div><\/div>\n","protected":false},"excerpt":{"rendered":"","protected":false},"featured_media":59232,"template":"","meta":{"_acf_changed":false,"inline_featured_image":false},"product_brand":[],"product_cat":[6342,6393],"product_tag":[3375],"class_list":{"0":"post-172154","1":"product","2":"type-product","3":"status-publish","4":"has-post-thumbnail","6":"product_cat-zubehoer","7":"product_cat-fussbett-de","8":"product_tag-ironman-de","9":"pa_attivita-fitness-de","10":"pa_attivita-gehen","11":"pa_attivita-lifestyle-de","12":"pa_attivita-outdoor-de","13":"pa_marca-ironman-de","14":"pa_sesso-damen","15":"pa_sesso-herren","17":"first","18":"instock","19":"sale","20":"taxable","21":"shipping-taxable","22":"purchasable","23":"product-type-simple"},"acf":[],"yoast_head":"<!-- This site is optimized with the Yoast SEO plugin v26.8 - https:\/\/yoast.com\/product\/yoast-seo-wordpress\/ -->\n<title>Heel Cushions Gel - Laufeinlagen- MioMioRun<\/title>\n<meta name=\"description\" content=\"IronMan Heel Cushions Gel ist ein Fersenschutz, der maximale D\u00e4mpfung bietet und die Energie dort umwandelt, wo sie am meisten gebraucht wird.\" \/>\n<meta name=\"robots\" content=\"index, follow, max-snippet:-1, max-image-preview:large, max-video-preview:-1\" \/>\n<link rel=\"canonical\" href=\"https:\/\/www.miomiorun.com\/de\/produkt\/ironman-heel-cushions-gel\/\" \/>\n<meta property=\"og:locale\" content=\"de_DE\" \/>\n<meta property=\"og:type\" content=\"article\" \/>\n<meta property=\"og:title\" content=\"Heel Cushions Gel - Laufeinlagen- MioMioRun\" \/>\n<meta property=\"og:description\" content=\"IronMan Heel Cushions Gel ist ein Fersenschutz, der maximale D\u00e4mpfung bietet und die Energie dort umwandelt, wo sie am meisten gebraucht wird.\" \/>\n<meta property=\"og:url\" content=\"https:\/\/www.miomiorun.com\/de\/produkt\/ironman-heel-cushions-gel\/\" \/>\n<meta property=\"og:site_name\" content=\"MioMioRun\" \/>\n<meta property=\"article:publisher\" content=\"https:\/\/www.facebook.com\/miomiorun\/\" \/>\n<meta property=\"article:modified_time\" content=\"2025-02-26T11:26:02+00:00\" \/>\n<meta property=\"og:image\" content=\"https:\/\/www.miomiorun.com\/app\/uploads\/2021\/10\/IronMan-Heel-Cushions-Gel-S60-004.jpg\" \/>\n\t<meta property=\"og:image:width\" content=\"600\" \/>\n\t<meta property=\"og:image:height\" content=\"600\" \/>\n\t<meta property=\"og:image:type\" content=\"image\/jpeg\" \/>\n<meta name=\"twitter:card\" content=\"summary_large_image\" \/>\n<meta name=\"twitter:label1\" content=\"Est. reading time\" \/>\n\t<meta name=\"twitter:data1\" content=\"1 minute\" \/>\n<script type=\"application\/ld+json\" class=\"yoast-schema-graph\">{\"@context\":\"https:\/\/schema.org\",\"@graph\":[{\"@type\":\"WebPage\",\"@id\":\"https:\/\/www.miomiorun.com\/de\/produkt\/ironman-heel-cushions-gel\/\",\"url\":\"https:\/\/www.miomiorun.com\/de\/produkt\/ironman-heel-cushions-gel\/\",\"name\":\"Heel Cushions Gel - Laufeinlagen- MioMioRun\",\"isPartOf\":{\"@id\":\"https:\/\/www.miomiorun.com\/de\/#website\"},\"primaryImageOfPage\":{\"@id\":\"https:\/\/www.miomiorun.com\/de\/produkt\/ironman-heel-cushions-gel\/#primaryimage\"},\"image\":{\"@id\":\"https:\/\/www.miomiorun.com\/de\/produkt\/ironman-heel-cushions-gel\/#primaryimage\"},\"thumbnailUrl\":\"https:\/\/www.miomiorun.com\/app\/uploads\/2021\/10\/IronMan-Heel-Cushions-Gel-S60-004.jpg\",\"datePublished\":\"2021-10-21T08:18:54+00:00\",\"dateModified\":\"2025-02-26T11:26:02+00:00\",\"description\":\"IronMan Heel Cushions Gel ist ein Fersenschutz, der maximale D\u00e4mpfung bietet und die Energie dort umwandelt, wo sie am meisten gebraucht wird.\",\"breadcrumb\":{\"@id\":\"https:\/\/www.miomiorun.com\/de\/produkt\/ironman-heel-cushions-gel\/#breadcrumb\"},\"inLanguage\":\"de-DE\",\"potentialAction\":[{\"@type\":\"ReadAction\",\"target\":[\"https:\/\/www.miomiorun.com\/de\/produkt\/ironman-heel-cushions-gel\/\"]}]},{\"@type\":\"ImageObject\",\"inLanguage\":\"de-DE\",\"@id\":\"https:\/\/www.miomiorun.com\/de\/produkt\/ironman-heel-cushions-gel\/#primaryimage\",\"url\":\"https:\/\/www.miomiorun.com\/app\/uploads\/2021\/10\/IronMan-Heel-Cushions-Gel-S60-004.jpg\",\"contentUrl\":\"https:\/\/www.miomiorun.com\/app\/uploads\/2021\/10\/IronMan-Heel-Cushions-Gel-S60-004.jpg\",\"width\":600,\"height\":600,\"caption\":\"IronMan heel cushions gel\"},{\"@type\":\"BreadcrumbList\",\"@id\":\"https:\/\/www.miomiorun.com\/de\/produkt\/ironman-heel-cushions-gel\/#breadcrumb\",\"itemListElement\":[{\"@type\":\"ListItem\",\"position\":1,\"name\":\"Home\",\"item\":\"https:\/\/www.miomiorun.com\/de\/\"},{\"@type\":\"ListItem\",\"position\":2,\"name\":\"Shop\",\"item\":\"https:\/\/www.miomiorun.com\/shop\/\"},{\"@type\":\"ListItem\",\"position\":3,\"name\":\"Heel Cushions Gel\"}]},{\"@type\":\"WebSite\",\"@id\":\"https:\/\/www.miomiorun.com\/de\/#website\",\"url\":\"https:\/\/www.miomiorun.com\/de\/\",\"name\":\"MioMioRun\",\"description\":\"100% Lauf- und Trailshop\",\"publisher\":{\"@id\":\"https:\/\/www.miomiorun.com\/de\/#organization\"},\"potentialAction\":[{\"@type\":\"SearchAction\",\"target\":{\"@type\":\"EntryPoint\",\"urlTemplate\":\"https:\/\/www.miomiorun.com\/de\/?s={search_term_string}\"},\"query-input\":{\"@type\":\"PropertyValueSpecification\",\"valueRequired\":true,\"valueName\":\"search_term_string\"}}],\"inLanguage\":\"de-DE\"},{\"@type\":\"Organization\",\"@id\":\"https:\/\/www.miomiorun.com\/de\/#organization\",\"name\":\"MioMio Run\",\"url\":\"https:\/\/www.miomiorun.com\/de\/\",\"logo\":{\"@type\":\"ImageObject\",\"inLanguage\":\"de-DE\",\"@id\":\"https:\/\/www.miomiorun.com\/de\/#\/schema\/logo\/image\/\",\"url\":\"https:\/\/www.miomiorun.com\/app\/uploads\/2019\/12\/logomio.png\",\"contentUrl\":\"https:\/\/www.miomiorun.com\/app\/uploads\/2019\/12\/logomio.png\",\"width\":115,\"height\":82,\"caption\":\"MioMio Run\"},\"image\":{\"@id\":\"https:\/\/www.miomiorun.com\/de\/#\/schema\/logo\/image\/\"},\"sameAs\":[\"https:\/\/www.facebook.com\/miomiorun\/\",\"https:\/\/www.instagram.com\/miomiorun\/\"]}]}<\/script>\n<!-- \/ Yoast SEO plugin. -->","yoast_head_json":{"title":"Heel Cushions Gel - Laufeinlagen- MioMioRun","description":"IronMan Heel Cushions Gel ist ein Fersenschutz, der maximale D\u00e4mpfung bietet und die Energie dort umwandelt, wo sie am meisten gebraucht wird.","robots":{"index":"index","follow":"follow","max-snippet":"max-snippet:-1","max-image-preview":"max-image-preview:large","max-video-preview":"max-video-preview:-1"},"canonical":"https:\/\/www.miomiorun.com\/de\/produkt\/ironman-heel-cushions-gel\/","og_locale":"de_DE","og_type":"article","og_title":"Heel Cushions Gel - Laufeinlagen- MioMioRun","og_description":"IronMan Heel Cushions Gel ist ein Fersenschutz, der maximale D\u00e4mpfung bietet und die Energie dort umwandelt, wo sie am meisten gebraucht wird.","og_url":"https:\/\/www.miomiorun.com\/de\/produkt\/ironman-heel-cushions-gel\/","og_site_name":"MioMioRun","article_publisher":"https:\/\/www.facebook.com\/miomiorun\/","article_modified_time":"2025-02-26T11:26:02+00:00","og_image":[{"width":600,"height":600,"url":"https:\/\/www.miomiorun.com\/app\/uploads\/2021\/10\/IronMan-Heel-Cushions-Gel-S60-004.jpg","type":"image\/jpeg"}],"twitter_card":"summary_large_image","twitter_misc":{"Est. reading time":"1 minute"},"schema":{"@context":"https:\/\/schema.org","@graph":[{"@type":"WebPage","@id":"https:\/\/www.miomiorun.com\/de\/produkt\/ironman-heel-cushions-gel\/","url":"https:\/\/www.miomiorun.com\/de\/produkt\/ironman-heel-cushions-gel\/","name":"Heel Cushions Gel - Laufeinlagen- MioMioRun","isPartOf":{"@id":"https:\/\/www.miomiorun.com\/de\/#website"},"primaryImageOfPage":{"@id":"https:\/\/www.miomiorun.com\/de\/produkt\/ironman-heel-cushions-gel\/#primaryimage"},"image":{"@id":"https:\/\/www.miomiorun.com\/de\/produkt\/ironman-heel-cushions-gel\/#primaryimage"},"thumbnailUrl":"https:\/\/www.miomiorun.com\/app\/uploads\/2021\/10\/IronMan-Heel-Cushions-Gel-S60-004.jpg","datePublished":"2021-10-21T08:18:54+00:00","dateModified":"2025-02-26T11:26:02+00:00","description":"IronMan Heel Cushions Gel ist ein Fersenschutz, der maximale D\u00e4mpfung bietet und die Energie dort umwandelt, wo sie am meisten gebraucht wird.","breadcrumb":{"@id":"https:\/\/www.miomiorun.com\/de\/produkt\/ironman-heel-cushions-gel\/#breadcrumb"},"inLanguage":"de-DE","potentialAction":[{"@type":"ReadAction","target":["https:\/\/www.miomiorun.com\/de\/produkt\/ironman-heel-cushions-gel\/"]}]},{"@type":"ImageObject","inLanguage":"de-DE","@id":"https:\/\/www.miomiorun.com\/de\/produkt\/ironman-heel-cushions-gel\/#primaryimage","url":"https:\/\/www.miomiorun.com\/app\/uploads\/2021\/10\/IronMan-Heel-Cushions-Gel-S60-004.jpg","contentUrl":"https:\/\/www.miomiorun.com\/app\/uploads\/2021\/10\/IronMan-Heel-Cushions-Gel-S60-004.jpg","width":600,"height":600,"caption":"IronMan heel cushions gel"},{"@type":"BreadcrumbList","@id":"https:\/\/www.miomiorun.com\/de\/produkt\/ironman-heel-cushions-gel\/#breadcrumb","itemListElement":[{"@type":"ListItem","position":1,"name":"Home","item":"https:\/\/www.miomiorun.com\/de\/"},{"@type":"ListItem","position":2,"name":"Shop","item":"https:\/\/www.miomiorun.com\/shop\/"},{"@type":"ListItem","position":3,"name":"Heel Cushions Gel"}]},{"@type":"WebSite","@id":"https:\/\/www.miomiorun.com\/de\/#website","url":"https:\/\/www.miomiorun.com\/de\/","name":"MioMioRun","description":"100% Lauf- und Trailshop","publisher":{"@id":"https:\/\/www.miomiorun.com\/de\/#organization"},"potentialAction":[{"@type":"SearchAction","target":{"@type":"EntryPoint","urlTemplate":"https:\/\/www.miomiorun.com\/de\/?s={search_term_string}"},"query-input":{"@type":"PropertyValueSpecification","valueRequired":true,"valueName":"search_term_string"}}],"inLanguage":"de-DE"},{"@type":"Organization","@id":"https:\/\/www.miomiorun.com\/de\/#organization","name":"MioMio Run","url":"https:\/\/www.miomiorun.com\/de\/","logo":{"@type":"ImageObject","inLanguage":"de-DE","@id":"https:\/\/www.miomiorun.com\/de\/#\/schema\/logo\/image\/","url":"https:\/\/www.miomiorun.com\/app\/uploads\/2019\/12\/logomio.png","contentUrl":"https:\/\/www.miomiorun.com\/app\/uploads\/2019\/12\/logomio.png","width":115,"height":82,"caption":"MioMio Run"},"image":{"@id":"https:\/\/www.miomiorun.com\/de\/#\/schema\/logo\/image\/"},"sameAs":["https:\/\/www.facebook.com\/miomiorun\/","https:\/\/www.instagram.com\/miomiorun\/"]}]}},"_links":{"self":[{"href":"https:\/\/www.miomiorun.com\/de\/wp-json\/wp\/v2\/product\/172154","targetHints":{"allow":["GET"]}}],"collection":[{"href":"https:\/\/www.miomiorun.com\/de\/wp-json\/wp\/v2\/product"}],"about":[{"href":"https:\/\/www.miomiorun.com\/de\/wp-json\/wp\/v2\/types\/product"}],"wp:featuredmedia":[{"embeddable":true,"href":"https:\/\/www.miomiorun.com\/de\/wp-json\/wp\/v2\/media\/59232"}],"wp:attachment":[{"href":"https:\/\/www.miomiorun.com\/de\/wp-json\/wp\/v2\/media?parent=172154"}],"wp:term":[{"taxonomy":"product_brand","embeddable":true,"href":"https:\/\/www.miomiorun.com\/de\/wp-json\/wp\/v2\/product_brand?post=172154"},{"taxonomy":"product_cat","embeddable":true,"href":"https:\/\/www.miomiorun.com\/de\/wp-json\/wp\/v2\/product_cat?post=172154"},{"taxonomy":"product_tag","embeddable":true,"href":"https:\/\/www.miomiorun.com\/de\/wp-json\/wp\/v2\/product_tag?post=172154"}],"curies":[{"name":"wp","href":"https:\/\/api.w.org\/{rel}","templated":true}]}}