{"id":172143,"date":"2019-12-22T23:20:26","date_gmt":"2019-12-22T22:20:26","guid":{"rendered":"https:\/\/miomiorun.com\/prodotto\/exodraw-2-0\/"},"modified":"2026-02-20T10:50:29","modified_gmt":"2026-02-20T09:50:29","slug":"exodraw-2-0","status":"publish","type":"product","link":"https:\/\/www.miomiorun.com\/de\/produkt\/exodraw-2-0\/","title":{"rendered":"ExoDraw 2.0"},"content":{"rendered":"<p><span style=\"font-weight: 400\">Bleiben Sie kilometerweit hydriert mit der tragbaren 535-ml-Trinkflasche <strong>Exodraw 2.0<\/strong> von Nathan. Die weiche, hocheffiziente und superbequeme Trinkflasche verf\u00fcgt \u00fcber eine kleine versteckte Tasche zum Transportieren Ihres Schl\u00fcssels oder Ihrer Gels f\u00fcr die beste Fl\u00fcssigkeitszufuhr unterwegs.<\/span><\/p>\n<p><strong>Eigenschaften:<\/strong><\/p>\n<ul>\n<li><span style=\"font-weight: 400\"><span class=\"metafield-multi_line_text_field\">Weicher 535-ml-Ball OHNE BPA mit Bei\u00dfventil.<br \/>\n<\/span><\/span><\/li>\n<li><span style=\"font-weight: 400\"><span class=\"metafield-multi_line_text_field\">Die starre ExoSpine\u2122 f\u00fcr ein hervorragendes Gef\u00fchl und eine hervorragende Unterst\u00fctzung der Hand.<\/span><\/span><\/li>\n<li><span style=\"font-weight: 400\"><span class=\"metafield-multi_line_text_field\">Das ergonomische Armband bietet Komfort ohne zu verrutschen.<\/span><\/span><\/li>\n<li><span style=\"font-weight: 400\"><span class=\"metafield-multi_line_text_field\">Die Position unter der Hand aus atmungsaktivem Mesh sorgt f\u00fcr Griffigkeit.<\/span><\/span><\/li>\n<li><span style=\"font-weight: 400\"><span class=\"metafield-multi_line_text_field\">Kleine versteckte Taschen f\u00fcr Gel oder einen Schl\u00fcssel.<\/span><\/span><\/li>\n<li><span style=\"font-weight: 400\"><span class=\"metafield-multi_line_text_field\">Die weiche Flasche l\u00e4sst sich leicht aus der H\u00fclle herausnehmen.<\/span><\/span><\/li>\n<\/ul>\n<p>&nbsp;<\/p>\n<p><strong>Gewicht mit Flasche:<\/strong> 91 g<br \/>\n<strong>Fassungsverm\u00f6gen:<\/strong> 0,25 Liter<\/p>\n","protected":false},"excerpt":{"rendered":"<ul>\n<li>Weiche Trinkflasche, ideal zum Halten w\u00e4hrend sportlicher Aktivit\u00e4ten.<\/li>\n<li>Mit einer Tasche zum Transportieren von Schl\u00fcsseln ausgestattet.<\/li>\n<\/ul>\n","protected":false},"featured_media":169689,"template":"","meta":{"_acf_changed":false,"inline_featured_image":false},"product_brand":[],"product_cat":[6342,6361,6363],"product_tag":[3383],"class_list":{"0":"post-172143","1":"product","2":"type-product","3":"status-publish","4":"has-post-thumbnail","6":"product_cat-zubehoer","7":"product_cat-hydratation-de","8":"product_cat-flaschen-de","9":"product_tag-nathan-de","10":"pa_attivita-outdoor-de","11":"pa_attivita-running-de","12":"pa_attivita-trail-de","13":"pa_marca-nathan-de","14":"pa_sesso-damen","15":"pa_sesso-herren","17":"first","18":"instock","19":"sale","20":"taxable","21":"shipping-taxable","22":"purchasable","23":"product-type-simple"},"acf":[],"yoast_head":"<!-- This site is optimized with the Yoast SEO plugin v26.8 - https:\/\/yoast.com\/product\/yoast-seo-wordpress\/ -->\n<title>Nathan ExoDraw 2.0 -Lauf-Trinkflasche MioMioRun<\/title>\n<meta name=\"description\" content=\"Die tragbare Trinkflasche Exodraw 2.0 von Nathan mit 535 ml Fassungsverm\u00f6gen. Die weiche, \u00e4u\u00dferst effiziente und superbequeme Trinkflasche verf\u00fcgt \u00fcber eine kleine versteckte Tasche.\" \/>\n<meta name=\"robots\" content=\"index, follow, max-snippet:-1, max-image-preview:large, max-video-preview:-1\" \/>\n<link rel=\"canonical\" href=\"https:\/\/www.miomiorun.com\/de\/produkt\/exodraw-2-0\/\" \/>\n<meta property=\"og:locale\" content=\"de_DE\" \/>\n<meta property=\"og:type\" content=\"article\" \/>\n<meta property=\"og:title\" content=\"Nathan ExoDraw 2.0 -Lauf-Trinkflasche MioMioRun\" \/>\n<meta property=\"og:description\" content=\"Die tragbare Trinkflasche Exodraw 2.0 von Nathan mit 535 ml Fassungsverm\u00f6gen. Die weiche, \u00e4u\u00dferst effiziente und superbequeme Trinkflasche verf\u00fcgt \u00fcber eine kleine versteckte Tasche.\" \/>\n<meta property=\"og:url\" content=\"https:\/\/www.miomiorun.com\/de\/produkt\/exodraw-2-0\/\" \/>\n<meta property=\"og:site_name\" content=\"MioMioRun\" \/>\n<meta property=\"article:publisher\" content=\"https:\/\/www.facebook.com\/miomiorun\/\" \/>\n<meta property=\"article:modified_time\" content=\"2026-02-20T09:50:29+00:00\" \/>\n<meta property=\"og:image\" content=\"https:\/\/www.miomiorun.com\/app\/uploads\/2019\/12\/nathan-Exodraw-2-4863.webp\" \/>\n\t<meta property=\"og:image:width\" content=\"600\" \/>\n\t<meta property=\"og:image:height\" content=\"600\" \/>\n\t<meta property=\"og:image:type\" content=\"image\/webp\" \/>\n<meta name=\"twitter:card\" content=\"summary_large_image\" \/>\n<meta name=\"twitter:label1\" content=\"Est. reading time\" \/>\n\t<meta name=\"twitter:data1\" content=\"1 minute\" \/>\n<script type=\"application\/ld+json\" class=\"yoast-schema-graph\">{\"@context\":\"https:\/\/schema.org\",\"@graph\":[{\"@type\":\"WebPage\",\"@id\":\"https:\/\/www.miomiorun.com\/de\/produkt\/exodraw-2-0\/\",\"url\":\"https:\/\/www.miomiorun.com\/de\/produkt\/exodraw-2-0\/\",\"name\":\"Nathan ExoDraw 2.0 -Lauf-Trinkflasche MioMioRun\",\"isPartOf\":{\"@id\":\"https:\/\/www.miomiorun.com\/de\/#website\"},\"primaryImageOfPage\":{\"@id\":\"https:\/\/www.miomiorun.com\/de\/produkt\/exodraw-2-0\/#primaryimage\"},\"image\":{\"@id\":\"https:\/\/www.miomiorun.com\/de\/produkt\/exodraw-2-0\/#primaryimage\"},\"thumbnailUrl\":\"https:\/\/www.miomiorun.com\/app\/uploads\/2019\/12\/nathan-Exodraw-2-4863.webp\",\"datePublished\":\"2019-12-22T22:20:26+00:00\",\"dateModified\":\"2026-02-20T09:50:29+00:00\",\"description\":\"Die tragbare Trinkflasche Exodraw 2.0 von Nathan mit 535 ml Fassungsverm\u00f6gen. Die weiche, \u00e4u\u00dferst effiziente und superbequeme Trinkflasche verf\u00fcgt \u00fcber eine kleine versteckte Tasche.\",\"breadcrumb\":{\"@id\":\"https:\/\/www.miomiorun.com\/de\/produkt\/exodraw-2-0\/#breadcrumb\"},\"inLanguage\":\"de-DE\",\"potentialAction\":[{\"@type\":\"ReadAction\",\"target\":[\"https:\/\/www.miomiorun.com\/de\/produkt\/exodraw-2-0\/\"]}]},{\"@type\":\"ImageObject\",\"inLanguage\":\"de-DE\",\"@id\":\"https:\/\/www.miomiorun.com\/de\/produkt\/exodraw-2-0\/#primaryimage\",\"url\":\"https:\/\/www.miomiorun.com\/app\/uploads\/2019\/12\/nathan-Exodraw-2-4863.webp\",\"contentUrl\":\"https:\/\/www.miomiorun.com\/app\/uploads\/2019\/12\/nathan-Exodraw-2-4863.webp\",\"width\":600,\"height\":600,\"caption\":\"nathan Exodraw 2 4863\"},{\"@type\":\"BreadcrumbList\",\"@id\":\"https:\/\/www.miomiorun.com\/de\/produkt\/exodraw-2-0\/#breadcrumb\",\"itemListElement\":[{\"@type\":\"ListItem\",\"position\":1,\"name\":\"Home\",\"item\":\"https:\/\/www.miomiorun.com\/de\/\"},{\"@type\":\"ListItem\",\"position\":2,\"name\":\"Shop\",\"item\":\"https:\/\/www.miomiorun.com\/shop\/\"},{\"@type\":\"ListItem\",\"position\":3,\"name\":\"ExoDraw 2.0\"}]},{\"@type\":\"WebSite\",\"@id\":\"https:\/\/www.miomiorun.com\/de\/#website\",\"url\":\"https:\/\/www.miomiorun.com\/de\/\",\"name\":\"MioMioRun\",\"description\":\"100% Lauf- und Trailshop\",\"publisher\":{\"@id\":\"https:\/\/www.miomiorun.com\/de\/#organization\"},\"potentialAction\":[{\"@type\":\"SearchAction\",\"target\":{\"@type\":\"EntryPoint\",\"urlTemplate\":\"https:\/\/www.miomiorun.com\/de\/?s={search_term_string}\"},\"query-input\":{\"@type\":\"PropertyValueSpecification\",\"valueRequired\":true,\"valueName\":\"search_term_string\"}}],\"inLanguage\":\"de-DE\"},{\"@type\":\"Organization\",\"@id\":\"https:\/\/www.miomiorun.com\/de\/#organization\",\"name\":\"MioMio Run\",\"url\":\"https:\/\/www.miomiorun.com\/de\/\",\"logo\":{\"@type\":\"ImageObject\",\"inLanguage\":\"de-DE\",\"@id\":\"https:\/\/www.miomiorun.com\/de\/#\/schema\/logo\/image\/\",\"url\":\"https:\/\/www.miomiorun.com\/app\/uploads\/2019\/12\/logomio.png\",\"contentUrl\":\"https:\/\/www.miomiorun.com\/app\/uploads\/2019\/12\/logomio.png\",\"width\":115,\"height\":82,\"caption\":\"MioMio Run\"},\"image\":{\"@id\":\"https:\/\/www.miomiorun.com\/de\/#\/schema\/logo\/image\/\"},\"sameAs\":[\"https:\/\/www.facebook.com\/miomiorun\/\",\"https:\/\/www.instagram.com\/miomiorun\/\"]}]}<\/script>\n<!-- \/ Yoast SEO plugin. -->","yoast_head_json":{"title":"Nathan ExoDraw 2.0 -Lauf-Trinkflasche MioMioRun","description":"Die tragbare Trinkflasche Exodraw 2.0 von Nathan mit 535 ml Fassungsverm\u00f6gen. Die weiche, \u00e4u\u00dferst effiziente und superbequeme Trinkflasche verf\u00fcgt \u00fcber eine kleine versteckte Tasche.","robots":{"index":"index","follow":"follow","max-snippet":"max-snippet:-1","max-image-preview":"max-image-preview:large","max-video-preview":"max-video-preview:-1"},"canonical":"https:\/\/www.miomiorun.com\/de\/produkt\/exodraw-2-0\/","og_locale":"de_DE","og_type":"article","og_title":"Nathan ExoDraw 2.0 -Lauf-Trinkflasche MioMioRun","og_description":"Die tragbare Trinkflasche Exodraw 2.0 von Nathan mit 535 ml Fassungsverm\u00f6gen. Die weiche, \u00e4u\u00dferst effiziente und superbequeme Trinkflasche verf\u00fcgt \u00fcber eine kleine versteckte Tasche.","og_url":"https:\/\/www.miomiorun.com\/de\/produkt\/exodraw-2-0\/","og_site_name":"MioMioRun","article_publisher":"https:\/\/www.facebook.com\/miomiorun\/","article_modified_time":"2026-02-20T09:50:29+00:00","og_image":[{"width":600,"height":600,"url":"https:\/\/www.miomiorun.com\/app\/uploads\/2019\/12\/nathan-Exodraw-2-4863.webp","type":"image\/webp"}],"twitter_card":"summary_large_image","twitter_misc":{"Est. reading time":"1 minute"},"schema":{"@context":"https:\/\/schema.org","@graph":[{"@type":"WebPage","@id":"https:\/\/www.miomiorun.com\/de\/produkt\/exodraw-2-0\/","url":"https:\/\/www.miomiorun.com\/de\/produkt\/exodraw-2-0\/","name":"Nathan ExoDraw 2.0 -Lauf-Trinkflasche MioMioRun","isPartOf":{"@id":"https:\/\/www.miomiorun.com\/de\/#website"},"primaryImageOfPage":{"@id":"https:\/\/www.miomiorun.com\/de\/produkt\/exodraw-2-0\/#primaryimage"},"image":{"@id":"https:\/\/www.miomiorun.com\/de\/produkt\/exodraw-2-0\/#primaryimage"},"thumbnailUrl":"https:\/\/www.miomiorun.com\/app\/uploads\/2019\/12\/nathan-Exodraw-2-4863.webp","datePublished":"2019-12-22T22:20:26+00:00","dateModified":"2026-02-20T09:50:29+00:00","description":"Die tragbare Trinkflasche Exodraw 2.0 von Nathan mit 535 ml Fassungsverm\u00f6gen. Die weiche, \u00e4u\u00dferst effiziente und superbequeme Trinkflasche verf\u00fcgt \u00fcber eine kleine versteckte Tasche.","breadcrumb":{"@id":"https:\/\/www.miomiorun.com\/de\/produkt\/exodraw-2-0\/#breadcrumb"},"inLanguage":"de-DE","potentialAction":[{"@type":"ReadAction","target":["https:\/\/www.miomiorun.com\/de\/produkt\/exodraw-2-0\/"]}]},{"@type":"ImageObject","inLanguage":"de-DE","@id":"https:\/\/www.miomiorun.com\/de\/produkt\/exodraw-2-0\/#primaryimage","url":"https:\/\/www.miomiorun.com\/app\/uploads\/2019\/12\/nathan-Exodraw-2-4863.webp","contentUrl":"https:\/\/www.miomiorun.com\/app\/uploads\/2019\/12\/nathan-Exodraw-2-4863.webp","width":600,"height":600,"caption":"nathan Exodraw 2 4863"},{"@type":"BreadcrumbList","@id":"https:\/\/www.miomiorun.com\/de\/produkt\/exodraw-2-0\/#breadcrumb","itemListElement":[{"@type":"ListItem","position":1,"name":"Home","item":"https:\/\/www.miomiorun.com\/de\/"},{"@type":"ListItem","position":2,"name":"Shop","item":"https:\/\/www.miomiorun.com\/shop\/"},{"@type":"ListItem","position":3,"name":"ExoDraw 2.0"}]},{"@type":"WebSite","@id":"https:\/\/www.miomiorun.com\/de\/#website","url":"https:\/\/www.miomiorun.com\/de\/","name":"MioMioRun","description":"100% Lauf- und Trailshop","publisher":{"@id":"https:\/\/www.miomiorun.com\/de\/#organization"},"potentialAction":[{"@type":"SearchAction","target":{"@type":"EntryPoint","urlTemplate":"https:\/\/www.miomiorun.com\/de\/?s={search_term_string}"},"query-input":{"@type":"PropertyValueSpecification","valueRequired":true,"valueName":"search_term_string"}}],"inLanguage":"de-DE"},{"@type":"Organization","@id":"https:\/\/www.miomiorun.com\/de\/#organization","name":"MioMio Run","url":"https:\/\/www.miomiorun.com\/de\/","logo":{"@type":"ImageObject","inLanguage":"de-DE","@id":"https:\/\/www.miomiorun.com\/de\/#\/schema\/logo\/image\/","url":"https:\/\/www.miomiorun.com\/app\/uploads\/2019\/12\/logomio.png","contentUrl":"https:\/\/www.miomiorun.com\/app\/uploads\/2019\/12\/logomio.png","width":115,"height":82,"caption":"MioMio Run"},"image":{"@id":"https:\/\/www.miomiorun.com\/de\/#\/schema\/logo\/image\/"},"sameAs":["https:\/\/www.facebook.com\/miomiorun\/","https:\/\/www.instagram.com\/miomiorun\/"]}]}},"_links":{"self":[{"href":"https:\/\/www.miomiorun.com\/de\/wp-json\/wp\/v2\/product\/172143","targetHints":{"allow":["GET"]}}],"collection":[{"href":"https:\/\/www.miomiorun.com\/de\/wp-json\/wp\/v2\/product"}],"about":[{"href":"https:\/\/www.miomiorun.com\/de\/wp-json\/wp\/v2\/types\/product"}],"wp:featuredmedia":[{"embeddable":true,"href":"https:\/\/www.miomiorun.com\/de\/wp-json\/wp\/v2\/media\/169689"}],"wp:attachment":[{"href":"https:\/\/www.miomiorun.com\/de\/wp-json\/wp\/v2\/media?parent=172143"}],"wp:term":[{"taxonomy":"product_brand","embeddable":true,"href":"https:\/\/www.miomiorun.com\/de\/wp-json\/wp\/v2\/product_brand?post=172143"},{"taxonomy":"product_cat","embeddable":true,"href":"https:\/\/www.miomiorun.com\/de\/wp-json\/wp\/v2\/product_cat?post=172143"},{"taxonomy":"product_tag","embeddable":true,"href":"https:\/\/www.miomiorun.com\/de\/wp-json\/wp\/v2\/product_tag?post=172143"}],"curies":[{"name":"wp","href":"https:\/\/api.w.org\/{rel}","templated":true}]}}