{"id":172138,"date":"2020-09-08T15:59:06","date_gmt":"2020-09-08T13:59:06","guid":{"rendered":"https:\/\/miomiorun.com\/prodotto\/nathan-trailmix-plus-hydration-belt\/"},"modified":"2026-05-08T20:44:17","modified_gmt":"2026-05-08T18:44:17","slug":"nathan-trailmix-plus-hydration-belt","status":"publish","type":"product","link":"https:\/\/www.miomiorun.com\/de\/produkt\/nathan-trailmix-plus-hydration-belt\/","title":{"rendered":"TrailMix Plus Hydration Belt"},"content":{"rendered":"<p>Der meistverkaufte Nathan-Trinkg\u00fcrtel mit zwei Flaschen, vollst\u00e4ndig verstellbar und ohne Springen, pr\u00e4sentiert sich nun mit einem neuen Design und neu gestalteten Flaschen, Halterungen und Taschen f\u00fcr mehr Komfort.<\/p>\n<p>Der weiche, ergonomisch geformte Monofilament-G\u00fcrtel bietet multidirektionale Elastizit\u00e4t, die ein Springen verhindert.<br \/>\nDie sicheren Halterungen erm\u00f6glichen einen einfachen, einh\u00e4ndigen und schnellen Zugriff auf Fl\u00fcssigkeit und Nahrung.<br \/>\nZwei 300-ml-\/10-oz-Flaschen mit Push-Pull-Verschl\u00fcssen.<br \/>\nRei\u00dfverschlusstasche mit Fronttasche f\u00fcr Gels, kompatibel mit den meisten gro\u00dfen Smartphones.<br \/>\nZwei seitliche Zugschn\u00fcre mit Einhand-Spannungsarretierung f\u00fcr mehr Kapazit\u00e4t.<br \/>\nReflektierende Details f\u00fcr bessere Sichtbarkeit<br \/>\nElastische Schlaufen halten \u00fcbersch\u00fcssige Gurte ordentlich zusammen<\/p>\n<p>Spezifikationen<\/p>\n<p>Gewicht mit Flasche: 9,1 oz \/ 258 g<br \/>\nFassungsverm\u00f6gen: 33 cu in \/ 0,5 Liter<br \/>\nGr\u00f6\u00dfe: OSFM (Einheitsgr\u00f6\u00dfe)<\/p>\n","protected":false},"excerpt":{"rendered":"<p>Der meistverkaufte Nathan-Trinkg\u00fcrtel mit zwei Flaschen, vollst\u00e4ndig verstellbar und ohne Springen, pr\u00e4sentiert sich nun mit einem neuen Design und neu gestalteten Flaschen, Halterungen und Taschen f\u00fcr mehr Komfort. Der weiche, ergonomisch geformte Monofilament-G\u00fcrtel bietet multidirektionale Elastizit\u00e4t, die ein Springen verhindert. Die sicheren Halterungen erm\u00f6glichen einen einfachen, einh\u00e4ndigen und schnellen Zugriff auf Fl\u00fcssigkeit und Nahrung. Zwei &hellip; <a href=\"https:\/\/www.miomiorun.com\/de\/produkt\/nathan-trailmix-plus-hydration-belt\/\">Continued<\/a><\/p>\n","protected":false},"featured_media":52882,"template":"","meta":{"_acf_changed":false,"inline_featured_image":false},"product_brand":[],"product_cat":[6342,6361,6363],"product_tag":[3383],"class_list":{"0":"post-172138","1":"product","2":"type-product","3":"status-publish","4":"has-post-thumbnail","6":"product_cat-zubehoer","7":"product_cat-hydratation-de","8":"product_cat-flaschen-de","9":"product_tag-nathan-de","10":"pa_attivita-gehen","11":"pa_attivita-outdoor-de","12":"pa_attivita-trail-de","13":"pa_colore-trail-mix-plus-2-astral-aura-de-2","14":"pa_marca-nathan-de","15":"pa_sesso-damen","16":"pa_sesso-herren","18":"first","19":"outofstock","20":"sale","21":"taxable","22":"shipping-taxable","23":"purchasable","24":"product-type-variable","25":"has-default-attributes","26":"wvs-archive-product-wrapper"},"acf":[],"yoast_head":"<!-- This site is optimized with the Yoast SEO plugin v26.8 - https:\/\/yoast.com\/product\/yoast-seo-wordpress\/ -->\n<title>Nathan TrailMix Plus Hydration Belt -Laufflasche - MioMioRun.com<\/title>\n<meta name=\"description\" content=\"Der meistverkaufte Nathan-Trinkg\u00fcrtel mit zwei Flaschen, vollst\u00e4ndig verstellbar, mit neu gestalteten Trinkflaschen, Halterungen und Tasche f\u00fcr mehr Komfort.\" \/>\n<meta name=\"robots\" content=\"index, follow, max-snippet:-1, max-image-preview:large, max-video-preview:-1\" \/>\n<link rel=\"canonical\" href=\"https:\/\/www.miomiorun.com\/de\/produkt\/nathan-trailmix-plus-hydration-belt\/\" \/>\n<meta property=\"og:locale\" content=\"de_DE\" \/>\n<meta property=\"og:type\" content=\"article\" \/>\n<meta property=\"og:title\" content=\"Nathan TrailMix Plus Hydration Belt -Laufflasche - MioMioRun.com\" \/>\n<meta property=\"og:description\" content=\"Der meistverkaufte Nathan-Trinkg\u00fcrtel mit zwei Flaschen, vollst\u00e4ndig verstellbar, mit neu gestalteten Trinkflaschen, Halterungen und Tasche f\u00fcr mehr Komfort.\" \/>\n<meta property=\"og:url\" content=\"https:\/\/www.miomiorun.com\/de\/produkt\/nathan-trailmix-plus-hydration-belt\/\" \/>\n<meta property=\"og:site_name\" content=\"MioMioRun\" \/>\n<meta property=\"article:publisher\" content=\"https:\/\/www.facebook.com\/miomiorun\/\" \/>\n<meta property=\"article:modified_time\" content=\"2026-05-08T18:44:17+00:00\" \/>\n<meta property=\"og:image\" content=\"https:\/\/www.miomiorun.com\/app\/uploads\/2020\/09\/Trail-Mix-Plus-2-astral-aura.jpg\" \/>\n\t<meta property=\"og:image:width\" content=\"600\" \/>\n\t<meta property=\"og:image:height\" content=\"600\" \/>\n\t<meta property=\"og:image:type\" content=\"image\/jpeg\" \/>\n<meta name=\"twitter:card\" content=\"summary_large_image\" \/>\n<meta name=\"twitter:label1\" content=\"Est. reading time\" \/>\n\t<meta name=\"twitter:data1\" content=\"1 minute\" \/>\n<script type=\"application\/ld+json\" class=\"yoast-schema-graph\">{\"@context\":\"https:\/\/schema.org\",\"@graph\":[{\"@type\":\"WebPage\",\"@id\":\"https:\/\/www.miomiorun.com\/de\/produkt\/nathan-trailmix-plus-hydration-belt\/\",\"url\":\"https:\/\/www.miomiorun.com\/de\/produkt\/nathan-trailmix-plus-hydration-belt\/\",\"name\":\"Nathan TrailMix Plus Hydration Belt -Laufflasche - MioMioRun.com\",\"isPartOf\":{\"@id\":\"https:\/\/www.miomiorun.com\/de\/#website\"},\"primaryImageOfPage\":{\"@id\":\"https:\/\/www.miomiorun.com\/de\/produkt\/nathan-trailmix-plus-hydration-belt\/#primaryimage\"},\"image\":{\"@id\":\"https:\/\/www.miomiorun.com\/de\/produkt\/nathan-trailmix-plus-hydration-belt\/#primaryimage\"},\"thumbnailUrl\":\"https:\/\/www.miomiorun.com\/app\/uploads\/2020\/09\/Trail-Mix-Plus-2-astral-aura.jpg\",\"datePublished\":\"2020-09-08T13:59:06+00:00\",\"dateModified\":\"2026-05-08T18:44:17+00:00\",\"description\":\"Der meistverkaufte Nathan-Trinkg\u00fcrtel mit zwei Flaschen, vollst\u00e4ndig verstellbar, mit neu gestalteten Trinkflaschen, Halterungen und Tasche f\u00fcr mehr Komfort.\",\"breadcrumb\":{\"@id\":\"https:\/\/www.miomiorun.com\/de\/produkt\/nathan-trailmix-plus-hydration-belt\/#breadcrumb\"},\"inLanguage\":\"de-DE\",\"potentialAction\":[{\"@type\":\"ReadAction\",\"target\":[\"https:\/\/www.miomiorun.com\/de\/produkt\/nathan-trailmix-plus-hydration-belt\/\"]}]},{\"@type\":\"ImageObject\",\"inLanguage\":\"de-DE\",\"@id\":\"https:\/\/www.miomiorun.com\/de\/produkt\/nathan-trailmix-plus-hydration-belt\/#primaryimage\",\"url\":\"https:\/\/www.miomiorun.com\/app\/uploads\/2020\/09\/Trail-Mix-Plus-2-astral-aura.jpg\",\"contentUrl\":\"https:\/\/www.miomiorun.com\/app\/uploads\/2020\/09\/Trail-Mix-Plus-2-astral-aura.jpg\",\"width\":600,\"height\":600,\"caption\":\"Trail-Mix-Plus-2-astral-aura\"},{\"@type\":\"BreadcrumbList\",\"@id\":\"https:\/\/www.miomiorun.com\/de\/produkt\/nathan-trailmix-plus-hydration-belt\/#breadcrumb\",\"itemListElement\":[{\"@type\":\"ListItem\",\"position\":1,\"name\":\"Home\",\"item\":\"https:\/\/www.miomiorun.com\/de\/home-page\/\"},{\"@type\":\"ListItem\",\"position\":2,\"name\":\"Shop\",\"item\":\"https:\/\/www.miomiorun.com\/shop\/\"},{\"@type\":\"ListItem\",\"position\":3,\"name\":\"TrailMix Plus Hydration Belt\"}]},{\"@type\":\"WebSite\",\"@id\":\"https:\/\/www.miomiorun.com\/de\/#website\",\"url\":\"https:\/\/www.miomiorun.com\/de\/\",\"name\":\"MioMioRun\",\"description\":\"100% Lauf- und Trailshop\",\"publisher\":{\"@id\":\"https:\/\/www.miomiorun.com\/de\/#organization\"},\"potentialAction\":[{\"@type\":\"SearchAction\",\"target\":{\"@type\":\"EntryPoint\",\"urlTemplate\":\"https:\/\/www.miomiorun.com\/de\/?s={search_term_string}\"},\"query-input\":{\"@type\":\"PropertyValueSpecification\",\"valueRequired\":true,\"valueName\":\"search_term_string\"}}],\"inLanguage\":\"de-DE\"},{\"@type\":\"Organization\",\"@id\":\"https:\/\/www.miomiorun.com\/de\/#organization\",\"name\":\"MioMio Run\",\"url\":\"https:\/\/www.miomiorun.com\/de\/\",\"logo\":{\"@type\":\"ImageObject\",\"inLanguage\":\"de-DE\",\"@id\":\"https:\/\/www.miomiorun.com\/de\/#\/schema\/logo\/image\/\",\"url\":\"https:\/\/www.miomiorun.com\/app\/uploads\/2019\/12\/logomio.png\",\"contentUrl\":\"https:\/\/www.miomiorun.com\/app\/uploads\/2019\/12\/logomio.png\",\"width\":115,\"height\":82,\"caption\":\"MioMio Run\"},\"image\":{\"@id\":\"https:\/\/www.miomiorun.com\/de\/#\/schema\/logo\/image\/\"},\"sameAs\":[\"https:\/\/www.facebook.com\/miomiorun\/\",\"https:\/\/www.instagram.com\/miomiorun\/\"]}]}<\/script>\n<!-- \/ Yoast SEO plugin. -->","yoast_head_json":{"title":"Nathan TrailMix Plus Hydration Belt -Laufflasche - MioMioRun.com","description":"Der meistverkaufte Nathan-Trinkg\u00fcrtel mit zwei Flaschen, vollst\u00e4ndig verstellbar, mit neu gestalteten Trinkflaschen, Halterungen und Tasche f\u00fcr mehr Komfort.","robots":{"index":"index","follow":"follow","max-snippet":"max-snippet:-1","max-image-preview":"max-image-preview:large","max-video-preview":"max-video-preview:-1"},"canonical":"https:\/\/www.miomiorun.com\/de\/produkt\/nathan-trailmix-plus-hydration-belt\/","og_locale":"de_DE","og_type":"article","og_title":"Nathan TrailMix Plus Hydration Belt -Laufflasche - MioMioRun.com","og_description":"Der meistverkaufte Nathan-Trinkg\u00fcrtel mit zwei Flaschen, vollst\u00e4ndig verstellbar, mit neu gestalteten Trinkflaschen, Halterungen und Tasche f\u00fcr mehr Komfort.","og_url":"https:\/\/www.miomiorun.com\/de\/produkt\/nathan-trailmix-plus-hydration-belt\/","og_site_name":"MioMioRun","article_publisher":"https:\/\/www.facebook.com\/miomiorun\/","article_modified_time":"2026-05-08T18:44:17+00:00","og_image":[{"width":600,"height":600,"url":"https:\/\/www.miomiorun.com\/app\/uploads\/2020\/09\/Trail-Mix-Plus-2-astral-aura.jpg","type":"image\/jpeg"}],"twitter_card":"summary_large_image","twitter_misc":{"Est. reading time":"1 minute"},"schema":{"@context":"https:\/\/schema.org","@graph":[{"@type":"WebPage","@id":"https:\/\/www.miomiorun.com\/de\/produkt\/nathan-trailmix-plus-hydration-belt\/","url":"https:\/\/www.miomiorun.com\/de\/produkt\/nathan-trailmix-plus-hydration-belt\/","name":"Nathan TrailMix Plus Hydration Belt -Laufflasche - MioMioRun.com","isPartOf":{"@id":"https:\/\/www.miomiorun.com\/de\/#website"},"primaryImageOfPage":{"@id":"https:\/\/www.miomiorun.com\/de\/produkt\/nathan-trailmix-plus-hydration-belt\/#primaryimage"},"image":{"@id":"https:\/\/www.miomiorun.com\/de\/produkt\/nathan-trailmix-plus-hydration-belt\/#primaryimage"},"thumbnailUrl":"https:\/\/www.miomiorun.com\/app\/uploads\/2020\/09\/Trail-Mix-Plus-2-astral-aura.jpg","datePublished":"2020-09-08T13:59:06+00:00","dateModified":"2026-05-08T18:44:17+00:00","description":"Der meistverkaufte Nathan-Trinkg\u00fcrtel mit zwei Flaschen, vollst\u00e4ndig verstellbar, mit neu gestalteten Trinkflaschen, Halterungen und Tasche f\u00fcr mehr Komfort.","breadcrumb":{"@id":"https:\/\/www.miomiorun.com\/de\/produkt\/nathan-trailmix-plus-hydration-belt\/#breadcrumb"},"inLanguage":"de-DE","potentialAction":[{"@type":"ReadAction","target":["https:\/\/www.miomiorun.com\/de\/produkt\/nathan-trailmix-plus-hydration-belt\/"]}]},{"@type":"ImageObject","inLanguage":"de-DE","@id":"https:\/\/www.miomiorun.com\/de\/produkt\/nathan-trailmix-plus-hydration-belt\/#primaryimage","url":"https:\/\/www.miomiorun.com\/app\/uploads\/2020\/09\/Trail-Mix-Plus-2-astral-aura.jpg","contentUrl":"https:\/\/www.miomiorun.com\/app\/uploads\/2020\/09\/Trail-Mix-Plus-2-astral-aura.jpg","width":600,"height":600,"caption":"Trail-Mix-Plus-2-astral-aura"},{"@type":"BreadcrumbList","@id":"https:\/\/www.miomiorun.com\/de\/produkt\/nathan-trailmix-plus-hydration-belt\/#breadcrumb","itemListElement":[{"@type":"ListItem","position":1,"name":"Home","item":"https:\/\/www.miomiorun.com\/de\/home-page\/"},{"@type":"ListItem","position":2,"name":"Shop","item":"https:\/\/www.miomiorun.com\/shop\/"},{"@type":"ListItem","position":3,"name":"TrailMix Plus Hydration Belt"}]},{"@type":"WebSite","@id":"https:\/\/www.miomiorun.com\/de\/#website","url":"https:\/\/www.miomiorun.com\/de\/","name":"MioMioRun","description":"100% Lauf- und Trailshop","publisher":{"@id":"https:\/\/www.miomiorun.com\/de\/#organization"},"potentialAction":[{"@type":"SearchAction","target":{"@type":"EntryPoint","urlTemplate":"https:\/\/www.miomiorun.com\/de\/?s={search_term_string}"},"query-input":{"@type":"PropertyValueSpecification","valueRequired":true,"valueName":"search_term_string"}}],"inLanguage":"de-DE"},{"@type":"Organization","@id":"https:\/\/www.miomiorun.com\/de\/#organization","name":"MioMio Run","url":"https:\/\/www.miomiorun.com\/de\/","logo":{"@type":"ImageObject","inLanguage":"de-DE","@id":"https:\/\/www.miomiorun.com\/de\/#\/schema\/logo\/image\/","url":"https:\/\/www.miomiorun.com\/app\/uploads\/2019\/12\/logomio.png","contentUrl":"https:\/\/www.miomiorun.com\/app\/uploads\/2019\/12\/logomio.png","width":115,"height":82,"caption":"MioMio Run"},"image":{"@id":"https:\/\/www.miomiorun.com\/de\/#\/schema\/logo\/image\/"},"sameAs":["https:\/\/www.facebook.com\/miomiorun\/","https:\/\/www.instagram.com\/miomiorun\/"]}]}},"_links":{"self":[{"href":"https:\/\/www.miomiorun.com\/de\/wp-json\/wp\/v2\/product\/172138","targetHints":{"allow":["GET"]}}],"collection":[{"href":"https:\/\/www.miomiorun.com\/de\/wp-json\/wp\/v2\/product"}],"about":[{"href":"https:\/\/www.miomiorun.com\/de\/wp-json\/wp\/v2\/types\/product"}],"wp:featuredmedia":[{"embeddable":true,"href":"https:\/\/www.miomiorun.com\/de\/wp-json\/wp\/v2\/media\/52882"}],"wp:attachment":[{"href":"https:\/\/www.miomiorun.com\/de\/wp-json\/wp\/v2\/media?parent=172138"}],"wp:term":[{"taxonomy":"product_brand","embeddable":true,"href":"https:\/\/www.miomiorun.com\/de\/wp-json\/wp\/v2\/product_brand?post=172138"},{"taxonomy":"product_cat","embeddable":true,"href":"https:\/\/www.miomiorun.com\/de\/wp-json\/wp\/v2\/product_cat?post=172138"},{"taxonomy":"product_tag","embeddable":true,"href":"https:\/\/www.miomiorun.com\/de\/wp-json\/wp\/v2\/product_tag?post=172138"}],"curies":[{"name":"wp","href":"https:\/\/api.w.org\/{rel}","templated":true}]}}