{"id":172126,"date":"2020-09-08T16:20:52","date_gmt":"2020-09-08T14:20:52","guid":{"rendered":"https:\/\/miomiorun.com\/prodotto\/nathan-littleshot-750ml-hydration-bottle\/"},"modified":"2026-02-13T18:32:24","modified_gmt":"2026-02-13T17:32:24","slug":"nathan-littleshot-750ml-hydration-bottle","status":"publish","type":"product","link":"https:\/\/www.miomiorun.com\/de\/produkt\/nathan-littleshot-750ml-hydration-bottle\/","title":{"rendered":"LittleShot 750mL Hydration Bottle"},"content":{"rendered":"<p>Bleiben Sie unterwegs hydriert mit dieser leicht zu haltenden Flasche, die perfekt in der Hand liegt.<\/p>\n<ul>\n<li>Der schmale, leicht zu trinkende Trinkverschluss verf\u00fcgt \u00fcber eine abnehmbare Silikond\u00fcse f\u00fcr eine einfache Reinigung<\/li>\n<li>Breite \u00d6ffnung f\u00fcr einfache Reinigung und Bef\u00fcllung<\/li>\n<li>Der befestigte Deckel bleibt an der Flasche haften<\/li>\n<li>BPA-freies Eastman Tritan\u00ae mit geruchs- und geschmacksneutraler Technologie<\/li>\n<li>Gr\u00f6\u00dfe: 750 ml<\/li>\n<\/ul>\n<p>Pflegehinweise<\/p>\n<ul>\n<li>Nur von Hand sp\u00fclen<\/li>\n<li>Diese Flasche nicht in die Sp\u00fclmaschine geben. Mit warmem Wasser und Seife reinigen und mit abgenommenem Deckel trocknen lassen<\/li>\n<li>ACHTUNG: Diese Flasche nicht in die Mikrowelle stellen. Die Flasche nicht einfrieren. Nicht \u00fcberf\u00fcllen<\/li>\n<\/ul>\n","protected":false},"excerpt":{"rendered":"<p>Bleiben Sie unterwegs hydriert mit dieser leicht zu haltenden Flasche, die perfekt in der Hand liegt. Der schmale, leicht zu trinkende Trinkverschluss verf\u00fcgt \u00fcber eine abnehmbare Silikond\u00fcse f\u00fcr eine einfache Reinigung Breite \u00d6ffnung f\u00fcr einfache Reinigung und Bef\u00fcllung Der befestigte Deckel bleibt an der Flasche haften BPA-freies Eastman Tritan\u00ae mit geruchs- und geschmacksneutraler Technologie Gr\u00f6\u00dfe: &hellip; <a href=\"https:\/\/www.miomiorun.com\/de\/produkt\/nathan-littleshot-750ml-hydration-bottle\/\">Continued<\/a><\/p>\n","protected":false},"featured_media":52892,"template":"","meta":{"_acf_changed":false,"inline_featured_image":false},"product_brand":[],"product_cat":[6342,6361,6363],"product_tag":[3383],"class_list":{"0":"post-172126","1":"product","2":"type-product","3":"status-publish","4":"has-post-thumbnail","6":"product_cat-zubehoer","7":"product_cat-hydratation-de","8":"product_cat-flaschen-de","9":"product_tag-nathan-de","10":"pa_attivita-gehen","11":"pa_attivita-outdoor-de","12":"pa_colore-little-shot-750ml-azzurro-de","13":"pa_colore-little-shot-750ml-rosso-de","14":"pa_marca-nathan-de","15":"pa_sesso-damen","16":"pa_sesso-herren","18":"first","19":"instock","20":"sale","21":"taxable","22":"shipping-taxable","23":"purchasable","24":"product-type-variable","25":"wvs-archive-product-wrapper"},"acf":[],"yoast_head":"<!-- This site is optimized with the Yoast SEO plugin v26.8 - https:\/\/yoast.com\/product\/yoast-seo-wordpress\/ -->\n<title>Nathan LittleShot 750mL Hydration Bottle - Trinkflasche - MioMioRun.com<\/title>\n<meta name=\"description\" content=\"Bleiben Sie unterwegs hydriert mit dieser leicht zu haltenden Flasche, die perfekt in der Hand liegt.\" \/>\n<meta name=\"robots\" content=\"index, follow, max-snippet:-1, max-image-preview:large, max-video-preview:-1\" \/>\n<link rel=\"canonical\" href=\"https:\/\/www.miomiorun.com\/de\/produkt\/nathan-littleshot-750ml-hydration-bottle\/\" \/>\n<meta property=\"og:locale\" content=\"de_DE\" \/>\n<meta property=\"og:type\" content=\"article\" \/>\n<meta property=\"og:title\" content=\"Nathan LittleShot 750mL Hydration Bottle - Trinkflasche - MioMioRun.com\" \/>\n<meta property=\"og:description\" content=\"Bleiben Sie unterwegs hydriert mit dieser leicht zu haltenden Flasche, die perfekt in der Hand liegt.\" \/>\n<meta property=\"og:url\" content=\"https:\/\/www.miomiorun.com\/de\/produkt\/nathan-littleshot-750ml-hydration-bottle\/\" \/>\n<meta property=\"og:site_name\" content=\"MioMioRun\" \/>\n<meta property=\"article:publisher\" content=\"https:\/\/www.facebook.com\/miomiorun\/\" \/>\n<meta property=\"article:modified_time\" content=\"2026-02-13T17:32:24+00:00\" \/>\n<meta property=\"og:image\" content=\"https:\/\/www.miomiorun.com\/app\/uploads\/2020\/09\/Little-Shot-750ml-bianco.jpg\" \/>\n\t<meta property=\"og:image:width\" content=\"600\" \/>\n\t<meta property=\"og:image:height\" content=\"600\" \/>\n\t<meta property=\"og:image:type\" content=\"image\/jpeg\" \/>\n<meta name=\"twitter:card\" content=\"summary_large_image\" \/>\n<meta name=\"twitter:label1\" content=\"Est. reading time\" \/>\n\t<meta name=\"twitter:data1\" content=\"1 minute\" \/>\n<script type=\"application\/ld+json\" class=\"yoast-schema-graph\">{\"@context\":\"https:\/\/schema.org\",\"@graph\":[{\"@type\":\"WebPage\",\"@id\":\"https:\/\/www.miomiorun.com\/de\/produkt\/nathan-littleshot-750ml-hydration-bottle\/\",\"url\":\"https:\/\/www.miomiorun.com\/de\/produkt\/nathan-littleshot-750ml-hydration-bottle\/\",\"name\":\"Nathan LittleShot 750mL Hydration Bottle - Trinkflasche - MioMioRun.com\",\"isPartOf\":{\"@id\":\"https:\/\/www.miomiorun.com\/de\/#website\"},\"primaryImageOfPage\":{\"@id\":\"https:\/\/www.miomiorun.com\/de\/produkt\/nathan-littleshot-750ml-hydration-bottle\/#primaryimage\"},\"image\":{\"@id\":\"https:\/\/www.miomiorun.com\/de\/produkt\/nathan-littleshot-750ml-hydration-bottle\/#primaryimage\"},\"thumbnailUrl\":\"https:\/\/www.miomiorun.com\/app\/uploads\/2020\/09\/Little-Shot-750ml-bianco.jpg\",\"datePublished\":\"2020-09-08T14:20:52+00:00\",\"dateModified\":\"2026-02-13T17:32:24+00:00\",\"description\":\"Bleiben Sie unterwegs hydriert mit dieser leicht zu haltenden Flasche, die perfekt in der Hand liegt.\",\"breadcrumb\":{\"@id\":\"https:\/\/www.miomiorun.com\/de\/produkt\/nathan-littleshot-750ml-hydration-bottle\/#breadcrumb\"},\"inLanguage\":\"de-DE\",\"potentialAction\":[{\"@type\":\"ReadAction\",\"target\":[\"https:\/\/www.miomiorun.com\/de\/produkt\/nathan-littleshot-750ml-hydration-bottle\/\"]}]},{\"@type\":\"ImageObject\",\"inLanguage\":\"de-DE\",\"@id\":\"https:\/\/www.miomiorun.com\/de\/produkt\/nathan-littleshot-750ml-hydration-bottle\/#primaryimage\",\"url\":\"https:\/\/www.miomiorun.com\/app\/uploads\/2020\/09\/Little-Shot-750ml-bianco.jpg\",\"contentUrl\":\"https:\/\/www.miomiorun.com\/app\/uploads\/2020\/09\/Little-Shot-750ml-bianco.jpg\",\"width\":600,\"height\":600,\"caption\":\"Little-Shot-750ml-bianco\"},{\"@type\":\"BreadcrumbList\",\"@id\":\"https:\/\/www.miomiorun.com\/de\/produkt\/nathan-littleshot-750ml-hydration-bottle\/#breadcrumb\",\"itemListElement\":[{\"@type\":\"ListItem\",\"position\":1,\"name\":\"Home\",\"item\":\"https:\/\/www.miomiorun.com\/de\/\"},{\"@type\":\"ListItem\",\"position\":2,\"name\":\"Shop\",\"item\":\"https:\/\/www.miomiorun.com\/shop\/\"},{\"@type\":\"ListItem\",\"position\":3,\"name\":\"LittleShot 750mL Hydration Bottle\"}]},{\"@type\":\"WebSite\",\"@id\":\"https:\/\/www.miomiorun.com\/de\/#website\",\"url\":\"https:\/\/www.miomiorun.com\/de\/\",\"name\":\"MioMioRun\",\"description\":\"100% Lauf- und Trailshop\",\"publisher\":{\"@id\":\"https:\/\/www.miomiorun.com\/de\/#organization\"},\"potentialAction\":[{\"@type\":\"SearchAction\",\"target\":{\"@type\":\"EntryPoint\",\"urlTemplate\":\"https:\/\/www.miomiorun.com\/de\/?s={search_term_string}\"},\"query-input\":{\"@type\":\"PropertyValueSpecification\",\"valueRequired\":true,\"valueName\":\"search_term_string\"}}],\"inLanguage\":\"de-DE\"},{\"@type\":\"Organization\",\"@id\":\"https:\/\/www.miomiorun.com\/de\/#organization\",\"name\":\"MioMio Run\",\"url\":\"https:\/\/www.miomiorun.com\/de\/\",\"logo\":{\"@type\":\"ImageObject\",\"inLanguage\":\"de-DE\",\"@id\":\"https:\/\/www.miomiorun.com\/de\/#\/schema\/logo\/image\/\",\"url\":\"https:\/\/www.miomiorun.com\/app\/uploads\/2019\/12\/logomio.png\",\"contentUrl\":\"https:\/\/www.miomiorun.com\/app\/uploads\/2019\/12\/logomio.png\",\"width\":115,\"height\":82,\"caption\":\"MioMio Run\"},\"image\":{\"@id\":\"https:\/\/www.miomiorun.com\/de\/#\/schema\/logo\/image\/\"},\"sameAs\":[\"https:\/\/www.facebook.com\/miomiorun\/\",\"https:\/\/www.instagram.com\/miomiorun\/\"]}]}<\/script>\n<!-- \/ Yoast SEO plugin. -->","yoast_head_json":{"title":"Nathan LittleShot 750mL Hydration Bottle - Trinkflasche - MioMioRun.com","description":"Bleiben Sie unterwegs hydriert mit dieser leicht zu haltenden Flasche, die perfekt in der Hand liegt.","robots":{"index":"index","follow":"follow","max-snippet":"max-snippet:-1","max-image-preview":"max-image-preview:large","max-video-preview":"max-video-preview:-1"},"canonical":"https:\/\/www.miomiorun.com\/de\/produkt\/nathan-littleshot-750ml-hydration-bottle\/","og_locale":"de_DE","og_type":"article","og_title":"Nathan LittleShot 750mL Hydration Bottle - Trinkflasche - MioMioRun.com","og_description":"Bleiben Sie unterwegs hydriert mit dieser leicht zu haltenden Flasche, die perfekt in der Hand liegt.","og_url":"https:\/\/www.miomiorun.com\/de\/produkt\/nathan-littleshot-750ml-hydration-bottle\/","og_site_name":"MioMioRun","article_publisher":"https:\/\/www.facebook.com\/miomiorun\/","article_modified_time":"2026-02-13T17:32:24+00:00","og_image":[{"width":600,"height":600,"url":"https:\/\/www.miomiorun.com\/app\/uploads\/2020\/09\/Little-Shot-750ml-bianco.jpg","type":"image\/jpeg"}],"twitter_card":"summary_large_image","twitter_misc":{"Est. reading time":"1 minute"},"schema":{"@context":"https:\/\/schema.org","@graph":[{"@type":"WebPage","@id":"https:\/\/www.miomiorun.com\/de\/produkt\/nathan-littleshot-750ml-hydration-bottle\/","url":"https:\/\/www.miomiorun.com\/de\/produkt\/nathan-littleshot-750ml-hydration-bottle\/","name":"Nathan LittleShot 750mL Hydration Bottle - Trinkflasche - MioMioRun.com","isPartOf":{"@id":"https:\/\/www.miomiorun.com\/de\/#website"},"primaryImageOfPage":{"@id":"https:\/\/www.miomiorun.com\/de\/produkt\/nathan-littleshot-750ml-hydration-bottle\/#primaryimage"},"image":{"@id":"https:\/\/www.miomiorun.com\/de\/produkt\/nathan-littleshot-750ml-hydration-bottle\/#primaryimage"},"thumbnailUrl":"https:\/\/www.miomiorun.com\/app\/uploads\/2020\/09\/Little-Shot-750ml-bianco.jpg","datePublished":"2020-09-08T14:20:52+00:00","dateModified":"2026-02-13T17:32:24+00:00","description":"Bleiben Sie unterwegs hydriert mit dieser leicht zu haltenden Flasche, die perfekt in der Hand liegt.","breadcrumb":{"@id":"https:\/\/www.miomiorun.com\/de\/produkt\/nathan-littleshot-750ml-hydration-bottle\/#breadcrumb"},"inLanguage":"de-DE","potentialAction":[{"@type":"ReadAction","target":["https:\/\/www.miomiorun.com\/de\/produkt\/nathan-littleshot-750ml-hydration-bottle\/"]}]},{"@type":"ImageObject","inLanguage":"de-DE","@id":"https:\/\/www.miomiorun.com\/de\/produkt\/nathan-littleshot-750ml-hydration-bottle\/#primaryimage","url":"https:\/\/www.miomiorun.com\/app\/uploads\/2020\/09\/Little-Shot-750ml-bianco.jpg","contentUrl":"https:\/\/www.miomiorun.com\/app\/uploads\/2020\/09\/Little-Shot-750ml-bianco.jpg","width":600,"height":600,"caption":"Little-Shot-750ml-bianco"},{"@type":"BreadcrumbList","@id":"https:\/\/www.miomiorun.com\/de\/produkt\/nathan-littleshot-750ml-hydration-bottle\/#breadcrumb","itemListElement":[{"@type":"ListItem","position":1,"name":"Home","item":"https:\/\/www.miomiorun.com\/de\/"},{"@type":"ListItem","position":2,"name":"Shop","item":"https:\/\/www.miomiorun.com\/shop\/"},{"@type":"ListItem","position":3,"name":"LittleShot 750mL Hydration Bottle"}]},{"@type":"WebSite","@id":"https:\/\/www.miomiorun.com\/de\/#website","url":"https:\/\/www.miomiorun.com\/de\/","name":"MioMioRun","description":"100% Lauf- und Trailshop","publisher":{"@id":"https:\/\/www.miomiorun.com\/de\/#organization"},"potentialAction":[{"@type":"SearchAction","target":{"@type":"EntryPoint","urlTemplate":"https:\/\/www.miomiorun.com\/de\/?s={search_term_string}"},"query-input":{"@type":"PropertyValueSpecification","valueRequired":true,"valueName":"search_term_string"}}],"inLanguage":"de-DE"},{"@type":"Organization","@id":"https:\/\/www.miomiorun.com\/de\/#organization","name":"MioMio Run","url":"https:\/\/www.miomiorun.com\/de\/","logo":{"@type":"ImageObject","inLanguage":"de-DE","@id":"https:\/\/www.miomiorun.com\/de\/#\/schema\/logo\/image\/","url":"https:\/\/www.miomiorun.com\/app\/uploads\/2019\/12\/logomio.png","contentUrl":"https:\/\/www.miomiorun.com\/app\/uploads\/2019\/12\/logomio.png","width":115,"height":82,"caption":"MioMio Run"},"image":{"@id":"https:\/\/www.miomiorun.com\/de\/#\/schema\/logo\/image\/"},"sameAs":["https:\/\/www.facebook.com\/miomiorun\/","https:\/\/www.instagram.com\/miomiorun\/"]}]}},"_links":{"self":[{"href":"https:\/\/www.miomiorun.com\/de\/wp-json\/wp\/v2\/product\/172126","targetHints":{"allow":["GET"]}}],"collection":[{"href":"https:\/\/www.miomiorun.com\/de\/wp-json\/wp\/v2\/product"}],"about":[{"href":"https:\/\/www.miomiorun.com\/de\/wp-json\/wp\/v2\/types\/product"}],"wp:featuredmedia":[{"embeddable":true,"href":"https:\/\/www.miomiorun.com\/de\/wp-json\/wp\/v2\/media\/52892"}],"wp:attachment":[{"href":"https:\/\/www.miomiorun.com\/de\/wp-json\/wp\/v2\/media?parent=172126"}],"wp:term":[{"taxonomy":"product_brand","embeddable":true,"href":"https:\/\/www.miomiorun.com\/de\/wp-json\/wp\/v2\/product_brand?post=172126"},{"taxonomy":"product_cat","embeddable":true,"href":"https:\/\/www.miomiorun.com\/de\/wp-json\/wp\/v2\/product_cat?post=172126"},{"taxonomy":"product_tag","embeddable":true,"href":"https:\/\/www.miomiorun.com\/de\/wp-json\/wp\/v2\/product_tag?post=172126"}],"curies":[{"name":"wp","href":"https:\/\/api.w.org\/{rel}","templated":true}]}}