{"id":172115,"date":"2020-09-29T18:59:11","date_gmt":"2020-09-29T16:59:11","guid":{"rendered":"https:\/\/miomiorun.com\/prodotto\/nathan-hammerhead-532-ml\/"},"modified":"2026-02-13T18:33:28","modified_gmt":"2026-02-13T17:33:28","slug":"nathan-hammerhead-532-ml","status":"publish","type":"product","link":"https:\/\/www.miomiorun.com\/de\/produkt\/nathan-hammerhead-532-ml\/","title":{"rendered":"HammerHead 532 ml Flasche"},"content":{"rendered":"<p>Innovative Isolierung trifft auf robustes rundes und eckiges Design bei diesen auff\u00e4lligen und eleganten Edelstahlflaschen mit Dreifachisolierung.<br \/>\nNicht sp\u00fclmaschinenfest.<\/p>\n<ul>\n<li>Doppelwandiger, isolierter 18\/8-Edelstahl<\/li>\n<li>H\u00e4lt Fl\u00fcssigkeiten 35 Stunden lang kalt und 15 Stunden lang warm<\/li>\n<li>Keine Kondensation oder Schwei\u00dfbildung<\/li>\n<li>Dreifache Isolierung f\u00fcr W\u00e4rmespeicherung<\/li>\n<li>Isolierter Verschluss mit breiter \u00d6ffnung zum Bef\u00fcllen und Reinigen<\/li>\n<li>Isolierte Kappe mit schmaler \u00d6ffnung zum Trinken<\/li>\n<li>Rutschfester Boden aus TPE<\/li>\n<li>BPA- und bleifrei<\/li>\n<\/ul>\n","protected":false},"excerpt":{"rendered":"<p>Innovative Isolierung trifft auf robustes rundes und eckiges Design bei diesen auff\u00e4lligen und eleganten Edelstahlflaschen mit Dreifachisolierung. Nicht sp\u00fclmaschinenfest. Doppelwandiger, isolierter 18\/8-Edelstahl H\u00e4lt Fl\u00fcssigkeiten 35 Stunden lang kalt und 15 Stunden lang warm Keine Kondensation oder Schwei\u00dfbildung Dreifache Isolierung f\u00fcr W\u00e4rmespeicherung Isolierter Verschluss mit breiter \u00d6ffnung zum Bef\u00fcllen und Reinigen Isolierte Kappe mit schmaler \u00d6ffnung &hellip; <a href=\"https:\/\/www.miomiorun.com\/de\/produkt\/nathan-hammerhead-532-ml\/\">Continued<\/a><\/p>\n","protected":false},"featured_media":53096,"template":"","meta":{"_acf_changed":false,"inline_featured_image":false},"product_brand":[],"product_cat":[6342,6361,6363],"product_tag":[3383],"class_list":{"0":"post-172115","1":"product","2":"type-product","3":"status-publish","4":"has-post-thumbnail","6":"product_cat-zubehoer","7":"product_cat-hydratation-de","8":"product_cat-flaschen-de","9":"product_tag-nathan-de","10":"pa_attivita-outdoor-de","11":"pa_colore-hammerhead-532ml-black-de","12":"pa_colore-hammerhead-532ml-sangria-de","13":"pa_marca-nathan-de","14":"pa_sesso-damen","15":"pa_sesso-herren","17":"first","18":"instock","19":"sale","20":"taxable","21":"shipping-taxable","22":"purchasable","23":"product-type-variable","24":"wvs-archive-product-wrapper"},"acf":[],"yoast_head":"<!-- This site is optimized with the Yoast SEO plugin v26.8 - https:\/\/yoast.com\/product\/yoast-seo-wordpress\/ -->\n<title>Nathan HammerHead 532 ml Flasche - Trinkflasche - MioMioRun.com<\/title>\n<meta name=\"description\" content=\"Innovative Isolierung trifft auf robustes rundes und eckiges Design bei diesen auff\u00e4lligen und eleganten Edelstahlflaschen mit Dreifachisolierung.\" \/>\n<meta name=\"robots\" content=\"index, follow, max-snippet:-1, max-image-preview:large, max-video-preview:-1\" \/>\n<link rel=\"canonical\" href=\"https:\/\/www.miomiorun.com\/de\/produkt\/nathan-hammerhead-532-ml\/\" \/>\n<meta property=\"og:locale\" content=\"de_DE\" \/>\n<meta property=\"og:type\" content=\"article\" \/>\n<meta property=\"og:title\" content=\"Nathan HammerHead 532 ml Flasche - Trinkflasche - MioMioRun.com\" \/>\n<meta property=\"og:description\" content=\"Innovative Isolierung trifft auf robustes rundes und eckiges Design bei diesen auff\u00e4lligen und eleganten Edelstahlflaschen mit Dreifachisolierung.\" \/>\n<meta property=\"og:url\" content=\"https:\/\/www.miomiorun.com\/de\/produkt\/nathan-hammerhead-532-ml\/\" \/>\n<meta property=\"og:site_name\" content=\"MioMioRun\" \/>\n<meta property=\"article:publisher\" content=\"https:\/\/www.facebook.com\/miomiorun\/\" \/>\n<meta property=\"article:modified_time\" content=\"2026-02-13T17:33:28+00:00\" \/>\n<meta property=\"og:image\" content=\"https:\/\/www.miomiorun.com\/app\/uploads\/2020\/09\/Nathan-HammerHead-532ml-black.jpg\" \/>\n\t<meta property=\"og:image:width\" content=\"600\" \/>\n\t<meta property=\"og:image:height\" content=\"600\" \/>\n\t<meta property=\"og:image:type\" content=\"image\/jpeg\" \/>\n<meta name=\"twitter:card\" content=\"summary_large_image\" \/>\n<script type=\"application\/ld+json\" class=\"yoast-schema-graph\">{\"@context\":\"https:\/\/schema.org\",\"@graph\":[{\"@type\":\"WebPage\",\"@id\":\"https:\/\/www.miomiorun.com\/de\/produkt\/nathan-hammerhead-532-ml\/\",\"url\":\"https:\/\/www.miomiorun.com\/de\/produkt\/nathan-hammerhead-532-ml\/\",\"name\":\"Nathan HammerHead 532 ml Flasche - Trinkflasche - MioMioRun.com\",\"isPartOf\":{\"@id\":\"https:\/\/www.miomiorun.com\/de\/#website\"},\"primaryImageOfPage\":{\"@id\":\"https:\/\/www.miomiorun.com\/de\/produkt\/nathan-hammerhead-532-ml\/#primaryimage\"},\"image\":{\"@id\":\"https:\/\/www.miomiorun.com\/de\/produkt\/nathan-hammerhead-532-ml\/#primaryimage\"},\"thumbnailUrl\":\"https:\/\/www.miomiorun.com\/app\/uploads\/2020\/09\/Nathan-HammerHead-532ml-black.jpg\",\"datePublished\":\"2020-09-29T16:59:11+00:00\",\"dateModified\":\"2026-02-13T17:33:28+00:00\",\"description\":\"Innovative Isolierung trifft auf robustes rundes und eckiges Design bei diesen auff\u00e4lligen und eleganten Edelstahlflaschen mit Dreifachisolierung.\",\"breadcrumb\":{\"@id\":\"https:\/\/www.miomiorun.com\/de\/produkt\/nathan-hammerhead-532-ml\/#breadcrumb\"},\"inLanguage\":\"de-DE\",\"potentialAction\":[{\"@type\":\"ReadAction\",\"target\":[\"https:\/\/www.miomiorun.com\/de\/produkt\/nathan-hammerhead-532-ml\/\"]}]},{\"@type\":\"ImageObject\",\"inLanguage\":\"de-DE\",\"@id\":\"https:\/\/www.miomiorun.com\/de\/produkt\/nathan-hammerhead-532-ml\/#primaryimage\",\"url\":\"https:\/\/www.miomiorun.com\/app\/uploads\/2020\/09\/Nathan-HammerHead-532ml-black.jpg\",\"contentUrl\":\"https:\/\/www.miomiorun.com\/app\/uploads\/2020\/09\/Nathan-HammerHead-532ml-black.jpg\",\"width\":600,\"height\":600,\"caption\":\"Nathan-HammerHead-532ml-black\"},{\"@type\":\"BreadcrumbList\",\"@id\":\"https:\/\/www.miomiorun.com\/de\/produkt\/nathan-hammerhead-532-ml\/#breadcrumb\",\"itemListElement\":[{\"@type\":\"ListItem\",\"position\":1,\"name\":\"Home\",\"item\":\"https:\/\/www.miomiorun.com\/de\/\"},{\"@type\":\"ListItem\",\"position\":2,\"name\":\"Shop\",\"item\":\"https:\/\/www.miomiorun.com\/shop\/\"},{\"@type\":\"ListItem\",\"position\":3,\"name\":\"HammerHead 532 ml Flasche\"}]},{\"@type\":\"WebSite\",\"@id\":\"https:\/\/www.miomiorun.com\/de\/#website\",\"url\":\"https:\/\/www.miomiorun.com\/de\/\",\"name\":\"MioMioRun\",\"description\":\"100% Lauf- und Trailshop\",\"publisher\":{\"@id\":\"https:\/\/www.miomiorun.com\/de\/#organization\"},\"potentialAction\":[{\"@type\":\"SearchAction\",\"target\":{\"@type\":\"EntryPoint\",\"urlTemplate\":\"https:\/\/www.miomiorun.com\/de\/?s={search_term_string}\"},\"query-input\":{\"@type\":\"PropertyValueSpecification\",\"valueRequired\":true,\"valueName\":\"search_term_string\"}}],\"inLanguage\":\"de-DE\"},{\"@type\":\"Organization\",\"@id\":\"https:\/\/www.miomiorun.com\/de\/#organization\",\"name\":\"MioMio Run\",\"url\":\"https:\/\/www.miomiorun.com\/de\/\",\"logo\":{\"@type\":\"ImageObject\",\"inLanguage\":\"de-DE\",\"@id\":\"https:\/\/www.miomiorun.com\/de\/#\/schema\/logo\/image\/\",\"url\":\"https:\/\/www.miomiorun.com\/app\/uploads\/2019\/12\/logomio.png\",\"contentUrl\":\"https:\/\/www.miomiorun.com\/app\/uploads\/2019\/12\/logomio.png\",\"width\":115,\"height\":82,\"caption\":\"MioMio Run\"},\"image\":{\"@id\":\"https:\/\/www.miomiorun.com\/de\/#\/schema\/logo\/image\/\"},\"sameAs\":[\"https:\/\/www.facebook.com\/miomiorun\/\",\"https:\/\/www.instagram.com\/miomiorun\/\"]}]}<\/script>\n<!-- \/ Yoast SEO plugin. -->","yoast_head_json":{"title":"Nathan HammerHead 532 ml Flasche - Trinkflasche - MioMioRun.com","description":"Innovative Isolierung trifft auf robustes rundes und eckiges Design bei diesen auff\u00e4lligen und eleganten Edelstahlflaschen mit Dreifachisolierung.","robots":{"index":"index","follow":"follow","max-snippet":"max-snippet:-1","max-image-preview":"max-image-preview:large","max-video-preview":"max-video-preview:-1"},"canonical":"https:\/\/www.miomiorun.com\/de\/produkt\/nathan-hammerhead-532-ml\/","og_locale":"de_DE","og_type":"article","og_title":"Nathan HammerHead 532 ml Flasche - Trinkflasche - MioMioRun.com","og_description":"Innovative Isolierung trifft auf robustes rundes und eckiges Design bei diesen auff\u00e4lligen und eleganten Edelstahlflaschen mit Dreifachisolierung.","og_url":"https:\/\/www.miomiorun.com\/de\/produkt\/nathan-hammerhead-532-ml\/","og_site_name":"MioMioRun","article_publisher":"https:\/\/www.facebook.com\/miomiorun\/","article_modified_time":"2026-02-13T17:33:28+00:00","og_image":[{"width":600,"height":600,"url":"https:\/\/www.miomiorun.com\/app\/uploads\/2020\/09\/Nathan-HammerHead-532ml-black.jpg","type":"image\/jpeg"}],"twitter_card":"summary_large_image","schema":{"@context":"https:\/\/schema.org","@graph":[{"@type":"WebPage","@id":"https:\/\/www.miomiorun.com\/de\/produkt\/nathan-hammerhead-532-ml\/","url":"https:\/\/www.miomiorun.com\/de\/produkt\/nathan-hammerhead-532-ml\/","name":"Nathan HammerHead 532 ml Flasche - Trinkflasche - MioMioRun.com","isPartOf":{"@id":"https:\/\/www.miomiorun.com\/de\/#website"},"primaryImageOfPage":{"@id":"https:\/\/www.miomiorun.com\/de\/produkt\/nathan-hammerhead-532-ml\/#primaryimage"},"image":{"@id":"https:\/\/www.miomiorun.com\/de\/produkt\/nathan-hammerhead-532-ml\/#primaryimage"},"thumbnailUrl":"https:\/\/www.miomiorun.com\/app\/uploads\/2020\/09\/Nathan-HammerHead-532ml-black.jpg","datePublished":"2020-09-29T16:59:11+00:00","dateModified":"2026-02-13T17:33:28+00:00","description":"Innovative Isolierung trifft auf robustes rundes und eckiges Design bei diesen auff\u00e4lligen und eleganten Edelstahlflaschen mit Dreifachisolierung.","breadcrumb":{"@id":"https:\/\/www.miomiorun.com\/de\/produkt\/nathan-hammerhead-532-ml\/#breadcrumb"},"inLanguage":"de-DE","potentialAction":[{"@type":"ReadAction","target":["https:\/\/www.miomiorun.com\/de\/produkt\/nathan-hammerhead-532-ml\/"]}]},{"@type":"ImageObject","inLanguage":"de-DE","@id":"https:\/\/www.miomiorun.com\/de\/produkt\/nathan-hammerhead-532-ml\/#primaryimage","url":"https:\/\/www.miomiorun.com\/app\/uploads\/2020\/09\/Nathan-HammerHead-532ml-black.jpg","contentUrl":"https:\/\/www.miomiorun.com\/app\/uploads\/2020\/09\/Nathan-HammerHead-532ml-black.jpg","width":600,"height":600,"caption":"Nathan-HammerHead-532ml-black"},{"@type":"BreadcrumbList","@id":"https:\/\/www.miomiorun.com\/de\/produkt\/nathan-hammerhead-532-ml\/#breadcrumb","itemListElement":[{"@type":"ListItem","position":1,"name":"Home","item":"https:\/\/www.miomiorun.com\/de\/"},{"@type":"ListItem","position":2,"name":"Shop","item":"https:\/\/www.miomiorun.com\/shop\/"},{"@type":"ListItem","position":3,"name":"HammerHead 532 ml Flasche"}]},{"@type":"WebSite","@id":"https:\/\/www.miomiorun.com\/de\/#website","url":"https:\/\/www.miomiorun.com\/de\/","name":"MioMioRun","description":"100% Lauf- und Trailshop","publisher":{"@id":"https:\/\/www.miomiorun.com\/de\/#organization"},"potentialAction":[{"@type":"SearchAction","target":{"@type":"EntryPoint","urlTemplate":"https:\/\/www.miomiorun.com\/de\/?s={search_term_string}"},"query-input":{"@type":"PropertyValueSpecification","valueRequired":true,"valueName":"search_term_string"}}],"inLanguage":"de-DE"},{"@type":"Organization","@id":"https:\/\/www.miomiorun.com\/de\/#organization","name":"MioMio Run","url":"https:\/\/www.miomiorun.com\/de\/","logo":{"@type":"ImageObject","inLanguage":"de-DE","@id":"https:\/\/www.miomiorun.com\/de\/#\/schema\/logo\/image\/","url":"https:\/\/www.miomiorun.com\/app\/uploads\/2019\/12\/logomio.png","contentUrl":"https:\/\/www.miomiorun.com\/app\/uploads\/2019\/12\/logomio.png","width":115,"height":82,"caption":"MioMio Run"},"image":{"@id":"https:\/\/www.miomiorun.com\/de\/#\/schema\/logo\/image\/"},"sameAs":["https:\/\/www.facebook.com\/miomiorun\/","https:\/\/www.instagram.com\/miomiorun\/"]}]}},"_links":{"self":[{"href":"https:\/\/www.miomiorun.com\/de\/wp-json\/wp\/v2\/product\/172115","targetHints":{"allow":["GET"]}}],"collection":[{"href":"https:\/\/www.miomiorun.com\/de\/wp-json\/wp\/v2\/product"}],"about":[{"href":"https:\/\/www.miomiorun.com\/de\/wp-json\/wp\/v2\/types\/product"}],"wp:featuredmedia":[{"embeddable":true,"href":"https:\/\/www.miomiorun.com\/de\/wp-json\/wp\/v2\/media\/53096"}],"wp:attachment":[{"href":"https:\/\/www.miomiorun.com\/de\/wp-json\/wp\/v2\/media?parent=172115"}],"wp:term":[{"taxonomy":"product_brand","embeddable":true,"href":"https:\/\/www.miomiorun.com\/de\/wp-json\/wp\/v2\/product_brand?post=172115"},{"taxonomy":"product_cat","embeddable":true,"href":"https:\/\/www.miomiorun.com\/de\/wp-json\/wp\/v2\/product_cat?post=172115"},{"taxonomy":"product_tag","embeddable":true,"href":"https:\/\/www.miomiorun.com\/de\/wp-json\/wp\/v2\/product_tag?post=172115"}],"curies":[{"name":"wp","href":"https:\/\/api.w.org\/{rel}","templated":true}]}}